{"id":11248,"date":"2019-11-01T11:29:36","date_gmt":"2019-11-01T10:29:36","guid":{"rendered":"https:\/\/idrettsraadet.no\/idrettsradet\/about-us\/"},"modified":"2020-03-06T11:12:20","modified_gmt":"2020-03-06T10:12:20","slug":"about-us","status":"publish","type":"page","link":"https:\/\/idrettsraadet.no\/en\/idrettsradet\/about-us\/","title":{"rendered":"About us"},"content":{"rendered":"<p>What is Idrettsr\u00e5det (Sports Council)?<\/p>\n<p>The Sports Council (Idrettsr\u00e5det) is part of the Norwegian Olympic and Paralympic Committee and Confederation of Sports (NIF). Almost all the municipalities of Norway have a sports council. In Stavanger, it is Stavanger Sports Council that has this role. We are a service body for the sports teams in Stavanger Municipality, with approx. 40,000 members in 160 sports clubs and teams in Stavanger, as well as 17,000 members in company sport.\u00a0We work on the following main tasks:<\/p>\n<ul>\n<li>work for the best possible conditions for sports in the municipality<\/li>\n<li>strengthen the role and framework conditions of sports in the local community<\/li>\n<li>be a meeting place and development arena at the intersection of public and voluntary work<\/li>\n<li>Be a venue for cooperation between the teams and the municipal authorities<\/li>\n<li>make priorities on behalf of the sports teams<\/li>\n<li>document and highlight the local scope of the sport<\/li>\n<\/ul>\n<p>&nbsp;<\/p>\n<p><img fetchpriority=\"high\" decoding=\"async\" class=\"td-modal-image wp-image-2151 size-full aligncenter\" src=\"http:\/\/localhost\/idrettsraadet\/wp-content\/uploads\/2016\/06\/org-kart.png\" width=\"864\" height=\"1085\" srcset=\"https:\/\/idrettsraadet.no\/wp-content\/uploads\/2016\/06\/org-kart.png 864w, https:\/\/idrettsraadet.no\/wp-content\/uploads\/2016\/06\/org-kart-239x300.png 239w, https:\/\/idrettsraadet.no\/wp-content\/uploads\/2016\/06\/org-kart-768x964.png 768w, https:\/\/idrettsraadet.no\/wp-content\/uploads\/2016\/06\/org-kart-815x1024.png 815w\" sizes=\"(max-width: 864px) 100vw, 864px\" \/><\/p>\n<p>&nbsp;<\/p>\n<p>In summary, this means that the sports council will contribute to the overall development of the sport in the municipality and ensure a diverse offer to members and the population.<\/p>\n<p>As a link between the sports teams and the municipality, the contact between the sports teams and the municipality must go through the Sports Council. This may seem cumbersome in some cases, but it often turns out to be the quickest way to get answers to your questions. We can respond to a good deal, or we know someone who can respond and thereby provide you guidance directly. The Sports Council has a close and good cooperation with Stavanger Municipality. We have the most contact with the sports department, but we also cooperate with other departments\/agencies in the municipality, as well as politicians.<\/p>\n<p>Stavanger Sports Council has three full-time employees and one part employee, and has its office at Hansons Minde, next to Stavanger Idrettshall and Scandic Forum Hotel at Tjensvoll.<\/p>\n<p><a href=\"http:\/\/localhost\/idrettsraadet\/wp-content\/uploads\/2016\/06\/Presentasjon-KKI-2016.ppt\">Presentation of the Stavanger Sports Council<\/a><\/p>\n<p><a href=\"https:\/\/idrettsraadet.no\/download\/lovnorm-for-idrettsradet-vedtatt-05-03-2020\/\">Regulations for Stavanger Sports Council (2019)<\/a><\/p>\n<p>Regional cooperation<\/p>\n<p>The sports councils in Stavanger, Sandnes, Sola and Randaberg have a regional contact group. Here the sports councils can discuss common issues, share experiences and possibly present common issues that serve sports.<\/p>\n<p>The contact group was re-established in recognition that sports at Nord-J\u00e6ren has shared challenges and can collaborate on joint solutions. This is especially true in areas aimed at facilities, but also other relevant issues.<\/p>\n<p>Folkehallene (<a href=\"http:\/\/folkehallene.no\/\">http:\/\/folkehallene.no\/<\/a>) is a good example of what the contact group has worked with.<\/p>\n","protected":false},"excerpt":{"rendered":"<p>What is Idrettsr\u00e5det (Sports Council)? The Sports Council (Idrettsr\u00e5det) is part of the Norwegian Olympic and Paralympic Committee and Confederation of Sports (NIF). Almost all the municipalities of Norway have a sports council. In Stavanger, it is Stavanger Sports Council that has this role. We are a service body for the sports teams in Stavanger [&hellip;]<\/p>\n","protected":false},"author":1,"featured_media":0,"parent":11245,"menu_order":0,"comment_status":"closed","ping_status":"closed","template":"","meta":{"site-sidebar-layout":"default","site-content-layout":"default","ast-site-content-layout":"default","site-content-style":"default","site-sidebar-style":"default","ast-global-header-display":"","ast-banner-title-visibility":"","ast-main-header-display":"","ast-hfb-above-header-display":"","ast-hfb-below-header-display":"","ast-hfb-mobile-header-display":"","site-post-title":"","ast-breadcrumbs-content":"","ast-featured-img":"","footer-sml-layout":"","ast-disable-related-posts":"","theme-transparent-header-meta":"default","adv-header-id-meta":"","stick-header-meta":"default","header-above-stick-meta":"","header-main-stick-meta":"","header-below-stick-meta":"","astra-migrate-meta-layouts":"default","ast-page-background-enabled":"default","ast-page-background-meta":{"desktop":{"background-color":"","background-image":"","background-repeat":"repeat","background-position":"center center","background-size":"auto","background-attachment":"scroll","background-type":"","background-media":"","overlay-type":"","overlay-color":"","overlay-opacity":"","overlay-gradient":""},"tablet":{"background-color":"","background-image":"","background-repeat":"repeat","background-position":"center center","background-size":"auto","background-attachment":"scroll","background-type":"","background-media":"","overlay-type":"","overlay-color":"","overlay-opacity":"","overlay-gradient":""},"mobile":{"background-color":"","background-image":"","background-repeat":"repeat","background-position":"center center","background-size":"auto","background-attachment":"scroll","background-type":"","background-media":"","overlay-type":"","overlay-color":"","overlay-opacity":"","overlay-gradient":""}},"ast-content-background-meta":{"desktop":{"background-color":"var(--ast-global-color-5)","background-image":"","background-repeat":"repeat","background-position":"center center","background-size":"auto","background-attachment":"scroll","background-type":"","background-media":"","overlay-type":"","overlay-color":"","overlay-opacity":"","overlay-gradient":""},"tablet":{"background-color":"var(--ast-global-color-5)","background-image":"","background-repeat":"repeat","background-position":"center center","background-size":"auto","background-attachment":"scroll","background-type":"","background-media":"","overlay-type":"","overlay-color":"","overlay-opacity":"","overlay-gradient":""},"mobile":{"background-color":"var(--ast-global-color-5)","background-image":"","background-repeat":"repeat","background-position":"center center","background-size":"auto","background-attachment":"scroll","background-type":"","background-media":"","overlay-type":"","overlay-color":"","overlay-opacity":"","overlay-gradient":""}},"footnotes":""},"class_list":["post-11248","page","type-page","status-publish","hentry"],"yoast_head":"<!-- This site is optimized with the Yoast SEO plugin v27.5 - https:\/\/yoast.com\/product\/yoast-seo-wordpress\/ -->\n<title>About us - Idrettsr\u00e5det Stavanger<\/title>\n<meta name=\"robots\" content=\"index, follow, max-snippet:-1, max-image-preview:large, max-video-preview:-1\" \/>\n<link rel=\"canonical\" href=\"https:\/\/idrettsraadet.no\/en\/idrettsradet\/about-us\/\" \/>\n<meta property=\"og:locale\" content=\"en_US\" \/>\n<meta property=\"og:type\" content=\"article\" \/>\n<meta property=\"og:title\" content=\"About us - Idrettsr\u00e5det Stavanger\" \/>\n<meta property=\"og:description\" content=\"What is Idrettsr\u00e5det (Sports Council)? The Sports Council (Idrettsr\u00e5det) is part of the Norwegian Olympic and Paralympic Committee and Confederation of Sports (NIF). Almost all the municipalities of Norway have a sports council. In Stavanger, it is Stavanger Sports Council that has this role. We are a service body for the sports teams in Stavanger [&hellip;]\" \/>\n<meta property=\"og:url\" content=\"https:\/\/idrettsraadet.no\/en\/idrettsradet\/about-us\/\" \/>\n<meta property=\"og:site_name\" content=\"Idrettsr\u00e5det Stavanger\" \/>\n<meta property=\"article:modified_time\" content=\"2020-03-06T10:12:20+00:00\" \/>\n<meta property=\"og:image\" content=\"http:\/\/localhost\/idrettsraadet\/wp-content\/uploads\/2016\/06\/org-kart.png\" \/>\n<meta name=\"twitter:card\" content=\"summary_large_image\" \/>\n<meta name=\"twitter:label1\" content=\"Est. reading time\" \/>\n\t<meta name=\"twitter:data1\" content=\"2 minutes\" \/>\n<script type=\"application\/ld+json\" class=\"yoast-schema-graph\">{\"@context\":\"https:\\\/\\\/schema.org\",\"@graph\":[{\"@type\":\"WebPage\",\"@id\":\"https:\\\/\\\/idrettsraadet.no\\\/en\\\/idrettsradet\\\/about-us\\\/\",\"url\":\"https:\\\/\\\/idrettsraadet.no\\\/en\\\/idrettsradet\\\/about-us\\\/\",\"name\":\"About us - Idrettsr\u00e5det Stavanger\",\"isPartOf\":{\"@id\":\"https:\\\/\\\/idrettsraadet.no\\\/bn\\\/#website\"},\"primaryImageOfPage\":{\"@id\":\"https:\\\/\\\/idrettsraadet.no\\\/en\\\/idrettsradet\\\/about-us\\\/#primaryimage\"},\"image\":{\"@id\":\"https:\\\/\\\/idrettsraadet.no\\\/en\\\/idrettsradet\\\/about-us\\\/#primaryimage\"},\"thumbnailUrl\":\"http:\\\/\\\/localhost\\\/idrettsraadet\\\/wp-content\\\/uploads\\\/2016\\\/06\\\/org-kart.png\",\"datePublished\":\"2019-11-01T10:29:36+00:00\",\"dateModified\":\"2020-03-06T10:12:20+00:00\",\"breadcrumb\":{\"@id\":\"https:\\\/\\\/idrettsraadet.no\\\/en\\\/idrettsradet\\\/about-us\\\/#breadcrumb\"},\"inLanguage\":\"en-US\",\"potentialAction\":[{\"@type\":\"ReadAction\",\"target\":[\"https:\\\/\\\/idrettsraadet.no\\\/en\\\/idrettsradet\\\/about-us\\\/\"]}]},{\"@type\":\"ImageObject\",\"inLanguage\":\"en-US\",\"@id\":\"https:\\\/\\\/idrettsraadet.no\\\/en\\\/idrettsradet\\\/about-us\\\/#primaryimage\",\"url\":\"http:\\\/\\\/localhost\\\/idrettsraadet\\\/wp-content\\\/uploads\\\/2016\\\/06\\\/org-kart.png\",\"contentUrl\":\"http:\\\/\\\/localhost\\\/idrettsraadet\\\/wp-content\\\/uploads\\\/2016\\\/06\\\/org-kart.png\"},{\"@type\":\"BreadcrumbList\",\"@id\":\"https:\\\/\\\/idrettsraadet.no\\\/en\\\/idrettsradet\\\/about-us\\\/#breadcrumb\",\"itemListElement\":[{\"@type\":\"ListItem\",\"position\":1,\"name\":\"Hjem\",\"item\":\"https:\\\/\\\/idrettsraadet.no\\\/en\\\/\"},{\"@type\":\"ListItem\",\"position\":2,\"name\":\"Idrettsr\u00e5det\",\"item\":\"https:\\\/\\\/idrettsraadet.no\\\/en\\\/idrettsradet\\\/\"},{\"@type\":\"ListItem\",\"position\":3,\"name\":\"About us\"}]},{\"@type\":\"WebSite\",\"@id\":\"https:\\\/\\\/idrettsraadet.no\\\/bn\\\/#website\",\"url\":\"https:\\\/\\\/idrettsraadet.no\\\/bn\\\/\",\"name\":\"Idrettsr\u00e5det Stavanger\",\"description\":\"Idrett for alle.\",\"publisher\":{\"@id\":\"https:\\\/\\\/idrettsraadet.no\\\/bn\\\/#organization\"},\"potentialAction\":[{\"@type\":\"SearchAction\",\"target\":{\"@type\":\"EntryPoint\",\"urlTemplate\":\"https:\\\/\\\/idrettsraadet.no\\\/bn\\\/?s={search_term_string}\"},\"query-input\":{\"@type\":\"PropertyValueSpecification\",\"valueRequired\":true,\"valueName\":\"search_term_string\"}}],\"inLanguage\":\"en-US\"},{\"@type\":\"Organization\",\"@id\":\"https:\\\/\\\/idrettsraadet.no\\\/bn\\\/#organization\",\"name\":\"Stavanger Idrettsr\u00e5d\",\"url\":\"https:\\\/\\\/idrettsraadet.no\\\/bn\\\/\",\"logo\":{\"@type\":\"ImageObject\",\"inLanguage\":\"en-US\",\"@id\":\"https:\\\/\\\/idrettsraadet.no\\\/bn\\\/#\\\/schema\\\/logo\\\/image\\\/\",\"url\":\"https:\\\/\\\/idrettsraadet.no\\\/wp-content\\\/uploads\\\/2016\\\/06\\\/logo.png\",\"contentUrl\":\"https:\\\/\\\/idrettsraadet.no\\\/wp-content\\\/uploads\\\/2016\\\/06\\\/logo.png\",\"width\":149,\"height\":48,\"caption\":\"Stavanger Idrettsr\u00e5d\"},\"image\":{\"@id\":\"https:\\\/\\\/idrettsraadet.no\\\/bn\\\/#\\\/schema\\\/logo\\\/image\\\/\"}}]}<\/script>\n<!-- \/ Yoast SEO plugin. -->","yoast_head_json":{"title":"About us - Idrettsr\u00e5det Stavanger","robots":{"index":"index","follow":"follow","max-snippet":"max-snippet:-1","max-image-preview":"max-image-preview:large","max-video-preview":"max-video-preview:-1"},"canonical":"https:\/\/idrettsraadet.no\/en\/idrettsradet\/about-us\/","og_locale":"en_US","og_type":"article","og_title":"About us - Idrettsr\u00e5det Stavanger","og_description":"What is Idrettsr\u00e5det (Sports Council)? The Sports Council (Idrettsr\u00e5det) is part of the Norwegian Olympic and Paralympic Committee and Confederation of Sports (NIF). Almost all the municipalities of Norway have a sports council. In Stavanger, it is Stavanger Sports Council that has this role. We are a service body for the sports teams in Stavanger [&hellip;]","og_url":"https:\/\/idrettsraadet.no\/en\/idrettsradet\/about-us\/","og_site_name":"Idrettsr\u00e5det Stavanger","article_modified_time":"2020-03-06T10:12:20+00:00","og_image":[{"url":"http:\/\/localhost\/idrettsraadet\/wp-content\/uploads\/2016\/06\/org-kart.png","type":"","width":"","height":""}],"twitter_card":"summary_large_image","twitter_misc":{"Est. reading time":"2 minutes"},"schema":{"@context":"https:\/\/schema.org","@graph":[{"@type":"WebPage","@id":"https:\/\/idrettsraadet.no\/en\/idrettsradet\/about-us\/","url":"https:\/\/idrettsraadet.no\/en\/idrettsradet\/about-us\/","name":"About us - Idrettsr\u00e5det Stavanger","isPartOf":{"@id":"https:\/\/idrettsraadet.no\/bn\/#website"},"primaryImageOfPage":{"@id":"https:\/\/idrettsraadet.no\/en\/idrettsradet\/about-us\/#primaryimage"},"image":{"@id":"https:\/\/idrettsraadet.no\/en\/idrettsradet\/about-us\/#primaryimage"},"thumbnailUrl":"http:\/\/localhost\/idrettsraadet\/wp-content\/uploads\/2016\/06\/org-kart.png","datePublished":"2019-11-01T10:29:36+00:00","dateModified":"2020-03-06T10:12:20+00:00","breadcrumb":{"@id":"https:\/\/idrettsraadet.no\/en\/idrettsradet\/about-us\/#breadcrumb"},"inLanguage":"en-US","potentialAction":[{"@type":"ReadAction","target":["https:\/\/idrettsraadet.no\/en\/idrettsradet\/about-us\/"]}]},{"@type":"ImageObject","inLanguage":"en-US","@id":"https:\/\/idrettsraadet.no\/en\/idrettsradet\/about-us\/#primaryimage","url":"http:\/\/localhost\/idrettsraadet\/wp-content\/uploads\/2016\/06\/org-kart.png","contentUrl":"http:\/\/localhost\/idrettsraadet\/wp-content\/uploads\/2016\/06\/org-kart.png"},{"@type":"BreadcrumbList","@id":"https:\/\/idrettsraadet.no\/en\/idrettsradet\/about-us\/#breadcrumb","itemListElement":[{"@type":"ListItem","position":1,"name":"Hjem","item":"https:\/\/idrettsraadet.no\/en\/"},{"@type":"ListItem","position":2,"name":"Idrettsr\u00e5det","item":"https:\/\/idrettsraadet.no\/en\/idrettsradet\/"},{"@type":"ListItem","position":3,"name":"About us"}]},{"@type":"WebSite","@id":"https:\/\/idrettsraadet.no\/bn\/#website","url":"https:\/\/idrettsraadet.no\/bn\/","name":"Idrettsr\u00e5det Stavanger","description":"Idrett for alle.","publisher":{"@id":"https:\/\/idrettsraadet.no\/bn\/#organization"},"potentialAction":[{"@type":"SearchAction","target":{"@type":"EntryPoint","urlTemplate":"https:\/\/idrettsraadet.no\/bn\/?s={search_term_string}"},"query-input":{"@type":"PropertyValueSpecification","valueRequired":true,"valueName":"search_term_string"}}],"inLanguage":"en-US"},{"@type":"Organization","@id":"https:\/\/idrettsraadet.no\/bn\/#organization","name":"Stavanger Idrettsr\u00e5d","url":"https:\/\/idrettsraadet.no\/bn\/","logo":{"@type":"ImageObject","inLanguage":"en-US","@id":"https:\/\/idrettsraadet.no\/bn\/#\/schema\/logo\/image\/","url":"https:\/\/idrettsraadet.no\/wp-content\/uploads\/2016\/06\/logo.png","contentUrl":"https:\/\/idrettsraadet.no\/wp-content\/uploads\/2016\/06\/logo.png","width":149,"height":48,"caption":"Stavanger Idrettsr\u00e5d"},"image":{"@id":"https:\/\/idrettsraadet.no\/bn\/#\/schema\/logo\/image\/"}}]}},"_links":{"self":[{"href":"https:\/\/idrettsraadet.no\/en\/wp-json\/wp\/v2\/pages\/11248","targetHints":{"allow":["GET"]}}],"collection":[{"href":"https:\/\/idrettsraadet.no\/en\/wp-json\/wp\/v2\/pages"}],"about":[{"href":"https:\/\/idrettsraadet.no\/en\/wp-json\/wp\/v2\/types\/page"}],"author":[{"embeddable":true,"href":"https:\/\/idrettsraadet.no\/en\/wp-json\/wp\/v2\/users\/1"}],"replies":[{"embeddable":true,"href":"https:\/\/idrettsraadet.no\/en\/wp-json\/wp\/v2\/comments?post=11248"}],"version-history":[{"count":2,"href":"https:\/\/idrettsraadet.no\/en\/wp-json\/wp\/v2\/pages\/11248\/revisions"}],"predecessor-version":[{"id":19008,"href":"https:\/\/idrettsraadet.no\/en\/wp-json\/wp\/v2\/pages\/11248\/revisions\/19008"}],"up":[{"embeddable":true,"href":"https:\/\/idrettsraadet.no\/en\/wp-json\/wp\/v2\/pages\/11245"}],"wp:attachment":[{"href":"https:\/\/idrettsraadet.no\/en\/wp-json\/wp\/v2\/media?parent=11248"}],"curies":[{"name":"wp","href":"https:\/\/api.w.org\/{rel}","templated":true}]}}