{"id":12302,"date":"2020-02-25T10:25:22","date_gmt":"2020-02-25T09:25:22","guid":{"rendered":"https:\/\/idrettsraadet.no\/%e0%a4%95%e0%a5%8d%e0%a4%b2%e0%a4%ac-%e0%a4%95%e0%a4%be-%e0%a4%aa%e0%a4%b9%e0%a4%b2-%e0%a4%aa%e0%a5%81%e0%a4%b0%e0%a4%b8%e0%a5%8d%e0%a4%95%e0%a4%be%e0%a4%b0\/"},"modified":"2020-02-25T10:25:22","modified_gmt":"2020-02-25T09:25:22","slug":"%e0%a4%95%e0%a5%8d%e0%a4%b2%e0%a4%ac-%e0%a4%95%e0%a4%be-%e0%a4%aa%e0%a4%b9%e0%a4%b2-%e0%a4%aa%e0%a5%81%e0%a4%b0%e0%a4%b8%e0%a5%8d%e0%a4%95%e0%a4%be%e0%a4%b0","status":"publish","type":"page","link":"https:\/\/idrettsraadet.no\/hi\/%e0%a4%95%e0%a5%8d%e0%a4%b2%e0%a4%ac-%e0%a4%95%e0%a4%be-%e0%a4%aa%e0%a4%b9%e0%a4%b2-%e0%a4%aa%e0%a5%81%e0%a4%b0%e0%a4%b8%e0%a5%8d%e0%a4%95%e0%a4%be%e0%a4%b0\/","title":{"rendered":"\u0915\u094d\u0932\u092c \u0915\u093e \u092a\u0939\u0932 \u092a\u0941\u0930\u0938\u094d\u0915\u093e\u0930"},"content":{"rendered":"<h3>\u0907\u0938 \u092a\u0941\u0930\u0938\u094d\u0915\u093e\u0930 \u0915\u0947 \u0938\u093e\u0925, \u0939\u092e \u090f\u0915 \u0910\u0938\u0947 \u0935\u094d\u092f\u0915\u094d\u0924\u093f \u0915\u094b \u0938\u092e\u094d\u092e\u093e\u0928\u093f\u0924 \u0915\u0930\u0928\u093e \u091a\u093e\u0939\u0924\u0947 \u0939\u0948\u0902 \u091c\u093f\u0938\u0928\u0947 \u0915\u0908 \u0935\u0930\u094d\u0937\u094b\u0902 \u0924\u0915 \u0916\u0947\u0932 \u0915\u0947 \u0932\u093f\u090f \u0936\u093e\u0928\u0926\u093e\u0930 \u092a\u094d\u0930\u092f\u093e\u0938 \u0915\u093f\u092f\u093e \u0939\u0948\u0964<\/h3>\n<p>&nbsp;<\/p>\n<h4><a href=\"https:\/\/response.questback.com\/isa\/qbv.dll\/ShowQuest?QuestID=5254282&amp;sid=kb7f6GHpeC\">\u090f\u0915 \u0909\u092e\u094d\u092e\u0940\u0926\u0935\u093e\u0930 \u0915\u094b \u0928\u093e\u092e\u093f\u0924 \u0915\u0930\u0928\u0947 \u0915\u0947 \u0932\u093f\u090f \u092f\u0939\u093e\u0902 \u0915\u094d\u0932\u093f\u0915 \u0915\u0930\u0947\u0902<\/a><\/h4>\n<h4>\u00a0\u0906\u0935\u0947\u0926\u0928 \u0915\u0940 \u0938\u092e\u092f \u0938\u0940\u092e\u093e:<br \/>\n30 \u0928\u0935\u0902\u092c\u0930<\/h4>\n<p>&nbsp;<\/p>\n<p><strong>\u0915\u094d\u0932\u092c \u0915\u0947 \u092a\u0939\u0932 \u092a\u0941\u0930\u0938\u094d\u0915\u093e\u0930 \u0915\u0947 \u0932\u093f\u090f \u0928\u093f\u092e\u094d\u0928\u0932\u093f\u0916\u093f\u0924 \u0926\u093f\u0936\u093e\u0928\u093f\u0930\u094d\u0926\u0947\u0936 \u0932\u093e\u0917\u0942 \u0939\u094b\u0924\u0947 \u0939\u0948\u0902:<\/strong><\/p>\n<p><em>\u2013\u00a0 \u092f\u0939 \u092a\u0941\u0930\u0938\u094d\u0915\u093e\u0930 \u090f\u0915 \u0910\u0938\u0947 \u0935\u094d\u092f\u0915\u094d\u0924\u093f \u0915\u094b \u0926\u093f\u092f\u093e \u091c\u093e\u0924\u093e \u0939\u0948 \u091c\u093f\u0938\u0928\u0947 \u0915\u0908 \u0935\u0930\u094d\u0937\u094b\u0902 \u0924\u0915 \u0938\u094d\u091f\u0935\u093e\u0928\u094d\u0917\u0930 \u092e\u0947\u0902 \u0916\u0947\u0932 \u0915\u0947 \u0932\u093f\u090f \u092e\u0939\u093e\u0928 \u0938\u094d\u0935\u0948\u091a\u094d\u091b\u093f\u0915 \u092a\u094d\u0930\u092f\u093e\u0938 \u092a\u094d\u0930\u0926\u093e\u0928 \u0915\u093f\u090f \u0939\u0948\u0902<\/em><\/p>\n<p><em>\u2013 \u0935\u094d\u092f\u0915\u094d\u0924\u093f \u0915\u094b \u0916\u0947\u0932 \u091f\u0940\u092e \u092e\u0947\u0902 \u0928\u093f\u092f\u0941\u0915\u094d\u0924 \u0928\u0939\u0940\u0902 \u0915\u093f\u092f\u093e \u091c\u093e \u0938\u0915\u0924\u093e \u0939\u0948 \u092f\u093e \u0916\u0947\u0932 \u092e\u0947\u0902 \u0909\u0938\u0915\u0947 \u0915\u093e\u092e \u0915\u0947 \u0932\u093f\u090f \u0905\u0928\u094d\u092f \u092d\u0941\u0917\u0924\u093e\u0928 \u0915\u093f\u090f \u0917\u090f \u092a\u0926 \u0939\u094b \u0938\u0915\u0924\u0947 \u0939\u0948\u0902<\/em><\/p>\n<p><em>\u2013 \u0909\u092e\u094d\u092e\u0940\u0926\u0935\u093e\u0930 \u0928\u0947 \u0915\u0908 \u0935\u0930\u094d\u0937\u094b\u0902 \u092e\u0947\u0902 \u0916\u0947\u0932 \u091f\u0940\u092e \u0915\u0947 \u0932\u093f\u090f \u090f\u0915 \u0935\u093f\u0936\u0947\u0937 \u092a\u094d\u0930\u092f\u093e\u0938 \u0915\u093f\u092f\u093e \u0939\u094b \u0938\u0915\u0924\u093e \u0939\u0948, \u092f\u093e \u0916\u0947\u0932 \u0915\u0947 \u0932\u093f\u090f \u092c\u0939\u0941\u0924 \u0909\u0924\u094d\u0938\u0941\u0915\u0924\u093e \u0914\u0930 \u0909\u0924\u094d\u0938\u093e\u0939 \u0915\u093e \u092a\u094d\u0930\u0926\u0930\u094d\u0936\u0928 \u0915\u093f\u092f\u093e \u0939\u0948<\/em><\/p>\n<p><em>\u2013 \u0916\u0947\u0932 \u091f\u0940\u092e\u094b\u0902 \u0938\u0947 \u0928\u093e\u092e\u093e\u0902\u0915\u0928 \u0915\u0947 \u0906\u0927\u093e\u0930 \u092a\u0930 \u092a\u0941\u0930\u0938\u094d\u0915\u093e\u0930 \u092a\u094d\u0930\u0926\u093e\u0928 \u0915\u093f\u092f\u093e \u091c\u093e\u0924\u093e \u0939\u0948<\/em><\/p>\n<p><em>\u2013 \u0928\u093e\u092e\u093e\u0902\u0915\u0928 \u092e\u0947\u0902 \u0907\u0938 \u092c\u093e\u0924 \u0915\u093e \u0914\u091a\u093f\u0924\u094d\u092f \u0939\u094b\u0928\u093e \u091a\u093e\u0939\u093f\u090f \u0915\u093f \u092f\u0939 \u0935\u094d\u092f\u0915\u094d\u0924\u093f \u0915\u094d\u0932\u092c \u0915\u0947 \u092a\u0939\u0932 \u092a\u0941\u0930\u0938\u094d\u0915\u093e\u0930 \u0915\u093e \u0939\u0915\u0926\u093e\u0930 \u0915\u094d\u092f\u094b\u0902 \u0939\u0948, \u0914\u0930 \u092a\u094d\u0930\u092c\u0902\u0927\u0915 \u092f\u093e \u092e\u0939\u093e\u092a\u094d\u0930\u092c\u0902\u0927\u0915 \u0926\u094d\u0935\u093e\u0930\u093e \u0939\u0938\u094d\u0924\u093e\u0915\u094d\u0937\u0930 \u0915\u093f\u090f \u091c\u093e\u0928\u0947 \u091a\u093e\u0939\u093f\u090f<\/em><\/p>\n<p><em>\u2013 \u0915\u0940\u092e\u0924 kr. (\u0938\u094d\u0935\u0940\u0921\u093f\u0936 \u0915\u094d\u0930\u094b\u0928\u093e) \u0915\u093e \u090f\u0915 \u0909\u092a\u0939\u093e\u0930 \u091a\u0947\u0915 \u0939\u0948\u0964 25,000, \u0914\u0930 \u0932\u0947\u0921\u093e\u0932 \u092e\u0947\u0902 \u0928\u090f \u0938\u093e\u0932 \u0915\u0947 \u0926\u093f\u0928 \u092a\u0930 \u092e\u0947\u092f\u0930 \u0926\u094d\u0935\u093e\u0930\u093e \u0938\u094c\u0902\u092a \u0926\u093f\u092f\u093e \u091c\u093e\u0924\u093e \u0939\u0948<\/em><\/p>\n<p><em>\u2013 \u0928\u093e\u092e\u093f\u0924 \u0909\u092e\u094d\u092e\u0940\u0926\u0935\u093e\u0930\u094b\u0902 \u0915\u094b \u0928\u093f\u0930\u094d\u0923\u093e\u092f\u0915 \u092e\u0902\u0921\u0932 \u0926\u094d\u0935\u093e\u0930\u093e \u0928\u093f\u0930\u094d\u0923\u092f \u0932\u0947\u0928\u0947 \u0938\u0947 \u092a\u0939\u0932\u0947 \u092a\u094d\u0930\u0938\u094d\u0924\u0941\u0924 \u0915\u093f\u092f\u093e \u091c\u093e\u0924\u093e \u0939\u0948<\/em><\/p>\n<p>\u091c\u0942\u0930\u0940 \u092e\u0947\u0902 \u092a\u093e\u0902\u091a \u0932\u094b\u0917 \u0936\u093e\u092e\u093f\u0932 \u0939\u094b\u0928\u0947 \u091a\u093e\u0939\u093f\u090f\u0964 \u0928\u0917\u0930 \u0928\u093f\u0917\u092e \u0938\u0902\u0938\u094d\u0915\u0943\u0924\u093f \u0914\u0930 \u0916\u0947\u0932 \u092c\u094b\u0930\u094d\u0921 (KKI) \u0915\u0947 \u0905\u0927\u094d\u092f\u0915\u094d\u0937 \u091c\u0942\u0930\u0940 \u0915\u0947 \u092a\u094d\u0930\u092e\u0941\u0916 \u0939\u0948\u0902\u0964 \u0907\u0938\u0915\u0947 \u0905\u0932\u093e\u0935\u093e, \u0916\u0947\u0932 \u092a\u0930\u093f\u0937\u0926 \u0915\u0947 \u0926\u094b \u092a\u094d\u0930\u0924\u093f\u0928\u093f\u0927\u093f\u092f\u094b\u0902 \u0915\u0947 \u0938\u093e\u0925-\u0938\u093e\u0925 \u0915\u0947\u0915\u0947\u0906\u0908 \u0915\u0947 \u092d\u0940 \u0926\u094b \u092a\u094d\u0930\u0924\u093f\u0928\u093f\u0927\u093f \u0939\u094b\u0928\u0947 \u091a\u093e\u0939\u093f\u090f\u0964<\/p>\n<p><img fetchpriority=\"high\" decoding=\"async\" class=\"wp-image-11277 aligncenter\" src=\"https:\/\/idrettsraadet.no\/wp-content\/uploads\/2019\/01\/IMG_00901.jpg\" alt=\"\" width=\"646\" height=\"484\" srcset=\"https:\/\/idrettsraadet.no\/wp-content\/uploads\/2019\/01\/IMG_00901.jpg 1024w, https:\/\/idrettsraadet.no\/wp-content\/uploads\/2019\/01\/IMG_00901-300x225.jpg 300w, https:\/\/idrettsraadet.no\/wp-content\/uploads\/2019\/01\/IMG_00901-768x576.jpg 768w\" sizes=\"(max-width: 646px) 100vw, 646px\" \/><\/p>\n<figure id=\"attachment_11283\" aria-describedby=\"caption-attachment-11283\" style=\"width: 580px\" class=\"wp-caption aligncenter\"><img decoding=\"async\" class=\"size-full wp-image-2594\" src=\"http:\/\/localhost\/idrettsraadet\/wp-content\/uploads\/2016\/06\/Kjell-Sivertsen-og-ordf\u00f8rer_Foto-Svein-Hagen.jpg\" alt=\"\" width=\"580\" height=\"378\" \/><figcaption id=\"caption-attachment-11283\" class=\"wp-caption-text\">Thor Dagfinn Flikkerud mottar Ildsjelprisen av ordf\u00f8rer Christine Sagen Helg\u00f8 p\u00e5 Ledaal 1.nytt\u00e5rsdag. Foto: J\u00f8rn Nielsen, Idrettsr\u00e5det Stavanger<\/figcaption><\/figure>\n<h4>\u00a0Ildsjelprisen \u0915\u0947 \u092a\u0942\u0930\u094d\u0935 \u092a\u094d\u0930\u093e\u092a\u094d\u0924\u0915\u0930\u094d\u0924\u093e:<\/h4>\n<p>2010: Arthur Abrahamsen &#8211;\u00a0Stavanger Sv\u00f8mme Club<\/p>\n<p>2011: Annebeth Tvedten &#8211;\u00a0Stavanger Turnforening<\/p>\n<p>2012: Harald Kambo &#8211;\u00a0Stavanger Skytterlag<\/p>\n<p>2013:\u00a0Jan Inge Hegreberg &#8211; Stavanger Sykleklubb<\/p>\n<p>2014: Arne Johnsen &#8211; Viking H\u00e5ndballklubb<\/p>\n<p>2015: May Brit Harestad Osaland &#8211; Tasta Turn<\/p>\n<p>2016: Victor \u00d8vregaard &#8211; IL Skjalg<\/p>\n<p>2017: Kjell Sivertsen &#8211; Seiken Karateklubb<\/p>\n<p>2018: Rolf Inge Sotland &#8211; Stavanger Fallskjermklubb<\/p>\n<p>2019: Thor Dagfinn Flikkerud &#8211; Stavanger Sandnes Sk\u00f8yteklubb<\/p>\n","protected":false},"excerpt":{"rendered":"<p>\u0907\u0938 \u092a\u0941\u0930\u0938\u094d\u0915\u093e\u0930 \u0915\u0947 \u0938\u093e\u0925, \u0939\u092e \u090f\u0915 \u0910\u0938\u0947 \u0935\u094d\u092f\u0915\u094d\u0924\u093f \u0915\u094b \u0938\u092e\u094d\u092e\u093e\u0928\u093f\u0924 \u0915\u0930\u0928\u093e \u091a\u093e\u0939\u0924\u0947 \u0939\u0948\u0902 \u091c\u093f\u0938\u0928\u0947 \u0915\u0908 \u0935\u0930\u094d\u0937\u094b\u0902 \u0924\u0915 \u0916\u0947\u0932 \u0915\u0947 \u0932\u093f\u090f \u0936\u093e\u0928\u0926\u093e\u0930 \u092a\u094d\u0930\u092f\u093e\u0938 \u0915\u093f\u092f\u093e \u0939\u0948\u0964 &nbsp; \u090f\u0915 \u0909\u092e\u094d\u092e\u0940\u0926\u0935\u093e\u0930 \u0915\u094b \u0928\u093e\u092e\u093f\u0924 \u0915\u0930\u0928\u0947 \u0915\u0947 \u0932\u093f\u090f \u092f\u0939\u093e\u0902 \u0915\u094d\u0932\u093f\u0915 \u0915\u0930\u0947\u0902 \u00a0\u0906\u0935\u0947\u0926\u0928 \u0915\u0940 \u0938\u092e\u092f \u0938\u0940\u092e\u093e: 30 \u0928\u0935\u0902\u092c\u0930 &nbsp; \u0915\u094d\u0932\u092c \u0915\u0947 \u092a\u0939\u0932 \u092a\u0941\u0930\u0938\u094d\u0915\u093e\u0930 \u0915\u0947 \u0932\u093f\u090f \u0928\u093f\u092e\u094d\u0928\u0932\u093f\u0916\u093f\u0924 \u0926\u093f\u0936\u093e\u0928\u093f\u0930\u094d\u0926\u0947\u0936 \u0932\u093e\u0917\u0942 \u0939\u094b\u0924\u0947 \u0939\u0948\u0902: \u2013\u00a0 \u092f\u0939 [&hellip;]<\/p>\n","protected":false},"author":1,"featured_media":0,"parent":0,"menu_order":0,"comment_status":"closed","ping_status":"closed","template":"","meta":{"site-sidebar-layout":"default","site-content-layout":"default","ast-site-content-layout":"default","site-content-style":"default","site-sidebar-style":"default","ast-global-header-display":"","ast-banner-title-visibility":"","ast-main-header-display":"","ast-hfb-above-header-display":"","ast-hfb-below-header-display":"","ast-hfb-mobile-header-display":"","site-post-title":"","ast-breadcrumbs-content":"","ast-featured-img":"","footer-sml-layout":"","ast-disable-related-posts":"","theme-transparent-header-meta":"default","adv-header-id-meta":"","stick-header-meta":"default","header-above-stick-meta":"","header-main-stick-meta":"","header-below-stick-meta":"","astra-migrate-meta-layouts":"default","ast-page-background-enabled":"default","ast-page-background-meta":{"desktop":{"background-color":"","background-image":"","background-repeat":"repeat","background-position":"center center","background-size":"auto","background-attachment":"scroll","background-type":"","background-media":"","overlay-type":"","overlay-color":"","overlay-opacity":"","overlay-gradient":""},"tablet":{"background-color":"","background-image":"","background-repeat":"repeat","background-position":"center center","background-size":"auto","background-attachment":"scroll","background-type":"","background-media":"","overlay-type":"","overlay-color":"","overlay-opacity":"","overlay-gradient":""},"mobile":{"background-color":"","background-image":"","background-repeat":"repeat","background-position":"center center","background-size":"auto","background-attachment":"scroll","background-type":"","background-media":"","overlay-type":"","overlay-color":"","overlay-opacity":"","overlay-gradient":""}},"ast-content-background-meta":{"desktop":{"background-color":"var(--ast-global-color-5)","background-image":"","background-repeat":"repeat","background-position":"center center","background-size":"auto","background-attachment":"scroll","background-type":"","background-media":"","overlay-type":"","overlay-color":"","overlay-opacity":"","overlay-gradient":""},"tablet":{"background-color":"var(--ast-global-color-5)","background-image":"","background-repeat":"repeat","background-position":"center center","background-size":"auto","background-attachment":"scroll","background-type":"","background-media":"","overlay-type":"","overlay-color":"","overlay-opacity":"","overlay-gradient":""},"mobile":{"background-color":"var(--ast-global-color-5)","background-image":"","background-repeat":"repeat","background-position":"center center","background-size":"auto","background-attachment":"scroll","background-type":"","background-media":"","overlay-type":"","overlay-color":"","overlay-opacity":"","overlay-gradient":""}},"footnotes":""},"class_list":["post-12302","page","type-page","status-publish","hentry"],"yoast_head":"<!-- This site is optimized with the Yoast SEO plugin v27.4 - https:\/\/yoast.com\/product\/yoast-seo-wordpress\/ -->\n<title>\u0915\u094d\u0932\u092c \u0915\u093e \u092a\u0939\u0932 \u092a\u0941\u0930\u0938\u094d\u0915\u093e\u0930 - Idrettsr\u00e5det Stavanger<\/title>\n<meta name=\"robots\" content=\"index, follow, max-snippet:-1, max-image-preview:large, max-video-preview:-1\" \/>\n<link rel=\"canonical\" href=\"https:\/\/idrettsraadet.no\/hi\/\u0915\u094d\u0932\u092c-\u0915\u093e-\u092a\u0939\u0932-\u092a\u0941\u0930\u0938\u094d\u0915\u093e\u0930\/\" \/>\n<meta property=\"og:locale\" content=\"hi_IN\" \/>\n<meta property=\"og:type\" content=\"article\" \/>\n<meta property=\"og:title\" content=\"\u0915\u094d\u0932\u092c \u0915\u093e \u092a\u0939\u0932 \u092a\u0941\u0930\u0938\u094d\u0915\u093e\u0930 - Idrettsr\u00e5det Stavanger\" \/>\n<meta property=\"og:description\" content=\"\u0907\u0938 \u092a\u0941\u0930\u0938\u094d\u0915\u093e\u0930 \u0915\u0947 \u0938\u093e\u0925, \u0939\u092e \u090f\u0915 \u0910\u0938\u0947 \u0935\u094d\u092f\u0915\u094d\u0924\u093f \u0915\u094b \u0938\u092e\u094d\u092e\u093e\u0928\u093f\u0924 \u0915\u0930\u0928\u093e \u091a\u093e\u0939\u0924\u0947 \u0939\u0948\u0902 \u091c\u093f\u0938\u0928\u0947 \u0915\u0908 \u0935\u0930\u094d\u0937\u094b\u0902 \u0924\u0915 \u0916\u0947\u0932 \u0915\u0947 \u0932\u093f\u090f \u0936\u093e\u0928\u0926\u093e\u0930 \u092a\u094d\u0930\u092f\u093e\u0938 \u0915\u093f\u092f\u093e \u0939\u0948\u0964 &nbsp; \u090f\u0915 \u0909\u092e\u094d\u092e\u0940\u0926\u0935\u093e\u0930 \u0915\u094b \u0928\u093e\u092e\u093f\u0924 \u0915\u0930\u0928\u0947 \u0915\u0947 \u0932\u093f\u090f \u092f\u0939\u093e\u0902 \u0915\u094d\u0932\u093f\u0915 \u0915\u0930\u0947\u0902 \u00a0\u0906\u0935\u0947\u0926\u0928 \u0915\u0940 \u0938\u092e\u092f \u0938\u0940\u092e\u093e: 30 \u0928\u0935\u0902\u092c\u0930 &nbsp; \u0915\u094d\u0932\u092c \u0915\u0947 \u092a\u0939\u0932 \u092a\u0941\u0930\u0938\u094d\u0915\u093e\u0930 \u0915\u0947 \u0932\u093f\u090f \u0928\u093f\u092e\u094d\u0928\u0932\u093f\u0916\u093f\u0924 \u0926\u093f\u0936\u093e\u0928\u093f\u0930\u094d\u0926\u0947\u0936 \u0932\u093e\u0917\u0942 \u0939\u094b\u0924\u0947 \u0939\u0948\u0902: \u2013\u00a0 \u092f\u0939 [&hellip;]\" \/>\n<meta property=\"og:url\" content=\"https:\/\/idrettsraadet.no\/hi\/\u0915\u094d\u0932\u092c-\u0915\u093e-\u092a\u0939\u0932-\u092a\u0941\u0930\u0938\u094d\u0915\u093e\u0930\/\" \/>\n<meta property=\"og:site_name\" content=\"Idrettsr\u00e5det Stavanger\" \/>\n<meta property=\"og:image\" content=\"https:\/\/idrettsraadet.no\/wp-content\/uploads\/2019\/01\/IMG_00901.jpg\" \/>\n<meta name=\"twitter:card\" content=\"summary_large_image\" \/>\n<script type=\"application\/ld+json\" class=\"yoast-schema-graph\">{\"@context\":\"https:\\\/\\\/schema.org\",\"@graph\":[{\"@type\":\"WebPage\",\"@id\":\"https:\\\/\\\/idrettsraadet.no\\\/hi\\\/%e0%a4%95%e0%a5%8d%e0%a4%b2%e0%a4%ac-%e0%a4%95%e0%a4%be-%e0%a4%aa%e0%a4%b9%e0%a4%b2-%e0%a4%aa%e0%a5%81%e0%a4%b0%e0%a4%b8%e0%a5%8d%e0%a4%95%e0%a4%be%e0%a4%b0\\\/\",\"url\":\"https:\\\/\\\/idrettsraadet.no\\\/hi\\\/%e0%a4%95%e0%a5%8d%e0%a4%b2%e0%a4%ac-%e0%a4%95%e0%a4%be-%e0%a4%aa%e0%a4%b9%e0%a4%b2-%e0%a4%aa%e0%a5%81%e0%a4%b0%e0%a4%b8%e0%a5%8d%e0%a4%95%e0%a4%be%e0%a4%b0\\\/\",\"name\":\"\u0915\u094d\u0932\u092c \u0915\u093e \u092a\u0939\u0932 \u092a\u0941\u0930\u0938\u094d\u0915\u093e\u0930 - Idrettsr\u00e5det Stavanger\",\"isPartOf\":{\"@id\":\"https:\\\/\\\/idrettsraadet.no\\\/bn\\\/#website\"},\"primaryImageOfPage\":{\"@id\":\"https:\\\/\\\/idrettsraadet.no\\\/hi\\\/%e0%a4%95%e0%a5%8d%e0%a4%b2%e0%a4%ac-%e0%a4%95%e0%a4%be-%e0%a4%aa%e0%a4%b9%e0%a4%b2-%e0%a4%aa%e0%a5%81%e0%a4%b0%e0%a4%b8%e0%a5%8d%e0%a4%95%e0%a4%be%e0%a4%b0\\\/#primaryimage\"},\"image\":{\"@id\":\"https:\\\/\\\/idrettsraadet.no\\\/hi\\\/%e0%a4%95%e0%a5%8d%e0%a4%b2%e0%a4%ac-%e0%a4%95%e0%a4%be-%e0%a4%aa%e0%a4%b9%e0%a4%b2-%e0%a4%aa%e0%a5%81%e0%a4%b0%e0%a4%b8%e0%a5%8d%e0%a4%95%e0%a4%be%e0%a4%b0\\\/#primaryimage\"},\"thumbnailUrl\":\"https:\\\/\\\/idrettsraadet.no\\\/wp-content\\\/uploads\\\/2019\\\/01\\\/IMG_00901.jpg\",\"datePublished\":\"2020-02-25T09:25:22+00:00\",\"breadcrumb\":{\"@id\":\"https:\\\/\\\/idrettsraadet.no\\\/hi\\\/%e0%a4%95%e0%a5%8d%e0%a4%b2%e0%a4%ac-%e0%a4%95%e0%a4%be-%e0%a4%aa%e0%a4%b9%e0%a4%b2-%e0%a4%aa%e0%a5%81%e0%a4%b0%e0%a4%b8%e0%a5%8d%e0%a4%95%e0%a4%be%e0%a4%b0\\\/#breadcrumb\"},\"inLanguage\":\"hi-IN\",\"potentialAction\":[{\"@type\":\"ReadAction\",\"target\":[\"https:\\\/\\\/idrettsraadet.no\\\/hi\\\/%e0%a4%95%e0%a5%8d%e0%a4%b2%e0%a4%ac-%e0%a4%95%e0%a4%be-%e0%a4%aa%e0%a4%b9%e0%a4%b2-%e0%a4%aa%e0%a5%81%e0%a4%b0%e0%a4%b8%e0%a5%8d%e0%a4%95%e0%a4%be%e0%a4%b0\\\/\"]}]},{\"@type\":\"ImageObject\",\"inLanguage\":\"hi-IN\",\"@id\":\"https:\\\/\\\/idrettsraadet.no\\\/hi\\\/%e0%a4%95%e0%a5%8d%e0%a4%b2%e0%a4%ac-%e0%a4%95%e0%a4%be-%e0%a4%aa%e0%a4%b9%e0%a4%b2-%e0%a4%aa%e0%a5%81%e0%a4%b0%e0%a4%b8%e0%a5%8d%e0%a4%95%e0%a4%be%e0%a4%b0\\\/#primaryimage\",\"url\":\"https:\\\/\\\/idrettsraadet.no\\\/wp-content\\\/uploads\\\/2019\\\/01\\\/IMG_00901.jpg\",\"contentUrl\":\"https:\\\/\\\/idrettsraadet.no\\\/wp-content\\\/uploads\\\/2019\\\/01\\\/IMG_00901.jpg\"},{\"@type\":\"BreadcrumbList\",\"@id\":\"https:\\\/\\\/idrettsraadet.no\\\/hi\\\/%e0%a4%95%e0%a5%8d%e0%a4%b2%e0%a4%ac-%e0%a4%95%e0%a4%be-%e0%a4%aa%e0%a4%b9%e0%a4%b2-%e0%a4%aa%e0%a5%81%e0%a4%b0%e0%a4%b8%e0%a5%8d%e0%a4%95%e0%a4%be%e0%a4%b0\\\/#breadcrumb\",\"itemListElement\":[{\"@type\":\"ListItem\",\"position\":1,\"name\":\"Hjem\",\"item\":\"https:\\\/\\\/idrettsraadet.no\\\/hi\\\/\"},{\"@type\":\"ListItem\",\"position\":2,\"name\":\"\u0915\u094d\u0932\u092c \u0915\u093e \u092a\u0939\u0932 \u092a\u0941\u0930\u0938\u094d\u0915\u093e\u0930\"}]},{\"@type\":\"WebSite\",\"@id\":\"https:\\\/\\\/idrettsraadet.no\\\/bn\\\/#website\",\"url\":\"https:\\\/\\\/idrettsraadet.no\\\/bn\\\/\",\"name\":\"Idrettsr\u00e5det Stavanger\",\"description\":\"Idrett for alle.\",\"publisher\":{\"@id\":\"https:\\\/\\\/idrettsraadet.no\\\/bn\\\/#organization\"},\"potentialAction\":[{\"@type\":\"SearchAction\",\"target\":{\"@type\":\"EntryPoint\",\"urlTemplate\":\"https:\\\/\\\/idrettsraadet.no\\\/bn\\\/?s={search_term_string}\"},\"query-input\":{\"@type\":\"PropertyValueSpecification\",\"valueRequired\":true,\"valueName\":\"search_term_string\"}}],\"inLanguage\":\"hi-IN\"},{\"@type\":\"Organization\",\"@id\":\"https:\\\/\\\/idrettsraadet.no\\\/bn\\\/#organization\",\"name\":\"Stavanger Idrettsr\u00e5d\",\"url\":\"https:\\\/\\\/idrettsraadet.no\\\/bn\\\/\",\"logo\":{\"@type\":\"ImageObject\",\"inLanguage\":\"hi-IN\",\"@id\":\"https:\\\/\\\/idrettsraadet.no\\\/bn\\\/#\\\/schema\\\/logo\\\/image\\\/\",\"url\":\"https:\\\/\\\/idrettsraadet.no\\\/wp-content\\\/uploads\\\/2016\\\/06\\\/logo.png\",\"contentUrl\":\"https:\\\/\\\/idrettsraadet.no\\\/wp-content\\\/uploads\\\/2016\\\/06\\\/logo.png\",\"width\":149,\"height\":48,\"caption\":\"Stavanger Idrettsr\u00e5d\"},\"image\":{\"@id\":\"https:\\\/\\\/idrettsraadet.no\\\/bn\\\/#\\\/schema\\\/logo\\\/image\\\/\"}}]}<\/script>\n<!-- \/ Yoast SEO plugin. -->","yoast_head_json":{"title":"\u0915\u094d\u0932\u092c \u0915\u093e \u092a\u0939\u0932 \u092a\u0941\u0930\u0938\u094d\u0915\u093e\u0930 - Idrettsr\u00e5det Stavanger","robots":{"index":"index","follow":"follow","max-snippet":"max-snippet:-1","max-image-preview":"max-image-preview:large","max-video-preview":"max-video-preview:-1"},"canonical":"https:\/\/idrettsraadet.no\/hi\/\u0915\u094d\u0932\u092c-\u0915\u093e-\u092a\u0939\u0932-\u092a\u0941\u0930\u0938\u094d\u0915\u093e\u0930\/","og_locale":"hi_IN","og_type":"article","og_title":"\u0915\u094d\u0932\u092c \u0915\u093e \u092a\u0939\u0932 \u092a\u0941\u0930\u0938\u094d\u0915\u093e\u0930 - Idrettsr\u00e5det Stavanger","og_description":"\u0907\u0938 \u092a\u0941\u0930\u0938\u094d\u0915\u093e\u0930 \u0915\u0947 \u0938\u093e\u0925, \u0939\u092e \u090f\u0915 \u0910\u0938\u0947 \u0935\u094d\u092f\u0915\u094d\u0924\u093f \u0915\u094b \u0938\u092e\u094d\u092e\u093e\u0928\u093f\u0924 \u0915\u0930\u0928\u093e \u091a\u093e\u0939\u0924\u0947 \u0939\u0948\u0902 \u091c\u093f\u0938\u0928\u0947 \u0915\u0908 \u0935\u0930\u094d\u0937\u094b\u0902 \u0924\u0915 \u0916\u0947\u0932 \u0915\u0947 \u0932\u093f\u090f \u0936\u093e\u0928\u0926\u093e\u0930 \u092a\u094d\u0930\u092f\u093e\u0938 \u0915\u093f\u092f\u093e \u0939\u0948\u0964 &nbsp; \u090f\u0915 \u0909\u092e\u094d\u092e\u0940\u0926\u0935\u093e\u0930 \u0915\u094b \u0928\u093e\u092e\u093f\u0924 \u0915\u0930\u0928\u0947 \u0915\u0947 \u0932\u093f\u090f \u092f\u0939\u093e\u0902 \u0915\u094d\u0932\u093f\u0915 \u0915\u0930\u0947\u0902 \u00a0\u0906\u0935\u0947\u0926\u0928 \u0915\u0940 \u0938\u092e\u092f \u0938\u0940\u092e\u093e: 30 \u0928\u0935\u0902\u092c\u0930 &nbsp; \u0915\u094d\u0932\u092c \u0915\u0947 \u092a\u0939\u0932 \u092a\u0941\u0930\u0938\u094d\u0915\u093e\u0930 \u0915\u0947 \u0932\u093f\u090f \u0928\u093f\u092e\u094d\u0928\u0932\u093f\u0916\u093f\u0924 \u0926\u093f\u0936\u093e\u0928\u093f\u0930\u094d\u0926\u0947\u0936 \u0932\u093e\u0917\u0942 \u0939\u094b\u0924\u0947 \u0939\u0948\u0902: \u2013\u00a0 \u092f\u0939 [&hellip;]","og_url":"https:\/\/idrettsraadet.no\/hi\/\u0915\u094d\u0932\u092c-\u0915\u093e-\u092a\u0939\u0932-\u092a\u0941\u0930\u0938\u094d\u0915\u093e\u0930\/","og_site_name":"Idrettsr\u00e5det Stavanger","og_image":[{"url":"https:\/\/idrettsraadet.no\/wp-content\/uploads\/2019\/01\/IMG_00901.jpg","type":"","width":"","height":""}],"twitter_card":"summary_large_image","schema":{"@context":"https:\/\/schema.org","@graph":[{"@type":"WebPage","@id":"https:\/\/idrettsraadet.no\/hi\/%e0%a4%95%e0%a5%8d%e0%a4%b2%e0%a4%ac-%e0%a4%95%e0%a4%be-%e0%a4%aa%e0%a4%b9%e0%a4%b2-%e0%a4%aa%e0%a5%81%e0%a4%b0%e0%a4%b8%e0%a5%8d%e0%a4%95%e0%a4%be%e0%a4%b0\/","url":"https:\/\/idrettsraadet.no\/hi\/%e0%a4%95%e0%a5%8d%e0%a4%b2%e0%a4%ac-%e0%a4%95%e0%a4%be-%e0%a4%aa%e0%a4%b9%e0%a4%b2-%e0%a4%aa%e0%a5%81%e0%a4%b0%e0%a4%b8%e0%a5%8d%e0%a4%95%e0%a4%be%e0%a4%b0\/","name":"\u0915\u094d\u0932\u092c \u0915\u093e \u092a\u0939\u0932 \u092a\u0941\u0930\u0938\u094d\u0915\u093e\u0930 - Idrettsr\u00e5det Stavanger","isPartOf":{"@id":"https:\/\/idrettsraadet.no\/bn\/#website"},"primaryImageOfPage":{"@id":"https:\/\/idrettsraadet.no\/hi\/%e0%a4%95%e0%a5%8d%e0%a4%b2%e0%a4%ac-%e0%a4%95%e0%a4%be-%e0%a4%aa%e0%a4%b9%e0%a4%b2-%e0%a4%aa%e0%a5%81%e0%a4%b0%e0%a4%b8%e0%a5%8d%e0%a4%95%e0%a4%be%e0%a4%b0\/#primaryimage"},"image":{"@id":"https:\/\/idrettsraadet.no\/hi\/%e0%a4%95%e0%a5%8d%e0%a4%b2%e0%a4%ac-%e0%a4%95%e0%a4%be-%e0%a4%aa%e0%a4%b9%e0%a4%b2-%e0%a4%aa%e0%a5%81%e0%a4%b0%e0%a4%b8%e0%a5%8d%e0%a4%95%e0%a4%be%e0%a4%b0\/#primaryimage"},"thumbnailUrl":"https:\/\/idrettsraadet.no\/wp-content\/uploads\/2019\/01\/IMG_00901.jpg","datePublished":"2020-02-25T09:25:22+00:00","breadcrumb":{"@id":"https:\/\/idrettsraadet.no\/hi\/%e0%a4%95%e0%a5%8d%e0%a4%b2%e0%a4%ac-%e0%a4%95%e0%a4%be-%e0%a4%aa%e0%a4%b9%e0%a4%b2-%e0%a4%aa%e0%a5%81%e0%a4%b0%e0%a4%b8%e0%a5%8d%e0%a4%95%e0%a4%be%e0%a4%b0\/#breadcrumb"},"inLanguage":"hi-IN","potentialAction":[{"@type":"ReadAction","target":["https:\/\/idrettsraadet.no\/hi\/%e0%a4%95%e0%a5%8d%e0%a4%b2%e0%a4%ac-%e0%a4%95%e0%a4%be-%e0%a4%aa%e0%a4%b9%e0%a4%b2-%e0%a4%aa%e0%a5%81%e0%a4%b0%e0%a4%b8%e0%a5%8d%e0%a4%95%e0%a4%be%e0%a4%b0\/"]}]},{"@type":"ImageObject","inLanguage":"hi-IN","@id":"https:\/\/idrettsraadet.no\/hi\/%e0%a4%95%e0%a5%8d%e0%a4%b2%e0%a4%ac-%e0%a4%95%e0%a4%be-%e0%a4%aa%e0%a4%b9%e0%a4%b2-%e0%a4%aa%e0%a5%81%e0%a4%b0%e0%a4%b8%e0%a5%8d%e0%a4%95%e0%a4%be%e0%a4%b0\/#primaryimage","url":"https:\/\/idrettsraadet.no\/wp-content\/uploads\/2019\/01\/IMG_00901.jpg","contentUrl":"https:\/\/idrettsraadet.no\/wp-content\/uploads\/2019\/01\/IMG_00901.jpg"},{"@type":"BreadcrumbList","@id":"https:\/\/idrettsraadet.no\/hi\/%e0%a4%95%e0%a5%8d%e0%a4%b2%e0%a4%ac-%e0%a4%95%e0%a4%be-%e0%a4%aa%e0%a4%b9%e0%a4%b2-%e0%a4%aa%e0%a5%81%e0%a4%b0%e0%a4%b8%e0%a5%8d%e0%a4%95%e0%a4%be%e0%a4%b0\/#breadcrumb","itemListElement":[{"@type":"ListItem","position":1,"name":"Hjem","item":"https:\/\/idrettsraadet.no\/hi\/"},{"@type":"ListItem","position":2,"name":"\u0915\u094d\u0932\u092c \u0915\u093e \u092a\u0939\u0932 \u092a\u0941\u0930\u0938\u094d\u0915\u093e\u0930"}]},{"@type":"WebSite","@id":"https:\/\/idrettsraadet.no\/bn\/#website","url":"https:\/\/idrettsraadet.no\/bn\/","name":"Idrettsr\u00e5det Stavanger","description":"Idrett for alle.","publisher":{"@id":"https:\/\/idrettsraadet.no\/bn\/#organization"},"potentialAction":[{"@type":"SearchAction","target":{"@type":"EntryPoint","urlTemplate":"https:\/\/idrettsraadet.no\/bn\/?s={search_term_string}"},"query-input":{"@type":"PropertyValueSpecification","valueRequired":true,"valueName":"search_term_string"}}],"inLanguage":"hi-IN"},{"@type":"Organization","@id":"https:\/\/idrettsraadet.no\/bn\/#organization","name":"Stavanger Idrettsr\u00e5d","url":"https:\/\/idrettsraadet.no\/bn\/","logo":{"@type":"ImageObject","inLanguage":"hi-IN","@id":"https:\/\/idrettsraadet.no\/bn\/#\/schema\/logo\/image\/","url":"https:\/\/idrettsraadet.no\/wp-content\/uploads\/2016\/06\/logo.png","contentUrl":"https:\/\/idrettsraadet.no\/wp-content\/uploads\/2016\/06\/logo.png","width":149,"height":48,"caption":"Stavanger Idrettsr\u00e5d"},"image":{"@id":"https:\/\/idrettsraadet.no\/bn\/#\/schema\/logo\/image\/"}}]}},"_links":{"self":[{"href":"https:\/\/idrettsraadet.no\/hi\/wp-json\/wp\/v2\/pages\/12302","targetHints":{"allow":["GET"]}}],"collection":[{"href":"https:\/\/idrettsraadet.no\/hi\/wp-json\/wp\/v2\/pages"}],"about":[{"href":"https:\/\/idrettsraadet.no\/hi\/wp-json\/wp\/v2\/types\/page"}],"author":[{"embeddable":true,"href":"https:\/\/idrettsraadet.no\/hi\/wp-json\/wp\/v2\/users\/1"}],"replies":[{"embeddable":true,"href":"https:\/\/idrettsraadet.no\/hi\/wp-json\/wp\/v2\/comments?post=12302"}],"version-history":[{"count":0,"href":"https:\/\/idrettsraadet.no\/hi\/wp-json\/wp\/v2\/pages\/12302\/revisions"}],"wp:attachment":[{"href":"https:\/\/idrettsraadet.no\/hi\/wp-json\/wp\/v2\/media?parent=12302"}],"curies":[{"name":"wp","href":"https:\/\/api.w.org\/{rel}","templated":true}]}}