{"id":12011,"date":"2020-02-20T14:49:00","date_gmt":"2020-02-20T13:49:00","guid":{"rendered":"https:\/\/idrettsraadet.no\/idrettspatruljen-sportowy-patrol\/"},"modified":"2020-02-20T14:49:02","modified_gmt":"2020-02-20T13:49:02","slug":"idrettspatruljen-sportowy-patrol","status":"publish","type":"page","link":"https:\/\/idrettsraadet.no\/pl\/idrettspatruljen-sportowy-patrol\/","title":{"rendered":"Idrettspatruljen (Sportowy Patrol)"},"content":{"rendered":"\t\t<div data-elementor-type=\"wp-page\" data-elementor-id=\"12011\" class=\"elementor elementor-12011 elementor-339\" data-elementor-post-type=\"page\">\n\t\t\t\t\t\t<section class=\"elementor-section elementor-top-section elementor-element elementor-element-dae234c elementor-section-stretched elementor-section-height-min-height elementor-section-boxed elementor-section-height-default elementor-section-items-middle\" data-id=\"dae234c\" data-element_type=\"section\" data-e-type=\"section\" data-settings=\"{&quot;stretch_section&quot;:&quot;section-stretched&quot;,&quot;background_background&quot;:&quot;classic&quot;}\">\n\t\t\t\t\t\t<div class=\"elementor-container elementor-column-gap-default\">\n\t\t\t\t\t<div class=\"elementor-column elementor-col-100 elementor-top-column elementor-element elementor-element-22d8f89\" data-id=\"22d8f89\" data-element_type=\"column\" data-e-type=\"column\">\n\t\t\t<div class=\"elementor-widget-wrap\">\n\t\t\t\t\t\t\t<\/div>\n\t\t<\/div>\n\t\t\t\t\t<\/div>\n\t\t<\/section>\n\t\t\t\t<section class=\"elementor-section elementor-top-section elementor-element elementor-element-5431e78 elementor-section-boxed elementor-section-height-default elementor-section-height-default\" data-id=\"5431e78\" data-element_type=\"section\" data-e-type=\"section\" data-settings=\"{&quot;background_background&quot;:&quot;classic&quot;}\">\n\t\t\t\t\t\t<div class=\"elementor-container elementor-column-gap-default\">\n\t\t\t\t\t<div class=\"elementor-column elementor-col-100 elementor-top-column elementor-element elementor-element-ad425f7\" data-id=\"ad425f7\" data-element_type=\"column\" data-e-type=\"column\">\n\t\t\t<div class=\"elementor-widget-wrap elementor-element-populated\">\n\t\t\t\t\t\t<div class=\"elementor-element elementor-element-fc6e23b elementor-widget elementor-widget-text-editor\" data-id=\"fc6e23b\" data-element_type=\"widget\" data-e-type=\"widget\" data-widget_type=\"text-editor.default\">\n\t\t\t\t<div class=\"elementor-widget-container\">\n\t\t\t\t\t\t\t\t\t<h3><strong>Idrettspatruljen (Sportowy Patrol) wychodzi do ludzi, proponuj\u0105c r\u00f3\u017cnorodne zaj\u0119cia sportowe dostosowane do ich wieku i poziomu<\/strong><\/h3>\n<p>Idrettspatruljen to swoisty kompleks sportowy na k\u00f3\u0142kach. Dysponujemy du\u017c\u0105 furgonetk\u0105, mn\u00f3stwem rozmaitego sprz\u0119tu sportowego i 17-osobowym minibusem. Odwiedzamy g\u0142\u00f3wnie szko\u0142y, plac\u00f3wki opieki pozaszkolnej i przedszkola. Organizujemy r\u00f3wnie\u017c p\u0142atne prezentacje podczas festyn\u00f3w rodzinnych \/ dni sportu oraz zaj\u0119cia dla firm. Posiadamy du\u017c\u0105 sie\u0107 wykwalifikowanych trener\u00f3w specjalizuj\u0105cych si\u0119 w r\u00f3\u017cnych dyscyplinach sportowych. Idrettspatruljen cieszy si\u0119 du\u017c\u0105 popularno\u015bci\u0105, dlatego warto rezerwowa\u0107 nas ze sporym wyprzedzeniem.<\/p>\n<p>Aby zam\u00f3wi\u0107 wizyt\u0119 Idrettspatruljen, kliknij <a href=\"https:\/\/response.questback.com\/isa\/qbv.dll\/ShowQuest?QuestID=5253723&amp;sid=yVh5xfelPY\">TUTAJ<\/a><\/p>\n\t\t\t\t\t\t\t\t<\/div>\n\t\t\t\t<\/div>\n\t\t\t\t\t<\/div>\n\t\t<\/div>\n\t\t\t\t\t<\/div>\n\t\t<\/section>\n\t\t\t\t<section class=\"elementor-section elementor-top-section elementor-element elementor-element-1c98 elementor-section-boxed elementor-section-height-default elementor-section-height-default\" data-id=\"1c98\" data-element_type=\"section\" data-e-type=\"section\">\n\t\t\t\t\t\t<div class=\"elementor-container elementor-column-gap-default\">\n\t\t\t\t\t<div class=\"elementor-column elementor-col-100 elementor-top-column elementor-element elementor-element-25fd\" data-id=\"25fd\" data-element_type=\"column\" data-e-type=\"column\">\n\t\t\t<div class=\"elementor-widget-wrap elementor-element-populated\">\n\t\t\t\t\t\t<div class=\"elementor-element elementor-element-a6d043c elementor-widget elementor-widget-text-editor\" data-id=\"a6d043c\" data-element_type=\"widget\" data-e-type=\"widget\" data-widget_type=\"text-editor.default\">\n\t\t\t\t<div class=\"elementor-widget-container\">\n\t\t\t\t\t\t\t\t\t<p>Niekt\u00f3re z wizyt Idrettspatruljen<\/p>\n\t\t\t\t\t\t\t\t<\/div>\n\t\t\t\t<\/div>\n\t\t\t\t\t<\/div>\n\t\t<\/div>\n\t\t\t\t\t<\/div>\n\t\t<\/section>\n\t\t\t\t<\/div>\n\t\t","protected":false},"excerpt":{"rendered":"<p>Idrettspatruljen (Sportowy Patrol) wychodzi do ludzi, proponuj\u0105c r\u00f3\u017cnorodne zaj\u0119cia sportowe dostosowane do ich wieku i poziomu Idrettspatruljen to swoisty kompleks sportowy na k\u00f3\u0142kach. Dysponujemy du\u017c\u0105 furgonetk\u0105, mn\u00f3stwem rozmaitego sprz\u0119tu sportowego i 17-osobowym minibusem. Odwiedzamy g\u0142\u00f3wnie szko\u0142y, plac\u00f3wki opieki pozaszkolnej i przedszkola. Organizujemy r\u00f3wnie\u017c p\u0142atne prezentacje podczas festyn\u00f3w rodzinnych \/ dni sportu oraz zaj\u0119cia dla firm. [&hellip;]<\/p>\n","protected":false},"author":1,"featured_media":0,"parent":0,"menu_order":0,"comment_status":"closed","ping_status":"closed","template":"","meta":{"site-sidebar-layout":"no-sidebar","site-content-layout":"page-builder","ast-site-content-layout":"default","site-content-style":"default","site-sidebar-style":"default","ast-global-header-display":"","ast-banner-title-visibility":"","ast-main-header-display":"","ast-hfb-above-header-display":"","ast-hfb-below-header-display":"","ast-hfb-mobile-header-display":"","site-post-title":"disabled","ast-breadcrumbs-content":"","ast-featured-img":"disabled","footer-sml-layout":"","ast-disable-related-posts":"","theme-transparent-header-meta":"default","adv-header-id-meta":"","stick-header-meta":"default","header-above-stick-meta":"","header-main-stick-meta":"","header-below-stick-meta":"","astra-migrate-meta-layouts":"default","ast-page-background-enabled":"default","ast-page-background-meta":{"desktop":{"background-color":"","background-image":"","background-repeat":"repeat","background-position":"center center","background-size":"auto","background-attachment":"scroll","background-type":"","background-media":"","overlay-type":"","overlay-color":"","overlay-opacity":"","overlay-gradient":""},"tablet":{"background-color":"","background-image":"","background-repeat":"repeat","background-position":"center center","background-size":"auto","background-attachment":"scroll","background-type":"","background-media":"","overlay-type":"","overlay-color":"","overlay-opacity":"","overlay-gradient":""},"mobile":{"background-color":"","background-image":"","background-repeat":"repeat","background-position":"center center","background-size":"auto","background-attachment":"scroll","background-type":"","background-media":"","overlay-type":"","overlay-color":"","overlay-opacity":"","overlay-gradient":""}},"ast-content-background-meta":{"desktop":{"background-color":"var(--ast-global-color-5)","background-image":"","background-repeat":"repeat","background-position":"center center","background-size":"auto","background-attachment":"scroll","background-type":"","background-media":"","overlay-type":"","overlay-color":"","overlay-opacity":"","overlay-gradient":""},"tablet":{"background-color":"var(--ast-global-color-5)","background-image":"","background-repeat":"repeat","background-position":"center center","background-size":"auto","background-attachment":"scroll","background-type":"","background-media":"","overlay-type":"","overlay-color":"","overlay-opacity":"","overlay-gradient":""},"mobile":{"background-color":"var(--ast-global-color-5)","background-image":"","background-repeat":"repeat","background-position":"center center","background-size":"auto","background-attachment":"scroll","background-type":"","background-media":"","overlay-type":"","overlay-color":"","overlay-opacity":"","overlay-gradient":""}},"footnotes":""},"class_list":["post-12011","page","type-page","status-publish","hentry"],"yoast_head":"<!-- This site is optimized with the Yoast SEO plugin v27.3 - https:\/\/yoast.com\/product\/yoast-seo-wordpress\/ -->\n<title>Idrettspatruljen (Sportowy Patrol) - Idrettsr\u00e5det Stavanger<\/title>\n<meta name=\"robots\" content=\"index, follow, max-snippet:-1, max-image-preview:large, max-video-preview:-1\" \/>\n<link rel=\"canonical\" href=\"https:\/\/idrettsraadet.no\/pl\/idrettspatruljen-sportowy-patrol\/\" \/>\n<meta property=\"og:locale\" content=\"pl_PL\" \/>\n<meta property=\"og:type\" content=\"article\" \/>\n<meta property=\"og:title\" content=\"Idrettspatruljen (Sportowy Patrol) - Idrettsr\u00e5det Stavanger\" \/>\n<meta property=\"og:description\" content=\"Idrettspatruljen (Sportowy Patrol) wychodzi do ludzi, proponuj\u0105c r\u00f3\u017cnorodne zaj\u0119cia sportowe dostosowane do ich wieku i poziomu Idrettspatruljen to swoisty kompleks sportowy na k\u00f3\u0142kach. Dysponujemy du\u017c\u0105 furgonetk\u0105, mn\u00f3stwem rozmaitego sprz\u0119tu sportowego i 17-osobowym minibusem. Odwiedzamy g\u0142\u00f3wnie szko\u0142y, plac\u00f3wki opieki pozaszkolnej i przedszkola. Organizujemy r\u00f3wnie\u017c p\u0142atne prezentacje podczas festyn\u00f3w rodzinnych \/ dni sportu oraz zaj\u0119cia dla firm. [&hellip;]\" \/>\n<meta property=\"og:url\" content=\"https:\/\/idrettsraadet.no\/pl\/idrettspatruljen-sportowy-patrol\/\" \/>\n<meta property=\"og:site_name\" content=\"Idrettsr\u00e5det Stavanger\" \/>\n<meta property=\"article:modified_time\" content=\"2020-02-20T13:49:02+00:00\" \/>\n<meta name=\"twitter:card\" content=\"summary_large_image\" \/>\n<meta name=\"twitter:label1\" content=\"Szacowany czas czytania\" \/>\n\t<meta name=\"twitter:data1\" content=\"1 minuta\" \/>\n<script type=\"application\/ld+json\" class=\"yoast-schema-graph\">{\"@context\":\"https:\\\/\\\/schema.org\",\"@graph\":[{\"@type\":\"WebPage\",\"@id\":\"https:\\\/\\\/idrettsraadet.no\\\/pl\\\/idrettspatruljen-sportowy-patrol\\\/\",\"url\":\"https:\\\/\\\/idrettsraadet.no\\\/pl\\\/idrettspatruljen-sportowy-patrol\\\/\",\"name\":\"Idrettspatruljen (Sportowy Patrol) - Idrettsr\u00e5det Stavanger\",\"isPartOf\":{\"@id\":\"https:\\\/\\\/idrettsraadet.no\\\/bn\\\/#website\"},\"datePublished\":\"2020-02-20T13:49:00+00:00\",\"dateModified\":\"2020-02-20T13:49:02+00:00\",\"breadcrumb\":{\"@id\":\"https:\\\/\\\/idrettsraadet.no\\\/pl\\\/idrettspatruljen-sportowy-patrol\\\/#breadcrumb\"},\"inLanguage\":\"pl-PL\",\"potentialAction\":[{\"@type\":\"ReadAction\",\"target\":[\"https:\\\/\\\/idrettsraadet.no\\\/pl\\\/idrettspatruljen-sportowy-patrol\\\/\"]}]},{\"@type\":\"BreadcrumbList\",\"@id\":\"https:\\\/\\\/idrettsraadet.no\\\/pl\\\/idrettspatruljen-sportowy-patrol\\\/#breadcrumb\",\"itemListElement\":[{\"@type\":\"ListItem\",\"position\":1,\"name\":\"Hjem\",\"item\":\"https:\\\/\\\/idrettsraadet.no\\\/pl\\\/\"},{\"@type\":\"ListItem\",\"position\":2,\"name\":\"Idrettspatruljen (Sportowy Patrol)\"}]},{\"@type\":\"WebSite\",\"@id\":\"https:\\\/\\\/idrettsraadet.no\\\/bn\\\/#website\",\"url\":\"https:\\\/\\\/idrettsraadet.no\\\/bn\\\/\",\"name\":\"Idrettsr\u00e5det Stavanger\",\"description\":\"Idrett for alle.\",\"publisher\":{\"@id\":\"https:\\\/\\\/idrettsraadet.no\\\/bn\\\/#organization\"},\"potentialAction\":[{\"@type\":\"SearchAction\",\"target\":{\"@type\":\"EntryPoint\",\"urlTemplate\":\"https:\\\/\\\/idrettsraadet.no\\\/bn\\\/?s={search_term_string}\"},\"query-input\":{\"@type\":\"PropertyValueSpecification\",\"valueRequired\":true,\"valueName\":\"search_term_string\"}}],\"inLanguage\":\"pl-PL\"},{\"@type\":\"Organization\",\"@id\":\"https:\\\/\\\/idrettsraadet.no\\\/bn\\\/#organization\",\"name\":\"Stavanger Idrettsr\u00e5d\",\"url\":\"https:\\\/\\\/idrettsraadet.no\\\/bn\\\/\",\"logo\":{\"@type\":\"ImageObject\",\"inLanguage\":\"pl-PL\",\"@id\":\"https:\\\/\\\/idrettsraadet.no\\\/bn\\\/#\\\/schema\\\/logo\\\/image\\\/\",\"url\":\"https:\\\/\\\/idrettsraadet.no\\\/wp-content\\\/uploads\\\/2016\\\/06\\\/logo.png\",\"contentUrl\":\"https:\\\/\\\/idrettsraadet.no\\\/wp-content\\\/uploads\\\/2016\\\/06\\\/logo.png\",\"width\":149,\"height\":48,\"caption\":\"Stavanger Idrettsr\u00e5d\"},\"image\":{\"@id\":\"https:\\\/\\\/idrettsraadet.no\\\/bn\\\/#\\\/schema\\\/logo\\\/image\\\/\"}}]}<\/script>\n<!-- \/ Yoast SEO plugin. -->","yoast_head_json":{"title":"Idrettspatruljen (Sportowy Patrol) - Idrettsr\u00e5det Stavanger","robots":{"index":"index","follow":"follow","max-snippet":"max-snippet:-1","max-image-preview":"max-image-preview:large","max-video-preview":"max-video-preview:-1"},"canonical":"https:\/\/idrettsraadet.no\/pl\/idrettspatruljen-sportowy-patrol\/","og_locale":"pl_PL","og_type":"article","og_title":"Idrettspatruljen (Sportowy Patrol) - Idrettsr\u00e5det Stavanger","og_description":"Idrettspatruljen (Sportowy Patrol) wychodzi do ludzi, proponuj\u0105c r\u00f3\u017cnorodne zaj\u0119cia sportowe dostosowane do ich wieku i poziomu Idrettspatruljen to swoisty kompleks sportowy na k\u00f3\u0142kach. Dysponujemy du\u017c\u0105 furgonetk\u0105, mn\u00f3stwem rozmaitego sprz\u0119tu sportowego i 17-osobowym minibusem. Odwiedzamy g\u0142\u00f3wnie szko\u0142y, plac\u00f3wki opieki pozaszkolnej i przedszkola. Organizujemy r\u00f3wnie\u017c p\u0142atne prezentacje podczas festyn\u00f3w rodzinnych \/ dni sportu oraz zaj\u0119cia dla firm. [&hellip;]","og_url":"https:\/\/idrettsraadet.no\/pl\/idrettspatruljen-sportowy-patrol\/","og_site_name":"Idrettsr\u00e5det Stavanger","article_modified_time":"2020-02-20T13:49:02+00:00","twitter_card":"summary_large_image","twitter_misc":{"Szacowany czas czytania":"1 minuta"},"schema":{"@context":"https:\/\/schema.org","@graph":[{"@type":"WebPage","@id":"https:\/\/idrettsraadet.no\/pl\/idrettspatruljen-sportowy-patrol\/","url":"https:\/\/idrettsraadet.no\/pl\/idrettspatruljen-sportowy-patrol\/","name":"Idrettspatruljen (Sportowy Patrol) - Idrettsr\u00e5det Stavanger","isPartOf":{"@id":"https:\/\/idrettsraadet.no\/bn\/#website"},"datePublished":"2020-02-20T13:49:00+00:00","dateModified":"2020-02-20T13:49:02+00:00","breadcrumb":{"@id":"https:\/\/idrettsraadet.no\/pl\/idrettspatruljen-sportowy-patrol\/#breadcrumb"},"inLanguage":"pl-PL","potentialAction":[{"@type":"ReadAction","target":["https:\/\/idrettsraadet.no\/pl\/idrettspatruljen-sportowy-patrol\/"]}]},{"@type":"BreadcrumbList","@id":"https:\/\/idrettsraadet.no\/pl\/idrettspatruljen-sportowy-patrol\/#breadcrumb","itemListElement":[{"@type":"ListItem","position":1,"name":"Hjem","item":"https:\/\/idrettsraadet.no\/pl\/"},{"@type":"ListItem","position":2,"name":"Idrettspatruljen (Sportowy Patrol)"}]},{"@type":"WebSite","@id":"https:\/\/idrettsraadet.no\/bn\/#website","url":"https:\/\/idrettsraadet.no\/bn\/","name":"Idrettsr\u00e5det Stavanger","description":"Idrett for alle.","publisher":{"@id":"https:\/\/idrettsraadet.no\/bn\/#organization"},"potentialAction":[{"@type":"SearchAction","target":{"@type":"EntryPoint","urlTemplate":"https:\/\/idrettsraadet.no\/bn\/?s={search_term_string}"},"query-input":{"@type":"PropertyValueSpecification","valueRequired":true,"valueName":"search_term_string"}}],"inLanguage":"pl-PL"},{"@type":"Organization","@id":"https:\/\/idrettsraadet.no\/bn\/#organization","name":"Stavanger Idrettsr\u00e5d","url":"https:\/\/idrettsraadet.no\/bn\/","logo":{"@type":"ImageObject","inLanguage":"pl-PL","@id":"https:\/\/idrettsraadet.no\/bn\/#\/schema\/logo\/image\/","url":"https:\/\/idrettsraadet.no\/wp-content\/uploads\/2016\/06\/logo.png","contentUrl":"https:\/\/idrettsraadet.no\/wp-content\/uploads\/2016\/06\/logo.png","width":149,"height":48,"caption":"Stavanger Idrettsr\u00e5d"},"image":{"@id":"https:\/\/idrettsraadet.no\/bn\/#\/schema\/logo\/image\/"}}]}},"_links":{"self":[{"href":"https:\/\/idrettsraadet.no\/pl\/wp-json\/wp\/v2\/pages\/12011","targetHints":{"allow":["GET"]}}],"collection":[{"href":"https:\/\/idrettsraadet.no\/pl\/wp-json\/wp\/v2\/pages"}],"about":[{"href":"https:\/\/idrettsraadet.no\/pl\/wp-json\/wp\/v2\/types\/page"}],"author":[{"embeddable":true,"href":"https:\/\/idrettsraadet.no\/pl\/wp-json\/wp\/v2\/users\/1"}],"replies":[{"embeddable":true,"href":"https:\/\/idrettsraadet.no\/pl\/wp-json\/wp\/v2\/comments?post=12011"}],"version-history":[{"count":1,"href":"https:\/\/idrettsraadet.no\/pl\/wp-json\/wp\/v2\/pages\/12011\/revisions"}],"predecessor-version":[{"id":12014,"href":"https:\/\/idrettsraadet.no\/pl\/wp-json\/wp\/v2\/pages\/12011\/revisions\/12014"}],"wp:attachment":[{"href":"https:\/\/idrettsraadet.no\/pl\/wp-json\/wp\/v2\/media?parent=12011"}],"curies":[{"name":"wp","href":"https:\/\/api.w.org\/{rel}","templated":true}]}}