{"id":12016,"date":"2020-02-20T15:07:06","date_gmt":"2020-02-20T14:07:06","guid":{"rendered":"https:\/\/idrettsraadet.no\/om-hansons-minde\/"},"modified":"2020-02-21T11:28:51","modified_gmt":"2020-02-21T10:28:51","slug":"om-hansons-minde","status":"publish","type":"page","link":"https:\/\/idrettsraadet.no\/pl\/om-hansons-minde\/","title":{"rendered":"Hansons Minde"},"content":{"rendered":"<p><strong>Wynajmujemy pomieszczenia na r\u00f3\u017cne imprezy, takie jak chrzty, bierzmowania, rocznice, wesela, urodziny, zabawy, szkolenia\/konferencje itp.<\/strong><br \/>\n<img fetchpriority=\"high\" decoding=\"async\" class=\"aligncenter size-full wp-image-617\" src=\"http:\/\/109.199.118.79\/~rekylweb\/clients\/idrettsraadet.no\/wp-content\/uploads\/2016\/06\/hansonsminde.jpg\" alt=\"hansonsminde\" width=\"800\" height=\"363\" srcset=\"https:\/\/idrettsraadet.no\/wp-content\/uploads\/2016\/06\/hansonsminde.jpg 800w, https:\/\/idrettsraadet.no\/wp-content\/uploads\/2016\/06\/hansonsminde-300x136.jpg 300w, https:\/\/idrettsraadet.no\/wp-content\/uploads\/2016\/06\/hansonsminde-768x348.jpg 768w\" sizes=\"(max-width: 800px) 100vw, 800px\" \/><\/p>\n<h3>Dom sportu w Stavanger<\/h3>\n<p>Hansons Minde jest w\u0142asno\u015bci\u0105 gminy Stavanger, a obecnie jest do dyspozycji Rady Sportu na potrzeby promowania aktywno\u015bci fizycznej w Stavanger.\u00a0Na parterze znajduje si\u0119 zaplecze konferencyjne, z kt\u00f3rego dru\u017cyny sportowe ze Stavanger mog\u0105 korzysta\u0107 bezp\u0142atnie.\u00a0W niekt\u00f3re weekendy pomieszczenia s\u0105 r\u00f3wnie\u017c wynajmowane na imprezy.\u00a0Na drugim pi\u0119trze znajduje si\u0119 biuro administracyjne Rady Sportu. Zazwyczaj jeste\u015bmy dost\u0119pni na miejscu w dni powszednie mi\u0119dzy 9:00 a 15:30, ale na wizyt\u0119 zawsze warto um\u00f3wi\u0107 si\u0119 z wyprzedzeniem.<\/p>\n<h3>Historia Hansons Minde<\/h3>\n<p>Hansons Minde to nazwa budynku, w kt\u00f3rym znajduje si\u0119 siedziba Rady Sportu. Budynek zosta\u0142 nazwany na cze\u015b\u0107 Bernharda Hansona (ur. 1821), kt\u00f3ry by\u0142 nauczycielem rysunku w szkole Kongsg\u00e5rd. Od gospodarstwa Tjensvold zakupi\u0142 niewielk\u0105 dzia\u0142k\u0119 i zbudowa\u0142 ma\u0142y dom z szarego kamienia, kt\u00f3ry zosta\u0142 p\u00f3\u017aniej znacznie rozbudowany. Ponadto za\u0142o\u017cy\u0142 cztery stawy i eksperymentowa\u0142 z hodowl\u0105 ryb. Hanson zmar\u0142 w 1883, a jego kolekcja antyk\u00f3w, przedmiot\u00f3w etnograficznych i mebli zosta\u0142a zgodnie z testamentem przekazana Muzeum w Stavanger. Ze \u015brodk\u00f3w uzyskanych z ich sprzeda\u017cy utworzono grant na rzecz Muzeum w Stavanger.<\/p>\n<p><img decoding=\"async\" class=\"wp-image-1954 size-full aligncenter\" src=\"http:\/\/localhost\/idrettsraadet\/wp-content\/uploads\/2016\/06\/Gammelt-bilde.jpg\" alt=\"Gammelt bilde\" width=\"600\" height=\"435\" srcset=\"https:\/\/idrettsraadet.no\/wp-content\/uploads\/2016\/06\/Gammelt-bilde.jpg 600w, https:\/\/idrettsraadet.no\/wp-content\/uploads\/2016\/06\/Gammelt-bilde-300x218.jpg 300w\" sizes=\"(max-width: 600px) 100vw, 600px\" \/><\/p>\n<p>To tylko niewielka cz\u0119\u015b\u0107 ca\u0142ej historii, ale wi\u0119cej na ten temat mo\u017cna przeczyta\u0107 <a href=\"http:\/\/109.199.118.79\/~rekylweb\/clients\/idrettsraadet.no\/wp-content\/uploads\/2016\/06\/HanssonsMinde_historie_web.ppt\">tutaj<\/a>. Przy czym istniej\u0105 w niej pewne luki, w szczeg\u00f3lno\u015bci je\u015bli chodzi o niedawne czasy, wi\u0119c je\u015bli kto\u015b posiada dodatkowe informacje o historii budynku, a najlepiej jakie\u015b zdj\u0119cia, bardzo zale\u017ca\u0142oby nam na kontakcie z Tob\u0105.<br \/>\nPonadto nie ma jasno\u015bci, czy nazwisko Hanson powinno by\u0107 zapisywane przez jedno czy przez dwa \u201es\u201d. Znamy kilka wiarygodnych \u017ar\u00f3de\u0142, kt\u00f3re nie s\u0105 jednak sp\u00f3jne, np. na p\u0142ycie nagrobnej na cmentarzu w Lag\u00e5rdsveien nazwisko to jest zapisane przez dwa \u201es\u201d, natomiast w starym archiwum mo\u017cna znale\u017a\u0107 przypadki zapisu zar\u00f3wno przez jedno, jak i przez dwa \u201es\u201d. Dlatego pierwotnie wybrali\u015bmy zapis przez dwa \u201es\u201d.<\/p>\n<p>Ale potem zg\u0142osi\u0142 si\u0119 krewny, Bernhard Hanson, i potwierdzi\u0142, \u017ce nazwisko \u201eHanson\u201d nale\u017cy pisa\u0107 przez jedno \u201es\u201d.<br \/>\nW zwi\u0105zku z tym chcemy nawi\u0105za\u0107 kontakt z osobami, kt\u00f3re maj\u0105 obrazy lub fotografie przedstawiaj\u0105ce Bernarda Hansona lub jego dom oraz jego rysunki lub obrazy.\u00a0Byliby\u015bmy szczeg\u00f3lnie zachwyceni, gdyby uda\u0142o nam zdoby\u0107 si\u0119 kilka wyra\u017anych portret\u00f3w tego barwnego cz\u0142owieka.<\/p>\n","protected":false},"excerpt":{"rendered":"<p>Wynajmujemy pomieszczenia na r\u00f3\u017cne imprezy, takie jak chrzty, bierzmowania, rocznice, wesela, urodziny, zabawy, szkolenia\/konferencje itp. Dom sportu w Stavanger Hansons Minde jest w\u0142asno\u015bci\u0105 gminy Stavanger, a obecnie jest do dyspozycji Rady Sportu na potrzeby promowania aktywno\u015bci fizycznej w Stavanger.\u00a0Na parterze znajduje si\u0119 zaplecze konferencyjne, z kt\u00f3rego dru\u017cyny sportowe ze Stavanger mog\u0105 korzysta\u0107 bezp\u0142atnie.\u00a0W niekt\u00f3re weekendy [&hellip;]<\/p>\n","protected":false},"author":1,"featured_media":0,"parent":0,"menu_order":0,"comment_status":"closed","ping_status":"closed","template":"","meta":{"site-sidebar-layout":"right-sidebar","site-content-layout":"default","ast-site-content-layout":"default","site-content-style":"default","site-sidebar-style":"default","ast-global-header-display":"","ast-banner-title-visibility":"","ast-main-header-display":"","ast-hfb-above-header-display":"","ast-hfb-below-header-display":"","ast-hfb-mobile-header-display":"","site-post-title":"","ast-breadcrumbs-content":"","ast-featured-img":"","footer-sml-layout":"","ast-disable-related-posts":"","theme-transparent-header-meta":"","adv-header-id-meta":"","stick-header-meta":"default","header-above-stick-meta":"","header-main-stick-meta":"","header-below-stick-meta":"","astra-migrate-meta-layouts":"default","ast-page-background-enabled":"default","ast-page-background-meta":{"desktop":{"background-color":"","background-image":"","background-repeat":"repeat","background-position":"center center","background-size":"auto","background-attachment":"scroll","background-type":"","background-media":"","overlay-type":"","overlay-color":"","overlay-opacity":"","overlay-gradient":""},"tablet":{"background-color":"","background-image":"","background-repeat":"repeat","background-position":"center center","background-size":"auto","background-attachment":"scroll","background-type":"","background-media":"","overlay-type":"","overlay-color":"","overlay-opacity":"","overlay-gradient":""},"mobile":{"background-color":"","background-image":"","background-repeat":"repeat","background-position":"center center","background-size":"auto","background-attachment":"scroll","background-type":"","background-media":"","overlay-type":"","overlay-color":"","overlay-opacity":"","overlay-gradient":""}},"ast-content-background-meta":{"desktop":{"background-color":"var(--ast-global-color-5)","background-image":"","background-repeat":"repeat","background-position":"center center","background-size":"auto","background-attachment":"scroll","background-type":"","background-media":"","overlay-type":"","overlay-color":"","overlay-opacity":"","overlay-gradient":""},"tablet":{"background-color":"var(--ast-global-color-5)","background-image":"","background-repeat":"repeat","background-position":"center center","background-size":"auto","background-attachment":"scroll","background-type":"","background-media":"","overlay-type":"","overlay-color":"","overlay-opacity":"","overlay-gradient":""},"mobile":{"background-color":"var(--ast-global-color-5)","background-image":"","background-repeat":"repeat","background-position":"center center","background-size":"auto","background-attachment":"scroll","background-type":"","background-media":"","overlay-type":"","overlay-color":"","overlay-opacity":"","overlay-gradient":""}},"footnotes":""},"class_list":["post-12016","page","type-page","status-publish","hentry"],"yoast_head":"<!-- This site is optimized with the Yoast SEO plugin v27.4 - https:\/\/yoast.com\/product\/yoast-seo-wordpress\/ -->\n<title>Hansons Minde - Idrettsr\u00e5det Stavanger<\/title>\n<meta name=\"robots\" content=\"index, follow, max-snippet:-1, max-image-preview:large, max-video-preview:-1\" \/>\n<link rel=\"canonical\" href=\"https:\/\/idrettsraadet.no\/pl\/om-hansons-minde\/\" \/>\n<meta property=\"og:locale\" content=\"pl_PL\" \/>\n<meta property=\"og:type\" content=\"article\" \/>\n<meta property=\"og:title\" content=\"Hansons Minde - Idrettsr\u00e5det Stavanger\" \/>\n<meta property=\"og:description\" content=\"Wynajmujemy pomieszczenia na r\u00f3\u017cne imprezy, takie jak chrzty, bierzmowania, rocznice, wesela, urodziny, zabawy, szkolenia\/konferencje itp. Dom sportu w Stavanger Hansons Minde jest w\u0142asno\u015bci\u0105 gminy Stavanger, a obecnie jest do dyspozycji Rady Sportu na potrzeby promowania aktywno\u015bci fizycznej w Stavanger.\u00a0Na parterze znajduje si\u0119 zaplecze konferencyjne, z kt\u00f3rego dru\u017cyny sportowe ze Stavanger mog\u0105 korzysta\u0107 bezp\u0142atnie.\u00a0W niekt\u00f3re weekendy [&hellip;]\" \/>\n<meta property=\"og:url\" content=\"https:\/\/idrettsraadet.no\/pl\/om-hansons-minde\/\" \/>\n<meta property=\"og:site_name\" content=\"Idrettsr\u00e5det Stavanger\" \/>\n<meta property=\"article:modified_time\" content=\"2020-02-21T10:28:51+00:00\" \/>\n<meta property=\"og:image\" content=\"http:\/\/109.199.118.79\/~rekylweb\/clients\/idrettsraadet.no\/wp-content\/uploads\/2016\/06\/hansonsminde.jpg\" \/>\n<meta name=\"twitter:card\" content=\"summary_large_image\" \/>\n<meta name=\"twitter:label1\" content=\"Szacowany czas czytania\" \/>\n\t<meta name=\"twitter:data1\" content=\"2 minuty\" \/>\n<script type=\"application\/ld+json\" class=\"yoast-schema-graph\">{\"@context\":\"https:\\\/\\\/schema.org\",\"@graph\":[{\"@type\":\"WebPage\",\"@id\":\"https:\\\/\\\/idrettsraadet.no\\\/pl\\\/om-hansons-minde\\\/\",\"url\":\"https:\\\/\\\/idrettsraadet.no\\\/pl\\\/om-hansons-minde\\\/\",\"name\":\"Hansons Minde - Idrettsr\u00e5det Stavanger\",\"isPartOf\":{\"@id\":\"https:\\\/\\\/idrettsraadet.no\\\/bn\\\/#website\"},\"primaryImageOfPage\":{\"@id\":\"https:\\\/\\\/idrettsraadet.no\\\/pl\\\/om-hansons-minde\\\/#primaryimage\"},\"image\":{\"@id\":\"https:\\\/\\\/idrettsraadet.no\\\/pl\\\/om-hansons-minde\\\/#primaryimage\"},\"thumbnailUrl\":\"http:\\\/\\\/109.199.118.79\\\/~rekylweb\\\/clients\\\/idrettsraadet.no\\\/wp-content\\\/uploads\\\/2016\\\/06\\\/hansonsminde.jpg\",\"datePublished\":\"2020-02-20T14:07:06+00:00\",\"dateModified\":\"2020-02-21T10:28:51+00:00\",\"breadcrumb\":{\"@id\":\"https:\\\/\\\/idrettsraadet.no\\\/pl\\\/om-hansons-minde\\\/#breadcrumb\"},\"inLanguage\":\"pl-PL\",\"potentialAction\":[{\"@type\":\"ReadAction\",\"target\":[\"https:\\\/\\\/idrettsraadet.no\\\/pl\\\/om-hansons-minde\\\/\"]}]},{\"@type\":\"ImageObject\",\"inLanguage\":\"pl-PL\",\"@id\":\"https:\\\/\\\/idrettsraadet.no\\\/pl\\\/om-hansons-minde\\\/#primaryimage\",\"url\":\"http:\\\/\\\/109.199.118.79\\\/~rekylweb\\\/clients\\\/idrettsraadet.no\\\/wp-content\\\/uploads\\\/2016\\\/06\\\/hansonsminde.jpg\",\"contentUrl\":\"http:\\\/\\\/109.199.118.79\\\/~rekylweb\\\/clients\\\/idrettsraadet.no\\\/wp-content\\\/uploads\\\/2016\\\/06\\\/hansonsminde.jpg\"},{\"@type\":\"BreadcrumbList\",\"@id\":\"https:\\\/\\\/idrettsraadet.no\\\/pl\\\/om-hansons-minde\\\/#breadcrumb\",\"itemListElement\":[{\"@type\":\"ListItem\",\"position\":1,\"name\":\"Hjem\",\"item\":\"https:\\\/\\\/idrettsraadet.no\\\/pl\\\/\"},{\"@type\":\"ListItem\",\"position\":2,\"name\":\"Hansons Minde\"}]},{\"@type\":\"WebSite\",\"@id\":\"https:\\\/\\\/idrettsraadet.no\\\/bn\\\/#website\",\"url\":\"https:\\\/\\\/idrettsraadet.no\\\/bn\\\/\",\"name\":\"Idrettsr\u00e5det Stavanger\",\"description\":\"Idrett for alle.\",\"publisher\":{\"@id\":\"https:\\\/\\\/idrettsraadet.no\\\/bn\\\/#organization\"},\"potentialAction\":[{\"@type\":\"SearchAction\",\"target\":{\"@type\":\"EntryPoint\",\"urlTemplate\":\"https:\\\/\\\/idrettsraadet.no\\\/bn\\\/?s={search_term_string}\"},\"query-input\":{\"@type\":\"PropertyValueSpecification\",\"valueRequired\":true,\"valueName\":\"search_term_string\"}}],\"inLanguage\":\"pl-PL\"},{\"@type\":\"Organization\",\"@id\":\"https:\\\/\\\/idrettsraadet.no\\\/bn\\\/#organization\",\"name\":\"Stavanger Idrettsr\u00e5d\",\"url\":\"https:\\\/\\\/idrettsraadet.no\\\/bn\\\/\",\"logo\":{\"@type\":\"ImageObject\",\"inLanguage\":\"pl-PL\",\"@id\":\"https:\\\/\\\/idrettsraadet.no\\\/bn\\\/#\\\/schema\\\/logo\\\/image\\\/\",\"url\":\"https:\\\/\\\/idrettsraadet.no\\\/wp-content\\\/uploads\\\/2016\\\/06\\\/logo.png\",\"contentUrl\":\"https:\\\/\\\/idrettsraadet.no\\\/wp-content\\\/uploads\\\/2016\\\/06\\\/logo.png\",\"width\":149,\"height\":48,\"caption\":\"Stavanger Idrettsr\u00e5d\"},\"image\":{\"@id\":\"https:\\\/\\\/idrettsraadet.no\\\/bn\\\/#\\\/schema\\\/logo\\\/image\\\/\"}}]}<\/script>\n<!-- \/ Yoast SEO plugin. -->","yoast_head_json":{"title":"Hansons Minde - Idrettsr\u00e5det Stavanger","robots":{"index":"index","follow":"follow","max-snippet":"max-snippet:-1","max-image-preview":"max-image-preview:large","max-video-preview":"max-video-preview:-1"},"canonical":"https:\/\/idrettsraadet.no\/pl\/om-hansons-minde\/","og_locale":"pl_PL","og_type":"article","og_title":"Hansons Minde - Idrettsr\u00e5det Stavanger","og_description":"Wynajmujemy pomieszczenia na r\u00f3\u017cne imprezy, takie jak chrzty, bierzmowania, rocznice, wesela, urodziny, zabawy, szkolenia\/konferencje itp. Dom sportu w Stavanger Hansons Minde jest w\u0142asno\u015bci\u0105 gminy Stavanger, a obecnie jest do dyspozycji Rady Sportu na potrzeby promowania aktywno\u015bci fizycznej w Stavanger.\u00a0Na parterze znajduje si\u0119 zaplecze konferencyjne, z kt\u00f3rego dru\u017cyny sportowe ze Stavanger mog\u0105 korzysta\u0107 bezp\u0142atnie.\u00a0W niekt\u00f3re weekendy [&hellip;]","og_url":"https:\/\/idrettsraadet.no\/pl\/om-hansons-minde\/","og_site_name":"Idrettsr\u00e5det Stavanger","article_modified_time":"2020-02-21T10:28:51+00:00","og_image":[{"url":"http:\/\/109.199.118.79\/~rekylweb\/clients\/idrettsraadet.no\/wp-content\/uploads\/2016\/06\/hansonsminde.jpg","type":"","width":"","height":""}],"twitter_card":"summary_large_image","twitter_misc":{"Szacowany czas czytania":"2 minuty"},"schema":{"@context":"https:\/\/schema.org","@graph":[{"@type":"WebPage","@id":"https:\/\/idrettsraadet.no\/pl\/om-hansons-minde\/","url":"https:\/\/idrettsraadet.no\/pl\/om-hansons-minde\/","name":"Hansons Minde - Idrettsr\u00e5det Stavanger","isPartOf":{"@id":"https:\/\/idrettsraadet.no\/bn\/#website"},"primaryImageOfPage":{"@id":"https:\/\/idrettsraadet.no\/pl\/om-hansons-minde\/#primaryimage"},"image":{"@id":"https:\/\/idrettsraadet.no\/pl\/om-hansons-minde\/#primaryimage"},"thumbnailUrl":"http:\/\/109.199.118.79\/~rekylweb\/clients\/idrettsraadet.no\/wp-content\/uploads\/2016\/06\/hansonsminde.jpg","datePublished":"2020-02-20T14:07:06+00:00","dateModified":"2020-02-21T10:28:51+00:00","breadcrumb":{"@id":"https:\/\/idrettsraadet.no\/pl\/om-hansons-minde\/#breadcrumb"},"inLanguage":"pl-PL","potentialAction":[{"@type":"ReadAction","target":["https:\/\/idrettsraadet.no\/pl\/om-hansons-minde\/"]}]},{"@type":"ImageObject","inLanguage":"pl-PL","@id":"https:\/\/idrettsraadet.no\/pl\/om-hansons-minde\/#primaryimage","url":"http:\/\/109.199.118.79\/~rekylweb\/clients\/idrettsraadet.no\/wp-content\/uploads\/2016\/06\/hansonsminde.jpg","contentUrl":"http:\/\/109.199.118.79\/~rekylweb\/clients\/idrettsraadet.no\/wp-content\/uploads\/2016\/06\/hansonsminde.jpg"},{"@type":"BreadcrumbList","@id":"https:\/\/idrettsraadet.no\/pl\/om-hansons-minde\/#breadcrumb","itemListElement":[{"@type":"ListItem","position":1,"name":"Hjem","item":"https:\/\/idrettsraadet.no\/pl\/"},{"@type":"ListItem","position":2,"name":"Hansons Minde"}]},{"@type":"WebSite","@id":"https:\/\/idrettsraadet.no\/bn\/#website","url":"https:\/\/idrettsraadet.no\/bn\/","name":"Idrettsr\u00e5det Stavanger","description":"Idrett for alle.","publisher":{"@id":"https:\/\/idrettsraadet.no\/bn\/#organization"},"potentialAction":[{"@type":"SearchAction","target":{"@type":"EntryPoint","urlTemplate":"https:\/\/idrettsraadet.no\/bn\/?s={search_term_string}"},"query-input":{"@type":"PropertyValueSpecification","valueRequired":true,"valueName":"search_term_string"}}],"inLanguage":"pl-PL"},{"@type":"Organization","@id":"https:\/\/idrettsraadet.no\/bn\/#organization","name":"Stavanger Idrettsr\u00e5d","url":"https:\/\/idrettsraadet.no\/bn\/","logo":{"@type":"ImageObject","inLanguage":"pl-PL","@id":"https:\/\/idrettsraadet.no\/bn\/#\/schema\/logo\/image\/","url":"https:\/\/idrettsraadet.no\/wp-content\/uploads\/2016\/06\/logo.png","contentUrl":"https:\/\/idrettsraadet.no\/wp-content\/uploads\/2016\/06\/logo.png","width":149,"height":48,"caption":"Stavanger Idrettsr\u00e5d"},"image":{"@id":"https:\/\/idrettsraadet.no\/bn\/#\/schema\/logo\/image\/"}}]}},"_links":{"self":[{"href":"https:\/\/idrettsraadet.no\/pl\/wp-json\/wp\/v2\/pages\/12016","targetHints":{"allow":["GET"]}}],"collection":[{"href":"https:\/\/idrettsraadet.no\/pl\/wp-json\/wp\/v2\/pages"}],"about":[{"href":"https:\/\/idrettsraadet.no\/pl\/wp-json\/wp\/v2\/types\/page"}],"author":[{"embeddable":true,"href":"https:\/\/idrettsraadet.no\/pl\/wp-json\/wp\/v2\/users\/1"}],"replies":[{"embeddable":true,"href":"https:\/\/idrettsraadet.no\/pl\/wp-json\/wp\/v2\/comments?post=12016"}],"version-history":[{"count":1,"href":"https:\/\/idrettsraadet.no\/pl\/wp-json\/wp\/v2\/pages\/12016\/revisions"}],"predecessor-version":[{"id":12095,"href":"https:\/\/idrettsraadet.no\/pl\/wp-json\/wp\/v2\/pages\/12016\/revisions\/12095"}],"wp:attachment":[{"href":"https:\/\/idrettsraadet.no\/pl\/wp-json\/wp\/v2\/media?parent=12016"}],"curies":[{"name":"wp","href":"https:\/\/api.w.org\/{rel}","templated":true}]}}