{"id":12019,"date":"2020-02-20T15:34:08","date_gmt":"2020-02-20T14:34:08","guid":{"rendered":"https:\/\/idrettsraadet.no\/wynajem\/"},"modified":"2020-02-20T15:34:10","modified_gmt":"2020-02-20T14:34:10","slug":"wynajem","status":"publish","type":"page","link":"https:\/\/idrettsraadet.no\/pl\/wynajem\/","title":{"rendered":"Wynajem"},"content":{"rendered":"\t\t<div data-elementor-type=\"wp-post\" data-elementor-id=\"12019\" class=\"elementor elementor-12019 elementor-438\" data-elementor-post-type=\"page\">\n\t\t\t\t\t\t<section class=\"elementor-section elementor-top-section elementor-element elementor-element-5880 elementor-section-boxed elementor-section-height-default elementor-section-height-default\" data-id=\"5880\" data-element_type=\"section\" data-e-type=\"section\">\n\t\t\t\t\t\t<div class=\"elementor-container elementor-column-gap-default\">\n\t\t\t\t\t<div class=\"elementor-column elementor-col-100 elementor-top-column elementor-element elementor-element-1d85\" data-id=\"1d85\" data-element_type=\"column\" data-e-type=\"column\">\n\t\t\t<div class=\"elementor-widget-wrap elementor-element-populated\">\n\t\t\t\t\t\t<div class=\"elementor-element elementor-element-5665acf elementor-arrows-position-inside elementor-pagination-position-outside elementor-widget elementor-widget-image-carousel\" data-id=\"5665acf\" data-element_type=\"widget\" data-e-type=\"widget\" data-settings=\"{&quot;slides_to_show&quot;:&quot;1&quot;,&quot;navigation&quot;:&quot;both&quot;,&quot;autoplay&quot;:&quot;yes&quot;,&quot;pause_on_hover&quot;:&quot;yes&quot;,&quot;pause_on_interaction&quot;:&quot;yes&quot;,&quot;autoplay_speed&quot;:5000,&quot;infinite&quot;:&quot;yes&quot;,&quot;effect&quot;:&quot;slide&quot;,&quot;speed&quot;:500}\" data-widget_type=\"image-carousel.default\">\n\t\t\t\t<div class=\"elementor-widget-container\">\n\t\t\t\t\t\t\t<div class=\"elementor-image-carousel-wrapper swiper\" role=\"region\" aria-roledescription=\"carousel\" aria-label=\"Karuzela obrazk\u00f3w\" dir=\"ltr\">\n\t\t\t<div class=\"elementor-image-carousel swiper-wrapper swiper-image-stretch\" aria-live=\"off\">\n\t\t\t\t\t\t\t\t<div class=\"swiper-slide\" role=\"group\" aria-roledescription=\"slide\" aria-label=\"1 z 11\"><figure class=\"swiper-slide-inner\"><img decoding=\"async\" class=\"swiper-slide-image\" src=\"https:\/\/idrettsraadet.no\/wp-content\/uploads\/2018\/11\/105_0501-696x400.jpg\" alt=\"105_0501-696x400\" \/><\/figure><\/div><div class=\"swiper-slide\" role=\"group\" aria-roledescription=\"slide\" aria-label=\"2 z 11\"><figure class=\"swiper-slide-inner\"><img decoding=\"async\" class=\"swiper-slide-image\" src=\"https:\/\/idrettsraadet.no\/wp-content\/uploads\/2018\/11\/109_1000-696x400.jpg\" alt=\"109_1000-696x400\" \/><\/figure><\/div><div class=\"swiper-slide\" role=\"group\" aria-roledescription=\"slide\" aria-label=\"3 z 11\"><figure class=\"swiper-slide-inner\"><img decoding=\"async\" class=\"swiper-slide-image\" src=\"https:\/\/idrettsraadet.no\/wp-content\/uploads\/2018\/11\/119_1948-696x400.jpg\" alt=\"119_1948-696x400\" \/><\/figure><\/div><div class=\"swiper-slide\" role=\"group\" aria-roledescription=\"slide\" aria-label=\"4 z 11\"><figure class=\"swiper-slide-inner\"><img decoding=\"async\" class=\"swiper-slide-image\" src=\"https:\/\/idrettsraadet.no\/wp-content\/uploads\/2018\/11\/119_1950-696x400.jpg\" alt=\"119_1950-696x400\" \/><\/figure><\/div><div class=\"swiper-slide\" role=\"group\" aria-roledescription=\"slide\" aria-label=\"5 z 11\"><figure class=\"swiper-slide-inner\"><img decoding=\"async\" class=\"swiper-slide-image\" src=\"https:\/\/idrettsraadet.no\/wp-content\/uploads\/2018\/11\/Diverse-IR-bilder-004-696x400.jpg\" alt=\"Diverse-IR-bilder-004-696x400\" \/><\/figure><\/div><div class=\"swiper-slide\" role=\"group\" aria-roledescription=\"slide\" aria-label=\"6 z 11\"><figure class=\"swiper-slide-inner\"><img decoding=\"async\" class=\"swiper-slide-image\" src=\"https:\/\/idrettsraadet.no\/wp-content\/uploads\/2018\/11\/Diverse-IR-bilder-005-696x400.jpg\" alt=\"Diverse-IR-bilder-005-696x400\" \/><\/figure><\/div><div class=\"swiper-slide\" role=\"group\" aria-roledescription=\"slide\" aria-label=\"7 z 11\"><figure class=\"swiper-slide-inner\"><img decoding=\"async\" class=\"swiper-slide-image\" src=\"https:\/\/idrettsraadet.no\/wp-content\/uploads\/2018\/11\/Diverse-IR-bilder-081-696x400.jpg\" alt=\"Diverse-IR-bilder-081-696x400\" \/><\/figure><\/div><div class=\"swiper-slide\" role=\"group\" aria-roledescription=\"slide\" aria-label=\"8 z 11\"><figure class=\"swiper-slide-inner\"><img decoding=\"async\" class=\"swiper-slide-image\" src=\"https:\/\/idrettsraadet.no\/wp-content\/uploads\/2018\/11\/IMG_4945-696x400.jpg\" alt=\"IMG_4945-696x400\" \/><\/figure><\/div><div class=\"swiper-slide\" role=\"group\" aria-roledescription=\"slide\" aria-label=\"9 z 11\"><figure class=\"swiper-slide-inner\"><img decoding=\"async\" class=\"swiper-slide-image\" src=\"https:\/\/idrettsraadet.no\/wp-content\/uploads\/2018\/11\/IMG_4946-696x400.jpg\" alt=\"IMG_4946-696x400\" \/><\/figure><\/div><div class=\"swiper-slide\" role=\"group\" aria-roledescription=\"slide\" aria-label=\"10 z 11\"><figure class=\"swiper-slide-inner\"><img decoding=\"async\" class=\"swiper-slide-image\" src=\"https:\/\/idrettsraadet.no\/wp-content\/uploads\/2018\/11\/si4-696x400.jpg\" alt=\"si4-696x400\" \/><\/figure><\/div><div class=\"swiper-slide\" role=\"group\" aria-roledescription=\"slide\" aria-label=\"11 z 11\"><figure class=\"swiper-slide-inner\"><img decoding=\"async\" class=\"swiper-slide-image\" src=\"https:\/\/idrettsraadet.no\/wp-content\/uploads\/2018\/11\/stort_moterom-696x400.jpg\" alt=\"stort_moterom-696x400\" \/><\/figure><\/div>\t\t\t<\/div>\n\t\t\t\t\t\t\t\t\t\t\t\t<div class=\"elementor-swiper-button elementor-swiper-button-prev\" role=\"button\" tabindex=\"0\">\n\t\t\t\t\t\t<i aria-hidden=\"true\" class=\"eicon-chevron-left\"><\/i>\t\t\t\t\t<\/div>\n\t\t\t\t\t<div class=\"elementor-swiper-button elementor-swiper-button-next\" role=\"button\" tabindex=\"0\">\n\t\t\t\t\t\t<i aria-hidden=\"true\" class=\"eicon-chevron-right\"><\/i>\t\t\t\t\t<\/div>\n\t\t\t\t\n\t\t\t\t\t\t\t\t\t<div class=\"swiper-pagination\"><\/div>\n\t\t\t\t\t\t\t\t\t<\/div>\n\t\t\t\t\t\t<\/div>\n\t\t\t\t<\/div>\n\t\t\t\t<div class=\"elementor-element elementor-element-d97 elementor-widget elementor-widget-text-editor\" data-id=\"d97\" data-element_type=\"widget\" data-e-type=\"widget\" data-widget_type=\"text-editor.default\">\n\t\t\t\t<div class=\"elementor-widget-container\">\n\t\t\t\t\t\t\t\t\t<p><strong>Ca\u0142o\u015b\u0107 parteru mo\u017ce by\u0107 bezp\u0142atnie wypo\u017cyczana przez dru\u017cyny sportowe ze Stavanger w celu organizowania spotka\u0144 od poniedzia\u0142ku do czwartku<\/strong><\/p>\n<h3>Dysponujemy atrakcyjnymi salami o historycznym uroku.<\/h3>\n<p>Obiekt posiada jedn\u0105 du\u017c\u0105 sal\u0119 konferencyjn\u0105 o powierzchni 70 m2, kt\u00f3ra mo\u017ce pomie\u015bci\u0107 oko\u0142o 50 os\u00f3b w ustawieniu ze sto\u0142ami i oko\u0142o 70 os\u00f3b w ustawieniu teatralnym.<br \/>\nDo sali konferencyjnej przylega sala telewizyjna o powierzchni 25 m2, kt\u00f3r\u0105 mo\u017cna r\u00f3wnie\u017c wynaj\u0105\u0107.<br \/>\nW domu znajduje si\u0119 r\u00f3wnie\u017c sala posiedze\u0144 o powierzchni 25 m2 z du\u017cym sto\u0142em i 16 krzes\u0142ami.<br \/>\nPonadto posiadamy ma\u0142\u0105 kuchni\u0119, kt\u00f3ra, ze wzgl\u0119du na sw\u00f3j rozmiar, nie nadaje si\u0119 do gotowania, ale jest wyposa\u017cona w lod\u00f3wk\u0119, zmywark\u0119, ekspres do kawy itp. W przypadku zebra\u0144\/imprez, na kt\u00f3rych podawane b\u0119dzie jedzenie, musi ono zosta\u0107 dostarczone ju\u017c gotowe.<br \/>\nUdost\u0119pniamy talerze, sztu\u0107ce, kubki i szklanki.<\/p>\n<h3>Wynajem<\/h3>\n<p>W weekendy wynajmujemy pomieszczenia na r\u00f3\u017cne imprezy, takie jak chrzty, bierzmowania, rocznice, wesela, urodziny, spotkania towarzyskie, szkolenia\/konferencje itp.<\/p>\n<p>Formularz rezerwacji sali mo\u017cna znale\u017a\u0107 <a href=\"https:\/\/response.questback.com\/isa\/qbv.dll\/ShowQuest?QuestID=5253830&amp;sid=lC0bMMPjlm\">TUTAJ<\/a><\/p>\n<h4>Wynajem w weekendy\/\u015bwi\u0119ta<\/h4>\n<p>Pi\u0105tek 15:00 \u2013 sobota 12:00: Du\u017ca sala konferencyjna, 5\u00a0750 koron<br \/>\n+ sala telewizyjna, 1 700 koron<\/p>\n<p>Sobota 15:00 \u2013 niedziela 12:00: Du\u017ca sala konferencyjna, 5\u00a0750 koron<br \/>\n+ sala telewizyjna, 1 700 koron<\/p>\n<p>W przypadku wynajmu poza tymi godzinami, by\u0107 mo\u017ce na ca\u0142y weekend, prosimy o kontakt w sprawie ceny.<\/p>\n<h3>Wynajem w dni powszednie<\/h3>\n<h4>Dni powszednie (szkolenie\/konferencja)<\/h4>\n<p><strong>0800-1700 LUB 1700 &#8211; 2200<\/strong><br \/>\nDu\u017ca sala konferencyjna, 3 500 koron<br \/>\n+ sala telewizyjna, 1 700 koron<br \/>\nSala posiedze\u0144, 1 700 koron<br \/>\nStawka godzinowa w przypadku kr\u00f3tszych spotka\u0144, 540 koron (minimum 2 godziny)<\/p>\n<h5>Inne<\/h5>\n<p>1500-2400<br \/>\nDu\u017ca sala konferencyjna, 4 700 koron<\/p>\n<h4>Bezp\u0142atne spotkania dla dru\u017cyn sportowych<\/h4>\n<p>Dru\u017cyny sportowe ze Stavanger mog\u0105 wynaj\u0105\u0107 lokal na spotkanie za darmo od poniedzia\u0142ku do czwartku i za po\u0142ow\u0119 ceny od pi\u0105tku do niedzieli.<br \/>\nW przypadku wynajmu na weekend wymagana jest wp\u0142ata kaucji w wysoko\u015bci 2\u00a0000 koron, kt\u00f3r\u0105 nale\u017cy ui\u015bci\u0107 z g\u00f3ry wraz z cen\u0105 za wynajem. W cen\u0119 wliczone jest sprz\u0105tanie po zako\u0144czeniu imprezy.<\/p>\n<p>Federacje regionalne p\u0142ac\u0105 750 koron za spotkania w du\u017cej sali konferencyjnej i 500 koron za spotkania w sali posiedze\u0144 w okresie od poniedzia\u0142ku do czwartku.<\/p>\n<h4>Us\u0142ugi cateringowe<\/h4>\n<p><img decoding=\"async\" src=\"http:\/\/109.199.118.79\/~rekylweb\/clients\/idrettsraadet.no\/wp-content\/uploads\/2016\/06\/Servit-logo-1-150x150.png\" alt=\"Servit logo 1\" width=\"150\" height=\"150\" \/><\/p>\n<p>Wsp\u00f3\u0142pracujemy z Servit i polecamy ich ofert\u0119 cateringow\u0105. Kliknij <a href=\"http:\/\/www.servit.no\/\">tutaj<\/a>, aby wej\u015b\u0107 na ich stron\u0119 internetow\u0105.<\/p>\n\t\t\t\t\t\t\t\t<\/div>\n\t\t\t\t<\/div>\n\t\t\t\t\t<\/div>\n\t\t<\/div>\n\t\t\t\t\t<\/div>\n\t\t<\/section>\n\t\t\t\t<\/div>\n\t\t","protected":false},"excerpt":{"rendered":"<p>Forrige Neste Ca\u0142o\u015b\u0107 parteru mo\u017ce by\u0107 bezp\u0142atnie wypo\u017cyczana przez dru\u017cyny sportowe ze Stavanger w celu organizowania spotka\u0144 od poniedzia\u0142ku do czwartku Dysponujemy atrakcyjnymi salami o historycznym uroku. Obiekt posiada jedn\u0105 du\u017c\u0105 sal\u0119 konferencyjn\u0105 o powierzchni 70 m2, kt\u00f3ra mo\u017ce pomie\u015bci\u0107 oko\u0142o 50 os\u00f3b w ustawieniu ze sto\u0142ami i oko\u0142o 70 os\u00f3b w ustawieniu teatralnym. Do [&hellip;]<\/p>\n","protected":false},"author":1,"featured_media":0,"parent":0,"menu_order":0,"comment_status":"closed","ping_status":"closed","template":"","meta":{"site-sidebar-layout":"default","site-content-layout":"default","ast-site-content-layout":"default","site-content-style":"default","site-sidebar-style":"default","ast-global-header-display":"","ast-banner-title-visibility":"","ast-main-header-display":"","ast-hfb-above-header-display":"","ast-hfb-below-header-display":"","ast-hfb-mobile-header-display":"","site-post-title":"","ast-breadcrumbs-content":"","ast-featured-img":"","footer-sml-layout":"","ast-disable-related-posts":"","theme-transparent-header-meta":"default","adv-header-id-meta":"","stick-header-meta":"default","header-above-stick-meta":"","header-main-stick-meta":"","header-below-stick-meta":"","astra-migrate-meta-layouts":"default","ast-page-background-enabled":"default","ast-page-background-meta":{"desktop":{"background-color":"","background-image":"","background-repeat":"repeat","background-position":"center center","background-size":"auto","background-attachment":"scroll","background-type":"","background-media":"","overlay-type":"","overlay-color":"","overlay-opacity":"","overlay-gradient":""},"tablet":{"background-color":"","background-image":"","background-repeat":"repeat","background-position":"center center","background-size":"auto","background-attachment":"scroll","background-type":"","background-media":"","overlay-type":"","overlay-color":"","overlay-opacity":"","overlay-gradient":""},"mobile":{"background-color":"","background-image":"","background-repeat":"repeat","background-position":"center center","background-size":"auto","background-attachment":"scroll","background-type":"","background-media":"","overlay-type":"","overlay-color":"","overlay-opacity":"","overlay-gradient":""}},"ast-content-background-meta":{"desktop":{"background-color":"var(--ast-global-color-5)","background-image":"","background-repeat":"repeat","background-position":"center center","background-size":"auto","background-attachment":"scroll","background-type":"","background-media":"","overlay-type":"","overlay-color":"","overlay-opacity":"","overlay-gradient":""},"tablet":{"background-color":"var(--ast-global-color-5)","background-image":"","background-repeat":"repeat","background-position":"center center","background-size":"auto","background-attachment":"scroll","background-type":"","background-media":"","overlay-type":"","overlay-color":"","overlay-opacity":"","overlay-gradient":""},"mobile":{"background-color":"var(--ast-global-color-5)","background-image":"","background-repeat":"repeat","background-position":"center center","background-size":"auto","background-attachment":"scroll","background-type":"","background-media":"","overlay-type":"","overlay-color":"","overlay-opacity":"","overlay-gradient":""}},"footnotes":""},"class_list":["post-12019","page","type-page","status-publish","hentry"],"yoast_head":"<!-- This site is optimized with the Yoast SEO plugin v27.4 - https:\/\/yoast.com\/product\/yoast-seo-wordpress\/ -->\n<title>Wynajem - Idrettsr\u00e5det Stavanger<\/title>\n<meta name=\"robots\" content=\"index, follow, max-snippet:-1, max-image-preview:large, max-video-preview:-1\" \/>\n<link rel=\"canonical\" href=\"https:\/\/idrettsraadet.no\/pl\/wynajem\/\" \/>\n<meta property=\"og:locale\" content=\"pl_PL\" \/>\n<meta property=\"og:type\" content=\"article\" \/>\n<meta property=\"og:title\" content=\"Wynajem - Idrettsr\u00e5det Stavanger\" \/>\n<meta property=\"og:description\" content=\"Forrige Neste Ca\u0142o\u015b\u0107 parteru mo\u017ce by\u0107 bezp\u0142atnie wypo\u017cyczana przez dru\u017cyny sportowe ze Stavanger w celu organizowania spotka\u0144 od poniedzia\u0142ku do czwartku Dysponujemy atrakcyjnymi salami o historycznym uroku. Obiekt posiada jedn\u0105 du\u017c\u0105 sal\u0119 konferencyjn\u0105 o powierzchni 70 m2, kt\u00f3ra mo\u017ce pomie\u015bci\u0107 oko\u0142o 50 os\u00f3b w ustawieniu ze sto\u0142ami i oko\u0142o 70 os\u00f3b w ustawieniu teatralnym. Do [&hellip;]\" \/>\n<meta property=\"og:url\" content=\"https:\/\/idrettsraadet.no\/pl\/wynajem\/\" \/>\n<meta property=\"og:site_name\" content=\"Idrettsr\u00e5det Stavanger\" \/>\n<meta property=\"article:modified_time\" content=\"2020-02-20T14:34:10+00:00\" \/>\n<meta property=\"og:image\" content=\"https:\/\/idrettsraadet.no\/wp-content\/uploads\/2018\/11\/105_0501-696x400.jpg\" \/>\n<meta name=\"twitter:card\" content=\"summary_large_image\" \/>\n<meta name=\"twitter:label1\" content=\"Szacowany czas czytania\" \/>\n\t<meta name=\"twitter:data1\" content=\"2 minuty\" \/>\n<script type=\"application\/ld+json\" class=\"yoast-schema-graph\">{\"@context\":\"https:\\\/\\\/schema.org\",\"@graph\":[{\"@type\":\"WebPage\",\"@id\":\"https:\\\/\\\/idrettsraadet.no\\\/pl\\\/wynajem\\\/\",\"url\":\"https:\\\/\\\/idrettsraadet.no\\\/pl\\\/wynajem\\\/\",\"name\":\"Wynajem - Idrettsr\u00e5det Stavanger\",\"isPartOf\":{\"@id\":\"https:\\\/\\\/idrettsraadet.no\\\/bn\\\/#website\"},\"primaryImageOfPage\":{\"@id\":\"https:\\\/\\\/idrettsraadet.no\\\/pl\\\/wynajem\\\/#primaryimage\"},\"image\":{\"@id\":\"https:\\\/\\\/idrettsraadet.no\\\/pl\\\/wynajem\\\/#primaryimage\"},\"thumbnailUrl\":\"https:\\\/\\\/idrettsraadet.no\\\/wp-content\\\/uploads\\\/2018\\\/11\\\/105_0501-696x400.jpg\",\"datePublished\":\"2020-02-20T14:34:08+00:00\",\"dateModified\":\"2020-02-20T14:34:10+00:00\",\"breadcrumb\":{\"@id\":\"https:\\\/\\\/idrettsraadet.no\\\/pl\\\/wynajem\\\/#breadcrumb\"},\"inLanguage\":\"pl-PL\",\"potentialAction\":[{\"@type\":\"ReadAction\",\"target\":[\"https:\\\/\\\/idrettsraadet.no\\\/pl\\\/wynajem\\\/\"]}]},{\"@type\":\"ImageObject\",\"inLanguage\":\"pl-PL\",\"@id\":\"https:\\\/\\\/idrettsraadet.no\\\/pl\\\/wynajem\\\/#primaryimage\",\"url\":\"https:\\\/\\\/idrettsraadet.no\\\/wp-content\\\/uploads\\\/2018\\\/11\\\/105_0501-696x400.jpg\",\"contentUrl\":\"https:\\\/\\\/idrettsraadet.no\\\/wp-content\\\/uploads\\\/2018\\\/11\\\/105_0501-696x400.jpg\"},{\"@type\":\"BreadcrumbList\",\"@id\":\"https:\\\/\\\/idrettsraadet.no\\\/pl\\\/wynajem\\\/#breadcrumb\",\"itemListElement\":[{\"@type\":\"ListItem\",\"position\":1,\"name\":\"Hjem\",\"item\":\"https:\\\/\\\/idrettsraadet.no\\\/pl\\\/\"},{\"@type\":\"ListItem\",\"position\":2,\"name\":\"Wynajem\"}]},{\"@type\":\"WebSite\",\"@id\":\"https:\\\/\\\/idrettsraadet.no\\\/bn\\\/#website\",\"url\":\"https:\\\/\\\/idrettsraadet.no\\\/bn\\\/\",\"name\":\"Idrettsr\u00e5det Stavanger\",\"description\":\"Idrett for alle.\",\"publisher\":{\"@id\":\"https:\\\/\\\/idrettsraadet.no\\\/bn\\\/#organization\"},\"potentialAction\":[{\"@type\":\"SearchAction\",\"target\":{\"@type\":\"EntryPoint\",\"urlTemplate\":\"https:\\\/\\\/idrettsraadet.no\\\/bn\\\/?s={search_term_string}\"},\"query-input\":{\"@type\":\"PropertyValueSpecification\",\"valueRequired\":true,\"valueName\":\"search_term_string\"}}],\"inLanguage\":\"pl-PL\"},{\"@type\":\"Organization\",\"@id\":\"https:\\\/\\\/idrettsraadet.no\\\/bn\\\/#organization\",\"name\":\"Stavanger Idrettsr\u00e5d\",\"url\":\"https:\\\/\\\/idrettsraadet.no\\\/bn\\\/\",\"logo\":{\"@type\":\"ImageObject\",\"inLanguage\":\"pl-PL\",\"@id\":\"https:\\\/\\\/idrettsraadet.no\\\/bn\\\/#\\\/schema\\\/logo\\\/image\\\/\",\"url\":\"https:\\\/\\\/idrettsraadet.no\\\/wp-content\\\/uploads\\\/2016\\\/06\\\/logo.png\",\"contentUrl\":\"https:\\\/\\\/idrettsraadet.no\\\/wp-content\\\/uploads\\\/2016\\\/06\\\/logo.png\",\"width\":149,\"height\":48,\"caption\":\"Stavanger Idrettsr\u00e5d\"},\"image\":{\"@id\":\"https:\\\/\\\/idrettsraadet.no\\\/bn\\\/#\\\/schema\\\/logo\\\/image\\\/\"}}]}<\/script>\n<!-- \/ Yoast SEO plugin. -->","yoast_head_json":{"title":"Wynajem - Idrettsr\u00e5det Stavanger","robots":{"index":"index","follow":"follow","max-snippet":"max-snippet:-1","max-image-preview":"max-image-preview:large","max-video-preview":"max-video-preview:-1"},"canonical":"https:\/\/idrettsraadet.no\/pl\/wynajem\/","og_locale":"pl_PL","og_type":"article","og_title":"Wynajem - Idrettsr\u00e5det Stavanger","og_description":"Forrige Neste Ca\u0142o\u015b\u0107 parteru mo\u017ce by\u0107 bezp\u0142atnie wypo\u017cyczana przez dru\u017cyny sportowe ze Stavanger w celu organizowania spotka\u0144 od poniedzia\u0142ku do czwartku Dysponujemy atrakcyjnymi salami o historycznym uroku. Obiekt posiada jedn\u0105 du\u017c\u0105 sal\u0119 konferencyjn\u0105 o powierzchni 70 m2, kt\u00f3ra mo\u017ce pomie\u015bci\u0107 oko\u0142o 50 os\u00f3b w ustawieniu ze sto\u0142ami i oko\u0142o 70 os\u00f3b w ustawieniu teatralnym. Do [&hellip;]","og_url":"https:\/\/idrettsraadet.no\/pl\/wynajem\/","og_site_name":"Idrettsr\u00e5det Stavanger","article_modified_time":"2020-02-20T14:34:10+00:00","og_image":[{"url":"https:\/\/idrettsraadet.no\/wp-content\/uploads\/2018\/11\/105_0501-696x400.jpg","type":"","width":"","height":""}],"twitter_card":"summary_large_image","twitter_misc":{"Szacowany czas czytania":"2 minuty"},"schema":{"@context":"https:\/\/schema.org","@graph":[{"@type":"WebPage","@id":"https:\/\/idrettsraadet.no\/pl\/wynajem\/","url":"https:\/\/idrettsraadet.no\/pl\/wynajem\/","name":"Wynajem - Idrettsr\u00e5det Stavanger","isPartOf":{"@id":"https:\/\/idrettsraadet.no\/bn\/#website"},"primaryImageOfPage":{"@id":"https:\/\/idrettsraadet.no\/pl\/wynajem\/#primaryimage"},"image":{"@id":"https:\/\/idrettsraadet.no\/pl\/wynajem\/#primaryimage"},"thumbnailUrl":"https:\/\/idrettsraadet.no\/wp-content\/uploads\/2018\/11\/105_0501-696x400.jpg","datePublished":"2020-02-20T14:34:08+00:00","dateModified":"2020-02-20T14:34:10+00:00","breadcrumb":{"@id":"https:\/\/idrettsraadet.no\/pl\/wynajem\/#breadcrumb"},"inLanguage":"pl-PL","potentialAction":[{"@type":"ReadAction","target":["https:\/\/idrettsraadet.no\/pl\/wynajem\/"]}]},{"@type":"ImageObject","inLanguage":"pl-PL","@id":"https:\/\/idrettsraadet.no\/pl\/wynajem\/#primaryimage","url":"https:\/\/idrettsraadet.no\/wp-content\/uploads\/2018\/11\/105_0501-696x400.jpg","contentUrl":"https:\/\/idrettsraadet.no\/wp-content\/uploads\/2018\/11\/105_0501-696x400.jpg"},{"@type":"BreadcrumbList","@id":"https:\/\/idrettsraadet.no\/pl\/wynajem\/#breadcrumb","itemListElement":[{"@type":"ListItem","position":1,"name":"Hjem","item":"https:\/\/idrettsraadet.no\/pl\/"},{"@type":"ListItem","position":2,"name":"Wynajem"}]},{"@type":"WebSite","@id":"https:\/\/idrettsraadet.no\/bn\/#website","url":"https:\/\/idrettsraadet.no\/bn\/","name":"Idrettsr\u00e5det Stavanger","description":"Idrett for alle.","publisher":{"@id":"https:\/\/idrettsraadet.no\/bn\/#organization"},"potentialAction":[{"@type":"SearchAction","target":{"@type":"EntryPoint","urlTemplate":"https:\/\/idrettsraadet.no\/bn\/?s={search_term_string}"},"query-input":{"@type":"PropertyValueSpecification","valueRequired":true,"valueName":"search_term_string"}}],"inLanguage":"pl-PL"},{"@type":"Organization","@id":"https:\/\/idrettsraadet.no\/bn\/#organization","name":"Stavanger Idrettsr\u00e5d","url":"https:\/\/idrettsraadet.no\/bn\/","logo":{"@type":"ImageObject","inLanguage":"pl-PL","@id":"https:\/\/idrettsraadet.no\/bn\/#\/schema\/logo\/image\/","url":"https:\/\/idrettsraadet.no\/wp-content\/uploads\/2016\/06\/logo.png","contentUrl":"https:\/\/idrettsraadet.no\/wp-content\/uploads\/2016\/06\/logo.png","width":149,"height":48,"caption":"Stavanger Idrettsr\u00e5d"},"image":{"@id":"https:\/\/idrettsraadet.no\/bn\/#\/schema\/logo\/image\/"}}]}},"_links":{"self":[{"href":"https:\/\/idrettsraadet.no\/pl\/wp-json\/wp\/v2\/pages\/12019","targetHints":{"allow":["GET"]}}],"collection":[{"href":"https:\/\/idrettsraadet.no\/pl\/wp-json\/wp\/v2\/pages"}],"about":[{"href":"https:\/\/idrettsraadet.no\/pl\/wp-json\/wp\/v2\/types\/page"}],"author":[{"embeddable":true,"href":"https:\/\/idrettsraadet.no\/pl\/wp-json\/wp\/v2\/users\/1"}],"replies":[{"embeddable":true,"href":"https:\/\/idrettsraadet.no\/pl\/wp-json\/wp\/v2\/comments?post=12019"}],"version-history":[{"count":1,"href":"https:\/\/idrettsraadet.no\/pl\/wp-json\/wp\/v2\/pages\/12019\/revisions"}],"predecessor-version":[{"id":12020,"href":"https:\/\/idrettsraadet.no\/pl\/wp-json\/wp\/v2\/pages\/12019\/revisions\/12020"}],"wp:attachment":[{"href":"https:\/\/idrettsraadet.no\/pl\/wp-json\/wp\/v2\/media?parent=12019"}],"curies":[{"name":"wp","href":"https:\/\/api.w.org\/{rel}","templated":true}]}}