{"id":12021,"date":"2020-02-21T10:02:34","date_gmt":"2020-02-21T09:02:34","guid":{"rendered":"https:\/\/idrettsraadet.no\/idrett-sport\/"},"modified":"2025-01-22T14:10:22","modified_gmt":"2025-01-22T13:10:22","slug":"idrett-sport","status":"publish","type":"page","link":"https:\/\/idrettsraadet.no\/pl\/informacja\/idrett-sport\/","title":{"rendered":"Idrett+ (Sport+)"},"content":{"rendered":"\t\t<div data-elementor-type=\"wp-page\" data-elementor-id=\"12021\" class=\"elementor elementor-12021 elementor-426\" data-elementor-post-type=\"page\">\n\t\t\t\t\t\t<section class=\"elementor-section elementor-top-section elementor-element elementor-element-2a0b5d79 elementor-section-boxed elementor-section-height-default elementor-section-height-default\" data-id=\"2a0b5d79\" data-element_type=\"section\" data-e-type=\"section\">\n\t\t\t\t\t\t<div class=\"elementor-container elementor-column-gap-default\">\n\t\t\t\t\t<div class=\"elementor-column elementor-col-100 elementor-top-column elementor-element elementor-element-613b6449\" data-id=\"613b6449\" data-element_type=\"column\" data-e-type=\"column\">\n\t\t\t<div class=\"elementor-widget-wrap elementor-element-populated\">\n\t\t\t\t\t\t<div class=\"elementor-element elementor-element-7c1de5d1 elementor-widget elementor-widget-text-editor\" data-id=\"7c1de5d1\" data-element_type=\"widget\" data-e-type=\"widget\" data-widget_type=\"text-editor.default\">\n\t\t\t\t<div class=\"elementor-widget-container\">\n\t\t\t\t\t\t\t\t\t<h4><strong>Idrett + (Sport +) istnieje od 2002 r., by pomaga\u0107 dzieciom i m\u0142odzie\u017cy ze specjalnymi potrzebami. Dzia\u0142alno\u015b\u0107 tej jednostki sta\u0142a si\u0119 wa\u017cnym elementem d\u0105\u017ce\u0144 Rady Sportu na rzecz osi\u0105gni\u0119cia celu \u201eSport dla wszystkich\u201d. Rada Sportu pomaga w rozwijaniu\/doskonaleniu kompetencji zawodowych i dysponuje dofinansowaniem dla dru\u017cyn sportowych, kt\u00f3re mog\u0105 podejmowa\u0107 i podejmuj\u0105 dodatkowe wysi\u0142ki skierowane do grup docelowych.<\/strong><\/h4>\n<p><\/p>\n<h4>G\u0142\u00f3wny cel<\/h4>\n<p>Przedstawia\u0107 dzieciom i m\u0142odzie\u017cy wymagaj\u0105cej dodatkowego wsparcia\/pomocy prawdziw\u0105 ofert\u0119 zaj\u0119\u0107 sportowych.<\/p>\n<h4>Grupy docelowe:<\/h4>\n<ul>\n<li>nieaktywne dzieci i m\u0142odzie\u017c,<\/li>\n<li>dzieci i m\u0142odzie\u017c przejawiaj\u0105ce niepo\u017c\u0105dane zachowania,<\/li>\n<li>osoby ze \u015brodowisk imigracyjnych, zw\u0142aszcza dziewcz\u0119ta,<\/li>\n<li>osoby niepe\u0142nosprawne (dzieci\/m\u0142odzie\u017c i osoby doros\u0142e), kt\u00f3re potrzebuj\u0105 dodatkowego wsparcia,<\/li>\n<li>osoby, kt\u00f3rym problemy z p\u0142atno\u015bciami \/ bariery finansowe nie pozwalaj\u0105 uczestniczy\u0107 w zaj\u0119ciach sportowych<\/li><\/ul>\n<h4>Inicjatywy indywidualne<\/h4>\n<p>Dru\u017cyny sportowe maj\u0105 mo\u017cliwo\u015b\u0107 nawi\u0105zania wsp\u00f3\u0142pracy w ramach r\u00f3\u017cnych inicjatyw ukierunkowanych na grupy docelowe. Istniej\u0105 specjalne inicjatywy, takie jak Idrett &amp; Utfordring, skierowane do konkretnych os\u00f3b oraz inicjatywy dost\u0119pne dla wszystkich, np. Open Hall.<\/p>\n<p>Przyk\u0142adowe inicjatywy:<\/p>\n<ul>\n<li>Trener dla os\u00f3b ze specjalnymi potrzebami: osoba odpowiedzialna za pomoc osobom o specjalnych potrzebach<\/li>\n<li>Imprezy networkingowe<\/li>\n<li>Wieczory tematyczne dotycz\u0105ce Sport +<\/li>\n<li>Inicjatywy skierowane do dziewcz\u0105t imigrantek<\/li>\n<li>Grupy imigrant\u00f3w<\/li>\n<li>Aktywno\u015b\u0107 fizyczna dla os\u00f3b niepe\u0142nosprawnych<\/li>\n<li>Pomoc osobom w trudnej sytuacji finansowej<\/li><\/ul>\n<h3>&nbsp;<\/h3>\n<h4>Organizacja<\/h4>\n<p>Idrettsr\u00e5det (Rada Sportu) jest odpowiedzialna za dzia\u0142ania Idrett + w Stavanger, w zwi\u0105zku z czym b\u0119dzie inicjowa\u0107 dzia\u0142alno\u015b\u0107 sportow\u0105 i nadzorowa\u0107 dru\u017cyny sportowe, ale to do samej dru\u017cyny nale\u017cy znalezienie swojej formu\u0142y i podejmowanie \u015brodk\u00f3w, kt\u00f3re uwa\u017ca za najbardziej odpowiednie, a przy tym zgodne z ustanowionymi ramami i kryteriami.<br>W ramach tych prac zbudowano szereg sieci b\u0119d\u0105cych \u017ar\u00f3d\u0142em kompetencji\/do\u015bwiadczenia, z kt\u00f3rych mog\u0105 korzysta\u0107 dru\u017cyny sportowe, zar\u00f3wno na szczeblu lokalnym, jak i na szczeblu krajowym.<\/p>\n<h3>Finansowanie<\/h3>\n<p>Program jest finansowany przez gmin\u0119 Stavanger, Ministerstwo Kultury za po\u015brednictwem Norweskiej Konfederacji Sportu i Narodowego Komitetu Olimpijskiego i Paraolimpijskiego, a tak\u017ce ze \u015brodk\u00f3w w\u0142asnych Rady Sportu i dru\u017cyny sportowej. Istniej\u0105 standardowe wytyczne i kryteria dotycz\u0105ce sposobu, w jaki Idrettsr\u00e5det powinna ocenia\u0107 r\u00f3\u017cne konkretne inicjatywy.<\/p>\n<p><img fetchpriority=\"high\" decoding=\"async\" class=\"wp-image-1574 size-full\" src=\"http:\/\/109.199.118.79\/~rekylweb\/clients\/idrettsraadet.no\/wp-content\/uploads\/2016\/08\/innvandrerjenter.jpg\" width=\"612\" height=\"373\" srcset=\"https:\/\/idrettsraadet.no\/wp-content\/uploads\/2016\/08\/innvandrerjenter.jpg 612w, https:\/\/idrettsraadet.no\/wp-content\/uploads\/2016\/08\/innvandrerjenter-300x183.jpg 300w\" sizes=\"(max-width: 612px) 100vw, 612px\" \/><\/p>\n<h4>Skontaktuj si\u0119 z nami<\/h4>\n<p>Czy Tw\u00f3j klub chce rozpocz\u0105\u0107 inicjatyw\u0119? Skontaktuj si\u0119 z nami, aby uzyska\u0107 wi\u0119cej informacji, lub skorzystaj bezpo\u015brednio z formularzy wymienionych poni\u017cej. Dru\u017cyny i kluby sportowe, kt\u00f3re chc\u0105, by praca zwi\u0105zana z Idrett + stanowi\u0142a znaczn\u0105 cz\u0119\u015b\u0107 ich dzia\u0142alno\u015bci, powinny skontaktowa\u0107 si\u0119 z nami ju\u017c na etapie planowania, gdy\u017c mo\u017cemy udzieli\u0107 porad i u\u0142atwi\u0107 wiele spraw. Wsparcie finansowe \u201ena start\u201d jest przyznawane, je\u015bli dru\u017cyna sportowa chce podejmowa\u0107 wystarczaj\u0105co du\u017co dzia\u0142a\u0144 w ramach Idrett +.<\/p>\n<h4>Co oznacza bycie cz\u0119\u015bci\u0105 dru\u017cyny sportowej w Norwegii?<\/h4>\n<p>Tutaj mo\u017cna znale\u017a\u0107 broszur\u0119 <a href=\"https:\/\/www.idrettsforbundet.no\/idrettskretser\/oslo-idrettskrets\/idrettslag1\/bli-med\/\">\u201ebli Med\u201d w 9 r\u00f3\u017cnych j\u0119zykach<\/a>. Dzi\u0119ki niej osoby z innych kraj\u00f3w i kultur mog\u0105 dowiedzie\u0107 si\u0119, jak wygl\u0105da cz\u0142onkostwo w dru\u017cynie sportowej w Norwegii (prawa, obowi\u0105zki, oczekiwania itp.).<\/p>\n<h4>Dru\u017cyny sportowe, kt\u00f3re udzielaj\u0105\/udziela\u0142y si\u0119 w ramach Idrett +<\/h4>\n<p>Bratte Rogalands Venner, Brodd IL, Cross Bowlingklubb, Dingo Bokseklubb, Eng\u00f8yholmen Ro &amp; R\u00e5seillag, Frisinn SK, Friskis &amp; Svettis, Glad Trim Internasjonal, Hafrsfjord Pistolklubb, Ishockeyklubben Stavanger, Hillev\u00e5g Turnforening, Hinna FK, Hinna H\u00e5ndball, Hundv\u00e5g FK, Hundv\u00e5g HK, KFUM, Madla IL, Madla Sv\u00f8mmeklubb, Nord-J\u00e6ren Sportsdanseklubb, Revheim Rugbyklubb, Rogaland Rideklubb, IL Skjalg, Ishockeyklubben Stavanger,&nbsp;Stavanger Badmintonklubb, Stavanger Baseball\/Softballklubb, Stavanger Basketballklubb, Stavanger Beachvolleyballklubb, Stavanger Bordtennisklubb, Stavanger Bowlingklubb, Stavanger Bueskyttere, Stavanger Capoeiraklubb, Stavanger Danseklubb, Stavanger Fekteklubb, Stavanger Golfklubb, Stavanger Innebandyklubb, Stavanger IF Fotball, Stavanger Ishockeyklubb,&nbsp;Stavanger Judoklubb, Stavanger Ju Jitsu Klubb, Stavanger JuShinkan Aikido,&nbsp;Stavanger Kajakklubb, Stavanger Karateklubb, Stavanger Kunstl\u00f8pklubb, Stavanger Miniatyrskytterlag, Stavanger Orienteringsklubb, Stavanger Pistolklubb, Stavanger Roklub, Stavanger Rugbyklubb, Stavanger Seilforening, Stavanger Skytterlag, Stavanger Styrkel\u00f8ftklubb, Stavanger Sv\u00f8mme Club, Stavanger Taekwon-do Klubb, Stavanger Tennisklubb, Stavanger Turnforening, Stavanger Undervannsgruppe, Stavanger Vektl\u00f8fterklubb, Storhaug Rideklubb, Sunde Innebandyklubb, Svithun Biljardklubb, S\u00f8r-Vest Kendoklubb, Tasta Turn, Tasta IL, Tastavarden HK, Uburhedleren Fjellsportlag, Vardeneset BK, FK Vidar, Viking FK, Viking HK, Viking Hockeyklubb.<\/p>\n<p>*Skontaktuj si\u0119 z nami, Je\u015bli Twoja dru\u017cyna bra\u0142a udzia\u0142 w dzia\u0142aniach Idrett +, a nie zosta\u0142a wymieniona.<\/p>\n<h4>Formularz wniosku<\/h4>\n<p>O stypendia mo\u017cna ubiega\u0107 si\u0119 przez ca\u0142y rok.<\/p>\n<p><a href=\"https:\/\/response.questback.com\/isa\/qbv.dll\/ShowQuest?QuestID=5248559&amp;sid=LNWe5vM7Iv\">KLIKNIJ TUTAJ, ABY PRZEJ\u015a\u0106 DO WNIOSKU<\/a><\/p>\n<p><a href=\"https:\/\/response.questback.com\/isa\/qbv.dll\/ShowQuest?QuestID=5248559&amp;sid=LNWe5vM7Iv\"><img decoding=\"async\" class=\"alignnone wp-image-11310\" src=\"https:\/\/idrettsraadet.no\/wp-content\/uploads\/2019\/02\/trykkher.jpg\" alt=\"\" width=\"396\" height=\"49\" srcset=\"https:\/\/idrettsraadet.no\/wp-content\/uploads\/2019\/02\/trykkher.jpg 880w, https:\/\/idrettsraadet.no\/wp-content\/uploads\/2019\/02\/trykkher-300x37.jpg 300w, https:\/\/idrettsraadet.no\/wp-content\/uploads\/2019\/02\/trykkher-768x95.jpg 768w\" sizes=\"(max-width: 396px) 100vw, 396px\" \/><\/a><\/p>\t\t\t\t\t\t\t\t<\/div>\n\t\t\t\t<\/div>\n\t\t\t\t\t<\/div>\n\t\t<\/div>\n\t\t\t\t\t<\/div>\n\t\t<\/section>\n\t\t\t\t<\/div>\n\t\t","protected":false},"excerpt":{"rendered":"<p>Idrett + (Sport +) istnieje od 2002 r., by pomaga\u0107 dzieciom i m\u0142odzie\u017cy ze specjalnymi potrzebami. Dzia\u0142alno\u015b\u0107 tej jednostki sta\u0142a si\u0119 wa\u017cnym elementem d\u0105\u017ce\u0144 Rady Sportu na rzecz osi\u0105gni\u0119cia celu \u201eSport dla wszystkich\u201d. Rada Sportu pomaga w rozwijaniu\/doskonaleniu kompetencji zawodowych i dysponuje dofinansowaniem dla dru\u017cyn sportowych, kt\u00f3re mog\u0105 podejmowa\u0107 i podejmuj\u0105 dodatkowe wysi\u0142ki skierowane do [&hellip;]<\/p>\n","protected":false},"author":1,"featured_media":0,"parent":12062,"menu_order":0,"comment_status":"closed","ping_status":"closed","template":"","meta":{"site-sidebar-layout":"default","site-content-layout":"default","ast-site-content-layout":"default","site-content-style":"default","site-sidebar-style":"default","ast-global-header-display":"","ast-banner-title-visibility":"","ast-main-header-display":"","ast-hfb-above-header-display":"","ast-hfb-below-header-display":"","ast-hfb-mobile-header-display":"","site-post-title":"","ast-breadcrumbs-content":"","ast-featured-img":"","footer-sml-layout":"","ast-disable-related-posts":"","theme-transparent-header-meta":"default","adv-header-id-meta":"","stick-header-meta":"default","header-above-stick-meta":"","header-main-stick-meta":"","header-below-stick-meta":"","astra-migrate-meta-layouts":"default","ast-page-background-enabled":"default","ast-page-background-meta":{"desktop":{"background-color":"","background-image":"","background-repeat":"repeat","background-position":"center center","background-size":"auto","background-attachment":"scroll","background-type":"","background-media":"","overlay-type":"","overlay-color":"","overlay-opacity":"","overlay-gradient":""},"tablet":{"background-color":"","background-image":"","background-repeat":"repeat","background-position":"center center","background-size":"auto","background-attachment":"scroll","background-type":"","background-media":"","overlay-type":"","overlay-color":"","overlay-opacity":"","overlay-gradient":""},"mobile":{"background-color":"","background-image":"","background-repeat":"repeat","background-position":"center center","background-size":"auto","background-attachment":"scroll","background-type":"","background-media":"","overlay-type":"","overlay-color":"","overlay-opacity":"","overlay-gradient":""}},"ast-content-background-meta":{"desktop":{"background-color":"var(--ast-global-color-5)","background-image":"","background-repeat":"repeat","background-position":"center center","background-size":"auto","background-attachment":"scroll","background-type":"","background-media":"","overlay-type":"","overlay-color":"","overlay-opacity":"","overlay-gradient":""},"tablet":{"background-color":"var(--ast-global-color-5)","background-image":"","background-repeat":"repeat","background-position":"center center","background-size":"auto","background-attachment":"scroll","background-type":"","background-media":"","overlay-type":"","overlay-color":"","overlay-opacity":"","overlay-gradient":""},"mobile":{"background-color":"var(--ast-global-color-5)","background-image":"","background-repeat":"repeat","background-position":"center center","background-size":"auto","background-attachment":"scroll","background-type":"","background-media":"","overlay-type":"","overlay-color":"","overlay-opacity":"","overlay-gradient":""}},"footnotes":""},"class_list":["post-12021","page","type-page","status-publish","hentry"],"yoast_head":"<!-- This site is optimized with the Yoast SEO plugin v27.4 - https:\/\/yoast.com\/product\/yoast-seo-wordpress\/ -->\n<title>Idrett+ (Sport+) - Idrettsr\u00e5det Stavanger<\/title>\n<meta name=\"robots\" content=\"index, follow, max-snippet:-1, max-image-preview:large, max-video-preview:-1\" \/>\n<link rel=\"canonical\" href=\"https:\/\/idrettsraadet.no\/pl\/informacja\/idrett-sport\/\" \/>\n<meta property=\"og:locale\" content=\"pl_PL\" \/>\n<meta property=\"og:type\" content=\"article\" \/>\n<meta property=\"og:title\" content=\"Idrett+ (Sport+) - Idrettsr\u00e5det Stavanger\" \/>\n<meta property=\"og:description\" content=\"Idrett + (Sport +) istnieje od 2002 r., by pomaga\u0107 dzieciom i m\u0142odzie\u017cy ze specjalnymi potrzebami. Dzia\u0142alno\u015b\u0107 tej jednostki sta\u0142a si\u0119 wa\u017cnym elementem d\u0105\u017ce\u0144 Rady Sportu na rzecz osi\u0105gni\u0119cia celu \u201eSport dla wszystkich\u201d. Rada Sportu pomaga w rozwijaniu\/doskonaleniu kompetencji zawodowych i dysponuje dofinansowaniem dla dru\u017cyn sportowych, kt\u00f3re mog\u0105 podejmowa\u0107 i podejmuj\u0105 dodatkowe wysi\u0142ki skierowane do [&hellip;]\" \/>\n<meta property=\"og:url\" content=\"https:\/\/idrettsraadet.no\/pl\/informacja\/idrett-sport\/\" \/>\n<meta property=\"og:site_name\" content=\"Idrettsr\u00e5det Stavanger\" \/>\n<meta property=\"article:modified_time\" content=\"2025-01-22T13:10:22+00:00\" \/>\n<meta property=\"og:image\" content=\"https:\/\/idrettsraadet.no\/wp-content\/uploads\/2016\/08\/innvandrerjenter.jpg\" \/>\n\t<meta property=\"og:image:width\" content=\"612\" \/>\n\t<meta property=\"og:image:height\" content=\"373\" \/>\n\t<meta property=\"og:image:type\" content=\"image\/jpeg\" \/>\n<meta name=\"twitter:card\" content=\"summary_large_image\" \/>\n<meta name=\"twitter:label1\" content=\"Szacowany czas czytania\" \/>\n\t<meta name=\"twitter:data1\" content=\"5 minut\" \/>\n<script type=\"application\/ld+json\" class=\"yoast-schema-graph\">{\"@context\":\"https:\\\/\\\/schema.org\",\"@graph\":[{\"@type\":\"WebPage\",\"@id\":\"https:\\\/\\\/idrettsraadet.no\\\/pl\\\/informacja\\\/idrett-sport\\\/\",\"url\":\"https:\\\/\\\/idrettsraadet.no\\\/pl\\\/informacja\\\/idrett-sport\\\/\",\"name\":\"Idrett+ (Sport+) - Idrettsr\u00e5det Stavanger\",\"isPartOf\":{\"@id\":\"https:\\\/\\\/idrettsraadet.no\\\/bn\\\/#website\"},\"primaryImageOfPage\":{\"@id\":\"https:\\\/\\\/idrettsraadet.no\\\/pl\\\/informacja\\\/idrett-sport\\\/#primaryimage\"},\"image\":{\"@id\":\"https:\\\/\\\/idrettsraadet.no\\\/pl\\\/informacja\\\/idrett-sport\\\/#primaryimage\"},\"thumbnailUrl\":\"http:\\\/\\\/109.199.118.79\\\/~rekylweb\\\/clients\\\/idrettsraadet.no\\\/wp-content\\\/uploads\\\/2016\\\/08\\\/innvandrerjenter.jpg\",\"datePublished\":\"2020-02-21T09:02:34+00:00\",\"dateModified\":\"2025-01-22T13:10:22+00:00\",\"breadcrumb\":{\"@id\":\"https:\\\/\\\/idrettsraadet.no\\\/pl\\\/informacja\\\/idrett-sport\\\/#breadcrumb\"},\"inLanguage\":\"pl-PL\",\"potentialAction\":[{\"@type\":\"ReadAction\",\"target\":[\"https:\\\/\\\/idrettsraadet.no\\\/pl\\\/informacja\\\/idrett-sport\\\/\"]}]},{\"@type\":\"ImageObject\",\"inLanguage\":\"pl-PL\",\"@id\":\"https:\\\/\\\/idrettsraadet.no\\\/pl\\\/informacja\\\/idrett-sport\\\/#primaryimage\",\"url\":\"http:\\\/\\\/109.199.118.79\\\/~rekylweb\\\/clients\\\/idrettsraadet.no\\\/wp-content\\\/uploads\\\/2016\\\/08\\\/innvandrerjenter.jpg\",\"contentUrl\":\"http:\\\/\\\/109.199.118.79\\\/~rekylweb\\\/clients\\\/idrettsraadet.no\\\/wp-content\\\/uploads\\\/2016\\\/08\\\/innvandrerjenter.jpg\"},{\"@type\":\"BreadcrumbList\",\"@id\":\"https:\\\/\\\/idrettsraadet.no\\\/pl\\\/informacja\\\/idrett-sport\\\/#breadcrumb\",\"itemListElement\":[{\"@type\":\"ListItem\",\"position\":1,\"name\":\"Hjem\",\"item\":\"https:\\\/\\\/idrettsraadet.no\\\/pl\\\/\"},{\"@type\":\"ListItem\",\"position\":2,\"name\":\"Prywatne: Informacja\",\"item\":\"https:\\\/\\\/idrettsraadet.no\\\/pl\\\/?page_id=12062\"},{\"@type\":\"ListItem\",\"position\":3,\"name\":\"Idrett+ (Sport+)\"}]},{\"@type\":\"WebSite\",\"@id\":\"https:\\\/\\\/idrettsraadet.no\\\/bn\\\/#website\",\"url\":\"https:\\\/\\\/idrettsraadet.no\\\/bn\\\/\",\"name\":\"Idrettsr\u00e5det Stavanger\",\"description\":\"Idrett for alle.\",\"publisher\":{\"@id\":\"https:\\\/\\\/idrettsraadet.no\\\/bn\\\/#organization\"},\"potentialAction\":[{\"@type\":\"SearchAction\",\"target\":{\"@type\":\"EntryPoint\",\"urlTemplate\":\"https:\\\/\\\/idrettsraadet.no\\\/bn\\\/?s={search_term_string}\"},\"query-input\":{\"@type\":\"PropertyValueSpecification\",\"valueRequired\":true,\"valueName\":\"search_term_string\"}}],\"inLanguage\":\"pl-PL\"},{\"@type\":\"Organization\",\"@id\":\"https:\\\/\\\/idrettsraadet.no\\\/bn\\\/#organization\",\"name\":\"Stavanger Idrettsr\u00e5d\",\"url\":\"https:\\\/\\\/idrettsraadet.no\\\/bn\\\/\",\"logo\":{\"@type\":\"ImageObject\",\"inLanguage\":\"pl-PL\",\"@id\":\"https:\\\/\\\/idrettsraadet.no\\\/bn\\\/#\\\/schema\\\/logo\\\/image\\\/\",\"url\":\"https:\\\/\\\/idrettsraadet.no\\\/wp-content\\\/uploads\\\/2016\\\/06\\\/logo.png\",\"contentUrl\":\"https:\\\/\\\/idrettsraadet.no\\\/wp-content\\\/uploads\\\/2016\\\/06\\\/logo.png\",\"width\":149,\"height\":48,\"caption\":\"Stavanger Idrettsr\u00e5d\"},\"image\":{\"@id\":\"https:\\\/\\\/idrettsraadet.no\\\/bn\\\/#\\\/schema\\\/logo\\\/image\\\/\"}}]}<\/script>\n<!-- \/ Yoast SEO plugin. -->","yoast_head_json":{"title":"Idrett+ (Sport+) - Idrettsr\u00e5det Stavanger","robots":{"index":"index","follow":"follow","max-snippet":"max-snippet:-1","max-image-preview":"max-image-preview:large","max-video-preview":"max-video-preview:-1"},"canonical":"https:\/\/idrettsraadet.no\/pl\/informacja\/idrett-sport\/","og_locale":"pl_PL","og_type":"article","og_title":"Idrett+ (Sport+) - Idrettsr\u00e5det Stavanger","og_description":"Idrett + (Sport +) istnieje od 2002 r., by pomaga\u0107 dzieciom i m\u0142odzie\u017cy ze specjalnymi potrzebami. Dzia\u0142alno\u015b\u0107 tej jednostki sta\u0142a si\u0119 wa\u017cnym elementem d\u0105\u017ce\u0144 Rady Sportu na rzecz osi\u0105gni\u0119cia celu \u201eSport dla wszystkich\u201d. Rada Sportu pomaga w rozwijaniu\/doskonaleniu kompetencji zawodowych i dysponuje dofinansowaniem dla dru\u017cyn sportowych, kt\u00f3re mog\u0105 podejmowa\u0107 i podejmuj\u0105 dodatkowe wysi\u0142ki skierowane do [&hellip;]","og_url":"https:\/\/idrettsraadet.no\/pl\/informacja\/idrett-sport\/","og_site_name":"Idrettsr\u00e5det Stavanger","article_modified_time":"2025-01-22T13:10:22+00:00","og_image":[{"width":612,"height":373,"url":"https:\/\/idrettsraadet.no\/wp-content\/uploads\/2016\/08\/innvandrerjenter.jpg","type":"image\/jpeg"}],"twitter_card":"summary_large_image","twitter_misc":{"Szacowany czas czytania":"5 minut"},"schema":{"@context":"https:\/\/schema.org","@graph":[{"@type":"WebPage","@id":"https:\/\/idrettsraadet.no\/pl\/informacja\/idrett-sport\/","url":"https:\/\/idrettsraadet.no\/pl\/informacja\/idrett-sport\/","name":"Idrett+ (Sport+) - Idrettsr\u00e5det Stavanger","isPartOf":{"@id":"https:\/\/idrettsraadet.no\/bn\/#website"},"primaryImageOfPage":{"@id":"https:\/\/idrettsraadet.no\/pl\/informacja\/idrett-sport\/#primaryimage"},"image":{"@id":"https:\/\/idrettsraadet.no\/pl\/informacja\/idrett-sport\/#primaryimage"},"thumbnailUrl":"http:\/\/109.199.118.79\/~rekylweb\/clients\/idrettsraadet.no\/wp-content\/uploads\/2016\/08\/innvandrerjenter.jpg","datePublished":"2020-02-21T09:02:34+00:00","dateModified":"2025-01-22T13:10:22+00:00","breadcrumb":{"@id":"https:\/\/idrettsraadet.no\/pl\/informacja\/idrett-sport\/#breadcrumb"},"inLanguage":"pl-PL","potentialAction":[{"@type":"ReadAction","target":["https:\/\/idrettsraadet.no\/pl\/informacja\/idrett-sport\/"]}]},{"@type":"ImageObject","inLanguage":"pl-PL","@id":"https:\/\/idrettsraadet.no\/pl\/informacja\/idrett-sport\/#primaryimage","url":"http:\/\/109.199.118.79\/~rekylweb\/clients\/idrettsraadet.no\/wp-content\/uploads\/2016\/08\/innvandrerjenter.jpg","contentUrl":"http:\/\/109.199.118.79\/~rekylweb\/clients\/idrettsraadet.no\/wp-content\/uploads\/2016\/08\/innvandrerjenter.jpg"},{"@type":"BreadcrumbList","@id":"https:\/\/idrettsraadet.no\/pl\/informacja\/idrett-sport\/#breadcrumb","itemListElement":[{"@type":"ListItem","position":1,"name":"Hjem","item":"https:\/\/idrettsraadet.no\/pl\/"},{"@type":"ListItem","position":2,"name":"Prywatne: Informacja","item":"https:\/\/idrettsraadet.no\/pl\/?page_id=12062"},{"@type":"ListItem","position":3,"name":"Idrett+ (Sport+)"}]},{"@type":"WebSite","@id":"https:\/\/idrettsraadet.no\/bn\/#website","url":"https:\/\/idrettsraadet.no\/bn\/","name":"Idrettsr\u00e5det Stavanger","description":"Idrett for alle.","publisher":{"@id":"https:\/\/idrettsraadet.no\/bn\/#organization"},"potentialAction":[{"@type":"SearchAction","target":{"@type":"EntryPoint","urlTemplate":"https:\/\/idrettsraadet.no\/bn\/?s={search_term_string}"},"query-input":{"@type":"PropertyValueSpecification","valueRequired":true,"valueName":"search_term_string"}}],"inLanguage":"pl-PL"},{"@type":"Organization","@id":"https:\/\/idrettsraadet.no\/bn\/#organization","name":"Stavanger Idrettsr\u00e5d","url":"https:\/\/idrettsraadet.no\/bn\/","logo":{"@type":"ImageObject","inLanguage":"pl-PL","@id":"https:\/\/idrettsraadet.no\/bn\/#\/schema\/logo\/image\/","url":"https:\/\/idrettsraadet.no\/wp-content\/uploads\/2016\/06\/logo.png","contentUrl":"https:\/\/idrettsraadet.no\/wp-content\/uploads\/2016\/06\/logo.png","width":149,"height":48,"caption":"Stavanger Idrettsr\u00e5d"},"image":{"@id":"https:\/\/idrettsraadet.no\/bn\/#\/schema\/logo\/image\/"}}]}},"_links":{"self":[{"href":"https:\/\/idrettsraadet.no\/pl\/wp-json\/wp\/v2\/pages\/12021","targetHints":{"allow":["GET"]}}],"collection":[{"href":"https:\/\/idrettsraadet.no\/pl\/wp-json\/wp\/v2\/pages"}],"about":[{"href":"https:\/\/idrettsraadet.no\/pl\/wp-json\/wp\/v2\/types\/page"}],"author":[{"embeddable":true,"href":"https:\/\/idrettsraadet.no\/pl\/wp-json\/wp\/v2\/users\/1"}],"replies":[{"embeddable":true,"href":"https:\/\/idrettsraadet.no\/pl\/wp-json\/wp\/v2\/comments?post=12021"}],"version-history":[{"count":3,"href":"https:\/\/idrettsraadet.no\/pl\/wp-json\/wp\/v2\/pages\/12021\/revisions"}],"predecessor-version":[{"id":30968,"href":"https:\/\/idrettsraadet.no\/pl\/wp-json\/wp\/v2\/pages\/12021\/revisions\/30968"}],"up":[{"embeddable":true,"href":"https:\/\/idrettsraadet.no\/pl\/wp-json\/wp\/v2\/pages\/12062"}],"wp:attachment":[{"href":"https:\/\/idrettsraadet.no\/pl\/wp-json\/wp\/v2\/media?parent=12021"}],"curies":[{"name":"wp","href":"https:\/\/api.w.org\/{rel}","templated":true}]}}