{"id":12035,"date":"2020-02-21T10:34:58","date_gmt":"2020-02-21T09:34:58","guid":{"rendered":"https:\/\/idrettsraadet.no\/ildsjelprisen-nagroda-za-inicjatywe-sportowa\/"},"modified":"2020-02-21T10:34:58","modified_gmt":"2020-02-21T09:34:58","slug":"ildsjelprisen-nagroda-za-inicjatywe-sportowa","status":"publish","type":"page","link":"https:\/\/idrettsraadet.no\/pl\/ildsjelprisen-nagroda-za-inicjatywe-sportowa\/","title":{"rendered":"Ildsjelprisen (Nagroda za inicjatyw\u0119 sportow\u0105)"},"content":{"rendered":"<h4><strong>Nagroda ta s\u0142u\u017cy wyr\u00f3\u017cnieniu osoby, kt\u00f3ra przez wiele lat poczyni\u0142a wiele stara\u0144 na rzecz sportu.<\/strong><\/h4>\n<p>&nbsp;<\/p>\n<p>Termin sk\u0142adania zg\u0142osze\u0144:<br \/>\n30 listopada<\/p>\n<p><a href=\"https:\/\/response.questback.com\/isa\/qbv.dll\/ShowQuest?QuestID=5254282&amp;sid=kb7f6GHpeC\">KLIKNIJ TUTAJ, ABY NOMINOWA\u0106 KANDYDATA<\/a><\/p>\n<p>&nbsp;<\/p>\n<p><strong>Do Nagrody za inicjatyw\u0119 sportow\u0105 zastosowanie maj\u0105 poni\u017csze wytyczne:<\/strong><\/p>\n<p>\u2013 Nagroda jest przyznawana osobie, kt\u00f3ra przez wiele lat udziela\u0142a si\u0119 spo\u0142ecznie na rzecz sportu w Stavanger.<\/p>\n<p>\u2013 Osoba ta nie mo\u017ce by\u0107 zatrudniona w dru\u017cynie sportowej ani zajmowa\u0107 innego p\u0142atnego stanowiska w ramach swojej pracy zwi\u0105zanej ze sportem.<\/p>\n<p>\u2013 Kandydat odznaczy\u0142 si\u0119 na przestrzeni lat szczeg\u00f3lnym wysi\u0142kiem na rzecz dru\u017cyny sportowej lub wykaza\u0142 si\u0119 wielkim zapa\u0142em i entuzjazmem dla sportu.<\/p>\n<p>\u2013 Nagroda jest przyznawana na podstawie nominacji dru\u017cyn sportowych.<\/p>\n<p>\u2013 Nominacja musi zawiera\u0107 uzasadnienie, dlaczego dana osoba zas\u0142uguje na Nagrod\u0119 za inicjatyw\u0119 sportow\u0105, i musi by\u0107 podpisana przez kierownika lub dyrektora generalnego.<\/p>\n<p>\u2013 Nagrod\u0105 jest czek na 25\u00a0000 koron, kt\u00f3ry zostaje wr\u0119czony przez burmistrza w Nowy Rok w Ledaal.<\/p>\n<p>\u2013 Nominowani kandydaci s\u0105 przedstawiani jury w celu podj\u0119cia decyzji.<\/p>\n<p>Jury musi sk\u0142ada\u0107 si\u0119 z pi\u0119ciu os\u00f3b. Przewodnicz\u0105cym jury jest przewodnicz\u0105cy Gminnej Rady Kultury i Sportu (KKI). Ponadto w jej sk\u0142ad wchodzi dw\u00f3ch przedstawicieli Rady Sportu oraz dw\u00f3ch przedstawicieli KKI.<\/p>\n<p><img fetchpriority=\"high\" decoding=\"async\" class=\"wp-image-11278 aligncenter\" src=\"https:\/\/idrettsraadet.no\/wp-content\/uploads\/2019\/01\/IMG_00901.jpg\" alt=\"\" width=\"646\" height=\"484\" srcset=\"https:\/\/idrettsraadet.no\/wp-content\/uploads\/2019\/01\/IMG_00901.jpg 1024w, https:\/\/idrettsraadet.no\/wp-content\/uploads\/2019\/01\/IMG_00901-300x225.jpg 300w, https:\/\/idrettsraadet.no\/wp-content\/uploads\/2019\/01\/IMG_00901-768x576.jpg 768w\" sizes=\"(max-width: 646px) 100vw, 646px\" \/><\/p>\n<figure id=\"attachment_11284\" aria-describedby=\"caption-attachment-11284\" style=\"width: 580px\" class=\"wp-caption aligncenter\"><img decoding=\"async\" class=\"size-full wp-image-2594\" src=\"http:\/\/localhost\/idrettsraadet\/wp-content\/uploads\/2016\/06\/Kjell-Sivertsen-og-ordf\u00f8rer_Foto-Svein-Hagen.jpg\" alt=\"\" width=\"580\" height=\"378\" \/><figcaption id=\"caption-attachment-11284\" class=\"wp-caption-text\">Thor Dagfinn Flikkerud mottar Ildsjelprisen av ordf\u00f8rer Christine Sagen Helg\u00f8 p\u00e5 Ledaal 1.nytt\u00e5rsdag. Foto: J\u00f8rn Nielsen, Idrettsr\u00e5det Stavanger<\/figcaption><\/figure>\n<p><strong>\u00a0Dotychczasowi laureaci nagrody Ildsjelprisen:<\/strong><\/p>\n<p>2010: Arthur Abrahamsen &#8211;\u00a0Stavanger Sv\u00f8mme Club<\/p>\n<p>2011: Annebeth Tvedten &#8211;\u00a0Stavanger Turnforening<\/p>\n<p>2012: Harald Kambo &#8211;\u00a0Stavanger Skytterlag<\/p>\n<p>2013:\u00a0Jan Inge Hegreberg &#8211; Stavanger Sykleklubb<\/p>\n<p>2014: Arne Johnsen &#8211; Viking H\u00e5ndballklubb<\/p>\n<p>2015: May Brit Harestad Osaland &#8211; Tasta Turn<\/p>\n<p>2016: Victor \u00d8vregaard &#8211; IL Skjalg<\/p>\n<p>2017: Kjell Sivertsen &#8211; Seiken Karateklubb<\/p>\n<p>2018: Rolf Inge Sotland &#8211; Stavanger Fallskjermklubb<\/p>\n<p>2019: Thor Dagfinn Flikkerud &#8211; Stavanger Sandnes Sk\u00f8yteklubb<\/p>\n","protected":false},"excerpt":{"rendered":"<p>Nagroda ta s\u0142u\u017cy wyr\u00f3\u017cnieniu osoby, kt\u00f3ra przez wiele lat poczyni\u0142a wiele stara\u0144 na rzecz sportu. &nbsp; Termin sk\u0142adania zg\u0142osze\u0144: 30 listopada KLIKNIJ TUTAJ, ABY NOMINOWA\u0106 KANDYDATA &nbsp; Do Nagrody za inicjatyw\u0119 sportow\u0105 zastosowanie maj\u0105 poni\u017csze wytyczne: \u2013 Nagroda jest przyznawana osobie, kt\u00f3ra przez wiele lat udziela\u0142a si\u0119 spo\u0142ecznie na rzecz sportu w Stavanger. \u2013 Osoba [&hellip;]<\/p>\n","protected":false},"author":1,"featured_media":0,"parent":0,"menu_order":0,"comment_status":"closed","ping_status":"closed","template":"","meta":{"site-sidebar-layout":"default","site-content-layout":"default","ast-site-content-layout":"default","site-content-style":"default","site-sidebar-style":"default","ast-global-header-display":"","ast-banner-title-visibility":"","ast-main-header-display":"","ast-hfb-above-header-display":"","ast-hfb-below-header-display":"","ast-hfb-mobile-header-display":"","site-post-title":"","ast-breadcrumbs-content":"","ast-featured-img":"","footer-sml-layout":"","ast-disable-related-posts":"","theme-transparent-header-meta":"default","adv-header-id-meta":"","stick-header-meta":"default","header-above-stick-meta":"","header-main-stick-meta":"","header-below-stick-meta":"","astra-migrate-meta-layouts":"default","ast-page-background-enabled":"default","ast-page-background-meta":{"desktop":{"background-color":"","background-image":"","background-repeat":"repeat","background-position":"center center","background-size":"auto","background-attachment":"scroll","background-type":"","background-media":"","overlay-type":"","overlay-color":"","overlay-opacity":"","overlay-gradient":""},"tablet":{"background-color":"","background-image":"","background-repeat":"repeat","background-position":"center center","background-size":"auto","background-attachment":"scroll","background-type":"","background-media":"","overlay-type":"","overlay-color":"","overlay-opacity":"","overlay-gradient":""},"mobile":{"background-color":"","background-image":"","background-repeat":"repeat","background-position":"center center","background-size":"auto","background-attachment":"scroll","background-type":"","background-media":"","overlay-type":"","overlay-color":"","overlay-opacity":"","overlay-gradient":""}},"ast-content-background-meta":{"desktop":{"background-color":"var(--ast-global-color-5)","background-image":"","background-repeat":"repeat","background-position":"center center","background-size":"auto","background-attachment":"scroll","background-type":"","background-media":"","overlay-type":"","overlay-color":"","overlay-opacity":"","overlay-gradient":""},"tablet":{"background-color":"var(--ast-global-color-5)","background-image":"","background-repeat":"repeat","background-position":"center center","background-size":"auto","background-attachment":"scroll","background-type":"","background-media":"","overlay-type":"","overlay-color":"","overlay-opacity":"","overlay-gradient":""},"mobile":{"background-color":"var(--ast-global-color-5)","background-image":"","background-repeat":"repeat","background-position":"center center","background-size":"auto","background-attachment":"scroll","background-type":"","background-media":"","overlay-type":"","overlay-color":"","overlay-opacity":"","overlay-gradient":""}},"footnotes":""},"class_list":["post-12035","page","type-page","status-publish","hentry"],"yoast_head":"<!-- This site is optimized with the Yoast SEO plugin v27.4 - https:\/\/yoast.com\/product\/yoast-seo-wordpress\/ -->\n<title>Ildsjelprisen (Nagroda za inicjatyw\u0119 sportow\u0105) - Idrettsr\u00e5det Stavanger<\/title>\n<meta name=\"robots\" content=\"index, follow, max-snippet:-1, max-image-preview:large, max-video-preview:-1\" \/>\n<link rel=\"canonical\" href=\"https:\/\/idrettsraadet.no\/pl\/ildsjelprisen-nagroda-za-inicjatywe-sportowa\/\" \/>\n<meta property=\"og:locale\" content=\"pl_PL\" \/>\n<meta property=\"og:type\" content=\"article\" \/>\n<meta property=\"og:title\" content=\"Ildsjelprisen (Nagroda za inicjatyw\u0119 sportow\u0105) - Idrettsr\u00e5det Stavanger\" \/>\n<meta property=\"og:description\" content=\"Nagroda ta s\u0142u\u017cy wyr\u00f3\u017cnieniu osoby, kt\u00f3ra przez wiele lat poczyni\u0142a wiele stara\u0144 na rzecz sportu. &nbsp; Termin sk\u0142adania zg\u0142osze\u0144: 30 listopada KLIKNIJ TUTAJ, ABY NOMINOWA\u0106 KANDYDATA &nbsp; Do Nagrody za inicjatyw\u0119 sportow\u0105 zastosowanie maj\u0105 poni\u017csze wytyczne: \u2013 Nagroda jest przyznawana osobie, kt\u00f3ra przez wiele lat udziela\u0142a si\u0119 spo\u0142ecznie na rzecz sportu w Stavanger. \u2013 Osoba [&hellip;]\" \/>\n<meta property=\"og:url\" content=\"https:\/\/idrettsraadet.no\/pl\/ildsjelprisen-nagroda-za-inicjatywe-sportowa\/\" \/>\n<meta property=\"og:site_name\" content=\"Idrettsr\u00e5det Stavanger\" \/>\n<meta property=\"og:image\" content=\"https:\/\/idrettsraadet.no\/wp-content\/uploads\/2019\/01\/IMG_00901.jpg\" \/>\n<meta name=\"twitter:card\" content=\"summary_large_image\" \/>\n<meta name=\"twitter:label1\" content=\"Szacowany czas czytania\" \/>\n\t<meta name=\"twitter:data1\" content=\"2 minuty\" \/>\n<script type=\"application\/ld+json\" class=\"yoast-schema-graph\">{\"@context\":\"https:\\\/\\\/schema.org\",\"@graph\":[{\"@type\":\"WebPage\",\"@id\":\"https:\\\/\\\/idrettsraadet.no\\\/pl\\\/ildsjelprisen-nagroda-za-inicjatywe-sportowa\\\/\",\"url\":\"https:\\\/\\\/idrettsraadet.no\\\/pl\\\/ildsjelprisen-nagroda-za-inicjatywe-sportowa\\\/\",\"name\":\"Ildsjelprisen (Nagroda za inicjatyw\u0119 sportow\u0105) - Idrettsr\u00e5det Stavanger\",\"isPartOf\":{\"@id\":\"https:\\\/\\\/idrettsraadet.no\\\/bn\\\/#website\"},\"primaryImageOfPage\":{\"@id\":\"https:\\\/\\\/idrettsraadet.no\\\/pl\\\/ildsjelprisen-nagroda-za-inicjatywe-sportowa\\\/#primaryimage\"},\"image\":{\"@id\":\"https:\\\/\\\/idrettsraadet.no\\\/pl\\\/ildsjelprisen-nagroda-za-inicjatywe-sportowa\\\/#primaryimage\"},\"thumbnailUrl\":\"https:\\\/\\\/idrettsraadet.no\\\/wp-content\\\/uploads\\\/2019\\\/01\\\/IMG_00901.jpg\",\"datePublished\":\"2020-02-21T09:34:58+00:00\",\"breadcrumb\":{\"@id\":\"https:\\\/\\\/idrettsraadet.no\\\/pl\\\/ildsjelprisen-nagroda-za-inicjatywe-sportowa\\\/#breadcrumb\"},\"inLanguage\":\"pl-PL\",\"potentialAction\":[{\"@type\":\"ReadAction\",\"target\":[\"https:\\\/\\\/idrettsraadet.no\\\/pl\\\/ildsjelprisen-nagroda-za-inicjatywe-sportowa\\\/\"]}]},{\"@type\":\"ImageObject\",\"inLanguage\":\"pl-PL\",\"@id\":\"https:\\\/\\\/idrettsraadet.no\\\/pl\\\/ildsjelprisen-nagroda-za-inicjatywe-sportowa\\\/#primaryimage\",\"url\":\"https:\\\/\\\/idrettsraadet.no\\\/wp-content\\\/uploads\\\/2019\\\/01\\\/IMG_00901.jpg\",\"contentUrl\":\"https:\\\/\\\/idrettsraadet.no\\\/wp-content\\\/uploads\\\/2019\\\/01\\\/IMG_00901.jpg\"},{\"@type\":\"BreadcrumbList\",\"@id\":\"https:\\\/\\\/idrettsraadet.no\\\/pl\\\/ildsjelprisen-nagroda-za-inicjatywe-sportowa\\\/#breadcrumb\",\"itemListElement\":[{\"@type\":\"ListItem\",\"position\":1,\"name\":\"Hjem\",\"item\":\"https:\\\/\\\/idrettsraadet.no\\\/pl\\\/\"},{\"@type\":\"ListItem\",\"position\":2,\"name\":\"Ildsjelprisen (Nagroda za inicjatyw\u0119 sportow\u0105)\"}]},{\"@type\":\"WebSite\",\"@id\":\"https:\\\/\\\/idrettsraadet.no\\\/bn\\\/#website\",\"url\":\"https:\\\/\\\/idrettsraadet.no\\\/bn\\\/\",\"name\":\"Idrettsr\u00e5det Stavanger\",\"description\":\"Idrett for alle.\",\"publisher\":{\"@id\":\"https:\\\/\\\/idrettsraadet.no\\\/bn\\\/#organization\"},\"potentialAction\":[{\"@type\":\"SearchAction\",\"target\":{\"@type\":\"EntryPoint\",\"urlTemplate\":\"https:\\\/\\\/idrettsraadet.no\\\/bn\\\/?s={search_term_string}\"},\"query-input\":{\"@type\":\"PropertyValueSpecification\",\"valueRequired\":true,\"valueName\":\"search_term_string\"}}],\"inLanguage\":\"pl-PL\"},{\"@type\":\"Organization\",\"@id\":\"https:\\\/\\\/idrettsraadet.no\\\/bn\\\/#organization\",\"name\":\"Stavanger Idrettsr\u00e5d\",\"url\":\"https:\\\/\\\/idrettsraadet.no\\\/bn\\\/\",\"logo\":{\"@type\":\"ImageObject\",\"inLanguage\":\"pl-PL\",\"@id\":\"https:\\\/\\\/idrettsraadet.no\\\/bn\\\/#\\\/schema\\\/logo\\\/image\\\/\",\"url\":\"https:\\\/\\\/idrettsraadet.no\\\/wp-content\\\/uploads\\\/2016\\\/06\\\/logo.png\",\"contentUrl\":\"https:\\\/\\\/idrettsraadet.no\\\/wp-content\\\/uploads\\\/2016\\\/06\\\/logo.png\",\"width\":149,\"height\":48,\"caption\":\"Stavanger Idrettsr\u00e5d\"},\"image\":{\"@id\":\"https:\\\/\\\/idrettsraadet.no\\\/bn\\\/#\\\/schema\\\/logo\\\/image\\\/\"}}]}<\/script>\n<!-- \/ Yoast SEO plugin. -->","yoast_head_json":{"title":"Ildsjelprisen (Nagroda za inicjatyw\u0119 sportow\u0105) - Idrettsr\u00e5det Stavanger","robots":{"index":"index","follow":"follow","max-snippet":"max-snippet:-1","max-image-preview":"max-image-preview:large","max-video-preview":"max-video-preview:-1"},"canonical":"https:\/\/idrettsraadet.no\/pl\/ildsjelprisen-nagroda-za-inicjatywe-sportowa\/","og_locale":"pl_PL","og_type":"article","og_title":"Ildsjelprisen (Nagroda za inicjatyw\u0119 sportow\u0105) - Idrettsr\u00e5det Stavanger","og_description":"Nagroda ta s\u0142u\u017cy wyr\u00f3\u017cnieniu osoby, kt\u00f3ra przez wiele lat poczyni\u0142a wiele stara\u0144 na rzecz sportu. &nbsp; Termin sk\u0142adania zg\u0142osze\u0144: 30 listopada KLIKNIJ TUTAJ, ABY NOMINOWA\u0106 KANDYDATA &nbsp; Do Nagrody za inicjatyw\u0119 sportow\u0105 zastosowanie maj\u0105 poni\u017csze wytyczne: \u2013 Nagroda jest przyznawana osobie, kt\u00f3ra przez wiele lat udziela\u0142a si\u0119 spo\u0142ecznie na rzecz sportu w Stavanger. \u2013 Osoba [&hellip;]","og_url":"https:\/\/idrettsraadet.no\/pl\/ildsjelprisen-nagroda-za-inicjatywe-sportowa\/","og_site_name":"Idrettsr\u00e5det Stavanger","og_image":[{"url":"https:\/\/idrettsraadet.no\/wp-content\/uploads\/2019\/01\/IMG_00901.jpg","type":"","width":"","height":""}],"twitter_card":"summary_large_image","twitter_misc":{"Szacowany czas czytania":"2 minuty"},"schema":{"@context":"https:\/\/schema.org","@graph":[{"@type":"WebPage","@id":"https:\/\/idrettsraadet.no\/pl\/ildsjelprisen-nagroda-za-inicjatywe-sportowa\/","url":"https:\/\/idrettsraadet.no\/pl\/ildsjelprisen-nagroda-za-inicjatywe-sportowa\/","name":"Ildsjelprisen (Nagroda za inicjatyw\u0119 sportow\u0105) - Idrettsr\u00e5det Stavanger","isPartOf":{"@id":"https:\/\/idrettsraadet.no\/bn\/#website"},"primaryImageOfPage":{"@id":"https:\/\/idrettsraadet.no\/pl\/ildsjelprisen-nagroda-za-inicjatywe-sportowa\/#primaryimage"},"image":{"@id":"https:\/\/idrettsraadet.no\/pl\/ildsjelprisen-nagroda-za-inicjatywe-sportowa\/#primaryimage"},"thumbnailUrl":"https:\/\/idrettsraadet.no\/wp-content\/uploads\/2019\/01\/IMG_00901.jpg","datePublished":"2020-02-21T09:34:58+00:00","breadcrumb":{"@id":"https:\/\/idrettsraadet.no\/pl\/ildsjelprisen-nagroda-za-inicjatywe-sportowa\/#breadcrumb"},"inLanguage":"pl-PL","potentialAction":[{"@type":"ReadAction","target":["https:\/\/idrettsraadet.no\/pl\/ildsjelprisen-nagroda-za-inicjatywe-sportowa\/"]}]},{"@type":"ImageObject","inLanguage":"pl-PL","@id":"https:\/\/idrettsraadet.no\/pl\/ildsjelprisen-nagroda-za-inicjatywe-sportowa\/#primaryimage","url":"https:\/\/idrettsraadet.no\/wp-content\/uploads\/2019\/01\/IMG_00901.jpg","contentUrl":"https:\/\/idrettsraadet.no\/wp-content\/uploads\/2019\/01\/IMG_00901.jpg"},{"@type":"BreadcrumbList","@id":"https:\/\/idrettsraadet.no\/pl\/ildsjelprisen-nagroda-za-inicjatywe-sportowa\/#breadcrumb","itemListElement":[{"@type":"ListItem","position":1,"name":"Hjem","item":"https:\/\/idrettsraadet.no\/pl\/"},{"@type":"ListItem","position":2,"name":"Ildsjelprisen (Nagroda za inicjatyw\u0119 sportow\u0105)"}]},{"@type":"WebSite","@id":"https:\/\/idrettsraadet.no\/bn\/#website","url":"https:\/\/idrettsraadet.no\/bn\/","name":"Idrettsr\u00e5det Stavanger","description":"Idrett for alle.","publisher":{"@id":"https:\/\/idrettsraadet.no\/bn\/#organization"},"potentialAction":[{"@type":"SearchAction","target":{"@type":"EntryPoint","urlTemplate":"https:\/\/idrettsraadet.no\/bn\/?s={search_term_string}"},"query-input":{"@type":"PropertyValueSpecification","valueRequired":true,"valueName":"search_term_string"}}],"inLanguage":"pl-PL"},{"@type":"Organization","@id":"https:\/\/idrettsraadet.no\/bn\/#organization","name":"Stavanger Idrettsr\u00e5d","url":"https:\/\/idrettsraadet.no\/bn\/","logo":{"@type":"ImageObject","inLanguage":"pl-PL","@id":"https:\/\/idrettsraadet.no\/bn\/#\/schema\/logo\/image\/","url":"https:\/\/idrettsraadet.no\/wp-content\/uploads\/2016\/06\/logo.png","contentUrl":"https:\/\/idrettsraadet.no\/wp-content\/uploads\/2016\/06\/logo.png","width":149,"height":48,"caption":"Stavanger Idrettsr\u00e5d"},"image":{"@id":"https:\/\/idrettsraadet.no\/bn\/#\/schema\/logo\/image\/"}}]}},"_links":{"self":[{"href":"https:\/\/idrettsraadet.no\/pl\/wp-json\/wp\/v2\/pages\/12035","targetHints":{"allow":["GET"]}}],"collection":[{"href":"https:\/\/idrettsraadet.no\/pl\/wp-json\/wp\/v2\/pages"}],"about":[{"href":"https:\/\/idrettsraadet.no\/pl\/wp-json\/wp\/v2\/types\/page"}],"author":[{"embeddable":true,"href":"https:\/\/idrettsraadet.no\/pl\/wp-json\/wp\/v2\/users\/1"}],"replies":[{"embeddable":true,"href":"https:\/\/idrettsraadet.no\/pl\/wp-json\/wp\/v2\/comments?post=12035"}],"version-history":[{"count":0,"href":"https:\/\/idrettsraadet.no\/pl\/wp-json\/wp\/v2\/pages\/12035\/revisions"}],"wp:attachment":[{"href":"https:\/\/idrettsraadet.no\/pl\/wp-json\/wp\/v2\/media?parent=12035"}],"curies":[{"name":"wp","href":"https:\/\/api.w.org\/{rel}","templated":true}]}}