{"id":12038,"date":"2020-02-21T10:41:40","date_gmt":"2020-02-21T09:41:40","guid":{"rendered":"https:\/\/idrettsraadet.no\/gminne-stypendia-sportowe\/"},"modified":"2020-02-21T10:41:41","modified_gmt":"2020-02-21T09:41:41","slug":"gminne-stypendia-sportowe","status":"publish","type":"page","link":"https:\/\/idrettsraadet.no\/pl\/gminne-stypendia-sportowe\/","title":{"rendered":"Gminne stypendia sportowe"},"content":{"rendered":"\n<figure class=\"wp-block-image size-large is-resized\"><img fetchpriority=\"high\" decoding=\"async\" src=\"https:\/\/idrettsraadet.no\/wp-content\/uploads\/2019\/11\/70112463_1072761356427434_2733996492086837248_n-1024x768.jpg\" alt=\"\" class=\"wp-image-11515\" width=\"459\" height=\"344\" srcset=\"https:\/\/idrettsraadet.no\/wp-content\/uploads\/2019\/11\/70112463_1072761356427434_2733996492086837248_n-1024x768.jpg 1024w, https:\/\/idrettsraadet.no\/wp-content\/uploads\/2019\/11\/70112463_1072761356427434_2733996492086837248_n-300x225.jpg 300w, https:\/\/idrettsraadet.no\/wp-content\/uploads\/2019\/11\/70112463_1072761356427434_2733996492086837248_n-768x576.jpg 768w, https:\/\/idrettsraadet.no\/wp-content\/uploads\/2019\/11\/70112463_1072761356427434_2733996492086837248_n-1536x1152.jpg 1536w, https:\/\/idrettsraadet.no\/wp-content\/uploads\/2019\/11\/70112463_1072761356427434_2733996492086837248_n.jpg 2016w\" sizes=\"(max-width: 459px) 100vw, 459px\" \/><\/figure><h4><strong>Gminne stypendium sportowe to dotacja skierowana do sportowc\u00f3w, trener\u00f3w, lider\u00f3w i s\u0119dzi\u00f3w.<\/strong><\/h4>\n<p>&nbsp;<\/p>\n<p><strong>Wnioski mo\u017cna sk\u0142ada\u0107 do 5 kwietnia.<\/strong><br \/>\nKa\u017cde stypendium wynosi 10\u00a0000 koron.<\/p>\n<p><strong>Gminne stypendium sportowe dla sportowc\u00f3w:<\/strong><\/p>\n<ol>\n<li>Stypendia mog\u0105 by\u0107 przyznawane tylko cz\u0142onkom dru\u017cyn sportowych w Stavanger.<\/li>\n<li>Stypendium b\u0119dzie przyznawane sportowcom, kt\u00f3rzy osi\u0105gn\u0119li najwy\u017csze wyniki krajowe i\/lub mi\u0119dzynarodowe w ci\u0105gu ostatniego roku kalendarzowego.<\/li>\n<li>Sportowcy musz\u0105 mie\u0107 uko\u0144czone co najmniej 13 lat w roku, w kt\u00f3rym dokonali osi\u0105gni\u0119cia, kt\u00f3rego dotyczy sk\u0142adany wniosek.<\/li>\n<li>Do wyp\u0142aty stypendium nie jest wymagana \u017cadna dokumentacja dotycz\u0105ca zwrotu wydatk\u00f3w.<\/li>\n<li>Kwota stypendium to 10 000 koron.<\/li>\n<\/ol>\n<h4>Formularz wniosku<\/h4>\n<p><a href=\"https:\/\/response.questback.com\/isa\/qbv.dll\/ShowQuest?QuestID=5254457&amp;sid=QhLFwCtwRE\">Trenerzy\/liderzy\/s\u0119dziowie<\/a><\/p>\n<p><a href=\"https:\/\/response.questback.com\/isa\/qbv.dll\/ShowQuest?QuestID=5254428&amp;sid=GvGCwbHeaI\">Sportowcy<\/a><\/p>\n<p><strong>Gminne stypendium sportowe dla trener\u00f3w\/lider\u00f3w\/s\u0119dzi\u00f3w<\/strong><\/p>\n<ol>\n<li>Gminne stypendium sportowe dla trener\u00f3w\/lider\u00f3w\/s\u0119dzi\u00f3w: Stypendia mog\u0105 by\u0107 przyznawane tylko cz\u0142onkom dru\u017cyn sportowych w Stavanger.<\/li>\n<li>Stypendium zalicza si\u0119 na poczet odliczenia w przypadku dalszego kszta\u0142cenia i podnoszenia kwalifikacji, co powinno nast\u0105pi\u0107 w tym samym roku, co wniosek o stypendium.<\/li>\n<li>Stypendium nie mo\u017ce zosta\u0107 wykorzystane w celu organizacji oboz\u00f3w szkoleniowych i uczestnictwa w mistrzostwach przez w\u0142asn\u0105 dru\u017cyn\u0119, je\u015bli nie towarzyszy temu udokumentowana inicjatywa na rzecz rozwijania umiej\u0119tno\u015bci, taka jak oddzielny kurs\/spotkanie dla trener\u00f3w\/lider\u00f3w\/s\u0119dzi\u00f3w.<\/li>\n<li>Aby otrzyma\u0107 stypendium, nale\u017cy do\u0142\u0105czy\u0107 dokumentacj\u0119 dotycz\u0105c\u0105 takiej inicjatywy.<\/li>\n<li>Kwota stypendium to 10 000 koron.<\/li>\n<\/ol>\n<p><strong>\u00a0Informacje o obu formach dofinansowania:<\/strong><br \/>\nWnioskodawcy, kt\u00f3rzy nie otrzymali stypendium w przesz\u0142o\u015bci, b\u0119d\u0105 mieli pierwsze\u0144stwo przed dotychczasowymi beneficjentami, co nie wyklucza jednak sk\u0142adania wniosk\u00f3w przez by\u0142ych stypendyst\u00f3w.<\/p>\n<p>S\u0105 to indywidualne stypendia, kt\u00f3re s\u0105 kierowane bezpo\u015brednio do trenera\/lidera\/s\u0119dziego\/sportowca, a nie na pokrycie koszt\u00f3w klubu.<\/p>\n<p>Dziesi\u0119\u0107 procent \u0142\u0105cznej kwoty stypendi\u00f3w sportowych (w ramach obu program\u00f3w) jest przyznawane dzia\u0142aczom na rzecz sportu niepe\u0142nosprawnych.<\/p>\n<p>Stypendium sportowe 2019<\/p>\n<table>\n<tbody>\n<tr>\n<td width=\"196\">\n<table width=\"217\">\n<tbody>\n<tr>\n<td width=\"110\"><strong>Imi\u0119 i nazwisko<\/strong><\/td>\n<\/tr>\n<\/tbody>\n<\/table>\n<\/td>\n<td width=\"213\">\n<table width=\"217\">\n<tbody>\n<tr>\n<td width=\"101\"><strong>Dru\u017cyna sportowa<\/strong><\/td>\n<\/tr>\n<\/tbody>\n<\/table>\n<\/td>\n<\/tr>\n<tr>\n<td width=\"196\">Rasumus Kruse Rasmussen<\/td>\n<td width=\"213\">Stavanger Roklub<\/td>\n<\/tr>\n<tr>\n<td width=\"196\">Sara Busic<\/td>\n<td width=\"213\">IL Skjalg<\/td>\n<\/tr>\n<tr>\n<td width=\"196\">Olai Hagland<\/td>\n<td width=\"213\">Stavanger Seilforening<\/td>\n<\/tr>\n<tr>\n<td width=\"196\">Hannah Fossan<\/td>\n<td width=\"213\">Stavanger Rideklubb<\/td>\n<\/tr>\n<tr>\n<td width=\"196\">Jiawen Shi<\/td>\n<td width=\"213\">Brodd Badmintonklubb<\/td>\n<\/tr>\n<tr>\n<td width=\"196\">Vilde Marie Nystr\u00f8m<\/td>\n<td width=\"213\">Stavanger Golfklubb<\/td>\n<\/tr>\n<tr>\n<td width=\"196\">Simon Slettevold<\/td>\n<td width=\"213\">Stavanger Sv\u00f8mmeklubb<\/td>\n<\/tr>\n<tr>\n<td width=\"196\">Nora Tveit<\/td>\n<td width=\"213\">Stavanger Sykleklubb<\/td>\n<\/tr>\n<tr>\n<td width=\"196\">Elias Nilsen<\/td>\n<td width=\"213\">Stavanger Skateklubb<\/td>\n<\/tr>\n<tr>\n<td width=\"196\">Amalie S\u00f8iland<\/td>\n<td width=\"213\">Stavanger Innebandyklubb<\/td>\n<\/tr>\n<\/tbody>\n<\/table>\n\n<p><\/p>\n","protected":false},"excerpt":{"rendered":"<p>Gminne stypendium sportowe to dotacja skierowana do sportowc\u00f3w, trener\u00f3w, lider\u00f3w i s\u0119dzi\u00f3w. &nbsp; Wnioski mo\u017cna sk\u0142ada\u0107 do 5 kwietnia. Ka\u017cde stypendium wynosi 10\u00a0000 koron. Gminne stypendium sportowe dla sportowc\u00f3w: Stypendia mog\u0105 by\u0107 przyznawane tylko cz\u0142onkom dru\u017cyn sportowych w Stavanger. Stypendium b\u0119dzie przyznawane sportowcom, kt\u00f3rzy osi\u0105gn\u0119li najwy\u017csze wyniki krajowe i\/lub mi\u0119dzynarodowe w ci\u0105gu ostatniego roku kalendarzowego. [&hellip;]<\/p>\n","protected":false},"author":1,"featured_media":0,"parent":0,"menu_order":0,"comment_status":"closed","ping_status":"closed","template":"","meta":{"site-sidebar-layout":"default","site-content-layout":"default","ast-site-content-layout":"default","site-content-style":"default","site-sidebar-style":"default","ast-global-header-display":"","ast-banner-title-visibility":"","ast-main-header-display":"","ast-hfb-above-header-display":"","ast-hfb-below-header-display":"","ast-hfb-mobile-header-display":"","site-post-title":"","ast-breadcrumbs-content":"","ast-featured-img":"","footer-sml-layout":"","ast-disable-related-posts":"","theme-transparent-header-meta":"default","adv-header-id-meta":"","stick-header-meta":"default","header-above-stick-meta":"","header-main-stick-meta":"","header-below-stick-meta":"","astra-migrate-meta-layouts":"default","ast-page-background-enabled":"default","ast-page-background-meta":{"desktop":{"background-color":"","background-image":"","background-repeat":"repeat","background-position":"center center","background-size":"auto","background-attachment":"scroll","background-type":"","background-media":"","overlay-type":"","overlay-color":"","overlay-opacity":"","overlay-gradient":""},"tablet":{"background-color":"","background-image":"","background-repeat":"repeat","background-position":"center center","background-size":"auto","background-attachment":"scroll","background-type":"","background-media":"","overlay-type":"","overlay-color":"","overlay-opacity":"","overlay-gradient":""},"mobile":{"background-color":"","background-image":"","background-repeat":"repeat","background-position":"center center","background-size":"auto","background-attachment":"scroll","background-type":"","background-media":"","overlay-type":"","overlay-color":"","overlay-opacity":"","overlay-gradient":""}},"ast-content-background-meta":{"desktop":{"background-color":"var(--ast-global-color-5)","background-image":"","background-repeat":"repeat","background-position":"center center","background-size":"auto","background-attachment":"scroll","background-type":"","background-media":"","overlay-type":"","overlay-color":"","overlay-opacity":"","overlay-gradient":""},"tablet":{"background-color":"var(--ast-global-color-5)","background-image":"","background-repeat":"repeat","background-position":"center center","background-size":"auto","background-attachment":"scroll","background-type":"","background-media":"","overlay-type":"","overlay-color":"","overlay-opacity":"","overlay-gradient":""},"mobile":{"background-color":"var(--ast-global-color-5)","background-image":"","background-repeat":"repeat","background-position":"center center","background-size":"auto","background-attachment":"scroll","background-type":"","background-media":"","overlay-type":"","overlay-color":"","overlay-opacity":"","overlay-gradient":""}},"footnotes":""},"class_list":["post-12038","page","type-page","status-publish","hentry"],"yoast_head":"<!-- This site is optimized with the Yoast SEO plugin v27.4 - https:\/\/yoast.com\/product\/yoast-seo-wordpress\/ -->\n<title>Gminne stypendia sportowe - Idrettsr\u00e5det Stavanger<\/title>\n<meta name=\"robots\" content=\"index, follow, max-snippet:-1, max-image-preview:large, max-video-preview:-1\" \/>\n<link rel=\"canonical\" href=\"https:\/\/idrettsraadet.no\/pl\/gminne-stypendia-sportowe\/\" \/>\n<meta property=\"og:locale\" content=\"pl_PL\" \/>\n<meta property=\"og:type\" content=\"article\" \/>\n<meta property=\"og:title\" content=\"Gminne stypendia sportowe - Idrettsr\u00e5det Stavanger\" \/>\n<meta property=\"og:description\" content=\"Gminne stypendium sportowe to dotacja skierowana do sportowc\u00f3w, trener\u00f3w, lider\u00f3w i s\u0119dzi\u00f3w. &nbsp; Wnioski mo\u017cna sk\u0142ada\u0107 do 5 kwietnia. Ka\u017cde stypendium wynosi 10\u00a0000 koron. Gminne stypendium sportowe dla sportowc\u00f3w: Stypendia mog\u0105 by\u0107 przyznawane tylko cz\u0142onkom dru\u017cyn sportowych w Stavanger. Stypendium b\u0119dzie przyznawane sportowcom, kt\u00f3rzy osi\u0105gn\u0119li najwy\u017csze wyniki krajowe i\/lub mi\u0119dzynarodowe w ci\u0105gu ostatniego roku kalendarzowego. [&hellip;]\" \/>\n<meta property=\"og:url\" content=\"https:\/\/idrettsraadet.no\/pl\/gminne-stypendia-sportowe\/\" \/>\n<meta property=\"og:site_name\" content=\"Idrettsr\u00e5det Stavanger\" \/>\n<meta property=\"article:modified_time\" content=\"2020-02-21T09:41:41+00:00\" \/>\n<meta property=\"og:image\" content=\"https:\/\/idrettsraadet.no\/wp-content\/uploads\/2019\/11\/70112463_1072761356427434_2733996492086837248_n-1024x768.jpg\" \/>\n<meta name=\"twitter:card\" content=\"summary_large_image\" \/>\n<meta name=\"twitter:label1\" content=\"Szacowany czas czytania\" \/>\n\t<meta name=\"twitter:data1\" content=\"2 minuty\" \/>\n<script type=\"application\/ld+json\" class=\"yoast-schema-graph\">{\"@context\":\"https:\\\/\\\/schema.org\",\"@graph\":[{\"@type\":\"WebPage\",\"@id\":\"https:\\\/\\\/idrettsraadet.no\\\/pl\\\/gminne-stypendia-sportowe\\\/\",\"url\":\"https:\\\/\\\/idrettsraadet.no\\\/pl\\\/gminne-stypendia-sportowe\\\/\",\"name\":\"Gminne stypendia sportowe - Idrettsr\u00e5det Stavanger\",\"isPartOf\":{\"@id\":\"https:\\\/\\\/idrettsraadet.no\\\/bn\\\/#website\"},\"primaryImageOfPage\":{\"@id\":\"https:\\\/\\\/idrettsraadet.no\\\/pl\\\/gminne-stypendia-sportowe\\\/#primaryimage\"},\"image\":{\"@id\":\"https:\\\/\\\/idrettsraadet.no\\\/pl\\\/gminne-stypendia-sportowe\\\/#primaryimage\"},\"thumbnailUrl\":\"https:\\\/\\\/idrettsraadet.no\\\/wp-content\\\/uploads\\\/2019\\\/11\\\/70112463_1072761356427434_2733996492086837248_n-1024x768.jpg\",\"datePublished\":\"2020-02-21T09:41:40+00:00\",\"dateModified\":\"2020-02-21T09:41:41+00:00\",\"breadcrumb\":{\"@id\":\"https:\\\/\\\/idrettsraadet.no\\\/pl\\\/gminne-stypendia-sportowe\\\/#breadcrumb\"},\"inLanguage\":\"pl-PL\",\"potentialAction\":[{\"@type\":\"ReadAction\",\"target\":[\"https:\\\/\\\/idrettsraadet.no\\\/pl\\\/gminne-stypendia-sportowe\\\/\"]}]},{\"@type\":\"ImageObject\",\"inLanguage\":\"pl-PL\",\"@id\":\"https:\\\/\\\/idrettsraadet.no\\\/pl\\\/gminne-stypendia-sportowe\\\/#primaryimage\",\"url\":\"https:\\\/\\\/idrettsraadet.no\\\/wp-content\\\/uploads\\\/2019\\\/11\\\/70112463_1072761356427434_2733996492086837248_n-1024x768.jpg\",\"contentUrl\":\"https:\\\/\\\/idrettsraadet.no\\\/wp-content\\\/uploads\\\/2019\\\/11\\\/70112463_1072761356427434_2733996492086837248_n-1024x768.jpg\"},{\"@type\":\"BreadcrumbList\",\"@id\":\"https:\\\/\\\/idrettsraadet.no\\\/pl\\\/gminne-stypendia-sportowe\\\/#breadcrumb\",\"itemListElement\":[{\"@type\":\"ListItem\",\"position\":1,\"name\":\"Hjem\",\"item\":\"https:\\\/\\\/idrettsraadet.no\\\/pl\\\/\"},{\"@type\":\"ListItem\",\"position\":2,\"name\":\"Gminne stypendia sportowe\"}]},{\"@type\":\"WebSite\",\"@id\":\"https:\\\/\\\/idrettsraadet.no\\\/bn\\\/#website\",\"url\":\"https:\\\/\\\/idrettsraadet.no\\\/bn\\\/\",\"name\":\"Idrettsr\u00e5det Stavanger\",\"description\":\"Idrett for alle.\",\"publisher\":{\"@id\":\"https:\\\/\\\/idrettsraadet.no\\\/bn\\\/#organization\"},\"potentialAction\":[{\"@type\":\"SearchAction\",\"target\":{\"@type\":\"EntryPoint\",\"urlTemplate\":\"https:\\\/\\\/idrettsraadet.no\\\/bn\\\/?s={search_term_string}\"},\"query-input\":{\"@type\":\"PropertyValueSpecification\",\"valueRequired\":true,\"valueName\":\"search_term_string\"}}],\"inLanguage\":\"pl-PL\"},{\"@type\":\"Organization\",\"@id\":\"https:\\\/\\\/idrettsraadet.no\\\/bn\\\/#organization\",\"name\":\"Stavanger Idrettsr\u00e5d\",\"url\":\"https:\\\/\\\/idrettsraadet.no\\\/bn\\\/\",\"logo\":{\"@type\":\"ImageObject\",\"inLanguage\":\"pl-PL\",\"@id\":\"https:\\\/\\\/idrettsraadet.no\\\/bn\\\/#\\\/schema\\\/logo\\\/image\\\/\",\"url\":\"https:\\\/\\\/idrettsraadet.no\\\/wp-content\\\/uploads\\\/2016\\\/06\\\/logo.png\",\"contentUrl\":\"https:\\\/\\\/idrettsraadet.no\\\/wp-content\\\/uploads\\\/2016\\\/06\\\/logo.png\",\"width\":149,\"height\":48,\"caption\":\"Stavanger Idrettsr\u00e5d\"},\"image\":{\"@id\":\"https:\\\/\\\/idrettsraadet.no\\\/bn\\\/#\\\/schema\\\/logo\\\/image\\\/\"}}]}<\/script>\n<!-- \/ Yoast SEO plugin. -->","yoast_head_json":{"title":"Gminne stypendia sportowe - Idrettsr\u00e5det Stavanger","robots":{"index":"index","follow":"follow","max-snippet":"max-snippet:-1","max-image-preview":"max-image-preview:large","max-video-preview":"max-video-preview:-1"},"canonical":"https:\/\/idrettsraadet.no\/pl\/gminne-stypendia-sportowe\/","og_locale":"pl_PL","og_type":"article","og_title":"Gminne stypendia sportowe - Idrettsr\u00e5det Stavanger","og_description":"Gminne stypendium sportowe to dotacja skierowana do sportowc\u00f3w, trener\u00f3w, lider\u00f3w i s\u0119dzi\u00f3w. &nbsp; Wnioski mo\u017cna sk\u0142ada\u0107 do 5 kwietnia. Ka\u017cde stypendium wynosi 10\u00a0000 koron. Gminne stypendium sportowe dla sportowc\u00f3w: Stypendia mog\u0105 by\u0107 przyznawane tylko cz\u0142onkom dru\u017cyn sportowych w Stavanger. Stypendium b\u0119dzie przyznawane sportowcom, kt\u00f3rzy osi\u0105gn\u0119li najwy\u017csze wyniki krajowe i\/lub mi\u0119dzynarodowe w ci\u0105gu ostatniego roku kalendarzowego. [&hellip;]","og_url":"https:\/\/idrettsraadet.no\/pl\/gminne-stypendia-sportowe\/","og_site_name":"Idrettsr\u00e5det Stavanger","article_modified_time":"2020-02-21T09:41:41+00:00","og_image":[{"url":"https:\/\/idrettsraadet.no\/wp-content\/uploads\/2019\/11\/70112463_1072761356427434_2733996492086837248_n-1024x768.jpg","type":"","width":"","height":""}],"twitter_card":"summary_large_image","twitter_misc":{"Szacowany czas czytania":"2 minuty"},"schema":{"@context":"https:\/\/schema.org","@graph":[{"@type":"WebPage","@id":"https:\/\/idrettsraadet.no\/pl\/gminne-stypendia-sportowe\/","url":"https:\/\/idrettsraadet.no\/pl\/gminne-stypendia-sportowe\/","name":"Gminne stypendia sportowe - Idrettsr\u00e5det Stavanger","isPartOf":{"@id":"https:\/\/idrettsraadet.no\/bn\/#website"},"primaryImageOfPage":{"@id":"https:\/\/idrettsraadet.no\/pl\/gminne-stypendia-sportowe\/#primaryimage"},"image":{"@id":"https:\/\/idrettsraadet.no\/pl\/gminne-stypendia-sportowe\/#primaryimage"},"thumbnailUrl":"https:\/\/idrettsraadet.no\/wp-content\/uploads\/2019\/11\/70112463_1072761356427434_2733996492086837248_n-1024x768.jpg","datePublished":"2020-02-21T09:41:40+00:00","dateModified":"2020-02-21T09:41:41+00:00","breadcrumb":{"@id":"https:\/\/idrettsraadet.no\/pl\/gminne-stypendia-sportowe\/#breadcrumb"},"inLanguage":"pl-PL","potentialAction":[{"@type":"ReadAction","target":["https:\/\/idrettsraadet.no\/pl\/gminne-stypendia-sportowe\/"]}]},{"@type":"ImageObject","inLanguage":"pl-PL","@id":"https:\/\/idrettsraadet.no\/pl\/gminne-stypendia-sportowe\/#primaryimage","url":"https:\/\/idrettsraadet.no\/wp-content\/uploads\/2019\/11\/70112463_1072761356427434_2733996492086837248_n-1024x768.jpg","contentUrl":"https:\/\/idrettsraadet.no\/wp-content\/uploads\/2019\/11\/70112463_1072761356427434_2733996492086837248_n-1024x768.jpg"},{"@type":"BreadcrumbList","@id":"https:\/\/idrettsraadet.no\/pl\/gminne-stypendia-sportowe\/#breadcrumb","itemListElement":[{"@type":"ListItem","position":1,"name":"Hjem","item":"https:\/\/idrettsraadet.no\/pl\/"},{"@type":"ListItem","position":2,"name":"Gminne stypendia sportowe"}]},{"@type":"WebSite","@id":"https:\/\/idrettsraadet.no\/bn\/#website","url":"https:\/\/idrettsraadet.no\/bn\/","name":"Idrettsr\u00e5det Stavanger","description":"Idrett for alle.","publisher":{"@id":"https:\/\/idrettsraadet.no\/bn\/#organization"},"potentialAction":[{"@type":"SearchAction","target":{"@type":"EntryPoint","urlTemplate":"https:\/\/idrettsraadet.no\/bn\/?s={search_term_string}"},"query-input":{"@type":"PropertyValueSpecification","valueRequired":true,"valueName":"search_term_string"}}],"inLanguage":"pl-PL"},{"@type":"Organization","@id":"https:\/\/idrettsraadet.no\/bn\/#organization","name":"Stavanger Idrettsr\u00e5d","url":"https:\/\/idrettsraadet.no\/bn\/","logo":{"@type":"ImageObject","inLanguage":"pl-PL","@id":"https:\/\/idrettsraadet.no\/bn\/#\/schema\/logo\/image\/","url":"https:\/\/idrettsraadet.no\/wp-content\/uploads\/2016\/06\/logo.png","contentUrl":"https:\/\/idrettsraadet.no\/wp-content\/uploads\/2016\/06\/logo.png","width":149,"height":48,"caption":"Stavanger Idrettsr\u00e5d"},"image":{"@id":"https:\/\/idrettsraadet.no\/bn\/#\/schema\/logo\/image\/"}}]}},"_links":{"self":[{"href":"https:\/\/idrettsraadet.no\/pl\/wp-json\/wp\/v2\/pages\/12038","targetHints":{"allow":["GET"]}}],"collection":[{"href":"https:\/\/idrettsraadet.no\/pl\/wp-json\/wp\/v2\/pages"}],"about":[{"href":"https:\/\/idrettsraadet.no\/pl\/wp-json\/wp\/v2\/types\/page"}],"author":[{"embeddable":true,"href":"https:\/\/idrettsraadet.no\/pl\/wp-json\/wp\/v2\/users\/1"}],"replies":[{"embeddable":true,"href":"https:\/\/idrettsraadet.no\/pl\/wp-json\/wp\/v2\/comments?post=12038"}],"version-history":[{"count":1,"href":"https:\/\/idrettsraadet.no\/pl\/wp-json\/wp\/v2\/pages\/12038\/revisions"}],"predecessor-version":[{"id":12041,"href":"https:\/\/idrettsraadet.no\/pl\/wp-json\/wp\/v2\/pages\/12038\/revisions\/12041"}],"wp:attachment":[{"href":"https:\/\/idrettsraadet.no\/pl\/wp-json\/wp\/v2\/media?parent=12038"}],"curies":[{"name":"wp","href":"https:\/\/api.w.org\/{rel}","templated":true}]}}