{"id":12042,"date":"2020-02-21T10:43:04","date_gmt":"2020-02-21T09:43:04","guid":{"rendered":"https:\/\/idrettsraadet.no\/dotacje-od-gminy-stavanger\/"},"modified":"2020-02-21T10:43:04","modified_gmt":"2020-02-21T09:43:04","slug":"dotacje-od-gminy-stavanger","status":"publish","type":"page","link":"https:\/\/idrettsraadet.no\/pl\/dotacje-od-gminy-stavanger\/","title":{"rendered":"Dotacje od gminy Stavanger"},"content":{"rendered":"<h4>Oto link do r\u00f3\u017cnych dotacji i formularzy wniosku obs\u0142ugiwanych przez departament sportu gminy Stavanger.<\/h4>\n<p>&nbsp;<\/p>\n<p><strong>Wi\u0119ksze wydarzenie sportowe:<\/strong><br \/>\nDru\u017cyny sportowe mog\u0105 ubiega\u0107 si\u0119 o dofinansowanie dla du\u017cych imprez sportowych (o du\u017cym zakresie i\/lub maj\u0105cych co najmniej status norweskich mistrzostw krajowych). Wniosek jest kierowany do departamentu sportu gminy Stavanger.<\/p>\n<p><a href=\"https:\/\/kommune24-7.no\/1103\/\">Wniosek o wsparcie dla du\u017cej imprezy sportowej<\/a><\/p>\n<p><strong>Dofinansowanie stanowiska administracyjnego w dru\u017cynach sportowych posiadaj\u0105cych sekcje dzieci\u0119ce i m\u0142odzie\u017cowe:<\/strong><br \/>\nWnioskowa\u0107 mog\u0105 dru\u017cyny sportowe posiadaj\u0105ce pracownik\u00f3w administracyjnych pracuj\u0105cych na tym stanowisku w wymiarze co najmniej 40% i zwi\u0105zanych z Rad\u0105 Sportu w Stavanger. W ka\u017cdym klubie wsparcie mo\u017ce otrzyma\u0107 tylko jedno stanowisko. Wniosek jest kierowany do departamentu sportu gminy Stavanger.<\/p>\n<p><a href=\"https:\/\/kommune24-7.no\/1103\/\">Wniosek o przyznanie dofinansowania stanowiska administracyjnego w dru\u017cynie sportowej<\/a><\/p>\n<p><strong>Dofinansowanie obiektu:<\/strong><br \/>\nJest to dotacja skierowana do dru\u017cyn sportowych, kt\u00f3re posiadaj\u0105\/wynajmuj\u0105 obiekty sportowe na potrzeby uprawiania aktywno\u015bci przez dan\u0105 dru\u017cyn\u0119. Wniosek jest kierowany do departamentu sportu gminy Stavanger.<\/p>\n<p><a href=\"https:\/\/kommune24-7.no\/1103\/\">Wniosek o dofinansowanie obiektu<\/a><\/p>\n<p><strong>Wniosek o prawo do prowadzenia sprzeda\u017cy i reklamy w gminnych obiektach sportowych<\/strong><br \/>\nPrawo do sprzeda\u017cy i reklamy dotyczy wszystkich reklam stacjonarnych i wszelkiej sprzeda\u017cy prowadzonej w gminnych obiektach sportowych. Wniosek jest kierowany do departamentu sportu gminy Stavanger.<\/p>\n<p><a href=\"https:\/\/kommune24-7.no\/1103\/\">Wniosek o prawo do prowadzenia sprzeda\u017cy i reklamy w gminnych obiektach sportowych<\/a><\/p>\n","protected":false},"excerpt":{"rendered":"<p>Oto link do r\u00f3\u017cnych dotacji i formularzy wniosku obs\u0142ugiwanych przez departament sportu gminy Stavanger. &nbsp; Wi\u0119ksze wydarzenie sportowe: Dru\u017cyny sportowe mog\u0105 ubiega\u0107 si\u0119 o dofinansowanie dla du\u017cych imprez sportowych (o du\u017cym zakresie i\/lub maj\u0105cych co najmniej status norweskich mistrzostw krajowych). Wniosek jest kierowany do departamentu sportu gminy Stavanger. Wniosek o wsparcie dla du\u017cej imprezy sportowej [&hellip;]<\/p>\n","protected":false},"author":1,"featured_media":0,"parent":0,"menu_order":0,"comment_status":"closed","ping_status":"closed","template":"","meta":{"site-sidebar-layout":"default","site-content-layout":"default","ast-site-content-layout":"default","site-content-style":"default","site-sidebar-style":"default","ast-global-header-display":"","ast-banner-title-visibility":"","ast-main-header-display":"","ast-hfb-above-header-display":"","ast-hfb-below-header-display":"","ast-hfb-mobile-header-display":"","site-post-title":"","ast-breadcrumbs-content":"","ast-featured-img":"","footer-sml-layout":"","ast-disable-related-posts":"","theme-transparent-header-meta":"default","adv-header-id-meta":"","stick-header-meta":"default","header-above-stick-meta":"","header-main-stick-meta":"","header-below-stick-meta":"","astra-migrate-meta-layouts":"default","ast-page-background-enabled":"default","ast-page-background-meta":{"desktop":{"background-color":"","background-image":"","background-repeat":"repeat","background-position":"center center","background-size":"auto","background-attachment":"scroll","background-type":"","background-media":"","overlay-type":"","overlay-color":"","overlay-opacity":"","overlay-gradient":""},"tablet":{"background-color":"","background-image":"","background-repeat":"repeat","background-position":"center center","background-size":"auto","background-attachment":"scroll","background-type":"","background-media":"","overlay-type":"","overlay-color":"","overlay-opacity":"","overlay-gradient":""},"mobile":{"background-color":"","background-image":"","background-repeat":"repeat","background-position":"center center","background-size":"auto","background-attachment":"scroll","background-type":"","background-media":"","overlay-type":"","overlay-color":"","overlay-opacity":"","overlay-gradient":""}},"ast-content-background-meta":{"desktop":{"background-color":"var(--ast-global-color-5)","background-image":"","background-repeat":"repeat","background-position":"center center","background-size":"auto","background-attachment":"scroll","background-type":"","background-media":"","overlay-type":"","overlay-color":"","overlay-opacity":"","overlay-gradient":""},"tablet":{"background-color":"var(--ast-global-color-5)","background-image":"","background-repeat":"repeat","background-position":"center center","background-size":"auto","background-attachment":"scroll","background-type":"","background-media":"","overlay-type":"","overlay-color":"","overlay-opacity":"","overlay-gradient":""},"mobile":{"background-color":"var(--ast-global-color-5)","background-image":"","background-repeat":"repeat","background-position":"center center","background-size":"auto","background-attachment":"scroll","background-type":"","background-media":"","overlay-type":"","overlay-color":"","overlay-opacity":"","overlay-gradient":""}},"footnotes":""},"class_list":["post-12042","page","type-page","status-publish","hentry"],"yoast_head":"<!-- This site is optimized with the Yoast SEO plugin v27.4 - https:\/\/yoast.com\/product\/yoast-seo-wordpress\/ -->\n<title>Dotacje od gminy Stavanger - Idrettsr\u00e5det Stavanger<\/title>\n<meta name=\"robots\" content=\"index, follow, max-snippet:-1, max-image-preview:large, max-video-preview:-1\" \/>\n<link rel=\"canonical\" href=\"https:\/\/idrettsraadet.no\/pl\/dotacje-od-gminy-stavanger\/\" \/>\n<meta property=\"og:locale\" content=\"pl_PL\" \/>\n<meta property=\"og:type\" content=\"article\" \/>\n<meta property=\"og:title\" content=\"Dotacje od gminy Stavanger - Idrettsr\u00e5det Stavanger\" \/>\n<meta property=\"og:description\" content=\"Oto link do r\u00f3\u017cnych dotacji i formularzy wniosku obs\u0142ugiwanych przez departament sportu gminy Stavanger. &nbsp; Wi\u0119ksze wydarzenie sportowe: Dru\u017cyny sportowe mog\u0105 ubiega\u0107 si\u0119 o dofinansowanie dla du\u017cych imprez sportowych (o du\u017cym zakresie i\/lub maj\u0105cych co najmniej status norweskich mistrzostw krajowych). Wniosek jest kierowany do departamentu sportu gminy Stavanger. Wniosek o wsparcie dla du\u017cej imprezy sportowej [&hellip;]\" \/>\n<meta property=\"og:url\" content=\"https:\/\/idrettsraadet.no\/pl\/dotacje-od-gminy-stavanger\/\" \/>\n<meta property=\"og:site_name\" content=\"Idrettsr\u00e5det Stavanger\" \/>\n<meta name=\"twitter:card\" content=\"summary_large_image\" \/>\n<meta name=\"twitter:label1\" content=\"Szacowany czas czytania\" \/>\n\t<meta name=\"twitter:data1\" content=\"1 minuta\" \/>\n<script type=\"application\/ld+json\" class=\"yoast-schema-graph\">{\"@context\":\"https:\\\/\\\/schema.org\",\"@graph\":[{\"@type\":\"WebPage\",\"@id\":\"https:\\\/\\\/idrettsraadet.no\\\/pl\\\/dotacje-od-gminy-stavanger\\\/\",\"url\":\"https:\\\/\\\/idrettsraadet.no\\\/pl\\\/dotacje-od-gminy-stavanger\\\/\",\"name\":\"Dotacje od gminy Stavanger - Idrettsr\u00e5det Stavanger\",\"isPartOf\":{\"@id\":\"https:\\\/\\\/idrettsraadet.no\\\/bn\\\/#website\"},\"datePublished\":\"2020-02-21T09:43:04+00:00\",\"breadcrumb\":{\"@id\":\"https:\\\/\\\/idrettsraadet.no\\\/pl\\\/dotacje-od-gminy-stavanger\\\/#breadcrumb\"},\"inLanguage\":\"pl-PL\",\"potentialAction\":[{\"@type\":\"ReadAction\",\"target\":[\"https:\\\/\\\/idrettsraadet.no\\\/pl\\\/dotacje-od-gminy-stavanger\\\/\"]}]},{\"@type\":\"BreadcrumbList\",\"@id\":\"https:\\\/\\\/idrettsraadet.no\\\/pl\\\/dotacje-od-gminy-stavanger\\\/#breadcrumb\",\"itemListElement\":[{\"@type\":\"ListItem\",\"position\":1,\"name\":\"Hjem\",\"item\":\"https:\\\/\\\/idrettsraadet.no\\\/pl\\\/\"},{\"@type\":\"ListItem\",\"position\":2,\"name\":\"Dotacje od gminy Stavanger\"}]},{\"@type\":\"WebSite\",\"@id\":\"https:\\\/\\\/idrettsraadet.no\\\/bn\\\/#website\",\"url\":\"https:\\\/\\\/idrettsraadet.no\\\/bn\\\/\",\"name\":\"Idrettsr\u00e5det Stavanger\",\"description\":\"Idrett for alle.\",\"publisher\":{\"@id\":\"https:\\\/\\\/idrettsraadet.no\\\/bn\\\/#organization\"},\"potentialAction\":[{\"@type\":\"SearchAction\",\"target\":{\"@type\":\"EntryPoint\",\"urlTemplate\":\"https:\\\/\\\/idrettsraadet.no\\\/bn\\\/?s={search_term_string}\"},\"query-input\":{\"@type\":\"PropertyValueSpecification\",\"valueRequired\":true,\"valueName\":\"search_term_string\"}}],\"inLanguage\":\"pl-PL\"},{\"@type\":\"Organization\",\"@id\":\"https:\\\/\\\/idrettsraadet.no\\\/bn\\\/#organization\",\"name\":\"Stavanger Idrettsr\u00e5d\",\"url\":\"https:\\\/\\\/idrettsraadet.no\\\/bn\\\/\",\"logo\":{\"@type\":\"ImageObject\",\"inLanguage\":\"pl-PL\",\"@id\":\"https:\\\/\\\/idrettsraadet.no\\\/bn\\\/#\\\/schema\\\/logo\\\/image\\\/\",\"url\":\"https:\\\/\\\/idrettsraadet.no\\\/wp-content\\\/uploads\\\/2016\\\/06\\\/logo.png\",\"contentUrl\":\"https:\\\/\\\/idrettsraadet.no\\\/wp-content\\\/uploads\\\/2016\\\/06\\\/logo.png\",\"width\":149,\"height\":48,\"caption\":\"Stavanger Idrettsr\u00e5d\"},\"image\":{\"@id\":\"https:\\\/\\\/idrettsraadet.no\\\/bn\\\/#\\\/schema\\\/logo\\\/image\\\/\"}}]}<\/script>\n<!-- \/ Yoast SEO plugin. -->","yoast_head_json":{"title":"Dotacje od gminy Stavanger - Idrettsr\u00e5det Stavanger","robots":{"index":"index","follow":"follow","max-snippet":"max-snippet:-1","max-image-preview":"max-image-preview:large","max-video-preview":"max-video-preview:-1"},"canonical":"https:\/\/idrettsraadet.no\/pl\/dotacje-od-gminy-stavanger\/","og_locale":"pl_PL","og_type":"article","og_title":"Dotacje od gminy Stavanger - Idrettsr\u00e5det Stavanger","og_description":"Oto link do r\u00f3\u017cnych dotacji i formularzy wniosku obs\u0142ugiwanych przez departament sportu gminy Stavanger. &nbsp; Wi\u0119ksze wydarzenie sportowe: Dru\u017cyny sportowe mog\u0105 ubiega\u0107 si\u0119 o dofinansowanie dla du\u017cych imprez sportowych (o du\u017cym zakresie i\/lub maj\u0105cych co najmniej status norweskich mistrzostw krajowych). Wniosek jest kierowany do departamentu sportu gminy Stavanger. Wniosek o wsparcie dla du\u017cej imprezy sportowej [&hellip;]","og_url":"https:\/\/idrettsraadet.no\/pl\/dotacje-od-gminy-stavanger\/","og_site_name":"Idrettsr\u00e5det Stavanger","twitter_card":"summary_large_image","twitter_misc":{"Szacowany czas czytania":"1 minuta"},"schema":{"@context":"https:\/\/schema.org","@graph":[{"@type":"WebPage","@id":"https:\/\/idrettsraadet.no\/pl\/dotacje-od-gminy-stavanger\/","url":"https:\/\/idrettsraadet.no\/pl\/dotacje-od-gminy-stavanger\/","name":"Dotacje od gminy Stavanger - Idrettsr\u00e5det Stavanger","isPartOf":{"@id":"https:\/\/idrettsraadet.no\/bn\/#website"},"datePublished":"2020-02-21T09:43:04+00:00","breadcrumb":{"@id":"https:\/\/idrettsraadet.no\/pl\/dotacje-od-gminy-stavanger\/#breadcrumb"},"inLanguage":"pl-PL","potentialAction":[{"@type":"ReadAction","target":["https:\/\/idrettsraadet.no\/pl\/dotacje-od-gminy-stavanger\/"]}]},{"@type":"BreadcrumbList","@id":"https:\/\/idrettsraadet.no\/pl\/dotacje-od-gminy-stavanger\/#breadcrumb","itemListElement":[{"@type":"ListItem","position":1,"name":"Hjem","item":"https:\/\/idrettsraadet.no\/pl\/"},{"@type":"ListItem","position":2,"name":"Dotacje od gminy Stavanger"}]},{"@type":"WebSite","@id":"https:\/\/idrettsraadet.no\/bn\/#website","url":"https:\/\/idrettsraadet.no\/bn\/","name":"Idrettsr\u00e5det Stavanger","description":"Idrett for alle.","publisher":{"@id":"https:\/\/idrettsraadet.no\/bn\/#organization"},"potentialAction":[{"@type":"SearchAction","target":{"@type":"EntryPoint","urlTemplate":"https:\/\/idrettsraadet.no\/bn\/?s={search_term_string}"},"query-input":{"@type":"PropertyValueSpecification","valueRequired":true,"valueName":"search_term_string"}}],"inLanguage":"pl-PL"},{"@type":"Organization","@id":"https:\/\/idrettsraadet.no\/bn\/#organization","name":"Stavanger Idrettsr\u00e5d","url":"https:\/\/idrettsraadet.no\/bn\/","logo":{"@type":"ImageObject","inLanguage":"pl-PL","@id":"https:\/\/idrettsraadet.no\/bn\/#\/schema\/logo\/image\/","url":"https:\/\/idrettsraadet.no\/wp-content\/uploads\/2016\/06\/logo.png","contentUrl":"https:\/\/idrettsraadet.no\/wp-content\/uploads\/2016\/06\/logo.png","width":149,"height":48,"caption":"Stavanger Idrettsr\u00e5d"},"image":{"@id":"https:\/\/idrettsraadet.no\/bn\/#\/schema\/logo\/image\/"}}]}},"_links":{"self":[{"href":"https:\/\/idrettsraadet.no\/pl\/wp-json\/wp\/v2\/pages\/12042","targetHints":{"allow":["GET"]}}],"collection":[{"href":"https:\/\/idrettsraadet.no\/pl\/wp-json\/wp\/v2\/pages"}],"about":[{"href":"https:\/\/idrettsraadet.no\/pl\/wp-json\/wp\/v2\/types\/page"}],"author":[{"embeddable":true,"href":"https:\/\/idrettsraadet.no\/pl\/wp-json\/wp\/v2\/users\/1"}],"replies":[{"embeddable":true,"href":"https:\/\/idrettsraadet.no\/pl\/wp-json\/wp\/v2\/comments?post=12042"}],"version-history":[{"count":0,"href":"https:\/\/idrettsraadet.no\/pl\/wp-json\/wp\/v2\/pages\/12042\/revisions"}],"wp:attachment":[{"href":"https:\/\/idrettsraadet.no\/pl\/wp-json\/wp\/v2\/media?parent=12042"}],"curies":[{"name":"wp","href":"https:\/\/api.w.org\/{rel}","templated":true}]}}