{"id":12044,"date":"2020-02-21T10:51:47","date_gmt":"2020-02-21T09:51:47","guid":{"rendered":"https:\/\/idrettsraadet.no\/idrettsradet\/o-nas\/"},"modified":"2020-03-06T11:13:28","modified_gmt":"2020-03-06T10:13:28","slug":"o-nas","status":"publish","type":"page","link":"https:\/\/idrettsraadet.no\/pl\/idrettsradet\/o-nas\/","title":{"rendered":"O nas"},"content":{"rendered":"<h4><strong>Czym jest Idrettsr\u00e5det (Rada Sportu)?<\/strong><\/h4>\n<p>Idrettsr\u00e5det jest jednostk\u0105 Norweskiej Konfederacji Sportu i Narodowego Komitetu Olimpijskiego i Paraolimpijskiego (NIF). Prawie wszystkie gminy w Norwegii maj\u0105 Rad\u0119 Sportu. W Stavanger funkcj\u0119 t\u0119 pe\u0142ni Rada Sportu w Stavanger. Jeste\u015bmy jednostk\u0105 obs\u0142uguj\u0105c\u0105 dru\u017cyny sportowe w gminie Stavanger, kt\u00f3re maj\u0105 oko\u0142o 40\u00a0000 cz\u0142onk\u00f3w zrzeszonych w 160 klubach i dru\u017cynach sportowych w Stavanger, jak r\u00f3wnie\u017c 17\u00a0000 cz\u0142onk\u00f3w w ramach firmowych dru\u017cyn sportowych.\u00a0Do naszych g\u0142\u00f3wnych zada\u0144 nale\u017cy:<\/p>\n<ul>\n<li>praca na rzecz mo\u017cliwie najlepszych warunk\u00f3w do uprawiania sportu w gminie,<\/li>\n<li>wzmocnienie roli sportu i ramowych warunk\u00f3w jego uprawiania w lokalnej spo\u0142eczno\u015bci,<\/li>\n<li>zapewnianie platformy do spotka\u0144 i rozwoju w drodze pracy administracyjnej i wolontariackiej,<\/li>\n<li>zapewnianie przestrzeni do wsp\u00f3\u0142pracy mi\u0119dzy dru\u017cynami a w\u0142adzami gminy,<\/li>\n<li>tworzenie priorytet\u00f3w w imieniu dru\u017cyn sportowych,<\/li>\n<li>dokumentowanie i podkre\u015blanie lokalnego zasi\u0119gu sportu.<\/li>\n<\/ul>\n<p>&nbsp;<\/p>\n<p><img fetchpriority=\"high\" decoding=\"async\" class=\"td-modal-image wp-image-2151 size-full aligncenter\" src=\"http:\/\/localhost\/idrettsraadet\/wp-content\/uploads\/2016\/06\/org-kart.png\" width=\"864\" height=\"1085\" srcset=\"https:\/\/idrettsraadet.no\/wp-content\/uploads\/2016\/06\/org-kart.png 864w, https:\/\/idrettsraadet.no\/wp-content\/uploads\/2016\/06\/org-kart-239x300.png 239w, https:\/\/idrettsraadet.no\/wp-content\/uploads\/2016\/06\/org-kart-768x964.png 768w, https:\/\/idrettsraadet.no\/wp-content\/uploads\/2016\/06\/org-kart-815x1024.png 815w\" sizes=\"(max-width: 864px) 100vw, 864px\" \/><\/p>\n<p>&nbsp;<\/p>\n<p>Podsumowuj\u0105c, Rada Sportu ma przyczynia\u0107 si\u0119 do og\u00f3lnego rozwoju sportu w gminie i zapewnia\u0107 zr\u00f3\u017cnicowan\u0105 ofert\u0119 dla cz\u0142onk\u00f3w dru\u017cyn i ca\u0142ej spo\u0142eczno\u015bci.<\/p>\n<p>Poniewa\u017c Idrettsr\u00e5det jest pomostem mi\u0119dzy dru\u017cynami sportowymi a gmin\u0105, wszelkie kontakty odbywaj\u0105 si\u0119 za jej po\u015brednictwem. W niekt\u00f3rych przypadkach mo\u017ce wydawa\u0107 si\u0119 to uci\u0105\u017cliwe, ale cz\u0119sto okazuje si\u0119 by\u0107 najszybszym sposobem, aby uzyska\u0107 odpowiedzi na swoje pytania. Na wiele zapyta\u0144 jeste\u015bmy w stanie odpowiedzie\u0107 samodzielnie, a w pozosta\u0142ych przypadkach wiemy, kto zna odpowied\u017a, a dzi\u0119ki temu mo\u017cemy bezpo\u015brednio dostarczy\u0107 odpowiednie wskaz\u00f3wki. Idrettsr\u00e5det prowadzi \u015bcis\u0142\u0105 i dobr\u0105 wsp\u00f3\u0142prac\u0119 z gmin\u0105 Stavanger. Najwi\u0119cej kontaktujemy si\u0119 z departamentem sportowym, ale wsp\u00f3\u0142pracujemy r\u00f3wnie\u017c z innymi departamentami\/agencjami w gminie, a tak\u017ce z politykami.<\/p>\n<p>Idrettsr\u00e5det w Stavanger ma trzech pe\u0142noetatowych pracownik\u00f3w i jednego pracownika na cz\u0119\u015b\u0107 etatu, a jej biuro znajduje si\u0119 w Hansons Minde, nieopodal Stavanger Idrettshall i hotelu Scandic Forum w Tjensvoll.<\/p>\n<p><a href=\"http:\/\/localhost\/idrettsraadet\/wp-content\/uploads\/2016\/06\/Presentasjon-KKI-2016.ppt\">Prezentacja Idrettsr\u00e5det w Stavanger <\/a><\/p>\n<p><a href=\"https:\/\/idrettsraadet.no\/download\/lovnorm-for-idrettsradet-vedtatt-05-03-2020\/\">Regulamin Idrettsr\u00e5det w Stavanger (2019)<\/a><\/p>\n<p><strong>Wsp\u00f3\u0142praca regionalna<\/strong><\/p>\n<p>Rady Sportu w miejscowo\u015bciach Stavanger, Sandnes, Sola i Randaberg tworz\u0105 regionaln\u0105 grup\u0119 kontakt\u00f3w. W jej ramach Rady Sportu omawiaj\u0105 wsp\u00f3lne problemy, dziel\u0105 si\u0119 do\u015bwiadczeniami i przedstawiaj\u0105 wsp\u00f3lne rozwi\u0105zania na rzecz sportu.<\/p>\n<p>Grupa kontakt\u00f3w zosta\u0142a powo\u0142ana do \u017cycia w zwi\u0105zku z faktem, \u017ce sport w regionie Nord-J\u00e6ren stoi przed wsp\u00f3lnymi wyzwaniami, dlatego organizacje sportowe powinny pracowa\u0107 nad wsp\u00f3lnymi rozwi\u0105zaniami. Jest to szczeg\u00f3lnie wa\u017cne w obszarze zwi\u0105zanym z obiektami sportowymi, ale tak\u017ce w zakresie innych istotnych kwestii.<\/p>\n<p>Folkehallene (<a href=\"http:\/\/folkehallene.no\/\">http:\/\/folkehallene.no\/<\/a>) jest dobrym przyk\u0142adem dzia\u0142a\u0144 podj\u0119tych przez grup\u0119 kontakt\u00f3w.<\/p>\n","protected":false},"excerpt":{"rendered":"<p>Czym jest Idrettsr\u00e5det (Rada Sportu)? Idrettsr\u00e5det jest jednostk\u0105 Norweskiej Konfederacji Sportu i Narodowego Komitetu Olimpijskiego i Paraolimpijskiego (NIF). Prawie wszystkie gminy w Norwegii maj\u0105 Rad\u0119 Sportu. W Stavanger funkcj\u0119 t\u0119 pe\u0142ni Rada Sportu w Stavanger. Jeste\u015bmy jednostk\u0105 obs\u0142uguj\u0105c\u0105 dru\u017cyny sportowe w gminie Stavanger, kt\u00f3re maj\u0105 oko\u0142o 40\u00a0000 cz\u0142onk\u00f3w zrzeszonych w 160 klubach i dru\u017cynach sportowych [&hellip;]<\/p>\n","protected":false},"author":1,"featured_media":0,"parent":12043,"menu_order":0,"comment_status":"closed","ping_status":"closed","template":"","meta":{"site-sidebar-layout":"default","site-content-layout":"default","ast-site-content-layout":"default","site-content-style":"default","site-sidebar-style":"default","ast-global-header-display":"","ast-banner-title-visibility":"","ast-main-header-display":"","ast-hfb-above-header-display":"","ast-hfb-below-header-display":"","ast-hfb-mobile-header-display":"","site-post-title":"","ast-breadcrumbs-content":"","ast-featured-img":"","footer-sml-layout":"","ast-disable-related-posts":"","theme-transparent-header-meta":"default","adv-header-id-meta":"","stick-header-meta":"default","header-above-stick-meta":"","header-main-stick-meta":"","header-below-stick-meta":"","astra-migrate-meta-layouts":"default","ast-page-background-enabled":"default","ast-page-background-meta":{"desktop":{"background-color":"","background-image":"","background-repeat":"repeat","background-position":"center center","background-size":"auto","background-attachment":"scroll","background-type":"","background-media":"","overlay-type":"","overlay-color":"","overlay-opacity":"","overlay-gradient":""},"tablet":{"background-color":"","background-image":"","background-repeat":"repeat","background-position":"center center","background-size":"auto","background-attachment":"scroll","background-type":"","background-media":"","overlay-type":"","overlay-color":"","overlay-opacity":"","overlay-gradient":""},"mobile":{"background-color":"","background-image":"","background-repeat":"repeat","background-position":"center center","background-size":"auto","background-attachment":"scroll","background-type":"","background-media":"","overlay-type":"","overlay-color":"","overlay-opacity":"","overlay-gradient":""}},"ast-content-background-meta":{"desktop":{"background-color":"var(--ast-global-color-5)","background-image":"","background-repeat":"repeat","background-position":"center center","background-size":"auto","background-attachment":"scroll","background-type":"","background-media":"","overlay-type":"","overlay-color":"","overlay-opacity":"","overlay-gradient":""},"tablet":{"background-color":"var(--ast-global-color-5)","background-image":"","background-repeat":"repeat","background-position":"center center","background-size":"auto","background-attachment":"scroll","background-type":"","background-media":"","overlay-type":"","overlay-color":"","overlay-opacity":"","overlay-gradient":""},"mobile":{"background-color":"var(--ast-global-color-5)","background-image":"","background-repeat":"repeat","background-position":"center center","background-size":"auto","background-attachment":"scroll","background-type":"","background-media":"","overlay-type":"","overlay-color":"","overlay-opacity":"","overlay-gradient":""}},"footnotes":""},"class_list":["post-12044","page","type-page","status-publish","hentry"],"yoast_head":"<!-- This site is optimized with the Yoast SEO plugin v27.4 - https:\/\/yoast.com\/product\/yoast-seo-wordpress\/ -->\n<title>O nas - Idrettsr\u00e5det Stavanger<\/title>\n<meta name=\"robots\" content=\"index, follow, max-snippet:-1, max-image-preview:large, max-video-preview:-1\" \/>\n<link rel=\"canonical\" href=\"https:\/\/idrettsraadet.no\/pl\/idrettsradet\/o-nas\/\" \/>\n<meta property=\"og:locale\" content=\"pl_PL\" \/>\n<meta property=\"og:type\" content=\"article\" \/>\n<meta property=\"og:title\" content=\"O nas - Idrettsr\u00e5det Stavanger\" \/>\n<meta property=\"og:description\" content=\"Czym jest Idrettsr\u00e5det (Rada Sportu)? Idrettsr\u00e5det jest jednostk\u0105 Norweskiej Konfederacji Sportu i Narodowego Komitetu Olimpijskiego i Paraolimpijskiego (NIF). Prawie wszystkie gminy w Norwegii maj\u0105 Rad\u0119 Sportu. W Stavanger funkcj\u0119 t\u0119 pe\u0142ni Rada Sportu w Stavanger. Jeste\u015bmy jednostk\u0105 obs\u0142uguj\u0105c\u0105 dru\u017cyny sportowe w gminie Stavanger, kt\u00f3re maj\u0105 oko\u0142o 40\u00a0000 cz\u0142onk\u00f3w zrzeszonych w 160 klubach i dru\u017cynach sportowych [&hellip;]\" \/>\n<meta property=\"og:url\" content=\"https:\/\/idrettsraadet.no\/pl\/idrettsradet\/o-nas\/\" \/>\n<meta property=\"og:site_name\" content=\"Idrettsr\u00e5det Stavanger\" \/>\n<meta property=\"article:modified_time\" content=\"2020-03-06T10:13:28+00:00\" \/>\n<meta property=\"og:image\" content=\"http:\/\/localhost\/idrettsraadet\/wp-content\/uploads\/2016\/06\/org-kart.png\" \/>\n<meta name=\"twitter:card\" content=\"summary_large_image\" \/>\n<meta name=\"twitter:label1\" content=\"Szacowany czas czytania\" \/>\n\t<meta name=\"twitter:data1\" content=\"2 minuty\" \/>\n<script type=\"application\/ld+json\" class=\"yoast-schema-graph\">{\"@context\":\"https:\\\/\\\/schema.org\",\"@graph\":[{\"@type\":\"WebPage\",\"@id\":\"https:\\\/\\\/idrettsraadet.no\\\/pl\\\/idrettsradet\\\/o-nas\\\/\",\"url\":\"https:\\\/\\\/idrettsraadet.no\\\/pl\\\/idrettsradet\\\/o-nas\\\/\",\"name\":\"O nas - Idrettsr\u00e5det Stavanger\",\"isPartOf\":{\"@id\":\"https:\\\/\\\/idrettsraadet.no\\\/bn\\\/#website\"},\"primaryImageOfPage\":{\"@id\":\"https:\\\/\\\/idrettsraadet.no\\\/pl\\\/idrettsradet\\\/o-nas\\\/#primaryimage\"},\"image\":{\"@id\":\"https:\\\/\\\/idrettsraadet.no\\\/pl\\\/idrettsradet\\\/o-nas\\\/#primaryimage\"},\"thumbnailUrl\":\"http:\\\/\\\/localhost\\\/idrettsraadet\\\/wp-content\\\/uploads\\\/2016\\\/06\\\/org-kart.png\",\"datePublished\":\"2020-02-21T09:51:47+00:00\",\"dateModified\":\"2020-03-06T10:13:28+00:00\",\"breadcrumb\":{\"@id\":\"https:\\\/\\\/idrettsraadet.no\\\/pl\\\/idrettsradet\\\/o-nas\\\/#breadcrumb\"},\"inLanguage\":\"pl-PL\",\"potentialAction\":[{\"@type\":\"ReadAction\",\"target\":[\"https:\\\/\\\/idrettsraadet.no\\\/pl\\\/idrettsradet\\\/o-nas\\\/\"]}]},{\"@type\":\"ImageObject\",\"inLanguage\":\"pl-PL\",\"@id\":\"https:\\\/\\\/idrettsraadet.no\\\/pl\\\/idrettsradet\\\/o-nas\\\/#primaryimage\",\"url\":\"http:\\\/\\\/localhost\\\/idrettsraadet\\\/wp-content\\\/uploads\\\/2016\\\/06\\\/org-kart.png\",\"contentUrl\":\"http:\\\/\\\/localhost\\\/idrettsraadet\\\/wp-content\\\/uploads\\\/2016\\\/06\\\/org-kart.png\"},{\"@type\":\"BreadcrumbList\",\"@id\":\"https:\\\/\\\/idrettsraadet.no\\\/pl\\\/idrettsradet\\\/o-nas\\\/#breadcrumb\",\"itemListElement\":[{\"@type\":\"ListItem\",\"position\":1,\"name\":\"Hjem\",\"item\":\"https:\\\/\\\/idrettsraadet.no\\\/pl\\\/\"},{\"@type\":\"ListItem\",\"position\":2,\"name\":\"Idrettsr\u00e5det\",\"item\":\"https:\\\/\\\/idrettsraadet.no\\\/pl\\\/idrettsradet\\\/\"},{\"@type\":\"ListItem\",\"position\":3,\"name\":\"O nas\"}]},{\"@type\":\"WebSite\",\"@id\":\"https:\\\/\\\/idrettsraadet.no\\\/bn\\\/#website\",\"url\":\"https:\\\/\\\/idrettsraadet.no\\\/bn\\\/\",\"name\":\"Idrettsr\u00e5det Stavanger\",\"description\":\"Idrett for alle.\",\"publisher\":{\"@id\":\"https:\\\/\\\/idrettsraadet.no\\\/bn\\\/#organization\"},\"potentialAction\":[{\"@type\":\"SearchAction\",\"target\":{\"@type\":\"EntryPoint\",\"urlTemplate\":\"https:\\\/\\\/idrettsraadet.no\\\/bn\\\/?s={search_term_string}\"},\"query-input\":{\"@type\":\"PropertyValueSpecification\",\"valueRequired\":true,\"valueName\":\"search_term_string\"}}],\"inLanguage\":\"pl-PL\"},{\"@type\":\"Organization\",\"@id\":\"https:\\\/\\\/idrettsraadet.no\\\/bn\\\/#organization\",\"name\":\"Stavanger Idrettsr\u00e5d\",\"url\":\"https:\\\/\\\/idrettsraadet.no\\\/bn\\\/\",\"logo\":{\"@type\":\"ImageObject\",\"inLanguage\":\"pl-PL\",\"@id\":\"https:\\\/\\\/idrettsraadet.no\\\/bn\\\/#\\\/schema\\\/logo\\\/image\\\/\",\"url\":\"https:\\\/\\\/idrettsraadet.no\\\/wp-content\\\/uploads\\\/2016\\\/06\\\/logo.png\",\"contentUrl\":\"https:\\\/\\\/idrettsraadet.no\\\/wp-content\\\/uploads\\\/2016\\\/06\\\/logo.png\",\"width\":149,\"height\":48,\"caption\":\"Stavanger Idrettsr\u00e5d\"},\"image\":{\"@id\":\"https:\\\/\\\/idrettsraadet.no\\\/bn\\\/#\\\/schema\\\/logo\\\/image\\\/\"}}]}<\/script>\n<!-- \/ Yoast SEO plugin. -->","yoast_head_json":{"title":"O nas - Idrettsr\u00e5det Stavanger","robots":{"index":"index","follow":"follow","max-snippet":"max-snippet:-1","max-image-preview":"max-image-preview:large","max-video-preview":"max-video-preview:-1"},"canonical":"https:\/\/idrettsraadet.no\/pl\/idrettsradet\/o-nas\/","og_locale":"pl_PL","og_type":"article","og_title":"O nas - Idrettsr\u00e5det Stavanger","og_description":"Czym jest Idrettsr\u00e5det (Rada Sportu)? Idrettsr\u00e5det jest jednostk\u0105 Norweskiej Konfederacji Sportu i Narodowego Komitetu Olimpijskiego i Paraolimpijskiego (NIF). Prawie wszystkie gminy w Norwegii maj\u0105 Rad\u0119 Sportu. W Stavanger funkcj\u0119 t\u0119 pe\u0142ni Rada Sportu w Stavanger. Jeste\u015bmy jednostk\u0105 obs\u0142uguj\u0105c\u0105 dru\u017cyny sportowe w gminie Stavanger, kt\u00f3re maj\u0105 oko\u0142o 40\u00a0000 cz\u0142onk\u00f3w zrzeszonych w 160 klubach i dru\u017cynach sportowych [&hellip;]","og_url":"https:\/\/idrettsraadet.no\/pl\/idrettsradet\/o-nas\/","og_site_name":"Idrettsr\u00e5det Stavanger","article_modified_time":"2020-03-06T10:13:28+00:00","og_image":[{"url":"http:\/\/localhost\/idrettsraadet\/wp-content\/uploads\/2016\/06\/org-kart.png","type":"","width":"","height":""}],"twitter_card":"summary_large_image","twitter_misc":{"Szacowany czas czytania":"2 minuty"},"schema":{"@context":"https:\/\/schema.org","@graph":[{"@type":"WebPage","@id":"https:\/\/idrettsraadet.no\/pl\/idrettsradet\/o-nas\/","url":"https:\/\/idrettsraadet.no\/pl\/idrettsradet\/o-nas\/","name":"O nas - Idrettsr\u00e5det Stavanger","isPartOf":{"@id":"https:\/\/idrettsraadet.no\/bn\/#website"},"primaryImageOfPage":{"@id":"https:\/\/idrettsraadet.no\/pl\/idrettsradet\/o-nas\/#primaryimage"},"image":{"@id":"https:\/\/idrettsraadet.no\/pl\/idrettsradet\/o-nas\/#primaryimage"},"thumbnailUrl":"http:\/\/localhost\/idrettsraadet\/wp-content\/uploads\/2016\/06\/org-kart.png","datePublished":"2020-02-21T09:51:47+00:00","dateModified":"2020-03-06T10:13:28+00:00","breadcrumb":{"@id":"https:\/\/idrettsraadet.no\/pl\/idrettsradet\/o-nas\/#breadcrumb"},"inLanguage":"pl-PL","potentialAction":[{"@type":"ReadAction","target":["https:\/\/idrettsraadet.no\/pl\/idrettsradet\/o-nas\/"]}]},{"@type":"ImageObject","inLanguage":"pl-PL","@id":"https:\/\/idrettsraadet.no\/pl\/idrettsradet\/o-nas\/#primaryimage","url":"http:\/\/localhost\/idrettsraadet\/wp-content\/uploads\/2016\/06\/org-kart.png","contentUrl":"http:\/\/localhost\/idrettsraadet\/wp-content\/uploads\/2016\/06\/org-kart.png"},{"@type":"BreadcrumbList","@id":"https:\/\/idrettsraadet.no\/pl\/idrettsradet\/o-nas\/#breadcrumb","itemListElement":[{"@type":"ListItem","position":1,"name":"Hjem","item":"https:\/\/idrettsraadet.no\/pl\/"},{"@type":"ListItem","position":2,"name":"Idrettsr\u00e5det","item":"https:\/\/idrettsraadet.no\/pl\/idrettsradet\/"},{"@type":"ListItem","position":3,"name":"O nas"}]},{"@type":"WebSite","@id":"https:\/\/idrettsraadet.no\/bn\/#website","url":"https:\/\/idrettsraadet.no\/bn\/","name":"Idrettsr\u00e5det Stavanger","description":"Idrett for alle.","publisher":{"@id":"https:\/\/idrettsraadet.no\/bn\/#organization"},"potentialAction":[{"@type":"SearchAction","target":{"@type":"EntryPoint","urlTemplate":"https:\/\/idrettsraadet.no\/bn\/?s={search_term_string}"},"query-input":{"@type":"PropertyValueSpecification","valueRequired":true,"valueName":"search_term_string"}}],"inLanguage":"pl-PL"},{"@type":"Organization","@id":"https:\/\/idrettsraadet.no\/bn\/#organization","name":"Stavanger Idrettsr\u00e5d","url":"https:\/\/idrettsraadet.no\/bn\/","logo":{"@type":"ImageObject","inLanguage":"pl-PL","@id":"https:\/\/idrettsraadet.no\/bn\/#\/schema\/logo\/image\/","url":"https:\/\/idrettsraadet.no\/wp-content\/uploads\/2016\/06\/logo.png","contentUrl":"https:\/\/idrettsraadet.no\/wp-content\/uploads\/2016\/06\/logo.png","width":149,"height":48,"caption":"Stavanger Idrettsr\u00e5d"},"image":{"@id":"https:\/\/idrettsraadet.no\/bn\/#\/schema\/logo\/image\/"}}]}},"_links":{"self":[{"href":"https:\/\/idrettsraadet.no\/pl\/wp-json\/wp\/v2\/pages\/12044","targetHints":{"allow":["GET"]}}],"collection":[{"href":"https:\/\/idrettsraadet.no\/pl\/wp-json\/wp\/v2\/pages"}],"about":[{"href":"https:\/\/idrettsraadet.no\/pl\/wp-json\/wp\/v2\/types\/page"}],"author":[{"embeddable":true,"href":"https:\/\/idrettsraadet.no\/pl\/wp-json\/wp\/v2\/users\/1"}],"replies":[{"embeddable":true,"href":"https:\/\/idrettsraadet.no\/pl\/wp-json\/wp\/v2\/comments?post=12044"}],"version-history":[{"count":3,"href":"https:\/\/idrettsraadet.no\/pl\/wp-json\/wp\/v2\/pages\/12044\/revisions"}],"predecessor-version":[{"id":19011,"href":"https:\/\/idrettsraadet.no\/pl\/wp-json\/wp\/v2\/pages\/12044\/revisions\/19011"}],"up":[{"embeddable":true,"href":"https:\/\/idrettsraadet.no\/pl\/wp-json\/wp\/v2\/pages\/12043"}],"wp:attachment":[{"href":"https:\/\/idrettsraadet.no\/pl\/wp-json\/wp\/v2\/media?parent=12044"}],"curies":[{"name":"wp","href":"https:\/\/api.w.org\/{rel}","templated":true}]}}