{"id":12052,"date":"2020-02-21T10:54:18","date_gmt":"2020-02-21T09:54:18","guid":{"rendered":"https:\/\/idrettsraadet.no\/przydzialy-godzin-treningow\/"},"modified":"2020-02-21T10:54:18","modified_gmt":"2020-02-21T09:54:18","slug":"przydzialy-godzin-treningow","status":"publish","type":"page","link":"https:\/\/idrettsraadet.no\/pl\/przydzialy-godzin-treningow\/","title":{"rendered":"Przydzia\u0142y godzin trening\u00f3w"},"content":{"rendered":"<p><img fetchpriority=\"high\" decoding=\"async\" class=\"aligncenter size-full wp-image-716\" src=\"http:\/\/109.199.118.79\/~rekylweb\/clients\/idrettsraadet.no\/wp-content\/uploads\/2016\/06\/treningstider.jpg\" alt=\"treningstider\" width=\"1200\" height=\"594\" srcset=\"https:\/\/idrettsraadet.no\/wp-content\/uploads\/2016\/06\/treningstider.jpg 1200w, https:\/\/idrettsraadet.no\/wp-content\/uploads\/2016\/06\/treningstider-300x149.jpg 300w, https:\/\/idrettsraadet.no\/wp-content\/uploads\/2016\/06\/treningstider-768x380.jpg 768w, https:\/\/idrettsraadet.no\/wp-content\/uploads\/2016\/06\/treningstider-1024x507.jpg 1024w\" sizes=\"(max-width: 1200px) 100vw, 1200px\" \/><\/p>\n<h4>Kryteria<\/h4>\n<p>W poni\u017cszym linku znajduj\u0105 si\u0119 kryteria przydzia\u0142u godzin trening\u00f3w w gminnych obiektach sportowych, w tym na torach \u0142y\u017cwiarskich i w obiekcie Turnhallen (nie dotyczy mi\u0119dzygminnego obiektu Folkehallene).<br \/>\n<a href=\"https:\/\/idrettsraadet.no\/wp-content\/uploads\/2019\/01\/kriterier-for-tildeling-av-treningstid-pa-kommunale-idrettsanlegg.pdf\">Kryteria przydzia\u0142u godzin trening\u00f3w mo\u017cna znale\u017a\u0107 tutaj.<\/a><\/p>\n<p>Treningi na wolnym powietrzu<\/p>\n<p><strong>Tutaj znajdziesz przegl\u0105d trening\u00f3w w okresie <\/strong><a href=\"https:\/\/idrettsraadet.no\/wp-content\/uploads\/2019\/01\/Treningstider-2019.xlsx\">1 stycznia 2019 \u2013 31 grudnia 2019 <\/a><\/p>\n<p>Treningi halowe<\/p>\n<p><strong>Godziny trening\u00f3w na halach miejskich: Wi\u0119cej informacji na <\/strong><a href=\"https:\/\/www.stavanger.kommune.no\/kultur-og-fritid\/idrett\/sok-treningstid-innen-1.-mars\/\">stronach gminy Stavanger<\/a><\/p>\n<p>Godziny trening\u00f3w w obiekcie Folkhallene<\/p>\n<p><strong>Odpowiednia Rada Sportu jest odpowiedzialna za przydzielanie godzin trening\u00f3w w Folkehallene. Czytaj dalej, by dowiedzie\u0107 si\u0119 wi\u0119cej o procesie wnioskowania.<\/p>\n<p>S\u00f8rmarka Arena:<\/strong>\u00a0Rada Sportu w Stavanger jest odpowiedzialna za przydzia\u0142 godzin trening\u00f3w w obiekcie S\u00f8rmarka Arena. Poni\u017cej znajduj\u0105 si\u0119 godziny trening\u00f3w w bie\u017c\u0105cym sezonie. Termin sk\u0142adania wniosk\u00f3w na sezon 2019\/2020 up\u0142ywa 1 marca 2019 r. Wy\u015blij zapytanie na adres <a href=\"mailto:post@idrettsraadet.no\">post@idrettsraadet.no<\/a>, aby otrzyma\u0107 wniosek o przydzia\u0142 godzin trening\u00f3w.<\/p>\n<p><strong>Sandneshallen:<\/strong>\u00a0Godziny trening\u00f3w w obiekcie Sandneshallen s\u0105 przydzielane przez Rad\u0119 Sportu w Sandnes.<br \/>\n<a href=\"http:\/\/sandneshallen.no\/praktisk-informasjon\/idrettslag\/\">Wi\u0119cej informacji na temat procesu wnioskowania mo\u017cna znale\u017a\u0107 tutaj.<\/a><\/p>\n<p><strong>Randaberg Arena:\u00a0<\/strong>Godziny trening\u00f3w w obiekcie Randaberg Arena s\u0105 przydzielane przez Rad\u0119 Sportu w Randaberg.<br \/>\n<a href=\"http:\/\/randaberg-arena.com\/praktisk-informasjon\/idrettslag\/\">Wi\u0119cej informacji na temat procesu wnioskowania mo\u017cna znale\u017a\u0107 tutaj.<\/a><\/p>\n","protected":false},"excerpt":{"rendered":"<p>Kryteria W poni\u017cszym linku znajduj\u0105 si\u0119 kryteria przydzia\u0142u godzin trening\u00f3w w gminnych obiektach sportowych, w tym na torach \u0142y\u017cwiarskich i w obiekcie Turnhallen (nie dotyczy mi\u0119dzygminnego obiektu Folkehallene). Kryteria przydzia\u0142u godzin trening\u00f3w mo\u017cna znale\u017a\u0107 tutaj. Treningi na wolnym powietrzu Tutaj znajdziesz przegl\u0105d trening\u00f3w w okresie 1 stycznia 2019 \u2013 31 grudnia 2019 Treningi halowe Godziny [&hellip;]<\/p>\n","protected":false},"author":1,"featured_media":0,"parent":0,"menu_order":0,"comment_status":"closed","ping_status":"closed","template":"","meta":{"site-sidebar-layout":"default","site-content-layout":"default","ast-site-content-layout":"default","site-content-style":"default","site-sidebar-style":"default","ast-global-header-display":"","ast-banner-title-visibility":"","ast-main-header-display":"","ast-hfb-above-header-display":"","ast-hfb-below-header-display":"","ast-hfb-mobile-header-display":"","site-post-title":"","ast-breadcrumbs-content":"","ast-featured-img":"","footer-sml-layout":"","ast-disable-related-posts":"","theme-transparent-header-meta":"default","adv-header-id-meta":"","stick-header-meta":"default","header-above-stick-meta":"","header-main-stick-meta":"","header-below-stick-meta":"","astra-migrate-meta-layouts":"default","ast-page-background-enabled":"default","ast-page-background-meta":{"desktop":{"background-color":"","background-image":"","background-repeat":"repeat","background-position":"center center","background-size":"auto","background-attachment":"scroll","background-type":"","background-media":"","overlay-type":"","overlay-color":"","overlay-opacity":"","overlay-gradient":""},"tablet":{"background-color":"","background-image":"","background-repeat":"repeat","background-position":"center center","background-size":"auto","background-attachment":"scroll","background-type":"","background-media":"","overlay-type":"","overlay-color":"","overlay-opacity":"","overlay-gradient":""},"mobile":{"background-color":"","background-image":"","background-repeat":"repeat","background-position":"center center","background-size":"auto","background-attachment":"scroll","background-type":"","background-media":"","overlay-type":"","overlay-color":"","overlay-opacity":"","overlay-gradient":""}},"ast-content-background-meta":{"desktop":{"background-color":"var(--ast-global-color-5)","background-image":"","background-repeat":"repeat","background-position":"center center","background-size":"auto","background-attachment":"scroll","background-type":"","background-media":"","overlay-type":"","overlay-color":"","overlay-opacity":"","overlay-gradient":""},"tablet":{"background-color":"var(--ast-global-color-5)","background-image":"","background-repeat":"repeat","background-position":"center center","background-size":"auto","background-attachment":"scroll","background-type":"","background-media":"","overlay-type":"","overlay-color":"","overlay-opacity":"","overlay-gradient":""},"mobile":{"background-color":"var(--ast-global-color-5)","background-image":"","background-repeat":"repeat","background-position":"center center","background-size":"auto","background-attachment":"scroll","background-type":"","background-media":"","overlay-type":"","overlay-color":"","overlay-opacity":"","overlay-gradient":""}},"footnotes":""},"class_list":["post-12052","page","type-page","status-publish","hentry"],"yoast_head":"<!-- This site is optimized with the Yoast SEO plugin v27.4 - https:\/\/yoast.com\/product\/yoast-seo-wordpress\/ -->\n<title>Przydzia\u0142y godzin trening\u00f3w - Idrettsr\u00e5det Stavanger<\/title>\n<meta name=\"robots\" content=\"index, follow, max-snippet:-1, max-image-preview:large, max-video-preview:-1\" \/>\n<link rel=\"canonical\" href=\"https:\/\/idrettsraadet.no\/pl\/przydzialy-godzin-treningow\/\" \/>\n<meta property=\"og:locale\" content=\"pl_PL\" \/>\n<meta property=\"og:type\" content=\"article\" \/>\n<meta property=\"og:title\" content=\"Przydzia\u0142y godzin trening\u00f3w - Idrettsr\u00e5det Stavanger\" \/>\n<meta property=\"og:description\" content=\"Kryteria W poni\u017cszym linku znajduj\u0105 si\u0119 kryteria przydzia\u0142u godzin trening\u00f3w w gminnych obiektach sportowych, w tym na torach \u0142y\u017cwiarskich i w obiekcie Turnhallen (nie dotyczy mi\u0119dzygminnego obiektu Folkehallene). Kryteria przydzia\u0142u godzin trening\u00f3w mo\u017cna znale\u017a\u0107 tutaj. Treningi na wolnym powietrzu Tutaj znajdziesz przegl\u0105d trening\u00f3w w okresie 1 stycznia 2019 \u2013 31 grudnia 2019 Treningi halowe Godziny [&hellip;]\" \/>\n<meta property=\"og:url\" content=\"https:\/\/idrettsraadet.no\/pl\/przydzialy-godzin-treningow\/\" \/>\n<meta property=\"og:site_name\" content=\"Idrettsr\u00e5det Stavanger\" \/>\n<meta property=\"og:image\" content=\"http:\/\/109.199.118.79\/~rekylweb\/clients\/idrettsraadet.no\/wp-content\/uploads\/2016\/06\/treningstider.jpg\" \/>\n<meta name=\"twitter:card\" content=\"summary_large_image\" \/>\n<meta name=\"twitter:label1\" content=\"Szacowany czas czytania\" \/>\n\t<meta name=\"twitter:data1\" content=\"1 minuta\" \/>\n<script type=\"application\/ld+json\" class=\"yoast-schema-graph\">{\"@context\":\"https:\\\/\\\/schema.org\",\"@graph\":[{\"@type\":\"WebPage\",\"@id\":\"https:\\\/\\\/idrettsraadet.no\\\/pl\\\/przydzialy-godzin-treningow\\\/\",\"url\":\"https:\\\/\\\/idrettsraadet.no\\\/pl\\\/przydzialy-godzin-treningow\\\/\",\"name\":\"Przydzia\u0142y godzin trening\u00f3w - Idrettsr\u00e5det Stavanger\",\"isPartOf\":{\"@id\":\"https:\\\/\\\/idrettsraadet.no\\\/bn\\\/#website\"},\"primaryImageOfPage\":{\"@id\":\"https:\\\/\\\/idrettsraadet.no\\\/pl\\\/przydzialy-godzin-treningow\\\/#primaryimage\"},\"image\":{\"@id\":\"https:\\\/\\\/idrettsraadet.no\\\/pl\\\/przydzialy-godzin-treningow\\\/#primaryimage\"},\"thumbnailUrl\":\"http:\\\/\\\/109.199.118.79\\\/~rekylweb\\\/clients\\\/idrettsraadet.no\\\/wp-content\\\/uploads\\\/2016\\\/06\\\/treningstider.jpg\",\"datePublished\":\"2020-02-21T09:54:18+00:00\",\"breadcrumb\":{\"@id\":\"https:\\\/\\\/idrettsraadet.no\\\/pl\\\/przydzialy-godzin-treningow\\\/#breadcrumb\"},\"inLanguage\":\"pl-PL\",\"potentialAction\":[{\"@type\":\"ReadAction\",\"target\":[\"https:\\\/\\\/idrettsraadet.no\\\/pl\\\/przydzialy-godzin-treningow\\\/\"]}]},{\"@type\":\"ImageObject\",\"inLanguage\":\"pl-PL\",\"@id\":\"https:\\\/\\\/idrettsraadet.no\\\/pl\\\/przydzialy-godzin-treningow\\\/#primaryimage\",\"url\":\"http:\\\/\\\/109.199.118.79\\\/~rekylweb\\\/clients\\\/idrettsraadet.no\\\/wp-content\\\/uploads\\\/2016\\\/06\\\/treningstider.jpg\",\"contentUrl\":\"http:\\\/\\\/109.199.118.79\\\/~rekylweb\\\/clients\\\/idrettsraadet.no\\\/wp-content\\\/uploads\\\/2016\\\/06\\\/treningstider.jpg\"},{\"@type\":\"BreadcrumbList\",\"@id\":\"https:\\\/\\\/idrettsraadet.no\\\/pl\\\/przydzialy-godzin-treningow\\\/#breadcrumb\",\"itemListElement\":[{\"@type\":\"ListItem\",\"position\":1,\"name\":\"Hjem\",\"item\":\"https:\\\/\\\/idrettsraadet.no\\\/pl\\\/\"},{\"@type\":\"ListItem\",\"position\":2,\"name\":\"Przydzia\u0142y godzin trening\u00f3w\"}]},{\"@type\":\"WebSite\",\"@id\":\"https:\\\/\\\/idrettsraadet.no\\\/bn\\\/#website\",\"url\":\"https:\\\/\\\/idrettsraadet.no\\\/bn\\\/\",\"name\":\"Idrettsr\u00e5det Stavanger\",\"description\":\"Idrett for alle.\",\"publisher\":{\"@id\":\"https:\\\/\\\/idrettsraadet.no\\\/bn\\\/#organization\"},\"potentialAction\":[{\"@type\":\"SearchAction\",\"target\":{\"@type\":\"EntryPoint\",\"urlTemplate\":\"https:\\\/\\\/idrettsraadet.no\\\/bn\\\/?s={search_term_string}\"},\"query-input\":{\"@type\":\"PropertyValueSpecification\",\"valueRequired\":true,\"valueName\":\"search_term_string\"}}],\"inLanguage\":\"pl-PL\"},{\"@type\":\"Organization\",\"@id\":\"https:\\\/\\\/idrettsraadet.no\\\/bn\\\/#organization\",\"name\":\"Stavanger Idrettsr\u00e5d\",\"url\":\"https:\\\/\\\/idrettsraadet.no\\\/bn\\\/\",\"logo\":{\"@type\":\"ImageObject\",\"inLanguage\":\"pl-PL\",\"@id\":\"https:\\\/\\\/idrettsraadet.no\\\/bn\\\/#\\\/schema\\\/logo\\\/image\\\/\",\"url\":\"https:\\\/\\\/idrettsraadet.no\\\/wp-content\\\/uploads\\\/2016\\\/06\\\/logo.png\",\"contentUrl\":\"https:\\\/\\\/idrettsraadet.no\\\/wp-content\\\/uploads\\\/2016\\\/06\\\/logo.png\",\"width\":149,\"height\":48,\"caption\":\"Stavanger Idrettsr\u00e5d\"},\"image\":{\"@id\":\"https:\\\/\\\/idrettsraadet.no\\\/bn\\\/#\\\/schema\\\/logo\\\/image\\\/\"}}]}<\/script>\n<!-- \/ Yoast SEO plugin. -->","yoast_head_json":{"title":"Przydzia\u0142y godzin trening\u00f3w - Idrettsr\u00e5det Stavanger","robots":{"index":"index","follow":"follow","max-snippet":"max-snippet:-1","max-image-preview":"max-image-preview:large","max-video-preview":"max-video-preview:-1"},"canonical":"https:\/\/idrettsraadet.no\/pl\/przydzialy-godzin-treningow\/","og_locale":"pl_PL","og_type":"article","og_title":"Przydzia\u0142y godzin trening\u00f3w - Idrettsr\u00e5det Stavanger","og_description":"Kryteria W poni\u017cszym linku znajduj\u0105 si\u0119 kryteria przydzia\u0142u godzin trening\u00f3w w gminnych obiektach sportowych, w tym na torach \u0142y\u017cwiarskich i w obiekcie Turnhallen (nie dotyczy mi\u0119dzygminnego obiektu Folkehallene). Kryteria przydzia\u0142u godzin trening\u00f3w mo\u017cna znale\u017a\u0107 tutaj. Treningi na wolnym powietrzu Tutaj znajdziesz przegl\u0105d trening\u00f3w w okresie 1 stycznia 2019 \u2013 31 grudnia 2019 Treningi halowe Godziny [&hellip;]","og_url":"https:\/\/idrettsraadet.no\/pl\/przydzialy-godzin-treningow\/","og_site_name":"Idrettsr\u00e5det Stavanger","og_image":[{"url":"http:\/\/109.199.118.79\/~rekylweb\/clients\/idrettsraadet.no\/wp-content\/uploads\/2016\/06\/treningstider.jpg","type":"","width":"","height":""}],"twitter_card":"summary_large_image","twitter_misc":{"Szacowany czas czytania":"1 minuta"},"schema":{"@context":"https:\/\/schema.org","@graph":[{"@type":"WebPage","@id":"https:\/\/idrettsraadet.no\/pl\/przydzialy-godzin-treningow\/","url":"https:\/\/idrettsraadet.no\/pl\/przydzialy-godzin-treningow\/","name":"Przydzia\u0142y godzin trening\u00f3w - Idrettsr\u00e5det Stavanger","isPartOf":{"@id":"https:\/\/idrettsraadet.no\/bn\/#website"},"primaryImageOfPage":{"@id":"https:\/\/idrettsraadet.no\/pl\/przydzialy-godzin-treningow\/#primaryimage"},"image":{"@id":"https:\/\/idrettsraadet.no\/pl\/przydzialy-godzin-treningow\/#primaryimage"},"thumbnailUrl":"http:\/\/109.199.118.79\/~rekylweb\/clients\/idrettsraadet.no\/wp-content\/uploads\/2016\/06\/treningstider.jpg","datePublished":"2020-02-21T09:54:18+00:00","breadcrumb":{"@id":"https:\/\/idrettsraadet.no\/pl\/przydzialy-godzin-treningow\/#breadcrumb"},"inLanguage":"pl-PL","potentialAction":[{"@type":"ReadAction","target":["https:\/\/idrettsraadet.no\/pl\/przydzialy-godzin-treningow\/"]}]},{"@type":"ImageObject","inLanguage":"pl-PL","@id":"https:\/\/idrettsraadet.no\/pl\/przydzialy-godzin-treningow\/#primaryimage","url":"http:\/\/109.199.118.79\/~rekylweb\/clients\/idrettsraadet.no\/wp-content\/uploads\/2016\/06\/treningstider.jpg","contentUrl":"http:\/\/109.199.118.79\/~rekylweb\/clients\/idrettsraadet.no\/wp-content\/uploads\/2016\/06\/treningstider.jpg"},{"@type":"BreadcrumbList","@id":"https:\/\/idrettsraadet.no\/pl\/przydzialy-godzin-treningow\/#breadcrumb","itemListElement":[{"@type":"ListItem","position":1,"name":"Hjem","item":"https:\/\/idrettsraadet.no\/pl\/"},{"@type":"ListItem","position":2,"name":"Przydzia\u0142y godzin trening\u00f3w"}]},{"@type":"WebSite","@id":"https:\/\/idrettsraadet.no\/bn\/#website","url":"https:\/\/idrettsraadet.no\/bn\/","name":"Idrettsr\u00e5det Stavanger","description":"Idrett for alle.","publisher":{"@id":"https:\/\/idrettsraadet.no\/bn\/#organization"},"potentialAction":[{"@type":"SearchAction","target":{"@type":"EntryPoint","urlTemplate":"https:\/\/idrettsraadet.no\/bn\/?s={search_term_string}"},"query-input":{"@type":"PropertyValueSpecification","valueRequired":true,"valueName":"search_term_string"}}],"inLanguage":"pl-PL"},{"@type":"Organization","@id":"https:\/\/idrettsraadet.no\/bn\/#organization","name":"Stavanger Idrettsr\u00e5d","url":"https:\/\/idrettsraadet.no\/bn\/","logo":{"@type":"ImageObject","inLanguage":"pl-PL","@id":"https:\/\/idrettsraadet.no\/bn\/#\/schema\/logo\/image\/","url":"https:\/\/idrettsraadet.no\/wp-content\/uploads\/2016\/06\/logo.png","contentUrl":"https:\/\/idrettsraadet.no\/wp-content\/uploads\/2016\/06\/logo.png","width":149,"height":48,"caption":"Stavanger Idrettsr\u00e5d"},"image":{"@id":"https:\/\/idrettsraadet.no\/bn\/#\/schema\/logo\/image\/"}}]}},"_links":{"self":[{"href":"https:\/\/idrettsraadet.no\/pl\/wp-json\/wp\/v2\/pages\/12052","targetHints":{"allow":["GET"]}}],"collection":[{"href":"https:\/\/idrettsraadet.no\/pl\/wp-json\/wp\/v2\/pages"}],"about":[{"href":"https:\/\/idrettsraadet.no\/pl\/wp-json\/wp\/v2\/types\/page"}],"author":[{"embeddable":true,"href":"https:\/\/idrettsraadet.no\/pl\/wp-json\/wp\/v2\/users\/1"}],"replies":[{"embeddable":true,"href":"https:\/\/idrettsraadet.no\/pl\/wp-json\/wp\/v2\/comments?post=12052"}],"version-history":[{"count":0,"href":"https:\/\/idrettsraadet.no\/pl\/wp-json\/wp\/v2\/pages\/12052\/revisions"}],"wp:attachment":[{"href":"https:\/\/idrettsraadet.no\/pl\/wp-json\/wp\/v2\/media?parent=12052"}],"curies":[{"name":"wp","href":"https:\/\/api.w.org\/{rel}","templated":true}]}}