{"id":12060,"date":"2020-02-21T11:06:17","date_gmt":"2020-02-21T10:06:17","guid":{"rendered":"https:\/\/idrettsraadet.no\/wazne-daty\/"},"modified":"2020-02-21T11:06:17","modified_gmt":"2020-02-21T10:06:17","slug":"wazne-daty","status":"publish","type":"page","link":"https:\/\/idrettsraadet.no\/pl\/informacja\/klubow-sportowych\/wazne-daty\/","title":{"rendered":"Wa\u017cne daty"},"content":{"rendered":"<p><strong>Her finner dere en\u00a0oversikt\u00a0over datoer som er viktige \u00e5 huske p\u00e5.<\/strong><\/p>\n<table width=\"100%\">\n<tbody>\n<tr>\n<td>Termin sk\u0142adania wniosk\u00f3w<\/td>\n<td>Wniosek o&#8230;<\/td>\n<td>Adresat wniosku<\/td>\n<\/tr>\n<tr>\n<td>1 lutego<\/td>\n<td>Imprezy, gminne obiekty na wolnym powietrzu<\/td>\n<td>Gmina Stavanger<\/td>\n<\/tr>\n<tr>\n<td>1 marca<\/td>\n<td>Godziny trening\u00f3w i imprezy, gminne obiekty halowe<\/td>\n<td>Gmina Stavanger<\/td>\n<\/tr>\n<tr>\n<td>1 marca<\/td>\n<td>Letnie treningi p\u0142ywackie i hale sportowe<\/td>\n<td>Gmina Stavanger<\/td>\n<\/tr>\n<tr>\n<td>15 marca<\/td>\n<td>Przyznanie dofinansowania obiektu<\/td>\n<td>Gmina Stavanger<\/td>\n<\/tr>\n<tr>\n<td>Po\u0142owa marca<\/td>\n<td>Zwyczajne walne zgromadzenie Rady Sportu<\/td>\n<td><\/td>\n<\/tr>\n<tr>\n<td>1 kwietnia i 1 listopada<\/td>\n<td>Wsparcie dla du\u017cych imprez sportowych (co najmniej norweskie mistrzostwa krajowe)<\/td>\n<td>Gmina Stavanger<\/td>\n<\/tr>\n<tr>\n<td>5 kwietnia<\/td>\n<td>Dotacje gminne (\u015brodki z subwencji operacyjnej, stypendia sportowe)<\/td>\n<td>Idrettsr\u00e5det<\/td>\n<\/tr>\n<tr>\n<td>5 kwietnia<\/td>\n<td>Lokale Aktivitetsmidler (finansowanie lokalnych sport\u00f3w) (sk\u0142adany jest automatycznie w chwili z\u0142o\u017cenia wniosku o \u015brodki z subwencji operacyjnej)<\/td>\n<td>Idrettsr\u00e5det<\/td>\n<\/tr>\n<tr>\n<td><\/td>\n<td><\/td>\n<td><\/td>\n<\/tr>\n<tr>\n<td>30 kwietnia<\/td>\n<td>Skoordynowane raportowanie do Norweskiej Konfederacji Sportu i Narodowego Komitetu Olimpijskiego i Paraolimpijskiego (dawniej \u201eidrettsregistrering\u201d)<\/td>\n<td>NIF<\/td>\n<\/tr>\n<tr>\n<td>1 listopada<\/td>\n<td>Przydzia\u0142 funduszy z loterii<\/td>\n<td>Gmina Stavanger<\/td>\n<\/tr>\n<tr>\n<td>1 listopada<\/td>\n<td>Godziny trening\u00f3w, gminne obiekty na wolnym powietrzu<\/td>\n<td>Idrettsr\u00e5det<\/td>\n<\/tr>\n<tr>\n<td>1 listopada<\/td>\n<td>Wsparcie dla du\u017cych imprez sportowych (co najmniej norweskie mistrzostwa krajowe)<\/td>\n<td>Gmina Stavanger<\/td>\n<\/tr>\n<tr>\n<td>1 listopada (co 2 lata)<\/td>\n<td>Prawo do sprzeda\u017cy i reklamy, obiekty gminne<\/td>\n<td>Gmina Stavanger<\/td>\n<\/tr>\n<tr>\n<td>15 listopada<\/td>\n<td>Nominacja kandydat\u00f3w do Nagrody za inicjatyw\u0119 sportow\u0105<\/td>\n<td>Idrettsr\u00e5det<\/td>\n<\/tr>\n<tr>\n<td>1 grudnia<\/td>\n<td>Zg\u0142aszanie zdobywc\u00f3w tytu\u0142u mistrzowskiego na szczeblu krajowym i mi\u0119dzynarodowym, przyznanie nagrody w Nowy Rok<\/td>\n<td>Gmina Stavanger<\/td>\n<\/tr>\n<tr>\n<td>19 grudnia<\/td>\n<td>Dofinansowanie stanowiska administracyjnego w dru\u017cynach sportowych posiadaj\u0105cych sekcje dzieci\u0119ce i m\u0142odzie\u017cowe<\/td>\n<td>Gmina Stavanger<\/td>\n<\/tr>\n<\/tbody>\n<\/table>\n","protected":false},"excerpt":{"rendered":"<p>Her finner dere en\u00a0oversikt\u00a0over datoer som er viktige \u00e5 huske p\u00e5. Termin sk\u0142adania wniosk\u00f3w Wniosek o&#8230; Adresat wniosku 1 lutego Imprezy, gminne obiekty na wolnym powietrzu Gmina Stavanger 1 marca Godziny trening\u00f3w i imprezy, gminne obiekty halowe Gmina Stavanger 1 marca Letnie treningi p\u0142ywackie i hale sportowe Gmina Stavanger 15 marca Przyznanie dofinansowania obiektu Gmina [&hellip;]<\/p>\n","protected":false},"author":1,"featured_media":0,"parent":12067,"menu_order":0,"comment_status":"closed","ping_status":"closed","template":"","meta":{"site-sidebar-layout":"default","site-content-layout":"default","ast-site-content-layout":"default","site-content-style":"default","site-sidebar-style":"default","ast-global-header-display":"","ast-banner-title-visibility":"","ast-main-header-display":"","ast-hfb-above-header-display":"","ast-hfb-below-header-display":"","ast-hfb-mobile-header-display":"","site-post-title":"","ast-breadcrumbs-content":"","ast-featured-img":"","footer-sml-layout":"","ast-disable-related-posts":"","theme-transparent-header-meta":"default","adv-header-id-meta":"","stick-header-meta":"default","header-above-stick-meta":"","header-main-stick-meta":"","header-below-stick-meta":"","astra-migrate-meta-layouts":"default","ast-page-background-enabled":"default","ast-page-background-meta":{"desktop":{"background-color":"","background-image":"","background-repeat":"repeat","background-position":"center center","background-size":"auto","background-attachment":"scroll","background-type":"","background-media":"","overlay-type":"","overlay-color":"","overlay-opacity":"","overlay-gradient":""},"tablet":{"background-color":"","background-image":"","background-repeat":"repeat","background-position":"center center","background-size":"auto","background-attachment":"scroll","background-type":"","background-media":"","overlay-type":"","overlay-color":"","overlay-opacity":"","overlay-gradient":""},"mobile":{"background-color":"","background-image":"","background-repeat":"repeat","background-position":"center center","background-size":"auto","background-attachment":"scroll","background-type":"","background-media":"","overlay-type":"","overlay-color":"","overlay-opacity":"","overlay-gradient":""}},"ast-content-background-meta":{"desktop":{"background-color":"var(--ast-global-color-5)","background-image":"","background-repeat":"repeat","background-position":"center center","background-size":"auto","background-attachment":"scroll","background-type":"","background-media":"","overlay-type":"","overlay-color":"","overlay-opacity":"","overlay-gradient":""},"tablet":{"background-color":"var(--ast-global-color-5)","background-image":"","background-repeat":"repeat","background-position":"center center","background-size":"auto","background-attachment":"scroll","background-type":"","background-media":"","overlay-type":"","overlay-color":"","overlay-opacity":"","overlay-gradient":""},"mobile":{"background-color":"var(--ast-global-color-5)","background-image":"","background-repeat":"repeat","background-position":"center center","background-size":"auto","background-attachment":"scroll","background-type":"","background-media":"","overlay-type":"","overlay-color":"","overlay-opacity":"","overlay-gradient":""}},"footnotes":""},"class_list":["post-12060","page","type-page","status-publish","hentry"],"yoast_head":"<!-- This site is optimized with the Yoast SEO plugin v27.4 - https:\/\/yoast.com\/product\/yoast-seo-wordpress\/ -->\n<title>Wa\u017cne daty - Idrettsr\u00e5det Stavanger<\/title>\n<meta name=\"robots\" content=\"index, follow, max-snippet:-1, max-image-preview:large, max-video-preview:-1\" \/>\n<link rel=\"canonical\" href=\"https:\/\/idrettsraadet.no\/pl\/informacja\/klubow-sportowych\/wazne-daty\/\" \/>\n<meta property=\"og:locale\" content=\"pl_PL\" \/>\n<meta property=\"og:type\" content=\"article\" \/>\n<meta property=\"og:title\" content=\"Wa\u017cne daty - Idrettsr\u00e5det Stavanger\" \/>\n<meta property=\"og:description\" content=\"Her finner dere en\u00a0oversikt\u00a0over datoer som er viktige \u00e5 huske p\u00e5. Termin sk\u0142adania wniosk\u00f3w Wniosek o&#8230; Adresat wniosku 1 lutego Imprezy, gminne obiekty na wolnym powietrzu Gmina Stavanger 1 marca Godziny trening\u00f3w i imprezy, gminne obiekty halowe Gmina Stavanger 1 marca Letnie treningi p\u0142ywackie i hale sportowe Gmina Stavanger 15 marca Przyznanie dofinansowania obiektu Gmina [&hellip;]\" \/>\n<meta property=\"og:url\" content=\"https:\/\/idrettsraadet.no\/pl\/informacja\/klubow-sportowych\/wazne-daty\/\" \/>\n<meta property=\"og:site_name\" content=\"Idrettsr\u00e5det Stavanger\" \/>\n<meta name=\"twitter:card\" content=\"summary_large_image\" \/>\n<meta name=\"twitter:label1\" content=\"Szacowany czas czytania\" \/>\n\t<meta name=\"twitter:data1\" content=\"1 minuta\" \/>\n<script type=\"application\/ld+json\" class=\"yoast-schema-graph\">{\"@context\":\"https:\\\/\\\/schema.org\",\"@graph\":[{\"@type\":\"WebPage\",\"@id\":\"https:\\\/\\\/idrettsraadet.no\\\/pl\\\/informacja\\\/klubow-sportowych\\\/wazne-daty\\\/\",\"url\":\"https:\\\/\\\/idrettsraadet.no\\\/pl\\\/informacja\\\/klubow-sportowych\\\/wazne-daty\\\/\",\"name\":\"Wa\u017cne daty - Idrettsr\u00e5det Stavanger\",\"isPartOf\":{\"@id\":\"https:\\\/\\\/idrettsraadet.no\\\/bn\\\/#website\"},\"datePublished\":\"2020-02-21T10:06:17+00:00\",\"breadcrumb\":{\"@id\":\"https:\\\/\\\/idrettsraadet.no\\\/pl\\\/informacja\\\/klubow-sportowych\\\/wazne-daty\\\/#breadcrumb\"},\"inLanguage\":\"pl-PL\",\"potentialAction\":[{\"@type\":\"ReadAction\",\"target\":[\"https:\\\/\\\/idrettsraadet.no\\\/pl\\\/informacja\\\/klubow-sportowych\\\/wazne-daty\\\/\"]}]},{\"@type\":\"BreadcrumbList\",\"@id\":\"https:\\\/\\\/idrettsraadet.no\\\/pl\\\/informacja\\\/klubow-sportowych\\\/wazne-daty\\\/#breadcrumb\",\"itemListElement\":[{\"@type\":\"ListItem\",\"position\":1,\"name\":\"Hjem\",\"item\":\"https:\\\/\\\/idrettsraadet.no\\\/pl\\\/\"},{\"@type\":\"ListItem\",\"position\":2,\"name\":\"Prywatne: Informacja\",\"item\":\"https:\\\/\\\/idrettsraadet.no\\\/pl\\\/?page_id=12062\"},{\"@type\":\"ListItem\",\"position\":3,\"name\":\"Klub\u00f3w sportowych\",\"item\":\"https:\\\/\\\/idrettsraadet.no\\\/pl\\\/informacja\\\/klubow-sportowych\\\/\"},{\"@type\":\"ListItem\",\"position\":4,\"name\":\"Wa\u017cne daty\"}]},{\"@type\":\"WebSite\",\"@id\":\"https:\\\/\\\/idrettsraadet.no\\\/bn\\\/#website\",\"url\":\"https:\\\/\\\/idrettsraadet.no\\\/bn\\\/\",\"name\":\"Idrettsr\u00e5det Stavanger\",\"description\":\"Idrett for alle.\",\"publisher\":{\"@id\":\"https:\\\/\\\/idrettsraadet.no\\\/bn\\\/#organization\"},\"potentialAction\":[{\"@type\":\"SearchAction\",\"target\":{\"@type\":\"EntryPoint\",\"urlTemplate\":\"https:\\\/\\\/idrettsraadet.no\\\/bn\\\/?s={search_term_string}\"},\"query-input\":{\"@type\":\"PropertyValueSpecification\",\"valueRequired\":true,\"valueName\":\"search_term_string\"}}],\"inLanguage\":\"pl-PL\"},{\"@type\":\"Organization\",\"@id\":\"https:\\\/\\\/idrettsraadet.no\\\/bn\\\/#organization\",\"name\":\"Stavanger Idrettsr\u00e5d\",\"url\":\"https:\\\/\\\/idrettsraadet.no\\\/bn\\\/\",\"logo\":{\"@type\":\"ImageObject\",\"inLanguage\":\"pl-PL\",\"@id\":\"https:\\\/\\\/idrettsraadet.no\\\/bn\\\/#\\\/schema\\\/logo\\\/image\\\/\",\"url\":\"https:\\\/\\\/idrettsraadet.no\\\/wp-content\\\/uploads\\\/2016\\\/06\\\/logo.png\",\"contentUrl\":\"https:\\\/\\\/idrettsraadet.no\\\/wp-content\\\/uploads\\\/2016\\\/06\\\/logo.png\",\"width\":149,\"height\":48,\"caption\":\"Stavanger Idrettsr\u00e5d\"},\"image\":{\"@id\":\"https:\\\/\\\/idrettsraadet.no\\\/bn\\\/#\\\/schema\\\/logo\\\/image\\\/\"}}]}<\/script>\n<!-- \/ Yoast SEO plugin. -->","yoast_head_json":{"title":"Wa\u017cne daty - Idrettsr\u00e5det Stavanger","robots":{"index":"index","follow":"follow","max-snippet":"max-snippet:-1","max-image-preview":"max-image-preview:large","max-video-preview":"max-video-preview:-1"},"canonical":"https:\/\/idrettsraadet.no\/pl\/informacja\/klubow-sportowych\/wazne-daty\/","og_locale":"pl_PL","og_type":"article","og_title":"Wa\u017cne daty - Idrettsr\u00e5det Stavanger","og_description":"Her finner dere en\u00a0oversikt\u00a0over datoer som er viktige \u00e5 huske p\u00e5. Termin sk\u0142adania wniosk\u00f3w Wniosek o&#8230; Adresat wniosku 1 lutego Imprezy, gminne obiekty na wolnym powietrzu Gmina Stavanger 1 marca Godziny trening\u00f3w i imprezy, gminne obiekty halowe Gmina Stavanger 1 marca Letnie treningi p\u0142ywackie i hale sportowe Gmina Stavanger 15 marca Przyznanie dofinansowania obiektu Gmina [&hellip;]","og_url":"https:\/\/idrettsraadet.no\/pl\/informacja\/klubow-sportowych\/wazne-daty\/","og_site_name":"Idrettsr\u00e5det Stavanger","twitter_card":"summary_large_image","twitter_misc":{"Szacowany czas czytania":"1 minuta"},"schema":{"@context":"https:\/\/schema.org","@graph":[{"@type":"WebPage","@id":"https:\/\/idrettsraadet.no\/pl\/informacja\/klubow-sportowych\/wazne-daty\/","url":"https:\/\/idrettsraadet.no\/pl\/informacja\/klubow-sportowych\/wazne-daty\/","name":"Wa\u017cne daty - Idrettsr\u00e5det Stavanger","isPartOf":{"@id":"https:\/\/idrettsraadet.no\/bn\/#website"},"datePublished":"2020-02-21T10:06:17+00:00","breadcrumb":{"@id":"https:\/\/idrettsraadet.no\/pl\/informacja\/klubow-sportowych\/wazne-daty\/#breadcrumb"},"inLanguage":"pl-PL","potentialAction":[{"@type":"ReadAction","target":["https:\/\/idrettsraadet.no\/pl\/informacja\/klubow-sportowych\/wazne-daty\/"]}]},{"@type":"BreadcrumbList","@id":"https:\/\/idrettsraadet.no\/pl\/informacja\/klubow-sportowych\/wazne-daty\/#breadcrumb","itemListElement":[{"@type":"ListItem","position":1,"name":"Hjem","item":"https:\/\/idrettsraadet.no\/pl\/"},{"@type":"ListItem","position":2,"name":"Prywatne: Informacja","item":"https:\/\/idrettsraadet.no\/pl\/?page_id=12062"},{"@type":"ListItem","position":3,"name":"Klub\u00f3w sportowych","item":"https:\/\/idrettsraadet.no\/pl\/informacja\/klubow-sportowych\/"},{"@type":"ListItem","position":4,"name":"Wa\u017cne daty"}]},{"@type":"WebSite","@id":"https:\/\/idrettsraadet.no\/bn\/#website","url":"https:\/\/idrettsraadet.no\/bn\/","name":"Idrettsr\u00e5det Stavanger","description":"Idrett for alle.","publisher":{"@id":"https:\/\/idrettsraadet.no\/bn\/#organization"},"potentialAction":[{"@type":"SearchAction","target":{"@type":"EntryPoint","urlTemplate":"https:\/\/idrettsraadet.no\/bn\/?s={search_term_string}"},"query-input":{"@type":"PropertyValueSpecification","valueRequired":true,"valueName":"search_term_string"}}],"inLanguage":"pl-PL"},{"@type":"Organization","@id":"https:\/\/idrettsraadet.no\/bn\/#organization","name":"Stavanger Idrettsr\u00e5d","url":"https:\/\/idrettsraadet.no\/bn\/","logo":{"@type":"ImageObject","inLanguage":"pl-PL","@id":"https:\/\/idrettsraadet.no\/bn\/#\/schema\/logo\/image\/","url":"https:\/\/idrettsraadet.no\/wp-content\/uploads\/2016\/06\/logo.png","contentUrl":"https:\/\/idrettsraadet.no\/wp-content\/uploads\/2016\/06\/logo.png","width":149,"height":48,"caption":"Stavanger Idrettsr\u00e5d"},"image":{"@id":"https:\/\/idrettsraadet.no\/bn\/#\/schema\/logo\/image\/"}}]}},"_links":{"self":[{"href":"https:\/\/idrettsraadet.no\/pl\/wp-json\/wp\/v2\/pages\/12060","targetHints":{"allow":["GET"]}}],"collection":[{"href":"https:\/\/idrettsraadet.no\/pl\/wp-json\/wp\/v2\/pages"}],"about":[{"href":"https:\/\/idrettsraadet.no\/pl\/wp-json\/wp\/v2\/types\/page"}],"author":[{"embeddable":true,"href":"https:\/\/idrettsraadet.no\/pl\/wp-json\/wp\/v2\/users\/1"}],"replies":[{"embeddable":true,"href":"https:\/\/idrettsraadet.no\/pl\/wp-json\/wp\/v2\/comments?post=12060"}],"version-history":[{"count":0,"href":"https:\/\/idrettsraadet.no\/pl\/wp-json\/wp\/v2\/pages\/12060\/revisions"}],"up":[{"embeddable":true,"href":"https:\/\/idrettsraadet.no\/pl\/wp-json\/wp\/v2\/pages\/12067"}],"wp:attachment":[{"href":"https:\/\/idrettsraadet.no\/pl\/wp-json\/wp\/v2\/media?parent=12060"}],"curies":[{"name":"wp","href":"https:\/\/api.w.org\/{rel}","templated":true}]}}