{"id":12061,"date":"2020-02-21T11:07:39","date_gmt":"2020-02-21T10:07:39","guid":{"rendered":"https:\/\/idrettsraadet.no\/nowy-klub-sportowy\/"},"modified":"2020-02-21T11:07:39","modified_gmt":"2020-02-21T10:07:39","slug":"nowy-klub-sportowy","status":"publish","type":"page","link":"https:\/\/idrettsraadet.no\/pl\/informacja\/klubow-sportowych\/nowy-klub-sportowy\/","title":{"rendered":"Nowy klub sportowy"},"content":{"rendered":"<h4><strong>Je\u015bli my\u015blisz o za\u0142o\u017ceniu nowej dru\u017cyny sportowej lub o reaktywowaniu dru\u017cyny, kt\u00f3ra by\u0142a przez jaki\u015b czas w stanie spoczynku, na tej stronie znajdziesz wsparcie w tym zakresie. Znajdziesz tutaj odpowiednie formularze, a tak\u017ce szereg pomocnych wskaz\u00f3wek.<\/strong><\/h4>\n<p>W pierwszej kolejno\u015bci warto pobra\u0107 te dwa formularze:<\/p>\n<p>\u2013 <a href=\"http:\/\/109.199.118.79\/~rekylweb\/clients\/idrettsraadet.no\/wp-content\/uploads\/2016\/06\/Lovnorm_for_IL__.doc\">Regu\u0142y tworzenia statutu dru\u017cyny sportowej<\/a><br \/>\n<a href=\"https:\/\/www.idrettsforbundet.no\/klubbguiden\/stiftelse-og-opptak-av-idrettslag\/\">\u2013 Wniosek o cz\u0142onkostwo \/ ponowne przyj\u0119cie do Norweskiej Konfederacji Sportu i Narodowego Komitetu Olimpijskiego i Paraolimpijskiego<\/a><\/p>\n<p>Powy\u017csze dwa formularze zawieraj\u0105 najbardziej istotne informacje. Dodatkowe informacje podane na tej stronie pochodz\u0105 dok\u0142adnie z tych formularzy.<\/p>\n<p><strong>Posiedzenie za\u0142o\u017cycielskie:<\/strong><br \/>\nOsoba lub osoby, kt\u00f3re chc\u0105 za\u0142o\u017cy\u0107 now\u0105 dru\u017cyn\u0119 sportow\u0105, wyznaczaj\u0105 spo\u015br\u00f3d zainteresowanych komitet, kt\u00f3ry zwo\u0142uje posiedzenie za\u0142o\u017cycielskie.<br \/>\nSporz\u0105dzany jest porz\u0105dek obrad posiedzenia za\u0142o\u017cycielskiego, kt\u00f3ry powinien zawiera\u0107 nast\u0119puj\u0105ce punkty:<br \/>\n\u2013 Otwarcie i streszczenie celu spotkania.<br \/>\n\u2013 Sporty, kt\u00f3re b\u0119dzie uprawia\u0107 dru\u017cyna.<br \/>\n\u2013 Uchwa\u0142a o za\u0142o\u017ceniu dru\u017cyny sportowej.<br \/>\n\u2013 Nazwa dru\u017cyny.<br \/>\n\u2013 Wyb\u00f3r przedstawicieli zgodnie z przepisami prawa.<\/p>\n<p><strong>Nazwa:<\/strong><br \/>\n\u2013 powinna wskazywa\u0107, \u017ce dotyczy dru\u017cyny lub klubu sportowego, wykorzystuj\u0105c w nazwie wyraz \u201edru\u017cyna\/klub\/stowarzyszenie\u201d,<br \/>\n\u2013 powinna by\u0107 w j\u0119zyku norweskim, mo\u017ce wywodzi\u0107 si\u0119 z mitologii,<br \/>\n\u2013 nazwa w innym j\u0119zyku mo\u017ce zosta\u0107 zatwierdzona w przypadku sportu, w kt\u00f3rym obca terminologia jest powszechnie stosowana,<br \/>\n\u2013 najlepiej, by zawiera\u0142a odniesienie do lokalizacji\/obszaru\/gminy,<br \/>\n\u2013 je\u015bli nazwa zespo\u0142u sugeruje, \u017ce obejmuje on swoim zasi\u0119giem kilka gmin, nazwa musi wskazywa\u0107, kt\u00f3ra gmina jest gmin\u0105 macierzyst\u0105 (ze wzgl\u0119du na udzia\u0142 w komitecie kontaktowym itp.),<br \/>\n\u2013 powinna by\u0107 stosunkowo kr\u00f3tka\/prosta\/zrozumia\u0142a,<br \/>\n\u2013 powinna by\u0107 dla zespo\u0142u wiarygodnym i zrozumia\u0142ym punktem odniesienia.<\/p>\n<p><strong>Liczba cz\u0142onk\u00f3w przy zak\u0142adaniu dru\u017cyny:<\/strong><br \/>\nAby dru\u017cyna sportowa mog\u0142a zosta\u0107 zarejestrowana lub wznowiona, musi mie\u0107 co najmniej 12\u201315 cz\u0142onk\u00f3w. Jest to absolutna minimalna liczba cz\u0142onk\u00f3w, je\u015bli chodzi o nowe dru\u017cyny sportowe.<\/p>\n<p>Powy\u017csze formularze s\u0105 wype\u0142niane i przesy\u0142ane do Rogaland Idrettskrets (Rejonowa Rada Sportu w Rogaland). Adres pocztowy i adres e-mail mo\u017cna znale\u017a\u0107 w formularzu zg\u0142oszeniowym. Rejonowa Rada Sportu w Rogaland pozyskuje o\u015bwiadczenia od obecnych federacji narodowych, jak r\u00f3wnie\u017c od Rady Sportu w gminie, do kt\u00f3rej nale\u017cy dru\u017cyna. Je\u015bli organy te popieraj\u0105 za\u0142o\u017cenie dru\u017cyny, jest ona przyjmowana do NIF.<\/p>\n","protected":false},"excerpt":{"rendered":"<p>Je\u015bli my\u015blisz o za\u0142o\u017ceniu nowej dru\u017cyny sportowej lub o reaktywowaniu dru\u017cyny, kt\u00f3ra by\u0142a przez jaki\u015b czas w stanie spoczynku, na tej stronie znajdziesz wsparcie w tym zakresie. Znajdziesz tutaj odpowiednie formularze, a tak\u017ce szereg pomocnych wskaz\u00f3wek. W pierwszej kolejno\u015bci warto pobra\u0107 te dwa formularze: \u2013 Regu\u0142y tworzenia statutu dru\u017cyny sportowej \u2013 Wniosek o cz\u0142onkostwo \/ [&hellip;]<\/p>\n","protected":false},"author":1,"featured_media":0,"parent":12067,"menu_order":0,"comment_status":"closed","ping_status":"closed","template":"","meta":{"site-sidebar-layout":"default","site-content-layout":"default","ast-site-content-layout":"default","site-content-style":"default","site-sidebar-style":"default","ast-global-header-display":"","ast-banner-title-visibility":"","ast-main-header-display":"","ast-hfb-above-header-display":"","ast-hfb-below-header-display":"","ast-hfb-mobile-header-display":"","site-post-title":"","ast-breadcrumbs-content":"","ast-featured-img":"","footer-sml-layout":"","ast-disable-related-posts":"","theme-transparent-header-meta":"default","adv-header-id-meta":"","stick-header-meta":"default","header-above-stick-meta":"","header-main-stick-meta":"","header-below-stick-meta":"","astra-migrate-meta-layouts":"default","ast-page-background-enabled":"default","ast-page-background-meta":{"desktop":{"background-color":"","background-image":"","background-repeat":"repeat","background-position":"center center","background-size":"auto","background-attachment":"scroll","background-type":"","background-media":"","overlay-type":"","overlay-color":"","overlay-opacity":"","overlay-gradient":""},"tablet":{"background-color":"","background-image":"","background-repeat":"repeat","background-position":"center center","background-size":"auto","background-attachment":"scroll","background-type":"","background-media":"","overlay-type":"","overlay-color":"","overlay-opacity":"","overlay-gradient":""},"mobile":{"background-color":"","background-image":"","background-repeat":"repeat","background-position":"center center","background-size":"auto","background-attachment":"scroll","background-type":"","background-media":"","overlay-type":"","overlay-color":"","overlay-opacity":"","overlay-gradient":""}},"ast-content-background-meta":{"desktop":{"background-color":"var(--ast-global-color-5)","background-image":"","background-repeat":"repeat","background-position":"center center","background-size":"auto","background-attachment":"scroll","background-type":"","background-media":"","overlay-type":"","overlay-color":"","overlay-opacity":"","overlay-gradient":""},"tablet":{"background-color":"var(--ast-global-color-5)","background-image":"","background-repeat":"repeat","background-position":"center center","background-size":"auto","background-attachment":"scroll","background-type":"","background-media":"","overlay-type":"","overlay-color":"","overlay-opacity":"","overlay-gradient":""},"mobile":{"background-color":"var(--ast-global-color-5)","background-image":"","background-repeat":"repeat","background-position":"center center","background-size":"auto","background-attachment":"scroll","background-type":"","background-media":"","overlay-type":"","overlay-color":"","overlay-opacity":"","overlay-gradient":""}},"footnotes":""},"class_list":["post-12061","page","type-page","status-publish","hentry"],"yoast_head":"<!-- This site is optimized with the Yoast SEO plugin v27.4 - https:\/\/yoast.com\/product\/yoast-seo-wordpress\/ -->\n<title>Nowy klub sportowy - Idrettsr\u00e5det Stavanger<\/title>\n<meta name=\"robots\" content=\"index, follow, max-snippet:-1, max-image-preview:large, max-video-preview:-1\" \/>\n<link rel=\"canonical\" href=\"https:\/\/idrettsraadet.no\/pl\/informacja\/klubow-sportowych\/nowy-klub-sportowy\/\" \/>\n<meta property=\"og:locale\" content=\"pl_PL\" \/>\n<meta property=\"og:type\" content=\"article\" \/>\n<meta property=\"og:title\" content=\"Nowy klub sportowy - Idrettsr\u00e5det Stavanger\" \/>\n<meta property=\"og:description\" content=\"Je\u015bli my\u015blisz o za\u0142o\u017ceniu nowej dru\u017cyny sportowej lub o reaktywowaniu dru\u017cyny, kt\u00f3ra by\u0142a przez jaki\u015b czas w stanie spoczynku, na tej stronie znajdziesz wsparcie w tym zakresie. Znajdziesz tutaj odpowiednie formularze, a tak\u017ce szereg pomocnych wskaz\u00f3wek. W pierwszej kolejno\u015bci warto pobra\u0107 te dwa formularze: \u2013 Regu\u0142y tworzenia statutu dru\u017cyny sportowej \u2013 Wniosek o cz\u0142onkostwo \/ [&hellip;]\" \/>\n<meta property=\"og:url\" content=\"https:\/\/idrettsraadet.no\/pl\/informacja\/klubow-sportowych\/nowy-klub-sportowy\/\" \/>\n<meta property=\"og:site_name\" content=\"Idrettsr\u00e5det Stavanger\" \/>\n<meta name=\"twitter:card\" content=\"summary_large_image\" \/>\n<meta name=\"twitter:label1\" content=\"Szacowany czas czytania\" \/>\n\t<meta name=\"twitter:data1\" content=\"2 minuty\" \/>\n<script type=\"application\/ld+json\" class=\"yoast-schema-graph\">{\"@context\":\"https:\\\/\\\/schema.org\",\"@graph\":[{\"@type\":\"WebPage\",\"@id\":\"https:\\\/\\\/idrettsraadet.no\\\/pl\\\/informacja\\\/klubow-sportowych\\\/nowy-klub-sportowy\\\/\",\"url\":\"https:\\\/\\\/idrettsraadet.no\\\/pl\\\/informacja\\\/klubow-sportowych\\\/nowy-klub-sportowy\\\/\",\"name\":\"Nowy klub sportowy - Idrettsr\u00e5det Stavanger\",\"isPartOf\":{\"@id\":\"https:\\\/\\\/idrettsraadet.no\\\/bn\\\/#website\"},\"datePublished\":\"2020-02-21T10:07:39+00:00\",\"breadcrumb\":{\"@id\":\"https:\\\/\\\/idrettsraadet.no\\\/pl\\\/informacja\\\/klubow-sportowych\\\/nowy-klub-sportowy\\\/#breadcrumb\"},\"inLanguage\":\"pl-PL\",\"potentialAction\":[{\"@type\":\"ReadAction\",\"target\":[\"https:\\\/\\\/idrettsraadet.no\\\/pl\\\/informacja\\\/klubow-sportowych\\\/nowy-klub-sportowy\\\/\"]}]},{\"@type\":\"BreadcrumbList\",\"@id\":\"https:\\\/\\\/idrettsraadet.no\\\/pl\\\/informacja\\\/klubow-sportowych\\\/nowy-klub-sportowy\\\/#breadcrumb\",\"itemListElement\":[{\"@type\":\"ListItem\",\"position\":1,\"name\":\"Hjem\",\"item\":\"https:\\\/\\\/idrettsraadet.no\\\/pl\\\/\"},{\"@type\":\"ListItem\",\"position\":2,\"name\":\"Prywatne: Informacja\",\"item\":\"https:\\\/\\\/idrettsraadet.no\\\/pl\\\/?page_id=12062\"},{\"@type\":\"ListItem\",\"position\":3,\"name\":\"Klub\u00f3w sportowych\",\"item\":\"https:\\\/\\\/idrettsraadet.no\\\/pl\\\/informacja\\\/klubow-sportowych\\\/\"},{\"@type\":\"ListItem\",\"position\":4,\"name\":\"Nowy klub sportowy\"}]},{\"@type\":\"WebSite\",\"@id\":\"https:\\\/\\\/idrettsraadet.no\\\/bn\\\/#website\",\"url\":\"https:\\\/\\\/idrettsraadet.no\\\/bn\\\/\",\"name\":\"Idrettsr\u00e5det Stavanger\",\"description\":\"Idrett for alle.\",\"publisher\":{\"@id\":\"https:\\\/\\\/idrettsraadet.no\\\/bn\\\/#organization\"},\"potentialAction\":[{\"@type\":\"SearchAction\",\"target\":{\"@type\":\"EntryPoint\",\"urlTemplate\":\"https:\\\/\\\/idrettsraadet.no\\\/bn\\\/?s={search_term_string}\"},\"query-input\":{\"@type\":\"PropertyValueSpecification\",\"valueRequired\":true,\"valueName\":\"search_term_string\"}}],\"inLanguage\":\"pl-PL\"},{\"@type\":\"Organization\",\"@id\":\"https:\\\/\\\/idrettsraadet.no\\\/bn\\\/#organization\",\"name\":\"Stavanger Idrettsr\u00e5d\",\"url\":\"https:\\\/\\\/idrettsraadet.no\\\/bn\\\/\",\"logo\":{\"@type\":\"ImageObject\",\"inLanguage\":\"pl-PL\",\"@id\":\"https:\\\/\\\/idrettsraadet.no\\\/bn\\\/#\\\/schema\\\/logo\\\/image\\\/\",\"url\":\"https:\\\/\\\/idrettsraadet.no\\\/wp-content\\\/uploads\\\/2016\\\/06\\\/logo.png\",\"contentUrl\":\"https:\\\/\\\/idrettsraadet.no\\\/wp-content\\\/uploads\\\/2016\\\/06\\\/logo.png\",\"width\":149,\"height\":48,\"caption\":\"Stavanger Idrettsr\u00e5d\"},\"image\":{\"@id\":\"https:\\\/\\\/idrettsraadet.no\\\/bn\\\/#\\\/schema\\\/logo\\\/image\\\/\"}}]}<\/script>\n<!-- \/ Yoast SEO plugin. -->","yoast_head_json":{"title":"Nowy klub sportowy - Idrettsr\u00e5det Stavanger","robots":{"index":"index","follow":"follow","max-snippet":"max-snippet:-1","max-image-preview":"max-image-preview:large","max-video-preview":"max-video-preview:-1"},"canonical":"https:\/\/idrettsraadet.no\/pl\/informacja\/klubow-sportowych\/nowy-klub-sportowy\/","og_locale":"pl_PL","og_type":"article","og_title":"Nowy klub sportowy - Idrettsr\u00e5det Stavanger","og_description":"Je\u015bli my\u015blisz o za\u0142o\u017ceniu nowej dru\u017cyny sportowej lub o reaktywowaniu dru\u017cyny, kt\u00f3ra by\u0142a przez jaki\u015b czas w stanie spoczynku, na tej stronie znajdziesz wsparcie w tym zakresie. Znajdziesz tutaj odpowiednie formularze, a tak\u017ce szereg pomocnych wskaz\u00f3wek. W pierwszej kolejno\u015bci warto pobra\u0107 te dwa formularze: \u2013 Regu\u0142y tworzenia statutu dru\u017cyny sportowej \u2013 Wniosek o cz\u0142onkostwo \/ [&hellip;]","og_url":"https:\/\/idrettsraadet.no\/pl\/informacja\/klubow-sportowych\/nowy-klub-sportowy\/","og_site_name":"Idrettsr\u00e5det Stavanger","twitter_card":"summary_large_image","twitter_misc":{"Szacowany czas czytania":"2 minuty"},"schema":{"@context":"https:\/\/schema.org","@graph":[{"@type":"WebPage","@id":"https:\/\/idrettsraadet.no\/pl\/informacja\/klubow-sportowych\/nowy-klub-sportowy\/","url":"https:\/\/idrettsraadet.no\/pl\/informacja\/klubow-sportowych\/nowy-klub-sportowy\/","name":"Nowy klub sportowy - Idrettsr\u00e5det Stavanger","isPartOf":{"@id":"https:\/\/idrettsraadet.no\/bn\/#website"},"datePublished":"2020-02-21T10:07:39+00:00","breadcrumb":{"@id":"https:\/\/idrettsraadet.no\/pl\/informacja\/klubow-sportowych\/nowy-klub-sportowy\/#breadcrumb"},"inLanguage":"pl-PL","potentialAction":[{"@type":"ReadAction","target":["https:\/\/idrettsraadet.no\/pl\/informacja\/klubow-sportowych\/nowy-klub-sportowy\/"]}]},{"@type":"BreadcrumbList","@id":"https:\/\/idrettsraadet.no\/pl\/informacja\/klubow-sportowych\/nowy-klub-sportowy\/#breadcrumb","itemListElement":[{"@type":"ListItem","position":1,"name":"Hjem","item":"https:\/\/idrettsraadet.no\/pl\/"},{"@type":"ListItem","position":2,"name":"Prywatne: Informacja","item":"https:\/\/idrettsraadet.no\/pl\/?page_id=12062"},{"@type":"ListItem","position":3,"name":"Klub\u00f3w sportowych","item":"https:\/\/idrettsraadet.no\/pl\/informacja\/klubow-sportowych\/"},{"@type":"ListItem","position":4,"name":"Nowy klub sportowy"}]},{"@type":"WebSite","@id":"https:\/\/idrettsraadet.no\/bn\/#website","url":"https:\/\/idrettsraadet.no\/bn\/","name":"Idrettsr\u00e5det Stavanger","description":"Idrett for alle.","publisher":{"@id":"https:\/\/idrettsraadet.no\/bn\/#organization"},"potentialAction":[{"@type":"SearchAction","target":{"@type":"EntryPoint","urlTemplate":"https:\/\/idrettsraadet.no\/bn\/?s={search_term_string}"},"query-input":{"@type":"PropertyValueSpecification","valueRequired":true,"valueName":"search_term_string"}}],"inLanguage":"pl-PL"},{"@type":"Organization","@id":"https:\/\/idrettsraadet.no\/bn\/#organization","name":"Stavanger Idrettsr\u00e5d","url":"https:\/\/idrettsraadet.no\/bn\/","logo":{"@type":"ImageObject","inLanguage":"pl-PL","@id":"https:\/\/idrettsraadet.no\/bn\/#\/schema\/logo\/image\/","url":"https:\/\/idrettsraadet.no\/wp-content\/uploads\/2016\/06\/logo.png","contentUrl":"https:\/\/idrettsraadet.no\/wp-content\/uploads\/2016\/06\/logo.png","width":149,"height":48,"caption":"Stavanger Idrettsr\u00e5d"},"image":{"@id":"https:\/\/idrettsraadet.no\/bn\/#\/schema\/logo\/image\/"}}]}},"_links":{"self":[{"href":"https:\/\/idrettsraadet.no\/pl\/wp-json\/wp\/v2\/pages\/12061","targetHints":{"allow":["GET"]}}],"collection":[{"href":"https:\/\/idrettsraadet.no\/pl\/wp-json\/wp\/v2\/pages"}],"about":[{"href":"https:\/\/idrettsraadet.no\/pl\/wp-json\/wp\/v2\/types\/page"}],"author":[{"embeddable":true,"href":"https:\/\/idrettsraadet.no\/pl\/wp-json\/wp\/v2\/users\/1"}],"replies":[{"embeddable":true,"href":"https:\/\/idrettsraadet.no\/pl\/wp-json\/wp\/v2\/comments?post=12061"}],"version-history":[{"count":0,"href":"https:\/\/idrettsraadet.no\/pl\/wp-json\/wp\/v2\/pages\/12061\/revisions"}],"up":[{"embeddable":true,"href":"https:\/\/idrettsraadet.no\/pl\/wp-json\/wp\/v2\/pages\/12067"}],"wp:attachment":[{"href":"https:\/\/idrettsraadet.no\/pl\/wp-json\/wp\/v2\/media?parent=12061"}],"curies":[{"name":"wp","href":"https:\/\/api.w.org\/{rel}","templated":true}]}}