{"id":11720,"date":"2020-01-03T20:18:55","date_gmt":"2020-01-03T19:18:55","guid":{"rendered":"https:\/\/idrettsraadet.no\/idrettsradet\/sobre-nos\/"},"modified":"2020-03-06T11:13:54","modified_gmt":"2020-03-06T10:13:54","slug":"sobre-nos","status":"publish","type":"page","link":"https:\/\/idrettsraadet.no\/pt-br\/idrettsradet\/sobre-nos\/","title":{"rendered":"Sobre n\u00f3s"},"content":{"rendered":"<h3>O que \u00e9 Idrettsr\u00e5det (Conselho Desportivo)?<\/h3>\n<p>&nbsp;<\/p>\n<p>Idrettsr\u00e5det faz parte do Comit\u00e9 Ol\u00edmpico e Paraol\u00edmpico Noruegu\u00eas e da Confedera\u00e7\u00e3o de Desportos (NIF). Quase todos os munic\u00edpios da Noruega t\u00eam um conselho desportivo. Em Stavanger, \u00e9 o Conselho Desportivo de Stavanger que tem esse papel. Somos um \u00f3rg\u00e3o de servi\u00e7o para as equipas desportivas no Munic\u00edpio de Stavanger, com cerca de 40.000 membros em 160 clubes e equipas desportivas em Stavanger, bem como 17.000 membros em desporto empresarial.\u00a0Trabalhamos nas seguintes principais tarefas:<\/p>\n<ul>\n<li>trabalhar para as melhores condi\u00e7\u00f5es poss\u00edveis para o desporto no munic\u00edpio<\/li>\n<li>refor\u00e7ar o papel e as condi\u00e7\u00f5es de \u00e2mbito do desporto na comunidade local<\/li>\n<li>ser um ponto de encontro e arena de desenvolvimento no cruzamento do trabalho p\u00fablico e volunt\u00e1rio<\/li>\n<li>Seja um local de coopera\u00e7\u00e3o entre as equipas e as autoridades municipais<\/li>\n<li>estabelecer prioridades em nome das equipas desportivas<\/li>\n<li>documentar e destacar o \u00e2mbito local do desporto<\/li>\n<\/ul>\n<p>&nbsp;<\/p>\n<p><img fetchpriority=\"high\" decoding=\"async\" class=\"td-modal-image wp-image-2151 size-full aligncenter\" src=\"http:\/\/localhost\/idrettsraadet\/wp-content\/uploads\/2016\/06\/org-kart.png\" width=\"864\" height=\"1085\" srcset=\"https:\/\/idrettsraadet.no\/wp-content\/uploads\/2016\/06\/org-kart.png 864w, https:\/\/idrettsraadet.no\/wp-content\/uploads\/2016\/06\/org-kart-239x300.png 239w, https:\/\/idrettsraadet.no\/wp-content\/uploads\/2016\/06\/org-kart-768x964.png 768w, https:\/\/idrettsraadet.no\/wp-content\/uploads\/2016\/06\/org-kart-815x1024.png 815w\" sizes=\"(max-width: 864px) 100vw, 864px\" \/><\/p>\n<p>&nbsp;<\/p>\n<p>Em suma, isto significa que o conselho desportivo contribuir\u00e1 para o desenvolvimento geral do desporto no munic\u00edpio e garantir\u00e1 uma oferta diversificada aos membros e \u00e0 popula\u00e7\u00e3o.<\/p>\n<p>Como uma liga\u00e7\u00e3o entre as equipas desportivas e o munic\u00edpio, o contacto entre as equipas desportivas e o munic\u00edpio deve passar por Idrettsr\u00e5det. Em alguns casos, isto pode parecer complicado, mas muitas vezes acaba por ser a forma mais r\u00e1pida de obter respostas \u00e0s suas perguntas. Podemos responder a um bom neg\u00f3cio, ou conhecemos algu\u00e9m que possa responder e, assim, fornecer-lhe orienta\u00e7\u00e3o diretamente. Idrettsr\u00e5det tem uma estreita e boa coopera\u00e7\u00e3o com o Munic\u00edpio de Stavanger. Temos o maior contacto com o departamento de desporto, mas tamb\u00e9m cooperamos com outros departamentos\/ag\u00eancias do munic\u00edpio, bem como com pol\u00edticos.<\/p>\n<p>Idrettsr\u00e5det Stavanger possui tr\u00eas funcion\u00e1rios a tempo inteiro e um funcion\u00e1rio a tempo parcial, e tem o seu escrit\u00f3rio em Hansons Minde, ao lado de Stavanger Idrettshall e do Scandic Forum Hotel em Tjensvoll.<\/p>\n<p><a href=\"http:\/\/localhost\/idrettsraadet\/wp-content\/uploads\/2016\/06\/Presentasjon-KKI-2016.ppt\">Apresenta\u00e7\u00e3o de Idrettsr\u00e5det Stavanger <\/a><\/p>\n<p><a href=\"https:\/\/idrettsraadet.no\/download\/lovnorm-for-idrettsradet-vedtatt-05-03-2020\/\">Regulamentos para Idrettsr\u00e5det Stavanger (2019)<\/a><\/p>\n<p>Coopera\u00e7\u00e3o regional<\/p>\n<p>Os conselhos desportivos em Stavanger, Sandnes, Sola e Randaberg t\u00eam um grupo de contacto regional. Aqui, os conselhos desportivos podem discutir quest\u00f5es comuns, partilhar experi\u00eancias e, possivelmente, apresentar quest\u00f5es comuns que servem os desportos.<\/p>\n<p>O grupo de contacto foi restabelecido em reconhecimento de que os desportos em Nord-J\u00e6ren partilhou desafios e pode colaborar em solu\u00e7\u00f5es conjuntas. Isto \u00e9 especialmente verdadeiro em \u00e1reas destinadas a instala\u00e7\u00f5es, mas tamb\u00e9m outras quest\u00f5es relevantes.<\/p>\n<p>Folkehallene (<a href=\"http:\/\/folkehallene.no\/\">http:\/\/folkehallene.no\/<\/a>) \u00e9 um bom exemplo daquilo com que o grupo de contacto tem trabalhado.<\/p>\n","protected":false},"excerpt":{"rendered":"<p>O que \u00e9 Idrettsr\u00e5det (Conselho Desportivo)? &nbsp; Idrettsr\u00e5det faz parte do Comit\u00e9 Ol\u00edmpico e Paraol\u00edmpico Noruegu\u00eas e da Confedera\u00e7\u00e3o de Desportos (NIF). Quase todos os munic\u00edpios da Noruega t\u00eam um conselho desportivo. Em Stavanger, \u00e9 o Conselho Desportivo de Stavanger que tem esse papel. Somos um \u00f3rg\u00e3o de servi\u00e7o para as equipas desportivas no Munic\u00edpio [&hellip;]<\/p>\n","protected":false},"author":1,"featured_media":0,"parent":11716,"menu_order":0,"comment_status":"closed","ping_status":"closed","template":"","meta":{"site-sidebar-layout":"default","site-content-layout":"default","ast-site-content-layout":"default","site-content-style":"default","site-sidebar-style":"default","ast-global-header-display":"","ast-banner-title-visibility":"","ast-main-header-display":"","ast-hfb-above-header-display":"","ast-hfb-below-header-display":"","ast-hfb-mobile-header-display":"","site-post-title":"","ast-breadcrumbs-content":"","ast-featured-img":"","footer-sml-layout":"","ast-disable-related-posts":"","theme-transparent-header-meta":"default","adv-header-id-meta":"","stick-header-meta":"default","header-above-stick-meta":"","header-main-stick-meta":"","header-below-stick-meta":"","astra-migrate-meta-layouts":"default","ast-page-background-enabled":"default","ast-page-background-meta":{"desktop":{"background-color":"","background-image":"","background-repeat":"repeat","background-position":"center center","background-size":"auto","background-attachment":"scroll","background-type":"","background-media":"","overlay-type":"","overlay-color":"","overlay-opacity":"","overlay-gradient":""},"tablet":{"background-color":"","background-image":"","background-repeat":"repeat","background-position":"center center","background-size":"auto","background-attachment":"scroll","background-type":"","background-media":"","overlay-type":"","overlay-color":"","overlay-opacity":"","overlay-gradient":""},"mobile":{"background-color":"","background-image":"","background-repeat":"repeat","background-position":"center center","background-size":"auto","background-attachment":"scroll","background-type":"","background-media":"","overlay-type":"","overlay-color":"","overlay-opacity":"","overlay-gradient":""}},"ast-content-background-meta":{"desktop":{"background-color":"var(--ast-global-color-5)","background-image":"","background-repeat":"repeat","background-position":"center center","background-size":"auto","background-attachment":"scroll","background-type":"","background-media":"","overlay-type":"","overlay-color":"","overlay-opacity":"","overlay-gradient":""},"tablet":{"background-color":"var(--ast-global-color-5)","background-image":"","background-repeat":"repeat","background-position":"center center","background-size":"auto","background-attachment":"scroll","background-type":"","background-media":"","overlay-type":"","overlay-color":"","overlay-opacity":"","overlay-gradient":""},"mobile":{"background-color":"var(--ast-global-color-5)","background-image":"","background-repeat":"repeat","background-position":"center center","background-size":"auto","background-attachment":"scroll","background-type":"","background-media":"","overlay-type":"","overlay-color":"","overlay-opacity":"","overlay-gradient":""}},"footnotes":""},"class_list":["post-11720","page","type-page","status-publish","hentry"],"yoast_head":"<!-- This site is optimized with the Yoast SEO plugin v27.3 - https:\/\/yoast.com\/product\/yoast-seo-wordpress\/ -->\n<title>Sobre n\u00f3s - Idrettsr\u00e5det Stavanger<\/title>\n<meta name=\"robots\" content=\"index, follow, max-snippet:-1, max-image-preview:large, max-video-preview:-1\" \/>\n<link rel=\"canonical\" href=\"https:\/\/idrettsraadet.no\/pt-br\/idrettsradet\/sobre-nos\/\" \/>\n<meta property=\"og:locale\" content=\"pt_BR\" \/>\n<meta property=\"og:type\" content=\"article\" \/>\n<meta property=\"og:title\" content=\"Sobre n\u00f3s - Idrettsr\u00e5det Stavanger\" \/>\n<meta property=\"og:description\" content=\"O que \u00e9 Idrettsr\u00e5det (Conselho Desportivo)? &nbsp; Idrettsr\u00e5det faz parte do Comit\u00e9 Ol\u00edmpico e Paraol\u00edmpico Noruegu\u00eas e da Confedera\u00e7\u00e3o de Desportos (NIF). Quase todos os munic\u00edpios da Noruega t\u00eam um conselho desportivo. Em Stavanger, \u00e9 o Conselho Desportivo de Stavanger que tem esse papel. Somos um \u00f3rg\u00e3o de servi\u00e7o para as equipas desportivas no Munic\u00edpio [&hellip;]\" \/>\n<meta property=\"og:url\" content=\"https:\/\/idrettsraadet.no\/pt-br\/idrettsradet\/sobre-nos\/\" \/>\n<meta property=\"og:site_name\" content=\"Idrettsr\u00e5det Stavanger\" \/>\n<meta property=\"article:modified_time\" content=\"2020-03-06T10:13:54+00:00\" \/>\n<meta property=\"og:image\" content=\"http:\/\/localhost\/idrettsraadet\/wp-content\/uploads\/2016\/06\/org-kart.png\" \/>\n<meta name=\"twitter:card\" content=\"summary_large_image\" \/>\n<meta name=\"twitter:label1\" content=\"Est. tempo de leitura\" \/>\n\t<meta name=\"twitter:data1\" content=\"2 minutos\" \/>\n<script type=\"application\/ld+json\" class=\"yoast-schema-graph\">{\"@context\":\"https:\\\/\\\/schema.org\",\"@graph\":[{\"@type\":\"WebPage\",\"@id\":\"https:\\\/\\\/idrettsraadet.no\\\/pt-br\\\/idrettsradet\\\/sobre-nos\\\/\",\"url\":\"https:\\\/\\\/idrettsraadet.no\\\/pt-br\\\/idrettsradet\\\/sobre-nos\\\/\",\"name\":\"Sobre n\u00f3s - Idrettsr\u00e5det Stavanger\",\"isPartOf\":{\"@id\":\"https:\\\/\\\/idrettsraadet.no\\\/bn\\\/#website\"},\"primaryImageOfPage\":{\"@id\":\"https:\\\/\\\/idrettsraadet.no\\\/pt-br\\\/idrettsradet\\\/sobre-nos\\\/#primaryimage\"},\"image\":{\"@id\":\"https:\\\/\\\/idrettsraadet.no\\\/pt-br\\\/idrettsradet\\\/sobre-nos\\\/#primaryimage\"},\"thumbnailUrl\":\"http:\\\/\\\/localhost\\\/idrettsraadet\\\/wp-content\\\/uploads\\\/2016\\\/06\\\/org-kart.png\",\"datePublished\":\"2020-01-03T19:18:55+00:00\",\"dateModified\":\"2020-03-06T10:13:54+00:00\",\"breadcrumb\":{\"@id\":\"https:\\\/\\\/idrettsraadet.no\\\/pt-br\\\/idrettsradet\\\/sobre-nos\\\/#breadcrumb\"},\"inLanguage\":\"pt-BR\",\"potentialAction\":[{\"@type\":\"ReadAction\",\"target\":[\"https:\\\/\\\/idrettsraadet.no\\\/pt-br\\\/idrettsradet\\\/sobre-nos\\\/\"]}]},{\"@type\":\"ImageObject\",\"inLanguage\":\"pt-BR\",\"@id\":\"https:\\\/\\\/idrettsraadet.no\\\/pt-br\\\/idrettsradet\\\/sobre-nos\\\/#primaryimage\",\"url\":\"http:\\\/\\\/localhost\\\/idrettsraadet\\\/wp-content\\\/uploads\\\/2016\\\/06\\\/org-kart.png\",\"contentUrl\":\"http:\\\/\\\/localhost\\\/idrettsraadet\\\/wp-content\\\/uploads\\\/2016\\\/06\\\/org-kart.png\"},{\"@type\":\"BreadcrumbList\",\"@id\":\"https:\\\/\\\/idrettsraadet.no\\\/pt-br\\\/idrettsradet\\\/sobre-nos\\\/#breadcrumb\",\"itemListElement\":[{\"@type\":\"ListItem\",\"position\":1,\"name\":\"Hjem\",\"item\":\"https:\\\/\\\/idrettsraadet.no\\\/pt-br\\\/\"},{\"@type\":\"ListItem\",\"position\":2,\"name\":\"Idrettsr\u00e5det\",\"item\":\"https:\\\/\\\/idrettsraadet.no\\\/pt-br\\\/idrettsradet\\\/\"},{\"@type\":\"ListItem\",\"position\":3,\"name\":\"Sobre n\u00f3s\"}]},{\"@type\":\"WebSite\",\"@id\":\"https:\\\/\\\/idrettsraadet.no\\\/bn\\\/#website\",\"url\":\"https:\\\/\\\/idrettsraadet.no\\\/bn\\\/\",\"name\":\"Idrettsr\u00e5det Stavanger\",\"description\":\"Idrett for alle.\",\"publisher\":{\"@id\":\"https:\\\/\\\/idrettsraadet.no\\\/bn\\\/#organization\"},\"potentialAction\":[{\"@type\":\"SearchAction\",\"target\":{\"@type\":\"EntryPoint\",\"urlTemplate\":\"https:\\\/\\\/idrettsraadet.no\\\/bn\\\/?s={search_term_string}\"},\"query-input\":{\"@type\":\"PropertyValueSpecification\",\"valueRequired\":true,\"valueName\":\"search_term_string\"}}],\"inLanguage\":\"pt-BR\"},{\"@type\":\"Organization\",\"@id\":\"https:\\\/\\\/idrettsraadet.no\\\/bn\\\/#organization\",\"name\":\"Stavanger Idrettsr\u00e5d\",\"url\":\"https:\\\/\\\/idrettsraadet.no\\\/bn\\\/\",\"logo\":{\"@type\":\"ImageObject\",\"inLanguage\":\"pt-BR\",\"@id\":\"https:\\\/\\\/idrettsraadet.no\\\/bn\\\/#\\\/schema\\\/logo\\\/image\\\/\",\"url\":\"https:\\\/\\\/idrettsraadet.no\\\/wp-content\\\/uploads\\\/2016\\\/06\\\/logo.png\",\"contentUrl\":\"https:\\\/\\\/idrettsraadet.no\\\/wp-content\\\/uploads\\\/2016\\\/06\\\/logo.png\",\"width\":149,\"height\":48,\"caption\":\"Stavanger Idrettsr\u00e5d\"},\"image\":{\"@id\":\"https:\\\/\\\/idrettsraadet.no\\\/bn\\\/#\\\/schema\\\/logo\\\/image\\\/\"}}]}<\/script>\n<!-- \/ Yoast SEO plugin. -->","yoast_head_json":{"title":"Sobre n\u00f3s - Idrettsr\u00e5det Stavanger","robots":{"index":"index","follow":"follow","max-snippet":"max-snippet:-1","max-image-preview":"max-image-preview:large","max-video-preview":"max-video-preview:-1"},"canonical":"https:\/\/idrettsraadet.no\/pt-br\/idrettsradet\/sobre-nos\/","og_locale":"pt_BR","og_type":"article","og_title":"Sobre n\u00f3s - Idrettsr\u00e5det Stavanger","og_description":"O que \u00e9 Idrettsr\u00e5det (Conselho Desportivo)? &nbsp; Idrettsr\u00e5det faz parte do Comit\u00e9 Ol\u00edmpico e Paraol\u00edmpico Noruegu\u00eas e da Confedera\u00e7\u00e3o de Desportos (NIF). Quase todos os munic\u00edpios da Noruega t\u00eam um conselho desportivo. Em Stavanger, \u00e9 o Conselho Desportivo de Stavanger que tem esse papel. Somos um \u00f3rg\u00e3o de servi\u00e7o para as equipas desportivas no Munic\u00edpio [&hellip;]","og_url":"https:\/\/idrettsraadet.no\/pt-br\/idrettsradet\/sobre-nos\/","og_site_name":"Idrettsr\u00e5det Stavanger","article_modified_time":"2020-03-06T10:13:54+00:00","og_image":[{"url":"http:\/\/localhost\/idrettsraadet\/wp-content\/uploads\/2016\/06\/org-kart.png","type":"","width":"","height":""}],"twitter_card":"summary_large_image","twitter_misc":{"Est. tempo de leitura":"2 minutos"},"schema":{"@context":"https:\/\/schema.org","@graph":[{"@type":"WebPage","@id":"https:\/\/idrettsraadet.no\/pt-br\/idrettsradet\/sobre-nos\/","url":"https:\/\/idrettsraadet.no\/pt-br\/idrettsradet\/sobre-nos\/","name":"Sobre n\u00f3s - Idrettsr\u00e5det Stavanger","isPartOf":{"@id":"https:\/\/idrettsraadet.no\/bn\/#website"},"primaryImageOfPage":{"@id":"https:\/\/idrettsraadet.no\/pt-br\/idrettsradet\/sobre-nos\/#primaryimage"},"image":{"@id":"https:\/\/idrettsraadet.no\/pt-br\/idrettsradet\/sobre-nos\/#primaryimage"},"thumbnailUrl":"http:\/\/localhost\/idrettsraadet\/wp-content\/uploads\/2016\/06\/org-kart.png","datePublished":"2020-01-03T19:18:55+00:00","dateModified":"2020-03-06T10:13:54+00:00","breadcrumb":{"@id":"https:\/\/idrettsraadet.no\/pt-br\/idrettsradet\/sobre-nos\/#breadcrumb"},"inLanguage":"pt-BR","potentialAction":[{"@type":"ReadAction","target":["https:\/\/idrettsraadet.no\/pt-br\/idrettsradet\/sobre-nos\/"]}]},{"@type":"ImageObject","inLanguage":"pt-BR","@id":"https:\/\/idrettsraadet.no\/pt-br\/idrettsradet\/sobre-nos\/#primaryimage","url":"http:\/\/localhost\/idrettsraadet\/wp-content\/uploads\/2016\/06\/org-kart.png","contentUrl":"http:\/\/localhost\/idrettsraadet\/wp-content\/uploads\/2016\/06\/org-kart.png"},{"@type":"BreadcrumbList","@id":"https:\/\/idrettsraadet.no\/pt-br\/idrettsradet\/sobre-nos\/#breadcrumb","itemListElement":[{"@type":"ListItem","position":1,"name":"Hjem","item":"https:\/\/idrettsraadet.no\/pt-br\/"},{"@type":"ListItem","position":2,"name":"Idrettsr\u00e5det","item":"https:\/\/idrettsraadet.no\/pt-br\/idrettsradet\/"},{"@type":"ListItem","position":3,"name":"Sobre n\u00f3s"}]},{"@type":"WebSite","@id":"https:\/\/idrettsraadet.no\/bn\/#website","url":"https:\/\/idrettsraadet.no\/bn\/","name":"Idrettsr\u00e5det Stavanger","description":"Idrett for alle.","publisher":{"@id":"https:\/\/idrettsraadet.no\/bn\/#organization"},"potentialAction":[{"@type":"SearchAction","target":{"@type":"EntryPoint","urlTemplate":"https:\/\/idrettsraadet.no\/bn\/?s={search_term_string}"},"query-input":{"@type":"PropertyValueSpecification","valueRequired":true,"valueName":"search_term_string"}}],"inLanguage":"pt-BR"},{"@type":"Organization","@id":"https:\/\/idrettsraadet.no\/bn\/#organization","name":"Stavanger Idrettsr\u00e5d","url":"https:\/\/idrettsraadet.no\/bn\/","logo":{"@type":"ImageObject","inLanguage":"pt-BR","@id":"https:\/\/idrettsraadet.no\/bn\/#\/schema\/logo\/image\/","url":"https:\/\/idrettsraadet.no\/wp-content\/uploads\/2016\/06\/logo.png","contentUrl":"https:\/\/idrettsraadet.no\/wp-content\/uploads\/2016\/06\/logo.png","width":149,"height":48,"caption":"Stavanger Idrettsr\u00e5d"},"image":{"@id":"https:\/\/idrettsraadet.no\/bn\/#\/schema\/logo\/image\/"}}]}},"_links":{"self":[{"href":"https:\/\/idrettsraadet.no\/pt-br\/wp-json\/wp\/v2\/pages\/11720","targetHints":{"allow":["GET"]}}],"collection":[{"href":"https:\/\/idrettsraadet.no\/pt-br\/wp-json\/wp\/v2\/pages"}],"about":[{"href":"https:\/\/idrettsraadet.no\/pt-br\/wp-json\/wp\/v2\/types\/page"}],"author":[{"embeddable":true,"href":"https:\/\/idrettsraadet.no\/pt-br\/wp-json\/wp\/v2\/users\/1"}],"replies":[{"embeddable":true,"href":"https:\/\/idrettsraadet.no\/pt-br\/wp-json\/wp\/v2\/comments?post=11720"}],"version-history":[{"count":2,"href":"https:\/\/idrettsraadet.no\/pt-br\/wp-json\/wp\/v2\/pages\/11720\/revisions"}],"predecessor-version":[{"id":19012,"href":"https:\/\/idrettsraadet.no\/pt-br\/wp-json\/wp\/v2\/pages\/11720\/revisions\/19012"}],"up":[{"embeddable":true,"href":"https:\/\/idrettsraadet.no\/pt-br\/wp-json\/wp\/v2\/pages\/11716"}],"wp:attachment":[{"href":"https:\/\/idrettsraadet.no\/pt-br\/wp-json\/wp\/v2\/media?parent=11720"}],"curies":[{"name":"wp","href":"https:\/\/api.w.org\/{rel}","templated":true}]}}