{"id":11722,"date":"2020-01-03T20:26:39","date_gmt":"2020-01-03T19:26:39","guid":{"rendered":"https:\/\/idrettsraadet.no\/premio-de-iniciativa-do-clube-ildsjelprisen\/"},"modified":"2020-01-03T20:26:39","modified_gmt":"2020-01-03T19:26:39","slug":"premio-de-iniciativa-do-clube-ildsjelprisen","status":"publish","type":"page","link":"https:\/\/idrettsraadet.no\/pt-br\/premio-de-iniciativa-do-clube-ildsjelprisen\/","title":{"rendered":"Pr\u00e9mio de iniciativa do clube (Ildsjelprisen)"},"content":{"rendered":"<h3>Com este pr\u00e9mio, queremos homenagear uma pessoa que fa\u00e7a um grande esfor\u00e7o em prol do desporto desde h\u00e1 v\u00e1rios anos.<\/h3>\n<p>&nbsp;<\/p>\n<p>Antigos premiados de Ildsjelprisen:<\/p>\n<p><a href=\"https:\/\/response.questback.com\/isa\/qbv.dll\/ShowQuest?QuestID=5254282&amp;sid=kb7f6GHpeC\">CLIQUE AQUI PARA NOMEAR UM CANDIDATO<\/a><\/p>\n<p>Prazo de inscri\u00e7\u00e3o:<br \/>\n30 de novembro<\/p>\n<p>&nbsp;<\/p>\n<p>As seguintes diretrizes aplicam-se ao Pr\u00e9mio de Iniciativa do Clube:<\/p>\n<p>\u2013 O pr\u00e9mio \u00e9 concedido a uma pessoa que h\u00e1 muitos anos fa\u00e7a um grande esfor\u00e7o volunt\u00e1rio em prol do desporto em Stavanger<\/p>\n<p>\u2013 A pessoa n\u00e3o pode ser empregada de uma equipa desportiva nem ter outros cargos remunerados pelo seu trabalho no desporto<\/p>\n<p>\u2013 O candidato pode ter feito um esfor\u00e7o especial para a equipa desportiva durante v\u00e1rios anos ou demonstrado grande interesse e entusiasmo pelo desporto<\/p>\n<p>\u2013 O pr\u00e9mio \u00e9 concedido com base em nomea\u00e7\u00f5es das equipas desportivas<\/p>\n<p>\u2013 A nomea\u00e7\u00e3o tem de incluir uma justifica\u00e7\u00e3o do motivo pelo qual essa pessoa merece o Pr\u00e9mio de Iniciativa do Clube e deve ser assinada pelo diretor ou diretor-geral<\/p>\n<p>\u2013 O pr\u00e9mio \u00e9 um cheque-presente no valor de kr. 25.000, e \u00e9 entregue pelo Presidente da C\u00e2mara no dia de Ano Novo em Ledaal<\/p>\n<p>\u2013 Os candidatos nomeados s\u00e3o apresentados antes da decis\u00e3o do j\u00fari<\/p>\n<p>O j\u00fari deve ser composto por cinco pessoas. O Presidente do Conselho Municipal da Cultura e Desporto (KKI) \u00e9 o presidente do j\u00fari. Al\u00e9m disso, deve haver dois representantes do Conselho de Desporto e dois representantes da KKI.<\/p>\n<p>&nbsp;<\/p>\n<p><img fetchpriority=\"high\" decoding=\"async\" class=\"wp-image-11279 aligncenter\" src=\"https:\/\/idrettsraadet.no\/wp-content\/uploads\/2019\/01\/IMG_00901.jpg\" alt=\"\" width=\"646\" height=\"484\" srcset=\"https:\/\/idrettsraadet.no\/wp-content\/uploads\/2019\/01\/IMG_00901.jpg 1024w, https:\/\/idrettsraadet.no\/wp-content\/uploads\/2019\/01\/IMG_00901-300x225.jpg 300w, https:\/\/idrettsraadet.no\/wp-content\/uploads\/2019\/01\/IMG_00901-768x576.jpg 768w\" sizes=\"(max-width: 646px) 100vw, 646px\" \/><\/p>\n<p>&nbsp;<\/p>\n<p><strong>Tidligere mottakere av Ildsjelprisen:<\/strong><\/p>\n<p>2010: Arthur Abrahamsen &#8211;\u00a0Stavanger Sv\u00f8mme Club<\/p>\n<p>2011: Annebeth Tvedten &#8211;\u00a0Stavanger Turnforening<\/p>\n<p>2012: Harald Kambo &#8211;\u00a0Stavanger Skytterlag<\/p>\n<p>2013:\u00a0Jan Inge Hegreberg &#8211; Stavanger Sykleklubb<\/p>\n<p>2014: Arne Johnsen &#8211; Viking H\u00e5ndballklubb<\/p>\n<p>2015: May Brit Harestad Osaland &#8211; Tasta Turn<\/p>\n<p>2016: Victor \u00d8vregaard &#8211; IL Skjalg<\/p>\n<p>2017: Kjell Sivertsen &#8211; Seiken Karateklubb<\/p>\n<p>2018: Rolf Inge Sotland &#8211; Stavanger Fallskjermklubb<\/p>\n<p>2019: Thor Dagfinn Flikkerud &#8211; Stavanger Sandnes Sk\u00f8yteklubb<\/p>\n<p>2020: Egil Bokn &#8211; Stavanger Karateklubb<\/p>\n","protected":false},"excerpt":{"rendered":"<p>Com este pr\u00e9mio, queremos homenagear uma pessoa que fa\u00e7a um grande esfor\u00e7o em prol do desporto desde h\u00e1 v\u00e1rios anos. &nbsp; Antigos premiados de Ildsjelprisen: CLIQUE AQUI PARA NOMEAR UM CANDIDATO Prazo de inscri\u00e7\u00e3o: 30 de novembro &nbsp; As seguintes diretrizes aplicam-se ao Pr\u00e9mio de Iniciativa do Clube: \u2013 O pr\u00e9mio \u00e9 concedido a uma [&hellip;]<\/p>\n","protected":false},"author":1,"featured_media":0,"parent":0,"menu_order":0,"comment_status":"closed","ping_status":"closed","template":"","meta":{"site-sidebar-layout":"default","site-content-layout":"default","ast-site-content-layout":"default","site-content-style":"default","site-sidebar-style":"default","ast-global-header-display":"","ast-banner-title-visibility":"","ast-main-header-display":"","ast-hfb-above-header-display":"","ast-hfb-below-header-display":"","ast-hfb-mobile-header-display":"","site-post-title":"","ast-breadcrumbs-content":"","ast-featured-img":"","footer-sml-layout":"","ast-disable-related-posts":"","theme-transparent-header-meta":"default","adv-header-id-meta":"","stick-header-meta":"default","header-above-stick-meta":"","header-main-stick-meta":"","header-below-stick-meta":"","astra-migrate-meta-layouts":"default","ast-page-background-enabled":"default","ast-page-background-meta":{"desktop":{"background-color":"","background-image":"","background-repeat":"repeat","background-position":"center center","background-size":"auto","background-attachment":"scroll","background-type":"","background-media":"","overlay-type":"","overlay-color":"","overlay-opacity":"","overlay-gradient":""},"tablet":{"background-color":"","background-image":"","background-repeat":"repeat","background-position":"center center","background-size":"auto","background-attachment":"scroll","background-type":"","background-media":"","overlay-type":"","overlay-color":"","overlay-opacity":"","overlay-gradient":""},"mobile":{"background-color":"","background-image":"","background-repeat":"repeat","background-position":"center center","background-size":"auto","background-attachment":"scroll","background-type":"","background-media":"","overlay-type":"","overlay-color":"","overlay-opacity":"","overlay-gradient":""}},"ast-content-background-meta":{"desktop":{"background-color":"var(--ast-global-color-5)","background-image":"","background-repeat":"repeat","background-position":"center center","background-size":"auto","background-attachment":"scroll","background-type":"","background-media":"","overlay-type":"","overlay-color":"","overlay-opacity":"","overlay-gradient":""},"tablet":{"background-color":"var(--ast-global-color-5)","background-image":"","background-repeat":"repeat","background-position":"center center","background-size":"auto","background-attachment":"scroll","background-type":"","background-media":"","overlay-type":"","overlay-color":"","overlay-opacity":"","overlay-gradient":""},"mobile":{"background-color":"var(--ast-global-color-5)","background-image":"","background-repeat":"repeat","background-position":"center center","background-size":"auto","background-attachment":"scroll","background-type":"","background-media":"","overlay-type":"","overlay-color":"","overlay-opacity":"","overlay-gradient":""}},"footnotes":""},"class_list":["post-11722","page","type-page","status-publish","hentry"],"yoast_head":"<!-- This site is optimized with the Yoast SEO plugin v27.4 - https:\/\/yoast.com\/product\/yoast-seo-wordpress\/ -->\n<title>Pr\u00e9mio de iniciativa do clube (Ildsjelprisen) - Idrettsr\u00e5det Stavanger<\/title>\n<meta name=\"robots\" content=\"index, follow, max-snippet:-1, max-image-preview:large, max-video-preview:-1\" \/>\n<link rel=\"canonical\" href=\"https:\/\/idrettsraadet.no\/pt-br\/premio-de-iniciativa-do-clube-ildsjelprisen\/\" \/>\n<meta property=\"og:locale\" content=\"pt_BR\" \/>\n<meta property=\"og:type\" content=\"article\" \/>\n<meta property=\"og:title\" content=\"Pr\u00e9mio de iniciativa do clube (Ildsjelprisen) - Idrettsr\u00e5det Stavanger\" \/>\n<meta property=\"og:description\" content=\"Com este pr\u00e9mio, queremos homenagear uma pessoa que fa\u00e7a um grande esfor\u00e7o em prol do desporto desde h\u00e1 v\u00e1rios anos. &nbsp; Antigos premiados de Ildsjelprisen: CLIQUE AQUI PARA NOMEAR UM CANDIDATO Prazo de inscri\u00e7\u00e3o: 30 de novembro &nbsp; As seguintes diretrizes aplicam-se ao Pr\u00e9mio de Iniciativa do Clube: \u2013 O pr\u00e9mio \u00e9 concedido a uma [&hellip;]\" \/>\n<meta property=\"og:url\" content=\"https:\/\/idrettsraadet.no\/pt-br\/premio-de-iniciativa-do-clube-ildsjelprisen\/\" \/>\n<meta property=\"og:site_name\" content=\"Idrettsr\u00e5det Stavanger\" \/>\n<meta property=\"og:image\" content=\"https:\/\/idrettsraadet.no\/wp-content\/uploads\/2019\/01\/IMG_00901.jpg\" \/>\n<meta name=\"twitter:card\" content=\"summary_large_image\" \/>\n<meta name=\"twitter:label1\" content=\"Est. tempo de leitura\" \/>\n\t<meta name=\"twitter:data1\" content=\"2 minutos\" \/>\n<script type=\"application\/ld+json\" class=\"yoast-schema-graph\">{\"@context\":\"https:\\\/\\\/schema.org\",\"@graph\":[{\"@type\":\"WebPage\",\"@id\":\"https:\\\/\\\/idrettsraadet.no\\\/pt-br\\\/premio-de-iniciativa-do-clube-ildsjelprisen\\\/\",\"url\":\"https:\\\/\\\/idrettsraadet.no\\\/pt-br\\\/premio-de-iniciativa-do-clube-ildsjelprisen\\\/\",\"name\":\"Pr\u00e9mio de iniciativa do clube (Ildsjelprisen) - Idrettsr\u00e5det Stavanger\",\"isPartOf\":{\"@id\":\"https:\\\/\\\/idrettsraadet.no\\\/bn\\\/#website\"},\"primaryImageOfPage\":{\"@id\":\"https:\\\/\\\/idrettsraadet.no\\\/pt-br\\\/premio-de-iniciativa-do-clube-ildsjelprisen\\\/#primaryimage\"},\"image\":{\"@id\":\"https:\\\/\\\/idrettsraadet.no\\\/pt-br\\\/premio-de-iniciativa-do-clube-ildsjelprisen\\\/#primaryimage\"},\"thumbnailUrl\":\"https:\\\/\\\/idrettsraadet.no\\\/wp-content\\\/uploads\\\/2019\\\/01\\\/IMG_00901.jpg\",\"datePublished\":\"2020-01-03T19:26:39+00:00\",\"breadcrumb\":{\"@id\":\"https:\\\/\\\/idrettsraadet.no\\\/pt-br\\\/premio-de-iniciativa-do-clube-ildsjelprisen\\\/#breadcrumb\"},\"inLanguage\":\"pt-BR\",\"potentialAction\":[{\"@type\":\"ReadAction\",\"target\":[\"https:\\\/\\\/idrettsraadet.no\\\/pt-br\\\/premio-de-iniciativa-do-clube-ildsjelprisen\\\/\"]}]},{\"@type\":\"ImageObject\",\"inLanguage\":\"pt-BR\",\"@id\":\"https:\\\/\\\/idrettsraadet.no\\\/pt-br\\\/premio-de-iniciativa-do-clube-ildsjelprisen\\\/#primaryimage\",\"url\":\"https:\\\/\\\/idrettsraadet.no\\\/wp-content\\\/uploads\\\/2019\\\/01\\\/IMG_00901.jpg\",\"contentUrl\":\"https:\\\/\\\/idrettsraadet.no\\\/wp-content\\\/uploads\\\/2019\\\/01\\\/IMG_00901.jpg\"},{\"@type\":\"BreadcrumbList\",\"@id\":\"https:\\\/\\\/idrettsraadet.no\\\/pt-br\\\/premio-de-iniciativa-do-clube-ildsjelprisen\\\/#breadcrumb\",\"itemListElement\":[{\"@type\":\"ListItem\",\"position\":1,\"name\":\"Hjem\",\"item\":\"https:\\\/\\\/idrettsraadet.no\\\/pt-br\\\/\"},{\"@type\":\"ListItem\",\"position\":2,\"name\":\"Pr\u00e9mio de iniciativa do clube (Ildsjelprisen)\"}]},{\"@type\":\"WebSite\",\"@id\":\"https:\\\/\\\/idrettsraadet.no\\\/bn\\\/#website\",\"url\":\"https:\\\/\\\/idrettsraadet.no\\\/bn\\\/\",\"name\":\"Idrettsr\u00e5det Stavanger\",\"description\":\"Idrett for alle.\",\"publisher\":{\"@id\":\"https:\\\/\\\/idrettsraadet.no\\\/bn\\\/#organization\"},\"potentialAction\":[{\"@type\":\"SearchAction\",\"target\":{\"@type\":\"EntryPoint\",\"urlTemplate\":\"https:\\\/\\\/idrettsraadet.no\\\/bn\\\/?s={search_term_string}\"},\"query-input\":{\"@type\":\"PropertyValueSpecification\",\"valueRequired\":true,\"valueName\":\"search_term_string\"}}],\"inLanguage\":\"pt-BR\"},{\"@type\":\"Organization\",\"@id\":\"https:\\\/\\\/idrettsraadet.no\\\/bn\\\/#organization\",\"name\":\"Stavanger Idrettsr\u00e5d\",\"url\":\"https:\\\/\\\/idrettsraadet.no\\\/bn\\\/\",\"logo\":{\"@type\":\"ImageObject\",\"inLanguage\":\"pt-BR\",\"@id\":\"https:\\\/\\\/idrettsraadet.no\\\/bn\\\/#\\\/schema\\\/logo\\\/image\\\/\",\"url\":\"https:\\\/\\\/idrettsraadet.no\\\/wp-content\\\/uploads\\\/2016\\\/06\\\/logo.png\",\"contentUrl\":\"https:\\\/\\\/idrettsraadet.no\\\/wp-content\\\/uploads\\\/2016\\\/06\\\/logo.png\",\"width\":149,\"height\":48,\"caption\":\"Stavanger Idrettsr\u00e5d\"},\"image\":{\"@id\":\"https:\\\/\\\/idrettsraadet.no\\\/bn\\\/#\\\/schema\\\/logo\\\/image\\\/\"}}]}<\/script>\n<!-- \/ Yoast SEO plugin. -->","yoast_head_json":{"title":"Pr\u00e9mio de iniciativa do clube (Ildsjelprisen) - Idrettsr\u00e5det Stavanger","robots":{"index":"index","follow":"follow","max-snippet":"max-snippet:-1","max-image-preview":"max-image-preview:large","max-video-preview":"max-video-preview:-1"},"canonical":"https:\/\/idrettsraadet.no\/pt-br\/premio-de-iniciativa-do-clube-ildsjelprisen\/","og_locale":"pt_BR","og_type":"article","og_title":"Pr\u00e9mio de iniciativa do clube (Ildsjelprisen) - Idrettsr\u00e5det Stavanger","og_description":"Com este pr\u00e9mio, queremos homenagear uma pessoa que fa\u00e7a um grande esfor\u00e7o em prol do desporto desde h\u00e1 v\u00e1rios anos. &nbsp; Antigos premiados de Ildsjelprisen: CLIQUE AQUI PARA NOMEAR UM CANDIDATO Prazo de inscri\u00e7\u00e3o: 30 de novembro &nbsp; As seguintes diretrizes aplicam-se ao Pr\u00e9mio de Iniciativa do Clube: \u2013 O pr\u00e9mio \u00e9 concedido a uma [&hellip;]","og_url":"https:\/\/idrettsraadet.no\/pt-br\/premio-de-iniciativa-do-clube-ildsjelprisen\/","og_site_name":"Idrettsr\u00e5det Stavanger","og_image":[{"url":"https:\/\/idrettsraadet.no\/wp-content\/uploads\/2019\/01\/IMG_00901.jpg","type":"","width":"","height":""}],"twitter_card":"summary_large_image","twitter_misc":{"Est. tempo de leitura":"2 minutos"},"schema":{"@context":"https:\/\/schema.org","@graph":[{"@type":"WebPage","@id":"https:\/\/idrettsraadet.no\/pt-br\/premio-de-iniciativa-do-clube-ildsjelprisen\/","url":"https:\/\/idrettsraadet.no\/pt-br\/premio-de-iniciativa-do-clube-ildsjelprisen\/","name":"Pr\u00e9mio de iniciativa do clube (Ildsjelprisen) - Idrettsr\u00e5det Stavanger","isPartOf":{"@id":"https:\/\/idrettsraadet.no\/bn\/#website"},"primaryImageOfPage":{"@id":"https:\/\/idrettsraadet.no\/pt-br\/premio-de-iniciativa-do-clube-ildsjelprisen\/#primaryimage"},"image":{"@id":"https:\/\/idrettsraadet.no\/pt-br\/premio-de-iniciativa-do-clube-ildsjelprisen\/#primaryimage"},"thumbnailUrl":"https:\/\/idrettsraadet.no\/wp-content\/uploads\/2019\/01\/IMG_00901.jpg","datePublished":"2020-01-03T19:26:39+00:00","breadcrumb":{"@id":"https:\/\/idrettsraadet.no\/pt-br\/premio-de-iniciativa-do-clube-ildsjelprisen\/#breadcrumb"},"inLanguage":"pt-BR","potentialAction":[{"@type":"ReadAction","target":["https:\/\/idrettsraadet.no\/pt-br\/premio-de-iniciativa-do-clube-ildsjelprisen\/"]}]},{"@type":"ImageObject","inLanguage":"pt-BR","@id":"https:\/\/idrettsraadet.no\/pt-br\/premio-de-iniciativa-do-clube-ildsjelprisen\/#primaryimage","url":"https:\/\/idrettsraadet.no\/wp-content\/uploads\/2019\/01\/IMG_00901.jpg","contentUrl":"https:\/\/idrettsraadet.no\/wp-content\/uploads\/2019\/01\/IMG_00901.jpg"},{"@type":"BreadcrumbList","@id":"https:\/\/idrettsraadet.no\/pt-br\/premio-de-iniciativa-do-clube-ildsjelprisen\/#breadcrumb","itemListElement":[{"@type":"ListItem","position":1,"name":"Hjem","item":"https:\/\/idrettsraadet.no\/pt-br\/"},{"@type":"ListItem","position":2,"name":"Pr\u00e9mio de iniciativa do clube (Ildsjelprisen)"}]},{"@type":"WebSite","@id":"https:\/\/idrettsraadet.no\/bn\/#website","url":"https:\/\/idrettsraadet.no\/bn\/","name":"Idrettsr\u00e5det Stavanger","description":"Idrett for alle.","publisher":{"@id":"https:\/\/idrettsraadet.no\/bn\/#organization"},"potentialAction":[{"@type":"SearchAction","target":{"@type":"EntryPoint","urlTemplate":"https:\/\/idrettsraadet.no\/bn\/?s={search_term_string}"},"query-input":{"@type":"PropertyValueSpecification","valueRequired":true,"valueName":"search_term_string"}}],"inLanguage":"pt-BR"},{"@type":"Organization","@id":"https:\/\/idrettsraadet.no\/bn\/#organization","name":"Stavanger Idrettsr\u00e5d","url":"https:\/\/idrettsraadet.no\/bn\/","logo":{"@type":"ImageObject","inLanguage":"pt-BR","@id":"https:\/\/idrettsraadet.no\/bn\/#\/schema\/logo\/image\/","url":"https:\/\/idrettsraadet.no\/wp-content\/uploads\/2016\/06\/logo.png","contentUrl":"https:\/\/idrettsraadet.no\/wp-content\/uploads\/2016\/06\/logo.png","width":149,"height":48,"caption":"Stavanger Idrettsr\u00e5d"},"image":{"@id":"https:\/\/idrettsraadet.no\/bn\/#\/schema\/logo\/image\/"}}]}},"_links":{"self":[{"href":"https:\/\/idrettsraadet.no\/pt-br\/wp-json\/wp\/v2\/pages\/11722","targetHints":{"allow":["GET"]}}],"collection":[{"href":"https:\/\/idrettsraadet.no\/pt-br\/wp-json\/wp\/v2\/pages"}],"about":[{"href":"https:\/\/idrettsraadet.no\/pt-br\/wp-json\/wp\/v2\/types\/page"}],"author":[{"embeddable":true,"href":"https:\/\/idrettsraadet.no\/pt-br\/wp-json\/wp\/v2\/users\/1"}],"replies":[{"embeddable":true,"href":"https:\/\/idrettsraadet.no\/pt-br\/wp-json\/wp\/v2\/comments?post=11722"}],"version-history":[{"count":0,"href":"https:\/\/idrettsraadet.no\/pt-br\/wp-json\/wp\/v2\/pages\/11722\/revisions"}],"wp:attachment":[{"href":"https:\/\/idrettsraadet.no\/pt-br\/wp-json\/wp\/v2\/media?parent=11722"}],"curies":[{"name":"wp","href":"https:\/\/api.w.org\/{rel}","templated":true}]}}