{"id":11723,"date":"2020-01-03T20:34:37","date_gmt":"2020-01-03T19:34:37","guid":{"rendered":"https:\/\/idrettsraadet.no\/idrett\/"},"modified":"2025-01-22T14:11:16","modified_gmt":"2025-01-22T13:11:16","slug":"idrett","status":"publish","type":"page","link":"https:\/\/idrettsraadet.no\/pt-br\/informacao\/idrett\/","title":{"rendered":"Idrett+"},"content":{"rendered":"\t\t<div data-elementor-type=\"wp-page\" data-elementor-id=\"11723\" class=\"elementor elementor-11723 elementor-426\" data-elementor-post-type=\"page\">\n\t\t\t\t\t\t<section class=\"elementor-section elementor-top-section elementor-element elementor-element-4432362f elementor-section-boxed elementor-section-height-default elementor-section-height-default\" data-id=\"4432362f\" data-element_type=\"section\" data-e-type=\"section\">\n\t\t\t\t\t\t<div class=\"elementor-container elementor-column-gap-default\">\n\t\t\t\t\t<div class=\"elementor-column elementor-col-100 elementor-top-column elementor-element elementor-element-476acd8\" data-id=\"476acd8\" data-element_type=\"column\" data-e-type=\"column\">\n\t\t\t<div class=\"elementor-widget-wrap elementor-element-populated\">\n\t\t\t\t\t\t<div class=\"elementor-element elementor-element-2f328645 elementor-widget elementor-widget-text-editor\" data-id=\"2f328645\" data-element_type=\"widget\" data-e-type=\"widget\" data-widget_type=\"text-editor.default\">\n\t\t\t\t<div class=\"elementor-widget-container\">\n\t\t\t\t\t\t\t\t\t<h4><strong>Desde 2002 que a Idrett+ (Sport+) trabalha a favor das crian\u00e7as e dos jovens com necessidades especiais. Este trabalho tornou-se uma parte importante da dedica\u00e7\u00e3o do Conselho Desportivo para alcan\u00e7ar o objetivo do \u201cDesporto para todos\u201d. O Conselho Desportivo presta aux\u00edlio na compet\u00eancia\/acompanhamento profissional e tem subs\u00eddios financeiros para as equipas desportivas que podem e que fazem esfor\u00e7os extras direcionados para os grupos-alvo.<\/strong><\/h4>\n<p><\/p>\n<h5>Objetivo principal<\/h5>\n<p>Proporcionar \u00e0s crian\u00e7as e jovens com necessidades especiais apoio\/assist\u00eancia atrav\u00e9s de uma oferta real de atividades desportivas<\/p>\n<ul>\n<li>Grupos-alvo<\/li>\n<li>crian\u00e7as e jovens inativos<\/li>\n<li>crian\u00e7as e jovens com comportamentos indesej\u00e1veis<\/li>\n<li>pessoas com antecedentes imigrantes, especialmente raparigas<\/li>\n<li>pessoas com defici\u00eancia (crian\u00e7as\/jovens e adultos) que necessitam de acompanhamento adicional<\/li>\n<li>pessoas com problemas salariais\/barreiras financeiras para participarem em atividades desportivas<\/li><\/ul>\n<h3>&nbsp;<\/h3>\n<h5>Iniciativas individuais<\/h5>\n<p>As equipas desportivas t\u00eam a oportunidade de trabalhar com diferentes iniciativas orientadas para os grupos-alvo. Existem iniciativas espec\u00edficas, como Idrett &amp; Utfordring, destinadas a pessoas nomeadas e iniciativas abertas a todos, por exemplo, Sala Aberta.<\/p>\n<p>Exemplos de iniciativas s\u00e3o:<\/p>\n<ul>\n<li>Treinador para necessidades especiais: pessoa respons\u00e1vel pela facilita\u00e7\u00e3o de indiv\u00edduos com necessidades especiais<\/li>\n<li>eventos de rede<\/li>\n<li>noites tem\u00e1ticas com temas Sport+<\/li>\n<li>iniciativas orientadas para raparigas imigrantes<\/li>\n<li>grupos de imigrantes<\/li>\n<li>atividade para pessoas com defici\u00eancia<\/li>\n<li>facilita\u00e7\u00e3o dos desfavorecidos financeiramente<\/li><\/ul>\n<h3>&nbsp;<\/h3>\n<h5>Organiza\u00e7\u00e3o<\/h5>\n<p>O Idrettsr\u00e5det (Conselho Desportivo) \u00e9 respons\u00e1vel pelo trabalho da Idrett+ em Stavanger e vai iniciar e dirigir equipas desportivas no trabalho, mas \u00e9 a pr\u00f3pria equipa desportiva que deve encontrar a sua forma e as medidas que v\u00ea como as mais adequadas dentro da estrutura e crit\u00e9rios estabelecidos.<br>Foram constru\u00eddas v\u00e1rias redes de compet\u00eancia\/experi\u00eancia no trabalho, das quais as equipas desportivas podem beneficiar tanto a n\u00edvel local como nacional.<\/p>\n<h5>Financiamento<\/h5>\n<p>O esquema \u00e9 financiado pelo Munic\u00edpio de Stavanger, o Minist\u00e9rio da Cultura atrav\u00e9s do Comit\u00e9 Ol\u00edmpico e Paral\u00edmpico da Noruega e da Confedera\u00e7\u00e3o do Desporto e pelos fundos pr\u00f3prios do desporto que s\u00e3o usados pelo conselho desportivo e pela equipa desportiva. Existem orienta\u00e7\u00f5es e crit\u00e9rios padr\u00e3o sobre como Idrettsr\u00e5det deve avaliar as v\u00e1rias iniciativas com esfor\u00e7os concretos.<\/p>\n<p><\/p>\n<p><img fetchpriority=\"high\" decoding=\"async\" class=\"wp-image-1574 size-full\" src=\"http:\/\/109.199.118.79\/~rekylweb\/clients\/idrettsraadet.no\/wp-content\/uploads\/2016\/08\/innvandrerjenter.jpg\" width=\"612\" height=\"373\" srcset=\"https:\/\/idrettsraadet.no\/wp-content\/uploads\/2016\/08\/innvandrerjenter.jpg 612w, https:\/\/idrettsraadet.no\/wp-content\/uploads\/2016\/08\/innvandrerjenter-300x183.jpg 300w\" sizes=\"(max-width: 612px) 100vw, 612px\" \/><\/p>\n<h3>&nbsp;<\/h3>\n<h3>Contacte-nos<\/h3>\n<p>O seu clube quer iniciar uma iniciativa? Contacte-nos para obter mais informa\u00e7\u00e3o, diretamente ou atrav\u00e9s dos formul\u00e1rios abaixo. As equipas e os clubes desportivos que queiram tornar-se &#8220;grandes&#8221; no trabalho da &#8220;Idrett+&#8221; devem contactar-nos durante a fase de planeamento, dado que podemos auxiliar com aconselhamento e facilita\u00e7\u00e3o. A equipa desportiva pode conseguir financiamento se estiver disposta a fazer o suficiente na Idrett+.<\/p>\n<p>O que significa ser parte de uma equipa desportiva na Noruega?<\/p>\n<p>Aqui pode encontrar a brochura&nbsp;<a href=\"https:\/\/www.idrettsforbundet.no\/idrettskretser\/oslo-idrettskrets\/idrettslag1\/bli-med\/\">\u201dBli med\u201d em 9 idiomas diferentes<\/a>. Isto oferece \u00e0s pessoas de outros pa\u00edses e culturas uma vis\u00e3o sobre como \u00e9 fazer parte de uma equipa desportiva na Noruega (a n\u00edvel de direitos, deveres, expetativas, etc.).<\/p>\n<p><\/p>\n<h3>Equipas desportivas que contribuem\/contribu\u00edram para a Idrett+<\/h3>\n<p>Bratte Rogalands Venner, Brodd IL, Cross Bowlingklubb, Dingo Bokseklubb, Eng\u00f8yholmen Ro &amp; R\u00e5seillag, Frisinn SK, Friskis &amp; Svettis, Glad Trim Internasjonal, Hafrsfjord Pistolklubb, Ishockeyklubben Stavanger, Hillev\u00e5g Turnforening, Hinna FK, Hinna H\u00e5ndball, Hundv\u00e5g FK, Hundv\u00e5g HK, KFUM, Madla IL, Madla Sv\u00f8mmeklubb, Nord-J\u00e6ren Sportsdanseklubb, Revheim Rugbyklubb, Rogaland Rideklubb, IL Skjalg, Ishockeyklubben Stavanger,&nbsp;Stavanger Badmintonklubb, Stavanger Baseball\/Softballklubb, Stavanger Basketballklubb, Stavanger Beachvolleyballklubb, Stavanger Bordtennisklubb, Stavanger Bowlingklubb, Stavanger Bueskyttere, Stavanger Capoeiraklubb, Stavanger Danseklubb, Stavanger Fekteklubb, Stavanger Golfklubb, Stavanger Innebandyklubb, Stavanger IF Fotball, Stavanger Ishockeyklubb,&nbsp;Stavanger Judoklubb, Stavanger Ju Jitsu Klubb, Stavanger JuShinkan Aikido,&nbsp;Stavanger Kajakklubb, Stavanger Karateklubb, Stavanger Kunstl\u00f8pklubb, Stavanger Miniatyrskytterlag, Stavanger Orienteringsklubb, Stavanger Pistolklubb, Stavanger Roklub, Stavanger Rugbyklubb, Stavanger Seilforening, Stavanger Skytterlag, Stavanger Styrkel\u00f8ftklubb, Stavanger Sv\u00f8mme Club, Stavanger Taekwon-do Klubb, Stavanger Tennisklubb, Stavanger Turnforening, Stavanger Undervannsgruppe, Stavanger Vektl\u00f8fterklubb, Storhaug Rideklubb, Sunde Innebandyklubb, Svithun Biljardklubb, S\u00f8r-Vest Kendoklubb, Tasta Turn, Tasta IL, Tastavarden HK, Uburhedleren Fjellsportlag, Vardeneset BK, FK Vidar, Viking FK, Viking HK, Viking Hockeyklubb.<\/p>\n<p>*Contacte-nos se a sua equipa contribuiu e n\u00e3o \u00e9 aqui mencionada<\/p>\n<h4>Formul\u00e1rio de candidatura<\/h4>\n<p>As candidaturas a subven\u00e7\u00f5es est\u00e3o abertas durante todo o ano.<\/p>\n<p><a href=\"https:\/\/response.questback.com\/isa\/qbv.dll\/ShowQuest?QuestID=5248559&amp;sid=LNWe5vM7Iv\">CLIQUE AQUI PARA SE CANDIDATAR<\/a><\/p>\n<p><a href=\"https:\/\/response.questback.com\/isa\/qbv.dll\/ShowQuest?QuestID=5248559&amp;sid=LNWe5vM7Iv\"><img decoding=\"async\" class=\"alignnone wp-image-11311\" src=\"https:\/\/idrettsraadet.no\/wp-content\/uploads\/2019\/02\/trykkher.jpg\" alt=\"\" width=\"396\" height=\"49\" srcset=\"https:\/\/idrettsraadet.no\/wp-content\/uploads\/2019\/02\/trykkher.jpg 880w, https:\/\/idrettsraadet.no\/wp-content\/uploads\/2019\/02\/trykkher-300x37.jpg 300w, https:\/\/idrettsraadet.no\/wp-content\/uploads\/2019\/02\/trykkher-768x95.jpg 768w\" sizes=\"(max-width: 396px) 100vw, 396px\" \/><\/a><\/p>\t\t\t\t\t\t\t\t<\/div>\n\t\t\t\t<\/div>\n\t\t\t\t\t<\/div>\n\t\t<\/div>\n\t\t\t\t\t<\/div>\n\t\t<\/section>\n\t\t\t\t<\/div>\n\t\t","protected":false},"excerpt":{"rendered":"<p>Desde 2002 que a Idrett+ (Sport+) trabalha a favor das crian\u00e7as e dos jovens com necessidades especiais. Este trabalho tornou-se uma parte importante da dedica\u00e7\u00e3o do Conselho Desportivo para alcan\u00e7ar o objetivo do \u201cDesporto para todos\u201d. O Conselho Desportivo presta aux\u00edlio na compet\u00eancia\/acompanhamento profissional e tem subs\u00eddios financeiros para as equipas desportivas que podem e [&hellip;]<\/p>\n","protected":false},"author":1,"featured_media":0,"parent":11724,"menu_order":0,"comment_status":"closed","ping_status":"closed","template":"","meta":{"site-sidebar-layout":"default","site-content-layout":"default","ast-site-content-layout":"default","site-content-style":"default","site-sidebar-style":"default","ast-global-header-display":"","ast-banner-title-visibility":"","ast-main-header-display":"","ast-hfb-above-header-display":"","ast-hfb-below-header-display":"","ast-hfb-mobile-header-display":"","site-post-title":"","ast-breadcrumbs-content":"","ast-featured-img":"","footer-sml-layout":"","ast-disable-related-posts":"","theme-transparent-header-meta":"default","adv-header-id-meta":"","stick-header-meta":"default","header-above-stick-meta":"","header-main-stick-meta":"","header-below-stick-meta":"","astra-migrate-meta-layouts":"default","ast-page-background-enabled":"default","ast-page-background-meta":{"desktop":{"background-color":"","background-image":"","background-repeat":"repeat","background-position":"center center","background-size":"auto","background-attachment":"scroll","background-type":"","background-media":"","overlay-type":"","overlay-color":"","overlay-opacity":"","overlay-gradient":""},"tablet":{"background-color":"","background-image":"","background-repeat":"repeat","background-position":"center center","background-size":"auto","background-attachment":"scroll","background-type":"","background-media":"","overlay-type":"","overlay-color":"","overlay-opacity":"","overlay-gradient":""},"mobile":{"background-color":"","background-image":"","background-repeat":"repeat","background-position":"center center","background-size":"auto","background-attachment":"scroll","background-type":"","background-media":"","overlay-type":"","overlay-color":"","overlay-opacity":"","overlay-gradient":""}},"ast-content-background-meta":{"desktop":{"background-color":"var(--ast-global-color-5)","background-image":"","background-repeat":"repeat","background-position":"center center","background-size":"auto","background-attachment":"scroll","background-type":"","background-media":"","overlay-type":"","overlay-color":"","overlay-opacity":"","overlay-gradient":""},"tablet":{"background-color":"var(--ast-global-color-5)","background-image":"","background-repeat":"repeat","background-position":"center center","background-size":"auto","background-attachment":"scroll","background-type":"","background-media":"","overlay-type":"","overlay-color":"","overlay-opacity":"","overlay-gradient":""},"mobile":{"background-color":"var(--ast-global-color-5)","background-image":"","background-repeat":"repeat","background-position":"center center","background-size":"auto","background-attachment":"scroll","background-type":"","background-media":"","overlay-type":"","overlay-color":"","overlay-opacity":"","overlay-gradient":""}},"footnotes":""},"class_list":["post-11723","page","type-page","status-publish","hentry"],"yoast_head":"<!-- This site is optimized with the Yoast SEO plugin v27.4 - https:\/\/yoast.com\/product\/yoast-seo-wordpress\/ -->\n<title>Idrett+ - Idrettsr\u00e5det Stavanger<\/title>\n<meta name=\"robots\" content=\"index, follow, max-snippet:-1, max-image-preview:large, max-video-preview:-1\" \/>\n<link rel=\"canonical\" href=\"https:\/\/idrettsraadet.no\/pt-br\/informacao\/idrett\/\" \/>\n<meta property=\"og:locale\" content=\"pt_BR\" \/>\n<meta property=\"og:type\" content=\"article\" \/>\n<meta property=\"og:title\" content=\"Idrett+ - Idrettsr\u00e5det Stavanger\" \/>\n<meta property=\"og:description\" content=\"Desde 2002 que a Idrett+ (Sport+) trabalha a favor das crian\u00e7as e dos jovens com necessidades especiais. Este trabalho tornou-se uma parte importante da dedica\u00e7\u00e3o do Conselho Desportivo para alcan\u00e7ar o objetivo do \u201cDesporto para todos\u201d. O Conselho Desportivo presta aux\u00edlio na compet\u00eancia\/acompanhamento profissional e tem subs\u00eddios financeiros para as equipas desportivas que podem e [&hellip;]\" \/>\n<meta property=\"og:url\" content=\"https:\/\/idrettsraadet.no\/pt-br\/informacao\/idrett\/\" \/>\n<meta property=\"og:site_name\" content=\"Idrettsr\u00e5det Stavanger\" \/>\n<meta property=\"article:modified_time\" content=\"2025-01-22T13:11:16+00:00\" \/>\n<meta property=\"og:image\" content=\"https:\/\/idrettsraadet.no\/wp-content\/uploads\/2016\/08\/innvandrerjenter.jpg\" \/>\n\t<meta property=\"og:image:width\" content=\"612\" \/>\n\t<meta property=\"og:image:height\" content=\"373\" \/>\n\t<meta property=\"og:image:type\" content=\"image\/jpeg\" \/>\n<meta name=\"twitter:card\" content=\"summary_large_image\" \/>\n<meta name=\"twitter:label1\" content=\"Est. tempo de leitura\" \/>\n\t<meta name=\"twitter:data1\" content=\"4 minutos\" \/>\n<script type=\"application\/ld+json\" class=\"yoast-schema-graph\">{\"@context\":\"https:\\\/\\\/schema.org\",\"@graph\":[{\"@type\":\"WebPage\",\"@id\":\"https:\\\/\\\/idrettsraadet.no\\\/pt-br\\\/informacao\\\/idrett\\\/\",\"url\":\"https:\\\/\\\/idrettsraadet.no\\\/pt-br\\\/informacao\\\/idrett\\\/\",\"name\":\"Idrett+ - Idrettsr\u00e5det Stavanger\",\"isPartOf\":{\"@id\":\"https:\\\/\\\/idrettsraadet.no\\\/bn\\\/#website\"},\"primaryImageOfPage\":{\"@id\":\"https:\\\/\\\/idrettsraadet.no\\\/pt-br\\\/informacao\\\/idrett\\\/#primaryimage\"},\"image\":{\"@id\":\"https:\\\/\\\/idrettsraadet.no\\\/pt-br\\\/informacao\\\/idrett\\\/#primaryimage\"},\"thumbnailUrl\":\"http:\\\/\\\/109.199.118.79\\\/~rekylweb\\\/clients\\\/idrettsraadet.no\\\/wp-content\\\/uploads\\\/2016\\\/08\\\/innvandrerjenter.jpg\",\"datePublished\":\"2020-01-03T19:34:37+00:00\",\"dateModified\":\"2025-01-22T13:11:16+00:00\",\"breadcrumb\":{\"@id\":\"https:\\\/\\\/idrettsraadet.no\\\/pt-br\\\/informacao\\\/idrett\\\/#breadcrumb\"},\"inLanguage\":\"pt-BR\",\"potentialAction\":[{\"@type\":\"ReadAction\",\"target\":[\"https:\\\/\\\/idrettsraadet.no\\\/pt-br\\\/informacao\\\/idrett\\\/\"]}]},{\"@type\":\"ImageObject\",\"inLanguage\":\"pt-BR\",\"@id\":\"https:\\\/\\\/idrettsraadet.no\\\/pt-br\\\/informacao\\\/idrett\\\/#primaryimage\",\"url\":\"http:\\\/\\\/109.199.118.79\\\/~rekylweb\\\/clients\\\/idrettsraadet.no\\\/wp-content\\\/uploads\\\/2016\\\/08\\\/innvandrerjenter.jpg\",\"contentUrl\":\"http:\\\/\\\/109.199.118.79\\\/~rekylweb\\\/clients\\\/idrettsraadet.no\\\/wp-content\\\/uploads\\\/2016\\\/08\\\/innvandrerjenter.jpg\"},{\"@type\":\"BreadcrumbList\",\"@id\":\"https:\\\/\\\/idrettsraadet.no\\\/pt-br\\\/informacao\\\/idrett\\\/#breadcrumb\",\"itemListElement\":[{\"@type\":\"ListItem\",\"position\":1,\"name\":\"Hjem\",\"item\":\"https:\\\/\\\/idrettsraadet.no\\\/pt-br\\\/\"},{\"@type\":\"ListItem\",\"position\":2,\"name\":\"Privado: Informa\u00e7\u00e3o\",\"item\":\"https:\\\/\\\/idrettsraadet.no\\\/pt-br\\\/?page_id=11724\"},{\"@type\":\"ListItem\",\"position\":3,\"name\":\"Idrett+\"}]},{\"@type\":\"WebSite\",\"@id\":\"https:\\\/\\\/idrettsraadet.no\\\/bn\\\/#website\",\"url\":\"https:\\\/\\\/idrettsraadet.no\\\/bn\\\/\",\"name\":\"Idrettsr\u00e5det Stavanger\",\"description\":\"Idrett for alle.\",\"publisher\":{\"@id\":\"https:\\\/\\\/idrettsraadet.no\\\/bn\\\/#organization\"},\"potentialAction\":[{\"@type\":\"SearchAction\",\"target\":{\"@type\":\"EntryPoint\",\"urlTemplate\":\"https:\\\/\\\/idrettsraadet.no\\\/bn\\\/?s={search_term_string}\"},\"query-input\":{\"@type\":\"PropertyValueSpecification\",\"valueRequired\":true,\"valueName\":\"search_term_string\"}}],\"inLanguage\":\"pt-BR\"},{\"@type\":\"Organization\",\"@id\":\"https:\\\/\\\/idrettsraadet.no\\\/bn\\\/#organization\",\"name\":\"Stavanger Idrettsr\u00e5d\",\"url\":\"https:\\\/\\\/idrettsraadet.no\\\/bn\\\/\",\"logo\":{\"@type\":\"ImageObject\",\"inLanguage\":\"pt-BR\",\"@id\":\"https:\\\/\\\/idrettsraadet.no\\\/bn\\\/#\\\/schema\\\/logo\\\/image\\\/\",\"url\":\"https:\\\/\\\/idrettsraadet.no\\\/wp-content\\\/uploads\\\/2016\\\/06\\\/logo.png\",\"contentUrl\":\"https:\\\/\\\/idrettsraadet.no\\\/wp-content\\\/uploads\\\/2016\\\/06\\\/logo.png\",\"width\":149,\"height\":48,\"caption\":\"Stavanger Idrettsr\u00e5d\"},\"image\":{\"@id\":\"https:\\\/\\\/idrettsraadet.no\\\/bn\\\/#\\\/schema\\\/logo\\\/image\\\/\"}}]}<\/script>\n<!-- \/ Yoast SEO plugin. -->","yoast_head_json":{"title":"Idrett+ - Idrettsr\u00e5det Stavanger","robots":{"index":"index","follow":"follow","max-snippet":"max-snippet:-1","max-image-preview":"max-image-preview:large","max-video-preview":"max-video-preview:-1"},"canonical":"https:\/\/idrettsraadet.no\/pt-br\/informacao\/idrett\/","og_locale":"pt_BR","og_type":"article","og_title":"Idrett+ - Idrettsr\u00e5det Stavanger","og_description":"Desde 2002 que a Idrett+ (Sport+) trabalha a favor das crian\u00e7as e dos jovens com necessidades especiais. Este trabalho tornou-se uma parte importante da dedica\u00e7\u00e3o do Conselho Desportivo para alcan\u00e7ar o objetivo do \u201cDesporto para todos\u201d. O Conselho Desportivo presta aux\u00edlio na compet\u00eancia\/acompanhamento profissional e tem subs\u00eddios financeiros para as equipas desportivas que podem e [&hellip;]","og_url":"https:\/\/idrettsraadet.no\/pt-br\/informacao\/idrett\/","og_site_name":"Idrettsr\u00e5det Stavanger","article_modified_time":"2025-01-22T13:11:16+00:00","og_image":[{"width":612,"height":373,"url":"https:\/\/idrettsraadet.no\/wp-content\/uploads\/2016\/08\/innvandrerjenter.jpg","type":"image\/jpeg"}],"twitter_card":"summary_large_image","twitter_misc":{"Est. tempo de leitura":"4 minutos"},"schema":{"@context":"https:\/\/schema.org","@graph":[{"@type":"WebPage","@id":"https:\/\/idrettsraadet.no\/pt-br\/informacao\/idrett\/","url":"https:\/\/idrettsraadet.no\/pt-br\/informacao\/idrett\/","name":"Idrett+ - Idrettsr\u00e5det Stavanger","isPartOf":{"@id":"https:\/\/idrettsraadet.no\/bn\/#website"},"primaryImageOfPage":{"@id":"https:\/\/idrettsraadet.no\/pt-br\/informacao\/idrett\/#primaryimage"},"image":{"@id":"https:\/\/idrettsraadet.no\/pt-br\/informacao\/idrett\/#primaryimage"},"thumbnailUrl":"http:\/\/109.199.118.79\/~rekylweb\/clients\/idrettsraadet.no\/wp-content\/uploads\/2016\/08\/innvandrerjenter.jpg","datePublished":"2020-01-03T19:34:37+00:00","dateModified":"2025-01-22T13:11:16+00:00","breadcrumb":{"@id":"https:\/\/idrettsraadet.no\/pt-br\/informacao\/idrett\/#breadcrumb"},"inLanguage":"pt-BR","potentialAction":[{"@type":"ReadAction","target":["https:\/\/idrettsraadet.no\/pt-br\/informacao\/idrett\/"]}]},{"@type":"ImageObject","inLanguage":"pt-BR","@id":"https:\/\/idrettsraadet.no\/pt-br\/informacao\/idrett\/#primaryimage","url":"http:\/\/109.199.118.79\/~rekylweb\/clients\/idrettsraadet.no\/wp-content\/uploads\/2016\/08\/innvandrerjenter.jpg","contentUrl":"http:\/\/109.199.118.79\/~rekylweb\/clients\/idrettsraadet.no\/wp-content\/uploads\/2016\/08\/innvandrerjenter.jpg"},{"@type":"BreadcrumbList","@id":"https:\/\/idrettsraadet.no\/pt-br\/informacao\/idrett\/#breadcrumb","itemListElement":[{"@type":"ListItem","position":1,"name":"Hjem","item":"https:\/\/idrettsraadet.no\/pt-br\/"},{"@type":"ListItem","position":2,"name":"Privado: Informa\u00e7\u00e3o","item":"https:\/\/idrettsraadet.no\/pt-br\/?page_id=11724"},{"@type":"ListItem","position":3,"name":"Idrett+"}]},{"@type":"WebSite","@id":"https:\/\/idrettsraadet.no\/bn\/#website","url":"https:\/\/idrettsraadet.no\/bn\/","name":"Idrettsr\u00e5det Stavanger","description":"Idrett for alle.","publisher":{"@id":"https:\/\/idrettsraadet.no\/bn\/#organization"},"potentialAction":[{"@type":"SearchAction","target":{"@type":"EntryPoint","urlTemplate":"https:\/\/idrettsraadet.no\/bn\/?s={search_term_string}"},"query-input":{"@type":"PropertyValueSpecification","valueRequired":true,"valueName":"search_term_string"}}],"inLanguage":"pt-BR"},{"@type":"Organization","@id":"https:\/\/idrettsraadet.no\/bn\/#organization","name":"Stavanger Idrettsr\u00e5d","url":"https:\/\/idrettsraadet.no\/bn\/","logo":{"@type":"ImageObject","inLanguage":"pt-BR","@id":"https:\/\/idrettsraadet.no\/bn\/#\/schema\/logo\/image\/","url":"https:\/\/idrettsraadet.no\/wp-content\/uploads\/2016\/06\/logo.png","contentUrl":"https:\/\/idrettsraadet.no\/wp-content\/uploads\/2016\/06\/logo.png","width":149,"height":48,"caption":"Stavanger Idrettsr\u00e5d"},"image":{"@id":"https:\/\/idrettsraadet.no\/bn\/#\/schema\/logo\/image\/"}}]}},"_links":{"self":[{"href":"https:\/\/idrettsraadet.no\/pt-br\/wp-json\/wp\/v2\/pages\/11723","targetHints":{"allow":["GET"]}}],"collection":[{"href":"https:\/\/idrettsraadet.no\/pt-br\/wp-json\/wp\/v2\/pages"}],"about":[{"href":"https:\/\/idrettsraadet.no\/pt-br\/wp-json\/wp\/v2\/types\/page"}],"author":[{"embeddable":true,"href":"https:\/\/idrettsraadet.no\/pt-br\/wp-json\/wp\/v2\/users\/1"}],"replies":[{"embeddable":true,"href":"https:\/\/idrettsraadet.no\/pt-br\/wp-json\/wp\/v2\/comments?post=11723"}],"version-history":[{"count":3,"href":"https:\/\/idrettsraadet.no\/pt-br\/wp-json\/wp\/v2\/pages\/11723\/revisions"}],"predecessor-version":[{"id":30971,"href":"https:\/\/idrettsraadet.no\/pt-br\/wp-json\/wp\/v2\/pages\/11723\/revisions\/30971"}],"up":[{"embeddable":true,"href":"https:\/\/idrettsraadet.no\/pt-br\/wp-json\/wp\/v2\/pages\/11724"}],"wp:attachment":[{"href":"https:\/\/idrettsraadet.no\/pt-br\/wp-json\/wp\/v2\/media?parent=11723"}],"curies":[{"name":"wp","href":"https:\/\/api.w.org\/{rel}","templated":true}]}}