{"id":11727,"date":"2020-01-03T20:40:41","date_gmt":"2020-01-03T19:40:41","guid":{"rendered":"https:\/\/idrettsraadet.no\/informacao\/clubes-desportivos\/novo-clube-desportivo\/"},"modified":"2020-01-03T20:40:41","modified_gmt":"2020-01-03T19:40:41","slug":"novo-clube-desportivo","status":"publish","type":"page","link":"https:\/\/idrettsraadet.no\/pt-br\/informacao\/clubes-desportivos\/novo-clube-desportivo\/","title":{"rendered":"Novo clube desportivo"},"content":{"rendered":"<h3>Caso esteja a pensar dar in\u00edcio a uma nova equipa desportiva ou reativar uma equipa desportiva sem atividade desde h\u00e1 algum tempo, esta p\u00e1gina visa apoiar esse trabalho. Aqui poder\u00e1 encontrar os formul\u00e1rios corretos, bem como algumas dicas no processo.<\/h3>\n<p>&nbsp;<\/p>\n<p>O primeiro que pode fazer \u00e9 transferir estes dois formul\u00e1rios:<\/p>\n<p>\u2013\u00a0<a href=\"http:\/\/109.199.118.79\/~rekylweb\/clients\/idrettsraadet.no\/wp-content\/uploads\/2016\/06\/Lovnorm_for_IL__.doc\">Normas estatut\u00e1rias para equipas desportivas<\/a><br \/>\n<a href=\"https:\/\/www.idrettsforbundet.no\/klubbguiden\/stiftelse-og-opptak-av-idrettslag\/\">\u2013 Candidatura \u00e0 ades\u00e3o\/readmiss\u00e3o no Comit\u00e9 Ol\u00edmpico e Paral\u00edmpico e Confedera\u00e7\u00e3o dos Desportos da Noruega<\/a><\/p>\n<p>Nestes dois formul\u00e1rios, pode encontrar a informa\u00e7\u00e3o mais relevante. A informa\u00e7\u00e3o adicional nesta p\u00e1gina \u00e9 recolhida destes formul\u00e1rios.<\/p>\n<h5>Reuni\u00e3o de constitui\u00e7\u00e3o:<\/h5>\n<p>A pessoa que quiser ficar \u00e0 frente de uma nova equipa desportiva nomeia, entre os interessados, um comit\u00e9 que prepara as convocat\u00f3rias a uma reuni\u00e3o de constitui\u00e7\u00e3o.<br \/>\nPara a reuni\u00e3o de constitui\u00e7\u00e3o, \u00e9 criada uma lista de trabalhos que inclui:<br \/>\n\u2013 Abertura e informa\u00e7\u00e3o sobre os antecedentes da reuni\u00e3o.<br \/>\n\u2013 Os desportos que a equipa ir\u00e1 praticar.<br \/>\n\u2013 A decis\u00e3o de criar uma equipa desportiva.<br \/>\n\u2013 O nome da equipa.<br \/>\n\u2013 A elei\u00e7\u00e3o dos representantes de acordo com a lei.<\/p>\n<h5>Nome:<\/h5>\n<p>\u2013 mostrar que h\u00e1 uma associa\u00e7\u00e3o entre o nome e a equipa\/clube que o utiliza<br \/>\n\u2013 ser noruegu\u00eas, tamb\u00e9m pode derivar da mitologia<br \/>\n\u2013 nomes estrangeiros podem ser aprovados em casos de exce\u00e7\u00e3o para desportos em que a terminologia estrangeira seja comum<br \/>\n\u2013 de prefer\u00eancia, contenha uma refer\u00eancia \u00e0 localidade\/\u00e1rea\/munic\u00edpio<br \/>\n&#8211; Se a equipa, pelo seu nome, mostrar que abrange mais munic\u00edpios, deve definir qual \u00e9 o munic\u00edpio de origem (contacte o comit\u00e9 de participa\u00e7\u00e3o, etc.)<br \/>\n\u2013 ser relativamente curto\/simples\/significativo<br \/>\n\u2013 fornecer uma estrutura cred\u00edvel e f\u00e1cil de entender em torno da equipa<\/p>\n<h5>N\u00fameros de participa\u00e7\u00f5es \u00e0 data de in\u00edcio:<\/h5>\n<p>Para que uma equipa desportiva seja registada, ou reativada, deve ter no m\u00ednimo 12 a 15 membros. Este \u00e9 o n\u00famero m\u00ednimo absoluto de membros quando se trata de novas equipas desportivas.<\/p>\n<p>Os formul\u00e1rios acima s\u00e3o preenchidos e enviados para Rogaland Idrettskrets (Rogaland Sports District). O endere\u00e7o postal e o endere\u00e7o de e-mail podem ser encontrados no formul\u00e1rio de inscri\u00e7\u00e3o. O Rogaland Sports District obt\u00e9m declara\u00e7\u00f5es das federa\u00e7\u00f5es nacionais atuais, bem como do conselho desportivo do munic\u00edpio ao qual a equipa pertence. Se estas inst\u00e2ncias apoiarem o estabelecimento, a equipa ser\u00e1 admitida no NIF.<\/p>\n","protected":false},"excerpt":{"rendered":"<p>Caso esteja a pensar dar in\u00edcio a uma nova equipa desportiva ou reativar uma equipa desportiva sem atividade desde h\u00e1 algum tempo, esta p\u00e1gina visa apoiar esse trabalho. Aqui poder\u00e1 encontrar os formul\u00e1rios corretos, bem como algumas dicas no processo. &nbsp; O primeiro que pode fazer \u00e9 transferir estes dois formul\u00e1rios: \u2013\u00a0Normas estatut\u00e1rias para equipas [&hellip;]<\/p>\n","protected":false},"author":1,"featured_media":0,"parent":11725,"menu_order":0,"comment_status":"closed","ping_status":"closed","template":"","meta":{"site-sidebar-layout":"default","site-content-layout":"default","ast-site-content-layout":"default","site-content-style":"default","site-sidebar-style":"default","ast-global-header-display":"","ast-banner-title-visibility":"","ast-main-header-display":"","ast-hfb-above-header-display":"","ast-hfb-below-header-display":"","ast-hfb-mobile-header-display":"","site-post-title":"","ast-breadcrumbs-content":"","ast-featured-img":"","footer-sml-layout":"","ast-disable-related-posts":"","theme-transparent-header-meta":"default","adv-header-id-meta":"","stick-header-meta":"default","header-above-stick-meta":"","header-main-stick-meta":"","header-below-stick-meta":"","astra-migrate-meta-layouts":"default","ast-page-background-enabled":"default","ast-page-background-meta":{"desktop":{"background-color":"","background-image":"","background-repeat":"repeat","background-position":"center center","background-size":"auto","background-attachment":"scroll","background-type":"","background-media":"","overlay-type":"","overlay-color":"","overlay-opacity":"","overlay-gradient":""},"tablet":{"background-color":"","background-image":"","background-repeat":"repeat","background-position":"center center","background-size":"auto","background-attachment":"scroll","background-type":"","background-media":"","overlay-type":"","overlay-color":"","overlay-opacity":"","overlay-gradient":""},"mobile":{"background-color":"","background-image":"","background-repeat":"repeat","background-position":"center center","background-size":"auto","background-attachment":"scroll","background-type":"","background-media":"","overlay-type":"","overlay-color":"","overlay-opacity":"","overlay-gradient":""}},"ast-content-background-meta":{"desktop":{"background-color":"var(--ast-global-color-5)","background-image":"","background-repeat":"repeat","background-position":"center center","background-size":"auto","background-attachment":"scroll","background-type":"","background-media":"","overlay-type":"","overlay-color":"","overlay-opacity":"","overlay-gradient":""},"tablet":{"background-color":"var(--ast-global-color-5)","background-image":"","background-repeat":"repeat","background-position":"center center","background-size":"auto","background-attachment":"scroll","background-type":"","background-media":"","overlay-type":"","overlay-color":"","overlay-opacity":"","overlay-gradient":""},"mobile":{"background-color":"var(--ast-global-color-5)","background-image":"","background-repeat":"repeat","background-position":"center center","background-size":"auto","background-attachment":"scroll","background-type":"","background-media":"","overlay-type":"","overlay-color":"","overlay-opacity":"","overlay-gradient":""}},"footnotes":""},"class_list":["post-11727","page","type-page","status-publish","hentry"],"yoast_head":"<!-- This site is optimized with the Yoast SEO plugin v27.3 - https:\/\/yoast.com\/product\/yoast-seo-wordpress\/ -->\n<title>Novo clube desportivo - Idrettsr\u00e5det Stavanger<\/title>\n<meta name=\"robots\" content=\"index, follow, max-snippet:-1, max-image-preview:large, max-video-preview:-1\" \/>\n<link rel=\"canonical\" href=\"https:\/\/idrettsraadet.no\/pt-br\/informacao\/clubes-desportivos\/novo-clube-desportivo\/\" \/>\n<meta property=\"og:locale\" content=\"pt_BR\" \/>\n<meta property=\"og:type\" content=\"article\" \/>\n<meta property=\"og:title\" content=\"Novo clube desportivo - Idrettsr\u00e5det Stavanger\" \/>\n<meta property=\"og:description\" content=\"Caso esteja a pensar dar in\u00edcio a uma nova equipa desportiva ou reativar uma equipa desportiva sem atividade desde h\u00e1 algum tempo, esta p\u00e1gina visa apoiar esse trabalho. Aqui poder\u00e1 encontrar os formul\u00e1rios corretos, bem como algumas dicas no processo. &nbsp; O primeiro que pode fazer \u00e9 transferir estes dois formul\u00e1rios: \u2013\u00a0Normas estatut\u00e1rias para equipas [&hellip;]\" \/>\n<meta property=\"og:url\" content=\"https:\/\/idrettsraadet.no\/pt-br\/informacao\/clubes-desportivos\/novo-clube-desportivo\/\" \/>\n<meta property=\"og:site_name\" content=\"Idrettsr\u00e5det Stavanger\" \/>\n<meta name=\"twitter:card\" content=\"summary_large_image\" \/>\n<meta name=\"twitter:label1\" content=\"Est. tempo de leitura\" \/>\n\t<meta name=\"twitter:data1\" content=\"2 minutos\" \/>\n<script type=\"application\/ld+json\" class=\"yoast-schema-graph\">{\"@context\":\"https:\\\/\\\/schema.org\",\"@graph\":[{\"@type\":\"WebPage\",\"@id\":\"https:\\\/\\\/idrettsraadet.no\\\/pt-br\\\/informacao\\\/clubes-desportivos\\\/novo-clube-desportivo\\\/\",\"url\":\"https:\\\/\\\/idrettsraadet.no\\\/pt-br\\\/informacao\\\/clubes-desportivos\\\/novo-clube-desportivo\\\/\",\"name\":\"Novo clube desportivo - Idrettsr\u00e5det Stavanger\",\"isPartOf\":{\"@id\":\"https:\\\/\\\/idrettsraadet.no\\\/bn\\\/#website\"},\"datePublished\":\"2020-01-03T19:40:41+00:00\",\"breadcrumb\":{\"@id\":\"https:\\\/\\\/idrettsraadet.no\\\/pt-br\\\/informacao\\\/clubes-desportivos\\\/novo-clube-desportivo\\\/#breadcrumb\"},\"inLanguage\":\"pt-BR\",\"potentialAction\":[{\"@type\":\"ReadAction\",\"target\":[\"https:\\\/\\\/idrettsraadet.no\\\/pt-br\\\/informacao\\\/clubes-desportivos\\\/novo-clube-desportivo\\\/\"]}]},{\"@type\":\"BreadcrumbList\",\"@id\":\"https:\\\/\\\/idrettsraadet.no\\\/pt-br\\\/informacao\\\/clubes-desportivos\\\/novo-clube-desportivo\\\/#breadcrumb\",\"itemListElement\":[{\"@type\":\"ListItem\",\"position\":1,\"name\":\"Hjem\",\"item\":\"https:\\\/\\\/idrettsraadet.no\\\/pt-br\\\/\"},{\"@type\":\"ListItem\",\"position\":2,\"name\":\"Privado: Informa\u00e7\u00e3o\",\"item\":\"https:\\\/\\\/idrettsraadet.no\\\/pt-br\\\/?page_id=11724\"},{\"@type\":\"ListItem\",\"position\":3,\"name\":\"Clubes desportivos\",\"item\":\"https:\\\/\\\/idrettsraadet.no\\\/pt-br\\\/informacao\\\/clubes-desportivos\\\/\"},{\"@type\":\"ListItem\",\"position\":4,\"name\":\"Novo clube desportivo\"}]},{\"@type\":\"WebSite\",\"@id\":\"https:\\\/\\\/idrettsraadet.no\\\/bn\\\/#website\",\"url\":\"https:\\\/\\\/idrettsraadet.no\\\/bn\\\/\",\"name\":\"Idrettsr\u00e5det Stavanger\",\"description\":\"Idrett for alle.\",\"publisher\":{\"@id\":\"https:\\\/\\\/idrettsraadet.no\\\/bn\\\/#organization\"},\"potentialAction\":[{\"@type\":\"SearchAction\",\"target\":{\"@type\":\"EntryPoint\",\"urlTemplate\":\"https:\\\/\\\/idrettsraadet.no\\\/bn\\\/?s={search_term_string}\"},\"query-input\":{\"@type\":\"PropertyValueSpecification\",\"valueRequired\":true,\"valueName\":\"search_term_string\"}}],\"inLanguage\":\"pt-BR\"},{\"@type\":\"Organization\",\"@id\":\"https:\\\/\\\/idrettsraadet.no\\\/bn\\\/#organization\",\"name\":\"Stavanger Idrettsr\u00e5d\",\"url\":\"https:\\\/\\\/idrettsraadet.no\\\/bn\\\/\",\"logo\":{\"@type\":\"ImageObject\",\"inLanguage\":\"pt-BR\",\"@id\":\"https:\\\/\\\/idrettsraadet.no\\\/bn\\\/#\\\/schema\\\/logo\\\/image\\\/\",\"url\":\"https:\\\/\\\/idrettsraadet.no\\\/wp-content\\\/uploads\\\/2016\\\/06\\\/logo.png\",\"contentUrl\":\"https:\\\/\\\/idrettsraadet.no\\\/wp-content\\\/uploads\\\/2016\\\/06\\\/logo.png\",\"width\":149,\"height\":48,\"caption\":\"Stavanger Idrettsr\u00e5d\"},\"image\":{\"@id\":\"https:\\\/\\\/idrettsraadet.no\\\/bn\\\/#\\\/schema\\\/logo\\\/image\\\/\"}}]}<\/script>\n<!-- \/ Yoast SEO plugin. -->","yoast_head_json":{"title":"Novo clube desportivo - Idrettsr\u00e5det Stavanger","robots":{"index":"index","follow":"follow","max-snippet":"max-snippet:-1","max-image-preview":"max-image-preview:large","max-video-preview":"max-video-preview:-1"},"canonical":"https:\/\/idrettsraadet.no\/pt-br\/informacao\/clubes-desportivos\/novo-clube-desportivo\/","og_locale":"pt_BR","og_type":"article","og_title":"Novo clube desportivo - Idrettsr\u00e5det Stavanger","og_description":"Caso esteja a pensar dar in\u00edcio a uma nova equipa desportiva ou reativar uma equipa desportiva sem atividade desde h\u00e1 algum tempo, esta p\u00e1gina visa apoiar esse trabalho. Aqui poder\u00e1 encontrar os formul\u00e1rios corretos, bem como algumas dicas no processo. &nbsp; O primeiro que pode fazer \u00e9 transferir estes dois formul\u00e1rios: \u2013\u00a0Normas estatut\u00e1rias para equipas [&hellip;]","og_url":"https:\/\/idrettsraadet.no\/pt-br\/informacao\/clubes-desportivos\/novo-clube-desportivo\/","og_site_name":"Idrettsr\u00e5det Stavanger","twitter_card":"summary_large_image","twitter_misc":{"Est. tempo de leitura":"2 minutos"},"schema":{"@context":"https:\/\/schema.org","@graph":[{"@type":"WebPage","@id":"https:\/\/idrettsraadet.no\/pt-br\/informacao\/clubes-desportivos\/novo-clube-desportivo\/","url":"https:\/\/idrettsraadet.no\/pt-br\/informacao\/clubes-desportivos\/novo-clube-desportivo\/","name":"Novo clube desportivo - Idrettsr\u00e5det Stavanger","isPartOf":{"@id":"https:\/\/idrettsraadet.no\/bn\/#website"},"datePublished":"2020-01-03T19:40:41+00:00","breadcrumb":{"@id":"https:\/\/idrettsraadet.no\/pt-br\/informacao\/clubes-desportivos\/novo-clube-desportivo\/#breadcrumb"},"inLanguage":"pt-BR","potentialAction":[{"@type":"ReadAction","target":["https:\/\/idrettsraadet.no\/pt-br\/informacao\/clubes-desportivos\/novo-clube-desportivo\/"]}]},{"@type":"BreadcrumbList","@id":"https:\/\/idrettsraadet.no\/pt-br\/informacao\/clubes-desportivos\/novo-clube-desportivo\/#breadcrumb","itemListElement":[{"@type":"ListItem","position":1,"name":"Hjem","item":"https:\/\/idrettsraadet.no\/pt-br\/"},{"@type":"ListItem","position":2,"name":"Privado: Informa\u00e7\u00e3o","item":"https:\/\/idrettsraadet.no\/pt-br\/?page_id=11724"},{"@type":"ListItem","position":3,"name":"Clubes desportivos","item":"https:\/\/idrettsraadet.no\/pt-br\/informacao\/clubes-desportivos\/"},{"@type":"ListItem","position":4,"name":"Novo clube desportivo"}]},{"@type":"WebSite","@id":"https:\/\/idrettsraadet.no\/bn\/#website","url":"https:\/\/idrettsraadet.no\/bn\/","name":"Idrettsr\u00e5det Stavanger","description":"Idrett for alle.","publisher":{"@id":"https:\/\/idrettsraadet.no\/bn\/#organization"},"potentialAction":[{"@type":"SearchAction","target":{"@type":"EntryPoint","urlTemplate":"https:\/\/idrettsraadet.no\/bn\/?s={search_term_string}"},"query-input":{"@type":"PropertyValueSpecification","valueRequired":true,"valueName":"search_term_string"}}],"inLanguage":"pt-BR"},{"@type":"Organization","@id":"https:\/\/idrettsraadet.no\/bn\/#organization","name":"Stavanger Idrettsr\u00e5d","url":"https:\/\/idrettsraadet.no\/bn\/","logo":{"@type":"ImageObject","inLanguage":"pt-BR","@id":"https:\/\/idrettsraadet.no\/bn\/#\/schema\/logo\/image\/","url":"https:\/\/idrettsraadet.no\/wp-content\/uploads\/2016\/06\/logo.png","contentUrl":"https:\/\/idrettsraadet.no\/wp-content\/uploads\/2016\/06\/logo.png","width":149,"height":48,"caption":"Stavanger Idrettsr\u00e5d"},"image":{"@id":"https:\/\/idrettsraadet.no\/bn\/#\/schema\/logo\/image\/"}}]}},"_links":{"self":[{"href":"https:\/\/idrettsraadet.no\/pt-br\/wp-json\/wp\/v2\/pages\/11727","targetHints":{"allow":["GET"]}}],"collection":[{"href":"https:\/\/idrettsraadet.no\/pt-br\/wp-json\/wp\/v2\/pages"}],"about":[{"href":"https:\/\/idrettsraadet.no\/pt-br\/wp-json\/wp\/v2\/types\/page"}],"author":[{"embeddable":true,"href":"https:\/\/idrettsraadet.no\/pt-br\/wp-json\/wp\/v2\/users\/1"}],"replies":[{"embeddable":true,"href":"https:\/\/idrettsraadet.no\/pt-br\/wp-json\/wp\/v2\/comments?post=11727"}],"version-history":[{"count":0,"href":"https:\/\/idrettsraadet.no\/pt-br\/wp-json\/wp\/v2\/pages\/11727\/revisions"}],"up":[{"embeddable":true,"href":"https:\/\/idrettsraadet.no\/pt-br\/wp-json\/wp\/v2\/pages\/11725"}],"wp:attachment":[{"href":"https:\/\/idrettsraadet.no\/pt-br\/wp-json\/wp\/v2\/media?parent=11727"}],"curies":[{"name":"wp","href":"https:\/\/api.w.org\/{rel}","templated":true}]}}