{"id":11728,"date":"2020-01-03T20:49:37","date_gmt":"2020-01-03T19:49:37","guid":{"rendered":"https:\/\/idrettsraadet.no\/informacao\/clubes-desportivos\/datas-importantes\/"},"modified":"2020-01-03T20:49:37","modified_gmt":"2020-01-03T19:49:37","slug":"datas-importantes","status":"publish","type":"page","link":"https:\/\/idrettsraadet.no\/pt-br\/informacao\/clubes-desportivos\/datas-importantes\/","title":{"rendered":"Datas importantes"},"content":{"rendered":"<p>Aqui pode encontrar uma vis\u00e3o geral das datas importantes a serem lembradas.<\/p>\n<table width=\"100%\">\n<tbody>\n<tr>\n<td style=\"text-align: center;\">Prazo de candidatura<\/td>\n<td style=\"text-align: center;\">Candidatura a&#8230;<\/td>\n<td style=\"text-align: center;\">Destinat\u00e1rio da candidatura<\/td>\n<\/tr>\n<tr>\n<td>1 de fevereiro<\/td>\n<td>Eventos, instala\u00e7\u00f5es municipais exteriores<\/td>\n<td>Munic\u00edpio de Stavanger<\/td>\n<\/tr>\n<tr>\n<td>1 de mar\u00e7o<\/td>\n<td>Horas e eventos de treino, instala\u00e7\u00f5es municipais interiores<\/td>\n<td>Munic\u00edpio de Stavanger<\/td>\n<\/tr>\n<tr>\n<td>1 de mar\u00e7o<\/td>\n<td>Pavilh\u00f5es desportivos e de nata\u00e7\u00e3o no ver\u00e3o<\/td>\n<td>Munic\u00edpio de Stavanger<\/td>\n<\/tr>\n<tr>\n<td>15 de mar\u00e7o<\/td>\n<td>Subven\u00e7\u00e3o para instala\u00e7\u00f5es<\/td>\n<td>Munic\u00edpio de Stavanger<\/td>\n<\/tr>\n<tr>\n<td>Meio de mar\u00e7o<\/td>\n<td>Reuni\u00e3o anual, Conselho Desportivo<\/td>\n<td><\/td>\n<\/tr>\n<tr>\n<td>1 de abril a 1 de novembro<\/td>\n<td>Candidatura a apoio para grande evento desportivo (m\u00ednimo, campeonato nacional na Noruega)<\/td>\n<td>Munic\u00edpio de Stavanger<\/td>\n<\/tr>\n<tr>\n<td>5 de abril<\/td>\n<td>Subven\u00e7\u00f5es municipais (subs\u00eddio de opera\u00e7\u00e3o, subven\u00e7\u00e3o desportiva)<\/td>\n<td>Conselho Desportivo<\/td>\n<\/tr>\n<tr>\n<td>5 de abril<\/td>\n<td>Lokale Aktivitetsmidler (Financiamento para o desporto local) (candidatura autom\u00e1tica atrav\u00e9s da candidatura ao subs\u00eddio de opera\u00e7\u00e3o)<\/td>\n<td>Conselho Desportivo<\/td>\n<\/tr>\n<tr>\n<td><\/td>\n<td><\/td>\n<td><\/td>\n<\/tr>\n<tr>\n<td>30 de abril<\/td>\n<td>Comunica\u00e7\u00e3o coordenada ao Comit\u00e9 Ol\u00edmpico e Paral\u00edmpico e \u00e0 Confedera\u00e7\u00e3o dos Despostos da Noruega (anteriormente conhecida como \u201cidrettsregistrering\u201d)<\/td>\n<td>NIF<\/td>\n<\/tr>\n<tr>\n<td>1 de novembro<\/td>\n<td>Atribui\u00e7\u00e3o de fundos de lotaria<\/td>\n<td>Munic\u00edpio de Stavanger<\/td>\n<\/tr>\n<tr>\n<td>1 de novembro<\/td>\n<td>Horas de treino em instala\u00e7\u00f5es municipais exteriores<\/td>\n<td>Conselho Desportivo<\/td>\n<\/tr>\n<tr>\n<td>1 de novembro<\/td>\n<td>Candidatura a apoio para grande evento desportivo (m\u00ednimo, campeonato nacional na Noruega)<\/td>\n<td>Munic\u00edpio de Stavanger<\/td>\n<\/tr>\n<tr>\n<td>1 de novembro (a cada 2 anos)<\/td>\n<td>Vendas e direitos publicit\u00e1rios em instala\u00e7\u00f5es municipais<\/td>\n<td>Munic\u00edpio de Stavanger<\/td>\n<\/tr>\n<tr>\n<td>15 de novembro<\/td>\n<td>Nomea\u00e7\u00e3o de candidatos ao Pr\u00e9mio de Iniciativa do Clube<\/td>\n<td>Conselho Desportivo<\/td>\n<\/tr>\n<tr>\n<td>1 de dezembro<\/td>\n<td>Comunica\u00e7\u00e3o de campe\u00f5es noruegueses e internacionais. Atribu\u00eddo no dia de Ano Novo<\/td>\n<td>Munic\u00edpio de Stavanger<\/td>\n<\/tr>\n<tr>\n<td>19 de dezembro<\/td>\n<td>Subven\u00e7\u00f5es para cargo administrativo em equipas desportivas com departamentos infantis e juvenis<\/td>\n<td>Munic\u00edpio de Stavanger<\/td>\n<\/tr>\n<\/tbody>\n<\/table>\n","protected":false},"excerpt":{"rendered":"<p>Aqui pode encontrar uma vis\u00e3o geral das datas importantes a serem lembradas. Prazo de candidatura Candidatura a&#8230; Destinat\u00e1rio da candidatura 1 de fevereiro Eventos, instala\u00e7\u00f5es municipais exteriores Munic\u00edpio de Stavanger 1 de mar\u00e7o Horas e eventos de treino, instala\u00e7\u00f5es municipais interiores Munic\u00edpio de Stavanger 1 de mar\u00e7o Pavilh\u00f5es desportivos e de nata\u00e7\u00e3o no ver\u00e3o Munic\u00edpio [&hellip;]<\/p>\n","protected":false},"author":1,"featured_media":0,"parent":11725,"menu_order":0,"comment_status":"closed","ping_status":"closed","template":"","meta":{"site-sidebar-layout":"default","site-content-layout":"default","ast-site-content-layout":"default","site-content-style":"default","site-sidebar-style":"default","ast-global-header-display":"","ast-banner-title-visibility":"","ast-main-header-display":"","ast-hfb-above-header-display":"","ast-hfb-below-header-display":"","ast-hfb-mobile-header-display":"","site-post-title":"","ast-breadcrumbs-content":"","ast-featured-img":"","footer-sml-layout":"","ast-disable-related-posts":"","theme-transparent-header-meta":"default","adv-header-id-meta":"","stick-header-meta":"default","header-above-stick-meta":"","header-main-stick-meta":"","header-below-stick-meta":"","astra-migrate-meta-layouts":"default","ast-page-background-enabled":"default","ast-page-background-meta":{"desktop":{"background-color":"","background-image":"","background-repeat":"repeat","background-position":"center center","background-size":"auto","background-attachment":"scroll","background-type":"","background-media":"","overlay-type":"","overlay-color":"","overlay-opacity":"","overlay-gradient":""},"tablet":{"background-color":"","background-image":"","background-repeat":"repeat","background-position":"center center","background-size":"auto","background-attachment":"scroll","background-type":"","background-media":"","overlay-type":"","overlay-color":"","overlay-opacity":"","overlay-gradient":""},"mobile":{"background-color":"","background-image":"","background-repeat":"repeat","background-position":"center center","background-size":"auto","background-attachment":"scroll","background-type":"","background-media":"","overlay-type":"","overlay-color":"","overlay-opacity":"","overlay-gradient":""}},"ast-content-background-meta":{"desktop":{"background-color":"var(--ast-global-color-5)","background-image":"","background-repeat":"repeat","background-position":"center center","background-size":"auto","background-attachment":"scroll","background-type":"","background-media":"","overlay-type":"","overlay-color":"","overlay-opacity":"","overlay-gradient":""},"tablet":{"background-color":"var(--ast-global-color-5)","background-image":"","background-repeat":"repeat","background-position":"center center","background-size":"auto","background-attachment":"scroll","background-type":"","background-media":"","overlay-type":"","overlay-color":"","overlay-opacity":"","overlay-gradient":""},"mobile":{"background-color":"var(--ast-global-color-5)","background-image":"","background-repeat":"repeat","background-position":"center center","background-size":"auto","background-attachment":"scroll","background-type":"","background-media":"","overlay-type":"","overlay-color":"","overlay-opacity":"","overlay-gradient":""}},"footnotes":""},"class_list":["post-11728","page","type-page","status-publish","hentry"],"yoast_head":"<!-- This site is optimized with the Yoast SEO plugin v27.4 - https:\/\/yoast.com\/product\/yoast-seo-wordpress\/ -->\n<title>Datas importantes - Idrettsr\u00e5det Stavanger<\/title>\n<meta name=\"robots\" content=\"index, follow, max-snippet:-1, max-image-preview:large, max-video-preview:-1\" \/>\n<link rel=\"canonical\" href=\"https:\/\/idrettsraadet.no\/pt-br\/informacao\/clubes-desportivos\/datas-importantes\/\" \/>\n<meta property=\"og:locale\" content=\"pt_BR\" \/>\n<meta property=\"og:type\" content=\"article\" \/>\n<meta property=\"og:title\" content=\"Datas importantes - Idrettsr\u00e5det Stavanger\" \/>\n<meta property=\"og:description\" content=\"Aqui pode encontrar uma vis\u00e3o geral das datas importantes a serem lembradas. Prazo de candidatura Candidatura a&#8230; Destinat\u00e1rio da candidatura 1 de fevereiro Eventos, instala\u00e7\u00f5es municipais exteriores Munic\u00edpio de Stavanger 1 de mar\u00e7o Horas e eventos de treino, instala\u00e7\u00f5es municipais interiores Munic\u00edpio de Stavanger 1 de mar\u00e7o Pavilh\u00f5es desportivos e de nata\u00e7\u00e3o no ver\u00e3o Munic\u00edpio [&hellip;]\" \/>\n<meta property=\"og:url\" content=\"https:\/\/idrettsraadet.no\/pt-br\/informacao\/clubes-desportivos\/datas-importantes\/\" \/>\n<meta property=\"og:site_name\" content=\"Idrettsr\u00e5det Stavanger\" \/>\n<meta name=\"twitter:card\" content=\"summary_large_image\" \/>\n<meta name=\"twitter:label1\" content=\"Est. tempo de leitura\" \/>\n\t<meta name=\"twitter:data1\" content=\"1 minuto\" \/>\n<script type=\"application\/ld+json\" class=\"yoast-schema-graph\">{\"@context\":\"https:\\\/\\\/schema.org\",\"@graph\":[{\"@type\":\"WebPage\",\"@id\":\"https:\\\/\\\/idrettsraadet.no\\\/pt-br\\\/informacao\\\/clubes-desportivos\\\/datas-importantes\\\/\",\"url\":\"https:\\\/\\\/idrettsraadet.no\\\/pt-br\\\/informacao\\\/clubes-desportivos\\\/datas-importantes\\\/\",\"name\":\"Datas importantes - Idrettsr\u00e5det Stavanger\",\"isPartOf\":{\"@id\":\"https:\\\/\\\/idrettsraadet.no\\\/bn\\\/#website\"},\"datePublished\":\"2020-01-03T19:49:37+00:00\",\"breadcrumb\":{\"@id\":\"https:\\\/\\\/idrettsraadet.no\\\/pt-br\\\/informacao\\\/clubes-desportivos\\\/datas-importantes\\\/#breadcrumb\"},\"inLanguage\":\"pt-BR\",\"potentialAction\":[{\"@type\":\"ReadAction\",\"target\":[\"https:\\\/\\\/idrettsraadet.no\\\/pt-br\\\/informacao\\\/clubes-desportivos\\\/datas-importantes\\\/\"]}]},{\"@type\":\"BreadcrumbList\",\"@id\":\"https:\\\/\\\/idrettsraadet.no\\\/pt-br\\\/informacao\\\/clubes-desportivos\\\/datas-importantes\\\/#breadcrumb\",\"itemListElement\":[{\"@type\":\"ListItem\",\"position\":1,\"name\":\"Hjem\",\"item\":\"https:\\\/\\\/idrettsraadet.no\\\/pt-br\\\/\"},{\"@type\":\"ListItem\",\"position\":2,\"name\":\"Privado: Informa\u00e7\u00e3o\",\"item\":\"https:\\\/\\\/idrettsraadet.no\\\/pt-br\\\/?page_id=11724\"},{\"@type\":\"ListItem\",\"position\":3,\"name\":\"Clubes desportivos\",\"item\":\"https:\\\/\\\/idrettsraadet.no\\\/pt-br\\\/informacao\\\/clubes-desportivos\\\/\"},{\"@type\":\"ListItem\",\"position\":4,\"name\":\"Datas importantes\"}]},{\"@type\":\"WebSite\",\"@id\":\"https:\\\/\\\/idrettsraadet.no\\\/bn\\\/#website\",\"url\":\"https:\\\/\\\/idrettsraadet.no\\\/bn\\\/\",\"name\":\"Idrettsr\u00e5det Stavanger\",\"description\":\"Idrett for alle.\",\"publisher\":{\"@id\":\"https:\\\/\\\/idrettsraadet.no\\\/bn\\\/#organization\"},\"potentialAction\":[{\"@type\":\"SearchAction\",\"target\":{\"@type\":\"EntryPoint\",\"urlTemplate\":\"https:\\\/\\\/idrettsraadet.no\\\/bn\\\/?s={search_term_string}\"},\"query-input\":{\"@type\":\"PropertyValueSpecification\",\"valueRequired\":true,\"valueName\":\"search_term_string\"}}],\"inLanguage\":\"pt-BR\"},{\"@type\":\"Organization\",\"@id\":\"https:\\\/\\\/idrettsraadet.no\\\/bn\\\/#organization\",\"name\":\"Stavanger Idrettsr\u00e5d\",\"url\":\"https:\\\/\\\/idrettsraadet.no\\\/bn\\\/\",\"logo\":{\"@type\":\"ImageObject\",\"inLanguage\":\"pt-BR\",\"@id\":\"https:\\\/\\\/idrettsraadet.no\\\/bn\\\/#\\\/schema\\\/logo\\\/image\\\/\",\"url\":\"https:\\\/\\\/idrettsraadet.no\\\/wp-content\\\/uploads\\\/2016\\\/06\\\/logo.png\",\"contentUrl\":\"https:\\\/\\\/idrettsraadet.no\\\/wp-content\\\/uploads\\\/2016\\\/06\\\/logo.png\",\"width\":149,\"height\":48,\"caption\":\"Stavanger Idrettsr\u00e5d\"},\"image\":{\"@id\":\"https:\\\/\\\/idrettsraadet.no\\\/bn\\\/#\\\/schema\\\/logo\\\/image\\\/\"}}]}<\/script>\n<!-- \/ Yoast SEO plugin. -->","yoast_head_json":{"title":"Datas importantes - Idrettsr\u00e5det Stavanger","robots":{"index":"index","follow":"follow","max-snippet":"max-snippet:-1","max-image-preview":"max-image-preview:large","max-video-preview":"max-video-preview:-1"},"canonical":"https:\/\/idrettsraadet.no\/pt-br\/informacao\/clubes-desportivos\/datas-importantes\/","og_locale":"pt_BR","og_type":"article","og_title":"Datas importantes - Idrettsr\u00e5det Stavanger","og_description":"Aqui pode encontrar uma vis\u00e3o geral das datas importantes a serem lembradas. Prazo de candidatura Candidatura a&#8230; Destinat\u00e1rio da candidatura 1 de fevereiro Eventos, instala\u00e7\u00f5es municipais exteriores Munic\u00edpio de Stavanger 1 de mar\u00e7o Horas e eventos de treino, instala\u00e7\u00f5es municipais interiores Munic\u00edpio de Stavanger 1 de mar\u00e7o Pavilh\u00f5es desportivos e de nata\u00e7\u00e3o no ver\u00e3o Munic\u00edpio [&hellip;]","og_url":"https:\/\/idrettsraadet.no\/pt-br\/informacao\/clubes-desportivos\/datas-importantes\/","og_site_name":"Idrettsr\u00e5det Stavanger","twitter_card":"summary_large_image","twitter_misc":{"Est. tempo de leitura":"1 minuto"},"schema":{"@context":"https:\/\/schema.org","@graph":[{"@type":"WebPage","@id":"https:\/\/idrettsraadet.no\/pt-br\/informacao\/clubes-desportivos\/datas-importantes\/","url":"https:\/\/idrettsraadet.no\/pt-br\/informacao\/clubes-desportivos\/datas-importantes\/","name":"Datas importantes - Idrettsr\u00e5det Stavanger","isPartOf":{"@id":"https:\/\/idrettsraadet.no\/bn\/#website"},"datePublished":"2020-01-03T19:49:37+00:00","breadcrumb":{"@id":"https:\/\/idrettsraadet.no\/pt-br\/informacao\/clubes-desportivos\/datas-importantes\/#breadcrumb"},"inLanguage":"pt-BR","potentialAction":[{"@type":"ReadAction","target":["https:\/\/idrettsraadet.no\/pt-br\/informacao\/clubes-desportivos\/datas-importantes\/"]}]},{"@type":"BreadcrumbList","@id":"https:\/\/idrettsraadet.no\/pt-br\/informacao\/clubes-desportivos\/datas-importantes\/#breadcrumb","itemListElement":[{"@type":"ListItem","position":1,"name":"Hjem","item":"https:\/\/idrettsraadet.no\/pt-br\/"},{"@type":"ListItem","position":2,"name":"Privado: Informa\u00e7\u00e3o","item":"https:\/\/idrettsraadet.no\/pt-br\/?page_id=11724"},{"@type":"ListItem","position":3,"name":"Clubes desportivos","item":"https:\/\/idrettsraadet.no\/pt-br\/informacao\/clubes-desportivos\/"},{"@type":"ListItem","position":4,"name":"Datas importantes"}]},{"@type":"WebSite","@id":"https:\/\/idrettsraadet.no\/bn\/#website","url":"https:\/\/idrettsraadet.no\/bn\/","name":"Idrettsr\u00e5det Stavanger","description":"Idrett for alle.","publisher":{"@id":"https:\/\/idrettsraadet.no\/bn\/#organization"},"potentialAction":[{"@type":"SearchAction","target":{"@type":"EntryPoint","urlTemplate":"https:\/\/idrettsraadet.no\/bn\/?s={search_term_string}"},"query-input":{"@type":"PropertyValueSpecification","valueRequired":true,"valueName":"search_term_string"}}],"inLanguage":"pt-BR"},{"@type":"Organization","@id":"https:\/\/idrettsraadet.no\/bn\/#organization","name":"Stavanger Idrettsr\u00e5d","url":"https:\/\/idrettsraadet.no\/bn\/","logo":{"@type":"ImageObject","inLanguage":"pt-BR","@id":"https:\/\/idrettsraadet.no\/bn\/#\/schema\/logo\/image\/","url":"https:\/\/idrettsraadet.no\/wp-content\/uploads\/2016\/06\/logo.png","contentUrl":"https:\/\/idrettsraadet.no\/wp-content\/uploads\/2016\/06\/logo.png","width":149,"height":48,"caption":"Stavanger Idrettsr\u00e5d"},"image":{"@id":"https:\/\/idrettsraadet.no\/bn\/#\/schema\/logo\/image\/"}}]}},"_links":{"self":[{"href":"https:\/\/idrettsraadet.no\/pt-br\/wp-json\/wp\/v2\/pages\/11728","targetHints":{"allow":["GET"]}}],"collection":[{"href":"https:\/\/idrettsraadet.no\/pt-br\/wp-json\/wp\/v2\/pages"}],"about":[{"href":"https:\/\/idrettsraadet.no\/pt-br\/wp-json\/wp\/v2\/types\/page"}],"author":[{"embeddable":true,"href":"https:\/\/idrettsraadet.no\/pt-br\/wp-json\/wp\/v2\/users\/1"}],"replies":[{"embeddable":true,"href":"https:\/\/idrettsraadet.no\/pt-br\/wp-json\/wp\/v2\/comments?post=11728"}],"version-history":[{"count":0,"href":"https:\/\/idrettsraadet.no\/pt-br\/wp-json\/wp\/v2\/pages\/11728\/revisions"}],"up":[{"embeddable":true,"href":"https:\/\/idrettsraadet.no\/pt-br\/wp-json\/wp\/v2\/pages\/11725"}],"wp:attachment":[{"href":"https:\/\/idrettsraadet.no\/pt-br\/wp-json\/wp\/v2\/media?parent=11728"}],"curies":[{"name":"wp","href":"https:\/\/api.w.org\/{rel}","templated":true}]}}