{"id":11729,"date":"2020-01-03T20:53:40","date_gmt":"2020-01-03T19:53:40","guid":{"rendered":"https:\/\/idrettsraadet.no\/subsidio-municipal-de-operacao\/"},"modified":"2020-03-03T11:35:54","modified_gmt":"2020-03-03T10:35:54","slug":"subsidio-municipal-de-operacao","status":"publish","type":"page","link":"https:\/\/idrettsraadet.no\/pt-br\/subsidio-municipal-de-operacao\/","title":{"rendered":"Subs\u00eddio municipal de opera\u00e7\u00e3o"},"content":{"rendered":"<p><strong>Aqui pode encontrar informa\u00e7\u00f5es sobre o Subs\u00eddio municipal de opera\u00e7\u00e3o, bem como o formul\u00e1rio de solicita\u00e7\u00e3o do subs\u00eddio.\u00a0Por uma quest\u00e3o de simplicidade, ao solicitar o subs\u00eddio municipal de opera\u00e7\u00e3o, estar\u00e1 automaticamente a solicitar o LAM (Financiamento ao desporto local). Leia mais sobre o LAM (Financiamento ao desporto local) em &#8220;Subs\u00eddios&#8221; -&gt; &#8220;Financiamento ao desporto local&#8221;.<\/strong><\/p>\n<p><strong>Geral<\/strong><br \/>\nO subs\u00eddio municipal de opera\u00e7\u00e3o s\u00f3 pode ser concedido a equipas desportivas que realizem atividades para crian\u00e7as e jovens at\u00e9 aos 25 anos. O prazo de inscri\u00e7\u00e3o termina a 5 de abril.<\/p>\n<p><img decoding=\"async\" class=\"aligncenter\" src=\"https:\/\/idrettsraadet.no\/wp-content\/uploads\/2019\/03\/Tilskudd-penger.jpg\" \/><\/p>\n<p><strong>Distribui\u00e7\u00e3o<\/strong><br \/>\nO subs\u00eddio \u00e9 distribu\u00eddo como uma percentagem entre as equipas desportivas, de acordo com o n\u00famero de membros, at\u00e9 aos 25 anos de idade.<\/p>\n<p><strong>Limites<\/strong><br \/>\nO subs\u00eddio municipal n\u00e3o pode exceder a parcela dedut\u00edvel da equipa desportiva, ou seja, a soma das quotas de associa\u00e7\u00e3o pagas e outras taxas de associa\u00e7\u00e3o registadas na contabilidade da equipa desportiva.<\/p>\n<p>Apenas os membros pagos e ativos pessoalmente s\u00e3o contabilizados.<\/p>\n<p><img decoding=\"async\" class=\"aligncenter\" src=\"https:\/\/idrettsraadet.no\/wp-content\/uploads\/2016\/08\/Blyant-1.bmp\" \/><\/p>\n<p><strong>Anexos \u00e0 candidatura<\/strong><br \/>\nAl\u00e9m do preenchimento da candidatura num formul\u00e1rio especificado, a candidatura \u00e0s subven\u00e7\u00f5es de funcionamento tem de incluir:<\/p>\n<ul>\n<li>Convocat\u00f3ria de assembleia anual<\/li>\n<li>Atas assinadas da assembleia-geral anual por dois representantes eleitos da assembleia anual realizada entre 1 de janeiro e 31 de mar\u00e7o<\/li>\n<li>Endosso de auditoria assinado<\/li>\n<li>Contabilidade at\u00e9 31 de dezembro do ano anterior, assinada pelo conselho de administra\u00e7\u00e3o<\/li>\n<li>Relat\u00f3rio anual do ano anterior assinado pelo conselho de administra\u00e7\u00e3o<\/li>\n<\/ul>\n<p>Lista de membros, com nome e data de nascimento at\u00e9 31 de dezembro do ano anterior (ano de nascimento ou idade tamb\u00e9m podem ser aceites)<\/p>\n<p><a href=\"https:\/\/response.questback.com\/isa\/qbv.dll\/ShowQuest?QuestID=5451729&amp;sid=cGuu4Zk8SG\">CLIQUE AQUI PARA SE CANDIDATAR<\/a><\/p>\n<p><a href=\"https:\/\/idrettsraadet.no\/download\/oversikt-kommunalt-driftstilskudd-2019\/#\">Transferir a vis\u00e3o geral<\/a>do montante de subs\u00eddio conseguido por cada equipa desportiva em 2019. O valor \u00e9 pago em duas parcelas (no in\u00edcio de julho e no in\u00edcio de dezembro).<\/p>\n<p>&nbsp;<\/p>\n<p><a style=\"font-size: 16px; background-color: #ffffff;\" href=\"https:\/\/response.questback.com\/isa\/qbv.dll\/ShowQuest?QuestID=5451729&amp;sid=cGuu4Zk8SG\"><img decoding=\"async\" class=\"alignnone wp-image-11311 size-medium\" src=\"https:\/\/idrettsraadet.no\/wp-content\/uploads\/2019\/02\/trykkher-300x37.jpg\" alt=\"\" width=\"300\" height=\"37\" srcset=\"https:\/\/idrettsraadet.no\/wp-content\/uploads\/2019\/02\/trykkher-300x37.jpg 300w, https:\/\/idrettsraadet.no\/wp-content\/uploads\/2019\/02\/trykkher-768x95.jpg 768w, https:\/\/idrettsraadet.no\/wp-content\/uploads\/2019\/02\/trykkher.jpg 880w\" sizes=\"(max-width: 300px) 100vw, 300px\" \/><\/a><\/p>\n","protected":false},"excerpt":{"rendered":"<p>Aqui pode encontrar informa\u00e7\u00f5es sobre o Subs\u00eddio municipal de opera\u00e7\u00e3o, bem como o formul\u00e1rio de solicita\u00e7\u00e3o do subs\u00eddio.\u00a0Por uma quest\u00e3o de simplicidade, ao solicitar o subs\u00eddio municipal de opera\u00e7\u00e3o, estar\u00e1 automaticamente a solicitar o LAM (Financiamento ao desporto local). Leia mais sobre o LAM (Financiamento ao desporto local) em &#8220;Subs\u00eddios&#8221; -&gt; &#8220;Financiamento ao desporto local&#8221;. [&hellip;]<\/p>\n","protected":false},"author":1,"featured_media":0,"parent":0,"menu_order":0,"comment_status":"closed","ping_status":"closed","template":"","meta":{"site-sidebar-layout":"default","site-content-layout":"default","ast-site-content-layout":"default","site-content-style":"default","site-sidebar-style":"default","ast-global-header-display":"","ast-banner-title-visibility":"","ast-main-header-display":"","ast-hfb-above-header-display":"","ast-hfb-below-header-display":"","ast-hfb-mobile-header-display":"","site-post-title":"","ast-breadcrumbs-content":"","ast-featured-img":"","footer-sml-layout":"","ast-disable-related-posts":"","theme-transparent-header-meta":"default","adv-header-id-meta":"","stick-header-meta":"default","header-above-stick-meta":"","header-main-stick-meta":"","header-below-stick-meta":"","astra-migrate-meta-layouts":"default","ast-page-background-enabled":"default","ast-page-background-meta":{"desktop":{"background-color":"","background-image":"","background-repeat":"repeat","background-position":"center center","background-size":"auto","background-attachment":"scroll","background-type":"","background-media":"","overlay-type":"","overlay-color":"","overlay-opacity":"","overlay-gradient":""},"tablet":{"background-color":"","background-image":"","background-repeat":"repeat","background-position":"center center","background-size":"auto","background-attachment":"scroll","background-type":"","background-media":"","overlay-type":"","overlay-color":"","overlay-opacity":"","overlay-gradient":""},"mobile":{"background-color":"","background-image":"","background-repeat":"repeat","background-position":"center center","background-size":"auto","background-attachment":"scroll","background-type":"","background-media":"","overlay-type":"","overlay-color":"","overlay-opacity":"","overlay-gradient":""}},"ast-content-background-meta":{"desktop":{"background-color":"var(--ast-global-color-5)","background-image":"","background-repeat":"repeat","background-position":"center center","background-size":"auto","background-attachment":"scroll","background-type":"","background-media":"","overlay-type":"","overlay-color":"","overlay-opacity":"","overlay-gradient":""},"tablet":{"background-color":"var(--ast-global-color-5)","background-image":"","background-repeat":"repeat","background-position":"center center","background-size":"auto","background-attachment":"scroll","background-type":"","background-media":"","overlay-type":"","overlay-color":"","overlay-opacity":"","overlay-gradient":""},"mobile":{"background-color":"var(--ast-global-color-5)","background-image":"","background-repeat":"repeat","background-position":"center center","background-size":"auto","background-attachment":"scroll","background-type":"","background-media":"","overlay-type":"","overlay-color":"","overlay-opacity":"","overlay-gradient":""}},"footnotes":""},"class_list":["post-11729","page","type-page","status-publish","hentry"],"yoast_head":"<!-- This site is optimized with the Yoast SEO plugin v27.4 - https:\/\/yoast.com\/product\/yoast-seo-wordpress\/ -->\n<title>Subs\u00eddio municipal de opera\u00e7\u00e3o - Idrettsr\u00e5det Stavanger<\/title>\n<meta name=\"robots\" content=\"index, follow, max-snippet:-1, max-image-preview:large, max-video-preview:-1\" \/>\n<link rel=\"canonical\" href=\"https:\/\/idrettsraadet.no\/pt-br\/subsidio-municipal-de-operacao\/\" \/>\n<meta property=\"og:locale\" content=\"pt_BR\" \/>\n<meta property=\"og:type\" content=\"article\" \/>\n<meta property=\"og:title\" content=\"Subs\u00eddio municipal de opera\u00e7\u00e3o - Idrettsr\u00e5det Stavanger\" \/>\n<meta property=\"og:description\" content=\"Aqui pode encontrar informa\u00e7\u00f5es sobre o Subs\u00eddio municipal de opera\u00e7\u00e3o, bem como o formul\u00e1rio de solicita\u00e7\u00e3o do subs\u00eddio.\u00a0Por uma quest\u00e3o de simplicidade, ao solicitar o subs\u00eddio municipal de opera\u00e7\u00e3o, estar\u00e1 automaticamente a solicitar o LAM (Financiamento ao desporto local). Leia mais sobre o LAM (Financiamento ao desporto local) em &#8220;Subs\u00eddios&#8221; -&gt; &#8220;Financiamento ao desporto local&#8221;. [&hellip;]\" \/>\n<meta property=\"og:url\" content=\"https:\/\/idrettsraadet.no\/pt-br\/subsidio-municipal-de-operacao\/\" \/>\n<meta property=\"og:site_name\" content=\"Idrettsr\u00e5det Stavanger\" \/>\n<meta property=\"article:modified_time\" content=\"2020-03-03T10:35:54+00:00\" \/>\n<meta property=\"og:image\" content=\"https:\/\/idrettsraadet.no\/wp-content\/uploads\/2019\/03\/Tilskudd-penger.jpg\" \/>\n<meta name=\"twitter:card\" content=\"summary_large_image\" \/>\n<meta name=\"twitter:label1\" content=\"Est. tempo de leitura\" \/>\n\t<meta name=\"twitter:data1\" content=\"2 minutos\" \/>\n<script type=\"application\/ld+json\" class=\"yoast-schema-graph\">{\"@context\":\"https:\\\/\\\/schema.org\",\"@graph\":[{\"@type\":\"WebPage\",\"@id\":\"https:\\\/\\\/idrettsraadet.no\\\/pt-br\\\/subsidio-municipal-de-operacao\\\/\",\"url\":\"https:\\\/\\\/idrettsraadet.no\\\/pt-br\\\/subsidio-municipal-de-operacao\\\/\",\"name\":\"Subs\u00eddio municipal de opera\u00e7\u00e3o - Idrettsr\u00e5det Stavanger\",\"isPartOf\":{\"@id\":\"https:\\\/\\\/idrettsraadet.no\\\/bn\\\/#website\"},\"primaryImageOfPage\":{\"@id\":\"https:\\\/\\\/idrettsraadet.no\\\/pt-br\\\/subsidio-municipal-de-operacao\\\/#primaryimage\"},\"image\":{\"@id\":\"https:\\\/\\\/idrettsraadet.no\\\/pt-br\\\/subsidio-municipal-de-operacao\\\/#primaryimage\"},\"thumbnailUrl\":\"https:\\\/\\\/idrettsraadet.no\\\/wp-content\\\/uploads\\\/2019\\\/03\\\/Tilskudd-penger.jpg\",\"datePublished\":\"2020-01-03T19:53:40+00:00\",\"dateModified\":\"2020-03-03T10:35:54+00:00\",\"breadcrumb\":{\"@id\":\"https:\\\/\\\/idrettsraadet.no\\\/pt-br\\\/subsidio-municipal-de-operacao\\\/#breadcrumb\"},\"inLanguage\":\"pt-BR\",\"potentialAction\":[{\"@type\":\"ReadAction\",\"target\":[\"https:\\\/\\\/idrettsraadet.no\\\/pt-br\\\/subsidio-municipal-de-operacao\\\/\"]}]},{\"@type\":\"ImageObject\",\"inLanguage\":\"pt-BR\",\"@id\":\"https:\\\/\\\/idrettsraadet.no\\\/pt-br\\\/subsidio-municipal-de-operacao\\\/#primaryimage\",\"url\":\"https:\\\/\\\/idrettsraadet.no\\\/wp-content\\\/uploads\\\/2019\\\/03\\\/Tilskudd-penger.jpg\",\"contentUrl\":\"https:\\\/\\\/idrettsraadet.no\\\/wp-content\\\/uploads\\\/2019\\\/03\\\/Tilskudd-penger.jpg\"},{\"@type\":\"BreadcrumbList\",\"@id\":\"https:\\\/\\\/idrettsraadet.no\\\/pt-br\\\/subsidio-municipal-de-operacao\\\/#breadcrumb\",\"itemListElement\":[{\"@type\":\"ListItem\",\"position\":1,\"name\":\"Hjem\",\"item\":\"https:\\\/\\\/idrettsraadet.no\\\/pt-br\\\/\"},{\"@type\":\"ListItem\",\"position\":2,\"name\":\"Subs\u00eddio municipal de opera\u00e7\u00e3o\"}]},{\"@type\":\"WebSite\",\"@id\":\"https:\\\/\\\/idrettsraadet.no\\\/bn\\\/#website\",\"url\":\"https:\\\/\\\/idrettsraadet.no\\\/bn\\\/\",\"name\":\"Idrettsr\u00e5det Stavanger\",\"description\":\"Idrett for alle.\",\"publisher\":{\"@id\":\"https:\\\/\\\/idrettsraadet.no\\\/bn\\\/#organization\"},\"potentialAction\":[{\"@type\":\"SearchAction\",\"target\":{\"@type\":\"EntryPoint\",\"urlTemplate\":\"https:\\\/\\\/idrettsraadet.no\\\/bn\\\/?s={search_term_string}\"},\"query-input\":{\"@type\":\"PropertyValueSpecification\",\"valueRequired\":true,\"valueName\":\"search_term_string\"}}],\"inLanguage\":\"pt-BR\"},{\"@type\":\"Organization\",\"@id\":\"https:\\\/\\\/idrettsraadet.no\\\/bn\\\/#organization\",\"name\":\"Stavanger Idrettsr\u00e5d\",\"url\":\"https:\\\/\\\/idrettsraadet.no\\\/bn\\\/\",\"logo\":{\"@type\":\"ImageObject\",\"inLanguage\":\"pt-BR\",\"@id\":\"https:\\\/\\\/idrettsraadet.no\\\/bn\\\/#\\\/schema\\\/logo\\\/image\\\/\",\"url\":\"https:\\\/\\\/idrettsraadet.no\\\/wp-content\\\/uploads\\\/2016\\\/06\\\/logo.png\",\"contentUrl\":\"https:\\\/\\\/idrettsraadet.no\\\/wp-content\\\/uploads\\\/2016\\\/06\\\/logo.png\",\"width\":149,\"height\":48,\"caption\":\"Stavanger Idrettsr\u00e5d\"},\"image\":{\"@id\":\"https:\\\/\\\/idrettsraadet.no\\\/bn\\\/#\\\/schema\\\/logo\\\/image\\\/\"}}]}<\/script>\n<!-- \/ Yoast SEO plugin. -->","yoast_head_json":{"title":"Subs\u00eddio municipal de opera\u00e7\u00e3o - Idrettsr\u00e5det Stavanger","robots":{"index":"index","follow":"follow","max-snippet":"max-snippet:-1","max-image-preview":"max-image-preview:large","max-video-preview":"max-video-preview:-1"},"canonical":"https:\/\/idrettsraadet.no\/pt-br\/subsidio-municipal-de-operacao\/","og_locale":"pt_BR","og_type":"article","og_title":"Subs\u00eddio municipal de opera\u00e7\u00e3o - Idrettsr\u00e5det Stavanger","og_description":"Aqui pode encontrar informa\u00e7\u00f5es sobre o Subs\u00eddio municipal de opera\u00e7\u00e3o, bem como o formul\u00e1rio de solicita\u00e7\u00e3o do subs\u00eddio.\u00a0Por uma quest\u00e3o de simplicidade, ao solicitar o subs\u00eddio municipal de opera\u00e7\u00e3o, estar\u00e1 automaticamente a solicitar o LAM (Financiamento ao desporto local). Leia mais sobre o LAM (Financiamento ao desporto local) em &#8220;Subs\u00eddios&#8221; -&gt; &#8220;Financiamento ao desporto local&#8221;. [&hellip;]","og_url":"https:\/\/idrettsraadet.no\/pt-br\/subsidio-municipal-de-operacao\/","og_site_name":"Idrettsr\u00e5det Stavanger","article_modified_time":"2020-03-03T10:35:54+00:00","og_image":[{"url":"https:\/\/idrettsraadet.no\/wp-content\/uploads\/2019\/03\/Tilskudd-penger.jpg","type":"","width":"","height":""}],"twitter_card":"summary_large_image","twitter_misc":{"Est. tempo de leitura":"2 minutos"},"schema":{"@context":"https:\/\/schema.org","@graph":[{"@type":"WebPage","@id":"https:\/\/idrettsraadet.no\/pt-br\/subsidio-municipal-de-operacao\/","url":"https:\/\/idrettsraadet.no\/pt-br\/subsidio-municipal-de-operacao\/","name":"Subs\u00eddio municipal de opera\u00e7\u00e3o - Idrettsr\u00e5det Stavanger","isPartOf":{"@id":"https:\/\/idrettsraadet.no\/bn\/#website"},"primaryImageOfPage":{"@id":"https:\/\/idrettsraadet.no\/pt-br\/subsidio-municipal-de-operacao\/#primaryimage"},"image":{"@id":"https:\/\/idrettsraadet.no\/pt-br\/subsidio-municipal-de-operacao\/#primaryimage"},"thumbnailUrl":"https:\/\/idrettsraadet.no\/wp-content\/uploads\/2019\/03\/Tilskudd-penger.jpg","datePublished":"2020-01-03T19:53:40+00:00","dateModified":"2020-03-03T10:35:54+00:00","breadcrumb":{"@id":"https:\/\/idrettsraadet.no\/pt-br\/subsidio-municipal-de-operacao\/#breadcrumb"},"inLanguage":"pt-BR","potentialAction":[{"@type":"ReadAction","target":["https:\/\/idrettsraadet.no\/pt-br\/subsidio-municipal-de-operacao\/"]}]},{"@type":"ImageObject","inLanguage":"pt-BR","@id":"https:\/\/idrettsraadet.no\/pt-br\/subsidio-municipal-de-operacao\/#primaryimage","url":"https:\/\/idrettsraadet.no\/wp-content\/uploads\/2019\/03\/Tilskudd-penger.jpg","contentUrl":"https:\/\/idrettsraadet.no\/wp-content\/uploads\/2019\/03\/Tilskudd-penger.jpg"},{"@type":"BreadcrumbList","@id":"https:\/\/idrettsraadet.no\/pt-br\/subsidio-municipal-de-operacao\/#breadcrumb","itemListElement":[{"@type":"ListItem","position":1,"name":"Hjem","item":"https:\/\/idrettsraadet.no\/pt-br\/"},{"@type":"ListItem","position":2,"name":"Subs\u00eddio municipal de opera\u00e7\u00e3o"}]},{"@type":"WebSite","@id":"https:\/\/idrettsraadet.no\/bn\/#website","url":"https:\/\/idrettsraadet.no\/bn\/","name":"Idrettsr\u00e5det Stavanger","description":"Idrett for alle.","publisher":{"@id":"https:\/\/idrettsraadet.no\/bn\/#organization"},"potentialAction":[{"@type":"SearchAction","target":{"@type":"EntryPoint","urlTemplate":"https:\/\/idrettsraadet.no\/bn\/?s={search_term_string}"},"query-input":{"@type":"PropertyValueSpecification","valueRequired":true,"valueName":"search_term_string"}}],"inLanguage":"pt-BR"},{"@type":"Organization","@id":"https:\/\/idrettsraadet.no\/bn\/#organization","name":"Stavanger Idrettsr\u00e5d","url":"https:\/\/idrettsraadet.no\/bn\/","logo":{"@type":"ImageObject","inLanguage":"pt-BR","@id":"https:\/\/idrettsraadet.no\/bn\/#\/schema\/logo\/image\/","url":"https:\/\/idrettsraadet.no\/wp-content\/uploads\/2016\/06\/logo.png","contentUrl":"https:\/\/idrettsraadet.no\/wp-content\/uploads\/2016\/06\/logo.png","width":149,"height":48,"caption":"Stavanger Idrettsr\u00e5d"},"image":{"@id":"https:\/\/idrettsraadet.no\/bn\/#\/schema\/logo\/image\/"}}]}},"_links":{"self":[{"href":"https:\/\/idrettsraadet.no\/pt-br\/wp-json\/wp\/v2\/pages\/11729","targetHints":{"allow":["GET"]}}],"collection":[{"href":"https:\/\/idrettsraadet.no\/pt-br\/wp-json\/wp\/v2\/pages"}],"about":[{"href":"https:\/\/idrettsraadet.no\/pt-br\/wp-json\/wp\/v2\/types\/page"}],"author":[{"embeddable":true,"href":"https:\/\/idrettsraadet.no\/pt-br\/wp-json\/wp\/v2\/users\/1"}],"replies":[{"embeddable":true,"href":"https:\/\/idrettsraadet.no\/pt-br\/wp-json\/wp\/v2\/comments?post=11729"}],"version-history":[{"count":2,"href":"https:\/\/idrettsraadet.no\/pt-br\/wp-json\/wp\/v2\/pages\/11729\/revisions"}],"predecessor-version":[{"id":18982,"href":"https:\/\/idrettsraadet.no\/pt-br\/wp-json\/wp\/v2\/pages\/11729\/revisions\/18982"}],"wp:attachment":[{"href":"https:\/\/idrettsraadet.no\/pt-br\/wp-json\/wp\/v2\/media?parent=11729"}],"curies":[{"name":"wp","href":"https:\/\/api.w.org\/{rel}","templated":true}]}}