{"id":11730,"date":"2020-01-03T20:58:46","date_gmt":"2020-01-03T19:58:46","guid":{"rendered":"https:\/\/idrettsraadet.no\/subvencao-desportiva-municipal\/"},"modified":"2020-01-03T20:58:46","modified_gmt":"2020-01-03T19:58:46","slug":"subvencao-desportiva-municipal","status":"publish","type":"page","link":"https:\/\/idrettsraadet.no\/pt-br\/subvencao-desportiva-municipal\/","title":{"rendered":"Subven\u00e7\u00e3o desportiva municipal"},"content":{"rendered":"\n<figure class=\"wp-block-image size-large is-resized\"><img fetchpriority=\"high\" decoding=\"async\" src=\"https:\/\/idrettsraadet.no\/wp-content\/uploads\/2019\/11\/70112463_1072761356427434_2733996492086837248_n-1024x768.jpg\" alt=\"\" class=\"wp-image-11516\" width=\"459\" height=\"344\" srcset=\"https:\/\/idrettsraadet.no\/wp-content\/uploads\/2019\/11\/70112463_1072761356427434_2733996492086837248_n-1024x768.jpg 1024w, https:\/\/idrettsraadet.no\/wp-content\/uploads\/2019\/11\/70112463_1072761356427434_2733996492086837248_n-300x225.jpg 300w, https:\/\/idrettsraadet.no\/wp-content\/uploads\/2019\/11\/70112463_1072761356427434_2733996492086837248_n-768x576.jpg 768w, https:\/\/idrettsraadet.no\/wp-content\/uploads\/2019\/11\/70112463_1072761356427434_2733996492086837248_n-1536x1152.jpg 1536w, https:\/\/idrettsraadet.no\/wp-content\/uploads\/2019\/11\/70112463_1072761356427434_2733996492086837248_n.jpg 2016w\" sizes=\"(max-width: 459px) 100vw, 459px\" \/><\/figure><h3>A subven\u00e7\u00e3o desportiva municipal destina-se a atletas, treinadores, l\u00edderes e \u00e1rbitros.<\/h3>\n<p>&nbsp;<\/p>\n<p>O prazo de inscri\u00e7\u00e3o termina a 5 de abril.<br \/>\nCada subven\u00e7\u00e3o tem o valor de kr. 10.000<\/p>\n<h4>Subven\u00e7\u00e3o municipal desportiva para atletas:<\/h4>\n<ol>\n<li>as subven\u00e7\u00f5es s\u00f3 podem ser atribu\u00eddas a membros das equipas desportivas de Stavanger<\/li>\n<li>As subven\u00e7\u00f5es s\u00e3o atribu\u00eddas a atletas que tenham alcan\u00e7ado resultados nacionais e internacionais de topo durante o ano anterior.<\/li>\n<li>Os atletas devem ter no m\u00ednimo 13 anos de idade no ano da concretiza\u00e7\u00e3o a que se candidatam.<\/li>\n<li>O pagamento das subven\u00e7\u00f5es n\u00e3o requer quaisquer comprovativos de encargos.<\/li>\n<li>O montante da subven\u00e7\u00e3o \u00e9 de kr. 10.000<\/li>\n<\/ol>\n<h4>Formul\u00e1rio de candidatura<\/h4>\n<p>&nbsp;<\/p>\n<p><a href=\"https:\/\/response.questback.com\/isa\/qbv.dll\/ShowQuest?QuestID=5254457&amp;sid=QhLFwCtwRE\">Treinador\/l\u00edderes\/\u00e1rbitros<\/a><\/p>\n<p><a href=\"https:\/\/response.questback.com\/isa\/qbv.dll\/ShowQuest?QuestID=5254428&amp;sid=GvGCwbHeaI\">Atletas<\/a><\/p>\n<p>&nbsp;<\/p>\n<h4>Subven\u00e7\u00e3o municipal desportiva para treinadores\/l\u00edderes\/\u00e1rbitros<\/h4>\n<p>&nbsp;<\/p>\n<ol>\n<li>Subven\u00e7\u00e3o municipal desportiva para treinadores\/l\u00edderes\/\u00e1rbitros:\u00a0as subven\u00e7\u00f5es s\u00f3 podem ser atribu\u00eddas a membros das equipas desportivas de Stavanger<\/li>\n<li>As subven\u00e7\u00f5es destinam-se a cobrir itens dedut\u00edveis no evento para aprofundar a educa\u00e7\u00e3o e elevar a compet\u00eancia e devem ocorrer no ano de candidatura \u00e0 subven\u00e7\u00e3o.<\/li>\n<li>A subven\u00e7\u00e3o n\u00e3o pode ser utilizada para campos de treino nem para participa\u00e7\u00e3o em campeonatos da pr\u00f3pria equipa, caso n\u00e3o existam iniciativas documentadas de desenvolvimento de compet\u00eancias em simult\u00e2neo, como cursos\/reuni\u00f5es separados de treinadores\/l\u00edderes\/\u00e1rbitros.<\/li>\n<li>A documenta\u00e7\u00e3o das iniciativas \u00e0s quais a candidatura se refere deve ser anexada para receber a subven\u00e7\u00e3o<\/li>\n<li>O montante da subven\u00e7\u00e3o \u00e9 de kr. 10.000<\/li>\n<\/ol>\n<h4>Informa\u00e7\u00f5es sobre ambos os subs\u00eddios:<\/h4>\n<p>Os candidatos \u00e0 subven\u00e7\u00e3o que n\u00e3o tenham recebido subven\u00e7\u00f5es no passado ter\u00e3o preced\u00eancia sobre os benefici\u00e1rios de subven\u00e7\u00f5es anteriores, mas os anteriores benefici\u00e1rios de subven\u00e7\u00f5es tamb\u00e9m se podem candidatar.<\/p>\n<p>Trata-se de subven\u00e7\u00f5es privadas que ir\u00e3o diretamente para o treinador\/dirigente\/\u00e1rbitro\/atleta e n\u00e3o para a cobertura das despesas para o clube.<\/p>\n<p>Dez porcento do montante total das subven\u00e7\u00f5es desportivas (ambos os esquemas) ser\u00e3o atribu\u00eddos aos desportos de atletas com defici\u00eancia.<\/p>\n<h4>Subven\u00e7\u00e3o Desportiva 2018<\/h4>\n<p>&nbsp;<\/p>\n<table>\n<tbody>\n<tr>\n<td style=\"text-align: center;\" width=\"196\"><strong>Nome<\/strong><\/td>\n<td width=\"213\"><strong>Equipas desportivas<\/strong><\/td>\n<\/tr>\n<tr>\n<td width=\"196\">Rasumus Kruse Rasmussen<\/td>\n<td width=\"213\">Stavanger Roklub<\/td>\n<\/tr>\n<tr>\n<td width=\"196\">Sara Busic<\/td>\n<td width=\"213\">IL Skjalg<\/td>\n<\/tr>\n<tr>\n<td width=\"196\">Olai Hagland<\/td>\n<td width=\"213\">Stavanger Seilforening<\/td>\n<\/tr>\n<tr>\n<td width=\"196\">Hannah Fossan<\/td>\n<td width=\"213\">Stavanger Rideklubb<\/td>\n<\/tr>\n<tr>\n<td width=\"196\">Jiawen Shi<\/td>\n<td width=\"213\">Brodd Badmintonklubb<\/td>\n<\/tr>\n<tr>\n<td width=\"196\">Vilde Marie Nystr\u00f8m<\/td>\n<td width=\"213\">Stavanger Golfklubb<\/td>\n<\/tr>\n<tr>\n<td width=\"196\">Simon Slettevold<\/td>\n<td width=\"213\">Stavanger Sv\u00f8mmeklubb<\/td>\n<\/tr>\n<tr>\n<td width=\"196\">Nora Tveit<\/td>\n<td width=\"213\">Stavanger Sykleklubb<\/td>\n<\/tr>\n<tr>\n<td width=\"196\">Elias Nilsen<\/td>\n<td width=\"213\">Stavanger Skateklubb<\/td>\n<\/tr>\n<tr>\n<td width=\"196\">Amalie S\u00f8iland<\/td>\n<td width=\"213\">Stavanger Innebandyklubb<\/td>\n<\/tr>\n<\/tbody>\n<\/table>\n\n<p><\/p>\n","protected":false},"excerpt":{"rendered":"<p>A subven\u00e7\u00e3o desportiva municipal destina-se a atletas, treinadores, l\u00edderes e \u00e1rbitros. &nbsp; O prazo de inscri\u00e7\u00e3o termina a 5 de abril. Cada subven\u00e7\u00e3o tem o valor de kr. 10.000 Subven\u00e7\u00e3o municipal desportiva para atletas: as subven\u00e7\u00f5es s\u00f3 podem ser atribu\u00eddas a membros das equipas desportivas de Stavanger As subven\u00e7\u00f5es s\u00e3o atribu\u00eddas a atletas que tenham [&hellip;]<\/p>\n","protected":false},"author":1,"featured_media":0,"parent":0,"menu_order":0,"comment_status":"closed","ping_status":"closed","template":"","meta":{"site-sidebar-layout":"default","site-content-layout":"default","ast-site-content-layout":"default","site-content-style":"default","site-sidebar-style":"default","ast-global-header-display":"","ast-banner-title-visibility":"","ast-main-header-display":"","ast-hfb-above-header-display":"","ast-hfb-below-header-display":"","ast-hfb-mobile-header-display":"","site-post-title":"","ast-breadcrumbs-content":"","ast-featured-img":"","footer-sml-layout":"","ast-disable-related-posts":"","theme-transparent-header-meta":"default","adv-header-id-meta":"","stick-header-meta":"default","header-above-stick-meta":"","header-main-stick-meta":"","header-below-stick-meta":"","astra-migrate-meta-layouts":"default","ast-page-background-enabled":"default","ast-page-background-meta":{"desktop":{"background-color":"","background-image":"","background-repeat":"repeat","background-position":"center center","background-size":"auto","background-attachment":"scroll","background-type":"","background-media":"","overlay-type":"","overlay-color":"","overlay-opacity":"","overlay-gradient":""},"tablet":{"background-color":"","background-image":"","background-repeat":"repeat","background-position":"center center","background-size":"auto","background-attachment":"scroll","background-type":"","background-media":"","overlay-type":"","overlay-color":"","overlay-opacity":"","overlay-gradient":""},"mobile":{"background-color":"","background-image":"","background-repeat":"repeat","background-position":"center center","background-size":"auto","background-attachment":"scroll","background-type":"","background-media":"","overlay-type":"","overlay-color":"","overlay-opacity":"","overlay-gradient":""}},"ast-content-background-meta":{"desktop":{"background-color":"var(--ast-global-color-5)","background-image":"","background-repeat":"repeat","background-position":"center center","background-size":"auto","background-attachment":"scroll","background-type":"","background-media":"","overlay-type":"","overlay-color":"","overlay-opacity":"","overlay-gradient":""},"tablet":{"background-color":"var(--ast-global-color-5)","background-image":"","background-repeat":"repeat","background-position":"center center","background-size":"auto","background-attachment":"scroll","background-type":"","background-media":"","overlay-type":"","overlay-color":"","overlay-opacity":"","overlay-gradient":""},"mobile":{"background-color":"var(--ast-global-color-5)","background-image":"","background-repeat":"repeat","background-position":"center center","background-size":"auto","background-attachment":"scroll","background-type":"","background-media":"","overlay-type":"","overlay-color":"","overlay-opacity":"","overlay-gradient":""}},"footnotes":""},"class_list":["post-11730","page","type-page","status-publish","hentry"],"yoast_head":"<!-- This site is optimized with the Yoast SEO plugin v27.4 - https:\/\/yoast.com\/product\/yoast-seo-wordpress\/ -->\n<title>Subven\u00e7\u00e3o desportiva municipal - Idrettsr\u00e5det Stavanger<\/title>\n<meta name=\"robots\" content=\"index, follow, max-snippet:-1, max-image-preview:large, max-video-preview:-1\" \/>\n<link rel=\"canonical\" href=\"https:\/\/idrettsraadet.no\/pt-br\/subvencao-desportiva-municipal\/\" \/>\n<meta property=\"og:locale\" content=\"pt_BR\" \/>\n<meta property=\"og:type\" content=\"article\" \/>\n<meta property=\"og:title\" content=\"Subven\u00e7\u00e3o desportiva municipal - Idrettsr\u00e5det Stavanger\" \/>\n<meta property=\"og:description\" content=\"A subven\u00e7\u00e3o desportiva municipal destina-se a atletas, treinadores, l\u00edderes e \u00e1rbitros. &nbsp; O prazo de inscri\u00e7\u00e3o termina a 5 de abril. Cada subven\u00e7\u00e3o tem o valor de kr. 10.000 Subven\u00e7\u00e3o municipal desportiva para atletas: as subven\u00e7\u00f5es s\u00f3 podem ser atribu\u00eddas a membros das equipas desportivas de Stavanger As subven\u00e7\u00f5es s\u00e3o atribu\u00eddas a atletas que tenham [&hellip;]\" \/>\n<meta property=\"og:url\" content=\"https:\/\/idrettsraadet.no\/pt-br\/subvencao-desportiva-municipal\/\" \/>\n<meta property=\"og:site_name\" content=\"Idrettsr\u00e5det Stavanger\" \/>\n<meta property=\"og:image\" content=\"https:\/\/idrettsraadet.no\/wp-content\/uploads\/2019\/11\/70112463_1072761356427434_2733996492086837248_n-1024x768.jpg\" \/>\n<meta name=\"twitter:card\" content=\"summary_large_image\" \/>\n<meta name=\"twitter:label1\" content=\"Est. tempo de leitura\" \/>\n\t<meta name=\"twitter:data1\" content=\"2 minutos\" \/>\n<script type=\"application\/ld+json\" class=\"yoast-schema-graph\">{\"@context\":\"https:\\\/\\\/schema.org\",\"@graph\":[{\"@type\":\"WebPage\",\"@id\":\"https:\\\/\\\/idrettsraadet.no\\\/pt-br\\\/subvencao-desportiva-municipal\\\/\",\"url\":\"https:\\\/\\\/idrettsraadet.no\\\/pt-br\\\/subvencao-desportiva-municipal\\\/\",\"name\":\"Subven\u00e7\u00e3o desportiva municipal - Idrettsr\u00e5det Stavanger\",\"isPartOf\":{\"@id\":\"https:\\\/\\\/idrettsraadet.no\\\/bn\\\/#website\"},\"primaryImageOfPage\":{\"@id\":\"https:\\\/\\\/idrettsraadet.no\\\/pt-br\\\/subvencao-desportiva-municipal\\\/#primaryimage\"},\"image\":{\"@id\":\"https:\\\/\\\/idrettsraadet.no\\\/pt-br\\\/subvencao-desportiva-municipal\\\/#primaryimage\"},\"thumbnailUrl\":\"https:\\\/\\\/idrettsraadet.no\\\/wp-content\\\/uploads\\\/2019\\\/11\\\/70112463_1072761356427434_2733996492086837248_n-1024x768.jpg\",\"datePublished\":\"2020-01-03T19:58:46+00:00\",\"breadcrumb\":{\"@id\":\"https:\\\/\\\/idrettsraadet.no\\\/pt-br\\\/subvencao-desportiva-municipal\\\/#breadcrumb\"},\"inLanguage\":\"pt-BR\",\"potentialAction\":[{\"@type\":\"ReadAction\",\"target\":[\"https:\\\/\\\/idrettsraadet.no\\\/pt-br\\\/subvencao-desportiva-municipal\\\/\"]}]},{\"@type\":\"ImageObject\",\"inLanguage\":\"pt-BR\",\"@id\":\"https:\\\/\\\/idrettsraadet.no\\\/pt-br\\\/subvencao-desportiva-municipal\\\/#primaryimage\",\"url\":\"https:\\\/\\\/idrettsraadet.no\\\/wp-content\\\/uploads\\\/2019\\\/11\\\/70112463_1072761356427434_2733996492086837248_n-1024x768.jpg\",\"contentUrl\":\"https:\\\/\\\/idrettsraadet.no\\\/wp-content\\\/uploads\\\/2019\\\/11\\\/70112463_1072761356427434_2733996492086837248_n-1024x768.jpg\"},{\"@type\":\"BreadcrumbList\",\"@id\":\"https:\\\/\\\/idrettsraadet.no\\\/pt-br\\\/subvencao-desportiva-municipal\\\/#breadcrumb\",\"itemListElement\":[{\"@type\":\"ListItem\",\"position\":1,\"name\":\"Hjem\",\"item\":\"https:\\\/\\\/idrettsraadet.no\\\/pt-br\\\/\"},{\"@type\":\"ListItem\",\"position\":2,\"name\":\"Subven\u00e7\u00e3o desportiva municipal\"}]},{\"@type\":\"WebSite\",\"@id\":\"https:\\\/\\\/idrettsraadet.no\\\/bn\\\/#website\",\"url\":\"https:\\\/\\\/idrettsraadet.no\\\/bn\\\/\",\"name\":\"Idrettsr\u00e5det Stavanger\",\"description\":\"Idrett for alle.\",\"publisher\":{\"@id\":\"https:\\\/\\\/idrettsraadet.no\\\/bn\\\/#organization\"},\"potentialAction\":[{\"@type\":\"SearchAction\",\"target\":{\"@type\":\"EntryPoint\",\"urlTemplate\":\"https:\\\/\\\/idrettsraadet.no\\\/bn\\\/?s={search_term_string}\"},\"query-input\":{\"@type\":\"PropertyValueSpecification\",\"valueRequired\":true,\"valueName\":\"search_term_string\"}}],\"inLanguage\":\"pt-BR\"},{\"@type\":\"Organization\",\"@id\":\"https:\\\/\\\/idrettsraadet.no\\\/bn\\\/#organization\",\"name\":\"Stavanger Idrettsr\u00e5d\",\"url\":\"https:\\\/\\\/idrettsraadet.no\\\/bn\\\/\",\"logo\":{\"@type\":\"ImageObject\",\"inLanguage\":\"pt-BR\",\"@id\":\"https:\\\/\\\/idrettsraadet.no\\\/bn\\\/#\\\/schema\\\/logo\\\/image\\\/\",\"url\":\"https:\\\/\\\/idrettsraadet.no\\\/wp-content\\\/uploads\\\/2016\\\/06\\\/logo.png\",\"contentUrl\":\"https:\\\/\\\/idrettsraadet.no\\\/wp-content\\\/uploads\\\/2016\\\/06\\\/logo.png\",\"width\":149,\"height\":48,\"caption\":\"Stavanger Idrettsr\u00e5d\"},\"image\":{\"@id\":\"https:\\\/\\\/idrettsraadet.no\\\/bn\\\/#\\\/schema\\\/logo\\\/image\\\/\"}}]}<\/script>\n<!-- \/ Yoast SEO plugin. -->","yoast_head_json":{"title":"Subven\u00e7\u00e3o desportiva municipal - Idrettsr\u00e5det Stavanger","robots":{"index":"index","follow":"follow","max-snippet":"max-snippet:-1","max-image-preview":"max-image-preview:large","max-video-preview":"max-video-preview:-1"},"canonical":"https:\/\/idrettsraadet.no\/pt-br\/subvencao-desportiva-municipal\/","og_locale":"pt_BR","og_type":"article","og_title":"Subven\u00e7\u00e3o desportiva municipal - Idrettsr\u00e5det Stavanger","og_description":"A subven\u00e7\u00e3o desportiva municipal destina-se a atletas, treinadores, l\u00edderes e \u00e1rbitros. &nbsp; O prazo de inscri\u00e7\u00e3o termina a 5 de abril. Cada subven\u00e7\u00e3o tem o valor de kr. 10.000 Subven\u00e7\u00e3o municipal desportiva para atletas: as subven\u00e7\u00f5es s\u00f3 podem ser atribu\u00eddas a membros das equipas desportivas de Stavanger As subven\u00e7\u00f5es s\u00e3o atribu\u00eddas a atletas que tenham [&hellip;]","og_url":"https:\/\/idrettsraadet.no\/pt-br\/subvencao-desportiva-municipal\/","og_site_name":"Idrettsr\u00e5det Stavanger","og_image":[{"url":"https:\/\/idrettsraadet.no\/wp-content\/uploads\/2019\/11\/70112463_1072761356427434_2733996492086837248_n-1024x768.jpg","type":"","width":"","height":""}],"twitter_card":"summary_large_image","twitter_misc":{"Est. tempo de leitura":"2 minutos"},"schema":{"@context":"https:\/\/schema.org","@graph":[{"@type":"WebPage","@id":"https:\/\/idrettsraadet.no\/pt-br\/subvencao-desportiva-municipal\/","url":"https:\/\/idrettsraadet.no\/pt-br\/subvencao-desportiva-municipal\/","name":"Subven\u00e7\u00e3o desportiva municipal - Idrettsr\u00e5det Stavanger","isPartOf":{"@id":"https:\/\/idrettsraadet.no\/bn\/#website"},"primaryImageOfPage":{"@id":"https:\/\/idrettsraadet.no\/pt-br\/subvencao-desportiva-municipal\/#primaryimage"},"image":{"@id":"https:\/\/idrettsraadet.no\/pt-br\/subvencao-desportiva-municipal\/#primaryimage"},"thumbnailUrl":"https:\/\/idrettsraadet.no\/wp-content\/uploads\/2019\/11\/70112463_1072761356427434_2733996492086837248_n-1024x768.jpg","datePublished":"2020-01-03T19:58:46+00:00","breadcrumb":{"@id":"https:\/\/idrettsraadet.no\/pt-br\/subvencao-desportiva-municipal\/#breadcrumb"},"inLanguage":"pt-BR","potentialAction":[{"@type":"ReadAction","target":["https:\/\/idrettsraadet.no\/pt-br\/subvencao-desportiva-municipal\/"]}]},{"@type":"ImageObject","inLanguage":"pt-BR","@id":"https:\/\/idrettsraadet.no\/pt-br\/subvencao-desportiva-municipal\/#primaryimage","url":"https:\/\/idrettsraadet.no\/wp-content\/uploads\/2019\/11\/70112463_1072761356427434_2733996492086837248_n-1024x768.jpg","contentUrl":"https:\/\/idrettsraadet.no\/wp-content\/uploads\/2019\/11\/70112463_1072761356427434_2733996492086837248_n-1024x768.jpg"},{"@type":"BreadcrumbList","@id":"https:\/\/idrettsraadet.no\/pt-br\/subvencao-desportiva-municipal\/#breadcrumb","itemListElement":[{"@type":"ListItem","position":1,"name":"Hjem","item":"https:\/\/idrettsraadet.no\/pt-br\/"},{"@type":"ListItem","position":2,"name":"Subven\u00e7\u00e3o desportiva municipal"}]},{"@type":"WebSite","@id":"https:\/\/idrettsraadet.no\/bn\/#website","url":"https:\/\/idrettsraadet.no\/bn\/","name":"Idrettsr\u00e5det Stavanger","description":"Idrett for alle.","publisher":{"@id":"https:\/\/idrettsraadet.no\/bn\/#organization"},"potentialAction":[{"@type":"SearchAction","target":{"@type":"EntryPoint","urlTemplate":"https:\/\/idrettsraadet.no\/bn\/?s={search_term_string}"},"query-input":{"@type":"PropertyValueSpecification","valueRequired":true,"valueName":"search_term_string"}}],"inLanguage":"pt-BR"},{"@type":"Organization","@id":"https:\/\/idrettsraadet.no\/bn\/#organization","name":"Stavanger Idrettsr\u00e5d","url":"https:\/\/idrettsraadet.no\/bn\/","logo":{"@type":"ImageObject","inLanguage":"pt-BR","@id":"https:\/\/idrettsraadet.no\/bn\/#\/schema\/logo\/image\/","url":"https:\/\/idrettsraadet.no\/wp-content\/uploads\/2016\/06\/logo.png","contentUrl":"https:\/\/idrettsraadet.no\/wp-content\/uploads\/2016\/06\/logo.png","width":149,"height":48,"caption":"Stavanger Idrettsr\u00e5d"},"image":{"@id":"https:\/\/idrettsraadet.no\/bn\/#\/schema\/logo\/image\/"}}]}},"_links":{"self":[{"href":"https:\/\/idrettsraadet.no\/pt-br\/wp-json\/wp\/v2\/pages\/11730","targetHints":{"allow":["GET"]}}],"collection":[{"href":"https:\/\/idrettsraadet.no\/pt-br\/wp-json\/wp\/v2\/pages"}],"about":[{"href":"https:\/\/idrettsraadet.no\/pt-br\/wp-json\/wp\/v2\/types\/page"}],"author":[{"embeddable":true,"href":"https:\/\/idrettsraadet.no\/pt-br\/wp-json\/wp\/v2\/users\/1"}],"replies":[{"embeddable":true,"href":"https:\/\/idrettsraadet.no\/pt-br\/wp-json\/wp\/v2\/comments?post=11730"}],"version-history":[{"count":1,"href":"https:\/\/idrettsraadet.no\/pt-br\/wp-json\/wp\/v2\/pages\/11730\/revisions"}],"predecessor-version":[{"id":11731,"href":"https:\/\/idrettsraadet.no\/pt-br\/wp-json\/wp\/v2\/pages\/11730\/revisions\/11731"}],"wp:attachment":[{"href":"https:\/\/idrettsraadet.no\/pt-br\/wp-json\/wp\/v2\/media?parent=11730"}],"curies":[{"name":"wp","href":"https:\/\/api.w.org\/{rel}","templated":true}]}}