{"id":11735,"date":"2020-01-03T21:07:06","date_gmt":"2020-01-03T20:07:06","guid":{"rendered":"https:\/\/idrettsraadet.no\/sobre-a-hansons-minde\/"},"modified":"2020-01-03T21:07:06","modified_gmt":"2020-01-03T20:07:06","slug":"sobre-a-hansons-minde","status":"publish","type":"page","link":"https:\/\/idrettsraadet.no\/pt-br\/sobre-a-hansons-minde\/","title":{"rendered":"Sobre a Hansons Minde"},"content":{"rendered":"<h4>Arrendamos as nossas instala\u00e7\u00f5es para v\u00e1rios eventos, como batizados, crismas, anivers\u00e1rios, casamentos, festas, cursos\/confer\u00eancias, etc.<\/h4>\n<p>&nbsp;<\/p>\n<p><img fetchpriority=\"high\" decoding=\"async\" class=\"aligncenter size-full wp-image-617\" src=\"http:\/\/109.199.118.79\/~rekylweb\/clients\/idrettsraadet.no\/wp-content\/uploads\/2016\/06\/hansonsminde.jpg\" alt=\"hansonsminde\" width=\"800\" height=\"363\" srcset=\"https:\/\/idrettsraadet.no\/wp-content\/uploads\/2016\/06\/hansonsminde.jpg 800w, https:\/\/idrettsraadet.no\/wp-content\/uploads\/2016\/06\/hansonsminde-300x136.jpg 300w, https:\/\/idrettsraadet.no\/wp-content\/uploads\/2016\/06\/hansonsminde-768x348.jpg 768w\" sizes=\"(max-width: 800px) 100vw, 800px\" \/><\/p>\n<h3><\/h3>\n<h4>A casa Stavanger Sport<\/h4>\n<p>A Hansons Minde \u00e9 propriedade do munic\u00edpio de Stavanger, mas est\u00e1, atualmente, \u00e0 disposi\u00e7\u00e3o do Desporto em Stavanger sob administra\u00e7\u00e3o do Conselho Desportivo.\u00a0O piso t\u00e9rreo disponibiliza salas de reuni\u00e3o, sem custos, \u00e0s equipas desportivas de Stavanger.\u00a0Em determinados fins-de-semana tamb\u00e9m arrendamos as nossas instala\u00e7\u00f5es para eventos.\u00a0No segundo piso, encontram-se os escrit\u00f3rios do Conselho Desportivo. Habitualmente, estamos abertos entre as 09:00 e as 15:30 nos dias \u00fateis, mas recomendamos que fa\u00e7a um agendamento caso pretenda uma reuni\u00e3o.<\/p>\n<h4>A hist\u00f3ria da Hansons Minde<\/h4>\n<p>Hansons Minde \u00e9 o nome do edif\u00edcio onde est\u00e1 sediado o Conselho Desportivo. O nome vem de Bernhard Hanson, nascido em 1821, que era professor de desenho na Escola Kongsg\u00e5rd. Ele comprou uma pequena parcela da quinta Tjensvold e construiu uma pequena casa de pedra cinza que mais tarde foi consideravelmente ampliada. Tamb\u00e9m construiu quatro lagos e experimentou a cria\u00e7\u00e3o artificial de peixes. Hanson morreu em 1883 e a sua cole\u00e7\u00e3o de antiguidades, itens etnogr\u00e1ficos e m\u00f3veis foram entregues ao Museu Stavanger, de acordo com a sua vontade. A partir do pre\u00e7o de venda, foi criada uma subven\u00e7\u00e3o a favor do Museu Stavanger.<\/p>\n<p>&nbsp;<\/p>\n<p><img decoding=\"async\" class=\"wp-image-1954 size-full aligncenter\" src=\"http:\/\/localhost\/idrettsraadet\/wp-content\/uploads\/2016\/06\/Gammelt-bilde.jpg\" alt=\"Gammelt bilde\" width=\"600\" height=\"435\" srcset=\"https:\/\/idrettsraadet.no\/wp-content\/uploads\/2016\/06\/Gammelt-bilde.jpg 600w, https:\/\/idrettsraadet.no\/wp-content\/uploads\/2016\/06\/Gammelt-bilde-300x218.jpg 300w\" sizes=\"(max-width: 600px) 100vw, 600px\" \/><\/p>\n<p>&nbsp;<\/p>\n<p>Isto \u00e9 um pouco da hist\u00f3ria, mas pode ler mais sobre isto <a href=\"http:\/\/109.199.118.79\/~rekylweb\/clients\/idrettsraadet.no\/wp-content\/uploads\/2016\/06\/HanssonsMinde_historie_web.ppt\">aqui<\/a>. No entanto, existem algumas lacunas, principalmente na hist\u00f3ria recente, por isso, se algu\u00e9m por a\u00ed souber mais sobre a hist\u00f3ria do edif\u00edcio e preferencialmente tem algumas fotos, estamos muito interessados em entrar em contacto consigo.<br \/>\nAl\u00e9m disso, n\u00e3o \u00e9 claro se Hanson se escreve com um ou dois S. H\u00e1 v\u00e1rias fontes fi\u00e1veis que n\u00e3o coincidem, por exemplo, o nome tem dois S na l\u00e1pide no cemit\u00e9rio de Lag\u00e5rdsveien, enquanto no antigo arquivo \u00e9 escrito tanto com um como com dois S. Por isso, escolhemos escrever o nome com dois S.<\/p>\n<p>Mas ent\u00e3o um parente, Bernhard Hanson, apareceu e confirmou que Hanson \u00e9 escrito com um \u00fanico S.<br \/>\nNesse sentido, queremos entrar em contacto com pessoas que possam ter imagens, fotografias do pr\u00f3prio Bernhard Hanson, da casa e\/ou dos seus desenhos e pinturas.\u00a0Seria especialmente maravilhoso termos alguns bons retratos deste homem de esp\u00edrito vivo.<\/p>\n","protected":false},"excerpt":{"rendered":"<p>Arrendamos as nossas instala\u00e7\u00f5es para v\u00e1rios eventos, como batizados, crismas, anivers\u00e1rios, casamentos, festas, cursos\/confer\u00eancias, etc. &nbsp; A casa Stavanger Sport A Hansons Minde \u00e9 propriedade do munic\u00edpio de Stavanger, mas est\u00e1, atualmente, \u00e0 disposi\u00e7\u00e3o do Desporto em Stavanger sob administra\u00e7\u00e3o do Conselho Desportivo.\u00a0O piso t\u00e9rreo disponibiliza salas de reuni\u00e3o, sem custos, \u00e0s equipas desportivas de [&hellip;]<\/p>\n","protected":false},"author":1,"featured_media":0,"parent":0,"menu_order":0,"comment_status":"closed","ping_status":"closed","template":"","meta":{"site-sidebar-layout":"right-sidebar","site-content-layout":"default","ast-site-content-layout":"default","site-content-style":"default","site-sidebar-style":"default","ast-global-header-display":"","ast-banner-title-visibility":"","ast-main-header-display":"","ast-hfb-above-header-display":"","ast-hfb-below-header-display":"","ast-hfb-mobile-header-display":"","site-post-title":"","ast-breadcrumbs-content":"","ast-featured-img":"","footer-sml-layout":"","ast-disable-related-posts":"","theme-transparent-header-meta":"","adv-header-id-meta":"","stick-header-meta":"default","header-above-stick-meta":"","header-main-stick-meta":"","header-below-stick-meta":"","astra-migrate-meta-layouts":"default","ast-page-background-enabled":"default","ast-page-background-meta":{"desktop":{"background-color":"","background-image":"","background-repeat":"repeat","background-position":"center center","background-size":"auto","background-attachment":"scroll","background-type":"","background-media":"","overlay-type":"","overlay-color":"","overlay-opacity":"","overlay-gradient":""},"tablet":{"background-color":"","background-image":"","background-repeat":"repeat","background-position":"center center","background-size":"auto","background-attachment":"scroll","background-type":"","background-media":"","overlay-type":"","overlay-color":"","overlay-opacity":"","overlay-gradient":""},"mobile":{"background-color":"","background-image":"","background-repeat":"repeat","background-position":"center center","background-size":"auto","background-attachment":"scroll","background-type":"","background-media":"","overlay-type":"","overlay-color":"","overlay-opacity":"","overlay-gradient":""}},"ast-content-background-meta":{"desktop":{"background-color":"var(--ast-global-color-5)","background-image":"","background-repeat":"repeat","background-position":"center center","background-size":"auto","background-attachment":"scroll","background-type":"","background-media":"","overlay-type":"","overlay-color":"","overlay-opacity":"","overlay-gradient":""},"tablet":{"background-color":"var(--ast-global-color-5)","background-image":"","background-repeat":"repeat","background-position":"center center","background-size":"auto","background-attachment":"scroll","background-type":"","background-media":"","overlay-type":"","overlay-color":"","overlay-opacity":"","overlay-gradient":""},"mobile":{"background-color":"var(--ast-global-color-5)","background-image":"","background-repeat":"repeat","background-position":"center center","background-size":"auto","background-attachment":"scroll","background-type":"","background-media":"","overlay-type":"","overlay-color":"","overlay-opacity":"","overlay-gradient":""}},"footnotes":""},"class_list":["post-11735","page","type-page","status-publish","hentry"],"yoast_head":"<!-- This site is optimized with the Yoast SEO plugin v27.4 - https:\/\/yoast.com\/product\/yoast-seo-wordpress\/ -->\n<title>Sobre a Hansons Minde - Idrettsr\u00e5det Stavanger<\/title>\n<meta name=\"robots\" content=\"index, follow, max-snippet:-1, max-image-preview:large, max-video-preview:-1\" \/>\n<link rel=\"canonical\" href=\"https:\/\/idrettsraadet.no\/pt-br\/sobre-a-hansons-minde\/\" \/>\n<meta property=\"og:locale\" content=\"pt_BR\" \/>\n<meta property=\"og:type\" content=\"article\" \/>\n<meta property=\"og:title\" content=\"Sobre a Hansons Minde - Idrettsr\u00e5det Stavanger\" \/>\n<meta property=\"og:description\" content=\"Arrendamos as nossas instala\u00e7\u00f5es para v\u00e1rios eventos, como batizados, crismas, anivers\u00e1rios, casamentos, festas, cursos\/confer\u00eancias, etc. &nbsp; A casa Stavanger Sport A Hansons Minde \u00e9 propriedade do munic\u00edpio de Stavanger, mas est\u00e1, atualmente, \u00e0 disposi\u00e7\u00e3o do Desporto em Stavanger sob administra\u00e7\u00e3o do Conselho Desportivo.\u00a0O piso t\u00e9rreo disponibiliza salas de reuni\u00e3o, sem custos, \u00e0s equipas desportivas de [&hellip;]\" \/>\n<meta property=\"og:url\" content=\"https:\/\/idrettsraadet.no\/pt-br\/sobre-a-hansons-minde\/\" \/>\n<meta property=\"og:site_name\" content=\"Idrettsr\u00e5det Stavanger\" \/>\n<meta property=\"og:image\" content=\"http:\/\/109.199.118.79\/~rekylweb\/clients\/idrettsraadet.no\/wp-content\/uploads\/2016\/06\/hansonsminde.jpg\" \/>\n<meta name=\"twitter:card\" content=\"summary_large_image\" \/>\n<meta name=\"twitter:label1\" content=\"Est. tempo de leitura\" \/>\n\t<meta name=\"twitter:data1\" content=\"2 minutos\" \/>\n<script type=\"application\/ld+json\" class=\"yoast-schema-graph\">{\"@context\":\"https:\\\/\\\/schema.org\",\"@graph\":[{\"@type\":\"WebPage\",\"@id\":\"https:\\\/\\\/idrettsraadet.no\\\/pt-br\\\/sobre-a-hansons-minde\\\/\",\"url\":\"https:\\\/\\\/idrettsraadet.no\\\/pt-br\\\/sobre-a-hansons-minde\\\/\",\"name\":\"Sobre a Hansons Minde - Idrettsr\u00e5det Stavanger\",\"isPartOf\":{\"@id\":\"https:\\\/\\\/idrettsraadet.no\\\/bn\\\/#website\"},\"primaryImageOfPage\":{\"@id\":\"https:\\\/\\\/idrettsraadet.no\\\/pt-br\\\/sobre-a-hansons-minde\\\/#primaryimage\"},\"image\":{\"@id\":\"https:\\\/\\\/idrettsraadet.no\\\/pt-br\\\/sobre-a-hansons-minde\\\/#primaryimage\"},\"thumbnailUrl\":\"http:\\\/\\\/109.199.118.79\\\/~rekylweb\\\/clients\\\/idrettsraadet.no\\\/wp-content\\\/uploads\\\/2016\\\/06\\\/hansonsminde.jpg\",\"datePublished\":\"2020-01-03T20:07:06+00:00\",\"breadcrumb\":{\"@id\":\"https:\\\/\\\/idrettsraadet.no\\\/pt-br\\\/sobre-a-hansons-minde\\\/#breadcrumb\"},\"inLanguage\":\"pt-BR\",\"potentialAction\":[{\"@type\":\"ReadAction\",\"target\":[\"https:\\\/\\\/idrettsraadet.no\\\/pt-br\\\/sobre-a-hansons-minde\\\/\"]}]},{\"@type\":\"ImageObject\",\"inLanguage\":\"pt-BR\",\"@id\":\"https:\\\/\\\/idrettsraadet.no\\\/pt-br\\\/sobre-a-hansons-minde\\\/#primaryimage\",\"url\":\"http:\\\/\\\/109.199.118.79\\\/~rekylweb\\\/clients\\\/idrettsraadet.no\\\/wp-content\\\/uploads\\\/2016\\\/06\\\/hansonsminde.jpg\",\"contentUrl\":\"http:\\\/\\\/109.199.118.79\\\/~rekylweb\\\/clients\\\/idrettsraadet.no\\\/wp-content\\\/uploads\\\/2016\\\/06\\\/hansonsminde.jpg\"},{\"@type\":\"BreadcrumbList\",\"@id\":\"https:\\\/\\\/idrettsraadet.no\\\/pt-br\\\/sobre-a-hansons-minde\\\/#breadcrumb\",\"itemListElement\":[{\"@type\":\"ListItem\",\"position\":1,\"name\":\"Hjem\",\"item\":\"https:\\\/\\\/idrettsraadet.no\\\/pt-br\\\/\"},{\"@type\":\"ListItem\",\"position\":2,\"name\":\"Sobre a Hansons Minde\"}]},{\"@type\":\"WebSite\",\"@id\":\"https:\\\/\\\/idrettsraadet.no\\\/bn\\\/#website\",\"url\":\"https:\\\/\\\/idrettsraadet.no\\\/bn\\\/\",\"name\":\"Idrettsr\u00e5det Stavanger\",\"description\":\"Idrett for alle.\",\"publisher\":{\"@id\":\"https:\\\/\\\/idrettsraadet.no\\\/bn\\\/#organization\"},\"potentialAction\":[{\"@type\":\"SearchAction\",\"target\":{\"@type\":\"EntryPoint\",\"urlTemplate\":\"https:\\\/\\\/idrettsraadet.no\\\/bn\\\/?s={search_term_string}\"},\"query-input\":{\"@type\":\"PropertyValueSpecification\",\"valueRequired\":true,\"valueName\":\"search_term_string\"}}],\"inLanguage\":\"pt-BR\"},{\"@type\":\"Organization\",\"@id\":\"https:\\\/\\\/idrettsraadet.no\\\/bn\\\/#organization\",\"name\":\"Stavanger Idrettsr\u00e5d\",\"url\":\"https:\\\/\\\/idrettsraadet.no\\\/bn\\\/\",\"logo\":{\"@type\":\"ImageObject\",\"inLanguage\":\"pt-BR\",\"@id\":\"https:\\\/\\\/idrettsraadet.no\\\/bn\\\/#\\\/schema\\\/logo\\\/image\\\/\",\"url\":\"https:\\\/\\\/idrettsraadet.no\\\/wp-content\\\/uploads\\\/2016\\\/06\\\/logo.png\",\"contentUrl\":\"https:\\\/\\\/idrettsraadet.no\\\/wp-content\\\/uploads\\\/2016\\\/06\\\/logo.png\",\"width\":149,\"height\":48,\"caption\":\"Stavanger Idrettsr\u00e5d\"},\"image\":{\"@id\":\"https:\\\/\\\/idrettsraadet.no\\\/bn\\\/#\\\/schema\\\/logo\\\/image\\\/\"}}]}<\/script>\n<!-- \/ Yoast SEO plugin. -->","yoast_head_json":{"title":"Sobre a Hansons Minde - Idrettsr\u00e5det Stavanger","robots":{"index":"index","follow":"follow","max-snippet":"max-snippet:-1","max-image-preview":"max-image-preview:large","max-video-preview":"max-video-preview:-1"},"canonical":"https:\/\/idrettsraadet.no\/pt-br\/sobre-a-hansons-minde\/","og_locale":"pt_BR","og_type":"article","og_title":"Sobre a Hansons Minde - Idrettsr\u00e5det Stavanger","og_description":"Arrendamos as nossas instala\u00e7\u00f5es para v\u00e1rios eventos, como batizados, crismas, anivers\u00e1rios, casamentos, festas, cursos\/confer\u00eancias, etc. &nbsp; A casa Stavanger Sport A Hansons Minde \u00e9 propriedade do munic\u00edpio de Stavanger, mas est\u00e1, atualmente, \u00e0 disposi\u00e7\u00e3o do Desporto em Stavanger sob administra\u00e7\u00e3o do Conselho Desportivo.\u00a0O piso t\u00e9rreo disponibiliza salas de reuni\u00e3o, sem custos, \u00e0s equipas desportivas de [&hellip;]","og_url":"https:\/\/idrettsraadet.no\/pt-br\/sobre-a-hansons-minde\/","og_site_name":"Idrettsr\u00e5det Stavanger","og_image":[{"url":"http:\/\/109.199.118.79\/~rekylweb\/clients\/idrettsraadet.no\/wp-content\/uploads\/2016\/06\/hansonsminde.jpg","type":"","width":"","height":""}],"twitter_card":"summary_large_image","twitter_misc":{"Est. tempo de leitura":"2 minutos"},"schema":{"@context":"https:\/\/schema.org","@graph":[{"@type":"WebPage","@id":"https:\/\/idrettsraadet.no\/pt-br\/sobre-a-hansons-minde\/","url":"https:\/\/idrettsraadet.no\/pt-br\/sobre-a-hansons-minde\/","name":"Sobre a Hansons Minde - Idrettsr\u00e5det Stavanger","isPartOf":{"@id":"https:\/\/idrettsraadet.no\/bn\/#website"},"primaryImageOfPage":{"@id":"https:\/\/idrettsraadet.no\/pt-br\/sobre-a-hansons-minde\/#primaryimage"},"image":{"@id":"https:\/\/idrettsraadet.no\/pt-br\/sobre-a-hansons-minde\/#primaryimage"},"thumbnailUrl":"http:\/\/109.199.118.79\/~rekylweb\/clients\/idrettsraadet.no\/wp-content\/uploads\/2016\/06\/hansonsminde.jpg","datePublished":"2020-01-03T20:07:06+00:00","breadcrumb":{"@id":"https:\/\/idrettsraadet.no\/pt-br\/sobre-a-hansons-minde\/#breadcrumb"},"inLanguage":"pt-BR","potentialAction":[{"@type":"ReadAction","target":["https:\/\/idrettsraadet.no\/pt-br\/sobre-a-hansons-minde\/"]}]},{"@type":"ImageObject","inLanguage":"pt-BR","@id":"https:\/\/idrettsraadet.no\/pt-br\/sobre-a-hansons-minde\/#primaryimage","url":"http:\/\/109.199.118.79\/~rekylweb\/clients\/idrettsraadet.no\/wp-content\/uploads\/2016\/06\/hansonsminde.jpg","contentUrl":"http:\/\/109.199.118.79\/~rekylweb\/clients\/idrettsraadet.no\/wp-content\/uploads\/2016\/06\/hansonsminde.jpg"},{"@type":"BreadcrumbList","@id":"https:\/\/idrettsraadet.no\/pt-br\/sobre-a-hansons-minde\/#breadcrumb","itemListElement":[{"@type":"ListItem","position":1,"name":"Hjem","item":"https:\/\/idrettsraadet.no\/pt-br\/"},{"@type":"ListItem","position":2,"name":"Sobre a Hansons Minde"}]},{"@type":"WebSite","@id":"https:\/\/idrettsraadet.no\/bn\/#website","url":"https:\/\/idrettsraadet.no\/bn\/","name":"Idrettsr\u00e5det Stavanger","description":"Idrett for alle.","publisher":{"@id":"https:\/\/idrettsraadet.no\/bn\/#organization"},"potentialAction":[{"@type":"SearchAction","target":{"@type":"EntryPoint","urlTemplate":"https:\/\/idrettsraadet.no\/bn\/?s={search_term_string}"},"query-input":{"@type":"PropertyValueSpecification","valueRequired":true,"valueName":"search_term_string"}}],"inLanguage":"pt-BR"},{"@type":"Organization","@id":"https:\/\/idrettsraadet.no\/bn\/#organization","name":"Stavanger Idrettsr\u00e5d","url":"https:\/\/idrettsraadet.no\/bn\/","logo":{"@type":"ImageObject","inLanguage":"pt-BR","@id":"https:\/\/idrettsraadet.no\/bn\/#\/schema\/logo\/image\/","url":"https:\/\/idrettsraadet.no\/wp-content\/uploads\/2016\/06\/logo.png","contentUrl":"https:\/\/idrettsraadet.no\/wp-content\/uploads\/2016\/06\/logo.png","width":149,"height":48,"caption":"Stavanger Idrettsr\u00e5d"},"image":{"@id":"https:\/\/idrettsraadet.no\/bn\/#\/schema\/logo\/image\/"}}]}},"_links":{"self":[{"href":"https:\/\/idrettsraadet.no\/pt-br\/wp-json\/wp\/v2\/pages\/11735","targetHints":{"allow":["GET"]}}],"collection":[{"href":"https:\/\/idrettsraadet.no\/pt-br\/wp-json\/wp\/v2\/pages"}],"about":[{"href":"https:\/\/idrettsraadet.no\/pt-br\/wp-json\/wp\/v2\/types\/page"}],"author":[{"embeddable":true,"href":"https:\/\/idrettsraadet.no\/pt-br\/wp-json\/wp\/v2\/users\/1"}],"replies":[{"embeddable":true,"href":"https:\/\/idrettsraadet.no\/pt-br\/wp-json\/wp\/v2\/comments?post=11735"}],"version-history":[{"count":0,"href":"https:\/\/idrettsraadet.no\/pt-br\/wp-json\/wp\/v2\/pages\/11735\/revisions"}],"wp:attachment":[{"href":"https:\/\/idrettsraadet.no\/pt-br\/wp-json\/wp\/v2\/media?parent=11735"}],"curies":[{"name":"wp","href":"https:\/\/api.w.org\/{rel}","templated":true}]}}