{"id":11738,"date":"2020-01-03T21:08:56","date_gmt":"2020-01-03T20:08:56","guid":{"rendered":"https:\/\/idrettsraadet.no\/subsidios\/"},"modified":"2020-01-03T21:08:56","modified_gmt":"2020-01-03T20:08:56","slug":"subsidios","status":"publish","type":"page","link":"https:\/\/idrettsraadet.no\/pt-br\/subsidios\/","title":{"rendered":"Subs\u00eddios"},"content":{"rendered":"<p><em><u>Formul\u00e1rios de candidatura<\/u><\/em><\/p>\n<p><strong>Hansons Minde<\/strong><\/p>\n<p><a href=\"https:\/\/response.questback.com\/idrettsvg\/aenx27jmvh\"><em>Arrendamento de Hansons Minde<\/em><\/a><\/p>\n<p><a href=\"https:\/\/response.questback.com\/idrettsvg\/mval1ib8kj\">Avalia\u00e7\u00e3o dos termos de arrendamento em Hansons Minde<\/a><\/p>\n<p><strong>Idrett+ (Sport+)<\/strong><\/p>\n<p><a href=\"https:\/\/response.questback.com\/idrettsvg\/xjorgbxjls\">Candidatura ao apoio das iniciativas Idrett+<\/a><\/p>\n<p><strong>Idrettspatruljen (a Patrulha do desporto)<\/strong><\/p>\n<p><a href=\"https:\/\/response.questback.com\/idrettsvg\/lveqo0lc8a\">Candidatura a uma visita da <\/a>Idrettspatruljen<\/p>\n<p><strong>Subven\u00e7\u00e3o desportiva municipal<\/strong><\/p>\n<p><a href=\"https:\/\/response.questback.com\/idrettsvg\/st0diq6mkg\">Subven\u00e7\u00e3o municipal desportiva para treinadores\/l\u00edderes\/ju\u00edzes<\/a><\/p>\n<p><a href=\"https:\/\/response.questback.com\/idrettsvg\/nf5utprvea\">Subven\u00e7\u00e3o desportiva municipal para atletas<\/a><\/p>\n<p><strong>Pr\u00e9mio de iniciativa do clube<\/strong><\/p>\n<p><a href=\"https:\/\/response.questback.com\/idrettsvg\/ftv1iegk8y\">Nomea\u00e7\u00e3o para o pr\u00e9mio<\/a> Initiativa do Clube<\/p>\n<p><strong>Subs\u00eddio municipal de opera\u00e7\u00e3o e LAM (financiamento do desporto local)<\/strong><\/p>\n<p><a href=\"https:\/\/response.questback.com\/idrettsvg\/uewfdht8sg\">Formul\u00e1rio de candidatura ao Subs\u00eddio municipal de opera\u00e7\u00e3o e LAM<\/a><\/p>\n","protected":false},"excerpt":{"rendered":"<p>Formul\u00e1rios de candidatura Hansons Minde Arrendamento de Hansons Minde Avalia\u00e7\u00e3o dos termos de arrendamento em Hansons Minde Idrett+ (Sport+) Candidatura ao apoio das iniciativas Idrett+ Idrettspatruljen (a Patrulha do desporto) Candidatura a uma visita da Idrettspatruljen Subven\u00e7\u00e3o desportiva municipal Subven\u00e7\u00e3o municipal desportiva para treinadores\/l\u00edderes\/ju\u00edzes Subven\u00e7\u00e3o desportiva municipal para atletas Pr\u00e9mio de iniciativa do clube Nomea\u00e7\u00e3o [&hellip;]<\/p>\n","protected":false},"author":1,"featured_media":0,"parent":0,"menu_order":0,"comment_status":"closed","ping_status":"closed","template":"","meta":{"site-sidebar-layout":"default","site-content-layout":"default","ast-site-content-layout":"default","site-content-style":"default","site-sidebar-style":"default","ast-global-header-display":"","ast-banner-title-visibility":"","ast-main-header-display":"","ast-hfb-above-header-display":"","ast-hfb-below-header-display":"","ast-hfb-mobile-header-display":"","site-post-title":"","ast-breadcrumbs-content":"","ast-featured-img":"","footer-sml-layout":"","ast-disable-related-posts":"","theme-transparent-header-meta":"default","adv-header-id-meta":"","stick-header-meta":"default","header-above-stick-meta":"","header-main-stick-meta":"","header-below-stick-meta":"","astra-migrate-meta-layouts":"default","ast-page-background-enabled":"default","ast-page-background-meta":{"desktop":{"background-color":"","background-image":"","background-repeat":"repeat","background-position":"center center","background-size":"auto","background-attachment":"scroll","background-type":"","background-media":"","overlay-type":"","overlay-color":"","overlay-opacity":"","overlay-gradient":""},"tablet":{"background-color":"","background-image":"","background-repeat":"repeat","background-position":"center center","background-size":"auto","background-attachment":"scroll","background-type":"","background-media":"","overlay-type":"","overlay-color":"","overlay-opacity":"","overlay-gradient":""},"mobile":{"background-color":"","background-image":"","background-repeat":"repeat","background-position":"center center","background-size":"auto","background-attachment":"scroll","background-type":"","background-media":"","overlay-type":"","overlay-color":"","overlay-opacity":"","overlay-gradient":""}},"ast-content-background-meta":{"desktop":{"background-color":"var(--ast-global-color-5)","background-image":"","background-repeat":"repeat","background-position":"center center","background-size":"auto","background-attachment":"scroll","background-type":"","background-media":"","overlay-type":"","overlay-color":"","overlay-opacity":"","overlay-gradient":""},"tablet":{"background-color":"var(--ast-global-color-5)","background-image":"","background-repeat":"repeat","background-position":"center center","background-size":"auto","background-attachment":"scroll","background-type":"","background-media":"","overlay-type":"","overlay-color":"","overlay-opacity":"","overlay-gradient":""},"mobile":{"background-color":"var(--ast-global-color-5)","background-image":"","background-repeat":"repeat","background-position":"center center","background-size":"auto","background-attachment":"scroll","background-type":"","background-media":"","overlay-type":"","overlay-color":"","overlay-opacity":"","overlay-gradient":""}},"footnotes":""},"class_list":["post-11738","page","type-page","status-publish","hentry"],"yoast_head":"<!-- This site is optimized with the Yoast SEO plugin v27.4 - https:\/\/yoast.com\/product\/yoast-seo-wordpress\/ -->\n<title>Subs\u00eddios - Idrettsr\u00e5det Stavanger<\/title>\n<meta name=\"robots\" content=\"index, follow, max-snippet:-1, max-image-preview:large, max-video-preview:-1\" \/>\n<link rel=\"canonical\" href=\"https:\/\/idrettsraadet.no\/pt-br\/subsidios\/\" \/>\n<meta property=\"og:locale\" content=\"pt_BR\" \/>\n<meta property=\"og:type\" content=\"article\" \/>\n<meta property=\"og:title\" content=\"Subs\u00eddios - Idrettsr\u00e5det Stavanger\" \/>\n<meta property=\"og:description\" content=\"Formul\u00e1rios de candidatura Hansons Minde Arrendamento de Hansons Minde Avalia\u00e7\u00e3o dos termos de arrendamento em Hansons Minde Idrett+ (Sport+) Candidatura ao apoio das iniciativas Idrett+ Idrettspatruljen (a Patrulha do desporto) Candidatura a uma visita da Idrettspatruljen Subven\u00e7\u00e3o desportiva municipal Subven\u00e7\u00e3o municipal desportiva para treinadores\/l\u00edderes\/ju\u00edzes Subven\u00e7\u00e3o desportiva municipal para atletas Pr\u00e9mio de iniciativa do clube Nomea\u00e7\u00e3o [&hellip;]\" \/>\n<meta property=\"og:url\" content=\"https:\/\/idrettsraadet.no\/pt-br\/subsidios\/\" \/>\n<meta property=\"og:site_name\" content=\"Idrettsr\u00e5det Stavanger\" \/>\n<meta name=\"twitter:card\" content=\"summary_large_image\" \/>\n<script type=\"application\/ld+json\" class=\"yoast-schema-graph\">{\"@context\":\"https:\\\/\\\/schema.org\",\"@graph\":[{\"@type\":\"WebPage\",\"@id\":\"https:\\\/\\\/idrettsraadet.no\\\/pt-br\\\/subsidios\\\/\",\"url\":\"https:\\\/\\\/idrettsraadet.no\\\/pt-br\\\/subsidios\\\/\",\"name\":\"Subs\u00eddios - Idrettsr\u00e5det Stavanger\",\"isPartOf\":{\"@id\":\"https:\\\/\\\/idrettsraadet.no\\\/bn\\\/#website\"},\"datePublished\":\"2020-01-03T20:08:56+00:00\",\"breadcrumb\":{\"@id\":\"https:\\\/\\\/idrettsraadet.no\\\/pt-br\\\/subsidios\\\/#breadcrumb\"},\"inLanguage\":\"pt-BR\",\"potentialAction\":[{\"@type\":\"ReadAction\",\"target\":[\"https:\\\/\\\/idrettsraadet.no\\\/pt-br\\\/subsidios\\\/\"]}]},{\"@type\":\"BreadcrumbList\",\"@id\":\"https:\\\/\\\/idrettsraadet.no\\\/pt-br\\\/subsidios\\\/#breadcrumb\",\"itemListElement\":[{\"@type\":\"ListItem\",\"position\":1,\"name\":\"Hjem\",\"item\":\"https:\\\/\\\/idrettsraadet.no\\\/pt-br\\\/\"},{\"@type\":\"ListItem\",\"position\":2,\"name\":\"Subs\u00eddios\"}]},{\"@type\":\"WebSite\",\"@id\":\"https:\\\/\\\/idrettsraadet.no\\\/bn\\\/#website\",\"url\":\"https:\\\/\\\/idrettsraadet.no\\\/bn\\\/\",\"name\":\"Idrettsr\u00e5det Stavanger\",\"description\":\"Idrett for alle.\",\"publisher\":{\"@id\":\"https:\\\/\\\/idrettsraadet.no\\\/bn\\\/#organization\"},\"potentialAction\":[{\"@type\":\"SearchAction\",\"target\":{\"@type\":\"EntryPoint\",\"urlTemplate\":\"https:\\\/\\\/idrettsraadet.no\\\/bn\\\/?s={search_term_string}\"},\"query-input\":{\"@type\":\"PropertyValueSpecification\",\"valueRequired\":true,\"valueName\":\"search_term_string\"}}],\"inLanguage\":\"pt-BR\"},{\"@type\":\"Organization\",\"@id\":\"https:\\\/\\\/idrettsraadet.no\\\/bn\\\/#organization\",\"name\":\"Stavanger Idrettsr\u00e5d\",\"url\":\"https:\\\/\\\/idrettsraadet.no\\\/bn\\\/\",\"logo\":{\"@type\":\"ImageObject\",\"inLanguage\":\"pt-BR\",\"@id\":\"https:\\\/\\\/idrettsraadet.no\\\/bn\\\/#\\\/schema\\\/logo\\\/image\\\/\",\"url\":\"https:\\\/\\\/idrettsraadet.no\\\/wp-content\\\/uploads\\\/2016\\\/06\\\/logo.png\",\"contentUrl\":\"https:\\\/\\\/idrettsraadet.no\\\/wp-content\\\/uploads\\\/2016\\\/06\\\/logo.png\",\"width\":149,\"height\":48,\"caption\":\"Stavanger Idrettsr\u00e5d\"},\"image\":{\"@id\":\"https:\\\/\\\/idrettsraadet.no\\\/bn\\\/#\\\/schema\\\/logo\\\/image\\\/\"}}]}<\/script>\n<!-- \/ Yoast SEO plugin. -->","yoast_head_json":{"title":"Subs\u00eddios - Idrettsr\u00e5det Stavanger","robots":{"index":"index","follow":"follow","max-snippet":"max-snippet:-1","max-image-preview":"max-image-preview:large","max-video-preview":"max-video-preview:-1"},"canonical":"https:\/\/idrettsraadet.no\/pt-br\/subsidios\/","og_locale":"pt_BR","og_type":"article","og_title":"Subs\u00eddios - Idrettsr\u00e5det Stavanger","og_description":"Formul\u00e1rios de candidatura Hansons Minde Arrendamento de Hansons Minde Avalia\u00e7\u00e3o dos termos de arrendamento em Hansons Minde Idrett+ (Sport+) Candidatura ao apoio das iniciativas Idrett+ Idrettspatruljen (a Patrulha do desporto) Candidatura a uma visita da Idrettspatruljen Subven\u00e7\u00e3o desportiva municipal Subven\u00e7\u00e3o municipal desportiva para treinadores\/l\u00edderes\/ju\u00edzes Subven\u00e7\u00e3o desportiva municipal para atletas Pr\u00e9mio de iniciativa do clube Nomea\u00e7\u00e3o [&hellip;]","og_url":"https:\/\/idrettsraadet.no\/pt-br\/subsidios\/","og_site_name":"Idrettsr\u00e5det Stavanger","twitter_card":"summary_large_image","schema":{"@context":"https:\/\/schema.org","@graph":[{"@type":"WebPage","@id":"https:\/\/idrettsraadet.no\/pt-br\/subsidios\/","url":"https:\/\/idrettsraadet.no\/pt-br\/subsidios\/","name":"Subs\u00eddios - Idrettsr\u00e5det Stavanger","isPartOf":{"@id":"https:\/\/idrettsraadet.no\/bn\/#website"},"datePublished":"2020-01-03T20:08:56+00:00","breadcrumb":{"@id":"https:\/\/idrettsraadet.no\/pt-br\/subsidios\/#breadcrumb"},"inLanguage":"pt-BR","potentialAction":[{"@type":"ReadAction","target":["https:\/\/idrettsraadet.no\/pt-br\/subsidios\/"]}]},{"@type":"BreadcrumbList","@id":"https:\/\/idrettsraadet.no\/pt-br\/subsidios\/#breadcrumb","itemListElement":[{"@type":"ListItem","position":1,"name":"Hjem","item":"https:\/\/idrettsraadet.no\/pt-br\/"},{"@type":"ListItem","position":2,"name":"Subs\u00eddios"}]},{"@type":"WebSite","@id":"https:\/\/idrettsraadet.no\/bn\/#website","url":"https:\/\/idrettsraadet.no\/bn\/","name":"Idrettsr\u00e5det Stavanger","description":"Idrett for alle.","publisher":{"@id":"https:\/\/idrettsraadet.no\/bn\/#organization"},"potentialAction":[{"@type":"SearchAction","target":{"@type":"EntryPoint","urlTemplate":"https:\/\/idrettsraadet.no\/bn\/?s={search_term_string}"},"query-input":{"@type":"PropertyValueSpecification","valueRequired":true,"valueName":"search_term_string"}}],"inLanguage":"pt-BR"},{"@type":"Organization","@id":"https:\/\/idrettsraadet.no\/bn\/#organization","name":"Stavanger Idrettsr\u00e5d","url":"https:\/\/idrettsraadet.no\/bn\/","logo":{"@type":"ImageObject","inLanguage":"pt-BR","@id":"https:\/\/idrettsraadet.no\/bn\/#\/schema\/logo\/image\/","url":"https:\/\/idrettsraadet.no\/wp-content\/uploads\/2016\/06\/logo.png","contentUrl":"https:\/\/idrettsraadet.no\/wp-content\/uploads\/2016\/06\/logo.png","width":149,"height":48,"caption":"Stavanger Idrettsr\u00e5d"},"image":{"@id":"https:\/\/idrettsraadet.no\/bn\/#\/schema\/logo\/image\/"}}]}},"_links":{"self":[{"href":"https:\/\/idrettsraadet.no\/pt-br\/wp-json\/wp\/v2\/pages\/11738","targetHints":{"allow":["GET"]}}],"collection":[{"href":"https:\/\/idrettsraadet.no\/pt-br\/wp-json\/wp\/v2\/pages"}],"about":[{"href":"https:\/\/idrettsraadet.no\/pt-br\/wp-json\/wp\/v2\/types\/page"}],"author":[{"embeddable":true,"href":"https:\/\/idrettsraadet.no\/pt-br\/wp-json\/wp\/v2\/users\/1"}],"replies":[{"embeddable":true,"href":"https:\/\/idrettsraadet.no\/pt-br\/wp-json\/wp\/v2\/comments?post=11738"}],"version-history":[{"count":0,"href":"https:\/\/idrettsraadet.no\/pt-br\/wp-json\/wp\/v2\/pages\/11738\/revisions"}],"wp:attachment":[{"href":"https:\/\/idrettsraadet.no\/pt-br\/wp-json\/wp\/v2\/media?parent=11738"}],"curies":[{"name":"wp","href":"https:\/\/api.w.org\/{rel}","templated":true}]}}