{"id":11739,"date":"2020-01-03T21:11:46","date_gmt":"2020-01-03T20:11:46","guid":{"rendered":"https:\/\/idrettsraadet.no\/subvencoes-do-municipio-de-stavanger\/"},"modified":"2020-01-03T21:11:46","modified_gmt":"2020-01-03T20:11:46","slug":"subvencoes-do-municipio-de-stavanger","status":"publish","type":"page","link":"https:\/\/idrettsraadet.no\/pt-br\/subvencoes-do-municipio-de-stavanger\/","title":{"rendered":"Subven\u00e7\u00f5es do munic\u00edpio de Stavanger"},"content":{"rendered":"<h4>Aqui est\u00e1 o link para os v\u00e1rios subs\u00eddios e os formul\u00e1rios de candidatura com os quais o departamento de desporto do Munic\u00edpio de Stavanger opera.<\/h4>\n<p>&nbsp;<\/p>\n<h5>Evento desportivo de maiores dimens\u00f5es:<\/h5>\n<p>As equipas desportivas podem candidatar-se a financiamento para grandes eventos desportivos (grandes em termos de \u00e2mbito e\/ou, no m\u00ednimo, terem o estatuto de campeonato nacional noruegu\u00eas). A candidatura \u00e9 endere\u00e7ada ao departamento de desporto no Munic\u00edpio de Stavanger.<\/p>\n<p><a href=\"https:\/\/kommune24-7.no\/1103\/\">Candidatura de apoio para grandes eventos desportivos<\/a><\/p>\n<h5><\/h5>\n<h5>Subven\u00e7\u00f5es para um cargo administrativo em equipas desportivas com departamentos de crian\u00e7as e jovens:<\/h5>\n<p>As equipas desportivas com pessoal administrativo que trabalham num cargo de uma capacidade ocupacional de, pelo menos, 40% e que s\u00e3o afiliados do Conselho Desportivo de Stavanger podem candidatar-se. Apenas \u00e9 apoiado um \u00fanico cargo em cada clube. A candidatura \u00e9 endere\u00e7ada ao departamento de desporto no Munic\u00edpio de Stavanger.<\/p>\n<p><a href=\"https:\/\/kommune24-7.no\/1103\/\">Candidatura a uma subven\u00e7\u00e3o para o cargo administrativo na equipa desportiva<\/a><\/p>\n<h5>Concess\u00e3o de instala\u00e7\u00e3o municipal:<\/h5>\n<p>Esta \u00e9 uma subven\u00e7\u00e3o que \u00e9 destinada a equipas desportivas que possuem\/arrendam instala\u00e7\u00f5es desportivas que s\u00e3o utilizadas para atividades de equipas desportivas. A candidatura \u00e9 endere\u00e7ada ao departamento de desporto no Munic\u00edpio de Stavanger.<\/p>\n<p><a href=\"https:\/\/kommune24-7.no\/1103\/\">Candidatura \u00e0 subven\u00e7\u00e3o de instala\u00e7\u00e3o<\/a><\/p>\n<h5>Candidatura de direitos de venda e publicidade em instala\u00e7\u00f5es desportivas municipais<\/h5>\n<p>Os direitos de venda e publicidade aplicam-se a toda a publicidade fixa e a todas as vendas em instala\u00e7\u00f5es desportivas municipais. A candidatura \u00e9 endere\u00e7ada ao departamento de desporto no Munic\u00edpio de Stavanger.<\/p>\n<p><a href=\"https:\/\/kommune24-7.no\/1103\/\">Candidatura de direitos de venda e publicidade em instala\u00e7\u00f5es desportivas municipais<\/a><\/p>\n","protected":false},"excerpt":{"rendered":"<p>Aqui est\u00e1 o link para os v\u00e1rios subs\u00eddios e os formul\u00e1rios de candidatura com os quais o departamento de desporto do Munic\u00edpio de Stavanger opera. &nbsp; Evento desportivo de maiores dimens\u00f5es: As equipas desportivas podem candidatar-se a financiamento para grandes eventos desportivos (grandes em termos de \u00e2mbito e\/ou, no m\u00ednimo, terem o estatuto de campeonato [&hellip;]<\/p>\n","protected":false},"author":1,"featured_media":0,"parent":0,"menu_order":0,"comment_status":"closed","ping_status":"closed","template":"","meta":{"site-sidebar-layout":"default","site-content-layout":"default","ast-site-content-layout":"default","site-content-style":"default","site-sidebar-style":"default","ast-global-header-display":"","ast-banner-title-visibility":"","ast-main-header-display":"","ast-hfb-above-header-display":"","ast-hfb-below-header-display":"","ast-hfb-mobile-header-display":"","site-post-title":"","ast-breadcrumbs-content":"","ast-featured-img":"","footer-sml-layout":"","ast-disable-related-posts":"","theme-transparent-header-meta":"default","adv-header-id-meta":"","stick-header-meta":"default","header-above-stick-meta":"","header-main-stick-meta":"","header-below-stick-meta":"","astra-migrate-meta-layouts":"default","ast-page-background-enabled":"default","ast-page-background-meta":{"desktop":{"background-color":"","background-image":"","background-repeat":"repeat","background-position":"center center","background-size":"auto","background-attachment":"scroll","background-type":"","background-media":"","overlay-type":"","overlay-color":"","overlay-opacity":"","overlay-gradient":""},"tablet":{"background-color":"","background-image":"","background-repeat":"repeat","background-position":"center center","background-size":"auto","background-attachment":"scroll","background-type":"","background-media":"","overlay-type":"","overlay-color":"","overlay-opacity":"","overlay-gradient":""},"mobile":{"background-color":"","background-image":"","background-repeat":"repeat","background-position":"center center","background-size":"auto","background-attachment":"scroll","background-type":"","background-media":"","overlay-type":"","overlay-color":"","overlay-opacity":"","overlay-gradient":""}},"ast-content-background-meta":{"desktop":{"background-color":"var(--ast-global-color-5)","background-image":"","background-repeat":"repeat","background-position":"center center","background-size":"auto","background-attachment":"scroll","background-type":"","background-media":"","overlay-type":"","overlay-color":"","overlay-opacity":"","overlay-gradient":""},"tablet":{"background-color":"var(--ast-global-color-5)","background-image":"","background-repeat":"repeat","background-position":"center center","background-size":"auto","background-attachment":"scroll","background-type":"","background-media":"","overlay-type":"","overlay-color":"","overlay-opacity":"","overlay-gradient":""},"mobile":{"background-color":"var(--ast-global-color-5)","background-image":"","background-repeat":"repeat","background-position":"center center","background-size":"auto","background-attachment":"scroll","background-type":"","background-media":"","overlay-type":"","overlay-color":"","overlay-opacity":"","overlay-gradient":""}},"footnotes":""},"class_list":["post-11739","page","type-page","status-publish","hentry"],"yoast_head":"<!-- This site is optimized with the Yoast SEO plugin v27.4 - https:\/\/yoast.com\/product\/yoast-seo-wordpress\/ -->\n<title>Subven\u00e7\u00f5es do munic\u00edpio de Stavanger - Idrettsr\u00e5det Stavanger<\/title>\n<meta name=\"robots\" content=\"index, follow, max-snippet:-1, max-image-preview:large, max-video-preview:-1\" \/>\n<link rel=\"canonical\" href=\"https:\/\/idrettsraadet.no\/pt-br\/subvencoes-do-municipio-de-stavanger\/\" \/>\n<meta property=\"og:locale\" content=\"pt_BR\" \/>\n<meta property=\"og:type\" content=\"article\" \/>\n<meta property=\"og:title\" content=\"Subven\u00e7\u00f5es do munic\u00edpio de Stavanger - Idrettsr\u00e5det Stavanger\" \/>\n<meta property=\"og:description\" content=\"Aqui est\u00e1 o link para os v\u00e1rios subs\u00eddios e os formul\u00e1rios de candidatura com os quais o departamento de desporto do Munic\u00edpio de Stavanger opera. &nbsp; Evento desportivo de maiores dimens\u00f5es: As equipas desportivas podem candidatar-se a financiamento para grandes eventos desportivos (grandes em termos de \u00e2mbito e\/ou, no m\u00ednimo, terem o estatuto de campeonato [&hellip;]\" \/>\n<meta property=\"og:url\" content=\"https:\/\/idrettsraadet.no\/pt-br\/subvencoes-do-municipio-de-stavanger\/\" \/>\n<meta property=\"og:site_name\" content=\"Idrettsr\u00e5det Stavanger\" \/>\n<meta name=\"twitter:card\" content=\"summary_large_image\" \/>\n<meta name=\"twitter:label1\" content=\"Est. tempo de leitura\" \/>\n\t<meta name=\"twitter:data1\" content=\"1 minuto\" \/>\n<script type=\"application\/ld+json\" class=\"yoast-schema-graph\">{\"@context\":\"https:\\\/\\\/schema.org\",\"@graph\":[{\"@type\":\"WebPage\",\"@id\":\"https:\\\/\\\/idrettsraadet.no\\\/pt-br\\\/subvencoes-do-municipio-de-stavanger\\\/\",\"url\":\"https:\\\/\\\/idrettsraadet.no\\\/pt-br\\\/subvencoes-do-municipio-de-stavanger\\\/\",\"name\":\"Subven\u00e7\u00f5es do munic\u00edpio de Stavanger - Idrettsr\u00e5det Stavanger\",\"isPartOf\":{\"@id\":\"https:\\\/\\\/idrettsraadet.no\\\/bn\\\/#website\"},\"datePublished\":\"2020-01-03T20:11:46+00:00\",\"breadcrumb\":{\"@id\":\"https:\\\/\\\/idrettsraadet.no\\\/pt-br\\\/subvencoes-do-municipio-de-stavanger\\\/#breadcrumb\"},\"inLanguage\":\"pt-BR\",\"potentialAction\":[{\"@type\":\"ReadAction\",\"target\":[\"https:\\\/\\\/idrettsraadet.no\\\/pt-br\\\/subvencoes-do-municipio-de-stavanger\\\/\"]}]},{\"@type\":\"BreadcrumbList\",\"@id\":\"https:\\\/\\\/idrettsraadet.no\\\/pt-br\\\/subvencoes-do-municipio-de-stavanger\\\/#breadcrumb\",\"itemListElement\":[{\"@type\":\"ListItem\",\"position\":1,\"name\":\"Hjem\",\"item\":\"https:\\\/\\\/idrettsraadet.no\\\/pt-br\\\/\"},{\"@type\":\"ListItem\",\"position\":2,\"name\":\"Subven\u00e7\u00f5es do munic\u00edpio de Stavanger\"}]},{\"@type\":\"WebSite\",\"@id\":\"https:\\\/\\\/idrettsraadet.no\\\/bn\\\/#website\",\"url\":\"https:\\\/\\\/idrettsraadet.no\\\/bn\\\/\",\"name\":\"Idrettsr\u00e5det Stavanger\",\"description\":\"Idrett for alle.\",\"publisher\":{\"@id\":\"https:\\\/\\\/idrettsraadet.no\\\/bn\\\/#organization\"},\"potentialAction\":[{\"@type\":\"SearchAction\",\"target\":{\"@type\":\"EntryPoint\",\"urlTemplate\":\"https:\\\/\\\/idrettsraadet.no\\\/bn\\\/?s={search_term_string}\"},\"query-input\":{\"@type\":\"PropertyValueSpecification\",\"valueRequired\":true,\"valueName\":\"search_term_string\"}}],\"inLanguage\":\"pt-BR\"},{\"@type\":\"Organization\",\"@id\":\"https:\\\/\\\/idrettsraadet.no\\\/bn\\\/#organization\",\"name\":\"Stavanger Idrettsr\u00e5d\",\"url\":\"https:\\\/\\\/idrettsraadet.no\\\/bn\\\/\",\"logo\":{\"@type\":\"ImageObject\",\"inLanguage\":\"pt-BR\",\"@id\":\"https:\\\/\\\/idrettsraadet.no\\\/bn\\\/#\\\/schema\\\/logo\\\/image\\\/\",\"url\":\"https:\\\/\\\/idrettsraadet.no\\\/wp-content\\\/uploads\\\/2016\\\/06\\\/logo.png\",\"contentUrl\":\"https:\\\/\\\/idrettsraadet.no\\\/wp-content\\\/uploads\\\/2016\\\/06\\\/logo.png\",\"width\":149,\"height\":48,\"caption\":\"Stavanger Idrettsr\u00e5d\"},\"image\":{\"@id\":\"https:\\\/\\\/idrettsraadet.no\\\/bn\\\/#\\\/schema\\\/logo\\\/image\\\/\"}}]}<\/script>\n<!-- \/ Yoast SEO plugin. -->","yoast_head_json":{"title":"Subven\u00e7\u00f5es do munic\u00edpio de Stavanger - Idrettsr\u00e5det Stavanger","robots":{"index":"index","follow":"follow","max-snippet":"max-snippet:-1","max-image-preview":"max-image-preview:large","max-video-preview":"max-video-preview:-1"},"canonical":"https:\/\/idrettsraadet.no\/pt-br\/subvencoes-do-municipio-de-stavanger\/","og_locale":"pt_BR","og_type":"article","og_title":"Subven\u00e7\u00f5es do munic\u00edpio de Stavanger - Idrettsr\u00e5det Stavanger","og_description":"Aqui est\u00e1 o link para os v\u00e1rios subs\u00eddios e os formul\u00e1rios de candidatura com os quais o departamento de desporto do Munic\u00edpio de Stavanger opera. &nbsp; Evento desportivo de maiores dimens\u00f5es: As equipas desportivas podem candidatar-se a financiamento para grandes eventos desportivos (grandes em termos de \u00e2mbito e\/ou, no m\u00ednimo, terem o estatuto de campeonato [&hellip;]","og_url":"https:\/\/idrettsraadet.no\/pt-br\/subvencoes-do-municipio-de-stavanger\/","og_site_name":"Idrettsr\u00e5det Stavanger","twitter_card":"summary_large_image","twitter_misc":{"Est. tempo de leitura":"1 minuto"},"schema":{"@context":"https:\/\/schema.org","@graph":[{"@type":"WebPage","@id":"https:\/\/idrettsraadet.no\/pt-br\/subvencoes-do-municipio-de-stavanger\/","url":"https:\/\/idrettsraadet.no\/pt-br\/subvencoes-do-municipio-de-stavanger\/","name":"Subven\u00e7\u00f5es do munic\u00edpio de Stavanger - Idrettsr\u00e5det Stavanger","isPartOf":{"@id":"https:\/\/idrettsraadet.no\/bn\/#website"},"datePublished":"2020-01-03T20:11:46+00:00","breadcrumb":{"@id":"https:\/\/idrettsraadet.no\/pt-br\/subvencoes-do-municipio-de-stavanger\/#breadcrumb"},"inLanguage":"pt-BR","potentialAction":[{"@type":"ReadAction","target":["https:\/\/idrettsraadet.no\/pt-br\/subvencoes-do-municipio-de-stavanger\/"]}]},{"@type":"BreadcrumbList","@id":"https:\/\/idrettsraadet.no\/pt-br\/subvencoes-do-municipio-de-stavanger\/#breadcrumb","itemListElement":[{"@type":"ListItem","position":1,"name":"Hjem","item":"https:\/\/idrettsraadet.no\/pt-br\/"},{"@type":"ListItem","position":2,"name":"Subven\u00e7\u00f5es do munic\u00edpio de Stavanger"}]},{"@type":"WebSite","@id":"https:\/\/idrettsraadet.no\/bn\/#website","url":"https:\/\/idrettsraadet.no\/bn\/","name":"Idrettsr\u00e5det Stavanger","description":"Idrett for alle.","publisher":{"@id":"https:\/\/idrettsraadet.no\/bn\/#organization"},"potentialAction":[{"@type":"SearchAction","target":{"@type":"EntryPoint","urlTemplate":"https:\/\/idrettsraadet.no\/bn\/?s={search_term_string}"},"query-input":{"@type":"PropertyValueSpecification","valueRequired":true,"valueName":"search_term_string"}}],"inLanguage":"pt-BR"},{"@type":"Organization","@id":"https:\/\/idrettsraadet.no\/bn\/#organization","name":"Stavanger Idrettsr\u00e5d","url":"https:\/\/idrettsraadet.no\/bn\/","logo":{"@type":"ImageObject","inLanguage":"pt-BR","@id":"https:\/\/idrettsraadet.no\/bn\/#\/schema\/logo\/image\/","url":"https:\/\/idrettsraadet.no\/wp-content\/uploads\/2016\/06\/logo.png","contentUrl":"https:\/\/idrettsraadet.no\/wp-content\/uploads\/2016\/06\/logo.png","width":149,"height":48,"caption":"Stavanger Idrettsr\u00e5d"},"image":{"@id":"https:\/\/idrettsraadet.no\/bn\/#\/schema\/logo\/image\/"}}]}},"_links":{"self":[{"href":"https:\/\/idrettsraadet.no\/pt-br\/wp-json\/wp\/v2\/pages\/11739","targetHints":{"allow":["GET"]}}],"collection":[{"href":"https:\/\/idrettsraadet.no\/pt-br\/wp-json\/wp\/v2\/pages"}],"about":[{"href":"https:\/\/idrettsraadet.no\/pt-br\/wp-json\/wp\/v2\/types\/page"}],"author":[{"embeddable":true,"href":"https:\/\/idrettsraadet.no\/pt-br\/wp-json\/wp\/v2\/users\/1"}],"replies":[{"embeddable":true,"href":"https:\/\/idrettsraadet.no\/pt-br\/wp-json\/wp\/v2\/comments?post=11739"}],"version-history":[{"count":0,"href":"https:\/\/idrettsraadet.no\/pt-br\/wp-json\/wp\/v2\/pages\/11739\/revisions"}],"wp:attachment":[{"href":"https:\/\/idrettsraadet.no\/pt-br\/wp-json\/wp\/v2\/media?parent=11739"}],"curies":[{"name":"wp","href":"https:\/\/api.w.org\/{rel}","templated":true}]}}