{"id":11740,"date":"2020-01-03T21:14:08","date_gmt":"2020-01-03T20:14:08","guid":{"rendered":"https:\/\/idrettsraadet.no\/atribuicoes-de-horas-de-treino\/"},"modified":"2020-01-03T21:14:08","modified_gmt":"2020-01-03T20:14:08","slug":"atribuicoes-de-horas-de-treino","status":"publish","type":"page","link":"https:\/\/idrettsraadet.no\/pt-br\/atribuicoes-de-horas-de-treino\/","title":{"rendered":"Atribui\u00e7\u00f5es de horas de treino"},"content":{"rendered":"<p><img fetchpriority=\"high\" decoding=\"async\" class=\"aligncenter size-full wp-image-716\" src=\"http:\/\/109.199.118.79\/~rekylweb\/clients\/idrettsraadet.no\/wp-content\/uploads\/2016\/06\/treningstider.jpg\" alt=\"treningstider\" width=\"1200\" height=\"594\" srcset=\"https:\/\/idrettsraadet.no\/wp-content\/uploads\/2016\/06\/treningstider.jpg 1200w, https:\/\/idrettsraadet.no\/wp-content\/uploads\/2016\/06\/treningstider-300x149.jpg 300w, https:\/\/idrettsraadet.no\/wp-content\/uploads\/2016\/06\/treningstider-768x380.jpg 768w, https:\/\/idrettsraadet.no\/wp-content\/uploads\/2016\/06\/treningstider-1024x507.jpg 1024w\" sizes=\"(max-width: 1200px) 100vw, 1200px\" \/><\/p>\n<p>&nbsp;<\/p>\n<h3>Crit\u00e9rios<\/h3>\n<p>No link abaixo est\u00e3o os crit\u00e9rios para a atribui\u00e7\u00e3o de horas de treino em instala\u00e7\u00f5es desportivas municipais, incluindo ringues e o gin\u00e1sio Turnhallen (n\u00e3o aplic\u00e1vel ao Folkehallene intermunicipal).<\/p>\n<p><a href=\"https:\/\/idrettsraadet.no\/wp-content\/uploads\/2019\/01\/kriterier-for-tildeling-av-treningstid-pa-kommunale-idrettsanlegg.pdf\">Os crit\u00e9rios para a atribui\u00e7\u00e3o de horas de treino podem ser encontrados aqui.<\/a><\/p>\n<p>&nbsp;<\/p>\n<h3>Treino ao ar livre<\/h3>\n<p><strong>Aqui vai encontrar uma vis\u00e3o geral da atribui\u00e7\u00e3o de treino para o per\u00edodo de <\/strong><a href=\"https:\/\/idrettsraadet.no\/wp-content\/uploads\/2019\/01\/Treningstider-2019.xlsx\">1 de janeiro de 2019 &#8211; 31 de dezembro de 2019<\/a><\/p>\n<p>&nbsp;<\/p>\n<h3>Treino em interiores<\/h3>\n<p><strong>Horas de treino dentro dos pavilh\u00f5es municipais: Consulte mais informa\u00e7\u00f5es nos <\/strong><a href=\"https:\/\/www.stavanger.kommune.no\/kultur-og-fritid\/idrett\/sok-treningstid-innen-1.-mars\/\">links das p\u00e1ginas do Munic\u00edpio de Stavanger aqui<\/a><\/p>\n<p>&nbsp;<\/p>\n<h3>Horas de treino em Folkhallene<\/h3>\n<p><strong>O respetivo conselho desportivo \u00e9 respons\u00e1vel por atribuir horas de treino em Folkehallene. Continue a ler para informa\u00e7\u00f5es sobre o processo de candidatura.<\/p>\n<p>S\u00f8rmarka Arena:<\/strong>\u00a0O Conselho Desportivo de Stavanger \u00e9 respons\u00e1vel pela atribui\u00e7\u00e3o de horas de treino na S\u00f8rmarka Arena. Abaixo ir\u00e1 encontrar as horas de treino para a atual \u00e9poca. O prazo de candidatura para a \u00e9poca de 2019\/2020 \u00e9 1 de mar\u00e7o de 2019. Envie uma inquira\u00e7\u00e3o para <a href=\"mailto:post@idrettsraadet.no\">post@idrettsraadet.no<\/a> para receber um pedido de horas de treino.<\/p>\n<p><strong>Sandneshallen:<\/strong>\u00a0As horas de treino em Sandneshallen s\u00e3o concedidas pelo Conselho Desportivo de Sandnes.<br \/>\n<a href=\"http:\/\/sandneshallen.no\/praktisk-informasjon\/idrettslag\/\">Mais informa\u00e7\u00f5es sobre o processo de candidatura podem ser encontradas aqui.<\/a><\/p>\n<p><strong>Randaberg Arena:\u00a0<\/strong>As horas de treino na Randaberg Arena s\u00e3o distribu\u00eddas pelo Conselho Desportivo Randaberg.<br \/>\n<a href=\"http:\/\/randaberg-arena.com\/praktisk-informasjon\/idrettslag\/\">Mais informa\u00e7\u00f5es sobre o processo de candidatura podem ser encontradas aqui.<\/a><\/p>\n","protected":false},"excerpt":{"rendered":"<p>&nbsp; Crit\u00e9rios No link abaixo est\u00e3o os crit\u00e9rios para a atribui\u00e7\u00e3o de horas de treino em instala\u00e7\u00f5es desportivas municipais, incluindo ringues e o gin\u00e1sio Turnhallen (n\u00e3o aplic\u00e1vel ao Folkehallene intermunicipal). Os crit\u00e9rios para a atribui\u00e7\u00e3o de horas de treino podem ser encontrados aqui. &nbsp; Treino ao ar livre Aqui vai encontrar uma vis\u00e3o geral da [&hellip;]<\/p>\n","protected":false},"author":1,"featured_media":0,"parent":0,"menu_order":0,"comment_status":"closed","ping_status":"closed","template":"","meta":{"site-sidebar-layout":"default","site-content-layout":"default","ast-site-content-layout":"default","site-content-style":"default","site-sidebar-style":"default","ast-global-header-display":"","ast-banner-title-visibility":"","ast-main-header-display":"","ast-hfb-above-header-display":"","ast-hfb-below-header-display":"","ast-hfb-mobile-header-display":"","site-post-title":"","ast-breadcrumbs-content":"","ast-featured-img":"","footer-sml-layout":"","ast-disable-related-posts":"","theme-transparent-header-meta":"default","adv-header-id-meta":"","stick-header-meta":"default","header-above-stick-meta":"","header-main-stick-meta":"","header-below-stick-meta":"","astra-migrate-meta-layouts":"default","ast-page-background-enabled":"default","ast-page-background-meta":{"desktop":{"background-color":"","background-image":"","background-repeat":"repeat","background-position":"center center","background-size":"auto","background-attachment":"scroll","background-type":"","background-media":"","overlay-type":"","overlay-color":"","overlay-opacity":"","overlay-gradient":""},"tablet":{"background-color":"","background-image":"","background-repeat":"repeat","background-position":"center center","background-size":"auto","background-attachment":"scroll","background-type":"","background-media":"","overlay-type":"","overlay-color":"","overlay-opacity":"","overlay-gradient":""},"mobile":{"background-color":"","background-image":"","background-repeat":"repeat","background-position":"center center","background-size":"auto","background-attachment":"scroll","background-type":"","background-media":"","overlay-type":"","overlay-color":"","overlay-opacity":"","overlay-gradient":""}},"ast-content-background-meta":{"desktop":{"background-color":"var(--ast-global-color-5)","background-image":"","background-repeat":"repeat","background-position":"center center","background-size":"auto","background-attachment":"scroll","background-type":"","background-media":"","overlay-type":"","overlay-color":"","overlay-opacity":"","overlay-gradient":""},"tablet":{"background-color":"var(--ast-global-color-5)","background-image":"","background-repeat":"repeat","background-position":"center center","background-size":"auto","background-attachment":"scroll","background-type":"","background-media":"","overlay-type":"","overlay-color":"","overlay-opacity":"","overlay-gradient":""},"mobile":{"background-color":"var(--ast-global-color-5)","background-image":"","background-repeat":"repeat","background-position":"center center","background-size":"auto","background-attachment":"scroll","background-type":"","background-media":"","overlay-type":"","overlay-color":"","overlay-opacity":"","overlay-gradient":""}},"footnotes":""},"class_list":["post-11740","page","type-page","status-publish","hentry"],"yoast_head":"<!-- This site is optimized with the Yoast SEO plugin v27.4 - https:\/\/yoast.com\/product\/yoast-seo-wordpress\/ -->\n<title>Atribui\u00e7\u00f5es de horas de treino - Idrettsr\u00e5det Stavanger<\/title>\n<meta name=\"robots\" content=\"index, follow, max-snippet:-1, max-image-preview:large, max-video-preview:-1\" \/>\n<link rel=\"canonical\" href=\"https:\/\/idrettsraadet.no\/pt-br\/atribuicoes-de-horas-de-treino\/\" \/>\n<meta property=\"og:locale\" content=\"pt_BR\" \/>\n<meta property=\"og:type\" content=\"article\" \/>\n<meta property=\"og:title\" content=\"Atribui\u00e7\u00f5es de horas de treino - Idrettsr\u00e5det Stavanger\" \/>\n<meta property=\"og:description\" content=\"&nbsp; Crit\u00e9rios No link abaixo est\u00e3o os crit\u00e9rios para a atribui\u00e7\u00e3o de horas de treino em instala\u00e7\u00f5es desportivas municipais, incluindo ringues e o gin\u00e1sio Turnhallen (n\u00e3o aplic\u00e1vel ao Folkehallene intermunicipal). Os crit\u00e9rios para a atribui\u00e7\u00e3o de horas de treino podem ser encontrados aqui. &nbsp; Treino ao ar livre Aqui vai encontrar uma vis\u00e3o geral da [&hellip;]\" \/>\n<meta property=\"og:url\" content=\"https:\/\/idrettsraadet.no\/pt-br\/atribuicoes-de-horas-de-treino\/\" \/>\n<meta property=\"og:site_name\" content=\"Idrettsr\u00e5det Stavanger\" \/>\n<meta property=\"og:image\" content=\"http:\/\/109.199.118.79\/~rekylweb\/clients\/idrettsraadet.no\/wp-content\/uploads\/2016\/06\/treningstider.jpg\" \/>\n<meta name=\"twitter:card\" content=\"summary_large_image\" \/>\n<meta name=\"twitter:label1\" content=\"Est. tempo de leitura\" \/>\n\t<meta name=\"twitter:data1\" content=\"1 minuto\" \/>\n<script type=\"application\/ld+json\" class=\"yoast-schema-graph\">{\"@context\":\"https:\\\/\\\/schema.org\",\"@graph\":[{\"@type\":\"WebPage\",\"@id\":\"https:\\\/\\\/idrettsraadet.no\\\/pt-br\\\/atribuicoes-de-horas-de-treino\\\/\",\"url\":\"https:\\\/\\\/idrettsraadet.no\\\/pt-br\\\/atribuicoes-de-horas-de-treino\\\/\",\"name\":\"Atribui\u00e7\u00f5es de horas de treino - Idrettsr\u00e5det Stavanger\",\"isPartOf\":{\"@id\":\"https:\\\/\\\/idrettsraadet.no\\\/bn\\\/#website\"},\"primaryImageOfPage\":{\"@id\":\"https:\\\/\\\/idrettsraadet.no\\\/pt-br\\\/atribuicoes-de-horas-de-treino\\\/#primaryimage\"},\"image\":{\"@id\":\"https:\\\/\\\/idrettsraadet.no\\\/pt-br\\\/atribuicoes-de-horas-de-treino\\\/#primaryimage\"},\"thumbnailUrl\":\"http:\\\/\\\/109.199.118.79\\\/~rekylweb\\\/clients\\\/idrettsraadet.no\\\/wp-content\\\/uploads\\\/2016\\\/06\\\/treningstider.jpg\",\"datePublished\":\"2020-01-03T20:14:08+00:00\",\"breadcrumb\":{\"@id\":\"https:\\\/\\\/idrettsraadet.no\\\/pt-br\\\/atribuicoes-de-horas-de-treino\\\/#breadcrumb\"},\"inLanguage\":\"pt-BR\",\"potentialAction\":[{\"@type\":\"ReadAction\",\"target\":[\"https:\\\/\\\/idrettsraadet.no\\\/pt-br\\\/atribuicoes-de-horas-de-treino\\\/\"]}]},{\"@type\":\"ImageObject\",\"inLanguage\":\"pt-BR\",\"@id\":\"https:\\\/\\\/idrettsraadet.no\\\/pt-br\\\/atribuicoes-de-horas-de-treino\\\/#primaryimage\",\"url\":\"http:\\\/\\\/109.199.118.79\\\/~rekylweb\\\/clients\\\/idrettsraadet.no\\\/wp-content\\\/uploads\\\/2016\\\/06\\\/treningstider.jpg\",\"contentUrl\":\"http:\\\/\\\/109.199.118.79\\\/~rekylweb\\\/clients\\\/idrettsraadet.no\\\/wp-content\\\/uploads\\\/2016\\\/06\\\/treningstider.jpg\"},{\"@type\":\"BreadcrumbList\",\"@id\":\"https:\\\/\\\/idrettsraadet.no\\\/pt-br\\\/atribuicoes-de-horas-de-treino\\\/#breadcrumb\",\"itemListElement\":[{\"@type\":\"ListItem\",\"position\":1,\"name\":\"Hjem\",\"item\":\"https:\\\/\\\/idrettsraadet.no\\\/pt-br\\\/\"},{\"@type\":\"ListItem\",\"position\":2,\"name\":\"Atribui\u00e7\u00f5es de horas de treino\"}]},{\"@type\":\"WebSite\",\"@id\":\"https:\\\/\\\/idrettsraadet.no\\\/bn\\\/#website\",\"url\":\"https:\\\/\\\/idrettsraadet.no\\\/bn\\\/\",\"name\":\"Idrettsr\u00e5det Stavanger\",\"description\":\"Idrett for alle.\",\"publisher\":{\"@id\":\"https:\\\/\\\/idrettsraadet.no\\\/bn\\\/#organization\"},\"potentialAction\":[{\"@type\":\"SearchAction\",\"target\":{\"@type\":\"EntryPoint\",\"urlTemplate\":\"https:\\\/\\\/idrettsraadet.no\\\/bn\\\/?s={search_term_string}\"},\"query-input\":{\"@type\":\"PropertyValueSpecification\",\"valueRequired\":true,\"valueName\":\"search_term_string\"}}],\"inLanguage\":\"pt-BR\"},{\"@type\":\"Organization\",\"@id\":\"https:\\\/\\\/idrettsraadet.no\\\/bn\\\/#organization\",\"name\":\"Stavanger Idrettsr\u00e5d\",\"url\":\"https:\\\/\\\/idrettsraadet.no\\\/bn\\\/\",\"logo\":{\"@type\":\"ImageObject\",\"inLanguage\":\"pt-BR\",\"@id\":\"https:\\\/\\\/idrettsraadet.no\\\/bn\\\/#\\\/schema\\\/logo\\\/image\\\/\",\"url\":\"https:\\\/\\\/idrettsraadet.no\\\/wp-content\\\/uploads\\\/2016\\\/06\\\/logo.png\",\"contentUrl\":\"https:\\\/\\\/idrettsraadet.no\\\/wp-content\\\/uploads\\\/2016\\\/06\\\/logo.png\",\"width\":149,\"height\":48,\"caption\":\"Stavanger Idrettsr\u00e5d\"},\"image\":{\"@id\":\"https:\\\/\\\/idrettsraadet.no\\\/bn\\\/#\\\/schema\\\/logo\\\/image\\\/\"}}]}<\/script>\n<!-- \/ Yoast SEO plugin. -->","yoast_head_json":{"title":"Atribui\u00e7\u00f5es de horas de treino - Idrettsr\u00e5det Stavanger","robots":{"index":"index","follow":"follow","max-snippet":"max-snippet:-1","max-image-preview":"max-image-preview:large","max-video-preview":"max-video-preview:-1"},"canonical":"https:\/\/idrettsraadet.no\/pt-br\/atribuicoes-de-horas-de-treino\/","og_locale":"pt_BR","og_type":"article","og_title":"Atribui\u00e7\u00f5es de horas de treino - Idrettsr\u00e5det Stavanger","og_description":"&nbsp; Crit\u00e9rios No link abaixo est\u00e3o os crit\u00e9rios para a atribui\u00e7\u00e3o de horas de treino em instala\u00e7\u00f5es desportivas municipais, incluindo ringues e o gin\u00e1sio Turnhallen (n\u00e3o aplic\u00e1vel ao Folkehallene intermunicipal). Os crit\u00e9rios para a atribui\u00e7\u00e3o de horas de treino podem ser encontrados aqui. &nbsp; Treino ao ar livre Aqui vai encontrar uma vis\u00e3o geral da [&hellip;]","og_url":"https:\/\/idrettsraadet.no\/pt-br\/atribuicoes-de-horas-de-treino\/","og_site_name":"Idrettsr\u00e5det Stavanger","og_image":[{"url":"http:\/\/109.199.118.79\/~rekylweb\/clients\/idrettsraadet.no\/wp-content\/uploads\/2016\/06\/treningstider.jpg","type":"","width":"","height":""}],"twitter_card":"summary_large_image","twitter_misc":{"Est. tempo de leitura":"1 minuto"},"schema":{"@context":"https:\/\/schema.org","@graph":[{"@type":"WebPage","@id":"https:\/\/idrettsraadet.no\/pt-br\/atribuicoes-de-horas-de-treino\/","url":"https:\/\/idrettsraadet.no\/pt-br\/atribuicoes-de-horas-de-treino\/","name":"Atribui\u00e7\u00f5es de horas de treino - Idrettsr\u00e5det Stavanger","isPartOf":{"@id":"https:\/\/idrettsraadet.no\/bn\/#website"},"primaryImageOfPage":{"@id":"https:\/\/idrettsraadet.no\/pt-br\/atribuicoes-de-horas-de-treino\/#primaryimage"},"image":{"@id":"https:\/\/idrettsraadet.no\/pt-br\/atribuicoes-de-horas-de-treino\/#primaryimage"},"thumbnailUrl":"http:\/\/109.199.118.79\/~rekylweb\/clients\/idrettsraadet.no\/wp-content\/uploads\/2016\/06\/treningstider.jpg","datePublished":"2020-01-03T20:14:08+00:00","breadcrumb":{"@id":"https:\/\/idrettsraadet.no\/pt-br\/atribuicoes-de-horas-de-treino\/#breadcrumb"},"inLanguage":"pt-BR","potentialAction":[{"@type":"ReadAction","target":["https:\/\/idrettsraadet.no\/pt-br\/atribuicoes-de-horas-de-treino\/"]}]},{"@type":"ImageObject","inLanguage":"pt-BR","@id":"https:\/\/idrettsraadet.no\/pt-br\/atribuicoes-de-horas-de-treino\/#primaryimage","url":"http:\/\/109.199.118.79\/~rekylweb\/clients\/idrettsraadet.no\/wp-content\/uploads\/2016\/06\/treningstider.jpg","contentUrl":"http:\/\/109.199.118.79\/~rekylweb\/clients\/idrettsraadet.no\/wp-content\/uploads\/2016\/06\/treningstider.jpg"},{"@type":"BreadcrumbList","@id":"https:\/\/idrettsraadet.no\/pt-br\/atribuicoes-de-horas-de-treino\/#breadcrumb","itemListElement":[{"@type":"ListItem","position":1,"name":"Hjem","item":"https:\/\/idrettsraadet.no\/pt-br\/"},{"@type":"ListItem","position":2,"name":"Atribui\u00e7\u00f5es de horas de treino"}]},{"@type":"WebSite","@id":"https:\/\/idrettsraadet.no\/bn\/#website","url":"https:\/\/idrettsraadet.no\/bn\/","name":"Idrettsr\u00e5det Stavanger","description":"Idrett for alle.","publisher":{"@id":"https:\/\/idrettsraadet.no\/bn\/#organization"},"potentialAction":[{"@type":"SearchAction","target":{"@type":"EntryPoint","urlTemplate":"https:\/\/idrettsraadet.no\/bn\/?s={search_term_string}"},"query-input":{"@type":"PropertyValueSpecification","valueRequired":true,"valueName":"search_term_string"}}],"inLanguage":"pt-BR"},{"@type":"Organization","@id":"https:\/\/idrettsraadet.no\/bn\/#organization","name":"Stavanger Idrettsr\u00e5d","url":"https:\/\/idrettsraadet.no\/bn\/","logo":{"@type":"ImageObject","inLanguage":"pt-BR","@id":"https:\/\/idrettsraadet.no\/bn\/#\/schema\/logo\/image\/","url":"https:\/\/idrettsraadet.no\/wp-content\/uploads\/2016\/06\/logo.png","contentUrl":"https:\/\/idrettsraadet.no\/wp-content\/uploads\/2016\/06\/logo.png","width":149,"height":48,"caption":"Stavanger Idrettsr\u00e5d"},"image":{"@id":"https:\/\/idrettsraadet.no\/bn\/#\/schema\/logo\/image\/"}}]}},"_links":{"self":[{"href":"https:\/\/idrettsraadet.no\/pt-br\/wp-json\/wp\/v2\/pages\/11740","targetHints":{"allow":["GET"]}}],"collection":[{"href":"https:\/\/idrettsraadet.no\/pt-br\/wp-json\/wp\/v2\/pages"}],"about":[{"href":"https:\/\/idrettsraadet.no\/pt-br\/wp-json\/wp\/v2\/types\/page"}],"author":[{"embeddable":true,"href":"https:\/\/idrettsraadet.no\/pt-br\/wp-json\/wp\/v2\/users\/1"}],"replies":[{"embeddable":true,"href":"https:\/\/idrettsraadet.no\/pt-br\/wp-json\/wp\/v2\/comments?post=11740"}],"version-history":[{"count":0,"href":"https:\/\/idrettsraadet.no\/pt-br\/wp-json\/wp\/v2\/pages\/11740\/revisions"}],"wp:attachment":[{"href":"https:\/\/idrettsraadet.no\/pt-br\/wp-json\/wp\/v2\/media?parent=11740"}],"curies":[{"name":"wp","href":"https:\/\/api.w.org\/{rel}","templated":true}]}}