{"id":11741,"date":"2020-01-03T21:20:02","date_gmt":"2020-01-03T20:20:02","guid":{"rendered":"https:\/\/idrettsraadet.no\/alugueres\/"},"modified":"2020-02-03T08:48:55","modified_gmt":"2020-02-03T07:48:55","slug":"alugueres","status":"publish","type":"page","link":"https:\/\/idrettsraadet.no\/pt-br\/alugueres\/","title":{"rendered":"Alugueres"},"content":{"rendered":"\t\t<div data-elementor-type=\"wp-post\" data-elementor-id=\"11741\" class=\"elementor elementor-11741 elementor-438\" data-elementor-post-type=\"page\">\n\t\t\t\t\t\t<section class=\"elementor-section elementor-top-section elementor-element elementor-element-5880 elementor-section-boxed elementor-section-height-default elementor-section-height-default\" data-id=\"5880\" data-element_type=\"section\" data-e-type=\"section\">\n\t\t\t\t\t\t<div class=\"elementor-container elementor-column-gap-default\">\n\t\t\t\t\t<div class=\"elementor-column elementor-col-100 elementor-top-column elementor-element elementor-element-1d85\" data-id=\"1d85\" data-element_type=\"column\" data-e-type=\"column\">\n\t\t\t<div class=\"elementor-widget-wrap elementor-element-populated\">\n\t\t\t\t\t\t<div class=\"elementor-element elementor-element-5665acf elementor-arrows-position-inside elementor-pagination-position-outside elementor-widget elementor-widget-image-carousel\" data-id=\"5665acf\" data-element_type=\"widget\" data-e-type=\"widget\" data-settings=\"{&quot;slides_to_show&quot;:&quot;1&quot;,&quot;navigation&quot;:&quot;both&quot;,&quot;autoplay&quot;:&quot;yes&quot;,&quot;pause_on_hover&quot;:&quot;yes&quot;,&quot;pause_on_interaction&quot;:&quot;yes&quot;,&quot;autoplay_speed&quot;:5000,&quot;infinite&quot;:&quot;yes&quot;,&quot;effect&quot;:&quot;slide&quot;,&quot;speed&quot;:500}\" data-widget_type=\"image-carousel.default\">\n\t\t\t\t<div class=\"elementor-widget-container\">\n\t\t\t\t\t\t\t<div class=\"elementor-image-carousel-wrapper swiper\" role=\"region\" aria-roledescription=\"carousel\" aria-label=\"Carrossel de imagens\" dir=\"ltr\">\n\t\t\t<div class=\"elementor-image-carousel swiper-wrapper swiper-image-stretch\" aria-live=\"off\">\n\t\t\t\t\t\t\t\t<div class=\"swiper-slide\" role=\"group\" aria-roledescription=\"slide\" aria-label=\"1 de 11\"><figure class=\"swiper-slide-inner\"><img decoding=\"async\" class=\"swiper-slide-image\" src=\"https:\/\/idrettsraadet.no\/wp-content\/uploads\/2018\/11\/105_0501-696x400.jpg\" alt=\"105_0501-696x400\" \/><\/figure><\/div><div class=\"swiper-slide\" role=\"group\" aria-roledescription=\"slide\" aria-label=\"2 de 11\"><figure class=\"swiper-slide-inner\"><img decoding=\"async\" class=\"swiper-slide-image\" src=\"https:\/\/idrettsraadet.no\/wp-content\/uploads\/2018\/11\/109_1000-696x400.jpg\" alt=\"109_1000-696x400\" \/><\/figure><\/div><div class=\"swiper-slide\" role=\"group\" aria-roledescription=\"slide\" aria-label=\"3 de 11\"><figure class=\"swiper-slide-inner\"><img decoding=\"async\" class=\"swiper-slide-image\" src=\"https:\/\/idrettsraadet.no\/wp-content\/uploads\/2018\/11\/119_1948-696x400.jpg\" alt=\"119_1948-696x400\" \/><\/figure><\/div><div class=\"swiper-slide\" role=\"group\" aria-roledescription=\"slide\" aria-label=\"4 de 11\"><figure class=\"swiper-slide-inner\"><img decoding=\"async\" class=\"swiper-slide-image\" src=\"https:\/\/idrettsraadet.no\/wp-content\/uploads\/2018\/11\/119_1950-696x400.jpg\" alt=\"119_1950-696x400\" \/><\/figure><\/div><div class=\"swiper-slide\" role=\"group\" aria-roledescription=\"slide\" aria-label=\"5 de 11\"><figure class=\"swiper-slide-inner\"><img decoding=\"async\" class=\"swiper-slide-image\" src=\"https:\/\/idrettsraadet.no\/wp-content\/uploads\/2018\/11\/Diverse-IR-bilder-004-696x400.jpg\" alt=\"Diverse-IR-bilder-004-696x400\" \/><\/figure><\/div><div class=\"swiper-slide\" role=\"group\" aria-roledescription=\"slide\" aria-label=\"6 de 11\"><figure class=\"swiper-slide-inner\"><img decoding=\"async\" class=\"swiper-slide-image\" src=\"https:\/\/idrettsraadet.no\/wp-content\/uploads\/2018\/11\/Diverse-IR-bilder-005-696x400.jpg\" alt=\"Diverse-IR-bilder-005-696x400\" \/><\/figure><\/div><div class=\"swiper-slide\" role=\"group\" aria-roledescription=\"slide\" aria-label=\"7 de 11\"><figure class=\"swiper-slide-inner\"><img decoding=\"async\" class=\"swiper-slide-image\" src=\"https:\/\/idrettsraadet.no\/wp-content\/uploads\/2018\/11\/Diverse-IR-bilder-081-696x400.jpg\" alt=\"Diverse-IR-bilder-081-696x400\" \/><\/figure><\/div><div class=\"swiper-slide\" role=\"group\" aria-roledescription=\"slide\" aria-label=\"8 de 11\"><figure class=\"swiper-slide-inner\"><img decoding=\"async\" class=\"swiper-slide-image\" src=\"https:\/\/idrettsraadet.no\/wp-content\/uploads\/2018\/11\/IMG_4945-696x400.jpg\" alt=\"IMG_4945-696x400\" \/><\/figure><\/div><div class=\"swiper-slide\" role=\"group\" aria-roledescription=\"slide\" aria-label=\"9 de 11\"><figure class=\"swiper-slide-inner\"><img decoding=\"async\" class=\"swiper-slide-image\" src=\"https:\/\/idrettsraadet.no\/wp-content\/uploads\/2018\/11\/IMG_4946-696x400.jpg\" alt=\"IMG_4946-696x400\" \/><\/figure><\/div><div class=\"swiper-slide\" role=\"group\" aria-roledescription=\"slide\" aria-label=\"10 de 11\"><figure class=\"swiper-slide-inner\"><img decoding=\"async\" class=\"swiper-slide-image\" src=\"https:\/\/idrettsraadet.no\/wp-content\/uploads\/2018\/11\/si4-696x400.jpg\" alt=\"si4-696x400\" \/><\/figure><\/div><div class=\"swiper-slide\" role=\"group\" aria-roledescription=\"slide\" aria-label=\"11 de 11\"><figure class=\"swiper-slide-inner\"><img decoding=\"async\" class=\"swiper-slide-image\" src=\"https:\/\/idrettsraadet.no\/wp-content\/uploads\/2018\/11\/stort_moterom-696x400.jpg\" alt=\"stort_moterom-696x400\" \/><\/figure><\/div>\t\t\t<\/div>\n\t\t\t\t\t\t\t\t\t\t\t\t<div class=\"elementor-swiper-button elementor-swiper-button-prev\" role=\"button\" tabindex=\"0\">\n\t\t\t\t\t\t<i aria-hidden=\"true\" class=\"eicon-chevron-left\"><\/i>\t\t\t\t\t<\/div>\n\t\t\t\t\t<div class=\"elementor-swiper-button elementor-swiper-button-next\" role=\"button\" tabindex=\"0\">\n\t\t\t\t\t\t<i aria-hidden=\"true\" class=\"eicon-chevron-right\"><\/i>\t\t\t\t\t<\/div>\n\t\t\t\t\n\t\t\t\t\t\t\t\t\t<div class=\"swiper-pagination\"><\/div>\n\t\t\t\t\t\t\t\t\t<\/div>\n\t\t\t\t\t\t<\/div>\n\t\t\t\t<\/div>\n\t\t\t\t<div class=\"elementor-element elementor-element-d97 elementor-widget elementor-widget-text-editor\" data-id=\"d97\" data-element_type=\"widget\" data-e-type=\"widget\" data-widget_type=\"text-editor.default\">\n\t\t\t\t<div class=\"elementor-widget-container\">\n\t\t\t\t\t\t\t\t\t<h5><strong>Todo o piso t\u00e9rreo pode ser emprestado para reuni\u00f5es a equipas desportivas em Stavanger, gratuitamente, de segunda a quinta-feira.<\/strong><\/h5>\n<p>&nbsp;<\/p>\n<h3>Connosco, encontrar\u00e1 salas atrativas, com charme hist\u00f3rico.<\/h3>\n<p>As instala\u00e7\u00f5es aqui consistem numa grande sala de reuni\u00f5es, com 70 m2, que pode acomodar aprox. 50 pessoas com mesa e aprox. 70 pessoas numa configura\u00e7\u00e3o de teatro.<br \/>\nCom liga\u00e7\u00e3o \u00e0 sala de reuni\u00f5es, h\u00e1 uma sala de TV, com 25 m2, que tamb\u00e9m pode ser alugada.<br \/>\nA casa tamb\u00e9m inclui uma sala de reuni\u00f5es\/de administra\u00e7\u00e3o com 25 m2, com uma mesa grande e 16 cadeiras.<br \/>\nAl\u00e9m disso, h\u00e1 uma pequena cozinha que, devido ao tamanho, n\u00e3o \u00e9 adequada para cozinhar, mas que cont\u00e9m um frigor\u00edfico, m\u00e1quina de lavar lou\u00e7a, cafeteira e outros. No caso de reuni\u00f5es\/eventos que sirvam comida, esta deve ser entregue.<br \/>\nTemos pratos, talheres, canecas e copos.<\/p>\n<h4>Alugueres<\/h4>\n<p>Arrendamos as nossas instala\u00e7\u00f5es para v\u00e1rios eventos, como batizados, crismas, anivers\u00e1rios, casamentos, reuni\u00f5es sociais, cursos\/confer\u00eancias, etc. nos fins-de-semana.<\/p>\n<p>O formul\u00e1rio para o arrendamento da sala pode ser encontrado <a href=\"https:\/\/response.questback.com\/isa\/qbv.dll\/ShowQuest?QuestID=5253830&amp;sid=lC0bMMPjlm\">AQUI<\/a><\/p>\n<p>Arrendamentos durante fins-de-semana\/feriados<\/p>\n<table>\n<tbody>\n<tr>\n<td width=\"150\">Sexta-feira<\/p>\n<p>Sexta-feira \u00e0s 15h00 &#8211; S\u00e1bado \u00e0 tarde<br \/>\nSala de reuni\u00f5es grande kr. 5.750<br \/>\n+ sala de TV kr. 1.600<\/td>\n<td width=\"150\">S\u00e1bado<\/p>\n<p>S\u00e1bado \u00e0s 15h00 \u2013 Domingo \u00e0 tarde<br \/>\nSala de reuni\u00f5es grande kr. 5.750<br \/>\n+ sala de TV kr. 1.600<\/td>\n<\/tr>\n<\/tbody>\n<\/table>\n<table>\n<tbody>\n<tr>\n<td width=\"173\">Fim-de-semana prolongado 1<\/p>\n<p>Sexta-feira \u2013 S\u00e1bado\/S\u00e1bado \u2013 Domingo<\/p>\n<p>15h00 Sexta-feira\/S\u00e1bado at\u00e9 \u00e0s 21h00 do dia seguinte<br \/>\nSala de reuni\u00f5es grande kr. 6.900<br \/>\n+ sala de TV kr. 1.600<\/td>\n<td width=\"151\">Fim-de-semana prolongado 2<\/p>\n<p>Sexta-feira \u00e0s 15h00 \u2013 Domingo \u00e0s 21h00<br \/>\nSala de reuni\u00f5es grande kr. 7.900 + sala de TV kr. 1.600<\/td>\n<\/tr>\n<\/tbody>\n<\/table>\n<p>Arrendamento nos dias \u00fateis<\/p>\n<table width=\"623\">\n<tbody>\n<tr>\n<td width=\"217\">Dias \u00fateis (curso\/confer\u00eancia)<\/p>\n<p>08h00 \u2013 17h00 \/ 17h00 \u2013 22h00<br \/>\nSala de reuni\u00f5es grande kr. 3.500<br \/>\n+ sala de TV kr. 1.600<br \/>\nSala de administra\u00e7\u00e3o kr. 1.700<br \/>\nTarifa hor\u00e1ria para reuni\u00f5es mais curtas kr. 550<\/td>\n<\/tr>\n<\/tbody>\n<\/table>\n<table width=\"623\">\n<tbody>\n<tr>\n<td width=\"227\"><\/td>\n<\/tr>\n<\/tbody>\n<\/table>\n<h4>Reuni\u00f5es gratuitas para equipas desportivas<\/h4>\n<p>As equipas desportivas de Stavanger podem arrendar as instala\u00e7\u00f5es para reuni\u00f5es gratuitamente de segunda a quinta-feira e por metade do pre\u00e7o de sexta-feira a domingo.<br \/>\nPara arrendamentos de fim-de-semana, \u00e9 necess\u00e1rio um dep\u00f3sito de kr. 2.000, a ser pago antecipadamente, juntamente com o restante do pre\u00e7o de arrendamento. O pre\u00e7o inclui limpeza no check-out<\/p>\n<p>As federa\u00e7\u00f5es regionais pagam kr. 750 para reuni\u00f5es na sala de reuni\u00f5es grande e kr. 500 para reuni\u00f5es na sala de administra\u00e7\u00e3o de segunda a quinta-feira.<\/p>\n<p>&nbsp;<\/p>\n<h4>Servi\u00e7o de alimenta\u00e7\u00e3o<\/h4>\n<p>Temos uma parceria com a Servit e recomendamos os menus desta empresa. Clique <a href=\"http:\/\/www.servit.no\/\">aqui <\/a>\u00a0para aceder ao website.<\/p>\n<p><img decoding=\"async\" src=\"http:\/\/109.199.118.79\/~rekylweb\/clients\/idrettsraadet.no\/wp-content\/uploads\/2016\/06\/Servit-logo-1-150x150.png\" alt=\"Servit logo 1\" width=\"150\" height=\"150\" \/><\/p>\n\t\t\t\t\t\t\t\t<\/div>\n\t\t\t\t<\/div>\n\t\t\t\t\t<\/div>\n\t\t<\/div>\n\t\t\t\t\t<\/div>\n\t\t<\/section>\n\t\t\t\t<\/div>\n\t\t","protected":false},"excerpt":{"rendered":"<p>Forrige Neste Todo o piso t\u00e9rreo pode ser emprestado para reuni\u00f5es a equipas desportivas em Stavanger, gratuitamente, de segunda a quinta-feira. &nbsp; Connosco, encontrar\u00e1 salas atrativas, com charme hist\u00f3rico. As instala\u00e7\u00f5es aqui consistem numa grande sala de reuni\u00f5es, com 70 m2, que pode acomodar aprox. 50 pessoas com mesa e aprox. 70 pessoas numa configura\u00e7\u00e3o [&hellip;]<\/p>\n","protected":false},"author":1,"featured_media":0,"parent":0,"menu_order":0,"comment_status":"closed","ping_status":"closed","template":"","meta":{"site-sidebar-layout":"default","site-content-layout":"default","ast-site-content-layout":"default","site-content-style":"default","site-sidebar-style":"default","ast-global-header-display":"","ast-banner-title-visibility":"","ast-main-header-display":"","ast-hfb-above-header-display":"","ast-hfb-below-header-display":"","ast-hfb-mobile-header-display":"","site-post-title":"","ast-breadcrumbs-content":"","ast-featured-img":"","footer-sml-layout":"","ast-disable-related-posts":"","theme-transparent-header-meta":"default","adv-header-id-meta":"","stick-header-meta":"default","header-above-stick-meta":"","header-main-stick-meta":"","header-below-stick-meta":"","astra-migrate-meta-layouts":"default","ast-page-background-enabled":"default","ast-page-background-meta":{"desktop":{"background-color":"","background-image":"","background-repeat":"repeat","background-position":"center center","background-size":"auto","background-attachment":"scroll","background-type":"","background-media":"","overlay-type":"","overlay-color":"","overlay-opacity":"","overlay-gradient":""},"tablet":{"background-color":"","background-image":"","background-repeat":"repeat","background-position":"center center","background-size":"auto","background-attachment":"scroll","background-type":"","background-media":"","overlay-type":"","overlay-color":"","overlay-opacity":"","overlay-gradient":""},"mobile":{"background-color":"","background-image":"","background-repeat":"repeat","background-position":"center center","background-size":"auto","background-attachment":"scroll","background-type":"","background-media":"","overlay-type":"","overlay-color":"","overlay-opacity":"","overlay-gradient":""}},"ast-content-background-meta":{"desktop":{"background-color":"var(--ast-global-color-5)","background-image":"","background-repeat":"repeat","background-position":"center center","background-size":"auto","background-attachment":"scroll","background-type":"","background-media":"","overlay-type":"","overlay-color":"","overlay-opacity":"","overlay-gradient":""},"tablet":{"background-color":"var(--ast-global-color-5)","background-image":"","background-repeat":"repeat","background-position":"center center","background-size":"auto","background-attachment":"scroll","background-type":"","background-media":"","overlay-type":"","overlay-color":"","overlay-opacity":"","overlay-gradient":""},"mobile":{"background-color":"var(--ast-global-color-5)","background-image":"","background-repeat":"repeat","background-position":"center center","background-size":"auto","background-attachment":"scroll","background-type":"","background-media":"","overlay-type":"","overlay-color":"","overlay-opacity":"","overlay-gradient":""}},"footnotes":""},"class_list":["post-11741","page","type-page","status-publish","hentry"],"yoast_head":"<!-- This site is optimized with the Yoast SEO plugin v27.5 - https:\/\/yoast.com\/product\/yoast-seo-wordpress\/ -->\n<title>Alugueres - Idrettsr\u00e5det Stavanger<\/title>\n<meta name=\"robots\" content=\"index, follow, max-snippet:-1, max-image-preview:large, max-video-preview:-1\" \/>\n<link rel=\"canonical\" href=\"https:\/\/idrettsraadet.no\/pt-br\/alugueres\/\" \/>\n<meta property=\"og:locale\" content=\"pt_BR\" \/>\n<meta property=\"og:type\" content=\"article\" \/>\n<meta property=\"og:title\" content=\"Alugueres - Idrettsr\u00e5det Stavanger\" \/>\n<meta property=\"og:description\" content=\"Forrige Neste Todo o piso t\u00e9rreo pode ser emprestado para reuni\u00f5es a equipas desportivas em Stavanger, gratuitamente, de segunda a quinta-feira. &nbsp; Connosco, encontrar\u00e1 salas atrativas, com charme hist\u00f3rico. As instala\u00e7\u00f5es aqui consistem numa grande sala de reuni\u00f5es, com 70 m2, que pode acomodar aprox. 50 pessoas com mesa e aprox. 70 pessoas numa configura\u00e7\u00e3o [&hellip;]\" \/>\n<meta property=\"og:url\" content=\"https:\/\/idrettsraadet.no\/pt-br\/alugueres\/\" \/>\n<meta property=\"og:site_name\" content=\"Idrettsr\u00e5det Stavanger\" \/>\n<meta property=\"article:modified_time\" content=\"2020-02-03T07:48:55+00:00\" \/>\n<meta property=\"og:image\" content=\"https:\/\/idrettsraadet.no\/wp-content\/uploads\/2018\/11\/105_0501-696x400.jpg\" \/>\n<meta name=\"twitter:card\" content=\"summary_large_image\" \/>\n<meta name=\"twitter:label1\" content=\"Est. tempo de leitura\" \/>\n\t<meta name=\"twitter:data1\" content=\"2 minutos\" \/>\n<script type=\"application\/ld+json\" class=\"yoast-schema-graph\">{\"@context\":\"https:\\\/\\\/schema.org\",\"@graph\":[{\"@type\":\"WebPage\",\"@id\":\"https:\\\/\\\/idrettsraadet.no\\\/pt-br\\\/alugueres\\\/\",\"url\":\"https:\\\/\\\/idrettsraadet.no\\\/pt-br\\\/alugueres\\\/\",\"name\":\"Alugueres - Idrettsr\u00e5det Stavanger\",\"isPartOf\":{\"@id\":\"https:\\\/\\\/idrettsraadet.no\\\/bn\\\/#website\"},\"primaryImageOfPage\":{\"@id\":\"https:\\\/\\\/idrettsraadet.no\\\/pt-br\\\/alugueres\\\/#primaryimage\"},\"image\":{\"@id\":\"https:\\\/\\\/idrettsraadet.no\\\/pt-br\\\/alugueres\\\/#primaryimage\"},\"thumbnailUrl\":\"https:\\\/\\\/idrettsraadet.no\\\/wp-content\\\/uploads\\\/2018\\\/11\\\/105_0501-696x400.jpg\",\"datePublished\":\"2020-01-03T20:20:02+00:00\",\"dateModified\":\"2020-02-03T07:48:55+00:00\",\"breadcrumb\":{\"@id\":\"https:\\\/\\\/idrettsraadet.no\\\/pt-br\\\/alugueres\\\/#breadcrumb\"},\"inLanguage\":\"pt-BR\",\"potentialAction\":[{\"@type\":\"ReadAction\",\"target\":[\"https:\\\/\\\/idrettsraadet.no\\\/pt-br\\\/alugueres\\\/\"]}]},{\"@type\":\"ImageObject\",\"inLanguage\":\"pt-BR\",\"@id\":\"https:\\\/\\\/idrettsraadet.no\\\/pt-br\\\/alugueres\\\/#primaryimage\",\"url\":\"https:\\\/\\\/idrettsraadet.no\\\/wp-content\\\/uploads\\\/2018\\\/11\\\/105_0501-696x400.jpg\",\"contentUrl\":\"https:\\\/\\\/idrettsraadet.no\\\/wp-content\\\/uploads\\\/2018\\\/11\\\/105_0501-696x400.jpg\"},{\"@type\":\"BreadcrumbList\",\"@id\":\"https:\\\/\\\/idrettsraadet.no\\\/pt-br\\\/alugueres\\\/#breadcrumb\",\"itemListElement\":[{\"@type\":\"ListItem\",\"position\":1,\"name\":\"Hjem\",\"item\":\"https:\\\/\\\/idrettsraadet.no\\\/pt-br\\\/\"},{\"@type\":\"ListItem\",\"position\":2,\"name\":\"Alugueres\"}]},{\"@type\":\"WebSite\",\"@id\":\"https:\\\/\\\/idrettsraadet.no\\\/bn\\\/#website\",\"url\":\"https:\\\/\\\/idrettsraadet.no\\\/bn\\\/\",\"name\":\"Idrettsr\u00e5det Stavanger\",\"description\":\"Idrett for alle.\",\"publisher\":{\"@id\":\"https:\\\/\\\/idrettsraadet.no\\\/bn\\\/#organization\"},\"potentialAction\":[{\"@type\":\"SearchAction\",\"target\":{\"@type\":\"EntryPoint\",\"urlTemplate\":\"https:\\\/\\\/idrettsraadet.no\\\/bn\\\/?s={search_term_string}\"},\"query-input\":{\"@type\":\"PropertyValueSpecification\",\"valueRequired\":true,\"valueName\":\"search_term_string\"}}],\"inLanguage\":\"pt-BR\"},{\"@type\":\"Organization\",\"@id\":\"https:\\\/\\\/idrettsraadet.no\\\/bn\\\/#organization\",\"name\":\"Stavanger Idrettsr\u00e5d\",\"url\":\"https:\\\/\\\/idrettsraadet.no\\\/bn\\\/\",\"logo\":{\"@type\":\"ImageObject\",\"inLanguage\":\"pt-BR\",\"@id\":\"https:\\\/\\\/idrettsraadet.no\\\/bn\\\/#\\\/schema\\\/logo\\\/image\\\/\",\"url\":\"https:\\\/\\\/idrettsraadet.no\\\/wp-content\\\/uploads\\\/2016\\\/06\\\/logo.png\",\"contentUrl\":\"https:\\\/\\\/idrettsraadet.no\\\/wp-content\\\/uploads\\\/2016\\\/06\\\/logo.png\",\"width\":149,\"height\":48,\"caption\":\"Stavanger Idrettsr\u00e5d\"},\"image\":{\"@id\":\"https:\\\/\\\/idrettsraadet.no\\\/bn\\\/#\\\/schema\\\/logo\\\/image\\\/\"}}]}<\/script>\n<!-- \/ Yoast SEO plugin. -->","yoast_head_json":{"title":"Alugueres - Idrettsr\u00e5det Stavanger","robots":{"index":"index","follow":"follow","max-snippet":"max-snippet:-1","max-image-preview":"max-image-preview:large","max-video-preview":"max-video-preview:-1"},"canonical":"https:\/\/idrettsraadet.no\/pt-br\/alugueres\/","og_locale":"pt_BR","og_type":"article","og_title":"Alugueres - Idrettsr\u00e5det Stavanger","og_description":"Forrige Neste Todo o piso t\u00e9rreo pode ser emprestado para reuni\u00f5es a equipas desportivas em Stavanger, gratuitamente, de segunda a quinta-feira. &nbsp; Connosco, encontrar\u00e1 salas atrativas, com charme hist\u00f3rico. As instala\u00e7\u00f5es aqui consistem numa grande sala de reuni\u00f5es, com 70 m2, que pode acomodar aprox. 50 pessoas com mesa e aprox. 70 pessoas numa configura\u00e7\u00e3o [&hellip;]","og_url":"https:\/\/idrettsraadet.no\/pt-br\/alugueres\/","og_site_name":"Idrettsr\u00e5det Stavanger","article_modified_time":"2020-02-03T07:48:55+00:00","og_image":[{"url":"https:\/\/idrettsraadet.no\/wp-content\/uploads\/2018\/11\/105_0501-696x400.jpg","type":"","width":"","height":""}],"twitter_card":"summary_large_image","twitter_misc":{"Est. tempo de leitura":"2 minutos"},"schema":{"@context":"https:\/\/schema.org","@graph":[{"@type":"WebPage","@id":"https:\/\/idrettsraadet.no\/pt-br\/alugueres\/","url":"https:\/\/idrettsraadet.no\/pt-br\/alugueres\/","name":"Alugueres - Idrettsr\u00e5det Stavanger","isPartOf":{"@id":"https:\/\/idrettsraadet.no\/bn\/#website"},"primaryImageOfPage":{"@id":"https:\/\/idrettsraadet.no\/pt-br\/alugueres\/#primaryimage"},"image":{"@id":"https:\/\/idrettsraadet.no\/pt-br\/alugueres\/#primaryimage"},"thumbnailUrl":"https:\/\/idrettsraadet.no\/wp-content\/uploads\/2018\/11\/105_0501-696x400.jpg","datePublished":"2020-01-03T20:20:02+00:00","dateModified":"2020-02-03T07:48:55+00:00","breadcrumb":{"@id":"https:\/\/idrettsraadet.no\/pt-br\/alugueres\/#breadcrumb"},"inLanguage":"pt-BR","potentialAction":[{"@type":"ReadAction","target":["https:\/\/idrettsraadet.no\/pt-br\/alugueres\/"]}]},{"@type":"ImageObject","inLanguage":"pt-BR","@id":"https:\/\/idrettsraadet.no\/pt-br\/alugueres\/#primaryimage","url":"https:\/\/idrettsraadet.no\/wp-content\/uploads\/2018\/11\/105_0501-696x400.jpg","contentUrl":"https:\/\/idrettsraadet.no\/wp-content\/uploads\/2018\/11\/105_0501-696x400.jpg"},{"@type":"BreadcrumbList","@id":"https:\/\/idrettsraadet.no\/pt-br\/alugueres\/#breadcrumb","itemListElement":[{"@type":"ListItem","position":1,"name":"Hjem","item":"https:\/\/idrettsraadet.no\/pt-br\/"},{"@type":"ListItem","position":2,"name":"Alugueres"}]},{"@type":"WebSite","@id":"https:\/\/idrettsraadet.no\/bn\/#website","url":"https:\/\/idrettsraadet.no\/bn\/","name":"Idrettsr\u00e5det Stavanger","description":"Idrett for alle.","publisher":{"@id":"https:\/\/idrettsraadet.no\/bn\/#organization"},"potentialAction":[{"@type":"SearchAction","target":{"@type":"EntryPoint","urlTemplate":"https:\/\/idrettsraadet.no\/bn\/?s={search_term_string}"},"query-input":{"@type":"PropertyValueSpecification","valueRequired":true,"valueName":"search_term_string"}}],"inLanguage":"pt-BR"},{"@type":"Organization","@id":"https:\/\/idrettsraadet.no\/bn\/#organization","name":"Stavanger Idrettsr\u00e5d","url":"https:\/\/idrettsraadet.no\/bn\/","logo":{"@type":"ImageObject","inLanguage":"pt-BR","@id":"https:\/\/idrettsraadet.no\/bn\/#\/schema\/logo\/image\/","url":"https:\/\/idrettsraadet.no\/wp-content\/uploads\/2016\/06\/logo.png","contentUrl":"https:\/\/idrettsraadet.no\/wp-content\/uploads\/2016\/06\/logo.png","width":149,"height":48,"caption":"Stavanger Idrettsr\u00e5d"},"image":{"@id":"https:\/\/idrettsraadet.no\/bn\/#\/schema\/logo\/image\/"}}]}},"_links":{"self":[{"href":"https:\/\/idrettsraadet.no\/pt-br\/wp-json\/wp\/v2\/pages\/11741","targetHints":{"allow":["GET"]}}],"collection":[{"href":"https:\/\/idrettsraadet.no\/pt-br\/wp-json\/wp\/v2\/pages"}],"about":[{"href":"https:\/\/idrettsraadet.no\/pt-br\/wp-json\/wp\/v2\/types\/page"}],"author":[{"embeddable":true,"href":"https:\/\/idrettsraadet.no\/pt-br\/wp-json\/wp\/v2\/users\/1"}],"replies":[{"embeddable":true,"href":"https:\/\/idrettsraadet.no\/pt-br\/wp-json\/wp\/v2\/comments?post=11741"}],"version-history":[{"count":2,"href":"https:\/\/idrettsraadet.no\/pt-br\/wp-json\/wp\/v2\/pages\/11741\/revisions"}],"predecessor-version":[{"id":11957,"href":"https:\/\/idrettsraadet.no\/pt-br\/wp-json\/wp\/v2\/pages\/11741\/revisions\/11957"}],"wp:attachment":[{"href":"https:\/\/idrettsraadet.no\/pt-br\/wp-json\/wp\/v2\/media?parent=11741"}],"curies":[{"name":"wp","href":"https:\/\/api.w.org\/{rel}","templated":true}]}}