{"id":12172,"date":"2020-02-24T10:51:52","date_gmt":"2020-02-24T09:51:52","guid":{"rendered":"https:\/\/idrettsraadet.no\/macluumaad\/idrett\/"},"modified":"2025-01-22T14:08:31","modified_gmt":"2025-01-22T13:08:31","slug":"idrett","status":"publish","type":"page","link":"https:\/\/idrettsraadet.no\/so\/macluumaad\/idrett\/","title":{"rendered":"Idrett+"},"content":{"rendered":"\t\t<div data-elementor-type=\"wp-page\" data-elementor-id=\"12172\" class=\"elementor elementor-12172 elementor-426\" data-elementor-post-type=\"page\">\n\t\t\t\t\t\t<section class=\"elementor-section elementor-top-section elementor-element elementor-element-7900d389 elementor-section-boxed elementor-section-height-default elementor-section-height-default\" data-id=\"7900d389\" data-element_type=\"section\" data-e-type=\"section\">\n\t\t\t\t\t\t<div class=\"elementor-container elementor-column-gap-default\">\n\t\t\t\t\t<div class=\"elementor-column elementor-col-100 elementor-top-column elementor-element elementor-element-78f0ea9e\" data-id=\"78f0ea9e\" data-element_type=\"column\" data-e-type=\"column\">\n\t\t\t<div class=\"elementor-widget-wrap elementor-element-populated\">\n\t\t\t\t\t\t<div class=\"elementor-element elementor-element-6ece699 elementor-widget elementor-widget-text-editor\" data-id=\"6ece699\" data-element_type=\"widget\" data-e-type=\"widget\" data-widget_type=\"text-editor.default\">\n\t\t\t\t<div class=\"elementor-widget-container\">\n\t\t\t\t\t\t\t\t\t<p><strong>Idrett+ (Ciyaaraha+) waxay laga bilaabo 2002 ka shaqaysay inay fudaydin u samayso carruurta iyo dadka dhalin uarada ah ee qab baahiyaha gaarka ah. Shaqadan waxay noqotayt qayb ka mid ah waxyaabaha Gollahu u heelan yahay inuu ka guul gaadho hadafka ee \u201cciyaaraha qof kastaa ka qayb qaato\u201d. Gollaha ciyaarahu waxa uu ka caawiyaa kartida\/la socodka xirfadeed oo waxa uu leeyahay kaabbida shaqaal ee kooxaha ciyaaraha ee kara oo sameeya dedaalo dheeraad ah oo loogu talo galay kooxaha yoolka la saarayo.<\/strong><\/p>\n<h4>Hadafka ugu wayh<\/h4>\n<p>In la siiyo carruurta iyo dhalin yara baahida dheeraadka ah qaba taageero\/caawimada soo jeedinta runta ah ee hawlaha ciyaaraha<\/p>\n<ul>\n<li>Kooxaha yoolka la saarayo<\/li>\n<li>Carruurta aan firfircoonayn iyo dhalin yarada<\/li>\n<li>carruurta iyo dhalin yarada leh dhaqanka aan la rabin<\/li>\n<li>dadka qaxootiga ka soo heed, gaar ahaan hablaha<\/li>\n<li>dadka naafada ah (carruurta\/dadka dhalinta yar iyo dadka waa wayn) kuwaas oo u baahan ka warhayn dheeraad ah<\/li>\n<li>dadka qaba dhibaatooyinka lacag bixinta.caqabadaha dhaqaalaha si ay uga qayb galaan hawlaha ciyaaraha<\/li><\/ul><h3 style=\"padding-left: 30px;\"><span style=\"color: var(--ast-global-color-2); font-family: var( --e-global-typography-text-font-family ), Sans-serif; font-size: 1.6rem;\">Hindisayaasha gaarka ah<\/span><\/h3>\n<p>Kooxaha ciyaaraha waxay haystaan fursada ay kula shaqeeyaan kuwa kala duwan, hindisayaasl yoolka la saarayo dhanka kooxaha yoolka. Waxaa jira hindisayaal gaar ah sida Idrett &amp; Utfordring oo loogu talo galay dadka la magacaabay, iyo hindisayaasha qof kasta u furan, tusaale Hoolka Furan.<br>Tusaalooyinka hindisayaasha waa:<\/p>\n<ul>\n<li>Tababaraha baahiyaha gaarka ah: qofka ka masuulka ah hawl fududaynta shaqsiyaadka qaba baahiyaha gaarka ha<\/li>\n<li>Isku xidhka shabakada<\/li>\n<li>xuquuqha moduuca leh Sport + mowduucyada<\/li>\n<li>hindisayaasha loogu talo galau hablaha muhaajiriinta ah<\/li>\n<li>kooxaha muhaajiriinta ah<\/li>\n<li>hawsha dadka qaba naafanimada<\/li>\n<li>hawl fududaynta dhaqaale ahaan kuwa tabaalaysan<\/li><\/ul><h3 style=\"text-align: justify; padding-left: 30px;\"><span style=\"color: var(--ast-global-color-2); font-family: var( --e-global-typography-text-font-family ), Sans-serif; font-size: 1.6rem;\">Ururka<\/span><\/h3>\n<p>Idrettsr\u00e5det (Gollaha Ciyaaraha) waxa uu ka masuul yahay Idrett+ shaqada gudaha Stavengar oo waxay bilaabi doonaan oo hagayaan kooxaha ciyaaraha gudaha shaqada, laakiin kooxda ciyaaraha lafteeda waa inay heshaa qaabkeeda iyo qiyaasaha ay kooxdu u aragto inay aad ugu habboon yihiin gudaha haykalka iyo heerka qiimaynta la dejiyay.<br>Dhowr shabakadood oo kartida\/waayo aragnimada gudaha shaqada ayaa la dhisay, kaas oo kooxaha ciyaaraha ay ka faa\u2019iidaan labbadaba gudaha iyo qaranka ahaanba.<\/p>\n<h4>Maalgelinta<\/h4>\n<p>Qorshaha waxaa maalgeliya Degmadda Stavanger, Wasaarada Dhaqanka iyaddoo maraysa Guddida Olombiga iyo Olombiga naafada iyo Ururka Ciyaaraha, iyo ciyaaraha maalgelintooda ee loo isticmaalo gollaha ciyaaraha iyo kooxda ciyaaraha. Waxaa jira heerka hagitaanada iyo heerk qiimaynta ee sida Idrettsr\u00e5det ay u qiimaynayso hindisayaasha kala duwan ee dedaalad adaga ah.<\/p>\n<p><img fetchpriority=\"high\" decoding=\"async\" class=\"wp-image-1574 size-full\" src=\"http:\/\/109.199.118.79\/~rekylweb\/clients\/idrettsraadet.no\/wp-content\/uploads\/2016\/08\/innvandrerjenter.jpg\" width=\"612\" height=\"373\" srcset=\"https:\/\/idrettsraadet.no\/wp-content\/uploads\/2016\/08\/innvandrerjenter.jpg 612w, https:\/\/idrettsraadet.no\/wp-content\/uploads\/2016\/08\/innvandrerjenter-300x183.jpg 300w\" sizes=\"(max-width: 612px) 100vw, 612px\" \/><\/p>\n<h4>Nagala Soo xidhiidh<\/h4>\n<p>Naadigaagu miyuu doonayaa inay bilaabaan hindise ciyaareed? Fadlan nala soo xidhiidh wixii macluumaad dheeraada ah, ama si toos ah isticmaal liiska hoose. Kooxaha ciyaaraha raba inay noqdaan kuwa \u201cwayn\u201d ee \u201cIdrett+ shaqada waa inay nala soo xidhiidhaan muddada wejiga qorshaynta, maadaama aan caawino la talinta iyo hawl fududaynta. Maalgelinta ku bilowga hawl ee dhaqaale waxaa lagu abaal mariyaa haddii kooxda ciyaarahu ay doonayso inay wax ku filan samayso gudaha Idrett+.<\/p>\n<h4>Maxay la macno tahay in qayb laga noqdo kooxda ciyaaraha gudaha Norway?<\/h4>\n<p>Halkan waxaad ka heli kartaa buug yaraha &nbsp;<a href=\"https:\/\/www.idrettsforbundet.no\/idrettskretser\/oslo-idrettskrets\/idrettslag1\/bli-med\/\">\u201dBli med\u201d ku qoran 9 luqaddood oo kal duwan<\/a>. Tani waxay siisaa dadka ka yimid wadamada kale iyo dhaqamada fahanka waxay u eegtahay inay kooxda ciyaaraha galaan gudaha Norway (ee ku saabsan xuquuqda, waajibaadyada, filashooyinka, iwm.).<\/p>\n<h3>Kooxaha ciyaaraha ee ku tabaruca\/waxay ku tabaruceen Idrett+<\/h3>\n<p>Bratte Rogalands Venner, Brodd IL, Cross Bowlingklubb, Dingo Bokseklubb, Eng\u00f8yholmen Ro &amp; R\u00e5seillag, Frisinn SK, Friskis &amp; Svettis, Glad Trim Internasjonal, Hafrsfjord Pistolklubb, Ishockeyklubben Stavanger, Hillev\u00e5g Turnforening, Hinna FK, Hinna H\u00e5ndball, Hundv\u00e5g FK, Hundv\u00e5g HK, KFUM, Madla IL, Madla Sv\u00f8mmeklubb, Nord-J\u00e6ren Sportsdanseklubb, Revheim Rugbyklubb, Rogaland Rideklubb, IL Skjalg, Ishockeyklubben Stavanger,&nbsp;Stavanger Badmintonklubb, Stavanger Baseball\/Softballklubb, Stavanger Basketballklubb, Stavanger Beachvolleyballklubb, Stavanger Bordtennisklubb, Stavanger Bowlingklubb, Stavanger Bueskyttere, Stavanger Capoeiraklubb, Stavanger Danseklubb, Stavanger Fekteklubb, Stavanger Golfklubb, Stavanger Innebandyklubb, Stavanger IF Fotball, Stavanger Ishockeyklubb,&nbsp;Stavanger Judoklubb, Stavanger Ju Jitsu Klubb, Stavanger JuShinkan Aikido,&nbsp;Stavanger Kajakklubb, Stavanger Karateklubb, Stavanger Kunstl\u00f8pklubb, Stavanger Miniatyrskytterlag, Stavanger Orienteringsklubb, Stavanger Pistolklubb, Stavanger Roklub, Stavanger Rugbyklubb, Stavanger Seilforening, Stavanger Skytterlag, Stavanger Styrkel\u00f8ftklubb, Stavanger Sv\u00f8mme Club, Stavanger Taekwon-do Klubb, Stavanger Tennisklubb, Stavanger Turnforening, Stavanger Undervannsgruppe, Stavanger Vektl\u00f8fterklubb, Storhaug Rideklubb, Sunde Innebandyklubb, Svithun Biljardklubb, S\u00f8r-Vest Kendoklubb, Tasta Turn, Tasta IL, Tastavarden HK, Uburhedleren Fjellsportlag, Vardeneset BK, FK Vidar, Viking FK, Viking HK, Viking Hockeyklubb.<\/p>\n<p>\u2018Fadlan nala soo xidhiidh haddii kooxdaada ciyaarahaaga ay ku tabarucday laakiin aan halkan lagu sheegin<\/p>\n<h3>Foomka codsiga<\/h3>\n<p>Waa suuragal baan in la codsado deeqaha lacageed sanadka dhexdiisa.<\/p>\n<p><a href=\"https:\/\/response.questback.com\/isa\/qbv.dll\/ShowQuest?QuestID=5248559&amp;sid=LNWe5vM7Iv\">RIIX HALKAN WIXII CODSI AH<\/a><\/p>\n<p><a href=\"https:\/\/response.questback.com\/isa\/qbv.dll\/ShowQuest?QuestID=5248559&amp;sid=LNWe5vM7Iv\"><img decoding=\"async\" class=\"alignnone wp-image-11312\" src=\"https:\/\/idrettsraadet.no\/wp-content\/uploads\/2019\/02\/trykkher.jpg\" alt=\"\" width=\"396\" height=\"49\" srcset=\"https:\/\/idrettsraadet.no\/wp-content\/uploads\/2019\/02\/trykkher.jpg 880w, https:\/\/idrettsraadet.no\/wp-content\/uploads\/2019\/02\/trykkher-300x37.jpg 300w, https:\/\/idrettsraadet.no\/wp-content\/uploads\/2019\/02\/trykkher-768x95.jpg 768w\" sizes=\"(max-width: 396px) 100vw, 396px\" \/><\/a><\/p>\t\t\t\t\t\t\t\t<\/div>\n\t\t\t\t<\/div>\n\t\t\t\t\t<\/div>\n\t\t<\/div>\n\t\t\t\t\t<\/div>\n\t\t<\/section>\n\t\t\t\t<\/div>\n\t\t","protected":false},"excerpt":{"rendered":"<p>Idrett+ (Ciyaaraha+) waxay laga bilaabo 2002 ka shaqaysay inay fudaydin u samayso carruurta iyo dadka dhalin uarada ah ee qab baahiyaha gaarka ah. Shaqadan waxay noqotayt qayb ka mid ah waxyaabaha Gollahu u heelan yahay inuu ka guul gaadho hadafka ee \u201cciyaaraha qof kastaa ka qayb qaato\u201d. Gollaha ciyaarahu waxa uu ka caawiyaa kartida\/la socodka [&hellip;]<\/p>\n","protected":false},"author":1,"featured_media":0,"parent":12161,"menu_order":0,"comment_status":"closed","ping_status":"closed","template":"","meta":{"site-sidebar-layout":"default","site-content-layout":"default","ast-site-content-layout":"default","site-content-style":"default","site-sidebar-style":"default","ast-global-header-display":"","ast-banner-title-visibility":"","ast-main-header-display":"","ast-hfb-above-header-display":"","ast-hfb-below-header-display":"","ast-hfb-mobile-header-display":"","site-post-title":"","ast-breadcrumbs-content":"","ast-featured-img":"","footer-sml-layout":"","ast-disable-related-posts":"","theme-transparent-header-meta":"default","adv-header-id-meta":"","stick-header-meta":"default","header-above-stick-meta":"","header-main-stick-meta":"","header-below-stick-meta":"","astra-migrate-meta-layouts":"default","ast-page-background-enabled":"default","ast-page-background-meta":{"desktop":{"background-color":"","background-image":"","background-repeat":"repeat","background-position":"center center","background-size":"auto","background-attachment":"scroll","background-type":"","background-media":"","overlay-type":"","overlay-color":"","overlay-opacity":"","overlay-gradient":""},"tablet":{"background-color":"","background-image":"","background-repeat":"repeat","background-position":"center center","background-size":"auto","background-attachment":"scroll","background-type":"","background-media":"","overlay-type":"","overlay-color":"","overlay-opacity":"","overlay-gradient":""},"mobile":{"background-color":"","background-image":"","background-repeat":"repeat","background-position":"center center","background-size":"auto","background-attachment":"scroll","background-type":"","background-media":"","overlay-type":"","overlay-color":"","overlay-opacity":"","overlay-gradient":""}},"ast-content-background-meta":{"desktop":{"background-color":"var(--ast-global-color-5)","background-image":"","background-repeat":"repeat","background-position":"center center","background-size":"auto","background-attachment":"scroll","background-type":"","background-media":"","overlay-type":"","overlay-color":"","overlay-opacity":"","overlay-gradient":""},"tablet":{"background-color":"var(--ast-global-color-5)","background-image":"","background-repeat":"repeat","background-position":"center center","background-size":"auto","background-attachment":"scroll","background-type":"","background-media":"","overlay-type":"","overlay-color":"","overlay-opacity":"","overlay-gradient":""},"mobile":{"background-color":"var(--ast-global-color-5)","background-image":"","background-repeat":"repeat","background-position":"center center","background-size":"auto","background-attachment":"scroll","background-type":"","background-media":"","overlay-type":"","overlay-color":"","overlay-opacity":"","overlay-gradient":""}},"footnotes":""},"class_list":["post-12172","page","type-page","status-publish","hentry"],"yoast_head":"<!-- This site is optimized with the Yoast SEO plugin v27.4 - https:\/\/yoast.com\/product\/yoast-seo-wordpress\/ -->\n<title>Idrett+ - Idrettsr\u00e5det Stavanger<\/title>\n<meta name=\"robots\" content=\"index, follow, max-snippet:-1, max-image-preview:large, max-video-preview:-1\" \/>\n<link rel=\"canonical\" href=\"https:\/\/idrettsraadet.no\/so\/macluumaad\/idrett\/\" \/>\n<meta property=\"og:locale\" content=\"so_SO\" \/>\n<meta property=\"og:type\" content=\"article\" \/>\n<meta property=\"og:title\" content=\"Idrett+ - Idrettsr\u00e5det Stavanger\" \/>\n<meta property=\"og:description\" content=\"Idrett+ (Ciyaaraha+) waxay laga bilaabo 2002 ka shaqaysay inay fudaydin u samayso carruurta iyo dadka dhalin uarada ah ee qab baahiyaha gaarka ah. Shaqadan waxay noqotayt qayb ka mid ah waxyaabaha Gollahu u heelan yahay inuu ka guul gaadho hadafka ee \u201cciyaaraha qof kastaa ka qayb qaato\u201d. Gollaha ciyaarahu waxa uu ka caawiyaa kartida\/la socodka [&hellip;]\" \/>\n<meta property=\"og:url\" content=\"https:\/\/idrettsraadet.no\/so\/macluumaad\/idrett\/\" \/>\n<meta property=\"og:site_name\" content=\"Idrettsr\u00e5det Stavanger\" \/>\n<meta property=\"article:modified_time\" content=\"2025-01-22T13:08:31+00:00\" \/>\n<meta property=\"og:image\" content=\"https:\/\/idrettsraadet.no\/wp-content\/uploads\/2016\/08\/innvandrerjenter.jpg\" \/>\n\t<meta property=\"og:image:width\" content=\"612\" \/>\n\t<meta property=\"og:image:height\" content=\"373\" \/>\n\t<meta property=\"og:image:type\" content=\"image\/jpeg\" \/>\n<meta name=\"twitter:card\" content=\"summary_large_image\" \/>\n<meta name=\"twitter:label1\" content=\"Est. reading time\" \/>\n\t<meta name=\"twitter:data1\" content=\"5 minutes\" \/>\n<script type=\"application\/ld+json\" class=\"yoast-schema-graph\">{\"@context\":\"https:\\\/\\\/schema.org\",\"@graph\":[{\"@type\":\"WebPage\",\"@id\":\"https:\\\/\\\/idrettsraadet.no\\\/so\\\/macluumaad\\\/idrett\\\/\",\"url\":\"https:\\\/\\\/idrettsraadet.no\\\/so\\\/macluumaad\\\/idrett\\\/\",\"name\":\"Idrett+ - Idrettsr\u00e5det Stavanger\",\"isPartOf\":{\"@id\":\"https:\\\/\\\/idrettsraadet.no\\\/bn\\\/#website\"},\"primaryImageOfPage\":{\"@id\":\"https:\\\/\\\/idrettsraadet.no\\\/so\\\/macluumaad\\\/idrett\\\/#primaryimage\"},\"image\":{\"@id\":\"https:\\\/\\\/idrettsraadet.no\\\/so\\\/macluumaad\\\/idrett\\\/#primaryimage\"},\"thumbnailUrl\":\"http:\\\/\\\/109.199.118.79\\\/~rekylweb\\\/clients\\\/idrettsraadet.no\\\/wp-content\\\/uploads\\\/2016\\\/08\\\/innvandrerjenter.jpg\",\"datePublished\":\"2020-02-24T09:51:52+00:00\",\"dateModified\":\"2025-01-22T13:08:31+00:00\",\"breadcrumb\":{\"@id\":\"https:\\\/\\\/idrettsraadet.no\\\/so\\\/macluumaad\\\/idrett\\\/#breadcrumb\"},\"inLanguage\":\"so-SO\",\"potentialAction\":[{\"@type\":\"ReadAction\",\"target\":[\"https:\\\/\\\/idrettsraadet.no\\\/so\\\/macluumaad\\\/idrett\\\/\"]}]},{\"@type\":\"ImageObject\",\"inLanguage\":\"so-SO\",\"@id\":\"https:\\\/\\\/idrettsraadet.no\\\/so\\\/macluumaad\\\/idrett\\\/#primaryimage\",\"url\":\"http:\\\/\\\/109.199.118.79\\\/~rekylweb\\\/clients\\\/idrettsraadet.no\\\/wp-content\\\/uploads\\\/2016\\\/08\\\/innvandrerjenter.jpg\",\"contentUrl\":\"http:\\\/\\\/109.199.118.79\\\/~rekylweb\\\/clients\\\/idrettsraadet.no\\\/wp-content\\\/uploads\\\/2016\\\/08\\\/innvandrerjenter.jpg\"},{\"@type\":\"BreadcrumbList\",\"@id\":\"https:\\\/\\\/idrettsraadet.no\\\/so\\\/macluumaad\\\/idrett\\\/#breadcrumb\",\"itemListElement\":[{\"@type\":\"ListItem\",\"position\":1,\"name\":\"Hjem\",\"item\":\"https:\\\/\\\/idrettsraadet.no\\\/so\\\/\"},{\"@type\":\"ListItem\",\"position\":2,\"name\":\"Private: Macluumaad\",\"item\":\"https:\\\/\\\/idrettsraadet.no\\\/so\\\/?page_id=12161\"},{\"@type\":\"ListItem\",\"position\":3,\"name\":\"Idrett+\"}]},{\"@type\":\"WebSite\",\"@id\":\"https:\\\/\\\/idrettsraadet.no\\\/bn\\\/#website\",\"url\":\"https:\\\/\\\/idrettsraadet.no\\\/bn\\\/\",\"name\":\"Idrettsr\u00e5det Stavanger\",\"description\":\"Idrett for alle.\",\"publisher\":{\"@id\":\"https:\\\/\\\/idrettsraadet.no\\\/bn\\\/#organization\"},\"potentialAction\":[{\"@type\":\"SearchAction\",\"target\":{\"@type\":\"EntryPoint\",\"urlTemplate\":\"https:\\\/\\\/idrettsraadet.no\\\/bn\\\/?s={search_term_string}\"},\"query-input\":{\"@type\":\"PropertyValueSpecification\",\"valueRequired\":true,\"valueName\":\"search_term_string\"}}],\"inLanguage\":\"so-SO\"},{\"@type\":\"Organization\",\"@id\":\"https:\\\/\\\/idrettsraadet.no\\\/bn\\\/#organization\",\"name\":\"Stavanger Idrettsr\u00e5d\",\"url\":\"https:\\\/\\\/idrettsraadet.no\\\/bn\\\/\",\"logo\":{\"@type\":\"ImageObject\",\"inLanguage\":\"so-SO\",\"@id\":\"https:\\\/\\\/idrettsraadet.no\\\/bn\\\/#\\\/schema\\\/logo\\\/image\\\/\",\"url\":\"https:\\\/\\\/idrettsraadet.no\\\/wp-content\\\/uploads\\\/2016\\\/06\\\/logo.png\",\"contentUrl\":\"https:\\\/\\\/idrettsraadet.no\\\/wp-content\\\/uploads\\\/2016\\\/06\\\/logo.png\",\"width\":149,\"height\":48,\"caption\":\"Stavanger Idrettsr\u00e5d\"},\"image\":{\"@id\":\"https:\\\/\\\/idrettsraadet.no\\\/bn\\\/#\\\/schema\\\/logo\\\/image\\\/\"}}]}<\/script>\n<!-- \/ Yoast SEO plugin. -->","yoast_head_json":{"title":"Idrett+ - Idrettsr\u00e5det Stavanger","robots":{"index":"index","follow":"follow","max-snippet":"max-snippet:-1","max-image-preview":"max-image-preview:large","max-video-preview":"max-video-preview:-1"},"canonical":"https:\/\/idrettsraadet.no\/so\/macluumaad\/idrett\/","og_locale":"so_SO","og_type":"article","og_title":"Idrett+ - Idrettsr\u00e5det Stavanger","og_description":"Idrett+ (Ciyaaraha+) waxay laga bilaabo 2002 ka shaqaysay inay fudaydin u samayso carruurta iyo dadka dhalin uarada ah ee qab baahiyaha gaarka ah. Shaqadan waxay noqotayt qayb ka mid ah waxyaabaha Gollahu u heelan yahay inuu ka guul gaadho hadafka ee \u201cciyaaraha qof kastaa ka qayb qaato\u201d. Gollaha ciyaarahu waxa uu ka caawiyaa kartida\/la socodka [&hellip;]","og_url":"https:\/\/idrettsraadet.no\/so\/macluumaad\/idrett\/","og_site_name":"Idrettsr\u00e5det Stavanger","article_modified_time":"2025-01-22T13:08:31+00:00","og_image":[{"width":612,"height":373,"url":"https:\/\/idrettsraadet.no\/wp-content\/uploads\/2016\/08\/innvandrerjenter.jpg","type":"image\/jpeg"}],"twitter_card":"summary_large_image","twitter_misc":{"Est. reading time":"5 minutes"},"schema":{"@context":"https:\/\/schema.org","@graph":[{"@type":"WebPage","@id":"https:\/\/idrettsraadet.no\/so\/macluumaad\/idrett\/","url":"https:\/\/idrettsraadet.no\/so\/macluumaad\/idrett\/","name":"Idrett+ - Idrettsr\u00e5det Stavanger","isPartOf":{"@id":"https:\/\/idrettsraadet.no\/bn\/#website"},"primaryImageOfPage":{"@id":"https:\/\/idrettsraadet.no\/so\/macluumaad\/idrett\/#primaryimage"},"image":{"@id":"https:\/\/idrettsraadet.no\/so\/macluumaad\/idrett\/#primaryimage"},"thumbnailUrl":"http:\/\/109.199.118.79\/~rekylweb\/clients\/idrettsraadet.no\/wp-content\/uploads\/2016\/08\/innvandrerjenter.jpg","datePublished":"2020-02-24T09:51:52+00:00","dateModified":"2025-01-22T13:08:31+00:00","breadcrumb":{"@id":"https:\/\/idrettsraadet.no\/so\/macluumaad\/idrett\/#breadcrumb"},"inLanguage":"so-SO","potentialAction":[{"@type":"ReadAction","target":["https:\/\/idrettsraadet.no\/so\/macluumaad\/idrett\/"]}]},{"@type":"ImageObject","inLanguage":"so-SO","@id":"https:\/\/idrettsraadet.no\/so\/macluumaad\/idrett\/#primaryimage","url":"http:\/\/109.199.118.79\/~rekylweb\/clients\/idrettsraadet.no\/wp-content\/uploads\/2016\/08\/innvandrerjenter.jpg","contentUrl":"http:\/\/109.199.118.79\/~rekylweb\/clients\/idrettsraadet.no\/wp-content\/uploads\/2016\/08\/innvandrerjenter.jpg"},{"@type":"BreadcrumbList","@id":"https:\/\/idrettsraadet.no\/so\/macluumaad\/idrett\/#breadcrumb","itemListElement":[{"@type":"ListItem","position":1,"name":"Hjem","item":"https:\/\/idrettsraadet.no\/so\/"},{"@type":"ListItem","position":2,"name":"Private: Macluumaad","item":"https:\/\/idrettsraadet.no\/so\/?page_id=12161"},{"@type":"ListItem","position":3,"name":"Idrett+"}]},{"@type":"WebSite","@id":"https:\/\/idrettsraadet.no\/bn\/#website","url":"https:\/\/idrettsraadet.no\/bn\/","name":"Idrettsr\u00e5det Stavanger","description":"Idrett for alle.","publisher":{"@id":"https:\/\/idrettsraadet.no\/bn\/#organization"},"potentialAction":[{"@type":"SearchAction","target":{"@type":"EntryPoint","urlTemplate":"https:\/\/idrettsraadet.no\/bn\/?s={search_term_string}"},"query-input":{"@type":"PropertyValueSpecification","valueRequired":true,"valueName":"search_term_string"}}],"inLanguage":"so-SO"},{"@type":"Organization","@id":"https:\/\/idrettsraadet.no\/bn\/#organization","name":"Stavanger Idrettsr\u00e5d","url":"https:\/\/idrettsraadet.no\/bn\/","logo":{"@type":"ImageObject","inLanguage":"so-SO","@id":"https:\/\/idrettsraadet.no\/bn\/#\/schema\/logo\/image\/","url":"https:\/\/idrettsraadet.no\/wp-content\/uploads\/2016\/06\/logo.png","contentUrl":"https:\/\/idrettsraadet.no\/wp-content\/uploads\/2016\/06\/logo.png","width":149,"height":48,"caption":"Stavanger Idrettsr\u00e5d"},"image":{"@id":"https:\/\/idrettsraadet.no\/bn\/#\/schema\/logo\/image\/"}}]}},"_links":{"self":[{"href":"https:\/\/idrettsraadet.no\/so\/wp-json\/wp\/v2\/pages\/12172","targetHints":{"allow":["GET"]}}],"collection":[{"href":"https:\/\/idrettsraadet.no\/so\/wp-json\/wp\/v2\/pages"}],"about":[{"href":"https:\/\/idrettsraadet.no\/so\/wp-json\/wp\/v2\/types\/page"}],"author":[{"embeddable":true,"href":"https:\/\/idrettsraadet.no\/so\/wp-json\/wp\/v2\/users\/1"}],"replies":[{"embeddable":true,"href":"https:\/\/idrettsraadet.no\/so\/wp-json\/wp\/v2\/comments?post=12172"}],"version-history":[{"count":3,"href":"https:\/\/idrettsraadet.no\/so\/wp-json\/wp\/v2\/pages\/12172\/revisions"}],"predecessor-version":[{"id":30962,"href":"https:\/\/idrettsraadet.no\/so\/wp-json\/wp\/v2\/pages\/12172\/revisions\/30962"}],"up":[{"embeddable":true,"href":"https:\/\/idrettsraadet.no\/so\/wp-json\/wp\/v2\/pages\/12161"}],"wp:attachment":[{"href":"https:\/\/idrettsraadet.no\/so\/wp-json\/wp\/v2\/media?parent=12172"}],"curies":[{"name":"wp","href":"https:\/\/api.w.org\/{rel}","templated":true}]}}