{"id":12176,"date":"2020-02-24T10:59:43","date_gmt":"2020-02-24T09:59:43","guid":{"rendered":"https:\/\/idrettsraadet.no\/abaalmarinta-hindisaha-ee-naadiga-ildsjelprisen\/"},"modified":"2020-02-24T10:59:43","modified_gmt":"2020-02-24T09:59:43","slug":"abaalmarinta-hindisaha-ee-naadiga-ildsjelprisen","status":"publish","type":"page","link":"https:\/\/idrettsraadet.no\/so\/abaalmarinta-hindisaha-ee-naadiga-ildsjelprisen\/","title":{"rendered":"Abaalmarinta hindisaha ee naadiga (ildsjelprisen)"},"content":{"rendered":"<h3>Abaal marinta, waxaanu doonaynaa inaan ku sharafno cida sanado badan samaysay dedaalka ciyaaraha.<\/h3>\n<p>&nbsp;<\/p>\n<p><strong>\u00a0<a href=\"https:\/\/response.questback.com\/isa\/qbv.dll\/ShowQuest?QuestID=5254282&amp;sid=kb7f6GHpeC\">RIIX HALKAN SO AADU DOORATO MURASHAX<\/a><\/strong><\/p>\n<h4>Muddada codsiga loo qabtay:<br \/>\n30 Noofambar<\/h4>\n<p>&nbsp;<\/p>\n<p>Tilmaamaha soo socdaa waxay ku habboon yihiin Hindisaha Abaal marinta Naadiga:<\/p>\n<p><em>\u2013 Abaal marinta waxa ala siiyaa qofka kaas oo sanado badan siiyay dedaal mutadac ah ciyaaraha gudaha Stanvanger<\/em><\/p>\n<p><em>\u2013 Qofka lagama shaqaalaynayo kooxda ciyaaraha ama ma lahaanayo boosas lacag la siiyo oo shaqadiisa ah gudaha ciyaaraha<\/em><\/p>\n<p><em>\u2013 Musharaxa waxa uu lahaanayaa dedaal gaar ah oo kooxda ciyaaraha ah ilaa dhowr sanadood, ama waxa uu muujiyay inuu aad u rabo ama ugu xamaasadaysan yahay ciyaaraha<\/em><\/p>\n<p><em>\u2013 Abaal marinta waxaa lagu abaal mariyaa qaabka doorashada ee ka timid kooxaha ciyaaraha<\/em><\/p>\n<p><em>\u2013 Doorashada waa inay ka koobnaataa cudur daarka sababta qofkan uu ugu qalmo Abaal marinta Hindisaha Naadiga, oo waa inuu saxeexaa maaray ama maareeyaha guud<\/em><\/p>\n<p><em>\u2013 Qiimaha jeega hadiyadu waa kr. 25,000, oo waxaa dhiiba Duqa magaalada Maalinta Sanadka cusub xaga Ledaal<\/em><\/p>\n<p><em>\u2013 Murashaxiinta la doortay waxaa la soo bandhigaa ka hor go\u2019aanka xeerbeegtida inta aan la gaadhin<\/em><\/p>\n<p>Xeer beegtidu waa inay ka koobnaataa shan qof. Garsooraha Guddida Degmadda ee Dhaqanka iyo Ciyaaraha (KKI) waa madaxa xeerbeegtida. Intaa waxa dheer, waa inay jiraan labba wakiil oo ka yimid Gollaha Ciyaaraha siiba labba wakiil o ka yimid KKI.<\/p>\n<p><img fetchpriority=\"high\" decoding=\"async\" class=\"wp-image-11280 aligncenter\" src=\"https:\/\/idrettsraadet.no\/wp-content\/uploads\/2019\/01\/IMG_00901.jpg\" alt=\"\" width=\"646\" height=\"484\" srcset=\"https:\/\/idrettsraadet.no\/wp-content\/uploads\/2019\/01\/IMG_00901.jpg 1024w, https:\/\/idrettsraadet.no\/wp-content\/uploads\/2019\/01\/IMG_00901-300x225.jpg 300w, https:\/\/idrettsraadet.no\/wp-content\/uploads\/2019\/01\/IMG_00901-768x576.jpg 768w\" sizes=\"(max-width: 646px) 100vw, 646px\" \/><\/p>\n<figure id=\"attachment_11286\" aria-describedby=\"caption-attachment-11286\" style=\"width: 580px\" class=\"wp-caption aligncenter\"><img decoding=\"async\" class=\"size-full wp-image-2594\" src=\"http:\/\/localhost\/idrettsraadet\/wp-content\/uploads\/2016\/06\/Kjell-Sivertsen-og-ordf\u00f8rer_Foto-Svein-Hagen.jpg\" alt=\"\" width=\"580\" height=\"378\" \/><figcaption id=\"caption-attachment-11286\" class=\"wp-caption-text\">Thor Dagfinn Flikkerud mottar Ildsjelprisen av ordf\u00f8rer Christine Sagen Helg\u00f8 p\u00e5 Ledaal 1.nytt\u00e5rsdag. Foto: J\u00f8rn Nielsen, Idrettsr\u00e5det Stavanger<\/figcaption><\/figure>\n<p>Dadka hore u heli jiray Ildsjelprisen:<\/p>\n<p>2010: Arthur Abrahamsen &#8211;\u00a0Stavanger Sv\u00f8mme Club<\/p>\n<p>2011: Annebeth Tvedten &#8211;\u00a0Stavanger Turnforening<\/p>\n<p>2012: Harald Kambo &#8211;\u00a0Stavanger Skytterlag<\/p>\n<p>2013:\u00a0Jan Inge Hegreberg &#8211; Stavanger Sykleklubb<\/p>\n<p>2014: Arne Johnsen &#8211; Viking H\u00e5ndballklubb<\/p>\n<p>2015: May Brit Harestad Osaland &#8211; Tasta Turn<\/p>\n<p>2016: Victor \u00d8vregaard &#8211; IL Skjalg<\/p>\n<p>2017: Kjell Sivertsen &#8211; Seiken Karateklubb<\/p>\n<p>2018: Rolf Inge Sotland &#8211; Stavanger Fallskjermklubb<\/p>\n<p>2019: Thor Dagfinn Flikkerud &#8211; Stavanger Sandnes Sk\u00f8yteklubb<\/p>\n","protected":false},"excerpt":{"rendered":"<p>Abaal marinta, waxaanu doonaynaa inaan ku sharafno cida sanado badan samaysay dedaalka ciyaaraha. &nbsp; \u00a0RIIX HALKAN SO AADU DOORATO MURASHAX Muddada codsiga loo qabtay: 30 Noofambar &nbsp; Tilmaamaha soo socdaa waxay ku habboon yihiin Hindisaha Abaal marinta Naadiga: \u2013 Abaal marinta waxa ala siiyaa qofka kaas oo sanado badan siiyay dedaal mutadac ah ciyaaraha gudaha [&hellip;]<\/p>\n","protected":false},"author":1,"featured_media":0,"parent":0,"menu_order":0,"comment_status":"closed","ping_status":"closed","template":"","meta":{"site-sidebar-layout":"default","site-content-layout":"default","ast-site-content-layout":"default","site-content-style":"default","site-sidebar-style":"default","ast-global-header-display":"","ast-banner-title-visibility":"","ast-main-header-display":"","ast-hfb-above-header-display":"","ast-hfb-below-header-display":"","ast-hfb-mobile-header-display":"","site-post-title":"","ast-breadcrumbs-content":"","ast-featured-img":"","footer-sml-layout":"","ast-disable-related-posts":"","theme-transparent-header-meta":"default","adv-header-id-meta":"","stick-header-meta":"default","header-above-stick-meta":"","header-main-stick-meta":"","header-below-stick-meta":"","astra-migrate-meta-layouts":"default","ast-page-background-enabled":"default","ast-page-background-meta":{"desktop":{"background-color":"","background-image":"","background-repeat":"repeat","background-position":"center center","background-size":"auto","background-attachment":"scroll","background-type":"","background-media":"","overlay-type":"","overlay-color":"","overlay-opacity":"","overlay-gradient":""},"tablet":{"background-color":"","background-image":"","background-repeat":"repeat","background-position":"center center","background-size":"auto","background-attachment":"scroll","background-type":"","background-media":"","overlay-type":"","overlay-color":"","overlay-opacity":"","overlay-gradient":""},"mobile":{"background-color":"","background-image":"","background-repeat":"repeat","background-position":"center center","background-size":"auto","background-attachment":"scroll","background-type":"","background-media":"","overlay-type":"","overlay-color":"","overlay-opacity":"","overlay-gradient":""}},"ast-content-background-meta":{"desktop":{"background-color":"var(--ast-global-color-5)","background-image":"","background-repeat":"repeat","background-position":"center center","background-size":"auto","background-attachment":"scroll","background-type":"","background-media":"","overlay-type":"","overlay-color":"","overlay-opacity":"","overlay-gradient":""},"tablet":{"background-color":"var(--ast-global-color-5)","background-image":"","background-repeat":"repeat","background-position":"center center","background-size":"auto","background-attachment":"scroll","background-type":"","background-media":"","overlay-type":"","overlay-color":"","overlay-opacity":"","overlay-gradient":""},"mobile":{"background-color":"var(--ast-global-color-5)","background-image":"","background-repeat":"repeat","background-position":"center center","background-size":"auto","background-attachment":"scroll","background-type":"","background-media":"","overlay-type":"","overlay-color":"","overlay-opacity":"","overlay-gradient":""}},"footnotes":""},"class_list":["post-12176","page","type-page","status-publish","hentry"],"yoast_head":"<!-- This site is optimized with the Yoast SEO plugin v27.4 - https:\/\/yoast.com\/product\/yoast-seo-wordpress\/ -->\n<title>Abaalmarinta hindisaha ee naadiga (ildsjelprisen) - Idrettsr\u00e5det Stavanger<\/title>\n<meta name=\"robots\" content=\"index, follow, max-snippet:-1, max-image-preview:large, max-video-preview:-1\" \/>\n<link rel=\"canonical\" href=\"https:\/\/idrettsraadet.no\/so\/abaalmarinta-hindisaha-ee-naadiga-ildsjelprisen\/\" \/>\n<meta property=\"og:locale\" content=\"so_SO\" \/>\n<meta property=\"og:type\" content=\"article\" \/>\n<meta property=\"og:title\" content=\"Abaalmarinta hindisaha ee naadiga (ildsjelprisen) - Idrettsr\u00e5det Stavanger\" \/>\n<meta property=\"og:description\" content=\"Abaal marinta, waxaanu doonaynaa inaan ku sharafno cida sanado badan samaysay dedaalka ciyaaraha. &nbsp; \u00a0RIIX HALKAN SO AADU DOORATO MURASHAX Muddada codsiga loo qabtay: 30 Noofambar &nbsp; Tilmaamaha soo socdaa waxay ku habboon yihiin Hindisaha Abaal marinta Naadiga: \u2013 Abaal marinta waxa ala siiyaa qofka kaas oo sanado badan siiyay dedaal mutadac ah ciyaaraha gudaha [&hellip;]\" \/>\n<meta property=\"og:url\" content=\"https:\/\/idrettsraadet.no\/so\/abaalmarinta-hindisaha-ee-naadiga-ildsjelprisen\/\" \/>\n<meta property=\"og:site_name\" content=\"Idrettsr\u00e5det Stavanger\" \/>\n<meta property=\"og:image\" content=\"https:\/\/idrettsraadet.no\/wp-content\/uploads\/2019\/01\/IMG_00901.jpg\" \/>\n<meta name=\"twitter:card\" content=\"summary_large_image\" \/>\n<meta name=\"twitter:label1\" content=\"Est. reading time\" \/>\n\t<meta name=\"twitter:data1\" content=\"2 minutes\" \/>\n<script type=\"application\/ld+json\" class=\"yoast-schema-graph\">{\"@context\":\"https:\\\/\\\/schema.org\",\"@graph\":[{\"@type\":\"WebPage\",\"@id\":\"https:\\\/\\\/idrettsraadet.no\\\/so\\\/abaalmarinta-hindisaha-ee-naadiga-ildsjelprisen\\\/\",\"url\":\"https:\\\/\\\/idrettsraadet.no\\\/so\\\/abaalmarinta-hindisaha-ee-naadiga-ildsjelprisen\\\/\",\"name\":\"Abaalmarinta hindisaha ee naadiga (ildsjelprisen) - Idrettsr\u00e5det Stavanger\",\"isPartOf\":{\"@id\":\"https:\\\/\\\/idrettsraadet.no\\\/bn\\\/#website\"},\"primaryImageOfPage\":{\"@id\":\"https:\\\/\\\/idrettsraadet.no\\\/so\\\/abaalmarinta-hindisaha-ee-naadiga-ildsjelprisen\\\/#primaryimage\"},\"image\":{\"@id\":\"https:\\\/\\\/idrettsraadet.no\\\/so\\\/abaalmarinta-hindisaha-ee-naadiga-ildsjelprisen\\\/#primaryimage\"},\"thumbnailUrl\":\"https:\\\/\\\/idrettsraadet.no\\\/wp-content\\\/uploads\\\/2019\\\/01\\\/IMG_00901.jpg\",\"datePublished\":\"2020-02-24T09:59:43+00:00\",\"breadcrumb\":{\"@id\":\"https:\\\/\\\/idrettsraadet.no\\\/so\\\/abaalmarinta-hindisaha-ee-naadiga-ildsjelprisen\\\/#breadcrumb\"},\"inLanguage\":\"so-SO\",\"potentialAction\":[{\"@type\":\"ReadAction\",\"target\":[\"https:\\\/\\\/idrettsraadet.no\\\/so\\\/abaalmarinta-hindisaha-ee-naadiga-ildsjelprisen\\\/\"]}]},{\"@type\":\"ImageObject\",\"inLanguage\":\"so-SO\",\"@id\":\"https:\\\/\\\/idrettsraadet.no\\\/so\\\/abaalmarinta-hindisaha-ee-naadiga-ildsjelprisen\\\/#primaryimage\",\"url\":\"https:\\\/\\\/idrettsraadet.no\\\/wp-content\\\/uploads\\\/2019\\\/01\\\/IMG_00901.jpg\",\"contentUrl\":\"https:\\\/\\\/idrettsraadet.no\\\/wp-content\\\/uploads\\\/2019\\\/01\\\/IMG_00901.jpg\"},{\"@type\":\"BreadcrumbList\",\"@id\":\"https:\\\/\\\/idrettsraadet.no\\\/so\\\/abaalmarinta-hindisaha-ee-naadiga-ildsjelprisen\\\/#breadcrumb\",\"itemListElement\":[{\"@type\":\"ListItem\",\"position\":1,\"name\":\"Hjem\",\"item\":\"https:\\\/\\\/idrettsraadet.no\\\/so\\\/\"},{\"@type\":\"ListItem\",\"position\":2,\"name\":\"Abaalmarinta hindisaha ee naadiga (ildsjelprisen)\"}]},{\"@type\":\"WebSite\",\"@id\":\"https:\\\/\\\/idrettsraadet.no\\\/bn\\\/#website\",\"url\":\"https:\\\/\\\/idrettsraadet.no\\\/bn\\\/\",\"name\":\"Idrettsr\u00e5det Stavanger\",\"description\":\"Idrett for alle.\",\"publisher\":{\"@id\":\"https:\\\/\\\/idrettsraadet.no\\\/bn\\\/#organization\"},\"potentialAction\":[{\"@type\":\"SearchAction\",\"target\":{\"@type\":\"EntryPoint\",\"urlTemplate\":\"https:\\\/\\\/idrettsraadet.no\\\/bn\\\/?s={search_term_string}\"},\"query-input\":{\"@type\":\"PropertyValueSpecification\",\"valueRequired\":true,\"valueName\":\"search_term_string\"}}],\"inLanguage\":\"so-SO\"},{\"@type\":\"Organization\",\"@id\":\"https:\\\/\\\/idrettsraadet.no\\\/bn\\\/#organization\",\"name\":\"Stavanger Idrettsr\u00e5d\",\"url\":\"https:\\\/\\\/idrettsraadet.no\\\/bn\\\/\",\"logo\":{\"@type\":\"ImageObject\",\"inLanguage\":\"so-SO\",\"@id\":\"https:\\\/\\\/idrettsraadet.no\\\/bn\\\/#\\\/schema\\\/logo\\\/image\\\/\",\"url\":\"https:\\\/\\\/idrettsraadet.no\\\/wp-content\\\/uploads\\\/2016\\\/06\\\/logo.png\",\"contentUrl\":\"https:\\\/\\\/idrettsraadet.no\\\/wp-content\\\/uploads\\\/2016\\\/06\\\/logo.png\",\"width\":149,\"height\":48,\"caption\":\"Stavanger Idrettsr\u00e5d\"},\"image\":{\"@id\":\"https:\\\/\\\/idrettsraadet.no\\\/bn\\\/#\\\/schema\\\/logo\\\/image\\\/\"}}]}<\/script>\n<!-- \/ Yoast SEO plugin. -->","yoast_head_json":{"title":"Abaalmarinta hindisaha ee naadiga (ildsjelprisen) - Idrettsr\u00e5det Stavanger","robots":{"index":"index","follow":"follow","max-snippet":"max-snippet:-1","max-image-preview":"max-image-preview:large","max-video-preview":"max-video-preview:-1"},"canonical":"https:\/\/idrettsraadet.no\/so\/abaalmarinta-hindisaha-ee-naadiga-ildsjelprisen\/","og_locale":"so_SO","og_type":"article","og_title":"Abaalmarinta hindisaha ee naadiga (ildsjelprisen) - Idrettsr\u00e5det Stavanger","og_description":"Abaal marinta, waxaanu doonaynaa inaan ku sharafno cida sanado badan samaysay dedaalka ciyaaraha. &nbsp; \u00a0RIIX HALKAN SO AADU DOORATO MURASHAX Muddada codsiga loo qabtay: 30 Noofambar &nbsp; Tilmaamaha soo socdaa waxay ku habboon yihiin Hindisaha Abaal marinta Naadiga: \u2013 Abaal marinta waxa ala siiyaa qofka kaas oo sanado badan siiyay dedaal mutadac ah ciyaaraha gudaha [&hellip;]","og_url":"https:\/\/idrettsraadet.no\/so\/abaalmarinta-hindisaha-ee-naadiga-ildsjelprisen\/","og_site_name":"Idrettsr\u00e5det Stavanger","og_image":[{"url":"https:\/\/idrettsraadet.no\/wp-content\/uploads\/2019\/01\/IMG_00901.jpg","type":"","width":"","height":""}],"twitter_card":"summary_large_image","twitter_misc":{"Est. reading time":"2 minutes"},"schema":{"@context":"https:\/\/schema.org","@graph":[{"@type":"WebPage","@id":"https:\/\/idrettsraadet.no\/so\/abaalmarinta-hindisaha-ee-naadiga-ildsjelprisen\/","url":"https:\/\/idrettsraadet.no\/so\/abaalmarinta-hindisaha-ee-naadiga-ildsjelprisen\/","name":"Abaalmarinta hindisaha ee naadiga (ildsjelprisen) - Idrettsr\u00e5det Stavanger","isPartOf":{"@id":"https:\/\/idrettsraadet.no\/bn\/#website"},"primaryImageOfPage":{"@id":"https:\/\/idrettsraadet.no\/so\/abaalmarinta-hindisaha-ee-naadiga-ildsjelprisen\/#primaryimage"},"image":{"@id":"https:\/\/idrettsraadet.no\/so\/abaalmarinta-hindisaha-ee-naadiga-ildsjelprisen\/#primaryimage"},"thumbnailUrl":"https:\/\/idrettsraadet.no\/wp-content\/uploads\/2019\/01\/IMG_00901.jpg","datePublished":"2020-02-24T09:59:43+00:00","breadcrumb":{"@id":"https:\/\/idrettsraadet.no\/so\/abaalmarinta-hindisaha-ee-naadiga-ildsjelprisen\/#breadcrumb"},"inLanguage":"so-SO","potentialAction":[{"@type":"ReadAction","target":["https:\/\/idrettsraadet.no\/so\/abaalmarinta-hindisaha-ee-naadiga-ildsjelprisen\/"]}]},{"@type":"ImageObject","inLanguage":"so-SO","@id":"https:\/\/idrettsraadet.no\/so\/abaalmarinta-hindisaha-ee-naadiga-ildsjelprisen\/#primaryimage","url":"https:\/\/idrettsraadet.no\/wp-content\/uploads\/2019\/01\/IMG_00901.jpg","contentUrl":"https:\/\/idrettsraadet.no\/wp-content\/uploads\/2019\/01\/IMG_00901.jpg"},{"@type":"BreadcrumbList","@id":"https:\/\/idrettsraadet.no\/so\/abaalmarinta-hindisaha-ee-naadiga-ildsjelprisen\/#breadcrumb","itemListElement":[{"@type":"ListItem","position":1,"name":"Hjem","item":"https:\/\/idrettsraadet.no\/so\/"},{"@type":"ListItem","position":2,"name":"Abaalmarinta hindisaha ee naadiga (ildsjelprisen)"}]},{"@type":"WebSite","@id":"https:\/\/idrettsraadet.no\/bn\/#website","url":"https:\/\/idrettsraadet.no\/bn\/","name":"Idrettsr\u00e5det Stavanger","description":"Idrett for alle.","publisher":{"@id":"https:\/\/idrettsraadet.no\/bn\/#organization"},"potentialAction":[{"@type":"SearchAction","target":{"@type":"EntryPoint","urlTemplate":"https:\/\/idrettsraadet.no\/bn\/?s={search_term_string}"},"query-input":{"@type":"PropertyValueSpecification","valueRequired":true,"valueName":"search_term_string"}}],"inLanguage":"so-SO"},{"@type":"Organization","@id":"https:\/\/idrettsraadet.no\/bn\/#organization","name":"Stavanger Idrettsr\u00e5d","url":"https:\/\/idrettsraadet.no\/bn\/","logo":{"@type":"ImageObject","inLanguage":"so-SO","@id":"https:\/\/idrettsraadet.no\/bn\/#\/schema\/logo\/image\/","url":"https:\/\/idrettsraadet.no\/wp-content\/uploads\/2016\/06\/logo.png","contentUrl":"https:\/\/idrettsraadet.no\/wp-content\/uploads\/2016\/06\/logo.png","width":149,"height":48,"caption":"Stavanger Idrettsr\u00e5d"},"image":{"@id":"https:\/\/idrettsraadet.no\/bn\/#\/schema\/logo\/image\/"}}]}},"_links":{"self":[{"href":"https:\/\/idrettsraadet.no\/so\/wp-json\/wp\/v2\/pages\/12176","targetHints":{"allow":["GET"]}}],"collection":[{"href":"https:\/\/idrettsraadet.no\/so\/wp-json\/wp\/v2\/pages"}],"about":[{"href":"https:\/\/idrettsraadet.no\/so\/wp-json\/wp\/v2\/types\/page"}],"author":[{"embeddable":true,"href":"https:\/\/idrettsraadet.no\/so\/wp-json\/wp\/v2\/users\/1"}],"replies":[{"embeddable":true,"href":"https:\/\/idrettsraadet.no\/so\/wp-json\/wp\/v2\/comments?post=12176"}],"version-history":[{"count":0,"href":"https:\/\/idrettsraadet.no\/so\/wp-json\/wp\/v2\/pages\/12176\/revisions"}],"wp:attachment":[{"href":"https:\/\/idrettsraadet.no\/so\/wp-json\/wp\/v2\/media?parent=12176"}],"curies":[{"name":"wp","href":"https:\/\/api.w.org\/{rel}","templated":true}]}}