{"id":12100,"date":"2020-02-24T08:49:55","date_gmt":"2020-02-24T07:49:55","guid":{"rendered":"https:\/\/idrettsraadet.no\/idrettspatruljen-spor-devriyesi\/"},"modified":"2020-02-24T10:02:41","modified_gmt":"2020-02-24T09:02:41","slug":"idrettspatruljen-spor-devriyesi","status":"publish","type":"page","link":"https:\/\/idrettsraadet.no\/tr\/idrettspatruljen-spor-devriyesi\/","title":{"rendered":"Idrettspatruljen (Spor Devriyesi)"},"content":{"rendered":"\t\t<div data-elementor-type=\"wp-page\" data-elementor-id=\"12100\" class=\"elementor elementor-12100 elementor-339\" data-elementor-post-type=\"page\">\n\t\t\t\t\t\t<section class=\"elementor-section elementor-top-section elementor-element elementor-element-dae234c elementor-section-stretched elementor-section-height-min-height elementor-section-boxed elementor-section-height-default elementor-section-items-middle\" data-id=\"dae234c\" data-element_type=\"section\" data-e-type=\"section\" data-settings=\"{&quot;stretch_section&quot;:&quot;section-stretched&quot;,&quot;background_background&quot;:&quot;classic&quot;}\">\n\t\t\t\t\t\t<div class=\"elementor-container elementor-column-gap-default\">\n\t\t\t\t\t<div class=\"elementor-column elementor-col-100 elementor-top-column elementor-element elementor-element-22d8f89\" data-id=\"22d8f89\" data-element_type=\"column\" data-e-type=\"column\">\n\t\t\t<div class=\"elementor-widget-wrap\">\n\t\t\t\t\t\t\t<\/div>\n\t\t<\/div>\n\t\t\t\t\t<\/div>\n\t\t<\/section>\n\t\t\t\t<section class=\"elementor-section elementor-top-section elementor-element elementor-element-5431e78 elementor-section-boxed elementor-section-height-default elementor-section-height-default\" data-id=\"5431e78\" data-element_type=\"section\" data-e-type=\"section\" data-settings=\"{&quot;background_background&quot;:&quot;classic&quot;}\">\n\t\t\t\t\t\t<div class=\"elementor-container elementor-column-gap-default\">\n\t\t\t\t\t<div class=\"elementor-column elementor-col-100 elementor-top-column elementor-element elementor-element-ad425f7\" data-id=\"ad425f7\" data-element_type=\"column\" data-e-type=\"column\">\n\t\t\t<div class=\"elementor-widget-wrap elementor-element-populated\">\n\t\t\t\t\t\t<div class=\"elementor-element elementor-element-fc6e23b elementor-widget elementor-widget-text-editor\" data-id=\"fc6e23b\" data-element_type=\"widget\" data-e-type=\"widget\" data-widget_type=\"text-editor.default\">\n\t\t\t\t<div class=\"elementor-widget-container\">\n\t\t\t\t\t\t\t\t\t<h3><strong>Idrettspatruljen (Spor Devriyesi), insanlara ya\u015fa ve seviyeye g\u00f6re uyarlanm\u0131\u015f \u00e7e\u015fitli spor faaliyetleri sunar.<\/strong><\/h3>\n<p>Idrettspatruljen gezici bir spor tesisi gibidir. B\u00fcy\u00fck bir kamyonetimiz, \u00e7ok say\u0131da farkl\u0131 spor ekipman\u0131m\u0131z ve 17 ki\u015filik bir minib\u00fcs\u00fcm\u00fcz var. Genellikle okullar\u0131, okul sonras\u0131 bak\u0131m evlerini ve kre\u015fleri ziyaret ediyoruz. Bunun yan\u0131 s\u0131ra aile\/etkinlik g\u00fcnleri ve i\u015fletmelerle ilgili faaliyetler i\u00e7in \u00fccretli sunumlar yap\u0131yoruz. \u00c7e\u015fitli spor dallar\u0131nda yetenekli e\u011fitimcilerden olu\u015fan geni\u015f bir a\u011f\u0131m\u0131z var. Idrettspatruljen olduk\u00e7a talep g\u00f6rd\u00fc\u011f\u00fcnden, etkinlikler ger\u00e7ekle\u015fmeden \u00f6nce yer ay\u0131rtmak ak\u0131ll\u0131ca oluyor.<\/p>\n<p>Idrettspatruljen&#8217;i ziyaret etmek i\u00e7in l\u00fctfen <a href=\"https:\/\/response.questback.com\/isa\/qbv.dll\/ShowQuest?QuestID=5253723&amp;sid=yVh5xfelPY\">BURAYA<\/a> t\u0131klay\u0131n<\/p>\n\t\t\t\t\t\t\t\t<\/div>\n\t\t\t\t<\/div>\n\t\t\t\t\t<\/div>\n\t\t<\/div>\n\t\t\t\t\t<\/div>\n\t\t<\/section>\n\t\t\t\t<section class=\"elementor-section elementor-top-section elementor-element elementor-element-1c98 elementor-section-boxed elementor-section-height-default elementor-section-height-default\" data-id=\"1c98\" data-element_type=\"section\" data-e-type=\"section\">\n\t\t\t\t\t\t<div class=\"elementor-container elementor-column-gap-default\">\n\t\t\t\t\t<div class=\"elementor-column elementor-col-100 elementor-top-column elementor-element elementor-element-25fd\" data-id=\"25fd\" data-element_type=\"column\" data-e-type=\"column\">\n\t\t\t<div class=\"elementor-widget-wrap elementor-element-populated\">\n\t\t\t\t\t\t<div class=\"elementor-element elementor-element-a6d043c elementor-widget elementor-widget-text-editor\" data-id=\"a6d043c\" data-element_type=\"widget\" data-e-type=\"widget\" data-widget_type=\"text-editor.default\">\n\t\t\t\t<div class=\"elementor-widget-container\">\n\t\t\t\t\t\t\t\t\t<p>Ziyaretlerinden baz\u0131lar\u0131 Idrettspatruljen<\/p>\n\t\t\t\t\t\t\t\t<\/div>\n\t\t\t\t<\/div>\n\t\t\t\t\t<\/div>\n\t\t<\/div>\n\t\t\t\t\t<\/div>\n\t\t<\/section>\n\t\t\t\t<\/div>\n\t\t","protected":false},"excerpt":{"rendered":"<p>Idrettspatruljen (Spor Devriyesi), insanlara ya\u015fa ve seviyeye g\u00f6re uyarlanm\u0131\u015f \u00e7e\u015fitli spor faaliyetleri sunar. Idrettspatruljen gezici bir spor tesisi gibidir. B\u00fcy\u00fck bir kamyonetimiz, \u00e7ok say\u0131da farkl\u0131 spor ekipman\u0131m\u0131z ve 17 ki\u015filik bir minib\u00fcs\u00fcm\u00fcz var. Genellikle okullar\u0131, okul sonras\u0131 bak\u0131m evlerini ve kre\u015fleri ziyaret ediyoruz. Bunun yan\u0131 s\u0131ra aile\/etkinlik g\u00fcnleri ve i\u015fletmelerle ilgili faaliyetler i\u00e7in \u00fccretli sunumlar [&hellip;]<\/p>\n","protected":false},"author":1,"featured_media":0,"parent":0,"menu_order":0,"comment_status":"closed","ping_status":"closed","template":"","meta":{"site-sidebar-layout":"no-sidebar","site-content-layout":"page-builder","ast-site-content-layout":"default","site-content-style":"default","site-sidebar-style":"default","ast-global-header-display":"","ast-banner-title-visibility":"","ast-main-header-display":"","ast-hfb-above-header-display":"","ast-hfb-below-header-display":"","ast-hfb-mobile-header-display":"","site-post-title":"disabled","ast-breadcrumbs-content":"","ast-featured-img":"disabled","footer-sml-layout":"","ast-disable-related-posts":"","theme-transparent-header-meta":"default","adv-header-id-meta":"","stick-header-meta":"default","header-above-stick-meta":"","header-main-stick-meta":"","header-below-stick-meta":"","astra-migrate-meta-layouts":"default","ast-page-background-enabled":"default","ast-page-background-meta":{"desktop":{"background-color":"","background-image":"","background-repeat":"repeat","background-position":"center center","background-size":"auto","background-attachment":"scroll","background-type":"","background-media":"","overlay-type":"","overlay-color":"","overlay-opacity":"","overlay-gradient":""},"tablet":{"background-color":"","background-image":"","background-repeat":"repeat","background-position":"center center","background-size":"auto","background-attachment":"scroll","background-type":"","background-media":"","overlay-type":"","overlay-color":"","overlay-opacity":"","overlay-gradient":""},"mobile":{"background-color":"","background-image":"","background-repeat":"repeat","background-position":"center center","background-size":"auto","background-attachment":"scroll","background-type":"","background-media":"","overlay-type":"","overlay-color":"","overlay-opacity":"","overlay-gradient":""}},"ast-content-background-meta":{"desktop":{"background-color":"var(--ast-global-color-5)","background-image":"","background-repeat":"repeat","background-position":"center center","background-size":"auto","background-attachment":"scroll","background-type":"","background-media":"","overlay-type":"","overlay-color":"","overlay-opacity":"","overlay-gradient":""},"tablet":{"background-color":"var(--ast-global-color-5)","background-image":"","background-repeat":"repeat","background-position":"center center","background-size":"auto","background-attachment":"scroll","background-type":"","background-media":"","overlay-type":"","overlay-color":"","overlay-opacity":"","overlay-gradient":""},"mobile":{"background-color":"var(--ast-global-color-5)","background-image":"","background-repeat":"repeat","background-position":"center center","background-size":"auto","background-attachment":"scroll","background-type":"","background-media":"","overlay-type":"","overlay-color":"","overlay-opacity":"","overlay-gradient":""}},"footnotes":""},"class_list":["post-12100","page","type-page","status-publish","hentry"],"yoast_head":"<!-- This site is optimized with the Yoast SEO plugin v27.4 - https:\/\/yoast.com\/product\/yoast-seo-wordpress\/ -->\n<title>Idrettspatruljen (Spor Devriyesi) - Idrettsr\u00e5det Stavanger<\/title>\n<meta name=\"robots\" content=\"index, follow, max-snippet:-1, max-image-preview:large, max-video-preview:-1\" \/>\n<link rel=\"canonical\" href=\"https:\/\/idrettsraadet.no\/tr\/idrettspatruljen-spor-devriyesi\/\" \/>\n<meta property=\"og:locale\" content=\"tr_TR\" \/>\n<meta property=\"og:type\" content=\"article\" \/>\n<meta property=\"og:title\" content=\"Idrettspatruljen (Spor Devriyesi) - Idrettsr\u00e5det Stavanger\" \/>\n<meta property=\"og:description\" content=\"Idrettspatruljen (Spor Devriyesi), insanlara ya\u015fa ve seviyeye g\u00f6re uyarlanm\u0131\u015f \u00e7e\u015fitli spor faaliyetleri sunar. Idrettspatruljen gezici bir spor tesisi gibidir. B\u00fcy\u00fck bir kamyonetimiz, \u00e7ok say\u0131da farkl\u0131 spor ekipman\u0131m\u0131z ve 17 ki\u015filik bir minib\u00fcs\u00fcm\u00fcz var. Genellikle okullar\u0131, okul sonras\u0131 bak\u0131m evlerini ve kre\u015fleri ziyaret ediyoruz. Bunun yan\u0131 s\u0131ra aile\/etkinlik g\u00fcnleri ve i\u015fletmelerle ilgili faaliyetler i\u00e7in \u00fccretli sunumlar [&hellip;]\" \/>\n<meta property=\"og:url\" content=\"https:\/\/idrettsraadet.no\/tr\/idrettspatruljen-spor-devriyesi\/\" \/>\n<meta property=\"og:site_name\" content=\"Idrettsr\u00e5det Stavanger\" \/>\n<meta property=\"article:modified_time\" content=\"2020-02-24T09:02:41+00:00\" \/>\n<meta name=\"twitter:card\" content=\"summary_large_image\" \/>\n<meta name=\"twitter:label1\" content=\"Tahmini okuma s\u00fcresi\" \/>\n\t<meta name=\"twitter:data1\" content=\"1 dakika\" \/>\n<script type=\"application\/ld+json\" class=\"yoast-schema-graph\">{\"@context\":\"https:\\\/\\\/schema.org\",\"@graph\":[{\"@type\":\"WebPage\",\"@id\":\"https:\\\/\\\/idrettsraadet.no\\\/tr\\\/idrettspatruljen-spor-devriyesi\\\/\",\"url\":\"https:\\\/\\\/idrettsraadet.no\\\/tr\\\/idrettspatruljen-spor-devriyesi\\\/\",\"name\":\"Idrettspatruljen (Spor Devriyesi) - Idrettsr\u00e5det Stavanger\",\"isPartOf\":{\"@id\":\"https:\\\/\\\/idrettsraadet.no\\\/bn\\\/#website\"},\"datePublished\":\"2020-02-24T07:49:55+00:00\",\"dateModified\":\"2020-02-24T09:02:41+00:00\",\"breadcrumb\":{\"@id\":\"https:\\\/\\\/idrettsraadet.no\\\/tr\\\/idrettspatruljen-spor-devriyesi\\\/#breadcrumb\"},\"inLanguage\":\"tr\",\"potentialAction\":[{\"@type\":\"ReadAction\",\"target\":[\"https:\\\/\\\/idrettsraadet.no\\\/tr\\\/idrettspatruljen-spor-devriyesi\\\/\"]}]},{\"@type\":\"BreadcrumbList\",\"@id\":\"https:\\\/\\\/idrettsraadet.no\\\/tr\\\/idrettspatruljen-spor-devriyesi\\\/#breadcrumb\",\"itemListElement\":[{\"@type\":\"ListItem\",\"position\":1,\"name\":\"Hjem\",\"item\":\"https:\\\/\\\/idrettsraadet.no\\\/tr\\\/\"},{\"@type\":\"ListItem\",\"position\":2,\"name\":\"Idrettspatruljen (Spor Devriyesi)\"}]},{\"@type\":\"WebSite\",\"@id\":\"https:\\\/\\\/idrettsraadet.no\\\/bn\\\/#website\",\"url\":\"https:\\\/\\\/idrettsraadet.no\\\/bn\\\/\",\"name\":\"Idrettsr\u00e5det Stavanger\",\"description\":\"Idrett for alle.\",\"publisher\":{\"@id\":\"https:\\\/\\\/idrettsraadet.no\\\/bn\\\/#organization\"},\"potentialAction\":[{\"@type\":\"SearchAction\",\"target\":{\"@type\":\"EntryPoint\",\"urlTemplate\":\"https:\\\/\\\/idrettsraadet.no\\\/bn\\\/?s={search_term_string}\"},\"query-input\":{\"@type\":\"PropertyValueSpecification\",\"valueRequired\":true,\"valueName\":\"search_term_string\"}}],\"inLanguage\":\"tr\"},{\"@type\":\"Organization\",\"@id\":\"https:\\\/\\\/idrettsraadet.no\\\/bn\\\/#organization\",\"name\":\"Stavanger Idrettsr\u00e5d\",\"url\":\"https:\\\/\\\/idrettsraadet.no\\\/bn\\\/\",\"logo\":{\"@type\":\"ImageObject\",\"inLanguage\":\"tr\",\"@id\":\"https:\\\/\\\/idrettsraadet.no\\\/bn\\\/#\\\/schema\\\/logo\\\/image\\\/\",\"url\":\"https:\\\/\\\/idrettsraadet.no\\\/wp-content\\\/uploads\\\/2016\\\/06\\\/logo.png\",\"contentUrl\":\"https:\\\/\\\/idrettsraadet.no\\\/wp-content\\\/uploads\\\/2016\\\/06\\\/logo.png\",\"width\":149,\"height\":48,\"caption\":\"Stavanger Idrettsr\u00e5d\"},\"image\":{\"@id\":\"https:\\\/\\\/idrettsraadet.no\\\/bn\\\/#\\\/schema\\\/logo\\\/image\\\/\"}}]}<\/script>\n<!-- \/ Yoast SEO plugin. -->","yoast_head_json":{"title":"Idrettspatruljen (Spor Devriyesi) - Idrettsr\u00e5det Stavanger","robots":{"index":"index","follow":"follow","max-snippet":"max-snippet:-1","max-image-preview":"max-image-preview:large","max-video-preview":"max-video-preview:-1"},"canonical":"https:\/\/idrettsraadet.no\/tr\/idrettspatruljen-spor-devriyesi\/","og_locale":"tr_TR","og_type":"article","og_title":"Idrettspatruljen (Spor Devriyesi) - Idrettsr\u00e5det Stavanger","og_description":"Idrettspatruljen (Spor Devriyesi), insanlara ya\u015fa ve seviyeye g\u00f6re uyarlanm\u0131\u015f \u00e7e\u015fitli spor faaliyetleri sunar. Idrettspatruljen gezici bir spor tesisi gibidir. B\u00fcy\u00fck bir kamyonetimiz, \u00e7ok say\u0131da farkl\u0131 spor ekipman\u0131m\u0131z ve 17 ki\u015filik bir minib\u00fcs\u00fcm\u00fcz var. Genellikle okullar\u0131, okul sonras\u0131 bak\u0131m evlerini ve kre\u015fleri ziyaret ediyoruz. Bunun yan\u0131 s\u0131ra aile\/etkinlik g\u00fcnleri ve i\u015fletmelerle ilgili faaliyetler i\u00e7in \u00fccretli sunumlar [&hellip;]","og_url":"https:\/\/idrettsraadet.no\/tr\/idrettspatruljen-spor-devriyesi\/","og_site_name":"Idrettsr\u00e5det Stavanger","article_modified_time":"2020-02-24T09:02:41+00:00","twitter_card":"summary_large_image","twitter_misc":{"Tahmini okuma s\u00fcresi":"1 dakika"},"schema":{"@context":"https:\/\/schema.org","@graph":[{"@type":"WebPage","@id":"https:\/\/idrettsraadet.no\/tr\/idrettspatruljen-spor-devriyesi\/","url":"https:\/\/idrettsraadet.no\/tr\/idrettspatruljen-spor-devriyesi\/","name":"Idrettspatruljen (Spor Devriyesi) - Idrettsr\u00e5det Stavanger","isPartOf":{"@id":"https:\/\/idrettsraadet.no\/bn\/#website"},"datePublished":"2020-02-24T07:49:55+00:00","dateModified":"2020-02-24T09:02:41+00:00","breadcrumb":{"@id":"https:\/\/idrettsraadet.no\/tr\/idrettspatruljen-spor-devriyesi\/#breadcrumb"},"inLanguage":"tr","potentialAction":[{"@type":"ReadAction","target":["https:\/\/idrettsraadet.no\/tr\/idrettspatruljen-spor-devriyesi\/"]}]},{"@type":"BreadcrumbList","@id":"https:\/\/idrettsraadet.no\/tr\/idrettspatruljen-spor-devriyesi\/#breadcrumb","itemListElement":[{"@type":"ListItem","position":1,"name":"Hjem","item":"https:\/\/idrettsraadet.no\/tr\/"},{"@type":"ListItem","position":2,"name":"Idrettspatruljen (Spor Devriyesi)"}]},{"@type":"WebSite","@id":"https:\/\/idrettsraadet.no\/bn\/#website","url":"https:\/\/idrettsraadet.no\/bn\/","name":"Idrettsr\u00e5det Stavanger","description":"Idrett for alle.","publisher":{"@id":"https:\/\/idrettsraadet.no\/bn\/#organization"},"potentialAction":[{"@type":"SearchAction","target":{"@type":"EntryPoint","urlTemplate":"https:\/\/idrettsraadet.no\/bn\/?s={search_term_string}"},"query-input":{"@type":"PropertyValueSpecification","valueRequired":true,"valueName":"search_term_string"}}],"inLanguage":"tr"},{"@type":"Organization","@id":"https:\/\/idrettsraadet.no\/bn\/#organization","name":"Stavanger Idrettsr\u00e5d","url":"https:\/\/idrettsraadet.no\/bn\/","logo":{"@type":"ImageObject","inLanguage":"tr","@id":"https:\/\/idrettsraadet.no\/bn\/#\/schema\/logo\/image\/","url":"https:\/\/idrettsraadet.no\/wp-content\/uploads\/2016\/06\/logo.png","contentUrl":"https:\/\/idrettsraadet.no\/wp-content\/uploads\/2016\/06\/logo.png","width":149,"height":48,"caption":"Stavanger Idrettsr\u00e5d"},"image":{"@id":"https:\/\/idrettsraadet.no\/bn\/#\/schema\/logo\/image\/"}}]}},"_links":{"self":[{"href":"https:\/\/idrettsraadet.no\/tr\/wp-json\/wp\/v2\/pages\/12100","targetHints":{"allow":["GET"]}}],"collection":[{"href":"https:\/\/idrettsraadet.no\/tr\/wp-json\/wp\/v2\/pages"}],"about":[{"href":"https:\/\/idrettsraadet.no\/tr\/wp-json\/wp\/v2\/types\/page"}],"author":[{"embeddable":true,"href":"https:\/\/idrettsraadet.no\/tr\/wp-json\/wp\/v2\/users\/1"}],"replies":[{"embeddable":true,"href":"https:\/\/idrettsraadet.no\/tr\/wp-json\/wp\/v2\/comments?post=12100"}],"version-history":[{"count":3,"href":"https:\/\/idrettsraadet.no\/tr\/wp-json\/wp\/v2\/pages\/12100\/revisions"}],"predecessor-version":[{"id":12125,"href":"https:\/\/idrettsraadet.no\/tr\/wp-json\/wp\/v2\/pages\/12100\/revisions\/12125"}],"wp:attachment":[{"href":"https:\/\/idrettsraadet.no\/tr\/wp-json\/wp\/v2\/media?parent=12100"}],"curies":[{"name":"wp","href":"https:\/\/api.w.org\/{rel}","templated":true}]}}