{"id":12102,"date":"2020-02-24T08:58:45","date_gmt":"2020-02-24T07:58:45","guid":{"rendered":"https:\/\/idrettsraadet.no\/hansons-minde-hakkinda\/"},"modified":"2020-02-24T08:58:45","modified_gmt":"2020-02-24T07:58:45","slug":"hansons-minde-hakkinda","status":"publish","type":"page","link":"https:\/\/idrettsraadet.no\/tr\/hansons-minde-hakkinda\/","title":{"rendered":"Hansons Minde Hakk\u0131nda"},"content":{"rendered":"<p><strong>Tesislerimizi vaftiz t\u00f6renleri, kilise t\u00f6renleri, y\u0131l d\u00f6n\u00fcmleri, d\u00fc\u011f\u00fcnler, do\u011fum g\u00fcnleri, partiler, e\u011fitimler\/konferanslar gibi \u00e7e\u015fitli etkinlikler i\u00e7in kiral\u0131yoruz.<\/strong><\/p>\n<p><img fetchpriority=\"high\" decoding=\"async\" class=\"aligncenter size-full wp-image-617\" src=\"http:\/\/109.199.118.79\/~rekylweb\/clients\/idrettsraadet.no\/wp-content\/uploads\/2016\/06\/hansonsminde.jpg\" alt=\"hansonsminde\" width=\"800\" height=\"363\" srcset=\"https:\/\/idrettsraadet.no\/wp-content\/uploads\/2016\/06\/hansonsminde.jpg 800w, https:\/\/idrettsraadet.no\/wp-content\/uploads\/2016\/06\/hansonsminde-300x136.jpg 300w, https:\/\/idrettsraadet.no\/wp-content\/uploads\/2016\/06\/hansonsminde-768x348.jpg 768w\" sizes=\"(max-width: 800px) 100vw, 800px\" \/><\/p>\n<h4>Stavanger Spor evi<\/h4>\n<p>Hansons Minde, Stavanger Belediyesi&#8217;ne aittir, ancak \u015fu an i\u00e7in Spor Konseyi b\u00fcnyesindeki Stavanger&#8217;da Spor Biriminin hizmetindedir.\u00a0Zemin katta Stavanger&#8217;daki spor kul\u00fcpleri i\u00e7in kullan\u0131m\u0131 \u00fccretsiz olan toplant\u0131 salonlar\u0131 bulunmaktad\u0131r.\u00a0Ayr\u0131ca baz\u0131 hafta sonlar\u0131 etkinlikler i\u00e7in tesislerimizi kiral\u0131yoruz.\u00a0\u0130kinci katta Spor Konseyi idari ofisi bulunmaktad\u0131r. Genelde hafta i\u00e7i 9:00-15:30 saatleri aras\u0131nda a\u00e7\u0131\u011f\u0131z, ancak bizimle g\u00f6r\u00fc\u015fmek isterseniz \u00f6nceden randevu alabilirsiniz.<\/p>\n<h4>Hansons Minde\u2019nin Tarihi<\/h4>\n<p>Hansons Minde, Spor Konseyi&#8217;nin merkez binas\u0131n\u0131n ad\u0131d\u0131r. Ad\u0131n\u0131 Kongsg\u00e5rd Okulu&#8217;nda resim \u00f6\u011fretmenli\u011fi yapm\u0131\u015f, 1821 do\u011fumlu Bernhard Hanson&#8217;dan almaktad\u0131r. Hanson, Tjensvold \u00e7iftli\u011finden ald\u0131\u011f\u0131 k\u00fc\u00e7\u00fck bir araziye gri ta\u015flardan k\u00fc\u00e7\u00fck bir ev in\u015fa etmi\u015ftir. Bu ev zamanla \u00f6nemli \u00f6l\u00e7\u00fcde geni\u015fletilmi\u015ftir. Ayr\u0131ca d\u00f6rt adet havuz in\u015fa etmi\u015f, bal\u0131klara y\u00f6nelik yapay kulu\u00e7ka deneyleri y\u00fcr\u00fctm\u00fc\u015ft\u00fcr. Hanson, 1883 y\u0131l\u0131nda hayat\u0131n\u0131 kaybetmi\u015ftir. Hanson\u2019un antikalardan, etnografik eserlerden ve mobilyalardan olu\u015fan koleksiyonu da kendi iste\u011fi \u00fczerine Stavanger M\u00fczesi&#8217;ne verilmi\u015ftir. Sat\u0131\u015f\u0131ndan elde edilen gelir, Stavanger M\u00fczesi\u2019ne hibe edilmi\u015ftir.<\/p>\n<p><img decoding=\"async\" class=\"wp-image-1954 size-full aligncenter\" src=\"http:\/\/localhost\/idrettsraadet\/wp-content\/uploads\/2016\/06\/Gammelt-bilde.jpg\" alt=\"Gammelt bilde\" width=\"600\" height=\"435\" srcset=\"https:\/\/idrettsraadet.no\/wp-content\/uploads\/2016\/06\/Gammelt-bilde.jpg 600w, https:\/\/idrettsraadet.no\/wp-content\/uploads\/2016\/06\/Gammelt-bilde-300x218.jpg 300w\" sizes=\"(max-width: 600px) 100vw, 600px\" \/><\/p>\n<p>Bu, tarih\u00e7enin sadece bir k\u0131sm\u0131. Daha fazlas\u0131n\u0131 <a href=\"http:\/\/109.199.118.79\/~rekylweb\/clients\/idrettsraadet.no\/wp-content\/uploads\/2016\/06\/HanssonsMinde_historie_web.ppt\">buradan<\/a> okuyabilirsiniz. Ancak \u00f6zellikle yak\u0131n tarihlerde baz\u0131 bilgi eksiklikleri s\u00f6z konusu. Bu y\u00fczden binan\u0131n tarihi hakk\u0131nda daha fazla bilgiye ve tercihen birka\u00e7 resme sahipseniz sizinle irtibata ge\u00e7mek isteriz.<br \/>\nAyr\u0131ca Hanson\u2019un tek \u201cs\u201d ile mi, yoksa iki \u201cs\u201d ile mi yaz\u0131ld\u0131\u011f\u0131 da net de\u011fildir. Birbirleriyle tutars\u0131z bir\u00e7ok g\u00fcvenilir kaynak mevcuttur. \u00d6rne\u011fin, eski ar\u015fivlerde ismin hem tek hem de iki \u201cs\u201d ile yaz\u0131ld\u0131\u011f\u0131 g\u00f6r\u00fcl\u00fcrken Lag\u00e5rdsveien&#8217;deki mezarl\u0131kta mezar ta\u015f\u0131 \u00fczerinde yaz\u0131l\u0131 isimde iki \u201cs\u201d vard\u0131r. Bu nedenle biz ismi iki \u201cs\u201d ile yazmay\u0131 tercih ettik.<\/p>\n<p>Ancak daha sonra Hanson\u2019un bir akrabas\u0131 olan Bernhard Hanson ortaya \u00e7\u0131kt\u0131 ve Hanson\u2019un tek \u201cs\u201d ile yaz\u0131ld\u0131\u011f\u0131n\u0131 teyit etti.<\/p>\n<p>Bu ba\u011flamda, Bernhard Hanson&#8217;un \u015fahs\u0131n\u0131n, evin ve\/veya Hanson\u2019un \u00e7izimleri ile eserlerinin resimlerine, foto\u011fraflar\u0131na sahip olan ki\u015filerle ileti\u015fime ge\u00e7mek istiyoruz.\u00a0Bu renkli adam\u0131n birka\u00e7 g\u00fczel portresine sahip olmak harika olurdu.<\/p>\n","protected":false},"excerpt":{"rendered":"<p>Tesislerimizi vaftiz t\u00f6renleri, kilise t\u00f6renleri, y\u0131l d\u00f6n\u00fcmleri, d\u00fc\u011f\u00fcnler, do\u011fum g\u00fcnleri, partiler, e\u011fitimler\/konferanslar gibi \u00e7e\u015fitli etkinlikler i\u00e7in kiral\u0131yoruz. Stavanger Spor evi Hansons Minde, Stavanger Belediyesi&#8217;ne aittir, ancak \u015fu an i\u00e7in Spor Konseyi b\u00fcnyesindeki Stavanger&#8217;da Spor Biriminin hizmetindedir.\u00a0Zemin katta Stavanger&#8217;daki spor kul\u00fcpleri i\u00e7in kullan\u0131m\u0131 \u00fccretsiz olan toplant\u0131 salonlar\u0131 bulunmaktad\u0131r.\u00a0Ayr\u0131ca baz\u0131 hafta sonlar\u0131 etkinlikler i\u00e7in tesislerimizi kiral\u0131yoruz.\u00a0\u0130kinci katta [&hellip;]<\/p>\n","protected":false},"author":1,"featured_media":0,"parent":0,"menu_order":0,"comment_status":"closed","ping_status":"closed","template":"","meta":{"site-sidebar-layout":"right-sidebar","site-content-layout":"default","ast-site-content-layout":"default","site-content-style":"default","site-sidebar-style":"default","ast-global-header-display":"","ast-banner-title-visibility":"","ast-main-header-display":"","ast-hfb-above-header-display":"","ast-hfb-below-header-display":"","ast-hfb-mobile-header-display":"","site-post-title":"","ast-breadcrumbs-content":"","ast-featured-img":"","footer-sml-layout":"","ast-disable-related-posts":"","theme-transparent-header-meta":"","adv-header-id-meta":"","stick-header-meta":"default","header-above-stick-meta":"","header-main-stick-meta":"","header-below-stick-meta":"","astra-migrate-meta-layouts":"default","ast-page-background-enabled":"default","ast-page-background-meta":{"desktop":{"background-color":"","background-image":"","background-repeat":"repeat","background-position":"center center","background-size":"auto","background-attachment":"scroll","background-type":"","background-media":"","overlay-type":"","overlay-color":"","overlay-opacity":"","overlay-gradient":""},"tablet":{"background-color":"","background-image":"","background-repeat":"repeat","background-position":"center center","background-size":"auto","background-attachment":"scroll","background-type":"","background-media":"","overlay-type":"","overlay-color":"","overlay-opacity":"","overlay-gradient":""},"mobile":{"background-color":"","background-image":"","background-repeat":"repeat","background-position":"center center","background-size":"auto","background-attachment":"scroll","background-type":"","background-media":"","overlay-type":"","overlay-color":"","overlay-opacity":"","overlay-gradient":""}},"ast-content-background-meta":{"desktop":{"background-color":"var(--ast-global-color-5)","background-image":"","background-repeat":"repeat","background-position":"center center","background-size":"auto","background-attachment":"scroll","background-type":"","background-media":"","overlay-type":"","overlay-color":"","overlay-opacity":"","overlay-gradient":""},"tablet":{"background-color":"var(--ast-global-color-5)","background-image":"","background-repeat":"repeat","background-position":"center center","background-size":"auto","background-attachment":"scroll","background-type":"","background-media":"","overlay-type":"","overlay-color":"","overlay-opacity":"","overlay-gradient":""},"mobile":{"background-color":"var(--ast-global-color-5)","background-image":"","background-repeat":"repeat","background-position":"center center","background-size":"auto","background-attachment":"scroll","background-type":"","background-media":"","overlay-type":"","overlay-color":"","overlay-opacity":"","overlay-gradient":""}},"footnotes":""},"class_list":["post-12102","page","type-page","status-publish","hentry"],"yoast_head":"<!-- This site is optimized with the Yoast SEO plugin v27.4 - https:\/\/yoast.com\/product\/yoast-seo-wordpress\/ -->\n<title>Hansons Minde Hakk\u0131nda - Idrettsr\u00e5det Stavanger<\/title>\n<meta name=\"robots\" content=\"index, follow, max-snippet:-1, max-image-preview:large, max-video-preview:-1\" \/>\n<link rel=\"canonical\" href=\"https:\/\/idrettsraadet.no\/tr\/hansons-minde-hakkinda\/\" \/>\n<meta property=\"og:locale\" content=\"tr_TR\" \/>\n<meta property=\"og:type\" content=\"article\" \/>\n<meta property=\"og:title\" content=\"Hansons Minde Hakk\u0131nda - Idrettsr\u00e5det Stavanger\" \/>\n<meta property=\"og:description\" content=\"Tesislerimizi vaftiz t\u00f6renleri, kilise t\u00f6renleri, y\u0131l d\u00f6n\u00fcmleri, d\u00fc\u011f\u00fcnler, do\u011fum g\u00fcnleri, partiler, e\u011fitimler\/konferanslar gibi \u00e7e\u015fitli etkinlikler i\u00e7in kiral\u0131yoruz. Stavanger Spor evi Hansons Minde, Stavanger Belediyesi&#8217;ne aittir, ancak \u015fu an i\u00e7in Spor Konseyi b\u00fcnyesindeki Stavanger&#8217;da Spor Biriminin hizmetindedir.\u00a0Zemin katta Stavanger&#8217;daki spor kul\u00fcpleri i\u00e7in kullan\u0131m\u0131 \u00fccretsiz olan toplant\u0131 salonlar\u0131 bulunmaktad\u0131r.\u00a0Ayr\u0131ca baz\u0131 hafta sonlar\u0131 etkinlikler i\u00e7in tesislerimizi kiral\u0131yoruz.\u00a0\u0130kinci katta [&hellip;]\" \/>\n<meta property=\"og:url\" content=\"https:\/\/idrettsraadet.no\/tr\/hansons-minde-hakkinda\/\" \/>\n<meta property=\"og:site_name\" content=\"Idrettsr\u00e5det Stavanger\" \/>\n<meta property=\"og:image\" content=\"http:\/\/109.199.118.79\/~rekylweb\/clients\/idrettsraadet.no\/wp-content\/uploads\/2016\/06\/hansonsminde.jpg\" \/>\n<meta name=\"twitter:card\" content=\"summary_large_image\" \/>\n<meta name=\"twitter:label1\" content=\"Tahmini okuma s\u00fcresi\" \/>\n\t<meta name=\"twitter:data1\" content=\"2 dakika\" \/>\n<script type=\"application\/ld+json\" class=\"yoast-schema-graph\">{\"@context\":\"https:\\\/\\\/schema.org\",\"@graph\":[{\"@type\":\"WebPage\",\"@id\":\"https:\\\/\\\/idrettsraadet.no\\\/tr\\\/hansons-minde-hakkinda\\\/\",\"url\":\"https:\\\/\\\/idrettsraadet.no\\\/tr\\\/hansons-minde-hakkinda\\\/\",\"name\":\"Hansons Minde Hakk\u0131nda - Idrettsr\u00e5det Stavanger\",\"isPartOf\":{\"@id\":\"https:\\\/\\\/idrettsraadet.no\\\/bn\\\/#website\"},\"primaryImageOfPage\":{\"@id\":\"https:\\\/\\\/idrettsraadet.no\\\/tr\\\/hansons-minde-hakkinda\\\/#primaryimage\"},\"image\":{\"@id\":\"https:\\\/\\\/idrettsraadet.no\\\/tr\\\/hansons-minde-hakkinda\\\/#primaryimage\"},\"thumbnailUrl\":\"http:\\\/\\\/109.199.118.79\\\/~rekylweb\\\/clients\\\/idrettsraadet.no\\\/wp-content\\\/uploads\\\/2016\\\/06\\\/hansonsminde.jpg\",\"datePublished\":\"2020-02-24T07:58:45+00:00\",\"breadcrumb\":{\"@id\":\"https:\\\/\\\/idrettsraadet.no\\\/tr\\\/hansons-minde-hakkinda\\\/#breadcrumb\"},\"inLanguage\":\"tr\",\"potentialAction\":[{\"@type\":\"ReadAction\",\"target\":[\"https:\\\/\\\/idrettsraadet.no\\\/tr\\\/hansons-minde-hakkinda\\\/\"]}]},{\"@type\":\"ImageObject\",\"inLanguage\":\"tr\",\"@id\":\"https:\\\/\\\/idrettsraadet.no\\\/tr\\\/hansons-minde-hakkinda\\\/#primaryimage\",\"url\":\"http:\\\/\\\/109.199.118.79\\\/~rekylweb\\\/clients\\\/idrettsraadet.no\\\/wp-content\\\/uploads\\\/2016\\\/06\\\/hansonsminde.jpg\",\"contentUrl\":\"http:\\\/\\\/109.199.118.79\\\/~rekylweb\\\/clients\\\/idrettsraadet.no\\\/wp-content\\\/uploads\\\/2016\\\/06\\\/hansonsminde.jpg\"},{\"@type\":\"BreadcrumbList\",\"@id\":\"https:\\\/\\\/idrettsraadet.no\\\/tr\\\/hansons-minde-hakkinda\\\/#breadcrumb\",\"itemListElement\":[{\"@type\":\"ListItem\",\"position\":1,\"name\":\"Hjem\",\"item\":\"https:\\\/\\\/idrettsraadet.no\\\/tr\\\/\"},{\"@type\":\"ListItem\",\"position\":2,\"name\":\"Hansons Minde Hakk\u0131nda\"}]},{\"@type\":\"WebSite\",\"@id\":\"https:\\\/\\\/idrettsraadet.no\\\/bn\\\/#website\",\"url\":\"https:\\\/\\\/idrettsraadet.no\\\/bn\\\/\",\"name\":\"Idrettsr\u00e5det Stavanger\",\"description\":\"Idrett for alle.\",\"publisher\":{\"@id\":\"https:\\\/\\\/idrettsraadet.no\\\/bn\\\/#organization\"},\"potentialAction\":[{\"@type\":\"SearchAction\",\"target\":{\"@type\":\"EntryPoint\",\"urlTemplate\":\"https:\\\/\\\/idrettsraadet.no\\\/bn\\\/?s={search_term_string}\"},\"query-input\":{\"@type\":\"PropertyValueSpecification\",\"valueRequired\":true,\"valueName\":\"search_term_string\"}}],\"inLanguage\":\"tr\"},{\"@type\":\"Organization\",\"@id\":\"https:\\\/\\\/idrettsraadet.no\\\/bn\\\/#organization\",\"name\":\"Stavanger Idrettsr\u00e5d\",\"url\":\"https:\\\/\\\/idrettsraadet.no\\\/bn\\\/\",\"logo\":{\"@type\":\"ImageObject\",\"inLanguage\":\"tr\",\"@id\":\"https:\\\/\\\/idrettsraadet.no\\\/bn\\\/#\\\/schema\\\/logo\\\/image\\\/\",\"url\":\"https:\\\/\\\/idrettsraadet.no\\\/wp-content\\\/uploads\\\/2016\\\/06\\\/logo.png\",\"contentUrl\":\"https:\\\/\\\/idrettsraadet.no\\\/wp-content\\\/uploads\\\/2016\\\/06\\\/logo.png\",\"width\":149,\"height\":48,\"caption\":\"Stavanger Idrettsr\u00e5d\"},\"image\":{\"@id\":\"https:\\\/\\\/idrettsraadet.no\\\/bn\\\/#\\\/schema\\\/logo\\\/image\\\/\"}}]}<\/script>\n<!-- \/ Yoast SEO plugin. -->","yoast_head_json":{"title":"Hansons Minde Hakk\u0131nda - Idrettsr\u00e5det Stavanger","robots":{"index":"index","follow":"follow","max-snippet":"max-snippet:-1","max-image-preview":"max-image-preview:large","max-video-preview":"max-video-preview:-1"},"canonical":"https:\/\/idrettsraadet.no\/tr\/hansons-minde-hakkinda\/","og_locale":"tr_TR","og_type":"article","og_title":"Hansons Minde Hakk\u0131nda - Idrettsr\u00e5det Stavanger","og_description":"Tesislerimizi vaftiz t\u00f6renleri, kilise t\u00f6renleri, y\u0131l d\u00f6n\u00fcmleri, d\u00fc\u011f\u00fcnler, do\u011fum g\u00fcnleri, partiler, e\u011fitimler\/konferanslar gibi \u00e7e\u015fitli etkinlikler i\u00e7in kiral\u0131yoruz. Stavanger Spor evi Hansons Minde, Stavanger Belediyesi&#8217;ne aittir, ancak \u015fu an i\u00e7in Spor Konseyi b\u00fcnyesindeki Stavanger&#8217;da Spor Biriminin hizmetindedir.\u00a0Zemin katta Stavanger&#8217;daki spor kul\u00fcpleri i\u00e7in kullan\u0131m\u0131 \u00fccretsiz olan toplant\u0131 salonlar\u0131 bulunmaktad\u0131r.\u00a0Ayr\u0131ca baz\u0131 hafta sonlar\u0131 etkinlikler i\u00e7in tesislerimizi kiral\u0131yoruz.\u00a0\u0130kinci katta [&hellip;]","og_url":"https:\/\/idrettsraadet.no\/tr\/hansons-minde-hakkinda\/","og_site_name":"Idrettsr\u00e5det Stavanger","og_image":[{"url":"http:\/\/109.199.118.79\/~rekylweb\/clients\/idrettsraadet.no\/wp-content\/uploads\/2016\/06\/hansonsminde.jpg","type":"","width":"","height":""}],"twitter_card":"summary_large_image","twitter_misc":{"Tahmini okuma s\u00fcresi":"2 dakika"},"schema":{"@context":"https:\/\/schema.org","@graph":[{"@type":"WebPage","@id":"https:\/\/idrettsraadet.no\/tr\/hansons-minde-hakkinda\/","url":"https:\/\/idrettsraadet.no\/tr\/hansons-minde-hakkinda\/","name":"Hansons Minde Hakk\u0131nda - Idrettsr\u00e5det Stavanger","isPartOf":{"@id":"https:\/\/idrettsraadet.no\/bn\/#website"},"primaryImageOfPage":{"@id":"https:\/\/idrettsraadet.no\/tr\/hansons-minde-hakkinda\/#primaryimage"},"image":{"@id":"https:\/\/idrettsraadet.no\/tr\/hansons-minde-hakkinda\/#primaryimage"},"thumbnailUrl":"http:\/\/109.199.118.79\/~rekylweb\/clients\/idrettsraadet.no\/wp-content\/uploads\/2016\/06\/hansonsminde.jpg","datePublished":"2020-02-24T07:58:45+00:00","breadcrumb":{"@id":"https:\/\/idrettsraadet.no\/tr\/hansons-minde-hakkinda\/#breadcrumb"},"inLanguage":"tr","potentialAction":[{"@type":"ReadAction","target":["https:\/\/idrettsraadet.no\/tr\/hansons-minde-hakkinda\/"]}]},{"@type":"ImageObject","inLanguage":"tr","@id":"https:\/\/idrettsraadet.no\/tr\/hansons-minde-hakkinda\/#primaryimage","url":"http:\/\/109.199.118.79\/~rekylweb\/clients\/idrettsraadet.no\/wp-content\/uploads\/2016\/06\/hansonsminde.jpg","contentUrl":"http:\/\/109.199.118.79\/~rekylweb\/clients\/idrettsraadet.no\/wp-content\/uploads\/2016\/06\/hansonsminde.jpg"},{"@type":"BreadcrumbList","@id":"https:\/\/idrettsraadet.no\/tr\/hansons-minde-hakkinda\/#breadcrumb","itemListElement":[{"@type":"ListItem","position":1,"name":"Hjem","item":"https:\/\/idrettsraadet.no\/tr\/"},{"@type":"ListItem","position":2,"name":"Hansons Minde Hakk\u0131nda"}]},{"@type":"WebSite","@id":"https:\/\/idrettsraadet.no\/bn\/#website","url":"https:\/\/idrettsraadet.no\/bn\/","name":"Idrettsr\u00e5det Stavanger","description":"Idrett for alle.","publisher":{"@id":"https:\/\/idrettsraadet.no\/bn\/#organization"},"potentialAction":[{"@type":"SearchAction","target":{"@type":"EntryPoint","urlTemplate":"https:\/\/idrettsraadet.no\/bn\/?s={search_term_string}"},"query-input":{"@type":"PropertyValueSpecification","valueRequired":true,"valueName":"search_term_string"}}],"inLanguage":"tr"},{"@type":"Organization","@id":"https:\/\/idrettsraadet.no\/bn\/#organization","name":"Stavanger Idrettsr\u00e5d","url":"https:\/\/idrettsraadet.no\/bn\/","logo":{"@type":"ImageObject","inLanguage":"tr","@id":"https:\/\/idrettsraadet.no\/bn\/#\/schema\/logo\/image\/","url":"https:\/\/idrettsraadet.no\/wp-content\/uploads\/2016\/06\/logo.png","contentUrl":"https:\/\/idrettsraadet.no\/wp-content\/uploads\/2016\/06\/logo.png","width":149,"height":48,"caption":"Stavanger Idrettsr\u00e5d"},"image":{"@id":"https:\/\/idrettsraadet.no\/bn\/#\/schema\/logo\/image\/"}}]}},"_links":{"self":[{"href":"https:\/\/idrettsraadet.no\/tr\/wp-json\/wp\/v2\/pages\/12102","targetHints":{"allow":["GET"]}}],"collection":[{"href":"https:\/\/idrettsraadet.no\/tr\/wp-json\/wp\/v2\/pages"}],"about":[{"href":"https:\/\/idrettsraadet.no\/tr\/wp-json\/wp\/v2\/types\/page"}],"author":[{"embeddable":true,"href":"https:\/\/idrettsraadet.no\/tr\/wp-json\/wp\/v2\/users\/1"}],"replies":[{"embeddable":true,"href":"https:\/\/idrettsraadet.no\/tr\/wp-json\/wp\/v2\/comments?post=12102"}],"version-history":[{"count":0,"href":"https:\/\/idrettsraadet.no\/tr\/wp-json\/wp\/v2\/pages\/12102\/revisions"}],"wp:attachment":[{"href":"https:\/\/idrettsraadet.no\/tr\/wp-json\/wp\/v2\/media?parent=12102"}],"curies":[{"name":"wp","href":"https:\/\/api.w.org\/{rel}","templated":true}]}}