{"id":12103,"date":"2020-02-24T09:14:25","date_gmt":"2020-02-24T08:14:25","guid":{"rendered":"https:\/\/idrettsraadet.no\/kiralama\/"},"modified":"2020-02-24T09:14:30","modified_gmt":"2020-02-24T08:14:30","slug":"kiralama","status":"publish","type":"page","link":"https:\/\/idrettsraadet.no\/tr\/kiralama\/","title":{"rendered":"Kiralama"},"content":{"rendered":"\t\t<div data-elementor-type=\"wp-post\" data-elementor-id=\"12103\" class=\"elementor elementor-12103 elementor-438\" data-elementor-post-type=\"page\">\n\t\t\t\t\t\t<section class=\"elementor-section elementor-top-section elementor-element elementor-element-5880 elementor-section-boxed elementor-section-height-default elementor-section-height-default\" data-id=\"5880\" data-element_type=\"section\" data-e-type=\"section\">\n\t\t\t\t\t\t<div class=\"elementor-container elementor-column-gap-default\">\n\t\t\t\t\t<div class=\"elementor-column elementor-col-100 elementor-top-column elementor-element elementor-element-1d85\" data-id=\"1d85\" data-element_type=\"column\" data-e-type=\"column\">\n\t\t\t<div class=\"elementor-widget-wrap elementor-element-populated\">\n\t\t\t\t\t\t<div class=\"elementor-element elementor-element-5665acf elementor-arrows-position-inside elementor-pagination-position-outside elementor-widget elementor-widget-image-carousel\" data-id=\"5665acf\" data-element_type=\"widget\" data-e-type=\"widget\" data-settings=\"{&quot;slides_to_show&quot;:&quot;1&quot;,&quot;navigation&quot;:&quot;both&quot;,&quot;autoplay&quot;:&quot;yes&quot;,&quot;pause_on_hover&quot;:&quot;yes&quot;,&quot;pause_on_interaction&quot;:&quot;yes&quot;,&quot;autoplay_speed&quot;:5000,&quot;infinite&quot;:&quot;yes&quot;,&quot;effect&quot;:&quot;slide&quot;,&quot;speed&quot;:500}\" data-widget_type=\"image-carousel.default\">\n\t\t\t\t<div class=\"elementor-widget-container\">\n\t\t\t\t\t\t\t<div class=\"elementor-image-carousel-wrapper swiper\" role=\"region\" aria-roledescription=\"carousel\" aria-label=\"Resim D\u00f6ng\u00fcs\u00fc\" dir=\"ltr\">\n\t\t\t<div class=\"elementor-image-carousel swiper-wrapper swiper-image-stretch\" aria-live=\"off\">\n\t\t\t\t\t\t\t\t<div class=\"swiper-slide\" role=\"group\" aria-roledescription=\"slide\" aria-label=\"1 \/ 11\"><figure class=\"swiper-slide-inner\"><img decoding=\"async\" class=\"swiper-slide-image\" src=\"https:\/\/idrettsraadet.no\/wp-content\/uploads\/2018\/11\/105_0501-696x400.jpg\" alt=\"105_0501-696x400\" \/><\/figure><\/div><div class=\"swiper-slide\" role=\"group\" aria-roledescription=\"slide\" aria-label=\"2 \/ 11\"><figure class=\"swiper-slide-inner\"><img decoding=\"async\" class=\"swiper-slide-image\" src=\"https:\/\/idrettsraadet.no\/wp-content\/uploads\/2018\/11\/109_1000-696x400.jpg\" alt=\"109_1000-696x400\" \/><\/figure><\/div><div class=\"swiper-slide\" role=\"group\" aria-roledescription=\"slide\" aria-label=\"3 \/ 11\"><figure class=\"swiper-slide-inner\"><img decoding=\"async\" class=\"swiper-slide-image\" src=\"https:\/\/idrettsraadet.no\/wp-content\/uploads\/2018\/11\/119_1948-696x400.jpg\" alt=\"119_1948-696x400\" \/><\/figure><\/div><div class=\"swiper-slide\" role=\"group\" aria-roledescription=\"slide\" aria-label=\"4 \/ 11\"><figure class=\"swiper-slide-inner\"><img decoding=\"async\" class=\"swiper-slide-image\" src=\"https:\/\/idrettsraadet.no\/wp-content\/uploads\/2018\/11\/119_1950-696x400.jpg\" alt=\"119_1950-696x400\" \/><\/figure><\/div><div class=\"swiper-slide\" role=\"group\" aria-roledescription=\"slide\" aria-label=\"5 \/ 11\"><figure class=\"swiper-slide-inner\"><img decoding=\"async\" class=\"swiper-slide-image\" src=\"https:\/\/idrettsraadet.no\/wp-content\/uploads\/2018\/11\/Diverse-IR-bilder-004-696x400.jpg\" alt=\"Diverse-IR-bilder-004-696x400\" \/><\/figure><\/div><div class=\"swiper-slide\" role=\"group\" aria-roledescription=\"slide\" aria-label=\"6 \/ 11\"><figure class=\"swiper-slide-inner\"><img decoding=\"async\" class=\"swiper-slide-image\" src=\"https:\/\/idrettsraadet.no\/wp-content\/uploads\/2018\/11\/Diverse-IR-bilder-005-696x400.jpg\" alt=\"Diverse-IR-bilder-005-696x400\" \/><\/figure><\/div><div class=\"swiper-slide\" role=\"group\" aria-roledescription=\"slide\" aria-label=\"7 \/ 11\"><figure class=\"swiper-slide-inner\"><img decoding=\"async\" class=\"swiper-slide-image\" src=\"https:\/\/idrettsraadet.no\/wp-content\/uploads\/2018\/11\/Diverse-IR-bilder-081-696x400.jpg\" alt=\"Diverse-IR-bilder-081-696x400\" \/><\/figure><\/div><div class=\"swiper-slide\" role=\"group\" aria-roledescription=\"slide\" aria-label=\"8 \/ 11\"><figure class=\"swiper-slide-inner\"><img decoding=\"async\" class=\"swiper-slide-image\" src=\"https:\/\/idrettsraadet.no\/wp-content\/uploads\/2018\/11\/IMG_4945-696x400.jpg\" alt=\"IMG_4945-696x400\" \/><\/figure><\/div><div class=\"swiper-slide\" role=\"group\" aria-roledescription=\"slide\" aria-label=\"9 \/ 11\"><figure class=\"swiper-slide-inner\"><img decoding=\"async\" class=\"swiper-slide-image\" src=\"https:\/\/idrettsraadet.no\/wp-content\/uploads\/2018\/11\/IMG_4946-696x400.jpg\" alt=\"IMG_4946-696x400\" \/><\/figure><\/div><div class=\"swiper-slide\" role=\"group\" aria-roledescription=\"slide\" aria-label=\"10 \/ 11\"><figure class=\"swiper-slide-inner\"><img decoding=\"async\" class=\"swiper-slide-image\" src=\"https:\/\/idrettsraadet.no\/wp-content\/uploads\/2018\/11\/si4-696x400.jpg\" alt=\"si4-696x400\" \/><\/figure><\/div><div class=\"swiper-slide\" role=\"group\" aria-roledescription=\"slide\" aria-label=\"11 \/ 11\"><figure class=\"swiper-slide-inner\"><img decoding=\"async\" class=\"swiper-slide-image\" src=\"https:\/\/idrettsraadet.no\/wp-content\/uploads\/2018\/11\/stort_moterom-696x400.jpg\" alt=\"stort_moterom-696x400\" \/><\/figure><\/div>\t\t\t<\/div>\n\t\t\t\t\t\t\t\t\t\t\t\t<div class=\"elementor-swiper-button elementor-swiper-button-prev\" role=\"button\" tabindex=\"0\">\n\t\t\t\t\t\t<i aria-hidden=\"true\" class=\"eicon-chevron-left\"><\/i>\t\t\t\t\t<\/div>\n\t\t\t\t\t<div class=\"elementor-swiper-button elementor-swiper-button-next\" role=\"button\" tabindex=\"0\">\n\t\t\t\t\t\t<i aria-hidden=\"true\" class=\"eicon-chevron-right\"><\/i>\t\t\t\t\t<\/div>\n\t\t\t\t\n\t\t\t\t\t\t\t\t\t<div class=\"swiper-pagination\"><\/div>\n\t\t\t\t\t\t\t\t\t<\/div>\n\t\t\t\t\t\t<\/div>\n\t\t\t\t<\/div>\n\t\t\t\t<div class=\"elementor-element elementor-element-d97 elementor-widget elementor-widget-text-editor\" data-id=\"d97\" data-element_type=\"widget\" data-e-type=\"widget\" data-widget_type=\"text-editor.default\">\n\t\t\t\t<div class=\"elementor-widget-container\">\n\t\t\t\t\t\t\t\t\t<p><strong>Zemin kat\u0131n tamam\u0131 Stavanger&#8217;daki spor kul\u00fcplerinin toplant\u0131lar\u0131 i\u00e7in Pazartesi-Per\u015fembe g\u00fcnleri aras\u0131nda \u00fccretsiz olarak kiralanabilir.<\/strong><\/p>\n<h3>Burada tarihin b\u00fcy\u00fcs\u00fcyle bezenmi\u015f, g\u00f6z al\u0131c\u0131 odalar bulacaks\u0131n\u0131z.<\/h3>\n<p>Buradaki tesisler, masa d\u00fczeninde yakla\u015f\u0131k 50 ki\u015fi ve tiyatro d\u00fczeninde yakla\u015f\u0131k 70 ki\u015fi kapasiteye sahip, 70 m2\u2019lik b\u00fcy\u00fck bir toplant\u0131 salonundan olu\u015fmaktad\u0131r.<\/p>\n<p>Toplant\u0131 odas\u0131n\u0131n hemen yan\u0131nda 25 m2\u2019lik bir TV odas\u0131 vard\u0131r ve bu oda da kiralanabilir.<br \/>\nEvde ayr\u0131ca b\u00fcy\u00fck bir masa ile 16 sandalyenin bulundu\u011fu 25 m2\u2019lik bir toplant\u0131\/y\u00f6netim odas\u0131 mevcuttur.<\/p>\n<p>Bunun d\u0131\u015f\u0131nda, boyutu nedeniyle yemek pi\u015firmeye uygun olmayan, ancak buzdolab\u0131, bula\u015f\u0131k makinesi, kahve makinesi ve daha fazlas\u0131n\u0131 i\u00e7eren k\u00fc\u00e7\u00fck bir mutfak vard\u0131r. Yemekli toplant\u0131larda\/etkinliklerde yiyecekleri sizin sa\u011flaman\u0131z gerekir.<\/p>\n<p>Tabaklar\u0131m\u0131z, \u00e7atal ve b\u0131\u00e7ak tak\u0131mlar\u0131m\u0131z, kupalar\u0131m\u0131z ve bardaklar\u0131m\u0131z mevcuttur.<\/p>\n<p>&nbsp;<\/p>\n<h4>Kiralama<\/h4>\n<p>Hafta sonlar\u0131nda tesislerimizi vaftiz t\u00f6renleri, kilise t\u00f6renleri, y\u0131l d\u00f6n\u00fcmleri, d\u00fc\u011f\u00fcnler, do\u011fum g\u00fcnleri, sosyal bulu\u015fmalar, e\u011fitimler\/konferanslar gibi \u00e7e\u015fitli etkinlikler i\u00e7in kiral\u0131yoruz.<\/p>\n<p>Oda ay\u0131rtma formuna <a href=\"https:\/\/response.questback.com\/isa\/qbv.dll\/ShowQuest?QuestID=5253830&amp;sid=lC0bMMPjlm\">BURADAN<\/a> ula\u015fabilirsiniz<\/p>\n<p>&nbsp;<\/p>\n<h4>Hafta sonlar\u0131nda\/tatil g\u00fcnlerinde kiralama<\/h4>\n<p>Cuma 15:00 &#8211; Cumartesi 12:00, B\u00fcy\u00fck toplant\u0131 odas\u0131 5.750 kr<\/p>\n<p>Cumartesi 15:00 &#8211; Pazar 12:00, B\u00fcy\u00fck toplant\u0131 odas\u0131 5.750 kr<\/p>\n<p>+ TV odas\u0131 1.700 kr<\/p>\n<h4>Hafta i\u00e7inde kiralama<\/h4>\n<h5>(e\u011fitim\/konferans)<\/h5>\n<p>0800-1700 VEYA 1700 &#8211; 2200<\/p>\n<p>B\u00fcy\u00fck toplant\u0131 odas\u0131 3.500 kr<\/p>\n<p>+ TV odas\u0131 1.700 kr<\/p>\n<p>Y\u00f6netim Odas\u0131 1.700 kr<\/p>\n<p>Daha k\u0131sa toplant\u0131lar i\u00e7in saatlik \u00fccret 550 kr<\/p>\n<h4>Spor kul\u00fcpleri i\u00e7in \u00fccretsiz toplant\u0131lar<\/h4>\n<p>Stavanger\u2019daki spor kul\u00fcpleri, tesisleri Pazartesiden Per\u015fembeye \u00fccretsiz olarak ve Cumadan Pazara yar\u0131 fiyat\u0131na kiralayabilir.<br \/>\nHafta sonu kiralamalar\u0131 i\u00e7in 2000 kr.\u00a0 tutar\u0131nda bir kapora \u00f6demesi gereklidir ve bu tutar kira bedelinin kalan\u0131yla birlikte pe\u015fin olarak \u00f6denir. Bu fiyata \u00e7\u0131k\u0131\u015f sonras\u0131 temizlik dahildir<\/p>\n<p>B\u00f6lgesel federasyonlar, Pazartesi-Per\u015fembe g\u00fcnleri aras\u0131 b\u00fcy\u00fck toplant\u0131 odas\u0131ndaki toplant\u0131lar i\u00e7in 750 kr. , y\u00f6netim odas\u0131ndaki toplant\u0131lar i\u00e7in ise 500 kr.\u00a0 \u00f6demelidir.<\/p>\n<h4>Yemek servisi<\/h4>\n<p>Servit ile ortakl\u0131\u011f\u0131m\u0131z mevcuttur ve men\u00fclerini tavsiye ederiz. \u015eirketin web sitesine eri\u015fmek i\u00e7in l\u00fctfen <a href=\"http:\/\/www.servit.no\/\">buraya <\/a>t\u0131klay\u0131n.<\/p>\n<p>&nbsp;<\/p>\n\t\t\t\t\t\t\t\t<\/div>\n\t\t\t\t<\/div>\n\t\t\t\t\t<\/div>\n\t\t<\/div>\n\t\t\t\t\t<\/div>\n\t\t<\/section>\n\t\t\t\t<\/div>\n\t\t","protected":false},"excerpt":{"rendered":"<p>Forrige Neste Zemin kat\u0131n tamam\u0131 Stavanger&#8217;daki spor kul\u00fcplerinin toplant\u0131lar\u0131 i\u00e7in Pazartesi-Per\u015fembe g\u00fcnleri aras\u0131nda \u00fccretsiz olarak kiralanabilir. Burada tarihin b\u00fcy\u00fcs\u00fcyle bezenmi\u015f, g\u00f6z al\u0131c\u0131 odalar bulacaks\u0131n\u0131z. Buradaki tesisler, masa d\u00fczeninde yakla\u015f\u0131k 50 ki\u015fi ve tiyatro d\u00fczeninde yakla\u015f\u0131k 70 ki\u015fi kapasiteye sahip, 70 m2\u2019lik b\u00fcy\u00fck bir toplant\u0131 salonundan olu\u015fmaktad\u0131r. Toplant\u0131 odas\u0131n\u0131n hemen yan\u0131nda 25 m2\u2019lik bir TV odas\u0131 [&hellip;]<\/p>\n","protected":false},"author":1,"featured_media":0,"parent":0,"menu_order":0,"comment_status":"closed","ping_status":"closed","template":"","meta":{"site-sidebar-layout":"default","site-content-layout":"default","ast-site-content-layout":"default","site-content-style":"default","site-sidebar-style":"default","ast-global-header-display":"","ast-banner-title-visibility":"","ast-main-header-display":"","ast-hfb-above-header-display":"","ast-hfb-below-header-display":"","ast-hfb-mobile-header-display":"","site-post-title":"","ast-breadcrumbs-content":"","ast-featured-img":"","footer-sml-layout":"","ast-disable-related-posts":"","theme-transparent-header-meta":"default","adv-header-id-meta":"","stick-header-meta":"default","header-above-stick-meta":"","header-main-stick-meta":"","header-below-stick-meta":"","astra-migrate-meta-layouts":"default","ast-page-background-enabled":"default","ast-page-background-meta":{"desktop":{"background-color":"","background-image":"","background-repeat":"repeat","background-position":"center center","background-size":"auto","background-attachment":"scroll","background-type":"","background-media":"","overlay-type":"","overlay-color":"","overlay-opacity":"","overlay-gradient":""},"tablet":{"background-color":"","background-image":"","background-repeat":"repeat","background-position":"center center","background-size":"auto","background-attachment":"scroll","background-type":"","background-media":"","overlay-type":"","overlay-color":"","overlay-opacity":"","overlay-gradient":""},"mobile":{"background-color":"","background-image":"","background-repeat":"repeat","background-position":"center center","background-size":"auto","background-attachment":"scroll","background-type":"","background-media":"","overlay-type":"","overlay-color":"","overlay-opacity":"","overlay-gradient":""}},"ast-content-background-meta":{"desktop":{"background-color":"var(--ast-global-color-5)","background-image":"","background-repeat":"repeat","background-position":"center center","background-size":"auto","background-attachment":"scroll","background-type":"","background-media":"","overlay-type":"","overlay-color":"","overlay-opacity":"","overlay-gradient":""},"tablet":{"background-color":"var(--ast-global-color-5)","background-image":"","background-repeat":"repeat","background-position":"center center","background-size":"auto","background-attachment":"scroll","background-type":"","background-media":"","overlay-type":"","overlay-color":"","overlay-opacity":"","overlay-gradient":""},"mobile":{"background-color":"var(--ast-global-color-5)","background-image":"","background-repeat":"repeat","background-position":"center center","background-size":"auto","background-attachment":"scroll","background-type":"","background-media":"","overlay-type":"","overlay-color":"","overlay-opacity":"","overlay-gradient":""}},"footnotes":""},"class_list":["post-12103","page","type-page","status-publish","hentry"],"yoast_head":"<!-- This site is optimized with the Yoast SEO plugin v27.4 - https:\/\/yoast.com\/product\/yoast-seo-wordpress\/ -->\n<title>Kiralama - Idrettsr\u00e5det Stavanger<\/title>\n<meta name=\"robots\" content=\"index, follow, max-snippet:-1, max-image-preview:large, max-video-preview:-1\" \/>\n<link rel=\"canonical\" href=\"https:\/\/idrettsraadet.no\/tr\/kiralama\/\" \/>\n<meta property=\"og:locale\" content=\"tr_TR\" \/>\n<meta property=\"og:type\" content=\"article\" \/>\n<meta property=\"og:title\" content=\"Kiralama - Idrettsr\u00e5det Stavanger\" \/>\n<meta property=\"og:description\" content=\"Forrige Neste Zemin kat\u0131n tamam\u0131 Stavanger&#8217;daki spor kul\u00fcplerinin toplant\u0131lar\u0131 i\u00e7in Pazartesi-Per\u015fembe g\u00fcnleri aras\u0131nda \u00fccretsiz olarak kiralanabilir. Burada tarihin b\u00fcy\u00fcs\u00fcyle bezenmi\u015f, g\u00f6z al\u0131c\u0131 odalar bulacaks\u0131n\u0131z. Buradaki tesisler, masa d\u00fczeninde yakla\u015f\u0131k 50 ki\u015fi ve tiyatro d\u00fczeninde yakla\u015f\u0131k 70 ki\u015fi kapasiteye sahip, 70 m2\u2019lik b\u00fcy\u00fck bir toplant\u0131 salonundan olu\u015fmaktad\u0131r. Toplant\u0131 odas\u0131n\u0131n hemen yan\u0131nda 25 m2\u2019lik bir TV odas\u0131 [&hellip;]\" \/>\n<meta property=\"og:url\" content=\"https:\/\/idrettsraadet.no\/tr\/kiralama\/\" \/>\n<meta property=\"og:site_name\" content=\"Idrettsr\u00e5det Stavanger\" \/>\n<meta property=\"article:modified_time\" content=\"2020-02-24T08:14:30+00:00\" \/>\n<meta property=\"og:image\" content=\"https:\/\/idrettsraadet.no\/wp-content\/uploads\/2018\/11\/105_0501-696x400.jpg\" \/>\n<meta name=\"twitter:card\" content=\"summary_large_image\" \/>\n<meta name=\"twitter:label1\" content=\"Tahmini okuma s\u00fcresi\" \/>\n\t<meta name=\"twitter:data1\" content=\"2 dakika\" \/>\n<script type=\"application\/ld+json\" class=\"yoast-schema-graph\">{\"@context\":\"https:\\\/\\\/schema.org\",\"@graph\":[{\"@type\":\"WebPage\",\"@id\":\"https:\\\/\\\/idrettsraadet.no\\\/tr\\\/kiralama\\\/\",\"url\":\"https:\\\/\\\/idrettsraadet.no\\\/tr\\\/kiralama\\\/\",\"name\":\"Kiralama - Idrettsr\u00e5det Stavanger\",\"isPartOf\":{\"@id\":\"https:\\\/\\\/idrettsraadet.no\\\/bn\\\/#website\"},\"primaryImageOfPage\":{\"@id\":\"https:\\\/\\\/idrettsraadet.no\\\/tr\\\/kiralama\\\/#primaryimage\"},\"image\":{\"@id\":\"https:\\\/\\\/idrettsraadet.no\\\/tr\\\/kiralama\\\/#primaryimage\"},\"thumbnailUrl\":\"https:\\\/\\\/idrettsraadet.no\\\/wp-content\\\/uploads\\\/2018\\\/11\\\/105_0501-696x400.jpg\",\"datePublished\":\"2020-02-24T08:14:25+00:00\",\"dateModified\":\"2020-02-24T08:14:30+00:00\",\"breadcrumb\":{\"@id\":\"https:\\\/\\\/idrettsraadet.no\\\/tr\\\/kiralama\\\/#breadcrumb\"},\"inLanguage\":\"tr\",\"potentialAction\":[{\"@type\":\"ReadAction\",\"target\":[\"https:\\\/\\\/idrettsraadet.no\\\/tr\\\/kiralama\\\/\"]}]},{\"@type\":\"ImageObject\",\"inLanguage\":\"tr\",\"@id\":\"https:\\\/\\\/idrettsraadet.no\\\/tr\\\/kiralama\\\/#primaryimage\",\"url\":\"https:\\\/\\\/idrettsraadet.no\\\/wp-content\\\/uploads\\\/2018\\\/11\\\/105_0501-696x400.jpg\",\"contentUrl\":\"https:\\\/\\\/idrettsraadet.no\\\/wp-content\\\/uploads\\\/2018\\\/11\\\/105_0501-696x400.jpg\"},{\"@type\":\"BreadcrumbList\",\"@id\":\"https:\\\/\\\/idrettsraadet.no\\\/tr\\\/kiralama\\\/#breadcrumb\",\"itemListElement\":[{\"@type\":\"ListItem\",\"position\":1,\"name\":\"Hjem\",\"item\":\"https:\\\/\\\/idrettsraadet.no\\\/tr\\\/\"},{\"@type\":\"ListItem\",\"position\":2,\"name\":\"Kiralama\"}]},{\"@type\":\"WebSite\",\"@id\":\"https:\\\/\\\/idrettsraadet.no\\\/bn\\\/#website\",\"url\":\"https:\\\/\\\/idrettsraadet.no\\\/bn\\\/\",\"name\":\"Idrettsr\u00e5det Stavanger\",\"description\":\"Idrett for alle.\",\"publisher\":{\"@id\":\"https:\\\/\\\/idrettsraadet.no\\\/bn\\\/#organization\"},\"potentialAction\":[{\"@type\":\"SearchAction\",\"target\":{\"@type\":\"EntryPoint\",\"urlTemplate\":\"https:\\\/\\\/idrettsraadet.no\\\/bn\\\/?s={search_term_string}\"},\"query-input\":{\"@type\":\"PropertyValueSpecification\",\"valueRequired\":true,\"valueName\":\"search_term_string\"}}],\"inLanguage\":\"tr\"},{\"@type\":\"Organization\",\"@id\":\"https:\\\/\\\/idrettsraadet.no\\\/bn\\\/#organization\",\"name\":\"Stavanger Idrettsr\u00e5d\",\"url\":\"https:\\\/\\\/idrettsraadet.no\\\/bn\\\/\",\"logo\":{\"@type\":\"ImageObject\",\"inLanguage\":\"tr\",\"@id\":\"https:\\\/\\\/idrettsraadet.no\\\/bn\\\/#\\\/schema\\\/logo\\\/image\\\/\",\"url\":\"https:\\\/\\\/idrettsraadet.no\\\/wp-content\\\/uploads\\\/2016\\\/06\\\/logo.png\",\"contentUrl\":\"https:\\\/\\\/idrettsraadet.no\\\/wp-content\\\/uploads\\\/2016\\\/06\\\/logo.png\",\"width\":149,\"height\":48,\"caption\":\"Stavanger Idrettsr\u00e5d\"},\"image\":{\"@id\":\"https:\\\/\\\/idrettsraadet.no\\\/bn\\\/#\\\/schema\\\/logo\\\/image\\\/\"}}]}<\/script>\n<!-- \/ Yoast SEO plugin. -->","yoast_head_json":{"title":"Kiralama - Idrettsr\u00e5det Stavanger","robots":{"index":"index","follow":"follow","max-snippet":"max-snippet:-1","max-image-preview":"max-image-preview:large","max-video-preview":"max-video-preview:-1"},"canonical":"https:\/\/idrettsraadet.no\/tr\/kiralama\/","og_locale":"tr_TR","og_type":"article","og_title":"Kiralama - Idrettsr\u00e5det Stavanger","og_description":"Forrige Neste Zemin kat\u0131n tamam\u0131 Stavanger&#8217;daki spor kul\u00fcplerinin toplant\u0131lar\u0131 i\u00e7in Pazartesi-Per\u015fembe g\u00fcnleri aras\u0131nda \u00fccretsiz olarak kiralanabilir. Burada tarihin b\u00fcy\u00fcs\u00fcyle bezenmi\u015f, g\u00f6z al\u0131c\u0131 odalar bulacaks\u0131n\u0131z. Buradaki tesisler, masa d\u00fczeninde yakla\u015f\u0131k 50 ki\u015fi ve tiyatro d\u00fczeninde yakla\u015f\u0131k 70 ki\u015fi kapasiteye sahip, 70 m2\u2019lik b\u00fcy\u00fck bir toplant\u0131 salonundan olu\u015fmaktad\u0131r. Toplant\u0131 odas\u0131n\u0131n hemen yan\u0131nda 25 m2\u2019lik bir TV odas\u0131 [&hellip;]","og_url":"https:\/\/idrettsraadet.no\/tr\/kiralama\/","og_site_name":"Idrettsr\u00e5det Stavanger","article_modified_time":"2020-02-24T08:14:30+00:00","og_image":[{"url":"https:\/\/idrettsraadet.no\/wp-content\/uploads\/2018\/11\/105_0501-696x400.jpg","type":"","width":"","height":""}],"twitter_card":"summary_large_image","twitter_misc":{"Tahmini okuma s\u00fcresi":"2 dakika"},"schema":{"@context":"https:\/\/schema.org","@graph":[{"@type":"WebPage","@id":"https:\/\/idrettsraadet.no\/tr\/kiralama\/","url":"https:\/\/idrettsraadet.no\/tr\/kiralama\/","name":"Kiralama - Idrettsr\u00e5det Stavanger","isPartOf":{"@id":"https:\/\/idrettsraadet.no\/bn\/#website"},"primaryImageOfPage":{"@id":"https:\/\/idrettsraadet.no\/tr\/kiralama\/#primaryimage"},"image":{"@id":"https:\/\/idrettsraadet.no\/tr\/kiralama\/#primaryimage"},"thumbnailUrl":"https:\/\/idrettsraadet.no\/wp-content\/uploads\/2018\/11\/105_0501-696x400.jpg","datePublished":"2020-02-24T08:14:25+00:00","dateModified":"2020-02-24T08:14:30+00:00","breadcrumb":{"@id":"https:\/\/idrettsraadet.no\/tr\/kiralama\/#breadcrumb"},"inLanguage":"tr","potentialAction":[{"@type":"ReadAction","target":["https:\/\/idrettsraadet.no\/tr\/kiralama\/"]}]},{"@type":"ImageObject","inLanguage":"tr","@id":"https:\/\/idrettsraadet.no\/tr\/kiralama\/#primaryimage","url":"https:\/\/idrettsraadet.no\/wp-content\/uploads\/2018\/11\/105_0501-696x400.jpg","contentUrl":"https:\/\/idrettsraadet.no\/wp-content\/uploads\/2018\/11\/105_0501-696x400.jpg"},{"@type":"BreadcrumbList","@id":"https:\/\/idrettsraadet.no\/tr\/kiralama\/#breadcrumb","itemListElement":[{"@type":"ListItem","position":1,"name":"Hjem","item":"https:\/\/idrettsraadet.no\/tr\/"},{"@type":"ListItem","position":2,"name":"Kiralama"}]},{"@type":"WebSite","@id":"https:\/\/idrettsraadet.no\/bn\/#website","url":"https:\/\/idrettsraadet.no\/bn\/","name":"Idrettsr\u00e5det Stavanger","description":"Idrett for alle.","publisher":{"@id":"https:\/\/idrettsraadet.no\/bn\/#organization"},"potentialAction":[{"@type":"SearchAction","target":{"@type":"EntryPoint","urlTemplate":"https:\/\/idrettsraadet.no\/bn\/?s={search_term_string}"},"query-input":{"@type":"PropertyValueSpecification","valueRequired":true,"valueName":"search_term_string"}}],"inLanguage":"tr"},{"@type":"Organization","@id":"https:\/\/idrettsraadet.no\/bn\/#organization","name":"Stavanger Idrettsr\u00e5d","url":"https:\/\/idrettsraadet.no\/bn\/","logo":{"@type":"ImageObject","inLanguage":"tr","@id":"https:\/\/idrettsraadet.no\/bn\/#\/schema\/logo\/image\/","url":"https:\/\/idrettsraadet.no\/wp-content\/uploads\/2016\/06\/logo.png","contentUrl":"https:\/\/idrettsraadet.no\/wp-content\/uploads\/2016\/06\/logo.png","width":149,"height":48,"caption":"Stavanger Idrettsr\u00e5d"},"image":{"@id":"https:\/\/idrettsraadet.no\/bn\/#\/schema\/logo\/image\/"}}]}},"_links":{"self":[{"href":"https:\/\/idrettsraadet.no\/tr\/wp-json\/wp\/v2\/pages\/12103","targetHints":{"allow":["GET"]}}],"collection":[{"href":"https:\/\/idrettsraadet.no\/tr\/wp-json\/wp\/v2\/pages"}],"about":[{"href":"https:\/\/idrettsraadet.no\/tr\/wp-json\/wp\/v2\/types\/page"}],"author":[{"embeddable":true,"href":"https:\/\/idrettsraadet.no\/tr\/wp-json\/wp\/v2\/users\/1"}],"replies":[{"embeddable":true,"href":"https:\/\/idrettsraadet.no\/tr\/wp-json\/wp\/v2\/comments?post=12103"}],"version-history":[{"count":1,"href":"https:\/\/idrettsraadet.no\/tr\/wp-json\/wp\/v2\/pages\/12103\/revisions"}],"predecessor-version":[{"id":12104,"href":"https:\/\/idrettsraadet.no\/tr\/wp-json\/wp\/v2\/pages\/12103\/revisions\/12104"}],"wp:attachment":[{"href":"https:\/\/idrettsraadet.no\/tr\/wp-json\/wp\/v2\/media?parent=12103"}],"curies":[{"name":"wp","href":"https:\/\/api.w.org\/{rel}","templated":true}]}}