{"id":12105,"date":"2020-02-24T09:22:10","date_gmt":"2020-02-24T08:22:10","guid":{"rendered":"https:\/\/idrettsraadet.no\/idrett\/"},"modified":"2025-01-22T14:12:50","modified_gmt":"2025-01-22T13:12:50","slug":"idrett","status":"publish","type":"page","link":"https:\/\/idrettsraadet.no\/tr\/informasjon\/idrett\/","title":{"rendered":"Idrett+"},"content":{"rendered":"\t\t<div data-elementor-type=\"wp-page\" data-elementor-id=\"12105\" class=\"elementor elementor-12105 elementor-426\" data-elementor-post-type=\"page\">\n\t\t\t\t\t\t<section class=\"elementor-section elementor-top-section elementor-element elementor-element-55f59e33 elementor-section-boxed elementor-section-height-default elementor-section-height-default\" data-id=\"55f59e33\" data-element_type=\"section\" data-e-type=\"section\">\n\t\t\t\t\t\t<div class=\"elementor-container elementor-column-gap-default\">\n\t\t\t\t\t<div class=\"elementor-column elementor-col-100 elementor-top-column elementor-element elementor-element-1fcd53ed\" data-id=\"1fcd53ed\" data-element_type=\"column\" data-e-type=\"column\">\n\t\t\t<div class=\"elementor-widget-wrap elementor-element-populated\">\n\t\t\t\t\t\t<div class=\"elementor-element elementor-element-59a773be elementor-widget elementor-widget-text-editor\" data-id=\"59a773be\" data-element_type=\"widget\" data-e-type=\"widget\" data-widget_type=\"text-editor.default\">\n\t\t\t\t<div class=\"elementor-widget-container\">\n\t\t\t\t\t\t\t\t\t<h4><strong>Idrett+ (Spor+) 2002 y\u0131l\u0131ndan bu yana \u00f6zel ihtiya\u00e7lar\u0131 olan \u00e7ocuklara ve gen\u00e7lere imkanlar sunmak i\u00e7in \u00e7al\u0131\u015fmaktad\u0131r. Bu \u00e7al\u0131\u015fma, Spor Konseyi&#8217;nin \u201cHerkes i\u00e7in Spor\u201d hedefine ula\u015fmaya olan kararl\u0131l\u0131\u011f\u0131n\u0131n \u00f6nemli bir par\u00e7as\u0131 haline gelmi\u015ftir. Spor Konseyi, mesleki yeterlilik\/takip deste\u011fi sunarak hedef gruplara y\u00f6nelik ekstra \u00e7aba g\u00f6steren spor kul\u00fcplerine te\u015fvikler sunar.<\/strong><\/h4>\n<h4>&nbsp;<\/h4>\n<h4>Ana hedef<\/h4>\n<p>Ek deste\u011fe\/yard\u0131ma ihtiyac\u0131 olan \u00e7ocuklara ve gen\u00e7lere eksiksiz spor faaliyetleri sunmak<\/p>\n<h4>Hedef gruplar<\/h4>\n<ul>\n<li>pasif \u00e7ocuklar ve gen\u00e7ler<\/li>\n<li>istenmeyen davran\u0131\u015flar sergileyen \u00e7ocuklar ve gen\u00e7ler<\/li>\n<li>g\u00f6\u00e7menlik ge\u00e7mi\u015fi olan ki\u015filer, \u00f6zellikle k\u0131zlar<\/li>\n<li>durumu ek takip gerektiren engelli insanlar (\u00e7ocuklar\/gen\u00e7ler ve yeti\u015fkinler)<\/li>\n<li>spor faaliyetlerine kat\u0131lmak konusunda \u00f6deme s\u0131k\u0131nt\u0131lar\u0131\/mali engelleri olan ki\u015filer<\/li><\/ul>\n<h4>Bireysel giri\u015fimler<\/h4>\n<p>Spor kul\u00fcpleri, hedef gruplara ili\u015fkin farkl\u0131 ve amaca y\u00f6nelik giri\u015fimlerle \u00e7al\u0131\u015fma f\u0131rsat\u0131na sahip olur. Idrett &amp; Utfordring gibi belirli ki\u015filere y\u00f6nelik \u00f6zel giri\u015fimler ve Open Hall gibi herkese a\u00e7\u0131k giri\u015fimler mevcuttur.<br>Bu giri\u015fimlere \u00f6rnek olarak \u015funlar verilebilir:<\/p>\n<ul>\n<li>\u00d6zel ihtiya\u00e7lar\u0131 olan ki\u015filer i\u00e7in antren\u00f6r: \u00f6zel ihtiya\u00e7lar\u0131 olan ki\u015filerin imkanlardan yararlanmas\u0131n\u0131 sa\u011flamakla sorumlu ki\u015fi<\/li>\n<li>sosyal a\u011f kurma etkinlikleri<\/li>\n<li>Spor+ temalar\u0131 ile tema geceleri<\/li>\n<li>g\u00f6\u00e7men k\u0131zlara y\u00f6nelik giri\u015fimler<\/li>\n<li>g\u00f6\u00e7men gruplar\u0131<\/li>\n<li>engelli ki\u015filer i\u00e7in etkinlikler<\/li>\n<li>mali durumu k\u00f6t\u00fc olan ki\u015filere imkanlar sa\u011flanmas\u0131<\/li>\n<\/ul>\n<h4>Organizasyon<\/h4>\n<p>Idrettsr\u00e5det, (Spor Konseyi) Stavanger\u2019daki Idrett+ \u00e7al\u0131\u015fmas\u0131ndan sorumludur ve \u00e7al\u0131\u015fma kapsam\u0131ndaki spor kul\u00fcplerinin y\u00f6nlendirilmesini sa\u011flar. Ancak spor kul\u00fcpleri, bi\u00e7imlerini ve mevcut \u00e7er\u00e7eve ile kriterlere en uygun \u00f6nlemleri kendileri bulmal\u0131d\u0131r.<br>\u00c7al\u0131\u015fma kapsam\u0131nda, spor kul\u00fcplerinin hem yerel hem de ulusal olarak faydalanabilece\u011fi \u00e7e\u015fitli yetkinlik\/deneyim a\u011flar\u0131 olu\u015fturulmu\u015ftur.<\/p>\n<h4>Finansman<\/h4>\n<p>Program Stavanger Belediyesi taraf\u0131ndan, Norve\u00e7 Olimpiyat ve Paralimpik Komitesi ile K\u00fclt\u00fcr Konfederasyonu vas\u0131tas\u0131yla K\u00fclt\u00fcr Bakanl\u0131\u011f\u0131 taraf\u0131ndan ve spor konseyi ile spor kul\u00fcb\u00fc taraf\u0131ndan kullan\u0131lan spor gelirleri ile finanse edilmektedir. Idrettsr\u00e5det&#8217;in \u00e7e\u015fitli giri\u015fimleri somut \u00e7abalarla nas\u0131l de\u011ferlendirmesi gerekti\u011fine y\u00f6nelik standart k\u0131lavuzlar ve kriterler mevcuttur.<\/p>\n<p><img fetchpriority=\"high\" decoding=\"async\" class=\"wp-image-1574 size-full\" src=\"http:\/\/109.199.118.79\/~rekylweb\/clients\/idrettsraadet.no\/wp-content\/uploads\/2016\/08\/innvandrerjenter.jpg\" width=\"612\" height=\"373\" srcset=\"https:\/\/idrettsraadet.no\/wp-content\/uploads\/2016\/08\/innvandrerjenter.jpg 612w, https:\/\/idrettsraadet.no\/wp-content\/uploads\/2016\/08\/innvandrerjenter-300x183.jpg 300w\" sizes=\"(max-width: 612px) 100vw, 612px\" \/><\/p>\n<h4>\u0130leti\u015fim<\/h4>\n<p>Kul\u00fcb\u00fcn\u00fcz bir giri\u015fim ba\u015flatmak m\u0131 istiyor? Daha fazla bilgi i\u00e7in bizimle ileti\u015fime ge\u00e7in veya do\u011frudan a\u015fa\u011f\u0131da listelenen formlar\u0131 kullan\u0131n. \u201cIdrett+\u201d \u00e7al\u0131\u015fmas\u0131 kapsam\u0131nda \u201cb\u00fcy\u00fck\u201d olmak isteyen spor kul\u00fcpleri, planlama a\u015famas\u0131nda bizimle ileti\u015fime ge\u00e7melidir. Dan\u0131\u015fmanl\u0131k ve kolayla\u015ft\u0131rma hizmetleri sunabiliriz. Idrett+ \u00e7al\u0131\u015fmas\u0131 kapsam\u0131nda yeterince \u00e7aba g\u00f6stermek isteyen spor kul\u00fcplerine finansal ba\u015flang\u0131\u00e7 finansman\u0131 da sa\u011flan\u0131r.<\/p>\n<h4>Norve\u00e7\u2019te bir spor kul\u00fcb\u00fcn\u00fcn par\u00e7as\u0131 olmak ne demektir?<\/h4>\n<p>Burada <a href=\"https:\/\/www.idrettsforbundet.no\/idrettskretser\/oslo-idrettskrets\/idrettslag1\/bli-med\/\">\u201cBli med\u201d bro\u015f\u00fcr\u00fcn\u00fc 9 farkl\u0131 dilde<\/a> bulabilirsiniz. Bu bro\u015f\u00fcr, di\u011fer \u00fclkelerden ve k\u00fclt\u00fcrlerden gelen insanlara Norve\u00e7\u2019te bir spor kul\u00fcb\u00fcnde yer alman\u0131n ne anlama geldi\u011fine dair bilgi verir (haklar, g\u00f6revler, beklentiler vb.).<\/p>\n<h4>Idrett+ dahilinde katk\u0131da bulunan\/bulunmu\u015f olan spor kul\u00fcpleri<\/h4>\n<p>Bratte Rogalands Venner, Brodd IL, Cross Bowlingklubb, Dingo Bokseklubb, Eng\u00f8yholmen Ro &amp; R\u00e5seillag, Frisinn SK, Friskis &amp; Svettis, Glad Trim Internasjonal, Hafrsfjord Pistolklubb, Ishockeyklubben Stavanger, Hillev\u00e5g Turnforening, Hinna FK, Hinna H\u00e5ndball, Hundv\u00e5g FK, Hundv\u00e5g HK, KFUM, Madla IL, Madla Sv\u00f8mmeklubb, Nord-J\u00e6ren Sportsdanseklubb, Revheim Rugbyklubb, Rogaland Rideklubb, IL Skjalg, Ishockeyklubben Stavanger,&nbsp;Stavanger Badmintonklubb, Stavanger Baseball\/Softballklubb, Stavanger Basketballklubb, Stavanger Beachvolleyballklubb, Stavanger Bordtennisklubb, Stavanger Bowlingklubb, Stavanger Bueskyttere, Stavanger Capoeiraklubb, Stavanger Danseklubb, Stavanger Fekteklubb, Stavanger Golfklubb, Stavanger Innebandyklubb, Stavanger IF Fotball, Stavanger Ishockeyklubb,&nbsp;Stavanger Judoklubb, Stavanger Ju Jitsu Klubb, Stavanger JuShinkan Aikido,&nbsp;Stavanger Kajakklubb, Stavanger Karateklubb, Stavanger Kunstl\u00f8pklubb, Stavanger Miniatyrskytterlag, Stavanger Orienteringsklubb, Stavanger Pistolklubb, Stavanger Roklub, Stavanger Rugbyklubb, Stavanger Seilforening, Stavanger Skytterlag, Stavanger Styrkel\u00f8ftklubb, Stavanger Sv\u00f8mme Club, Stavanger Taekwon-do Klubb, Stavanger Tennisklubb, Stavanger Turnforening, Stavanger Undervannsgruppe, Stavanger Vektl\u00f8fterklubb, Storhaug Rideklubb, Sunde Innebandyklubb, Svithun Biljardklubb, S\u00f8r-Vest Kendoklubb, Tasta Turn, Tasta IL, Tastavarden HK, Uburhedleren Fjellsportlag, Vardeneset BK, FK Vidar, Viking FK, Viking HK, Viking Hockeyklubb.<\/p>\n<p>*Kul\u00fcb\u00fcn\u00fcz katk\u0131da bulunmu\u015f, ancak bu burada belirtilmemi\u015fse l\u00fctfen bizimle ileti\u015fime ge\u00e7in<\/p>\n<h4>Ba\u015fvuru formu<\/h4>\n<p>Y\u0131l boyunca hibe ba\u015fvurusunda bulunmak m\u00fcmk\u00fcnd\u00fcr.<\/p>\n<p><a href=\"https:\/\/response.questback.com\/isa\/qbv.dll\/ShowQuest?QuestID=5248559&amp;sid=LNWe5vM7Iv\">BA\u015eVURU \u0130\u00c7\u0130N BURAYA TIKLAYINIZ<\/a><\/p>\n<p><a href=\"https:\/\/response.questback.com\/isa\/qbv.dll\/ShowQuest?QuestID=5248559&amp;sid=LNWe5vM7Iv\"><img decoding=\"async\" class=\"alignnone wp-image-12025\" src=\"https:\/\/idrettsraadet.no\/wp-content\/uploads\/2019\/02\/trykkher.jpg\" alt=\"\" width=\"396\" height=\"49\" srcset=\"https:\/\/idrettsraadet.no\/wp-content\/uploads\/2019\/02\/trykkher.jpg 880w, https:\/\/idrettsraadet.no\/wp-content\/uploads\/2019\/02\/trykkher-300x37.jpg 300w, https:\/\/idrettsraadet.no\/wp-content\/uploads\/2019\/02\/trykkher-768x95.jpg 768w\" sizes=\"(max-width: 396px) 100vw, 396px\" \/><\/a><\/p>\t\t\t\t\t\t\t\t<\/div>\n\t\t\t\t<\/div>\n\t\t\t\t\t<\/div>\n\t\t<\/div>\n\t\t\t\t\t<\/div>\n\t\t<\/section>\n\t\t\t\t<\/div>\n\t\t","protected":false},"excerpt":{"rendered":"<p>Idrett+ (Spor+) 2002 y\u0131l\u0131ndan bu yana \u00f6zel ihtiya\u00e7lar\u0131 olan \u00e7ocuklara ve gen\u00e7lere imkanlar sunmak i\u00e7in \u00e7al\u0131\u015fmaktad\u0131r. Bu \u00e7al\u0131\u015fma, Spor Konseyi&#8217;nin \u201cHerkes i\u00e7in Spor\u201d hedefine ula\u015fmaya olan kararl\u0131l\u0131\u011f\u0131n\u0131n \u00f6nemli bir par\u00e7as\u0131 haline gelmi\u015ftir. Spor Konseyi, mesleki yeterlilik\/takip deste\u011fi sunarak hedef gruplara y\u00f6nelik ekstra \u00e7aba g\u00f6steren spor kul\u00fcplerine te\u015fvikler sunar. &nbsp; Ana hedef Ek deste\u011fe\/yard\u0131ma ihtiyac\u0131 olan [&hellip;]<\/p>\n","protected":false},"author":1,"featured_media":0,"parent":12129,"menu_order":0,"comment_status":"closed","ping_status":"closed","template":"","meta":{"site-sidebar-layout":"default","site-content-layout":"default","ast-site-content-layout":"default","site-content-style":"default","site-sidebar-style":"default","ast-global-header-display":"","ast-banner-title-visibility":"","ast-main-header-display":"","ast-hfb-above-header-display":"","ast-hfb-below-header-display":"","ast-hfb-mobile-header-display":"","site-post-title":"","ast-breadcrumbs-content":"","ast-featured-img":"","footer-sml-layout":"","ast-disable-related-posts":"","theme-transparent-header-meta":"default","adv-header-id-meta":"","stick-header-meta":"default","header-above-stick-meta":"","header-main-stick-meta":"","header-below-stick-meta":"","astra-migrate-meta-layouts":"default","ast-page-background-enabled":"default","ast-page-background-meta":{"desktop":{"background-color":"","background-image":"","background-repeat":"repeat","background-position":"center center","background-size":"auto","background-attachment":"scroll","background-type":"","background-media":"","overlay-type":"","overlay-color":"","overlay-opacity":"","overlay-gradient":""},"tablet":{"background-color":"","background-image":"","background-repeat":"repeat","background-position":"center center","background-size":"auto","background-attachment":"scroll","background-type":"","background-media":"","overlay-type":"","overlay-color":"","overlay-opacity":"","overlay-gradient":""},"mobile":{"background-color":"","background-image":"","background-repeat":"repeat","background-position":"center center","background-size":"auto","background-attachment":"scroll","background-type":"","background-media":"","overlay-type":"","overlay-color":"","overlay-opacity":"","overlay-gradient":""}},"ast-content-background-meta":{"desktop":{"background-color":"var(--ast-global-color-5)","background-image":"","background-repeat":"repeat","background-position":"center center","background-size":"auto","background-attachment":"scroll","background-type":"","background-media":"","overlay-type":"","overlay-color":"","overlay-opacity":"","overlay-gradient":""},"tablet":{"background-color":"var(--ast-global-color-5)","background-image":"","background-repeat":"repeat","background-position":"center center","background-size":"auto","background-attachment":"scroll","background-type":"","background-media":"","overlay-type":"","overlay-color":"","overlay-opacity":"","overlay-gradient":""},"mobile":{"background-color":"var(--ast-global-color-5)","background-image":"","background-repeat":"repeat","background-position":"center center","background-size":"auto","background-attachment":"scroll","background-type":"","background-media":"","overlay-type":"","overlay-color":"","overlay-opacity":"","overlay-gradient":""}},"footnotes":""},"class_list":["post-12105","page","type-page","status-publish","hentry"],"yoast_head":"<!-- This site is optimized with the Yoast SEO plugin v27.3 - https:\/\/yoast.com\/product\/yoast-seo-wordpress\/ -->\n<title>Idrett+ - Idrettsr\u00e5det Stavanger<\/title>\n<meta name=\"robots\" content=\"index, follow, max-snippet:-1, max-image-preview:large, max-video-preview:-1\" \/>\n<link rel=\"canonical\" href=\"https:\/\/idrettsraadet.no\/tr\/informasjon\/idrett\/\" \/>\n<meta property=\"og:locale\" content=\"tr_TR\" \/>\n<meta property=\"og:type\" content=\"article\" \/>\n<meta property=\"og:title\" content=\"Idrett+ - Idrettsr\u00e5det Stavanger\" \/>\n<meta property=\"og:description\" content=\"Idrett+ (Spor+) 2002 y\u0131l\u0131ndan bu yana \u00f6zel ihtiya\u00e7lar\u0131 olan \u00e7ocuklara ve gen\u00e7lere imkanlar sunmak i\u00e7in \u00e7al\u0131\u015fmaktad\u0131r. Bu \u00e7al\u0131\u015fma, Spor Konseyi&#8217;nin \u201cHerkes i\u00e7in Spor\u201d hedefine ula\u015fmaya olan kararl\u0131l\u0131\u011f\u0131n\u0131n \u00f6nemli bir par\u00e7as\u0131 haline gelmi\u015ftir. Spor Konseyi, mesleki yeterlilik\/takip deste\u011fi sunarak hedef gruplara y\u00f6nelik ekstra \u00e7aba g\u00f6steren spor kul\u00fcplerine te\u015fvikler sunar. &nbsp; Ana hedef Ek deste\u011fe\/yard\u0131ma ihtiyac\u0131 olan [&hellip;]\" \/>\n<meta property=\"og:url\" content=\"https:\/\/idrettsraadet.no\/tr\/informasjon\/idrett\/\" \/>\n<meta property=\"og:site_name\" content=\"Idrettsr\u00e5det Stavanger\" \/>\n<meta property=\"article:modified_time\" content=\"2025-01-22T13:12:50+00:00\" \/>\n<meta property=\"og:image\" content=\"https:\/\/idrettsraadet.no\/wp-content\/uploads\/2016\/08\/innvandrerjenter.jpg\" \/>\n\t<meta property=\"og:image:width\" content=\"612\" \/>\n\t<meta property=\"og:image:height\" content=\"373\" \/>\n\t<meta property=\"og:image:type\" content=\"image\/jpeg\" \/>\n<meta name=\"twitter:card\" content=\"summary_large_image\" \/>\n<meta name=\"twitter:label1\" content=\"Tahmini okuma s\u00fcresi\" \/>\n\t<meta name=\"twitter:data1\" content=\"4 dakika\" \/>\n<script type=\"application\/ld+json\" class=\"yoast-schema-graph\">{\"@context\":\"https:\\\/\\\/schema.org\",\"@graph\":[{\"@type\":\"WebPage\",\"@id\":\"https:\\\/\\\/idrettsraadet.no\\\/tr\\\/informasjon\\\/idrett\\\/\",\"url\":\"https:\\\/\\\/idrettsraadet.no\\\/tr\\\/informasjon\\\/idrett\\\/\",\"name\":\"Idrett+ - Idrettsr\u00e5det Stavanger\",\"isPartOf\":{\"@id\":\"https:\\\/\\\/idrettsraadet.no\\\/bn\\\/#website\"},\"primaryImageOfPage\":{\"@id\":\"https:\\\/\\\/idrettsraadet.no\\\/tr\\\/informasjon\\\/idrett\\\/#primaryimage\"},\"image\":{\"@id\":\"https:\\\/\\\/idrettsraadet.no\\\/tr\\\/informasjon\\\/idrett\\\/#primaryimage\"},\"thumbnailUrl\":\"http:\\\/\\\/109.199.118.79\\\/~rekylweb\\\/clients\\\/idrettsraadet.no\\\/wp-content\\\/uploads\\\/2016\\\/08\\\/innvandrerjenter.jpg\",\"datePublished\":\"2020-02-24T08:22:10+00:00\",\"dateModified\":\"2025-01-22T13:12:50+00:00\",\"breadcrumb\":{\"@id\":\"https:\\\/\\\/idrettsraadet.no\\\/tr\\\/informasjon\\\/idrett\\\/#breadcrumb\"},\"inLanguage\":\"tr\",\"potentialAction\":[{\"@type\":\"ReadAction\",\"target\":[\"https:\\\/\\\/idrettsraadet.no\\\/tr\\\/informasjon\\\/idrett\\\/\"]}]},{\"@type\":\"ImageObject\",\"inLanguage\":\"tr\",\"@id\":\"https:\\\/\\\/idrettsraadet.no\\\/tr\\\/informasjon\\\/idrett\\\/#primaryimage\",\"url\":\"http:\\\/\\\/109.199.118.79\\\/~rekylweb\\\/clients\\\/idrettsraadet.no\\\/wp-content\\\/uploads\\\/2016\\\/08\\\/innvandrerjenter.jpg\",\"contentUrl\":\"http:\\\/\\\/109.199.118.79\\\/~rekylweb\\\/clients\\\/idrettsraadet.no\\\/wp-content\\\/uploads\\\/2016\\\/08\\\/innvandrerjenter.jpg\"},{\"@type\":\"BreadcrumbList\",\"@id\":\"https:\\\/\\\/idrettsraadet.no\\\/tr\\\/informasjon\\\/idrett\\\/#breadcrumb\",\"itemListElement\":[{\"@type\":\"ListItem\",\"position\":1,\"name\":\"Hjem\",\"item\":\"https:\\\/\\\/idrettsraadet.no\\\/tr\\\/\"},{\"@type\":\"ListItem\",\"position\":2,\"name\":\"\u00d6zel: Bilgi\",\"item\":\"https:\\\/\\\/idrettsraadet.no\\\/tr\\\/?page_id=12129\"},{\"@type\":\"ListItem\",\"position\":3,\"name\":\"Idrett+\"}]},{\"@type\":\"WebSite\",\"@id\":\"https:\\\/\\\/idrettsraadet.no\\\/bn\\\/#website\",\"url\":\"https:\\\/\\\/idrettsraadet.no\\\/bn\\\/\",\"name\":\"Idrettsr\u00e5det Stavanger\",\"description\":\"Idrett for alle.\",\"publisher\":{\"@id\":\"https:\\\/\\\/idrettsraadet.no\\\/bn\\\/#organization\"},\"potentialAction\":[{\"@type\":\"SearchAction\",\"target\":{\"@type\":\"EntryPoint\",\"urlTemplate\":\"https:\\\/\\\/idrettsraadet.no\\\/bn\\\/?s={search_term_string}\"},\"query-input\":{\"@type\":\"PropertyValueSpecification\",\"valueRequired\":true,\"valueName\":\"search_term_string\"}}],\"inLanguage\":\"tr\"},{\"@type\":\"Organization\",\"@id\":\"https:\\\/\\\/idrettsraadet.no\\\/bn\\\/#organization\",\"name\":\"Stavanger Idrettsr\u00e5d\",\"url\":\"https:\\\/\\\/idrettsraadet.no\\\/bn\\\/\",\"logo\":{\"@type\":\"ImageObject\",\"inLanguage\":\"tr\",\"@id\":\"https:\\\/\\\/idrettsraadet.no\\\/bn\\\/#\\\/schema\\\/logo\\\/image\\\/\",\"url\":\"https:\\\/\\\/idrettsraadet.no\\\/wp-content\\\/uploads\\\/2016\\\/06\\\/logo.png\",\"contentUrl\":\"https:\\\/\\\/idrettsraadet.no\\\/wp-content\\\/uploads\\\/2016\\\/06\\\/logo.png\",\"width\":149,\"height\":48,\"caption\":\"Stavanger Idrettsr\u00e5d\"},\"image\":{\"@id\":\"https:\\\/\\\/idrettsraadet.no\\\/bn\\\/#\\\/schema\\\/logo\\\/image\\\/\"}}]}<\/script>\n<!-- \/ Yoast SEO plugin. -->","yoast_head_json":{"title":"Idrett+ - Idrettsr\u00e5det Stavanger","robots":{"index":"index","follow":"follow","max-snippet":"max-snippet:-1","max-image-preview":"max-image-preview:large","max-video-preview":"max-video-preview:-1"},"canonical":"https:\/\/idrettsraadet.no\/tr\/informasjon\/idrett\/","og_locale":"tr_TR","og_type":"article","og_title":"Idrett+ - Idrettsr\u00e5det Stavanger","og_description":"Idrett+ (Spor+) 2002 y\u0131l\u0131ndan bu yana \u00f6zel ihtiya\u00e7lar\u0131 olan \u00e7ocuklara ve gen\u00e7lere imkanlar sunmak i\u00e7in \u00e7al\u0131\u015fmaktad\u0131r. Bu \u00e7al\u0131\u015fma, Spor Konseyi&#8217;nin \u201cHerkes i\u00e7in Spor\u201d hedefine ula\u015fmaya olan kararl\u0131l\u0131\u011f\u0131n\u0131n \u00f6nemli bir par\u00e7as\u0131 haline gelmi\u015ftir. Spor Konseyi, mesleki yeterlilik\/takip deste\u011fi sunarak hedef gruplara y\u00f6nelik ekstra \u00e7aba g\u00f6steren spor kul\u00fcplerine te\u015fvikler sunar. &nbsp; Ana hedef Ek deste\u011fe\/yard\u0131ma ihtiyac\u0131 olan [&hellip;]","og_url":"https:\/\/idrettsraadet.no\/tr\/informasjon\/idrett\/","og_site_name":"Idrettsr\u00e5det Stavanger","article_modified_time":"2025-01-22T13:12:50+00:00","og_image":[{"width":612,"height":373,"url":"https:\/\/idrettsraadet.no\/wp-content\/uploads\/2016\/08\/innvandrerjenter.jpg","type":"image\/jpeg"}],"twitter_card":"summary_large_image","twitter_misc":{"Tahmini okuma s\u00fcresi":"4 dakika"},"schema":{"@context":"https:\/\/schema.org","@graph":[{"@type":"WebPage","@id":"https:\/\/idrettsraadet.no\/tr\/informasjon\/idrett\/","url":"https:\/\/idrettsraadet.no\/tr\/informasjon\/idrett\/","name":"Idrett+ - Idrettsr\u00e5det Stavanger","isPartOf":{"@id":"https:\/\/idrettsraadet.no\/bn\/#website"},"primaryImageOfPage":{"@id":"https:\/\/idrettsraadet.no\/tr\/informasjon\/idrett\/#primaryimage"},"image":{"@id":"https:\/\/idrettsraadet.no\/tr\/informasjon\/idrett\/#primaryimage"},"thumbnailUrl":"http:\/\/109.199.118.79\/~rekylweb\/clients\/idrettsraadet.no\/wp-content\/uploads\/2016\/08\/innvandrerjenter.jpg","datePublished":"2020-02-24T08:22:10+00:00","dateModified":"2025-01-22T13:12:50+00:00","breadcrumb":{"@id":"https:\/\/idrettsraadet.no\/tr\/informasjon\/idrett\/#breadcrumb"},"inLanguage":"tr","potentialAction":[{"@type":"ReadAction","target":["https:\/\/idrettsraadet.no\/tr\/informasjon\/idrett\/"]}]},{"@type":"ImageObject","inLanguage":"tr","@id":"https:\/\/idrettsraadet.no\/tr\/informasjon\/idrett\/#primaryimage","url":"http:\/\/109.199.118.79\/~rekylweb\/clients\/idrettsraadet.no\/wp-content\/uploads\/2016\/08\/innvandrerjenter.jpg","contentUrl":"http:\/\/109.199.118.79\/~rekylweb\/clients\/idrettsraadet.no\/wp-content\/uploads\/2016\/08\/innvandrerjenter.jpg"},{"@type":"BreadcrumbList","@id":"https:\/\/idrettsraadet.no\/tr\/informasjon\/idrett\/#breadcrumb","itemListElement":[{"@type":"ListItem","position":1,"name":"Hjem","item":"https:\/\/idrettsraadet.no\/tr\/"},{"@type":"ListItem","position":2,"name":"\u00d6zel: Bilgi","item":"https:\/\/idrettsraadet.no\/tr\/?page_id=12129"},{"@type":"ListItem","position":3,"name":"Idrett+"}]},{"@type":"WebSite","@id":"https:\/\/idrettsraadet.no\/bn\/#website","url":"https:\/\/idrettsraadet.no\/bn\/","name":"Idrettsr\u00e5det Stavanger","description":"Idrett for alle.","publisher":{"@id":"https:\/\/idrettsraadet.no\/bn\/#organization"},"potentialAction":[{"@type":"SearchAction","target":{"@type":"EntryPoint","urlTemplate":"https:\/\/idrettsraadet.no\/bn\/?s={search_term_string}"},"query-input":{"@type":"PropertyValueSpecification","valueRequired":true,"valueName":"search_term_string"}}],"inLanguage":"tr"},{"@type":"Organization","@id":"https:\/\/idrettsraadet.no\/bn\/#organization","name":"Stavanger Idrettsr\u00e5d","url":"https:\/\/idrettsraadet.no\/bn\/","logo":{"@type":"ImageObject","inLanguage":"tr","@id":"https:\/\/idrettsraadet.no\/bn\/#\/schema\/logo\/image\/","url":"https:\/\/idrettsraadet.no\/wp-content\/uploads\/2016\/06\/logo.png","contentUrl":"https:\/\/idrettsraadet.no\/wp-content\/uploads\/2016\/06\/logo.png","width":149,"height":48,"caption":"Stavanger Idrettsr\u00e5d"},"image":{"@id":"https:\/\/idrettsraadet.no\/bn\/#\/schema\/logo\/image\/"}}]}},"_links":{"self":[{"href":"https:\/\/idrettsraadet.no\/tr\/wp-json\/wp\/v2\/pages\/12105","targetHints":{"allow":["GET"]}}],"collection":[{"href":"https:\/\/idrettsraadet.no\/tr\/wp-json\/wp\/v2\/pages"}],"about":[{"href":"https:\/\/idrettsraadet.no\/tr\/wp-json\/wp\/v2\/types\/page"}],"author":[{"embeddable":true,"href":"https:\/\/idrettsraadet.no\/tr\/wp-json\/wp\/v2\/users\/1"}],"replies":[{"embeddable":true,"href":"https:\/\/idrettsraadet.no\/tr\/wp-json\/wp\/v2\/comments?post=12105"}],"version-history":[{"count":3,"href":"https:\/\/idrettsraadet.no\/tr\/wp-json\/wp\/v2\/pages\/12105\/revisions"}],"predecessor-version":[{"id":30977,"href":"https:\/\/idrettsraadet.no\/tr\/wp-json\/wp\/v2\/pages\/12105\/revisions\/30977"}],"up":[{"embeddable":true,"href":"https:\/\/idrettsraadet.no\/tr\/wp-json\/wp\/v2\/pages\/12129"}],"wp:attachment":[{"href":"https:\/\/idrettsraadet.no\/tr\/wp-json\/wp\/v2\/media?parent=12105"}],"curies":[{"name":"wp","href":"https:\/\/api.w.org\/{rel}","templated":true}]}}