{"id":12109,"date":"2020-02-24T09:28:05","date_gmt":"2020-02-24T08:28:05","guid":{"rendered":"https:\/\/idrettsraadet.no\/belediye-faaliyet-tesviki\/"},"modified":"2020-03-03T11:39:17","modified_gmt":"2020-03-03T10:39:17","slug":"belediye-faaliyet-tesviki","status":"publish","type":"page","link":"https:\/\/idrettsraadet.no\/tr\/belediye-faaliyet-tesviki\/","title":{"rendered":"Belediye faaliyet te\u015fviki"},"content":{"rendered":"<p><strong>Belediye Faaliyet Te\u015fviki hakk\u0131nda daha fazla bilgiyi ve te\u015fvik ba\u015fvuru formunu burada bulabilirsiniz.\u00a0Basit olmas\u0131 ad\u0131na, belediye faaliyet te\u015fvikine ba\u015fvurarak otomatik olarak LAM (Yerel Sporlar i\u00e7in Finansman) ba\u015fvurusunda da bulunmu\u015f olacaks\u0131n\u0131z. LAM (Yerel Sporlar i\u00e7in Finansman) ile ilgili daha fazla bilgiye \u201cTe\u015fvikler\u201d &gt; \u201cYerel Sporlar i\u00e7in Finansman\u201d yolunu izleyerek ula\u015fabilirsiniz.<\/strong><\/p>\n<p><strong>Genel<\/strong><br \/>\nBelediye faaliyet te\u015fviki, yaln\u0131zca \u00e7ocuklar ve 25 ya\u015f\u0131na kadar olan gen\u00e7ler i\u00e7in faaliyetler y\u00fcr\u00fcten spor kul\u00fcplerine verilebilir. Son ba\u015fvuru tarihi 5 Nisan\u2019d\u0131r.<\/p>\n<p><img decoding=\"async\" class=\"aligncenter\" src=\"https:\/\/idrettsraadet.no\/wp-content\/uploads\/2019\/03\/Tilskudd-penger.jpg\" \/><\/p>\n<p><strong>Da\u011f\u0131t\u0131m<\/strong><br \/>\nTe\u015fvik, spor kul\u00fcplerine 25 ya\u015f\u0131ndaki ve daha k\u00fc\u00e7\u00fck \u00fcyelerin \u00fcyelik say\u0131s\u0131yla orant\u0131l\u0131 olarak da\u011f\u0131t\u0131l\u0131r.<\/p>\n<p><strong>S\u0131n\u0131rlama<\/strong><br \/>\nBelediye te\u015fviki, spor kul\u00fcb\u00fcne \u00f6denen tutarlar\u0131, yani \u00f6denen \u00fcyelik aidatlar\u0131n\u0131 ve spor kul\u00fcb\u00fcn\u00fcn muhasebe birimince belirtilen di\u011fer \u00fcyelik \u00fccretlerinin toplam\u0131n\u0131 a\u015famaz.<\/p>\n<p>Yaln\u0131zca \u00f6demesi yap\u0131lm\u0131\u015f ve aktif \u00fcyelikler dikkate al\u0131n\u0131r.<\/p>\n<p><img decoding=\"async\" class=\"aligncenter\" src=\"https:\/\/idrettsraadet.no\/wp-content\/uploads\/2016\/08\/Blyant-1.bmp\" \/><\/p>\n<p><strong>Ba\u015fvuru ekleri<\/strong><br \/>\nTamamlanm\u0131\u015f belirli bir ba\u015fvuru formuna ilaveten, faaliyet te\u015fvik ba\u015fvurusu \u015funlar\u0131 i\u00e7ermelidir:<\/p>\n<ul>\n<li>Y\u0131ll\u0131k toplant\u0131 bildirimi<\/li>\n<li>1 Ocak-31 Mart aras\u0131nda yap\u0131lan y\u0131ll\u0131k toplant\u0131n\u0131n kat\u0131l\u0131mc\u0131lar\u0131 aras\u0131ndan se\u00e7ilen iki temsilci taraf\u0131ndan imzalanm\u0131\u015f y\u0131ll\u0131k toplant\u0131 tutana\u011f\u0131<\/li>\n<li>\u0130mzal\u0131 denetim onay\u0131<\/li>\n<li>Bir \u00f6nceki y\u0131l\u0131n 31 Aral\u0131k tarihli, y\u00f6netim kurulu imzal\u0131 muhasebe kay\u0131tlar\u0131<\/li>\n<li>Bir \u00f6nceki y\u0131l\u0131n y\u00f6netim kurulu imzal\u0131 y\u0131ll\u0131k raporu<\/li>\n<\/ul>\n<p>Bir \u00f6nceki y\u0131l\u0131n 31 Aral\u0131k tarihi itibar\u0131yla \u00fcye listesi, isimler ve do\u011fum tarihleri ile birlikte (do\u011fum y\u0131l\u0131 veya ya\u015f \u015feklinde de kabul edilebilir)<\/p>\n<p><a href=\"https:\/\/response.questback.com\/isa\/qbv.dll\/ShowQuest?QuestID=5451729&amp;sid=cGuu4Zk8SG\">BA\u015eVURU \u0130\u00c7\u0130N BURAYA TIKLAYINIZ<\/a><\/p>\n<p><a href=\"https:\/\/response.questback.com\/isa\/qbv.dll\/ShowQuest?QuestID=5451729&amp;sid=cGuu4Zk8SG\"><img decoding=\"async\" class=\"alignnone wp-image-12025 size-medium\" src=\"https:\/\/idrettsraadet.no\/wp-content\/uploads\/2019\/02\/trykkher-300x37.jpg\" alt=\"\" width=\"300\" height=\"37\" srcset=\"https:\/\/idrettsraadet.no\/wp-content\/uploads\/2019\/02\/trykkher-300x37.jpg 300w, https:\/\/idrettsraadet.no\/wp-content\/uploads\/2019\/02\/trykkher-768x95.jpg 768w, https:\/\/idrettsraadet.no\/wp-content\/uploads\/2019\/02\/trykkher.jpg 880w\" sizes=\"(max-width: 300px) 100vw, 300px\" \/><\/a><\/p>\n<p>Her spor kul\u00fcb\u00fcn\u00fcn 2019 y\u0131l\u0131nda ne kadar te\u015fvik ald\u0131\u011f\u0131na ili\u015fkin <a href=\"https:\/\/idrettsraadet.no\/download\/oversikt-kommunalt-driftstilskudd-2019\/#\">genel bilgiler i\u00e7eren belgeyi indirin<\/a>. Tutar, iki taksit halinde \u00f6denmektedir (Temmuz ay\u0131n\u0131n ve Aral\u0131k ay\u0131n\u0131n ba\u015flar\u0131nda).<\/p>\n","protected":false},"excerpt":{"rendered":"<p>Belediye Faaliyet Te\u015fviki hakk\u0131nda daha fazla bilgiyi ve te\u015fvik ba\u015fvuru formunu burada bulabilirsiniz.\u00a0Basit olmas\u0131 ad\u0131na, belediye faaliyet te\u015fvikine ba\u015fvurarak otomatik olarak LAM (Yerel Sporlar i\u00e7in Finansman) ba\u015fvurusunda da bulunmu\u015f olacaks\u0131n\u0131z. LAM (Yerel Sporlar i\u00e7in Finansman) ile ilgili daha fazla bilgiye \u201cTe\u015fvikler\u201d &gt; \u201cYerel Sporlar i\u00e7in Finansman\u201d yolunu izleyerek ula\u015fabilirsiniz. Genel Belediye faaliyet te\u015fviki, yaln\u0131zca \u00e7ocuklar [&hellip;]<\/p>\n","protected":false},"author":1,"featured_media":0,"parent":0,"menu_order":0,"comment_status":"closed","ping_status":"closed","template":"","meta":{"site-sidebar-layout":"default","site-content-layout":"default","ast-site-content-layout":"default","site-content-style":"default","site-sidebar-style":"default","ast-global-header-display":"","ast-banner-title-visibility":"","ast-main-header-display":"","ast-hfb-above-header-display":"","ast-hfb-below-header-display":"","ast-hfb-mobile-header-display":"","site-post-title":"","ast-breadcrumbs-content":"","ast-featured-img":"","footer-sml-layout":"","ast-disable-related-posts":"","theme-transparent-header-meta":"default","adv-header-id-meta":"","stick-header-meta":"default","header-above-stick-meta":"","header-main-stick-meta":"","header-below-stick-meta":"","astra-migrate-meta-layouts":"default","ast-page-background-enabled":"default","ast-page-background-meta":{"desktop":{"background-color":"","background-image":"","background-repeat":"repeat","background-position":"center center","background-size":"auto","background-attachment":"scroll","background-type":"","background-media":"","overlay-type":"","overlay-color":"","overlay-opacity":"","overlay-gradient":""},"tablet":{"background-color":"","background-image":"","background-repeat":"repeat","background-position":"center center","background-size":"auto","background-attachment":"scroll","background-type":"","background-media":"","overlay-type":"","overlay-color":"","overlay-opacity":"","overlay-gradient":""},"mobile":{"background-color":"","background-image":"","background-repeat":"repeat","background-position":"center center","background-size":"auto","background-attachment":"scroll","background-type":"","background-media":"","overlay-type":"","overlay-color":"","overlay-opacity":"","overlay-gradient":""}},"ast-content-background-meta":{"desktop":{"background-color":"var(--ast-global-color-5)","background-image":"","background-repeat":"repeat","background-position":"center center","background-size":"auto","background-attachment":"scroll","background-type":"","background-media":"","overlay-type":"","overlay-color":"","overlay-opacity":"","overlay-gradient":""},"tablet":{"background-color":"var(--ast-global-color-5)","background-image":"","background-repeat":"repeat","background-position":"center center","background-size":"auto","background-attachment":"scroll","background-type":"","background-media":"","overlay-type":"","overlay-color":"","overlay-opacity":"","overlay-gradient":""},"mobile":{"background-color":"var(--ast-global-color-5)","background-image":"","background-repeat":"repeat","background-position":"center center","background-size":"auto","background-attachment":"scroll","background-type":"","background-media":"","overlay-type":"","overlay-color":"","overlay-opacity":"","overlay-gradient":""}},"footnotes":""},"class_list":["post-12109","page","type-page","status-publish","hentry"],"yoast_head":"<!-- This site is optimized with the Yoast SEO plugin v27.4 - https:\/\/yoast.com\/product\/yoast-seo-wordpress\/ -->\n<title>Belediye faaliyet te\u015fviki - Idrettsr\u00e5det Stavanger<\/title>\n<meta name=\"robots\" content=\"index, follow, max-snippet:-1, max-image-preview:large, max-video-preview:-1\" \/>\n<link rel=\"canonical\" href=\"https:\/\/idrettsraadet.no\/tr\/belediye-faaliyet-tesviki\/\" \/>\n<meta property=\"og:locale\" content=\"tr_TR\" \/>\n<meta property=\"og:type\" content=\"article\" \/>\n<meta property=\"og:title\" content=\"Belediye faaliyet te\u015fviki - Idrettsr\u00e5det Stavanger\" \/>\n<meta property=\"og:description\" content=\"Belediye Faaliyet Te\u015fviki hakk\u0131nda daha fazla bilgiyi ve te\u015fvik ba\u015fvuru formunu burada bulabilirsiniz.\u00a0Basit olmas\u0131 ad\u0131na, belediye faaliyet te\u015fvikine ba\u015fvurarak otomatik olarak LAM (Yerel Sporlar i\u00e7in Finansman) ba\u015fvurusunda da bulunmu\u015f olacaks\u0131n\u0131z. LAM (Yerel Sporlar i\u00e7in Finansman) ile ilgili daha fazla bilgiye \u201cTe\u015fvikler\u201d &gt; \u201cYerel Sporlar i\u00e7in Finansman\u201d yolunu izleyerek ula\u015fabilirsiniz. Genel Belediye faaliyet te\u015fviki, yaln\u0131zca \u00e7ocuklar [&hellip;]\" \/>\n<meta property=\"og:url\" content=\"https:\/\/idrettsraadet.no\/tr\/belediye-faaliyet-tesviki\/\" \/>\n<meta property=\"og:site_name\" content=\"Idrettsr\u00e5det Stavanger\" \/>\n<meta property=\"article:modified_time\" content=\"2020-03-03T10:39:17+00:00\" \/>\n<meta property=\"og:image\" content=\"https:\/\/idrettsraadet.no\/wp-content\/uploads\/2019\/03\/Tilskudd-penger.jpg\" \/>\n<meta name=\"twitter:card\" content=\"summary_large_image\" \/>\n<meta name=\"twitter:label1\" content=\"Tahmini okuma s\u00fcresi\" \/>\n\t<meta name=\"twitter:data1\" content=\"2 dakika\" \/>\n<script type=\"application\/ld+json\" class=\"yoast-schema-graph\">{\"@context\":\"https:\\\/\\\/schema.org\",\"@graph\":[{\"@type\":\"WebPage\",\"@id\":\"https:\\\/\\\/idrettsraadet.no\\\/tr\\\/belediye-faaliyet-tesviki\\\/\",\"url\":\"https:\\\/\\\/idrettsraadet.no\\\/tr\\\/belediye-faaliyet-tesviki\\\/\",\"name\":\"Belediye faaliyet te\u015fviki - Idrettsr\u00e5det Stavanger\",\"isPartOf\":{\"@id\":\"https:\\\/\\\/idrettsraadet.no\\\/bn\\\/#website\"},\"primaryImageOfPage\":{\"@id\":\"https:\\\/\\\/idrettsraadet.no\\\/tr\\\/belediye-faaliyet-tesviki\\\/#primaryimage\"},\"image\":{\"@id\":\"https:\\\/\\\/idrettsraadet.no\\\/tr\\\/belediye-faaliyet-tesviki\\\/#primaryimage\"},\"thumbnailUrl\":\"https:\\\/\\\/idrettsraadet.no\\\/wp-content\\\/uploads\\\/2019\\\/03\\\/Tilskudd-penger.jpg\",\"datePublished\":\"2020-02-24T08:28:05+00:00\",\"dateModified\":\"2020-03-03T10:39:17+00:00\",\"breadcrumb\":{\"@id\":\"https:\\\/\\\/idrettsraadet.no\\\/tr\\\/belediye-faaliyet-tesviki\\\/#breadcrumb\"},\"inLanguage\":\"tr\",\"potentialAction\":[{\"@type\":\"ReadAction\",\"target\":[\"https:\\\/\\\/idrettsraadet.no\\\/tr\\\/belediye-faaliyet-tesviki\\\/\"]}]},{\"@type\":\"ImageObject\",\"inLanguage\":\"tr\",\"@id\":\"https:\\\/\\\/idrettsraadet.no\\\/tr\\\/belediye-faaliyet-tesviki\\\/#primaryimage\",\"url\":\"https:\\\/\\\/idrettsraadet.no\\\/wp-content\\\/uploads\\\/2019\\\/03\\\/Tilskudd-penger.jpg\",\"contentUrl\":\"https:\\\/\\\/idrettsraadet.no\\\/wp-content\\\/uploads\\\/2019\\\/03\\\/Tilskudd-penger.jpg\"},{\"@type\":\"BreadcrumbList\",\"@id\":\"https:\\\/\\\/idrettsraadet.no\\\/tr\\\/belediye-faaliyet-tesviki\\\/#breadcrumb\",\"itemListElement\":[{\"@type\":\"ListItem\",\"position\":1,\"name\":\"Hjem\",\"item\":\"https:\\\/\\\/idrettsraadet.no\\\/tr\\\/\"},{\"@type\":\"ListItem\",\"position\":2,\"name\":\"Belediye faaliyet te\u015fviki\"}]},{\"@type\":\"WebSite\",\"@id\":\"https:\\\/\\\/idrettsraadet.no\\\/bn\\\/#website\",\"url\":\"https:\\\/\\\/idrettsraadet.no\\\/bn\\\/\",\"name\":\"Idrettsr\u00e5det Stavanger\",\"description\":\"Idrett for alle.\",\"publisher\":{\"@id\":\"https:\\\/\\\/idrettsraadet.no\\\/bn\\\/#organization\"},\"potentialAction\":[{\"@type\":\"SearchAction\",\"target\":{\"@type\":\"EntryPoint\",\"urlTemplate\":\"https:\\\/\\\/idrettsraadet.no\\\/bn\\\/?s={search_term_string}\"},\"query-input\":{\"@type\":\"PropertyValueSpecification\",\"valueRequired\":true,\"valueName\":\"search_term_string\"}}],\"inLanguage\":\"tr\"},{\"@type\":\"Organization\",\"@id\":\"https:\\\/\\\/idrettsraadet.no\\\/bn\\\/#organization\",\"name\":\"Stavanger Idrettsr\u00e5d\",\"url\":\"https:\\\/\\\/idrettsraadet.no\\\/bn\\\/\",\"logo\":{\"@type\":\"ImageObject\",\"inLanguage\":\"tr\",\"@id\":\"https:\\\/\\\/idrettsraadet.no\\\/bn\\\/#\\\/schema\\\/logo\\\/image\\\/\",\"url\":\"https:\\\/\\\/idrettsraadet.no\\\/wp-content\\\/uploads\\\/2016\\\/06\\\/logo.png\",\"contentUrl\":\"https:\\\/\\\/idrettsraadet.no\\\/wp-content\\\/uploads\\\/2016\\\/06\\\/logo.png\",\"width\":149,\"height\":48,\"caption\":\"Stavanger Idrettsr\u00e5d\"},\"image\":{\"@id\":\"https:\\\/\\\/idrettsraadet.no\\\/bn\\\/#\\\/schema\\\/logo\\\/image\\\/\"}}]}<\/script>\n<!-- \/ Yoast SEO plugin. -->","yoast_head_json":{"title":"Belediye faaliyet te\u015fviki - Idrettsr\u00e5det Stavanger","robots":{"index":"index","follow":"follow","max-snippet":"max-snippet:-1","max-image-preview":"max-image-preview:large","max-video-preview":"max-video-preview:-1"},"canonical":"https:\/\/idrettsraadet.no\/tr\/belediye-faaliyet-tesviki\/","og_locale":"tr_TR","og_type":"article","og_title":"Belediye faaliyet te\u015fviki - Idrettsr\u00e5det Stavanger","og_description":"Belediye Faaliyet Te\u015fviki hakk\u0131nda daha fazla bilgiyi ve te\u015fvik ba\u015fvuru formunu burada bulabilirsiniz.\u00a0Basit olmas\u0131 ad\u0131na, belediye faaliyet te\u015fvikine ba\u015fvurarak otomatik olarak LAM (Yerel Sporlar i\u00e7in Finansman) ba\u015fvurusunda da bulunmu\u015f olacaks\u0131n\u0131z. LAM (Yerel Sporlar i\u00e7in Finansman) ile ilgili daha fazla bilgiye \u201cTe\u015fvikler\u201d &gt; \u201cYerel Sporlar i\u00e7in Finansman\u201d yolunu izleyerek ula\u015fabilirsiniz. Genel Belediye faaliyet te\u015fviki, yaln\u0131zca \u00e7ocuklar [&hellip;]","og_url":"https:\/\/idrettsraadet.no\/tr\/belediye-faaliyet-tesviki\/","og_site_name":"Idrettsr\u00e5det Stavanger","article_modified_time":"2020-03-03T10:39:17+00:00","og_image":[{"url":"https:\/\/idrettsraadet.no\/wp-content\/uploads\/2019\/03\/Tilskudd-penger.jpg","type":"","width":"","height":""}],"twitter_card":"summary_large_image","twitter_misc":{"Tahmini okuma s\u00fcresi":"2 dakika"},"schema":{"@context":"https:\/\/schema.org","@graph":[{"@type":"WebPage","@id":"https:\/\/idrettsraadet.no\/tr\/belediye-faaliyet-tesviki\/","url":"https:\/\/idrettsraadet.no\/tr\/belediye-faaliyet-tesviki\/","name":"Belediye faaliyet te\u015fviki - Idrettsr\u00e5det Stavanger","isPartOf":{"@id":"https:\/\/idrettsraadet.no\/bn\/#website"},"primaryImageOfPage":{"@id":"https:\/\/idrettsraadet.no\/tr\/belediye-faaliyet-tesviki\/#primaryimage"},"image":{"@id":"https:\/\/idrettsraadet.no\/tr\/belediye-faaliyet-tesviki\/#primaryimage"},"thumbnailUrl":"https:\/\/idrettsraadet.no\/wp-content\/uploads\/2019\/03\/Tilskudd-penger.jpg","datePublished":"2020-02-24T08:28:05+00:00","dateModified":"2020-03-03T10:39:17+00:00","breadcrumb":{"@id":"https:\/\/idrettsraadet.no\/tr\/belediye-faaliyet-tesviki\/#breadcrumb"},"inLanguage":"tr","potentialAction":[{"@type":"ReadAction","target":["https:\/\/idrettsraadet.no\/tr\/belediye-faaliyet-tesviki\/"]}]},{"@type":"ImageObject","inLanguage":"tr","@id":"https:\/\/idrettsraadet.no\/tr\/belediye-faaliyet-tesviki\/#primaryimage","url":"https:\/\/idrettsraadet.no\/wp-content\/uploads\/2019\/03\/Tilskudd-penger.jpg","contentUrl":"https:\/\/idrettsraadet.no\/wp-content\/uploads\/2019\/03\/Tilskudd-penger.jpg"},{"@type":"BreadcrumbList","@id":"https:\/\/idrettsraadet.no\/tr\/belediye-faaliyet-tesviki\/#breadcrumb","itemListElement":[{"@type":"ListItem","position":1,"name":"Hjem","item":"https:\/\/idrettsraadet.no\/tr\/"},{"@type":"ListItem","position":2,"name":"Belediye faaliyet te\u015fviki"}]},{"@type":"WebSite","@id":"https:\/\/idrettsraadet.no\/bn\/#website","url":"https:\/\/idrettsraadet.no\/bn\/","name":"Idrettsr\u00e5det Stavanger","description":"Idrett for alle.","publisher":{"@id":"https:\/\/idrettsraadet.no\/bn\/#organization"},"potentialAction":[{"@type":"SearchAction","target":{"@type":"EntryPoint","urlTemplate":"https:\/\/idrettsraadet.no\/bn\/?s={search_term_string}"},"query-input":{"@type":"PropertyValueSpecification","valueRequired":true,"valueName":"search_term_string"}}],"inLanguage":"tr"},{"@type":"Organization","@id":"https:\/\/idrettsraadet.no\/bn\/#organization","name":"Stavanger Idrettsr\u00e5d","url":"https:\/\/idrettsraadet.no\/bn\/","logo":{"@type":"ImageObject","inLanguage":"tr","@id":"https:\/\/idrettsraadet.no\/bn\/#\/schema\/logo\/image\/","url":"https:\/\/idrettsraadet.no\/wp-content\/uploads\/2016\/06\/logo.png","contentUrl":"https:\/\/idrettsraadet.no\/wp-content\/uploads\/2016\/06\/logo.png","width":149,"height":48,"caption":"Stavanger Idrettsr\u00e5d"},"image":{"@id":"https:\/\/idrettsraadet.no\/bn\/#\/schema\/logo\/image\/"}}]}},"_links":{"self":[{"href":"https:\/\/idrettsraadet.no\/tr\/wp-json\/wp\/v2\/pages\/12109","targetHints":{"allow":["GET"]}}],"collection":[{"href":"https:\/\/idrettsraadet.no\/tr\/wp-json\/wp\/v2\/pages"}],"about":[{"href":"https:\/\/idrettsraadet.no\/tr\/wp-json\/wp\/v2\/types\/page"}],"author":[{"embeddable":true,"href":"https:\/\/idrettsraadet.no\/tr\/wp-json\/wp\/v2\/users\/1"}],"replies":[{"embeddable":true,"href":"https:\/\/idrettsraadet.no\/tr\/wp-json\/wp\/v2\/comments?post=12109"}],"version-history":[{"count":2,"href":"https:\/\/idrettsraadet.no\/tr\/wp-json\/wp\/v2\/pages\/12109\/revisions"}],"predecessor-version":[{"id":18985,"href":"https:\/\/idrettsraadet.no\/tr\/wp-json\/wp\/v2\/pages\/12109\/revisions\/18985"}],"wp:attachment":[{"href":"https:\/\/idrettsraadet.no\/tr\/wp-json\/wp\/v2\/media?parent=12109"}],"curies":[{"name":"wp","href":"https:\/\/api.w.org\/{rel}","templated":true}]}}