{"id":12111,"date":"2020-02-24T09:34:30","date_gmt":"2020-02-24T08:34:30","guid":{"rendered":"https:\/\/idrettsraadet.no\/kulup-girisim-odulu-ildsjelprisen\/"},"modified":"2020-02-24T09:34:30","modified_gmt":"2020-02-24T08:34:30","slug":"kulup-girisim-odulu-ildsjelprisen","status":"publish","type":"page","link":"https:\/\/idrettsraadet.no\/tr\/kulup-girisim-odulu-ildsjelprisen\/","title":{"rendered":"Kul\u00fcp Giri\u015fim \u00f6d\u00fcl\u00fc (Ildsjelprisen)"},"content":{"rendered":"<h4>Bu \u00f6d\u00fclle, y\u0131llarca spor i\u00e7in b\u00fcy\u00fck \u00e7aba g\u00f6steren ki\u015fileri onurland\u0131rmak istiyoruz.<\/h4>\n<p>Kul\u00fcp Giri\u015fim \u00f6d\u00fcl\u00fc i\u00e7in a\u015fa\u011f\u0131daki y\u00f6nergeler ge\u00e7erlidir:<\/p>\n<p>\u2013 \u00d6d\u00fcl, Stavanger\u2019da spor i\u00e7in uzun y\u0131llar boyunca g\u00f6n\u00fcll\u00fc olarak b\u00fcy\u00fck \u00e7aba g\u00f6steren bir ki\u015fiye verilir<\/p>\n<p>\u2013 Ki\u015finin bir spor kul\u00fcb\u00fcnde veya spor alan\u0131nda ba\u015fka bir \u00fccretli i\u015fte \u00e7al\u0131\u015fmas\u0131 \u015fart de\u011fildir<\/p>\n<p>\u2013 Aday, birka\u00e7 y\u0131l boyunca spor kul\u00fcb\u00fc i\u00e7in \u00f6zel bir \u00e7aba sarf etmi\u015f veya spor konusunda b\u00fcy\u00fck bir heves sergilemi\u015f olabilir<\/p>\n<p>\u2013 \u00d6d\u00fcl, spor kul\u00fcplerinin aday g\u00f6stermesi do\u011frultusunda verilir<\/p>\n<p>\u2013 Adayl\u0131k, bu ki\u015finin neden Kul\u00fcp Giri\u015fim \u00d6d\u00fcl\u00fc\u2019n\u00fc hak etti\u011fine ili\u015fkin bir a\u00e7\u0131klama i\u00e7ermeli ve m\u00fcd\u00fcr veya genel m\u00fcd\u00fcr taraf\u0131ndan imzalanmal\u0131d\u0131r<\/p>\n<p>\u2013 \u00d6d\u00fcl, 25.000 kr.\u00a0 de\u011ferinde hediye \u00e7eki olup Belediye Ba\u015fkan\u0131 taraf\u0131ndan Ledaal&#8217;da Y\u0131lba\u015f\u0131 G\u00fcn\u00fc verilir<\/p>\n<p>\u2013 Aday g\u00f6sterilen ki\u015filer, j\u00fcri karar vermeden \u00f6nce belirtilir<\/p>\n<p>J\u00fcri be\u015f ki\u015fiden olu\u015fmal\u0131d\u0131r. K\u00fclt\u00fcr ve Spor Belediye Y\u00f6netim Kurulu (KKI) Ba\u015fkan\u0131, j\u00fcrinin ba\u015fkan\u0131d\u0131r. Buna ek olarak Spor Konseyi\u2019nden iki temsilcinin yan\u0131 s\u0131ra KKI\u2019dan iki temsilci daha yer almal\u0131d\u0131r.<\/p>\n<p>Ildsjelprisen\u2019in eski sahipleri:<\/p>\n<p><a href=\"https:\/\/response.questback.com\/isa\/qbv.dll\/ShowQuest?QuestID=5254282&amp;sid=kb7f6GHpeC\">ADAY G\u00d6STERMEK \u0130\u00c7\u0130N BURAYA TIKLAYIN<\/a><\/p>\n<p>Son ba\u015fvuru tarihi:<br \/>\n30 Kas\u0131m<\/p>\n<p><img fetchpriority=\"high\" decoding=\"async\" class=\"wp-image-12036 aligncenter\" src=\"https:\/\/idrettsraadet.no\/wp-content\/uploads\/2019\/01\/IMG_00901.jpg\" alt=\"\" width=\"646\" height=\"484\" srcset=\"https:\/\/idrettsraadet.no\/wp-content\/uploads\/2019\/01\/IMG_00901.jpg 1024w, https:\/\/idrettsraadet.no\/wp-content\/uploads\/2019\/01\/IMG_00901-300x225.jpg 300w, https:\/\/idrettsraadet.no\/wp-content\/uploads\/2019\/01\/IMG_00901-768x576.jpg 768w\" sizes=\"(max-width: 646px) 100vw, 646px\" \/><\/p>\n<figure id=\"attachment_12037\" aria-describedby=\"caption-attachment-12037\" style=\"width: 580px\" class=\"wp-caption aligncenter\"><img decoding=\"async\" class=\"size-full wp-image-2594\" src=\"http:\/\/localhost\/idrettsraadet\/wp-content\/uploads\/2016\/06\/Kjell-Sivertsen-og-ordf\u00f8rer_Foto-Svein-Hagen.jpg\" alt=\"\" width=\"580\" height=\"378\" \/><figcaption id=\"caption-attachment-12037\" class=\"wp-caption-text\">Thor Dagfinn Flikkerud mottar Ildsjelprisen av ordf\u00f8rer Christine Sagen Helg\u00f8 p\u00e5 Ledaal 1.nytt\u00e5rsdag. Foto: J\u00f8rn Nielsen, Idrettsr\u00e5det Stavanger<\/figcaption><\/figure>\n<p><strong>Ildsjelprisen:<\/strong><\/p>\n<p>2010: Arthur Abrahamsen &#8211;\u00a0Stavanger Sv\u00f8mme Club<\/p>\n<p>2011: Annebeth Tvedten &#8211;\u00a0Stavanger Turnforening<\/p>\n<p>2012: Harald Kambo &#8211;\u00a0Stavanger Skytterlag<\/p>\n<p>2013:\u00a0Jan Inge Hegreberg &#8211; Stavanger Sykleklubb<\/p>\n<p>2014: Arne Johnsen &#8211; Viking H\u00e5ndballklubb<\/p>\n<p>2015: May Brit Harestad Osaland &#8211; Tasta Turn<\/p>\n<p>2016: Victor \u00d8vregaard &#8211; IL Skjalg<\/p>\n<p>2017: Kjell Sivertsen &#8211; Seiken Karateklubb<\/p>\n<p>2018: Rolf Inge Sotland &#8211; Stavanger Fallskjermklubb<\/p>\n<p>2019: Thor Dagfinn Flikkerud &#8211; Stavanger Sandnes Sk\u00f8yteklubb<\/p>\n","protected":false},"excerpt":{"rendered":"<p>Bu \u00f6d\u00fclle, y\u0131llarca spor i\u00e7in b\u00fcy\u00fck \u00e7aba g\u00f6steren ki\u015fileri onurland\u0131rmak istiyoruz. Kul\u00fcp Giri\u015fim \u00f6d\u00fcl\u00fc i\u00e7in a\u015fa\u011f\u0131daki y\u00f6nergeler ge\u00e7erlidir: \u2013 \u00d6d\u00fcl, Stavanger\u2019da spor i\u00e7in uzun y\u0131llar boyunca g\u00f6n\u00fcll\u00fc olarak b\u00fcy\u00fck \u00e7aba g\u00f6steren bir ki\u015fiye verilir \u2013 Ki\u015finin bir spor kul\u00fcb\u00fcnde veya spor alan\u0131nda ba\u015fka bir \u00fccretli i\u015fte \u00e7al\u0131\u015fmas\u0131 \u015fart de\u011fildir \u2013 Aday, birka\u00e7 y\u0131l boyunca spor [&hellip;]<\/p>\n","protected":false},"author":1,"featured_media":0,"parent":0,"menu_order":0,"comment_status":"closed","ping_status":"closed","template":"","meta":{"site-sidebar-layout":"default","site-content-layout":"default","ast-site-content-layout":"default","site-content-style":"default","site-sidebar-style":"default","ast-global-header-display":"","ast-banner-title-visibility":"","ast-main-header-display":"","ast-hfb-above-header-display":"","ast-hfb-below-header-display":"","ast-hfb-mobile-header-display":"","site-post-title":"","ast-breadcrumbs-content":"","ast-featured-img":"","footer-sml-layout":"","ast-disable-related-posts":"","theme-transparent-header-meta":"default","adv-header-id-meta":"","stick-header-meta":"default","header-above-stick-meta":"","header-main-stick-meta":"","header-below-stick-meta":"","astra-migrate-meta-layouts":"default","ast-page-background-enabled":"default","ast-page-background-meta":{"desktop":{"background-color":"","background-image":"","background-repeat":"repeat","background-position":"center center","background-size":"auto","background-attachment":"scroll","background-type":"","background-media":"","overlay-type":"","overlay-color":"","overlay-opacity":"","overlay-gradient":""},"tablet":{"background-color":"","background-image":"","background-repeat":"repeat","background-position":"center center","background-size":"auto","background-attachment":"scroll","background-type":"","background-media":"","overlay-type":"","overlay-color":"","overlay-opacity":"","overlay-gradient":""},"mobile":{"background-color":"","background-image":"","background-repeat":"repeat","background-position":"center center","background-size":"auto","background-attachment":"scroll","background-type":"","background-media":"","overlay-type":"","overlay-color":"","overlay-opacity":"","overlay-gradient":""}},"ast-content-background-meta":{"desktop":{"background-color":"var(--ast-global-color-5)","background-image":"","background-repeat":"repeat","background-position":"center center","background-size":"auto","background-attachment":"scroll","background-type":"","background-media":"","overlay-type":"","overlay-color":"","overlay-opacity":"","overlay-gradient":""},"tablet":{"background-color":"var(--ast-global-color-5)","background-image":"","background-repeat":"repeat","background-position":"center center","background-size":"auto","background-attachment":"scroll","background-type":"","background-media":"","overlay-type":"","overlay-color":"","overlay-opacity":"","overlay-gradient":""},"mobile":{"background-color":"var(--ast-global-color-5)","background-image":"","background-repeat":"repeat","background-position":"center center","background-size":"auto","background-attachment":"scroll","background-type":"","background-media":"","overlay-type":"","overlay-color":"","overlay-opacity":"","overlay-gradient":""}},"footnotes":""},"class_list":["post-12111","page","type-page","status-publish","hentry"],"yoast_head":"<!-- This site is optimized with the Yoast SEO plugin v27.4 - https:\/\/yoast.com\/product\/yoast-seo-wordpress\/ -->\n<title>Kul\u00fcp Giri\u015fim \u00f6d\u00fcl\u00fc (Ildsjelprisen) - Idrettsr\u00e5det Stavanger<\/title>\n<meta name=\"robots\" content=\"index, follow, max-snippet:-1, max-image-preview:large, max-video-preview:-1\" \/>\n<link rel=\"canonical\" href=\"https:\/\/idrettsraadet.no\/tr\/kulup-girisim-odulu-ildsjelprisen\/\" \/>\n<meta property=\"og:locale\" content=\"tr_TR\" \/>\n<meta property=\"og:type\" content=\"article\" \/>\n<meta property=\"og:title\" content=\"Kul\u00fcp Giri\u015fim \u00f6d\u00fcl\u00fc (Ildsjelprisen) - Idrettsr\u00e5det Stavanger\" \/>\n<meta property=\"og:description\" content=\"Bu \u00f6d\u00fclle, y\u0131llarca spor i\u00e7in b\u00fcy\u00fck \u00e7aba g\u00f6steren ki\u015fileri onurland\u0131rmak istiyoruz. Kul\u00fcp Giri\u015fim \u00f6d\u00fcl\u00fc i\u00e7in a\u015fa\u011f\u0131daki y\u00f6nergeler ge\u00e7erlidir: \u2013 \u00d6d\u00fcl, Stavanger\u2019da spor i\u00e7in uzun y\u0131llar boyunca g\u00f6n\u00fcll\u00fc olarak b\u00fcy\u00fck \u00e7aba g\u00f6steren bir ki\u015fiye verilir \u2013 Ki\u015finin bir spor kul\u00fcb\u00fcnde veya spor alan\u0131nda ba\u015fka bir \u00fccretli i\u015fte \u00e7al\u0131\u015fmas\u0131 \u015fart de\u011fildir \u2013 Aday, birka\u00e7 y\u0131l boyunca spor [&hellip;]\" \/>\n<meta property=\"og:url\" content=\"https:\/\/idrettsraadet.no\/tr\/kulup-girisim-odulu-ildsjelprisen\/\" \/>\n<meta property=\"og:site_name\" content=\"Idrettsr\u00e5det Stavanger\" \/>\n<meta property=\"og:image\" content=\"https:\/\/idrettsraadet.no\/wp-content\/uploads\/2019\/01\/IMG_00901.jpg\" \/>\n<meta name=\"twitter:card\" content=\"summary_large_image\" \/>\n<meta name=\"twitter:label1\" content=\"Tahmini okuma s\u00fcresi\" \/>\n\t<meta name=\"twitter:data1\" content=\"2 dakika\" \/>\n<script type=\"application\/ld+json\" class=\"yoast-schema-graph\">{\"@context\":\"https:\\\/\\\/schema.org\",\"@graph\":[{\"@type\":\"WebPage\",\"@id\":\"https:\\\/\\\/idrettsraadet.no\\\/tr\\\/kulup-girisim-odulu-ildsjelprisen\\\/\",\"url\":\"https:\\\/\\\/idrettsraadet.no\\\/tr\\\/kulup-girisim-odulu-ildsjelprisen\\\/\",\"name\":\"Kul\u00fcp Giri\u015fim \u00f6d\u00fcl\u00fc (Ildsjelprisen) - Idrettsr\u00e5det Stavanger\",\"isPartOf\":{\"@id\":\"https:\\\/\\\/idrettsraadet.no\\\/bn\\\/#website\"},\"primaryImageOfPage\":{\"@id\":\"https:\\\/\\\/idrettsraadet.no\\\/tr\\\/kulup-girisim-odulu-ildsjelprisen\\\/#primaryimage\"},\"image\":{\"@id\":\"https:\\\/\\\/idrettsraadet.no\\\/tr\\\/kulup-girisim-odulu-ildsjelprisen\\\/#primaryimage\"},\"thumbnailUrl\":\"https:\\\/\\\/idrettsraadet.no\\\/wp-content\\\/uploads\\\/2019\\\/01\\\/IMG_00901.jpg\",\"datePublished\":\"2020-02-24T08:34:30+00:00\",\"breadcrumb\":{\"@id\":\"https:\\\/\\\/idrettsraadet.no\\\/tr\\\/kulup-girisim-odulu-ildsjelprisen\\\/#breadcrumb\"},\"inLanguage\":\"tr\",\"potentialAction\":[{\"@type\":\"ReadAction\",\"target\":[\"https:\\\/\\\/idrettsraadet.no\\\/tr\\\/kulup-girisim-odulu-ildsjelprisen\\\/\"]}]},{\"@type\":\"ImageObject\",\"inLanguage\":\"tr\",\"@id\":\"https:\\\/\\\/idrettsraadet.no\\\/tr\\\/kulup-girisim-odulu-ildsjelprisen\\\/#primaryimage\",\"url\":\"https:\\\/\\\/idrettsraadet.no\\\/wp-content\\\/uploads\\\/2019\\\/01\\\/IMG_00901.jpg\",\"contentUrl\":\"https:\\\/\\\/idrettsraadet.no\\\/wp-content\\\/uploads\\\/2019\\\/01\\\/IMG_00901.jpg\"},{\"@type\":\"BreadcrumbList\",\"@id\":\"https:\\\/\\\/idrettsraadet.no\\\/tr\\\/kulup-girisim-odulu-ildsjelprisen\\\/#breadcrumb\",\"itemListElement\":[{\"@type\":\"ListItem\",\"position\":1,\"name\":\"Hjem\",\"item\":\"https:\\\/\\\/idrettsraadet.no\\\/tr\\\/\"},{\"@type\":\"ListItem\",\"position\":2,\"name\":\"Kul\u00fcp Giri\u015fim \u00f6d\u00fcl\u00fc (Ildsjelprisen)\"}]},{\"@type\":\"WebSite\",\"@id\":\"https:\\\/\\\/idrettsraadet.no\\\/bn\\\/#website\",\"url\":\"https:\\\/\\\/idrettsraadet.no\\\/bn\\\/\",\"name\":\"Idrettsr\u00e5det Stavanger\",\"description\":\"Idrett for alle.\",\"publisher\":{\"@id\":\"https:\\\/\\\/idrettsraadet.no\\\/bn\\\/#organization\"},\"potentialAction\":[{\"@type\":\"SearchAction\",\"target\":{\"@type\":\"EntryPoint\",\"urlTemplate\":\"https:\\\/\\\/idrettsraadet.no\\\/bn\\\/?s={search_term_string}\"},\"query-input\":{\"@type\":\"PropertyValueSpecification\",\"valueRequired\":true,\"valueName\":\"search_term_string\"}}],\"inLanguage\":\"tr\"},{\"@type\":\"Organization\",\"@id\":\"https:\\\/\\\/idrettsraadet.no\\\/bn\\\/#organization\",\"name\":\"Stavanger Idrettsr\u00e5d\",\"url\":\"https:\\\/\\\/idrettsraadet.no\\\/bn\\\/\",\"logo\":{\"@type\":\"ImageObject\",\"inLanguage\":\"tr\",\"@id\":\"https:\\\/\\\/idrettsraadet.no\\\/bn\\\/#\\\/schema\\\/logo\\\/image\\\/\",\"url\":\"https:\\\/\\\/idrettsraadet.no\\\/wp-content\\\/uploads\\\/2016\\\/06\\\/logo.png\",\"contentUrl\":\"https:\\\/\\\/idrettsraadet.no\\\/wp-content\\\/uploads\\\/2016\\\/06\\\/logo.png\",\"width\":149,\"height\":48,\"caption\":\"Stavanger Idrettsr\u00e5d\"},\"image\":{\"@id\":\"https:\\\/\\\/idrettsraadet.no\\\/bn\\\/#\\\/schema\\\/logo\\\/image\\\/\"}}]}<\/script>\n<!-- \/ Yoast SEO plugin. -->","yoast_head_json":{"title":"Kul\u00fcp Giri\u015fim \u00f6d\u00fcl\u00fc (Ildsjelprisen) - Idrettsr\u00e5det Stavanger","robots":{"index":"index","follow":"follow","max-snippet":"max-snippet:-1","max-image-preview":"max-image-preview:large","max-video-preview":"max-video-preview:-1"},"canonical":"https:\/\/idrettsraadet.no\/tr\/kulup-girisim-odulu-ildsjelprisen\/","og_locale":"tr_TR","og_type":"article","og_title":"Kul\u00fcp Giri\u015fim \u00f6d\u00fcl\u00fc (Ildsjelprisen) - Idrettsr\u00e5det Stavanger","og_description":"Bu \u00f6d\u00fclle, y\u0131llarca spor i\u00e7in b\u00fcy\u00fck \u00e7aba g\u00f6steren ki\u015fileri onurland\u0131rmak istiyoruz. Kul\u00fcp Giri\u015fim \u00f6d\u00fcl\u00fc i\u00e7in a\u015fa\u011f\u0131daki y\u00f6nergeler ge\u00e7erlidir: \u2013 \u00d6d\u00fcl, Stavanger\u2019da spor i\u00e7in uzun y\u0131llar boyunca g\u00f6n\u00fcll\u00fc olarak b\u00fcy\u00fck \u00e7aba g\u00f6steren bir ki\u015fiye verilir \u2013 Ki\u015finin bir spor kul\u00fcb\u00fcnde veya spor alan\u0131nda ba\u015fka bir \u00fccretli i\u015fte \u00e7al\u0131\u015fmas\u0131 \u015fart de\u011fildir \u2013 Aday, birka\u00e7 y\u0131l boyunca spor [&hellip;]","og_url":"https:\/\/idrettsraadet.no\/tr\/kulup-girisim-odulu-ildsjelprisen\/","og_site_name":"Idrettsr\u00e5det Stavanger","og_image":[{"url":"https:\/\/idrettsraadet.no\/wp-content\/uploads\/2019\/01\/IMG_00901.jpg","type":"","width":"","height":""}],"twitter_card":"summary_large_image","twitter_misc":{"Tahmini okuma s\u00fcresi":"2 dakika"},"schema":{"@context":"https:\/\/schema.org","@graph":[{"@type":"WebPage","@id":"https:\/\/idrettsraadet.no\/tr\/kulup-girisim-odulu-ildsjelprisen\/","url":"https:\/\/idrettsraadet.no\/tr\/kulup-girisim-odulu-ildsjelprisen\/","name":"Kul\u00fcp Giri\u015fim \u00f6d\u00fcl\u00fc (Ildsjelprisen) - Idrettsr\u00e5det Stavanger","isPartOf":{"@id":"https:\/\/idrettsraadet.no\/bn\/#website"},"primaryImageOfPage":{"@id":"https:\/\/idrettsraadet.no\/tr\/kulup-girisim-odulu-ildsjelprisen\/#primaryimage"},"image":{"@id":"https:\/\/idrettsraadet.no\/tr\/kulup-girisim-odulu-ildsjelprisen\/#primaryimage"},"thumbnailUrl":"https:\/\/idrettsraadet.no\/wp-content\/uploads\/2019\/01\/IMG_00901.jpg","datePublished":"2020-02-24T08:34:30+00:00","breadcrumb":{"@id":"https:\/\/idrettsraadet.no\/tr\/kulup-girisim-odulu-ildsjelprisen\/#breadcrumb"},"inLanguage":"tr","potentialAction":[{"@type":"ReadAction","target":["https:\/\/idrettsraadet.no\/tr\/kulup-girisim-odulu-ildsjelprisen\/"]}]},{"@type":"ImageObject","inLanguage":"tr","@id":"https:\/\/idrettsraadet.no\/tr\/kulup-girisim-odulu-ildsjelprisen\/#primaryimage","url":"https:\/\/idrettsraadet.no\/wp-content\/uploads\/2019\/01\/IMG_00901.jpg","contentUrl":"https:\/\/idrettsraadet.no\/wp-content\/uploads\/2019\/01\/IMG_00901.jpg"},{"@type":"BreadcrumbList","@id":"https:\/\/idrettsraadet.no\/tr\/kulup-girisim-odulu-ildsjelprisen\/#breadcrumb","itemListElement":[{"@type":"ListItem","position":1,"name":"Hjem","item":"https:\/\/idrettsraadet.no\/tr\/"},{"@type":"ListItem","position":2,"name":"Kul\u00fcp Giri\u015fim \u00f6d\u00fcl\u00fc (Ildsjelprisen)"}]},{"@type":"WebSite","@id":"https:\/\/idrettsraadet.no\/bn\/#website","url":"https:\/\/idrettsraadet.no\/bn\/","name":"Idrettsr\u00e5det Stavanger","description":"Idrett for alle.","publisher":{"@id":"https:\/\/idrettsraadet.no\/bn\/#organization"},"potentialAction":[{"@type":"SearchAction","target":{"@type":"EntryPoint","urlTemplate":"https:\/\/idrettsraadet.no\/bn\/?s={search_term_string}"},"query-input":{"@type":"PropertyValueSpecification","valueRequired":true,"valueName":"search_term_string"}}],"inLanguage":"tr"},{"@type":"Organization","@id":"https:\/\/idrettsraadet.no\/bn\/#organization","name":"Stavanger Idrettsr\u00e5d","url":"https:\/\/idrettsraadet.no\/bn\/","logo":{"@type":"ImageObject","inLanguage":"tr","@id":"https:\/\/idrettsraadet.no\/bn\/#\/schema\/logo\/image\/","url":"https:\/\/idrettsraadet.no\/wp-content\/uploads\/2016\/06\/logo.png","contentUrl":"https:\/\/idrettsraadet.no\/wp-content\/uploads\/2016\/06\/logo.png","width":149,"height":48,"caption":"Stavanger Idrettsr\u00e5d"},"image":{"@id":"https:\/\/idrettsraadet.no\/bn\/#\/schema\/logo\/image\/"}}]}},"_links":{"self":[{"href":"https:\/\/idrettsraadet.no\/tr\/wp-json\/wp\/v2\/pages\/12111","targetHints":{"allow":["GET"]}}],"collection":[{"href":"https:\/\/idrettsraadet.no\/tr\/wp-json\/wp\/v2\/pages"}],"about":[{"href":"https:\/\/idrettsraadet.no\/tr\/wp-json\/wp\/v2\/types\/page"}],"author":[{"embeddable":true,"href":"https:\/\/idrettsraadet.no\/tr\/wp-json\/wp\/v2\/users\/1"}],"replies":[{"embeddable":true,"href":"https:\/\/idrettsraadet.no\/tr\/wp-json\/wp\/v2\/comments?post=12111"}],"version-history":[{"count":0,"href":"https:\/\/idrettsraadet.no\/tr\/wp-json\/wp\/v2\/pages\/12111\/revisions"}],"wp:attachment":[{"href":"https:\/\/idrettsraadet.no\/tr\/wp-json\/wp\/v2\/media?parent=12111"}],"curies":[{"name":"wp","href":"https:\/\/api.w.org\/{rel}","templated":true}]}}