{"id":12112,"date":"2020-02-24T09:46:06","date_gmt":"2020-02-24T08:46:06","guid":{"rendered":"https:\/\/idrettsraadet.no\/belediye-spor-hibesi\/"},"modified":"2020-02-24T09:46:08","modified_gmt":"2020-02-24T08:46:08","slug":"belediye-spor-hibesi","status":"publish","type":"page","link":"https:\/\/idrettsraadet.no\/tr\/belediye-spor-hibesi\/","title":{"rendered":"Belediye spor hibesi"},"content":{"rendered":"\n<figure class=\"wp-block-image size-large is-resized\"><img fetchpriority=\"high\" decoding=\"async\" src=\"https:\/\/idrettsraadet.no\/wp-content\/uploads\/2019\/11\/70112463_1072761356427434_2733996492086837248_n-1024x768.jpg\" alt=\"\" class=\"wp-image-12040\" width=\"459\" height=\"344\" srcset=\"https:\/\/idrettsraadet.no\/wp-content\/uploads\/2019\/11\/70112463_1072761356427434_2733996492086837248_n-1024x768.jpg 1024w, https:\/\/idrettsraadet.no\/wp-content\/uploads\/2019\/11\/70112463_1072761356427434_2733996492086837248_n-300x225.jpg 300w, https:\/\/idrettsraadet.no\/wp-content\/uploads\/2019\/11\/70112463_1072761356427434_2733996492086837248_n-768x576.jpg 768w, https:\/\/idrettsraadet.no\/wp-content\/uploads\/2019\/11\/70112463_1072761356427434_2733996492086837248_n-1536x1152.jpg 1536w, https:\/\/idrettsraadet.no\/wp-content\/uploads\/2019\/11\/70112463_1072761356427434_2733996492086837248_n.jpg 2016w\" sizes=\"(max-width: 459px) 100vw, 459px\" \/><\/figure><h3>Belediye spor hibesi atletler, antren\u00f6rler, liderler ve hakemlere y\u00f6nelik bir hibedir.<\/h3>\n<p>&nbsp;<\/p>\n<h4>Son ba\u015fvuru tarihi 5 Nisan\u2019d\u0131r.<\/h4>\n<p>Her hibe 10.000 kr.\u00a0 de\u011ferindedir<\/p>\n<h4>Atletler i\u00e7in belediye spor hibesi:<\/h4>\n<ol>\n<li>Hibeler yaln\u0131zca Stavanger\u2019daki spor kul\u00fcplerinin \u00fcyelerine verilebilir<\/li>\n<li>Hibeler, son takvim y\u0131l\u0131 i\u00e7erisinde \u00fcst d\u00fczey ulusal ve\/veya uluslararas\u0131 sonu\u00e7lar elde etmi\u015f atletlere verilecektir.<\/li>\n<li>Atletler, ba\u015fvuru s\u0131ras\u0131nda belirttikleri ba\u015far\u0131lar\u0131n\u0131 ger\u00e7ekle\u015ftirdikleri tarihte en az 13 ya\u015f\u0131nda olmal\u0131d\u0131r.<\/li>\n<li>Hibelerin \u00f6denmesi i\u00e7in harcaman\u0131n \u00f6denmesine ili\u015fkin bir belge gerekmemektedir.<\/li>\n<li>Hibe tutar\u0131 10.000 kr. \u2019dur<\/li>\n<\/ol>\n<h4>Ba\u015fvuru formu<\/h4>\n<p><a href=\"https:\/\/response.questback.com\/isa\/qbv.dll\/ShowQuest?QuestID=5254457&amp;sid=QhLFwCtwRE\">Antren\u00f6r\/liderler\/hakemler<\/a><\/p>\n<p><a href=\"https:\/\/response.questback.com\/isa\/qbv.dll\/ShowQuest?QuestID=5254428&amp;sid=GvGCwbHeaI\">Atletler<\/a><\/p>\n<h4>Antren\u00f6rler\/liderler\/hakemler i\u00e7in belediye spor hibesi<\/h4>\n<p>Antren\u00f6rler\/liderler\/hakemler i\u00e7in belediye spor hibesi:\u00a0Hibeler yaln\u0131zca Stavanger\u2019daki spor kul\u00fcplerinin \u00fcyelerine verilebilir<\/p>\n<p>Hibeler, ilave e\u011fitim ve yetkinlik geli\u015ftirme durumunda toplam \u00f6demenin ger\u00e7ekle\u015ftirilmesi i\u00e7in kullan\u0131lacak olup s\u00f6z konusu e\u011fitim, hibe ba\u015fvurusunun yap\u0131ld\u0131\u011f\u0131 y\u0131l ger\u00e7ekle\u015ftirilmelidir.<\/p>\n<p>Hibe, antren\u00f6rler\/liderler\/hakemler i\u00e7in ayr\u0131 e\u011fitimler\/toplant\u0131lar gibi belgelenmi\u015f bir e\u015f zamanl\u0131 beceri geli\u015ftirme giri\u015fimini kapsamad\u0131\u011f\u0131 s\u00fcrece antrenman kamplar\u0131 veya ki\u015finin kendi kul\u00fcplerinin \u015fampiyonalara kat\u0131l\u0131m\u0131 i\u00e7in kullan\u0131lamaz.<\/p>\n<p>Hibe almak i\u00e7in ba\u015fvuruda belirtilen giri\u015fimlerin belgeleri eklenmi\u015f olmal\u0131d\u0131r<\/p>\n<p>Hibe tutar\u0131 10.000 kr. \u2019dur<\/p>\n<p>Her iki te\u015fvik ile ilgili bilgiler:<br \/>\nGe\u00e7mi\u015fte hibe almam\u0131\u015f olan hibe ba\u015fvuru sahipleri, \u00f6nceki hibe al\u0131c\u0131lar\u0131na g\u00f6re \u00f6ncelikli olacakt\u0131r, ancak daha \u00f6nce hibe alanlar da ba\u015fvurabilir.<\/p>\n<p>Kul\u00fcp harcamalar\u0131n\u0131n kar\u015f\u0131lanmas\u0131na ili\u015fkin olmay\u0131p do\u011frudan antren\u00f6r\/lider\/hakem\/atlete \u00f6denecek olan \u00f6zel hibeler mevcuttur.<\/p>\n<p>Spor hibelerinin toplam tutar\u0131n\u0131n y\u00fczde onu (her iki programda da) engelli sporlar\u0131na tahsis edilecektir.<\/p>\n<p>2019 Spor Te\u015fvikleri<\/p>\n<table>\n<tbody>\n<tr>\n<td width=\"196\"><strong>\u0130sim<\/strong><\/td>\n<td width=\"213\"><strong>Spor kul\u00fcpleri<\/strong><\/td>\n<\/tr>\n<tr>\n<td width=\"196\">Rasumus Kruse Rasmussen<\/td>\n<td width=\"213\">Stavanger Roklub<\/td>\n<\/tr>\n<tr>\n<td width=\"196\">Sara Busic<\/td>\n<td width=\"213\">IL Skjalg<\/td>\n<\/tr>\n<tr>\n<td width=\"196\">Olai Hagland<\/td>\n<td width=\"213\">Stavanger Seilforening<\/td>\n<\/tr>\n<tr>\n<td width=\"196\">Hannah Fossan<\/td>\n<td width=\"213\">Stavanger Rideklubb<\/td>\n<\/tr>\n<tr>\n<td width=\"196\">Jiawen Shi<\/td>\n<td width=\"213\">Brodd Badmintonklubb<\/td>\n<\/tr>\n<tr>\n<td width=\"196\">Vilde Marie Nystr\u00f8m<\/td>\n<td width=\"213\">Stavanger Golfklubb<\/td>\n<\/tr>\n<tr>\n<td width=\"196\">Simon Slettevold<\/td>\n<td width=\"213\">Stavanger Sv\u00f8mmeklubb<\/td>\n<\/tr>\n<tr>\n<td width=\"196\">Nora Tveit<\/td>\n<td width=\"213\">Stavanger Sykleklubb<\/td>\n<\/tr>\n<tr>\n<td width=\"196\">Elias Nilsen<\/td>\n<td width=\"213\">Stavanger Skateklubb<\/td>\n<\/tr>\n<tr>\n<td width=\"196\">Amalie S\u00f8iland<\/td>\n<td width=\"213\">Stavanger Innebandyklubb<\/td>\n<\/tr>\n<\/tbody>\n<\/table>\n\n<p><\/p>\n","protected":false},"excerpt":{"rendered":"<p>Belediye spor hibesi atletler, antren\u00f6rler, liderler ve hakemlere y\u00f6nelik bir hibedir. &nbsp; Son ba\u015fvuru tarihi 5 Nisan\u2019d\u0131r. Her hibe 10.000 kr.\u00a0 de\u011ferindedir Atletler i\u00e7in belediye spor hibesi: Hibeler yaln\u0131zca Stavanger\u2019daki spor kul\u00fcplerinin \u00fcyelerine verilebilir Hibeler, son takvim y\u0131l\u0131 i\u00e7erisinde \u00fcst d\u00fczey ulusal ve\/veya uluslararas\u0131 sonu\u00e7lar elde etmi\u015f atletlere verilecektir. Atletler, ba\u015fvuru s\u0131ras\u0131nda belirttikleri ba\u015far\u0131lar\u0131n\u0131 ger\u00e7ekle\u015ftirdikleri [&hellip;]<\/p>\n","protected":false},"author":1,"featured_media":0,"parent":0,"menu_order":0,"comment_status":"closed","ping_status":"closed","template":"","meta":{"site-sidebar-layout":"default","site-content-layout":"default","ast-site-content-layout":"default","site-content-style":"default","site-sidebar-style":"default","ast-global-header-display":"","ast-banner-title-visibility":"","ast-main-header-display":"","ast-hfb-above-header-display":"","ast-hfb-below-header-display":"","ast-hfb-mobile-header-display":"","site-post-title":"","ast-breadcrumbs-content":"","ast-featured-img":"","footer-sml-layout":"","ast-disable-related-posts":"","theme-transparent-header-meta":"default","adv-header-id-meta":"","stick-header-meta":"default","header-above-stick-meta":"","header-main-stick-meta":"","header-below-stick-meta":"","astra-migrate-meta-layouts":"default","ast-page-background-enabled":"default","ast-page-background-meta":{"desktop":{"background-color":"","background-image":"","background-repeat":"repeat","background-position":"center center","background-size":"auto","background-attachment":"scroll","background-type":"","background-media":"","overlay-type":"","overlay-color":"","overlay-opacity":"","overlay-gradient":""},"tablet":{"background-color":"","background-image":"","background-repeat":"repeat","background-position":"center center","background-size":"auto","background-attachment":"scroll","background-type":"","background-media":"","overlay-type":"","overlay-color":"","overlay-opacity":"","overlay-gradient":""},"mobile":{"background-color":"","background-image":"","background-repeat":"repeat","background-position":"center center","background-size":"auto","background-attachment":"scroll","background-type":"","background-media":"","overlay-type":"","overlay-color":"","overlay-opacity":"","overlay-gradient":""}},"ast-content-background-meta":{"desktop":{"background-color":"var(--ast-global-color-5)","background-image":"","background-repeat":"repeat","background-position":"center center","background-size":"auto","background-attachment":"scroll","background-type":"","background-media":"","overlay-type":"","overlay-color":"","overlay-opacity":"","overlay-gradient":""},"tablet":{"background-color":"var(--ast-global-color-5)","background-image":"","background-repeat":"repeat","background-position":"center center","background-size":"auto","background-attachment":"scroll","background-type":"","background-media":"","overlay-type":"","overlay-color":"","overlay-opacity":"","overlay-gradient":""},"mobile":{"background-color":"var(--ast-global-color-5)","background-image":"","background-repeat":"repeat","background-position":"center center","background-size":"auto","background-attachment":"scroll","background-type":"","background-media":"","overlay-type":"","overlay-color":"","overlay-opacity":"","overlay-gradient":""}},"footnotes":""},"class_list":["post-12112","page","type-page","status-publish","hentry"],"yoast_head":"<!-- This site is optimized with the Yoast SEO plugin v27.4 - https:\/\/yoast.com\/product\/yoast-seo-wordpress\/ -->\n<title>Belediye spor hibesi - Idrettsr\u00e5det Stavanger<\/title>\n<meta name=\"robots\" content=\"index, follow, max-snippet:-1, max-image-preview:large, max-video-preview:-1\" \/>\n<link rel=\"canonical\" href=\"https:\/\/idrettsraadet.no\/tr\/belediye-spor-hibesi\/\" \/>\n<meta property=\"og:locale\" content=\"tr_TR\" \/>\n<meta property=\"og:type\" content=\"article\" \/>\n<meta property=\"og:title\" content=\"Belediye spor hibesi - Idrettsr\u00e5det Stavanger\" \/>\n<meta property=\"og:description\" content=\"Belediye spor hibesi atletler, antren\u00f6rler, liderler ve hakemlere y\u00f6nelik bir hibedir. &nbsp; Son ba\u015fvuru tarihi 5 Nisan\u2019d\u0131r. Her hibe 10.000 kr.\u00a0 de\u011ferindedir Atletler i\u00e7in belediye spor hibesi: Hibeler yaln\u0131zca Stavanger\u2019daki spor kul\u00fcplerinin \u00fcyelerine verilebilir Hibeler, son takvim y\u0131l\u0131 i\u00e7erisinde \u00fcst d\u00fczey ulusal ve\/veya uluslararas\u0131 sonu\u00e7lar elde etmi\u015f atletlere verilecektir. Atletler, ba\u015fvuru s\u0131ras\u0131nda belirttikleri ba\u015far\u0131lar\u0131n\u0131 ger\u00e7ekle\u015ftirdikleri [&hellip;]\" \/>\n<meta property=\"og:url\" content=\"https:\/\/idrettsraadet.no\/tr\/belediye-spor-hibesi\/\" \/>\n<meta property=\"og:site_name\" content=\"Idrettsr\u00e5det Stavanger\" \/>\n<meta property=\"article:modified_time\" content=\"2020-02-24T08:46:08+00:00\" \/>\n<meta property=\"og:image\" content=\"https:\/\/idrettsraadet.no\/wp-content\/uploads\/2019\/11\/70112463_1072761356427434_2733996492086837248_n-1024x768.jpg\" \/>\n<meta name=\"twitter:card\" content=\"summary_large_image\" \/>\n<meta name=\"twitter:label1\" content=\"Tahmini okuma s\u00fcresi\" \/>\n\t<meta name=\"twitter:data1\" content=\"2 dakika\" \/>\n<script type=\"application\/ld+json\" class=\"yoast-schema-graph\">{\"@context\":\"https:\\\/\\\/schema.org\",\"@graph\":[{\"@type\":\"WebPage\",\"@id\":\"https:\\\/\\\/idrettsraadet.no\\\/tr\\\/belediye-spor-hibesi\\\/\",\"url\":\"https:\\\/\\\/idrettsraadet.no\\\/tr\\\/belediye-spor-hibesi\\\/\",\"name\":\"Belediye spor hibesi - Idrettsr\u00e5det Stavanger\",\"isPartOf\":{\"@id\":\"https:\\\/\\\/idrettsraadet.no\\\/bn\\\/#website\"},\"primaryImageOfPage\":{\"@id\":\"https:\\\/\\\/idrettsraadet.no\\\/tr\\\/belediye-spor-hibesi\\\/#primaryimage\"},\"image\":{\"@id\":\"https:\\\/\\\/idrettsraadet.no\\\/tr\\\/belediye-spor-hibesi\\\/#primaryimage\"},\"thumbnailUrl\":\"https:\\\/\\\/idrettsraadet.no\\\/wp-content\\\/uploads\\\/2019\\\/11\\\/70112463_1072761356427434_2733996492086837248_n-1024x768.jpg\",\"datePublished\":\"2020-02-24T08:46:06+00:00\",\"dateModified\":\"2020-02-24T08:46:08+00:00\",\"breadcrumb\":{\"@id\":\"https:\\\/\\\/idrettsraadet.no\\\/tr\\\/belediye-spor-hibesi\\\/#breadcrumb\"},\"inLanguage\":\"tr\",\"potentialAction\":[{\"@type\":\"ReadAction\",\"target\":[\"https:\\\/\\\/idrettsraadet.no\\\/tr\\\/belediye-spor-hibesi\\\/\"]}]},{\"@type\":\"ImageObject\",\"inLanguage\":\"tr\",\"@id\":\"https:\\\/\\\/idrettsraadet.no\\\/tr\\\/belediye-spor-hibesi\\\/#primaryimage\",\"url\":\"https:\\\/\\\/idrettsraadet.no\\\/wp-content\\\/uploads\\\/2019\\\/11\\\/70112463_1072761356427434_2733996492086837248_n-1024x768.jpg\",\"contentUrl\":\"https:\\\/\\\/idrettsraadet.no\\\/wp-content\\\/uploads\\\/2019\\\/11\\\/70112463_1072761356427434_2733996492086837248_n-1024x768.jpg\"},{\"@type\":\"BreadcrumbList\",\"@id\":\"https:\\\/\\\/idrettsraadet.no\\\/tr\\\/belediye-spor-hibesi\\\/#breadcrumb\",\"itemListElement\":[{\"@type\":\"ListItem\",\"position\":1,\"name\":\"Hjem\",\"item\":\"https:\\\/\\\/idrettsraadet.no\\\/tr\\\/\"},{\"@type\":\"ListItem\",\"position\":2,\"name\":\"Belediye spor hibesi\"}]},{\"@type\":\"WebSite\",\"@id\":\"https:\\\/\\\/idrettsraadet.no\\\/bn\\\/#website\",\"url\":\"https:\\\/\\\/idrettsraadet.no\\\/bn\\\/\",\"name\":\"Idrettsr\u00e5det Stavanger\",\"description\":\"Idrett for alle.\",\"publisher\":{\"@id\":\"https:\\\/\\\/idrettsraadet.no\\\/bn\\\/#organization\"},\"potentialAction\":[{\"@type\":\"SearchAction\",\"target\":{\"@type\":\"EntryPoint\",\"urlTemplate\":\"https:\\\/\\\/idrettsraadet.no\\\/bn\\\/?s={search_term_string}\"},\"query-input\":{\"@type\":\"PropertyValueSpecification\",\"valueRequired\":true,\"valueName\":\"search_term_string\"}}],\"inLanguage\":\"tr\"},{\"@type\":\"Organization\",\"@id\":\"https:\\\/\\\/idrettsraadet.no\\\/bn\\\/#organization\",\"name\":\"Stavanger Idrettsr\u00e5d\",\"url\":\"https:\\\/\\\/idrettsraadet.no\\\/bn\\\/\",\"logo\":{\"@type\":\"ImageObject\",\"inLanguage\":\"tr\",\"@id\":\"https:\\\/\\\/idrettsraadet.no\\\/bn\\\/#\\\/schema\\\/logo\\\/image\\\/\",\"url\":\"https:\\\/\\\/idrettsraadet.no\\\/wp-content\\\/uploads\\\/2016\\\/06\\\/logo.png\",\"contentUrl\":\"https:\\\/\\\/idrettsraadet.no\\\/wp-content\\\/uploads\\\/2016\\\/06\\\/logo.png\",\"width\":149,\"height\":48,\"caption\":\"Stavanger Idrettsr\u00e5d\"},\"image\":{\"@id\":\"https:\\\/\\\/idrettsraadet.no\\\/bn\\\/#\\\/schema\\\/logo\\\/image\\\/\"}}]}<\/script>\n<!-- \/ Yoast SEO plugin. -->","yoast_head_json":{"title":"Belediye spor hibesi - Idrettsr\u00e5det Stavanger","robots":{"index":"index","follow":"follow","max-snippet":"max-snippet:-1","max-image-preview":"max-image-preview:large","max-video-preview":"max-video-preview:-1"},"canonical":"https:\/\/idrettsraadet.no\/tr\/belediye-spor-hibesi\/","og_locale":"tr_TR","og_type":"article","og_title":"Belediye spor hibesi - Idrettsr\u00e5det Stavanger","og_description":"Belediye spor hibesi atletler, antren\u00f6rler, liderler ve hakemlere y\u00f6nelik bir hibedir. &nbsp; Son ba\u015fvuru tarihi 5 Nisan\u2019d\u0131r. Her hibe 10.000 kr.\u00a0 de\u011ferindedir Atletler i\u00e7in belediye spor hibesi: Hibeler yaln\u0131zca Stavanger\u2019daki spor kul\u00fcplerinin \u00fcyelerine verilebilir Hibeler, son takvim y\u0131l\u0131 i\u00e7erisinde \u00fcst d\u00fczey ulusal ve\/veya uluslararas\u0131 sonu\u00e7lar elde etmi\u015f atletlere verilecektir. Atletler, ba\u015fvuru s\u0131ras\u0131nda belirttikleri ba\u015far\u0131lar\u0131n\u0131 ger\u00e7ekle\u015ftirdikleri [&hellip;]","og_url":"https:\/\/idrettsraadet.no\/tr\/belediye-spor-hibesi\/","og_site_name":"Idrettsr\u00e5det Stavanger","article_modified_time":"2020-02-24T08:46:08+00:00","og_image":[{"url":"https:\/\/idrettsraadet.no\/wp-content\/uploads\/2019\/11\/70112463_1072761356427434_2733996492086837248_n-1024x768.jpg","type":"","width":"","height":""}],"twitter_card":"summary_large_image","twitter_misc":{"Tahmini okuma s\u00fcresi":"2 dakika"},"schema":{"@context":"https:\/\/schema.org","@graph":[{"@type":"WebPage","@id":"https:\/\/idrettsraadet.no\/tr\/belediye-spor-hibesi\/","url":"https:\/\/idrettsraadet.no\/tr\/belediye-spor-hibesi\/","name":"Belediye spor hibesi - Idrettsr\u00e5det Stavanger","isPartOf":{"@id":"https:\/\/idrettsraadet.no\/bn\/#website"},"primaryImageOfPage":{"@id":"https:\/\/idrettsraadet.no\/tr\/belediye-spor-hibesi\/#primaryimage"},"image":{"@id":"https:\/\/idrettsraadet.no\/tr\/belediye-spor-hibesi\/#primaryimage"},"thumbnailUrl":"https:\/\/idrettsraadet.no\/wp-content\/uploads\/2019\/11\/70112463_1072761356427434_2733996492086837248_n-1024x768.jpg","datePublished":"2020-02-24T08:46:06+00:00","dateModified":"2020-02-24T08:46:08+00:00","breadcrumb":{"@id":"https:\/\/idrettsraadet.no\/tr\/belediye-spor-hibesi\/#breadcrumb"},"inLanguage":"tr","potentialAction":[{"@type":"ReadAction","target":["https:\/\/idrettsraadet.no\/tr\/belediye-spor-hibesi\/"]}]},{"@type":"ImageObject","inLanguage":"tr","@id":"https:\/\/idrettsraadet.no\/tr\/belediye-spor-hibesi\/#primaryimage","url":"https:\/\/idrettsraadet.no\/wp-content\/uploads\/2019\/11\/70112463_1072761356427434_2733996492086837248_n-1024x768.jpg","contentUrl":"https:\/\/idrettsraadet.no\/wp-content\/uploads\/2019\/11\/70112463_1072761356427434_2733996492086837248_n-1024x768.jpg"},{"@type":"BreadcrumbList","@id":"https:\/\/idrettsraadet.no\/tr\/belediye-spor-hibesi\/#breadcrumb","itemListElement":[{"@type":"ListItem","position":1,"name":"Hjem","item":"https:\/\/idrettsraadet.no\/tr\/"},{"@type":"ListItem","position":2,"name":"Belediye spor hibesi"}]},{"@type":"WebSite","@id":"https:\/\/idrettsraadet.no\/bn\/#website","url":"https:\/\/idrettsraadet.no\/bn\/","name":"Idrettsr\u00e5det Stavanger","description":"Idrett for alle.","publisher":{"@id":"https:\/\/idrettsraadet.no\/bn\/#organization"},"potentialAction":[{"@type":"SearchAction","target":{"@type":"EntryPoint","urlTemplate":"https:\/\/idrettsraadet.no\/bn\/?s={search_term_string}"},"query-input":{"@type":"PropertyValueSpecification","valueRequired":true,"valueName":"search_term_string"}}],"inLanguage":"tr"},{"@type":"Organization","@id":"https:\/\/idrettsraadet.no\/bn\/#organization","name":"Stavanger Idrettsr\u00e5d","url":"https:\/\/idrettsraadet.no\/bn\/","logo":{"@type":"ImageObject","inLanguage":"tr","@id":"https:\/\/idrettsraadet.no\/bn\/#\/schema\/logo\/image\/","url":"https:\/\/idrettsraadet.no\/wp-content\/uploads\/2016\/06\/logo.png","contentUrl":"https:\/\/idrettsraadet.no\/wp-content\/uploads\/2016\/06\/logo.png","width":149,"height":48,"caption":"Stavanger Idrettsr\u00e5d"},"image":{"@id":"https:\/\/idrettsraadet.no\/bn\/#\/schema\/logo\/image\/"}}]}},"_links":{"self":[{"href":"https:\/\/idrettsraadet.no\/tr\/wp-json\/wp\/v2\/pages\/12112","targetHints":{"allow":["GET"]}}],"collection":[{"href":"https:\/\/idrettsraadet.no\/tr\/wp-json\/wp\/v2\/pages"}],"about":[{"href":"https:\/\/idrettsraadet.no\/tr\/wp-json\/wp\/v2\/types\/page"}],"author":[{"embeddable":true,"href":"https:\/\/idrettsraadet.no\/tr\/wp-json\/wp\/v2\/users\/1"}],"replies":[{"embeddable":true,"href":"https:\/\/idrettsraadet.no\/tr\/wp-json\/wp\/v2\/comments?post=12112"}],"version-history":[{"count":1,"href":"https:\/\/idrettsraadet.no\/tr\/wp-json\/wp\/v2\/pages\/12112\/revisions"}],"predecessor-version":[{"id":12113,"href":"https:\/\/idrettsraadet.no\/tr\/wp-json\/wp\/v2\/pages\/12112\/revisions\/12113"}],"wp:attachment":[{"href":"https:\/\/idrettsraadet.no\/tr\/wp-json\/wp\/v2\/media?parent=12112"}],"curies":[{"name":"wp","href":"https:\/\/api.w.org\/{rel}","templated":true}]}}