{"id":12114,"date":"2020-02-24T09:48:02","date_gmt":"2020-02-24T08:48:02","guid":{"rendered":"https:\/\/idrettsraadet.no\/stavanger-belediyesi-hibeleri\/"},"modified":"2020-02-24T09:48:02","modified_gmt":"2020-02-24T08:48:02","slug":"stavanger-belediyesi-hibeleri","status":"publish","type":"page","link":"https:\/\/idrettsraadet.no\/tr\/stavanger-belediyesi-hibeleri\/","title":{"rendered":"Stavanger Belediyesi Hibeleri"},"content":{"rendered":"<h4>Stavanger Belediyesi spor departman\u0131n\u0131n birlikte \u00e7al\u0131\u015ft\u0131\u011f\u0131 \u00e7e\u015fitli te\u015fviklere ve ba\u015fvuru formlar\u0131na buradaki ba\u011flant\u0131dan ula\u015fabilirsiniz.<\/h4>\n<p>&nbsp;<\/p>\n<h4>Daha b\u00fcy\u00fck spor etkinlikleri:<\/h4>\n<p>&nbsp;<\/p>\n<p>Spor kul\u00fcpleri daha b\u00fcy\u00fck spor etkinlikleri i\u00e7in (Norve\u00e7 ulusal \u015fampiyonas\u0131 stat\u00fcs\u00fcne sahip ve\/veya daha geni\u015f kapsaml\u0131) finansman ba\u015fvurusunda bulunabilirler. Ba\u015fvuru, Stavanger Belediyesi\u2019nin spor departman\u0131na y\u00f6nlendirilir.<\/p>\n<p><a href=\"https:\/\/kommune24-7.no\/1103\/\">B\u00fcy\u00fck spor etkinlikleri i\u00e7in destek ba\u015fvurusu<\/a><\/p>\n<p>&nbsp;<\/p>\n<h4>\u00c7ocuk ve gen\u00e7 departmanlar\u0131 olan spor kul\u00fcplerinin idari pozisyonlar\u0131ndaki ki\u015filer i\u00e7in hibeler:<\/h4>\n<p>\u0130dari personeli mesleki kapasitede en az %40&#8217;l\u0131k bir pozisyonda \u00e7al\u0131\u015fan ve Stavanger Spor Konseyi&#8217;ne ba\u011fl\u0131 olan spor kul\u00fcpleri ba\u015fvurabilir. Her kul\u00fcpte tek bir pozisyon desteklenecektir. Ba\u015fvuru, Stavanger Belediyesi\u2019nin spor departman\u0131na y\u00f6nlendirilir.<\/p>\n<p><a href=\"https:\/\/kommune24-7.no\/1103\/\">Spor kul\u00fcb\u00fcnde idari pozisyon i\u00e7in hibe ba\u015fvurusu<\/a><\/p>\n<p>&nbsp;<\/p>\n<h4>Belediye tesis hibesi:<\/h4>\n<p>Bu hibe, spor kul\u00fcb\u00fc faaliyetlerinde kullan\u0131lan spor tesislerine sahip olan\/kiralayan spor kul\u00fcplerine y\u00f6neliktir. Ba\u015fvuru, Stavanger Belediyesi\u2019nin spor departman\u0131na y\u00f6nlendirilir.<\/p>\n<p><a href=\"https:\/\/kommune24-7.no\/1103\/\">Tesis hibesi ba\u015fvurusu<\/a><\/p>\n<p>&nbsp;<\/p>\n<h4>Belediye spor tesislerinde sat\u0131\u015f ve reklam haklar\u0131 ba\u015fvurusu<\/h4>\n<p>Sat\u0131\u015f ve reklam haklar\u0131, belediye spor tesislerindeki t\u00fcm sabit reklamlar ve sat\u0131\u015flar i\u00e7in ge\u00e7erlidir. Ba\u015fvuru, Stavanger Belediyesi\u2019nin spor departman\u0131na y\u00f6nlendirilir.<\/p>\n<p><a href=\"https:\/\/kommune24-7.no\/1103\/\">Belediye spor tesislerinde sat\u0131\u015f ve reklam haklar\u0131 ba\u015fvurusu<\/a><\/p>\n","protected":false},"excerpt":{"rendered":"<p>Stavanger Belediyesi spor departman\u0131n\u0131n birlikte \u00e7al\u0131\u015ft\u0131\u011f\u0131 \u00e7e\u015fitli te\u015fviklere ve ba\u015fvuru formlar\u0131na buradaki ba\u011flant\u0131dan ula\u015fabilirsiniz. &nbsp; Daha b\u00fcy\u00fck spor etkinlikleri: &nbsp; Spor kul\u00fcpleri daha b\u00fcy\u00fck spor etkinlikleri i\u00e7in (Norve\u00e7 ulusal \u015fampiyonas\u0131 stat\u00fcs\u00fcne sahip ve\/veya daha geni\u015f kapsaml\u0131) finansman ba\u015fvurusunda bulunabilirler. Ba\u015fvuru, Stavanger Belediyesi\u2019nin spor departman\u0131na y\u00f6nlendirilir. B\u00fcy\u00fck spor etkinlikleri i\u00e7in destek ba\u015fvurusu &nbsp; \u00c7ocuk ve gen\u00e7 [&hellip;]<\/p>\n","protected":false},"author":1,"featured_media":0,"parent":0,"menu_order":0,"comment_status":"closed","ping_status":"closed","template":"","meta":{"site-sidebar-layout":"default","site-content-layout":"default","ast-site-content-layout":"default","site-content-style":"default","site-sidebar-style":"default","ast-global-header-display":"","ast-banner-title-visibility":"","ast-main-header-display":"","ast-hfb-above-header-display":"","ast-hfb-below-header-display":"","ast-hfb-mobile-header-display":"","site-post-title":"","ast-breadcrumbs-content":"","ast-featured-img":"","footer-sml-layout":"","ast-disable-related-posts":"","theme-transparent-header-meta":"default","adv-header-id-meta":"","stick-header-meta":"default","header-above-stick-meta":"","header-main-stick-meta":"","header-below-stick-meta":"","astra-migrate-meta-layouts":"default","ast-page-background-enabled":"default","ast-page-background-meta":{"desktop":{"background-color":"","background-image":"","background-repeat":"repeat","background-position":"center center","background-size":"auto","background-attachment":"scroll","background-type":"","background-media":"","overlay-type":"","overlay-color":"","overlay-opacity":"","overlay-gradient":""},"tablet":{"background-color":"","background-image":"","background-repeat":"repeat","background-position":"center center","background-size":"auto","background-attachment":"scroll","background-type":"","background-media":"","overlay-type":"","overlay-color":"","overlay-opacity":"","overlay-gradient":""},"mobile":{"background-color":"","background-image":"","background-repeat":"repeat","background-position":"center center","background-size":"auto","background-attachment":"scroll","background-type":"","background-media":"","overlay-type":"","overlay-color":"","overlay-opacity":"","overlay-gradient":""}},"ast-content-background-meta":{"desktop":{"background-color":"var(--ast-global-color-5)","background-image":"","background-repeat":"repeat","background-position":"center center","background-size":"auto","background-attachment":"scroll","background-type":"","background-media":"","overlay-type":"","overlay-color":"","overlay-opacity":"","overlay-gradient":""},"tablet":{"background-color":"var(--ast-global-color-5)","background-image":"","background-repeat":"repeat","background-position":"center center","background-size":"auto","background-attachment":"scroll","background-type":"","background-media":"","overlay-type":"","overlay-color":"","overlay-opacity":"","overlay-gradient":""},"mobile":{"background-color":"var(--ast-global-color-5)","background-image":"","background-repeat":"repeat","background-position":"center center","background-size":"auto","background-attachment":"scroll","background-type":"","background-media":"","overlay-type":"","overlay-color":"","overlay-opacity":"","overlay-gradient":""}},"footnotes":""},"class_list":["post-12114","page","type-page","status-publish","hentry"],"yoast_head":"<!-- This site is optimized with the Yoast SEO plugin v27.4 - https:\/\/yoast.com\/product\/yoast-seo-wordpress\/ -->\n<title>Stavanger Belediyesi Hibeleri - Idrettsr\u00e5det Stavanger<\/title>\n<meta name=\"robots\" content=\"index, follow, max-snippet:-1, max-image-preview:large, max-video-preview:-1\" \/>\n<link rel=\"canonical\" href=\"https:\/\/idrettsraadet.no\/tr\/stavanger-belediyesi-hibeleri\/\" \/>\n<meta property=\"og:locale\" content=\"tr_TR\" \/>\n<meta property=\"og:type\" content=\"article\" \/>\n<meta property=\"og:title\" content=\"Stavanger Belediyesi Hibeleri - Idrettsr\u00e5det Stavanger\" \/>\n<meta property=\"og:description\" content=\"Stavanger Belediyesi spor departman\u0131n\u0131n birlikte \u00e7al\u0131\u015ft\u0131\u011f\u0131 \u00e7e\u015fitli te\u015fviklere ve ba\u015fvuru formlar\u0131na buradaki ba\u011flant\u0131dan ula\u015fabilirsiniz. &nbsp; Daha b\u00fcy\u00fck spor etkinlikleri: &nbsp; Spor kul\u00fcpleri daha b\u00fcy\u00fck spor etkinlikleri i\u00e7in (Norve\u00e7 ulusal \u015fampiyonas\u0131 stat\u00fcs\u00fcne sahip ve\/veya daha geni\u015f kapsaml\u0131) finansman ba\u015fvurusunda bulunabilirler. Ba\u015fvuru, Stavanger Belediyesi\u2019nin spor departman\u0131na y\u00f6nlendirilir. B\u00fcy\u00fck spor etkinlikleri i\u00e7in destek ba\u015fvurusu &nbsp; \u00c7ocuk ve gen\u00e7 [&hellip;]\" \/>\n<meta property=\"og:url\" content=\"https:\/\/idrettsraadet.no\/tr\/stavanger-belediyesi-hibeleri\/\" \/>\n<meta property=\"og:site_name\" content=\"Idrettsr\u00e5det Stavanger\" \/>\n<meta name=\"twitter:card\" content=\"summary_large_image\" \/>\n<meta name=\"twitter:label1\" content=\"Tahmini okuma s\u00fcresi\" \/>\n\t<meta name=\"twitter:data1\" content=\"1 dakika\" \/>\n<script type=\"application\/ld+json\" class=\"yoast-schema-graph\">{\"@context\":\"https:\\\/\\\/schema.org\",\"@graph\":[{\"@type\":\"WebPage\",\"@id\":\"https:\\\/\\\/idrettsraadet.no\\\/tr\\\/stavanger-belediyesi-hibeleri\\\/\",\"url\":\"https:\\\/\\\/idrettsraadet.no\\\/tr\\\/stavanger-belediyesi-hibeleri\\\/\",\"name\":\"Stavanger Belediyesi Hibeleri - Idrettsr\u00e5det Stavanger\",\"isPartOf\":{\"@id\":\"https:\\\/\\\/idrettsraadet.no\\\/bn\\\/#website\"},\"datePublished\":\"2020-02-24T08:48:02+00:00\",\"breadcrumb\":{\"@id\":\"https:\\\/\\\/idrettsraadet.no\\\/tr\\\/stavanger-belediyesi-hibeleri\\\/#breadcrumb\"},\"inLanguage\":\"tr\",\"potentialAction\":[{\"@type\":\"ReadAction\",\"target\":[\"https:\\\/\\\/idrettsraadet.no\\\/tr\\\/stavanger-belediyesi-hibeleri\\\/\"]}]},{\"@type\":\"BreadcrumbList\",\"@id\":\"https:\\\/\\\/idrettsraadet.no\\\/tr\\\/stavanger-belediyesi-hibeleri\\\/#breadcrumb\",\"itemListElement\":[{\"@type\":\"ListItem\",\"position\":1,\"name\":\"Hjem\",\"item\":\"https:\\\/\\\/idrettsraadet.no\\\/tr\\\/\"},{\"@type\":\"ListItem\",\"position\":2,\"name\":\"Stavanger Belediyesi Hibeleri\"}]},{\"@type\":\"WebSite\",\"@id\":\"https:\\\/\\\/idrettsraadet.no\\\/bn\\\/#website\",\"url\":\"https:\\\/\\\/idrettsraadet.no\\\/bn\\\/\",\"name\":\"Idrettsr\u00e5det Stavanger\",\"description\":\"Idrett for alle.\",\"publisher\":{\"@id\":\"https:\\\/\\\/idrettsraadet.no\\\/bn\\\/#organization\"},\"potentialAction\":[{\"@type\":\"SearchAction\",\"target\":{\"@type\":\"EntryPoint\",\"urlTemplate\":\"https:\\\/\\\/idrettsraadet.no\\\/bn\\\/?s={search_term_string}\"},\"query-input\":{\"@type\":\"PropertyValueSpecification\",\"valueRequired\":true,\"valueName\":\"search_term_string\"}}],\"inLanguage\":\"tr\"},{\"@type\":\"Organization\",\"@id\":\"https:\\\/\\\/idrettsraadet.no\\\/bn\\\/#organization\",\"name\":\"Stavanger Idrettsr\u00e5d\",\"url\":\"https:\\\/\\\/idrettsraadet.no\\\/bn\\\/\",\"logo\":{\"@type\":\"ImageObject\",\"inLanguage\":\"tr\",\"@id\":\"https:\\\/\\\/idrettsraadet.no\\\/bn\\\/#\\\/schema\\\/logo\\\/image\\\/\",\"url\":\"https:\\\/\\\/idrettsraadet.no\\\/wp-content\\\/uploads\\\/2016\\\/06\\\/logo.png\",\"contentUrl\":\"https:\\\/\\\/idrettsraadet.no\\\/wp-content\\\/uploads\\\/2016\\\/06\\\/logo.png\",\"width\":149,\"height\":48,\"caption\":\"Stavanger Idrettsr\u00e5d\"},\"image\":{\"@id\":\"https:\\\/\\\/idrettsraadet.no\\\/bn\\\/#\\\/schema\\\/logo\\\/image\\\/\"}}]}<\/script>\n<!-- \/ Yoast SEO plugin. -->","yoast_head_json":{"title":"Stavanger Belediyesi Hibeleri - Idrettsr\u00e5det Stavanger","robots":{"index":"index","follow":"follow","max-snippet":"max-snippet:-1","max-image-preview":"max-image-preview:large","max-video-preview":"max-video-preview:-1"},"canonical":"https:\/\/idrettsraadet.no\/tr\/stavanger-belediyesi-hibeleri\/","og_locale":"tr_TR","og_type":"article","og_title":"Stavanger Belediyesi Hibeleri - Idrettsr\u00e5det Stavanger","og_description":"Stavanger Belediyesi spor departman\u0131n\u0131n birlikte \u00e7al\u0131\u015ft\u0131\u011f\u0131 \u00e7e\u015fitli te\u015fviklere ve ba\u015fvuru formlar\u0131na buradaki ba\u011flant\u0131dan ula\u015fabilirsiniz. &nbsp; Daha b\u00fcy\u00fck spor etkinlikleri: &nbsp; Spor kul\u00fcpleri daha b\u00fcy\u00fck spor etkinlikleri i\u00e7in (Norve\u00e7 ulusal \u015fampiyonas\u0131 stat\u00fcs\u00fcne sahip ve\/veya daha geni\u015f kapsaml\u0131) finansman ba\u015fvurusunda bulunabilirler. Ba\u015fvuru, Stavanger Belediyesi\u2019nin spor departman\u0131na y\u00f6nlendirilir. B\u00fcy\u00fck spor etkinlikleri i\u00e7in destek ba\u015fvurusu &nbsp; \u00c7ocuk ve gen\u00e7 [&hellip;]","og_url":"https:\/\/idrettsraadet.no\/tr\/stavanger-belediyesi-hibeleri\/","og_site_name":"Idrettsr\u00e5det Stavanger","twitter_card":"summary_large_image","twitter_misc":{"Tahmini okuma s\u00fcresi":"1 dakika"},"schema":{"@context":"https:\/\/schema.org","@graph":[{"@type":"WebPage","@id":"https:\/\/idrettsraadet.no\/tr\/stavanger-belediyesi-hibeleri\/","url":"https:\/\/idrettsraadet.no\/tr\/stavanger-belediyesi-hibeleri\/","name":"Stavanger Belediyesi Hibeleri - Idrettsr\u00e5det Stavanger","isPartOf":{"@id":"https:\/\/idrettsraadet.no\/bn\/#website"},"datePublished":"2020-02-24T08:48:02+00:00","breadcrumb":{"@id":"https:\/\/idrettsraadet.no\/tr\/stavanger-belediyesi-hibeleri\/#breadcrumb"},"inLanguage":"tr","potentialAction":[{"@type":"ReadAction","target":["https:\/\/idrettsraadet.no\/tr\/stavanger-belediyesi-hibeleri\/"]}]},{"@type":"BreadcrumbList","@id":"https:\/\/idrettsraadet.no\/tr\/stavanger-belediyesi-hibeleri\/#breadcrumb","itemListElement":[{"@type":"ListItem","position":1,"name":"Hjem","item":"https:\/\/idrettsraadet.no\/tr\/"},{"@type":"ListItem","position":2,"name":"Stavanger Belediyesi Hibeleri"}]},{"@type":"WebSite","@id":"https:\/\/idrettsraadet.no\/bn\/#website","url":"https:\/\/idrettsraadet.no\/bn\/","name":"Idrettsr\u00e5det Stavanger","description":"Idrett for alle.","publisher":{"@id":"https:\/\/idrettsraadet.no\/bn\/#organization"},"potentialAction":[{"@type":"SearchAction","target":{"@type":"EntryPoint","urlTemplate":"https:\/\/idrettsraadet.no\/bn\/?s={search_term_string}"},"query-input":{"@type":"PropertyValueSpecification","valueRequired":true,"valueName":"search_term_string"}}],"inLanguage":"tr"},{"@type":"Organization","@id":"https:\/\/idrettsraadet.no\/bn\/#organization","name":"Stavanger Idrettsr\u00e5d","url":"https:\/\/idrettsraadet.no\/bn\/","logo":{"@type":"ImageObject","inLanguage":"tr","@id":"https:\/\/idrettsraadet.no\/bn\/#\/schema\/logo\/image\/","url":"https:\/\/idrettsraadet.no\/wp-content\/uploads\/2016\/06\/logo.png","contentUrl":"https:\/\/idrettsraadet.no\/wp-content\/uploads\/2016\/06\/logo.png","width":149,"height":48,"caption":"Stavanger Idrettsr\u00e5d"},"image":{"@id":"https:\/\/idrettsraadet.no\/bn\/#\/schema\/logo\/image\/"}}]}},"_links":{"self":[{"href":"https:\/\/idrettsraadet.no\/tr\/wp-json\/wp\/v2\/pages\/12114","targetHints":{"allow":["GET"]}}],"collection":[{"href":"https:\/\/idrettsraadet.no\/tr\/wp-json\/wp\/v2\/pages"}],"about":[{"href":"https:\/\/idrettsraadet.no\/tr\/wp-json\/wp\/v2\/types\/page"}],"author":[{"embeddable":true,"href":"https:\/\/idrettsraadet.no\/tr\/wp-json\/wp\/v2\/users\/1"}],"replies":[{"embeddable":true,"href":"https:\/\/idrettsraadet.no\/tr\/wp-json\/wp\/v2\/comments?post=12114"}],"version-history":[{"count":0,"href":"https:\/\/idrettsraadet.no\/tr\/wp-json\/wp\/v2\/pages\/12114\/revisions"}],"wp:attachment":[{"href":"https:\/\/idrettsraadet.no\/tr\/wp-json\/wp\/v2\/media?parent=12114"}],"curies":[{"name":"wp","href":"https:\/\/api.w.org\/{rel}","templated":true}]}}