{"id":12115,"date":"2020-02-24T09:49:54","date_gmt":"2020-02-24T08:49:54","guid":{"rendered":"https:\/\/idrettsraadet.no\/hakkimizda\/"},"modified":"2020-03-06T11:14:37","modified_gmt":"2020-03-06T10:14:37","slug":"hakkimizda","status":"publish","type":"page","link":"https:\/\/idrettsraadet.no\/tr\/idrettsradet\/hakkimizda\/","title":{"rendered":"Hakk\u0131m\u0131zda"},"content":{"rendered":"<h3>Idrettsr\u00e5det (Spor Konseyi) nedir?<\/h3>\n<p>Idrettsr\u00e5det, Norve\u00e7 Olimpiyat ve Paralimpik Komitesi ile Spor Konfederasyonu&#8217;nun (NIF) bir par\u00e7as\u0131d\u0131r. Neredeyse Norve\u00e7&#8217;teki b\u00fct\u00fcn belediyelerde bir spor konseyi mevcuttur. Stavanger&#8217;da bu rol\u00fc \u00fcstlenen Stavanger Spor Konseyi&#8217;dir. 160 spor kul\u00fcb\u00fcnde ortalama 40.000 \u00fcyemizin yan\u0131 s\u0131ra \u015firket sporlar\u0131nda 17.000 \u00fcyemiz ile Stavanger Belediyesi\u2019nde spor kul\u00fcpleri i\u00e7in bir hizmet organ\u0131 g\u00f6revi \u00fcstleniyoruz.\u00a0A\u015fa\u011f\u0131daki ana g\u00f6revler \u00fczerinde \u00e7al\u0131\u015f\u0131yoruz:<\/p>\n<ul>\n<li>belediyede spor i\u00e7in m\u00fcmk\u00fcn olan en iyi ko\u015fullar i\u00e7in \u00e7al\u0131\u015fmak<\/li>\n<li>yerel toplumda sporun rol\u00fcn\u00fc ve \u00e7er\u00e7eve ko\u015fullar\u0131n\u0131 g\u00fc\u00e7lendirmek<\/li>\n<li>kamu \u00e7al\u0131\u015fmalar\u0131n\u0131n ve g\u00f6n\u00fcll\u00fc \u00e7al\u0131\u015fmalar\u0131n kesi\u015fiminde bulu\u015fma noktas\u0131 ve geli\u015fim alan\u0131 olmak<\/li>\n<li>kul\u00fcpler ve belediye yetkilileri aras\u0131nda i\u015fbirli\u011fi sa\u011flayan bir konumda olmak<\/li>\n<li>spor kul\u00fcpleri ad\u0131na \u00f6ncelikler belirlemek<\/li>\n<li>sporun yerel kapsam\u0131n\u0131 belgelendirmek ve vurgulamak<\/li>\n<\/ul>\n<p>&nbsp;<\/p>\n<p><img fetchpriority=\"high\" decoding=\"async\" class=\"td-modal-image wp-image-2151 size-full aligncenter\" src=\"http:\/\/localhost\/idrettsraadet\/wp-content\/uploads\/2016\/06\/org-kart.png\" width=\"864\" height=\"1085\" srcset=\"https:\/\/idrettsraadet.no\/wp-content\/uploads\/2016\/06\/org-kart.png 864w, https:\/\/idrettsraadet.no\/wp-content\/uploads\/2016\/06\/org-kart-239x300.png 239w, https:\/\/idrettsraadet.no\/wp-content\/uploads\/2016\/06\/org-kart-768x964.png 768w, https:\/\/idrettsraadet.no\/wp-content\/uploads\/2016\/06\/org-kart-815x1024.png 815w\" sizes=\"(max-width: 864px) 100vw, 864px\" \/><\/p>\n<p>&nbsp;<\/p>\n<p>\u00d6zetle, spor konseyi belediyede sporun genel geli\u015fimine katk\u0131da bulunur ve \u00fcyelerinin yan\u0131 s\u0131ra halka farkl\u0131 bir sunumun ger\u00e7ekle\u015ftirilmesini sa\u011flar.<\/p>\n<p>Spor kul\u00fcpleri ve belediye aras\u0131ndaki ileti\u015fim, spor kul\u00fcpleri ve belediye aras\u0131nda ba\u011flant\u0131 noktas\u0131 olan Idrettsr\u00e5det \u00fczerinden ger\u00e7ekle\u015fmelidir. Bu bazen u\u011fra\u015ft\u0131r\u0131c\u0131 bir s\u00fcre\u00e7 olarak g\u00f6r\u00fcnebilir, ancak genellikle sorular\u0131n\u0131za cevap alman\u0131n en h\u0131zl\u0131 yoludur. Bir\u00e7ok soruya cevap verebiliriz veya cevap verip do\u011frudan size rehberlik edebilecek birini bulabiliriz. Idrettsr\u00e5det, Stavanger Belediyesi ile yak\u0131n ve iyi bir i\u015f birli\u011fi i\u00e7erisindedir. En \u00e7ok spor departman\u0131 ile ileti\u015fim halinde olmakla birlikte, politikac\u0131lar ve belediyedeki di\u011fer departmanlar\/temsilciler ile de i\u015f birli\u011fi yapar\u0131z.<\/p>\n<p>Idrettsr\u00e5det Stavanger\u2019\u0131n, \u00fc\u00e7 tam zamanl\u0131 \u00e7al\u0131\u015fan\u0131 ve bir yar\u0131 zamanl\u0131 \u00e7al\u0131\u015fan\u0131 vard\u0131r ve ofisi Hansons Minde&#8217;de, Stavanger Idrettshall ve Tjensvoll&#8217;daki Scandic Forum Hotel&#8217;in yan\u0131ndad\u0131r.<\/p>\n<p><a href=\"http:\/\/localhost\/idrettsraadet\/wp-content\/uploads\/2016\/06\/Presentasjon-KKI-2016.ppt\">Idrettsr\u00e5det Stavanger Sunumu <\/a><\/p>\n<p><a href=\"https:\/\/idrettsraadet.no\/download\/lovnorm-for-idrettsradet-vedtatt-05-03-2020\/\">Idrettsr\u00e5det Stavanger\u2019a Dair Y\u00f6netmelikler (2019)<\/a><\/p>\n<h4>B\u00f6lgesel i\u015f birli\u011fi<\/h4>\n<p>Stavanger, Sandnes Sola ve Randaberg\u2019deki spor konseylerinin bir b\u00f6lgesel ileti\u015fim grubu vard\u0131r. Burada, spor konseyleri genel konular\u0131 tart\u0131\u015fabilir, deneyimlerini payla\u015fabilir ve spora ili\u015fkin genel konular\u0131 sunabilir.<\/p>\n<p>Nord-J\u00e6ren&#8217;de spora ili\u015fkin ortak zorluklar\u0131n payla\u015f\u0131lmas\u0131 \u00fczerine ortak \u00e7\u00f6z\u00fcmlere y\u00f6nelik i\u015f birli\u011fi yapabilece\u011fi kabul edilerek ileti\u015fim grubu yeniden tesis edilmi\u015ftir. Bu, \u00f6zellikle tesislere ili\u015fkin alanlarda, ayn\u0131 zamanda di\u011fer ilgili konularda da ge\u00e7erlidir.<\/p>\n<p>Folkehallene (<a href=\"http:\/\/folkehallene.no\/\">http:\/\/folkehallene.no\/<\/a>), ileti\u015fim grubunun \u00fczerinde \u00e7al\u0131\u015ft\u0131\u011f\u0131 konulara iyi bir \u00f6rnektir.<\/p>\n","protected":false},"excerpt":{"rendered":"<p>Idrettsr\u00e5det (Spor Konseyi) nedir? Idrettsr\u00e5det, Norve\u00e7 Olimpiyat ve Paralimpik Komitesi ile Spor Konfederasyonu&#8217;nun (NIF) bir par\u00e7as\u0131d\u0131r. Neredeyse Norve\u00e7&#8217;teki b\u00fct\u00fcn belediyelerde bir spor konseyi mevcuttur. Stavanger&#8217;da bu rol\u00fc \u00fcstlenen Stavanger Spor Konseyi&#8217;dir. 160 spor kul\u00fcb\u00fcnde ortalama 40.000 \u00fcyemizin yan\u0131 s\u0131ra \u015firket sporlar\u0131nda 17.000 \u00fcyemiz ile Stavanger Belediyesi\u2019nde spor kul\u00fcpleri i\u00e7in bir hizmet organ\u0131 g\u00f6revi \u00fcstleniyoruz.\u00a0A\u015fa\u011f\u0131daki ana [&hellip;]<\/p>\n","protected":false},"author":1,"featured_media":0,"parent":12127,"menu_order":0,"comment_status":"closed","ping_status":"closed","template":"","meta":{"site-sidebar-layout":"default","site-content-layout":"default","ast-site-content-layout":"default","site-content-style":"default","site-sidebar-style":"default","ast-global-header-display":"","ast-banner-title-visibility":"","ast-main-header-display":"","ast-hfb-above-header-display":"","ast-hfb-below-header-display":"","ast-hfb-mobile-header-display":"","site-post-title":"","ast-breadcrumbs-content":"","ast-featured-img":"","footer-sml-layout":"","ast-disable-related-posts":"","theme-transparent-header-meta":"default","adv-header-id-meta":"","stick-header-meta":"default","header-above-stick-meta":"","header-main-stick-meta":"","header-below-stick-meta":"","astra-migrate-meta-layouts":"default","ast-page-background-enabled":"default","ast-page-background-meta":{"desktop":{"background-color":"","background-image":"","background-repeat":"repeat","background-position":"center center","background-size":"auto","background-attachment":"scroll","background-type":"","background-media":"","overlay-type":"","overlay-color":"","overlay-opacity":"","overlay-gradient":""},"tablet":{"background-color":"","background-image":"","background-repeat":"repeat","background-position":"center center","background-size":"auto","background-attachment":"scroll","background-type":"","background-media":"","overlay-type":"","overlay-color":"","overlay-opacity":"","overlay-gradient":""},"mobile":{"background-color":"","background-image":"","background-repeat":"repeat","background-position":"center center","background-size":"auto","background-attachment":"scroll","background-type":"","background-media":"","overlay-type":"","overlay-color":"","overlay-opacity":"","overlay-gradient":""}},"ast-content-background-meta":{"desktop":{"background-color":"var(--ast-global-color-5)","background-image":"","background-repeat":"repeat","background-position":"center center","background-size":"auto","background-attachment":"scroll","background-type":"","background-media":"","overlay-type":"","overlay-color":"","overlay-opacity":"","overlay-gradient":""},"tablet":{"background-color":"var(--ast-global-color-5)","background-image":"","background-repeat":"repeat","background-position":"center center","background-size":"auto","background-attachment":"scroll","background-type":"","background-media":"","overlay-type":"","overlay-color":"","overlay-opacity":"","overlay-gradient":""},"mobile":{"background-color":"var(--ast-global-color-5)","background-image":"","background-repeat":"repeat","background-position":"center center","background-size":"auto","background-attachment":"scroll","background-type":"","background-media":"","overlay-type":"","overlay-color":"","overlay-opacity":"","overlay-gradient":""}},"footnotes":""},"class_list":["post-12115","page","type-page","status-publish","hentry"],"yoast_head":"<!-- This site is optimized with the Yoast SEO plugin v27.4 - https:\/\/yoast.com\/product\/yoast-seo-wordpress\/ -->\n<title>Hakk\u0131m\u0131zda - Idrettsr\u00e5det Stavanger<\/title>\n<meta name=\"robots\" content=\"index, follow, max-snippet:-1, max-image-preview:large, max-video-preview:-1\" \/>\n<link rel=\"canonical\" href=\"https:\/\/idrettsraadet.no\/tr\/idrettsradet\/hakkimizda\/\" \/>\n<meta property=\"og:locale\" content=\"tr_TR\" \/>\n<meta property=\"og:type\" content=\"article\" \/>\n<meta property=\"og:title\" content=\"Hakk\u0131m\u0131zda - Idrettsr\u00e5det Stavanger\" \/>\n<meta property=\"og:description\" content=\"Idrettsr\u00e5det (Spor Konseyi) nedir? Idrettsr\u00e5det, Norve\u00e7 Olimpiyat ve Paralimpik Komitesi ile Spor Konfederasyonu&#8217;nun (NIF) bir par\u00e7as\u0131d\u0131r. Neredeyse Norve\u00e7&#8217;teki b\u00fct\u00fcn belediyelerde bir spor konseyi mevcuttur. Stavanger&#8217;da bu rol\u00fc \u00fcstlenen Stavanger Spor Konseyi&#8217;dir. 160 spor kul\u00fcb\u00fcnde ortalama 40.000 \u00fcyemizin yan\u0131 s\u0131ra \u015firket sporlar\u0131nda 17.000 \u00fcyemiz ile Stavanger Belediyesi\u2019nde spor kul\u00fcpleri i\u00e7in bir hizmet organ\u0131 g\u00f6revi \u00fcstleniyoruz.\u00a0A\u015fa\u011f\u0131daki ana [&hellip;]\" \/>\n<meta property=\"og:url\" content=\"https:\/\/idrettsraadet.no\/tr\/idrettsradet\/hakkimizda\/\" \/>\n<meta property=\"og:site_name\" content=\"Idrettsr\u00e5det Stavanger\" \/>\n<meta property=\"article:modified_time\" content=\"2020-03-06T10:14:37+00:00\" \/>\n<meta property=\"og:image\" content=\"http:\/\/localhost\/idrettsraadet\/wp-content\/uploads\/2016\/06\/org-kart.png\" \/>\n<meta name=\"twitter:card\" content=\"summary_large_image\" \/>\n<meta name=\"twitter:label1\" content=\"Tahmini okuma s\u00fcresi\" \/>\n\t<meta name=\"twitter:data1\" content=\"2 dakika\" \/>\n<script type=\"application\/ld+json\" class=\"yoast-schema-graph\">{\"@context\":\"https:\\\/\\\/schema.org\",\"@graph\":[{\"@type\":\"WebPage\",\"@id\":\"https:\\\/\\\/idrettsraadet.no\\\/tr\\\/idrettsradet\\\/hakkimizda\\\/\",\"url\":\"https:\\\/\\\/idrettsraadet.no\\\/tr\\\/idrettsradet\\\/hakkimizda\\\/\",\"name\":\"Hakk\u0131m\u0131zda - Idrettsr\u00e5det Stavanger\",\"isPartOf\":{\"@id\":\"https:\\\/\\\/idrettsraadet.no\\\/bn\\\/#website\"},\"primaryImageOfPage\":{\"@id\":\"https:\\\/\\\/idrettsraadet.no\\\/tr\\\/idrettsradet\\\/hakkimizda\\\/#primaryimage\"},\"image\":{\"@id\":\"https:\\\/\\\/idrettsraadet.no\\\/tr\\\/idrettsradet\\\/hakkimizda\\\/#primaryimage\"},\"thumbnailUrl\":\"http:\\\/\\\/localhost\\\/idrettsraadet\\\/wp-content\\\/uploads\\\/2016\\\/06\\\/org-kart.png\",\"datePublished\":\"2020-02-24T08:49:54+00:00\",\"dateModified\":\"2020-03-06T10:14:37+00:00\",\"breadcrumb\":{\"@id\":\"https:\\\/\\\/idrettsraadet.no\\\/tr\\\/idrettsradet\\\/hakkimizda\\\/#breadcrumb\"},\"inLanguage\":\"tr\",\"potentialAction\":[{\"@type\":\"ReadAction\",\"target\":[\"https:\\\/\\\/idrettsraadet.no\\\/tr\\\/idrettsradet\\\/hakkimizda\\\/\"]}]},{\"@type\":\"ImageObject\",\"inLanguage\":\"tr\",\"@id\":\"https:\\\/\\\/idrettsraadet.no\\\/tr\\\/idrettsradet\\\/hakkimizda\\\/#primaryimage\",\"url\":\"http:\\\/\\\/localhost\\\/idrettsraadet\\\/wp-content\\\/uploads\\\/2016\\\/06\\\/org-kart.png\",\"contentUrl\":\"http:\\\/\\\/localhost\\\/idrettsraadet\\\/wp-content\\\/uploads\\\/2016\\\/06\\\/org-kart.png\"},{\"@type\":\"BreadcrumbList\",\"@id\":\"https:\\\/\\\/idrettsraadet.no\\\/tr\\\/idrettsradet\\\/hakkimizda\\\/#breadcrumb\",\"itemListElement\":[{\"@type\":\"ListItem\",\"position\":1,\"name\":\"Hjem\",\"item\":\"https:\\\/\\\/idrettsraadet.no\\\/tr\\\/\"},{\"@type\":\"ListItem\",\"position\":2,\"name\":\"Idrettsr\u00e5det\",\"item\":\"https:\\\/\\\/idrettsraadet.no\\\/tr\\\/idrettsradet\\\/\"},{\"@type\":\"ListItem\",\"position\":3,\"name\":\"Hakk\u0131m\u0131zda\"}]},{\"@type\":\"WebSite\",\"@id\":\"https:\\\/\\\/idrettsraadet.no\\\/bn\\\/#website\",\"url\":\"https:\\\/\\\/idrettsraadet.no\\\/bn\\\/\",\"name\":\"Idrettsr\u00e5det Stavanger\",\"description\":\"Idrett for alle.\",\"publisher\":{\"@id\":\"https:\\\/\\\/idrettsraadet.no\\\/bn\\\/#organization\"},\"potentialAction\":[{\"@type\":\"SearchAction\",\"target\":{\"@type\":\"EntryPoint\",\"urlTemplate\":\"https:\\\/\\\/idrettsraadet.no\\\/bn\\\/?s={search_term_string}\"},\"query-input\":{\"@type\":\"PropertyValueSpecification\",\"valueRequired\":true,\"valueName\":\"search_term_string\"}}],\"inLanguage\":\"tr\"},{\"@type\":\"Organization\",\"@id\":\"https:\\\/\\\/idrettsraadet.no\\\/bn\\\/#organization\",\"name\":\"Stavanger Idrettsr\u00e5d\",\"url\":\"https:\\\/\\\/idrettsraadet.no\\\/bn\\\/\",\"logo\":{\"@type\":\"ImageObject\",\"inLanguage\":\"tr\",\"@id\":\"https:\\\/\\\/idrettsraadet.no\\\/bn\\\/#\\\/schema\\\/logo\\\/image\\\/\",\"url\":\"https:\\\/\\\/idrettsraadet.no\\\/wp-content\\\/uploads\\\/2016\\\/06\\\/logo.png\",\"contentUrl\":\"https:\\\/\\\/idrettsraadet.no\\\/wp-content\\\/uploads\\\/2016\\\/06\\\/logo.png\",\"width\":149,\"height\":48,\"caption\":\"Stavanger Idrettsr\u00e5d\"},\"image\":{\"@id\":\"https:\\\/\\\/idrettsraadet.no\\\/bn\\\/#\\\/schema\\\/logo\\\/image\\\/\"}}]}<\/script>\n<!-- \/ Yoast SEO plugin. -->","yoast_head_json":{"title":"Hakk\u0131m\u0131zda - Idrettsr\u00e5det Stavanger","robots":{"index":"index","follow":"follow","max-snippet":"max-snippet:-1","max-image-preview":"max-image-preview:large","max-video-preview":"max-video-preview:-1"},"canonical":"https:\/\/idrettsraadet.no\/tr\/idrettsradet\/hakkimizda\/","og_locale":"tr_TR","og_type":"article","og_title":"Hakk\u0131m\u0131zda - Idrettsr\u00e5det Stavanger","og_description":"Idrettsr\u00e5det (Spor Konseyi) nedir? Idrettsr\u00e5det, Norve\u00e7 Olimpiyat ve Paralimpik Komitesi ile Spor Konfederasyonu&#8217;nun (NIF) bir par\u00e7as\u0131d\u0131r. Neredeyse Norve\u00e7&#8217;teki b\u00fct\u00fcn belediyelerde bir spor konseyi mevcuttur. Stavanger&#8217;da bu rol\u00fc \u00fcstlenen Stavanger Spor Konseyi&#8217;dir. 160 spor kul\u00fcb\u00fcnde ortalama 40.000 \u00fcyemizin yan\u0131 s\u0131ra \u015firket sporlar\u0131nda 17.000 \u00fcyemiz ile Stavanger Belediyesi\u2019nde spor kul\u00fcpleri i\u00e7in bir hizmet organ\u0131 g\u00f6revi \u00fcstleniyoruz.\u00a0A\u015fa\u011f\u0131daki ana [&hellip;]","og_url":"https:\/\/idrettsraadet.no\/tr\/idrettsradet\/hakkimizda\/","og_site_name":"Idrettsr\u00e5det Stavanger","article_modified_time":"2020-03-06T10:14:37+00:00","og_image":[{"url":"http:\/\/localhost\/idrettsraadet\/wp-content\/uploads\/2016\/06\/org-kart.png","type":"","width":"","height":""}],"twitter_card":"summary_large_image","twitter_misc":{"Tahmini okuma s\u00fcresi":"2 dakika"},"schema":{"@context":"https:\/\/schema.org","@graph":[{"@type":"WebPage","@id":"https:\/\/idrettsraadet.no\/tr\/idrettsradet\/hakkimizda\/","url":"https:\/\/idrettsraadet.no\/tr\/idrettsradet\/hakkimizda\/","name":"Hakk\u0131m\u0131zda - Idrettsr\u00e5det Stavanger","isPartOf":{"@id":"https:\/\/idrettsraadet.no\/bn\/#website"},"primaryImageOfPage":{"@id":"https:\/\/idrettsraadet.no\/tr\/idrettsradet\/hakkimizda\/#primaryimage"},"image":{"@id":"https:\/\/idrettsraadet.no\/tr\/idrettsradet\/hakkimizda\/#primaryimage"},"thumbnailUrl":"http:\/\/localhost\/idrettsraadet\/wp-content\/uploads\/2016\/06\/org-kart.png","datePublished":"2020-02-24T08:49:54+00:00","dateModified":"2020-03-06T10:14:37+00:00","breadcrumb":{"@id":"https:\/\/idrettsraadet.no\/tr\/idrettsradet\/hakkimizda\/#breadcrumb"},"inLanguage":"tr","potentialAction":[{"@type":"ReadAction","target":["https:\/\/idrettsraadet.no\/tr\/idrettsradet\/hakkimizda\/"]}]},{"@type":"ImageObject","inLanguage":"tr","@id":"https:\/\/idrettsraadet.no\/tr\/idrettsradet\/hakkimizda\/#primaryimage","url":"http:\/\/localhost\/idrettsraadet\/wp-content\/uploads\/2016\/06\/org-kart.png","contentUrl":"http:\/\/localhost\/idrettsraadet\/wp-content\/uploads\/2016\/06\/org-kart.png"},{"@type":"BreadcrumbList","@id":"https:\/\/idrettsraadet.no\/tr\/idrettsradet\/hakkimizda\/#breadcrumb","itemListElement":[{"@type":"ListItem","position":1,"name":"Hjem","item":"https:\/\/idrettsraadet.no\/tr\/"},{"@type":"ListItem","position":2,"name":"Idrettsr\u00e5det","item":"https:\/\/idrettsraadet.no\/tr\/idrettsradet\/"},{"@type":"ListItem","position":3,"name":"Hakk\u0131m\u0131zda"}]},{"@type":"WebSite","@id":"https:\/\/idrettsraadet.no\/bn\/#website","url":"https:\/\/idrettsraadet.no\/bn\/","name":"Idrettsr\u00e5det Stavanger","description":"Idrett for alle.","publisher":{"@id":"https:\/\/idrettsraadet.no\/bn\/#organization"},"potentialAction":[{"@type":"SearchAction","target":{"@type":"EntryPoint","urlTemplate":"https:\/\/idrettsraadet.no\/bn\/?s={search_term_string}"},"query-input":{"@type":"PropertyValueSpecification","valueRequired":true,"valueName":"search_term_string"}}],"inLanguage":"tr"},{"@type":"Organization","@id":"https:\/\/idrettsraadet.no\/bn\/#organization","name":"Stavanger Idrettsr\u00e5d","url":"https:\/\/idrettsraadet.no\/bn\/","logo":{"@type":"ImageObject","inLanguage":"tr","@id":"https:\/\/idrettsraadet.no\/bn\/#\/schema\/logo\/image\/","url":"https:\/\/idrettsraadet.no\/wp-content\/uploads\/2016\/06\/logo.png","contentUrl":"https:\/\/idrettsraadet.no\/wp-content\/uploads\/2016\/06\/logo.png","width":149,"height":48,"caption":"Stavanger Idrettsr\u00e5d"},"image":{"@id":"https:\/\/idrettsraadet.no\/bn\/#\/schema\/logo\/image\/"}}]}},"_links":{"self":[{"href":"https:\/\/idrettsraadet.no\/tr\/wp-json\/wp\/v2\/pages\/12115","targetHints":{"allow":["GET"]}}],"collection":[{"href":"https:\/\/idrettsraadet.no\/tr\/wp-json\/wp\/v2\/pages"}],"about":[{"href":"https:\/\/idrettsraadet.no\/tr\/wp-json\/wp\/v2\/types\/page"}],"author":[{"embeddable":true,"href":"https:\/\/idrettsraadet.no\/tr\/wp-json\/wp\/v2\/users\/1"}],"replies":[{"embeddable":true,"href":"https:\/\/idrettsraadet.no\/tr\/wp-json\/wp\/v2\/comments?post=12115"}],"version-history":[{"count":2,"href":"https:\/\/idrettsraadet.no\/tr\/wp-json\/wp\/v2\/pages\/12115\/revisions"}],"predecessor-version":[{"id":19014,"href":"https:\/\/idrettsraadet.no\/tr\/wp-json\/wp\/v2\/pages\/12115\/revisions\/19014"}],"up":[{"embeddable":true,"href":"https:\/\/idrettsraadet.no\/tr\/wp-json\/wp\/v2\/pages\/12127"}],"wp:attachment":[{"href":"https:\/\/idrettsraadet.no\/tr\/wp-json\/wp\/v2\/media?parent=12115"}],"curies":[{"name":"wp","href":"https:\/\/api.w.org\/{rel}","templated":true}]}}