{"id":12119,"date":"2020-02-24T09:54:08","date_gmt":"2020-02-24T08:54:08","guid":{"rendered":"https:\/\/idrettsraadet.no\/antrenman-saati-tahsisleri\/"},"modified":"2020-02-24T09:54:08","modified_gmt":"2020-02-24T08:54:08","slug":"antrenman-saati-tahsisleri","status":"publish","type":"page","link":"https:\/\/idrettsraadet.no\/tr\/antrenman-saati-tahsisleri\/","title":{"rendered":"Antrenman saati tahsisleri"},"content":{"rendered":"<p><img fetchpriority=\"high\" decoding=\"async\" class=\"aligncenter size-full wp-image-716\" src=\"http:\/\/109.199.118.79\/~rekylweb\/clients\/idrettsraadet.no\/wp-content\/uploads\/2016\/06\/treningstider.jpg\" alt=\"treningstider\" width=\"1200\" height=\"594\" srcset=\"https:\/\/idrettsraadet.no\/wp-content\/uploads\/2016\/06\/treningstider.jpg 1200w, https:\/\/idrettsraadet.no\/wp-content\/uploads\/2016\/06\/treningstider-300x149.jpg 300w, https:\/\/idrettsraadet.no\/wp-content\/uploads\/2016\/06\/treningstider-768x380.jpg 768w, https:\/\/idrettsraadet.no\/wp-content\/uploads\/2016\/06\/treningstider-1024x507.jpg 1024w\" sizes=\"(max-width: 1200px) 100vw, 1200px\" \/><\/p>\n<h3>Kriterler<\/h3>\n<p>A\u015fa\u011f\u0131daki ba\u011flant\u0131da, buz pateni sahalar\u0131 ve Turnhallen spor salonu da dahil olmak \u00fczere belediye spor tesislerindeki antrenman saatlerinin tahsisine ili\u015fkin kriterler yer almaktad\u0131r (Belediyeler aras\u0131 Folkehallene i\u00e7in ge\u00e7erli de\u011fildir).<br \/>\n<a href=\"https:\/\/idrettsraadet.no\/wp-content\/uploads\/2019\/01\/kriterier-for-tildeling-av-treningstid-pa-kommunale-idrettsanlegg.pdf\">Antrenman saatlerinin tahsisine ili\u015fkin kriterlere buradan ula\u015fabilirsiniz.<\/a><\/p>\n<h4>A\u00e7\u0131k alanda antrenman<\/h4>\n<p><a href=\"https:\/\/idrettsraadet.no\/wp-content\/uploads\/2019\/01\/Treningstider-2019.xlsx\">1 Ocak 2019-31 Aral\u0131k 2019<\/a> <strong>tarihlerindeki antrenman g\u00f6revleri hakk\u0131nda genel bilgiye buradan ula\u015fabilirsiniz<\/strong><\/p>\n<h4>Kapal\u0131 alanda antrenman<\/h4>\n<p><strong>Belediye salonlar\u0131 i\u00e7erisinde antrenman saatleri: Daha fazla bilgiye <\/strong><a href=\"https:\/\/www.stavanger.kommune.no\/kultur-og-fritid\/idrett\/sok-treningstid-innen-1.-mars\/\">buradaki Stavanger Belediyesi sayfalar\u0131 ba\u011flant\u0131s\u0131ndan ula\u015fabilirsiniz<\/a><\/p>\n<h4>Folkhallene\u2019de antrenman saatleri<\/h4>\n<p><strong>\u0130lgili spor konseyi, Folkehallene\u2019de antrenman saatleri tahsis etmekten sorumludur. Ba\u015fvuru s\u00fcrecine ili\u015fkin bilgiler i\u00e7in okumaya devam edin.<\/p>\n<p>S\u00f8rmarka Arena:<\/strong>\u00a0Stavanger Spor Konseyi, S\u00f8rmarka Arena\u2019da antrenman saatlerinin verilmesinden sorumludur. A\u015fa\u011f\u0131da mevcut sezon i\u00e7in antrenman saatlerini bulabilirsiniz. 2019\/2020 sezonu i\u00e7in son ba\u015fvuru tarihi, 1 Mart 2019\u2019dur. Antrenman saatlerine ili\u015fkin ba\u015fvuru almak i\u00e7in <a href=\"mailto:post@idrettsraadet.no\">post@idrettsraadet.no<\/a> adresine talebinizi belirtin.<\/p>\n<p><strong>Sandneshallen:<\/strong>\u00a0Sandneshallen\u2019de antrenman saatleri, Sandnes Spor Konseyi taraf\u0131ndan verilmektedir.<br \/>\n<a href=\"http:\/\/sandneshallen.no\/praktisk-informasjon\/idrettslag\/\">Ba\u015fvuru s\u00fcrecine ili\u015fkin daha fazla bilgiye buradan ula\u015fabilirsiniz.<\/a><\/p>\n<p><strong>Randaberg Arena:\u00a0<\/strong>Randaberg Arena\u2019da antrenman saatleri, Randaberg Spor Konseyi taraf\u0131ndan da\u011f\u0131t\u0131lmaktad\u0131r.<br \/>\n<a href=\"http:\/\/randaberg-arena.com\/praktisk-informasjon\/idrettslag\/\">Ba\u015fvuru s\u00fcrecine ili\u015fkin daha fazla bilgiye buradan ula\u015fabilirsiniz.<\/a><\/p>\n","protected":false},"excerpt":{"rendered":"<p>Kriterler A\u015fa\u011f\u0131daki ba\u011flant\u0131da, buz pateni sahalar\u0131 ve Turnhallen spor salonu da dahil olmak \u00fczere belediye spor tesislerindeki antrenman saatlerinin tahsisine ili\u015fkin kriterler yer almaktad\u0131r (Belediyeler aras\u0131 Folkehallene i\u00e7in ge\u00e7erli de\u011fildir). Antrenman saatlerinin tahsisine ili\u015fkin kriterlere buradan ula\u015fabilirsiniz. A\u00e7\u0131k alanda antrenman 1 Ocak 2019-31 Aral\u0131k 2019 tarihlerindeki antrenman g\u00f6revleri hakk\u0131nda genel bilgiye buradan ula\u015fabilirsiniz Kapal\u0131 alanda [&hellip;]<\/p>\n","protected":false},"author":1,"featured_media":0,"parent":0,"menu_order":0,"comment_status":"closed","ping_status":"closed","template":"","meta":{"site-sidebar-layout":"default","site-content-layout":"default","ast-site-content-layout":"default","site-content-style":"default","site-sidebar-style":"default","ast-global-header-display":"","ast-banner-title-visibility":"","ast-main-header-display":"","ast-hfb-above-header-display":"","ast-hfb-below-header-display":"","ast-hfb-mobile-header-display":"","site-post-title":"","ast-breadcrumbs-content":"","ast-featured-img":"","footer-sml-layout":"","ast-disable-related-posts":"","theme-transparent-header-meta":"default","adv-header-id-meta":"","stick-header-meta":"default","header-above-stick-meta":"","header-main-stick-meta":"","header-below-stick-meta":"","astra-migrate-meta-layouts":"default","ast-page-background-enabled":"default","ast-page-background-meta":{"desktop":{"background-color":"","background-image":"","background-repeat":"repeat","background-position":"center center","background-size":"auto","background-attachment":"scroll","background-type":"","background-media":"","overlay-type":"","overlay-color":"","overlay-opacity":"","overlay-gradient":""},"tablet":{"background-color":"","background-image":"","background-repeat":"repeat","background-position":"center center","background-size":"auto","background-attachment":"scroll","background-type":"","background-media":"","overlay-type":"","overlay-color":"","overlay-opacity":"","overlay-gradient":""},"mobile":{"background-color":"","background-image":"","background-repeat":"repeat","background-position":"center center","background-size":"auto","background-attachment":"scroll","background-type":"","background-media":"","overlay-type":"","overlay-color":"","overlay-opacity":"","overlay-gradient":""}},"ast-content-background-meta":{"desktop":{"background-color":"var(--ast-global-color-5)","background-image":"","background-repeat":"repeat","background-position":"center center","background-size":"auto","background-attachment":"scroll","background-type":"","background-media":"","overlay-type":"","overlay-color":"","overlay-opacity":"","overlay-gradient":""},"tablet":{"background-color":"var(--ast-global-color-5)","background-image":"","background-repeat":"repeat","background-position":"center center","background-size":"auto","background-attachment":"scroll","background-type":"","background-media":"","overlay-type":"","overlay-color":"","overlay-opacity":"","overlay-gradient":""},"mobile":{"background-color":"var(--ast-global-color-5)","background-image":"","background-repeat":"repeat","background-position":"center center","background-size":"auto","background-attachment":"scroll","background-type":"","background-media":"","overlay-type":"","overlay-color":"","overlay-opacity":"","overlay-gradient":""}},"footnotes":""},"class_list":["post-12119","page","type-page","status-publish","hentry"],"yoast_head":"<!-- This site is optimized with the Yoast SEO plugin v27.4 - https:\/\/yoast.com\/product\/yoast-seo-wordpress\/ -->\n<title>Antrenman saati tahsisleri - Idrettsr\u00e5det Stavanger<\/title>\n<meta name=\"robots\" content=\"index, follow, max-snippet:-1, max-image-preview:large, max-video-preview:-1\" \/>\n<link rel=\"canonical\" href=\"https:\/\/idrettsraadet.no\/tr\/antrenman-saati-tahsisleri\/\" \/>\n<meta property=\"og:locale\" content=\"tr_TR\" \/>\n<meta property=\"og:type\" content=\"article\" \/>\n<meta property=\"og:title\" content=\"Antrenman saati tahsisleri - Idrettsr\u00e5det Stavanger\" \/>\n<meta property=\"og:description\" content=\"Kriterler A\u015fa\u011f\u0131daki ba\u011flant\u0131da, buz pateni sahalar\u0131 ve Turnhallen spor salonu da dahil olmak \u00fczere belediye spor tesislerindeki antrenman saatlerinin tahsisine ili\u015fkin kriterler yer almaktad\u0131r (Belediyeler aras\u0131 Folkehallene i\u00e7in ge\u00e7erli de\u011fildir). Antrenman saatlerinin tahsisine ili\u015fkin kriterlere buradan ula\u015fabilirsiniz. A\u00e7\u0131k alanda antrenman 1 Ocak 2019-31 Aral\u0131k 2019 tarihlerindeki antrenman g\u00f6revleri hakk\u0131nda genel bilgiye buradan ula\u015fabilirsiniz Kapal\u0131 alanda [&hellip;]\" \/>\n<meta property=\"og:url\" content=\"https:\/\/idrettsraadet.no\/tr\/antrenman-saati-tahsisleri\/\" \/>\n<meta property=\"og:site_name\" content=\"Idrettsr\u00e5det Stavanger\" \/>\n<meta property=\"og:image\" content=\"http:\/\/109.199.118.79\/~rekylweb\/clients\/idrettsraadet.no\/wp-content\/uploads\/2016\/06\/treningstider.jpg\" \/>\n<meta name=\"twitter:card\" content=\"summary_large_image\" \/>\n<meta name=\"twitter:label1\" content=\"Tahmini okuma s\u00fcresi\" \/>\n\t<meta name=\"twitter:data1\" content=\"1 dakika\" \/>\n<script type=\"application\/ld+json\" class=\"yoast-schema-graph\">{\"@context\":\"https:\\\/\\\/schema.org\",\"@graph\":[{\"@type\":\"WebPage\",\"@id\":\"https:\\\/\\\/idrettsraadet.no\\\/tr\\\/antrenman-saati-tahsisleri\\\/\",\"url\":\"https:\\\/\\\/idrettsraadet.no\\\/tr\\\/antrenman-saati-tahsisleri\\\/\",\"name\":\"Antrenman saati tahsisleri - Idrettsr\u00e5det Stavanger\",\"isPartOf\":{\"@id\":\"https:\\\/\\\/idrettsraadet.no\\\/bn\\\/#website\"},\"primaryImageOfPage\":{\"@id\":\"https:\\\/\\\/idrettsraadet.no\\\/tr\\\/antrenman-saati-tahsisleri\\\/#primaryimage\"},\"image\":{\"@id\":\"https:\\\/\\\/idrettsraadet.no\\\/tr\\\/antrenman-saati-tahsisleri\\\/#primaryimage\"},\"thumbnailUrl\":\"http:\\\/\\\/109.199.118.79\\\/~rekylweb\\\/clients\\\/idrettsraadet.no\\\/wp-content\\\/uploads\\\/2016\\\/06\\\/treningstider.jpg\",\"datePublished\":\"2020-02-24T08:54:08+00:00\",\"breadcrumb\":{\"@id\":\"https:\\\/\\\/idrettsraadet.no\\\/tr\\\/antrenman-saati-tahsisleri\\\/#breadcrumb\"},\"inLanguage\":\"tr\",\"potentialAction\":[{\"@type\":\"ReadAction\",\"target\":[\"https:\\\/\\\/idrettsraadet.no\\\/tr\\\/antrenman-saati-tahsisleri\\\/\"]}]},{\"@type\":\"ImageObject\",\"inLanguage\":\"tr\",\"@id\":\"https:\\\/\\\/idrettsraadet.no\\\/tr\\\/antrenman-saati-tahsisleri\\\/#primaryimage\",\"url\":\"http:\\\/\\\/109.199.118.79\\\/~rekylweb\\\/clients\\\/idrettsraadet.no\\\/wp-content\\\/uploads\\\/2016\\\/06\\\/treningstider.jpg\",\"contentUrl\":\"http:\\\/\\\/109.199.118.79\\\/~rekylweb\\\/clients\\\/idrettsraadet.no\\\/wp-content\\\/uploads\\\/2016\\\/06\\\/treningstider.jpg\"},{\"@type\":\"BreadcrumbList\",\"@id\":\"https:\\\/\\\/idrettsraadet.no\\\/tr\\\/antrenman-saati-tahsisleri\\\/#breadcrumb\",\"itemListElement\":[{\"@type\":\"ListItem\",\"position\":1,\"name\":\"Hjem\",\"item\":\"https:\\\/\\\/idrettsraadet.no\\\/tr\\\/\"},{\"@type\":\"ListItem\",\"position\":2,\"name\":\"Antrenman saati tahsisleri\"}]},{\"@type\":\"WebSite\",\"@id\":\"https:\\\/\\\/idrettsraadet.no\\\/bn\\\/#website\",\"url\":\"https:\\\/\\\/idrettsraadet.no\\\/bn\\\/\",\"name\":\"Idrettsr\u00e5det Stavanger\",\"description\":\"Idrett for alle.\",\"publisher\":{\"@id\":\"https:\\\/\\\/idrettsraadet.no\\\/bn\\\/#organization\"},\"potentialAction\":[{\"@type\":\"SearchAction\",\"target\":{\"@type\":\"EntryPoint\",\"urlTemplate\":\"https:\\\/\\\/idrettsraadet.no\\\/bn\\\/?s={search_term_string}\"},\"query-input\":{\"@type\":\"PropertyValueSpecification\",\"valueRequired\":true,\"valueName\":\"search_term_string\"}}],\"inLanguage\":\"tr\"},{\"@type\":\"Organization\",\"@id\":\"https:\\\/\\\/idrettsraadet.no\\\/bn\\\/#organization\",\"name\":\"Stavanger Idrettsr\u00e5d\",\"url\":\"https:\\\/\\\/idrettsraadet.no\\\/bn\\\/\",\"logo\":{\"@type\":\"ImageObject\",\"inLanguage\":\"tr\",\"@id\":\"https:\\\/\\\/idrettsraadet.no\\\/bn\\\/#\\\/schema\\\/logo\\\/image\\\/\",\"url\":\"https:\\\/\\\/idrettsraadet.no\\\/wp-content\\\/uploads\\\/2016\\\/06\\\/logo.png\",\"contentUrl\":\"https:\\\/\\\/idrettsraadet.no\\\/wp-content\\\/uploads\\\/2016\\\/06\\\/logo.png\",\"width\":149,\"height\":48,\"caption\":\"Stavanger Idrettsr\u00e5d\"},\"image\":{\"@id\":\"https:\\\/\\\/idrettsraadet.no\\\/bn\\\/#\\\/schema\\\/logo\\\/image\\\/\"}}]}<\/script>\n<!-- \/ Yoast SEO plugin. -->","yoast_head_json":{"title":"Antrenman saati tahsisleri - Idrettsr\u00e5det Stavanger","robots":{"index":"index","follow":"follow","max-snippet":"max-snippet:-1","max-image-preview":"max-image-preview:large","max-video-preview":"max-video-preview:-1"},"canonical":"https:\/\/idrettsraadet.no\/tr\/antrenman-saati-tahsisleri\/","og_locale":"tr_TR","og_type":"article","og_title":"Antrenman saati tahsisleri - Idrettsr\u00e5det Stavanger","og_description":"Kriterler A\u015fa\u011f\u0131daki ba\u011flant\u0131da, buz pateni sahalar\u0131 ve Turnhallen spor salonu da dahil olmak \u00fczere belediye spor tesislerindeki antrenman saatlerinin tahsisine ili\u015fkin kriterler yer almaktad\u0131r (Belediyeler aras\u0131 Folkehallene i\u00e7in ge\u00e7erli de\u011fildir). Antrenman saatlerinin tahsisine ili\u015fkin kriterlere buradan ula\u015fabilirsiniz. A\u00e7\u0131k alanda antrenman 1 Ocak 2019-31 Aral\u0131k 2019 tarihlerindeki antrenman g\u00f6revleri hakk\u0131nda genel bilgiye buradan ula\u015fabilirsiniz Kapal\u0131 alanda [&hellip;]","og_url":"https:\/\/idrettsraadet.no\/tr\/antrenman-saati-tahsisleri\/","og_site_name":"Idrettsr\u00e5det Stavanger","og_image":[{"url":"http:\/\/109.199.118.79\/~rekylweb\/clients\/idrettsraadet.no\/wp-content\/uploads\/2016\/06\/treningstider.jpg","type":"","width":"","height":""}],"twitter_card":"summary_large_image","twitter_misc":{"Tahmini okuma s\u00fcresi":"1 dakika"},"schema":{"@context":"https:\/\/schema.org","@graph":[{"@type":"WebPage","@id":"https:\/\/idrettsraadet.no\/tr\/antrenman-saati-tahsisleri\/","url":"https:\/\/idrettsraadet.no\/tr\/antrenman-saati-tahsisleri\/","name":"Antrenman saati tahsisleri - Idrettsr\u00e5det Stavanger","isPartOf":{"@id":"https:\/\/idrettsraadet.no\/bn\/#website"},"primaryImageOfPage":{"@id":"https:\/\/idrettsraadet.no\/tr\/antrenman-saati-tahsisleri\/#primaryimage"},"image":{"@id":"https:\/\/idrettsraadet.no\/tr\/antrenman-saati-tahsisleri\/#primaryimage"},"thumbnailUrl":"http:\/\/109.199.118.79\/~rekylweb\/clients\/idrettsraadet.no\/wp-content\/uploads\/2016\/06\/treningstider.jpg","datePublished":"2020-02-24T08:54:08+00:00","breadcrumb":{"@id":"https:\/\/idrettsraadet.no\/tr\/antrenman-saati-tahsisleri\/#breadcrumb"},"inLanguage":"tr","potentialAction":[{"@type":"ReadAction","target":["https:\/\/idrettsraadet.no\/tr\/antrenman-saati-tahsisleri\/"]}]},{"@type":"ImageObject","inLanguage":"tr","@id":"https:\/\/idrettsraadet.no\/tr\/antrenman-saati-tahsisleri\/#primaryimage","url":"http:\/\/109.199.118.79\/~rekylweb\/clients\/idrettsraadet.no\/wp-content\/uploads\/2016\/06\/treningstider.jpg","contentUrl":"http:\/\/109.199.118.79\/~rekylweb\/clients\/idrettsraadet.no\/wp-content\/uploads\/2016\/06\/treningstider.jpg"},{"@type":"BreadcrumbList","@id":"https:\/\/idrettsraadet.no\/tr\/antrenman-saati-tahsisleri\/#breadcrumb","itemListElement":[{"@type":"ListItem","position":1,"name":"Hjem","item":"https:\/\/idrettsraadet.no\/tr\/"},{"@type":"ListItem","position":2,"name":"Antrenman saati tahsisleri"}]},{"@type":"WebSite","@id":"https:\/\/idrettsraadet.no\/bn\/#website","url":"https:\/\/idrettsraadet.no\/bn\/","name":"Idrettsr\u00e5det Stavanger","description":"Idrett for alle.","publisher":{"@id":"https:\/\/idrettsraadet.no\/bn\/#organization"},"potentialAction":[{"@type":"SearchAction","target":{"@type":"EntryPoint","urlTemplate":"https:\/\/idrettsraadet.no\/bn\/?s={search_term_string}"},"query-input":{"@type":"PropertyValueSpecification","valueRequired":true,"valueName":"search_term_string"}}],"inLanguage":"tr"},{"@type":"Organization","@id":"https:\/\/idrettsraadet.no\/bn\/#organization","name":"Stavanger Idrettsr\u00e5d","url":"https:\/\/idrettsraadet.no\/bn\/","logo":{"@type":"ImageObject","inLanguage":"tr","@id":"https:\/\/idrettsraadet.no\/bn\/#\/schema\/logo\/image\/","url":"https:\/\/idrettsraadet.no\/wp-content\/uploads\/2016\/06\/logo.png","contentUrl":"https:\/\/idrettsraadet.no\/wp-content\/uploads\/2016\/06\/logo.png","width":149,"height":48,"caption":"Stavanger Idrettsr\u00e5d"},"image":{"@id":"https:\/\/idrettsraadet.no\/bn\/#\/schema\/logo\/image\/"}}]}},"_links":{"self":[{"href":"https:\/\/idrettsraadet.no\/tr\/wp-json\/wp\/v2\/pages\/12119","targetHints":{"allow":["GET"]}}],"collection":[{"href":"https:\/\/idrettsraadet.no\/tr\/wp-json\/wp\/v2\/pages"}],"about":[{"href":"https:\/\/idrettsraadet.no\/tr\/wp-json\/wp\/v2\/types\/page"}],"author":[{"embeddable":true,"href":"https:\/\/idrettsraadet.no\/tr\/wp-json\/wp\/v2\/users\/1"}],"replies":[{"embeddable":true,"href":"https:\/\/idrettsraadet.no\/tr\/wp-json\/wp\/v2\/comments?post=12119"}],"version-history":[{"count":0,"href":"https:\/\/idrettsraadet.no\/tr\/wp-json\/wp\/v2\/pages\/12119\/revisions"}],"wp:attachment":[{"href":"https:\/\/idrettsraadet.no\/tr\/wp-json\/wp\/v2\/media?parent=12119"}],"curies":[{"name":"wp","href":"https:\/\/api.w.org\/{rel}","templated":true}]}}