{"id":12121,"date":"2020-02-24T09:59:44","date_gmt":"2020-02-24T08:59:44","guid":{"rendered":"https:\/\/idrettsraadet.no\/spor-kulupleri\/onemli-tarihler\/"},"modified":"2020-02-24T09:59:44","modified_gmt":"2020-02-24T08:59:44","slug":"onemli-tarihler","status":"publish","type":"page","link":"https:\/\/idrettsraadet.no\/tr\/informasjon\/spor-kulupleri\/onemli-tarihler\/","title":{"rendered":"\u00d6nemli tarihler"},"content":{"rendered":"<p><strong>Her finner dere en\u00a0oversikt\u00a0over datoer som er viktige \u00e5 huske p\u00e5.<\/strong><\/p>\n<table width=\"100%\">\n<tbody>\n<tr>\n<td>Son ba\u015fvuru tarihi<\/td>\n<td>Ba\u015fvuru kapsam\u0131<\/td>\n<td>Ba\u015fvuru al\u0131c\u0131s\u0131<\/td>\n<\/tr>\n<tr>\n<td>1 \u015eubat<\/td>\n<td>Etkinlikler, belediye a\u00e7\u0131k alan tesisleri<\/td>\n<td>Stavanger Belediyesi<\/td>\n<\/tr>\n<tr>\n<td>1 Mart<\/td>\n<td>Antrenman saatleri ve etkinlikleri, belediye kapal\u0131 alan tesisleri<\/td>\n<td>Stavanger Belediyesi<\/td>\n<\/tr>\n<tr>\n<td>1 Mart<\/td>\n<td>Y\u00fczme yaz antrenman\u0131 ve spor salonlar\u0131<\/td>\n<td>Stavanger Belediyesi<\/td>\n<\/tr>\n<tr>\n<td>15 Mart<\/td>\n<td>Tesis hibesi<\/td>\n<td>Stavanger Belediyesi<\/td>\n<\/tr>\n<tr>\n<td>Mart ortas\u0131<\/td>\n<td>Y\u0131ll\u0131k toplant\u0131, Spor Konseyi<\/td>\n<td><\/td>\n<\/tr>\n<tr>\n<td>1 Nisan ve 1 Kas\u0131m<\/td>\n<td>B\u00fcy\u00fck spor etkinlikleri i\u00e7in destek ba\u015fvurusu (en az Norve\u00e7 ulusal \u015fampiyonas\u0131)<\/td>\n<td>Stavanger Belediyesi<\/td>\n<\/tr>\n<tr>\n<td>5 Nisan<\/td>\n<td>Belediye hibeleri (faaliyet te\u015fviki, spor hibesi)<\/td>\n<td>Idrettsr\u00e5det<\/td>\n<\/tr>\n<tr>\n<td>5 Nisan<\/td>\n<td>Lokale Aktivitetsmidler (Yerel sporlar i\u00e7in finansman) (faaliyet te\u015fviklerine ba\u015fvuru ile otomatik olarak ba\u015fvurulmu\u015f olunur)<\/td>\n<td>Idrettsr\u00e5det<\/td>\n<\/tr>\n<tr>\n<td><\/td>\n<td><\/td>\n<td><\/td>\n<\/tr>\n<tr>\n<td>30 Nisan<\/td>\n<td>Norve\u00e7 Olimpiyat ve Paralimpik Komitesi ile Spor Konfederasyonu&#8217;na koordineli raporlama (eski ad\u0131yla \u201cidrettsregistrering\u201d)<\/td>\n<td>NIF<\/td>\n<\/tr>\n<tr>\n<td>1 Kas\u0131m<\/td>\n<td>\u00c7ekili\u015f fonlar\u0131n\u0131n tahsisi<\/td>\n<td>Stavanger Belediyesi<\/td>\n<\/tr>\n<tr>\n<td>1 Kas\u0131m<\/td>\n<td>Antrenman saatleri belediye a\u00e7\u0131k alan tesisleri<\/td>\n<td>Idrettsr\u00e5det<\/td>\n<\/tr>\n<tr>\n<td>1 Kas\u0131m<\/td>\n<td>B\u00fcy\u00fck spor etkinlikleri i\u00e7in destek ba\u015fvurusu (en az Norve\u00e7 ulusal \u015fampiyonas\u0131)<\/td>\n<td>Stavanger Belediyesi<\/td>\n<\/tr>\n<tr>\n<td>1 Kas\u0131m (2 senede bir)<\/td>\n<td>Sat\u0131\u015f ve reklam haklar\u0131 belediye tesisleri<\/td>\n<td>Stavanger Belediyesi<\/td>\n<\/tr>\n<tr>\n<td>15 Kas\u0131m<\/td>\n<td>Kul\u00fcp Giri\u015fim \u00d6d\u00fcl\u00fc adaylar\u0131n\u0131n belirlenmesi<\/td>\n<td>Idrettsr\u00e5det<\/td>\n<\/tr>\n<tr>\n<td>1 Aral\u0131k<\/td>\n<td>Norve\u00e7 \u015fampiyonlar\u0131n\u0131n ve uluslararas\u0131 \u015fampiyonlar\u0131n raporlanmas\u0131. Y\u0131lba\u015f\u0131 G\u00fcn\u00fc duyurulur<\/td>\n<td>Stavanger Belediyesi<\/td>\n<\/tr>\n<tr>\n<td>19 Aral\u0131k<\/td>\n<td>\u00c7ocuk ve gen\u00e7 departmanlar\u0131 olan spor kul\u00fcplerinin idari pozisyonlar\u0131ndaki ki\u015filere y\u00f6nelik hibeler<\/td>\n<td>Stavanger Belediyesi<\/td>\n<\/tr>\n<\/tbody>\n<\/table>\n","protected":false},"excerpt":{"rendered":"<p>Her finner dere en\u00a0oversikt\u00a0over datoer som er viktige \u00e5 huske p\u00e5. Son ba\u015fvuru tarihi Ba\u015fvuru kapsam\u0131 Ba\u015fvuru al\u0131c\u0131s\u0131 1 \u015eubat Etkinlikler, belediye a\u00e7\u0131k alan tesisleri Stavanger Belediyesi 1 Mart Antrenman saatleri ve etkinlikleri, belediye kapal\u0131 alan tesisleri Stavanger Belediyesi 1 Mart Y\u00fczme yaz antrenman\u0131 ve spor salonlar\u0131 Stavanger Belediyesi 15 Mart Tesis hibesi Stavanger Belediyesi [&hellip;]<\/p>\n","protected":false},"author":1,"featured_media":0,"parent":12120,"menu_order":0,"comment_status":"closed","ping_status":"closed","template":"","meta":{"site-sidebar-layout":"default","site-content-layout":"default","ast-site-content-layout":"default","site-content-style":"default","site-sidebar-style":"default","ast-global-header-display":"","ast-banner-title-visibility":"","ast-main-header-display":"","ast-hfb-above-header-display":"","ast-hfb-below-header-display":"","ast-hfb-mobile-header-display":"","site-post-title":"","ast-breadcrumbs-content":"","ast-featured-img":"","footer-sml-layout":"","ast-disable-related-posts":"","theme-transparent-header-meta":"default","adv-header-id-meta":"","stick-header-meta":"default","header-above-stick-meta":"","header-main-stick-meta":"","header-below-stick-meta":"","astra-migrate-meta-layouts":"default","ast-page-background-enabled":"default","ast-page-background-meta":{"desktop":{"background-color":"","background-image":"","background-repeat":"repeat","background-position":"center center","background-size":"auto","background-attachment":"scroll","background-type":"","background-media":"","overlay-type":"","overlay-color":"","overlay-opacity":"","overlay-gradient":""},"tablet":{"background-color":"","background-image":"","background-repeat":"repeat","background-position":"center center","background-size":"auto","background-attachment":"scroll","background-type":"","background-media":"","overlay-type":"","overlay-color":"","overlay-opacity":"","overlay-gradient":""},"mobile":{"background-color":"","background-image":"","background-repeat":"repeat","background-position":"center center","background-size":"auto","background-attachment":"scroll","background-type":"","background-media":"","overlay-type":"","overlay-color":"","overlay-opacity":"","overlay-gradient":""}},"ast-content-background-meta":{"desktop":{"background-color":"var(--ast-global-color-5)","background-image":"","background-repeat":"repeat","background-position":"center center","background-size":"auto","background-attachment":"scroll","background-type":"","background-media":"","overlay-type":"","overlay-color":"","overlay-opacity":"","overlay-gradient":""},"tablet":{"background-color":"var(--ast-global-color-5)","background-image":"","background-repeat":"repeat","background-position":"center center","background-size":"auto","background-attachment":"scroll","background-type":"","background-media":"","overlay-type":"","overlay-color":"","overlay-opacity":"","overlay-gradient":""},"mobile":{"background-color":"var(--ast-global-color-5)","background-image":"","background-repeat":"repeat","background-position":"center center","background-size":"auto","background-attachment":"scroll","background-type":"","background-media":"","overlay-type":"","overlay-color":"","overlay-opacity":"","overlay-gradient":""}},"footnotes":""},"class_list":["post-12121","page","type-page","status-publish","hentry"],"yoast_head":"<!-- This site is optimized with the Yoast SEO plugin v27.4 - https:\/\/yoast.com\/product\/yoast-seo-wordpress\/ -->\n<title>\u00d6nemli tarihler - Idrettsr\u00e5det Stavanger<\/title>\n<meta name=\"robots\" content=\"index, follow, max-snippet:-1, max-image-preview:large, max-video-preview:-1\" \/>\n<link rel=\"canonical\" href=\"https:\/\/idrettsraadet.no\/tr\/informasjon\/spor-kulupleri\/onemli-tarihler\/\" \/>\n<meta property=\"og:locale\" content=\"tr_TR\" \/>\n<meta property=\"og:type\" content=\"article\" \/>\n<meta property=\"og:title\" content=\"\u00d6nemli tarihler - Idrettsr\u00e5det Stavanger\" \/>\n<meta property=\"og:description\" content=\"Her finner dere en\u00a0oversikt\u00a0over datoer som er viktige \u00e5 huske p\u00e5. Son ba\u015fvuru tarihi Ba\u015fvuru kapsam\u0131 Ba\u015fvuru al\u0131c\u0131s\u0131 1 \u015eubat Etkinlikler, belediye a\u00e7\u0131k alan tesisleri Stavanger Belediyesi 1 Mart Antrenman saatleri ve etkinlikleri, belediye kapal\u0131 alan tesisleri Stavanger Belediyesi 1 Mart Y\u00fczme yaz antrenman\u0131 ve spor salonlar\u0131 Stavanger Belediyesi 15 Mart Tesis hibesi Stavanger Belediyesi [&hellip;]\" \/>\n<meta property=\"og:url\" content=\"https:\/\/idrettsraadet.no\/tr\/informasjon\/spor-kulupleri\/onemli-tarihler\/\" \/>\n<meta property=\"og:site_name\" content=\"Idrettsr\u00e5det Stavanger\" \/>\n<meta name=\"twitter:card\" content=\"summary_large_image\" \/>\n<meta name=\"twitter:label1\" content=\"Tahmini okuma s\u00fcresi\" \/>\n\t<meta name=\"twitter:data1\" content=\"1 dakika\" \/>\n<script type=\"application\/ld+json\" class=\"yoast-schema-graph\">{\"@context\":\"https:\\\/\\\/schema.org\",\"@graph\":[{\"@type\":\"WebPage\",\"@id\":\"https:\\\/\\\/idrettsraadet.no\\\/tr\\\/informasjon\\\/spor-kulupleri\\\/onemli-tarihler\\\/\",\"url\":\"https:\\\/\\\/idrettsraadet.no\\\/tr\\\/informasjon\\\/spor-kulupleri\\\/onemli-tarihler\\\/\",\"name\":\"\u00d6nemli tarihler - Idrettsr\u00e5det Stavanger\",\"isPartOf\":{\"@id\":\"https:\\\/\\\/idrettsraadet.no\\\/bn\\\/#website\"},\"datePublished\":\"2020-02-24T08:59:44+00:00\",\"breadcrumb\":{\"@id\":\"https:\\\/\\\/idrettsraadet.no\\\/tr\\\/informasjon\\\/spor-kulupleri\\\/onemli-tarihler\\\/#breadcrumb\"},\"inLanguage\":\"tr\",\"potentialAction\":[{\"@type\":\"ReadAction\",\"target\":[\"https:\\\/\\\/idrettsraadet.no\\\/tr\\\/informasjon\\\/spor-kulupleri\\\/onemli-tarihler\\\/\"]}]},{\"@type\":\"BreadcrumbList\",\"@id\":\"https:\\\/\\\/idrettsraadet.no\\\/tr\\\/informasjon\\\/spor-kulupleri\\\/onemli-tarihler\\\/#breadcrumb\",\"itemListElement\":[{\"@type\":\"ListItem\",\"position\":1,\"name\":\"Hjem\",\"item\":\"https:\\\/\\\/idrettsraadet.no\\\/tr\\\/\"},{\"@type\":\"ListItem\",\"position\":2,\"name\":\"\u00d6zel: Bilgi\",\"item\":\"https:\\\/\\\/idrettsraadet.no\\\/tr\\\/?page_id=12129\"},{\"@type\":\"ListItem\",\"position\":3,\"name\":\"Spor kul\u00fcpleri\",\"item\":\"https:\\\/\\\/idrettsraadet.no\\\/tr\\\/informasjon\\\/spor-kulupleri\\\/\"},{\"@type\":\"ListItem\",\"position\":4,\"name\":\"\u00d6nemli tarihler\"}]},{\"@type\":\"WebSite\",\"@id\":\"https:\\\/\\\/idrettsraadet.no\\\/bn\\\/#website\",\"url\":\"https:\\\/\\\/idrettsraadet.no\\\/bn\\\/\",\"name\":\"Idrettsr\u00e5det Stavanger\",\"description\":\"Idrett for alle.\",\"publisher\":{\"@id\":\"https:\\\/\\\/idrettsraadet.no\\\/bn\\\/#organization\"},\"potentialAction\":[{\"@type\":\"SearchAction\",\"target\":{\"@type\":\"EntryPoint\",\"urlTemplate\":\"https:\\\/\\\/idrettsraadet.no\\\/bn\\\/?s={search_term_string}\"},\"query-input\":{\"@type\":\"PropertyValueSpecification\",\"valueRequired\":true,\"valueName\":\"search_term_string\"}}],\"inLanguage\":\"tr\"},{\"@type\":\"Organization\",\"@id\":\"https:\\\/\\\/idrettsraadet.no\\\/bn\\\/#organization\",\"name\":\"Stavanger Idrettsr\u00e5d\",\"url\":\"https:\\\/\\\/idrettsraadet.no\\\/bn\\\/\",\"logo\":{\"@type\":\"ImageObject\",\"inLanguage\":\"tr\",\"@id\":\"https:\\\/\\\/idrettsraadet.no\\\/bn\\\/#\\\/schema\\\/logo\\\/image\\\/\",\"url\":\"https:\\\/\\\/idrettsraadet.no\\\/wp-content\\\/uploads\\\/2016\\\/06\\\/logo.png\",\"contentUrl\":\"https:\\\/\\\/idrettsraadet.no\\\/wp-content\\\/uploads\\\/2016\\\/06\\\/logo.png\",\"width\":149,\"height\":48,\"caption\":\"Stavanger Idrettsr\u00e5d\"},\"image\":{\"@id\":\"https:\\\/\\\/idrettsraadet.no\\\/bn\\\/#\\\/schema\\\/logo\\\/image\\\/\"}}]}<\/script>\n<!-- \/ Yoast SEO plugin. -->","yoast_head_json":{"title":"\u00d6nemli tarihler - Idrettsr\u00e5det Stavanger","robots":{"index":"index","follow":"follow","max-snippet":"max-snippet:-1","max-image-preview":"max-image-preview:large","max-video-preview":"max-video-preview:-1"},"canonical":"https:\/\/idrettsraadet.no\/tr\/informasjon\/spor-kulupleri\/onemli-tarihler\/","og_locale":"tr_TR","og_type":"article","og_title":"\u00d6nemli tarihler - Idrettsr\u00e5det Stavanger","og_description":"Her finner dere en\u00a0oversikt\u00a0over datoer som er viktige \u00e5 huske p\u00e5. Son ba\u015fvuru tarihi Ba\u015fvuru kapsam\u0131 Ba\u015fvuru al\u0131c\u0131s\u0131 1 \u015eubat Etkinlikler, belediye a\u00e7\u0131k alan tesisleri Stavanger Belediyesi 1 Mart Antrenman saatleri ve etkinlikleri, belediye kapal\u0131 alan tesisleri Stavanger Belediyesi 1 Mart Y\u00fczme yaz antrenman\u0131 ve spor salonlar\u0131 Stavanger Belediyesi 15 Mart Tesis hibesi Stavanger Belediyesi [&hellip;]","og_url":"https:\/\/idrettsraadet.no\/tr\/informasjon\/spor-kulupleri\/onemli-tarihler\/","og_site_name":"Idrettsr\u00e5det Stavanger","twitter_card":"summary_large_image","twitter_misc":{"Tahmini okuma s\u00fcresi":"1 dakika"},"schema":{"@context":"https:\/\/schema.org","@graph":[{"@type":"WebPage","@id":"https:\/\/idrettsraadet.no\/tr\/informasjon\/spor-kulupleri\/onemli-tarihler\/","url":"https:\/\/idrettsraadet.no\/tr\/informasjon\/spor-kulupleri\/onemli-tarihler\/","name":"\u00d6nemli tarihler - Idrettsr\u00e5det Stavanger","isPartOf":{"@id":"https:\/\/idrettsraadet.no\/bn\/#website"},"datePublished":"2020-02-24T08:59:44+00:00","breadcrumb":{"@id":"https:\/\/idrettsraadet.no\/tr\/informasjon\/spor-kulupleri\/onemli-tarihler\/#breadcrumb"},"inLanguage":"tr","potentialAction":[{"@type":"ReadAction","target":["https:\/\/idrettsraadet.no\/tr\/informasjon\/spor-kulupleri\/onemli-tarihler\/"]}]},{"@type":"BreadcrumbList","@id":"https:\/\/idrettsraadet.no\/tr\/informasjon\/spor-kulupleri\/onemli-tarihler\/#breadcrumb","itemListElement":[{"@type":"ListItem","position":1,"name":"Hjem","item":"https:\/\/idrettsraadet.no\/tr\/"},{"@type":"ListItem","position":2,"name":"\u00d6zel: Bilgi","item":"https:\/\/idrettsraadet.no\/tr\/?page_id=12129"},{"@type":"ListItem","position":3,"name":"Spor kul\u00fcpleri","item":"https:\/\/idrettsraadet.no\/tr\/informasjon\/spor-kulupleri\/"},{"@type":"ListItem","position":4,"name":"\u00d6nemli tarihler"}]},{"@type":"WebSite","@id":"https:\/\/idrettsraadet.no\/bn\/#website","url":"https:\/\/idrettsraadet.no\/bn\/","name":"Idrettsr\u00e5det Stavanger","description":"Idrett for alle.","publisher":{"@id":"https:\/\/idrettsraadet.no\/bn\/#organization"},"potentialAction":[{"@type":"SearchAction","target":{"@type":"EntryPoint","urlTemplate":"https:\/\/idrettsraadet.no\/bn\/?s={search_term_string}"},"query-input":{"@type":"PropertyValueSpecification","valueRequired":true,"valueName":"search_term_string"}}],"inLanguage":"tr"},{"@type":"Organization","@id":"https:\/\/idrettsraadet.no\/bn\/#organization","name":"Stavanger Idrettsr\u00e5d","url":"https:\/\/idrettsraadet.no\/bn\/","logo":{"@type":"ImageObject","inLanguage":"tr","@id":"https:\/\/idrettsraadet.no\/bn\/#\/schema\/logo\/image\/","url":"https:\/\/idrettsraadet.no\/wp-content\/uploads\/2016\/06\/logo.png","contentUrl":"https:\/\/idrettsraadet.no\/wp-content\/uploads\/2016\/06\/logo.png","width":149,"height":48,"caption":"Stavanger Idrettsr\u00e5d"},"image":{"@id":"https:\/\/idrettsraadet.no\/bn\/#\/schema\/logo\/image\/"}}]}},"_links":{"self":[{"href":"https:\/\/idrettsraadet.no\/tr\/wp-json\/wp\/v2\/pages\/12121","targetHints":{"allow":["GET"]}}],"collection":[{"href":"https:\/\/idrettsraadet.no\/tr\/wp-json\/wp\/v2\/pages"}],"about":[{"href":"https:\/\/idrettsraadet.no\/tr\/wp-json\/wp\/v2\/types\/page"}],"author":[{"embeddable":true,"href":"https:\/\/idrettsraadet.no\/tr\/wp-json\/wp\/v2\/users\/1"}],"replies":[{"embeddable":true,"href":"https:\/\/idrettsraadet.no\/tr\/wp-json\/wp\/v2\/comments?post=12121"}],"version-history":[{"count":0,"href":"https:\/\/idrettsraadet.no\/tr\/wp-json\/wp\/v2\/pages\/12121\/revisions"}],"up":[{"embeddable":true,"href":"https:\/\/idrettsraadet.no\/tr\/wp-json\/wp\/v2\/pages\/12120"}],"wp:attachment":[{"href":"https:\/\/idrettsraadet.no\/tr\/wp-json\/wp\/v2\/media?parent=12121"}],"curies":[{"name":"wp","href":"https:\/\/api.w.org\/{rel}","templated":true}]}}