{"id":12122,"date":"2020-02-24T10:01:52","date_gmt":"2020-02-24T09:01:52","guid":{"rendered":"https:\/\/idrettsraadet.no\/spor-kulupleri\/yeni-spor-kulubu\/"},"modified":"2020-02-24T10:01:52","modified_gmt":"2020-02-24T09:01:52","slug":"yeni-spor-kulubu","status":"publish","type":"page","link":"https:\/\/idrettsraadet.no\/tr\/informasjon\/spor-kulupleri\/yeni-spor-kulubu\/","title":{"rendered":"Yeni spor kul\u00fcb\u00fc"},"content":{"rendered":"<h4>Yeni bir spor kul\u00fcb\u00fc kurmay\u0131 veya bir s\u00fcredir kapal\u0131 olan bir spor kul\u00fcb\u00fcn\u00fc tekrar faaliyet ge\u00e7irmeyi d\u00fc\u015f\u00fcn\u00fcyorsan\u0131z bu sayfa s\u00f6z konusu \u00e7al\u0131\u015fman\u0131za destek amac\u0131 ta\u015f\u0131maktad\u0131r. Burada, do\u011fru formlar\u0131n yan\u0131 s\u0131ra konuya ili\u015fkin baz\u0131 ipu\u00e7lar\u0131na ula\u015fabilirsiniz.<\/h4>\n<p>Yapabilece\u011finiz ilk \u015fey, bu iki formu indirmektir:<\/p>\n<p>\u2013\u00a0<a href=\"http:\/\/109.199.118.79\/~rekylweb\/clients\/idrettsraadet.no\/wp-content\/uploads\/2016\/06\/Lovnorm_for_IL__.doc\">Spor kul\u00fcpleri i\u00e7in t\u00fcz\u00fck standartlar\u0131<\/a><br \/>\n<a href=\"https:\/\/www.idrettsforbundet.no\/klubbguiden\/stiftelse-og-opptak-av-idrettslag\/\">\u2013 Norve\u00e7 Olimpiyat ve Paralimpik Komitesi ile Spor Konfederasyonu\u2019na \u00fcyelik\/yeniden kabul ba\u015fvurusu<\/a><\/p>\n<p>En ilgili bilgilere bu iki form i\u00e7erisinde ula\u015fabilirsiniz. Bu sayfadaki ek bilgiler, tam olarak bu formlardan al\u0131nm\u0131\u015ft\u0131r.<\/p>\n<h4>Kurucu toplant\u0131s\u0131:<\/h4>\n<p>Yeni bir spor kul\u00fcb\u00fc kurmak isteyen ki\u015filer, kurucu toplant\u0131s\u0131na davetleri haz\u0131rlamak i\u00e7in s\u00fcre\u00e7le ilgilenen ki\u015filer aras\u0131ndan bir komite olu\u015fturur.<br \/>\nKurucu toplant\u0131s\u0131 i\u00e7in a\u015fa\u011f\u0131dakileri i\u00e7eren bir g\u00fcndem listesi olu\u015fturulur:<br \/>\n\u2013 Toplant\u0131 a\u00e7\u0131l\u0131\u015f\u0131 ve toplant\u0131 g\u00fcndemine ili\u015fkin bilgilendirme.<br \/>\n\u2013 Kul\u00fcb\u00fcn dahil olaca\u011f\u0131 spor dal\u0131.<br \/>\n\u2013 Spor kul\u00fcb\u00fc kurma karar\u0131.<br \/>\n\u2013 Kul\u00fcb\u00fcn ismi.<br \/>\n\u2013 Yasalara uygun \u015fekilde temsilcilerin se\u00e7ilmesi.<\/p>\n<h4>\u0130sim:<\/h4>\n<p>\u2013 isim, i\u00e7erisinde kul\u00fcp\/dernek kullanan bir spor kul\u00fcb\u00fc oldu\u011funu g\u00f6stermeli<br \/>\n\u2013 Norve\u00e7\u00e7e olmal\u0131, mitolojiden t\u00fcretilmi\u015f olabilir<br \/>\n\u2013 yabanc\u0131 isimler ancak ilgili spor dal\u0131nda yabanc\u0131 terminolojinin yayg\u0131n olmas\u0131 durumunda onaylanabilir<br \/>\n\u2013 tercihen konumu\/b\u00f6lgeyi\/belediyeyi ifade etmelidir<br \/>\n\u2013 Kul\u00fcp, ismi ile birden fazla belediyeyi kaps\u0131yorsa as\u0131l belediyesinin hangisi oldu\u011funu belirtmelidir (ileti\u015fim komitesi kat\u0131l\u0131m\u0131 vb.)<br \/>\n\u2013 nispeten k\u0131sa\/basit\/anlaml\u0131 olmal\u0131d\u0131r<br \/>\n\u2013 kul\u00fcpte itibarl\u0131 ve kolay anla\u015f\u0131l\u0131r bir \u00e7er\u00e7eve sa\u011flamal\u0131d\u0131r<\/p>\n<h4>Ba\u015flang\u0131\u00e7ta \u00fcyelik numaralar\u0131:<\/h4>\n<p>Bir spor kul\u00fcb\u00fcn\u00fcn kaydedilebilmesi veya devam ettirilebilmesi i\u00e7in en az 12-15 \u00fcyeye sahip olmas\u0131 gerekir. Bu, yeni spor kul\u00fcpleri i\u00e7in kesin asgari rakamd\u0131r.<\/p>\n<p>Yukar\u0131daki formlar doldurulur ve Rogaland Idrettskrets&#8217;e (Rogaland Spor B\u00f6lgesi) g\u00f6nderilir. Hem yaz\u0131\u015fma hem de e-posta adresi ba\u015fvuru formunda bulunabilir. Rogaland Spor B\u00f6lgesi, mevcut ulusal federasyonlar\u0131n yan\u0131 s\u0131ra ekibin ait oldu\u011fu belediyenin spor konseyinden a\u00e7\u0131klamalar al\u0131r. Bu kurumlar\u0131n i\u015fletmeyi desteklemesi durumunda, kul\u00fcp NIF\u2019e kabul edilir.<\/p>\n","protected":false},"excerpt":{"rendered":"<p>Yeni bir spor kul\u00fcb\u00fc kurmay\u0131 veya bir s\u00fcredir kapal\u0131 olan bir spor kul\u00fcb\u00fcn\u00fc tekrar faaliyet ge\u00e7irmeyi d\u00fc\u015f\u00fcn\u00fcyorsan\u0131z bu sayfa s\u00f6z konusu \u00e7al\u0131\u015fman\u0131za destek amac\u0131 ta\u015f\u0131maktad\u0131r. Burada, do\u011fru formlar\u0131n yan\u0131 s\u0131ra konuya ili\u015fkin baz\u0131 ipu\u00e7lar\u0131na ula\u015fabilirsiniz. Yapabilece\u011finiz ilk \u015fey, bu iki formu indirmektir: \u2013\u00a0Spor kul\u00fcpleri i\u00e7in t\u00fcz\u00fck standartlar\u0131 \u2013 Norve\u00e7 Olimpiyat ve Paralimpik Komitesi ile Spor [&hellip;]<\/p>\n","protected":false},"author":1,"featured_media":0,"parent":12120,"menu_order":0,"comment_status":"closed","ping_status":"closed","template":"","meta":{"site-sidebar-layout":"default","site-content-layout":"default","ast-site-content-layout":"default","site-content-style":"default","site-sidebar-style":"default","ast-global-header-display":"","ast-banner-title-visibility":"","ast-main-header-display":"","ast-hfb-above-header-display":"","ast-hfb-below-header-display":"","ast-hfb-mobile-header-display":"","site-post-title":"","ast-breadcrumbs-content":"","ast-featured-img":"","footer-sml-layout":"","ast-disable-related-posts":"","theme-transparent-header-meta":"default","adv-header-id-meta":"","stick-header-meta":"default","header-above-stick-meta":"","header-main-stick-meta":"","header-below-stick-meta":"","astra-migrate-meta-layouts":"default","ast-page-background-enabled":"default","ast-page-background-meta":{"desktop":{"background-color":"","background-image":"","background-repeat":"repeat","background-position":"center center","background-size":"auto","background-attachment":"scroll","background-type":"","background-media":"","overlay-type":"","overlay-color":"","overlay-opacity":"","overlay-gradient":""},"tablet":{"background-color":"","background-image":"","background-repeat":"repeat","background-position":"center center","background-size":"auto","background-attachment":"scroll","background-type":"","background-media":"","overlay-type":"","overlay-color":"","overlay-opacity":"","overlay-gradient":""},"mobile":{"background-color":"","background-image":"","background-repeat":"repeat","background-position":"center center","background-size":"auto","background-attachment":"scroll","background-type":"","background-media":"","overlay-type":"","overlay-color":"","overlay-opacity":"","overlay-gradient":""}},"ast-content-background-meta":{"desktop":{"background-color":"var(--ast-global-color-5)","background-image":"","background-repeat":"repeat","background-position":"center center","background-size":"auto","background-attachment":"scroll","background-type":"","background-media":"","overlay-type":"","overlay-color":"","overlay-opacity":"","overlay-gradient":""},"tablet":{"background-color":"var(--ast-global-color-5)","background-image":"","background-repeat":"repeat","background-position":"center center","background-size":"auto","background-attachment":"scroll","background-type":"","background-media":"","overlay-type":"","overlay-color":"","overlay-opacity":"","overlay-gradient":""},"mobile":{"background-color":"var(--ast-global-color-5)","background-image":"","background-repeat":"repeat","background-position":"center center","background-size":"auto","background-attachment":"scroll","background-type":"","background-media":"","overlay-type":"","overlay-color":"","overlay-opacity":"","overlay-gradient":""}},"footnotes":""},"class_list":["post-12122","page","type-page","status-publish","hentry"],"yoast_head":"<!-- This site is optimized with the Yoast SEO plugin v27.4 - https:\/\/yoast.com\/product\/yoast-seo-wordpress\/ -->\n<title>Yeni spor kul\u00fcb\u00fc - Idrettsr\u00e5det Stavanger<\/title>\n<meta name=\"robots\" content=\"index, follow, max-snippet:-1, max-image-preview:large, max-video-preview:-1\" \/>\n<link rel=\"canonical\" href=\"https:\/\/idrettsraadet.no\/tr\/informasjon\/spor-kulupleri\/yeni-spor-kulubu\/\" \/>\n<meta property=\"og:locale\" content=\"tr_TR\" \/>\n<meta property=\"og:type\" content=\"article\" \/>\n<meta property=\"og:title\" content=\"Yeni spor kul\u00fcb\u00fc - Idrettsr\u00e5det Stavanger\" \/>\n<meta property=\"og:description\" content=\"Yeni bir spor kul\u00fcb\u00fc kurmay\u0131 veya bir s\u00fcredir kapal\u0131 olan bir spor kul\u00fcb\u00fcn\u00fc tekrar faaliyet ge\u00e7irmeyi d\u00fc\u015f\u00fcn\u00fcyorsan\u0131z bu sayfa s\u00f6z konusu \u00e7al\u0131\u015fman\u0131za destek amac\u0131 ta\u015f\u0131maktad\u0131r. Burada, do\u011fru formlar\u0131n yan\u0131 s\u0131ra konuya ili\u015fkin baz\u0131 ipu\u00e7lar\u0131na ula\u015fabilirsiniz. Yapabilece\u011finiz ilk \u015fey, bu iki formu indirmektir: \u2013\u00a0Spor kul\u00fcpleri i\u00e7in t\u00fcz\u00fck standartlar\u0131 \u2013 Norve\u00e7 Olimpiyat ve Paralimpik Komitesi ile Spor [&hellip;]\" \/>\n<meta property=\"og:url\" content=\"https:\/\/idrettsraadet.no\/tr\/informasjon\/spor-kulupleri\/yeni-spor-kulubu\/\" \/>\n<meta property=\"og:site_name\" content=\"Idrettsr\u00e5det Stavanger\" \/>\n<meta name=\"twitter:card\" content=\"summary_large_image\" \/>\n<meta name=\"twitter:label1\" content=\"Tahmini okuma s\u00fcresi\" \/>\n\t<meta name=\"twitter:data1\" content=\"2 dakika\" \/>\n<script type=\"application\/ld+json\" class=\"yoast-schema-graph\">{\"@context\":\"https:\\\/\\\/schema.org\",\"@graph\":[{\"@type\":\"WebPage\",\"@id\":\"https:\\\/\\\/idrettsraadet.no\\\/tr\\\/informasjon\\\/spor-kulupleri\\\/yeni-spor-kulubu\\\/\",\"url\":\"https:\\\/\\\/idrettsraadet.no\\\/tr\\\/informasjon\\\/spor-kulupleri\\\/yeni-spor-kulubu\\\/\",\"name\":\"Yeni spor kul\u00fcb\u00fc - Idrettsr\u00e5det Stavanger\",\"isPartOf\":{\"@id\":\"https:\\\/\\\/idrettsraadet.no\\\/bn\\\/#website\"},\"datePublished\":\"2020-02-24T09:01:52+00:00\",\"breadcrumb\":{\"@id\":\"https:\\\/\\\/idrettsraadet.no\\\/tr\\\/informasjon\\\/spor-kulupleri\\\/yeni-spor-kulubu\\\/#breadcrumb\"},\"inLanguage\":\"tr\",\"potentialAction\":[{\"@type\":\"ReadAction\",\"target\":[\"https:\\\/\\\/idrettsraadet.no\\\/tr\\\/informasjon\\\/spor-kulupleri\\\/yeni-spor-kulubu\\\/\"]}]},{\"@type\":\"BreadcrumbList\",\"@id\":\"https:\\\/\\\/idrettsraadet.no\\\/tr\\\/informasjon\\\/spor-kulupleri\\\/yeni-spor-kulubu\\\/#breadcrumb\",\"itemListElement\":[{\"@type\":\"ListItem\",\"position\":1,\"name\":\"Hjem\",\"item\":\"https:\\\/\\\/idrettsraadet.no\\\/tr\\\/\"},{\"@type\":\"ListItem\",\"position\":2,\"name\":\"\u00d6zel: Bilgi\",\"item\":\"https:\\\/\\\/idrettsraadet.no\\\/tr\\\/?page_id=12129\"},{\"@type\":\"ListItem\",\"position\":3,\"name\":\"Spor kul\u00fcpleri\",\"item\":\"https:\\\/\\\/idrettsraadet.no\\\/tr\\\/informasjon\\\/spor-kulupleri\\\/\"},{\"@type\":\"ListItem\",\"position\":4,\"name\":\"Yeni spor kul\u00fcb\u00fc\"}]},{\"@type\":\"WebSite\",\"@id\":\"https:\\\/\\\/idrettsraadet.no\\\/bn\\\/#website\",\"url\":\"https:\\\/\\\/idrettsraadet.no\\\/bn\\\/\",\"name\":\"Idrettsr\u00e5det Stavanger\",\"description\":\"Idrett for alle.\",\"publisher\":{\"@id\":\"https:\\\/\\\/idrettsraadet.no\\\/bn\\\/#organization\"},\"potentialAction\":[{\"@type\":\"SearchAction\",\"target\":{\"@type\":\"EntryPoint\",\"urlTemplate\":\"https:\\\/\\\/idrettsraadet.no\\\/bn\\\/?s={search_term_string}\"},\"query-input\":{\"@type\":\"PropertyValueSpecification\",\"valueRequired\":true,\"valueName\":\"search_term_string\"}}],\"inLanguage\":\"tr\"},{\"@type\":\"Organization\",\"@id\":\"https:\\\/\\\/idrettsraadet.no\\\/bn\\\/#organization\",\"name\":\"Stavanger Idrettsr\u00e5d\",\"url\":\"https:\\\/\\\/idrettsraadet.no\\\/bn\\\/\",\"logo\":{\"@type\":\"ImageObject\",\"inLanguage\":\"tr\",\"@id\":\"https:\\\/\\\/idrettsraadet.no\\\/bn\\\/#\\\/schema\\\/logo\\\/image\\\/\",\"url\":\"https:\\\/\\\/idrettsraadet.no\\\/wp-content\\\/uploads\\\/2016\\\/06\\\/logo.png\",\"contentUrl\":\"https:\\\/\\\/idrettsraadet.no\\\/wp-content\\\/uploads\\\/2016\\\/06\\\/logo.png\",\"width\":149,\"height\":48,\"caption\":\"Stavanger Idrettsr\u00e5d\"},\"image\":{\"@id\":\"https:\\\/\\\/idrettsraadet.no\\\/bn\\\/#\\\/schema\\\/logo\\\/image\\\/\"}}]}<\/script>\n<!-- \/ Yoast SEO plugin. -->","yoast_head_json":{"title":"Yeni spor kul\u00fcb\u00fc - Idrettsr\u00e5det Stavanger","robots":{"index":"index","follow":"follow","max-snippet":"max-snippet:-1","max-image-preview":"max-image-preview:large","max-video-preview":"max-video-preview:-1"},"canonical":"https:\/\/idrettsraadet.no\/tr\/informasjon\/spor-kulupleri\/yeni-spor-kulubu\/","og_locale":"tr_TR","og_type":"article","og_title":"Yeni spor kul\u00fcb\u00fc - Idrettsr\u00e5det Stavanger","og_description":"Yeni bir spor kul\u00fcb\u00fc kurmay\u0131 veya bir s\u00fcredir kapal\u0131 olan bir spor kul\u00fcb\u00fcn\u00fc tekrar faaliyet ge\u00e7irmeyi d\u00fc\u015f\u00fcn\u00fcyorsan\u0131z bu sayfa s\u00f6z konusu \u00e7al\u0131\u015fman\u0131za destek amac\u0131 ta\u015f\u0131maktad\u0131r. Burada, do\u011fru formlar\u0131n yan\u0131 s\u0131ra konuya ili\u015fkin baz\u0131 ipu\u00e7lar\u0131na ula\u015fabilirsiniz. Yapabilece\u011finiz ilk \u015fey, bu iki formu indirmektir: \u2013\u00a0Spor kul\u00fcpleri i\u00e7in t\u00fcz\u00fck standartlar\u0131 \u2013 Norve\u00e7 Olimpiyat ve Paralimpik Komitesi ile Spor [&hellip;]","og_url":"https:\/\/idrettsraadet.no\/tr\/informasjon\/spor-kulupleri\/yeni-spor-kulubu\/","og_site_name":"Idrettsr\u00e5det Stavanger","twitter_card":"summary_large_image","twitter_misc":{"Tahmini okuma s\u00fcresi":"2 dakika"},"schema":{"@context":"https:\/\/schema.org","@graph":[{"@type":"WebPage","@id":"https:\/\/idrettsraadet.no\/tr\/informasjon\/spor-kulupleri\/yeni-spor-kulubu\/","url":"https:\/\/idrettsraadet.no\/tr\/informasjon\/spor-kulupleri\/yeni-spor-kulubu\/","name":"Yeni spor kul\u00fcb\u00fc - Idrettsr\u00e5det Stavanger","isPartOf":{"@id":"https:\/\/idrettsraadet.no\/bn\/#website"},"datePublished":"2020-02-24T09:01:52+00:00","breadcrumb":{"@id":"https:\/\/idrettsraadet.no\/tr\/informasjon\/spor-kulupleri\/yeni-spor-kulubu\/#breadcrumb"},"inLanguage":"tr","potentialAction":[{"@type":"ReadAction","target":["https:\/\/idrettsraadet.no\/tr\/informasjon\/spor-kulupleri\/yeni-spor-kulubu\/"]}]},{"@type":"BreadcrumbList","@id":"https:\/\/idrettsraadet.no\/tr\/informasjon\/spor-kulupleri\/yeni-spor-kulubu\/#breadcrumb","itemListElement":[{"@type":"ListItem","position":1,"name":"Hjem","item":"https:\/\/idrettsraadet.no\/tr\/"},{"@type":"ListItem","position":2,"name":"\u00d6zel: Bilgi","item":"https:\/\/idrettsraadet.no\/tr\/?page_id=12129"},{"@type":"ListItem","position":3,"name":"Spor kul\u00fcpleri","item":"https:\/\/idrettsraadet.no\/tr\/informasjon\/spor-kulupleri\/"},{"@type":"ListItem","position":4,"name":"Yeni spor kul\u00fcb\u00fc"}]},{"@type":"WebSite","@id":"https:\/\/idrettsraadet.no\/bn\/#website","url":"https:\/\/idrettsraadet.no\/bn\/","name":"Idrettsr\u00e5det Stavanger","description":"Idrett for alle.","publisher":{"@id":"https:\/\/idrettsraadet.no\/bn\/#organization"},"potentialAction":[{"@type":"SearchAction","target":{"@type":"EntryPoint","urlTemplate":"https:\/\/idrettsraadet.no\/bn\/?s={search_term_string}"},"query-input":{"@type":"PropertyValueSpecification","valueRequired":true,"valueName":"search_term_string"}}],"inLanguage":"tr"},{"@type":"Organization","@id":"https:\/\/idrettsraadet.no\/bn\/#organization","name":"Stavanger Idrettsr\u00e5d","url":"https:\/\/idrettsraadet.no\/bn\/","logo":{"@type":"ImageObject","inLanguage":"tr","@id":"https:\/\/idrettsraadet.no\/bn\/#\/schema\/logo\/image\/","url":"https:\/\/idrettsraadet.no\/wp-content\/uploads\/2016\/06\/logo.png","contentUrl":"https:\/\/idrettsraadet.no\/wp-content\/uploads\/2016\/06\/logo.png","width":149,"height":48,"caption":"Stavanger Idrettsr\u00e5d"},"image":{"@id":"https:\/\/idrettsraadet.no\/bn\/#\/schema\/logo\/image\/"}}]}},"_links":{"self":[{"href":"https:\/\/idrettsraadet.no\/tr\/wp-json\/wp\/v2\/pages\/12122","targetHints":{"allow":["GET"]}}],"collection":[{"href":"https:\/\/idrettsraadet.no\/tr\/wp-json\/wp\/v2\/pages"}],"about":[{"href":"https:\/\/idrettsraadet.no\/tr\/wp-json\/wp\/v2\/types\/page"}],"author":[{"embeddable":true,"href":"https:\/\/idrettsraadet.no\/tr\/wp-json\/wp\/v2\/users\/1"}],"replies":[{"embeddable":true,"href":"https:\/\/idrettsraadet.no\/tr\/wp-json\/wp\/v2\/comments?post=12122"}],"version-history":[{"count":0,"href":"https:\/\/idrettsraadet.no\/tr\/wp-json\/wp\/v2\/pages\/12122\/revisions"}],"up":[{"embeddable":true,"href":"https:\/\/idrettsraadet.no\/tr\/wp-json\/wp\/v2\/pages\/12120"}],"wp:attachment":[{"href":"https:\/\/idrettsraadet.no\/tr\/wp-json\/wp\/v2\/media?parent=12122"}],"curies":[{"name":"wp","href":"https:\/\/api.w.org\/{rel}","templated":true}]}}